{"id":22009,"date":"2025-04-10T15:01:30","date_gmt":"2025-04-10T12:01:30","guid":{"rendered":"https:\/\/www.athena-cbh.com\/faq\/"},"modified":"2025-07-14T15:43:23","modified_gmt":"2025-07-14T12:43:23","slug":"faq","status":"publish","type":"page","link":"https:\/\/www.athena-cbh.com\/pl\/faq\/","title":{"rendered":"Najcz\u0119\u015bciej zadawane pytania"},"content":{"rendered":"<p>Znajd\u0105 tu Pa\u0144stwo pomocne informacje, dzi\u0119ki kt\u00f3rym Pa\u0144stwa pobyt b\u0119dzie bardziej komfortowy, a planowanie \u0142atwiejsze. Je\u015bli potrzebuj\u0105 Pa\u0144stwo dodatkowej pomocy, prosimy o kontakt z naszym zespo\u0142em. <\/p>\n","protected":false},"excerpt":{"rendered":"<p>Znajd\u0105 tu Pa\u0144stwo pomocne informacje, dzi\u0119ki kt\u00f3rym Pa\u0144stwa pobyt b\u0119dzie bardziej komfortowy, a planowanie \u0142atwiejsze. Je\u015bli potrzebuj\u0105 Pa\u0144stwo dodatkowej pomocy, prosimy o kontakt z naszym zespo\u0142em.<\/p>\n","protected":false},"author":129,"featured_media":0,"parent":0,"menu_order":0,"comment_status":"closed","ping_status":"closed","template":"page-templates\/faq.php","meta":{"_acf_changed":false,"footnotes":""},"class_list":["post-22009","page","type-page","status-publish","hentry"],"acf":[],"yoast_head":"<!-- This site is optimized with the Yoast SEO plugin v27.4 - https:\/\/yoast.com\/product\/yoast-seo-wordpress\/ -->\n<title>Constantinou Bros Athena Beach Hotel - Najcz\u0119\u015bciej zadawane pytania<\/title>\n<meta name=\"description\" content=\"Prosz\u0119 znale\u017a\u0107 odpowiedzi na najcz\u0119\u015bciej zadawane pytania dotycz\u0105ce naszych us\u0142ug, proces\u00f3w i oczekiwa\u0144. Szybko i \u0142atwo uzyskaj\u0105 Pa\u0144stwo potrzebne informacje.\" \/>\n<meta name=\"robots\" content=\"index, follow, max-snippet:-1, max-image-preview:large, max-video-preview:-1\" \/>\n<link rel=\"canonical\" href=\"https:\/\/www.athena-cbh.com\/pl\/faq\/\" \/>\n<meta property=\"og:locale\" content=\"pl_PL\" \/>\n<meta property=\"og:type\" content=\"article\" \/>\n<meta property=\"og:title\" content=\"Constantinou Bros Athena Beach Hotel - Najcz\u0119\u015bciej zadawane pytania\" \/>\n<meta property=\"og:description\" content=\"Prosz\u0119 znale\u017a\u0107 odpowiedzi na najcz\u0119\u015bciej zadawane pytania dotycz\u0105ce naszych us\u0142ug, proces\u00f3w i oczekiwa\u0144. Szybko i \u0142atwo uzyskaj\u0105 Pa\u0144stwo potrzebne informacje.\" \/>\n<meta property=\"og:url\" content=\"https:\/\/www.athena-cbh.com\/pl\/faq\/\" \/>\n<meta property=\"og:site_name\" content=\"Athena Beach Hotel\" \/>\n<meta property=\"article:modified_time\" content=\"2025-07-14T12:43:23+00:00\" \/>\n<meta name=\"twitter:card\" content=\"summary_large_image\" \/>\n<meta name=\"twitter:label1\" content=\"Est. reading time\" \/>\n\t<meta name=\"twitter:data1\" content=\"1 minute\" \/>\n<script type=\"application\/ld+json\" class=\"yoast-schema-graph\">{\"@context\":\"https:\\\/\\\/schema.org\",\"@graph\":[{\"@type\":\"WebPage\",\"@id\":\"https:\\\/\\\/www.athena-cbh.com\\\/pl\\\/faq\\\/\",\"url\":\"https:\\\/\\\/www.athena-cbh.com\\\/pl\\\/faq\\\/\",\"name\":\"Constantinou Bros Athena Beach Hotel - Najcz\u0119\u015bciej zadawane pytania\",\"isPartOf\":{\"@id\":\"https:\\\/\\\/www.athena-cbh.com\\\/pl\\\/#website\"},\"datePublished\":\"2025-04-10T12:01:30+00:00\",\"dateModified\":\"2025-07-14T12:43:23+00:00\",\"description\":\"Prosz\u0119 znale\u017a\u0107 odpowiedzi na najcz\u0119\u015bciej zadawane pytania dotycz\u0105ce naszych us\u0142ug, proces\u00f3w i oczekiwa\u0144. Szybko i \u0142atwo uzyskaj\u0105 Pa\u0144stwo potrzebne informacje.\",\"breadcrumb\":{\"@id\":\"https:\\\/\\\/www.athena-cbh.com\\\/pl\\\/faq\\\/#breadcrumb\"},\"inLanguage\":\"pl-PL\",\"potentialAction\":[{\"@type\":\"ReadAction\",\"target\":[\"https:\\\/\\\/www.athena-cbh.com\\\/pl\\\/faq\\\/\"]}]},{\"@type\":\"BreadcrumbList\",\"@id\":\"https:\\\/\\\/www.athena-cbh.com\\\/pl\\\/faq\\\/#breadcrumb\",\"itemListElement\":[{\"@type\":\"ListItem\",\"position\":1,\"name\":\"Home\",\"item\":\"https:\\\/\\\/www.athena-cbh.com\\\/pl\\\/\"},{\"@type\":\"ListItem\",\"position\":2,\"name\":\"Najcz\u0119\u015bciej zadawane pytania\"}]},{\"@type\":\"WebSite\",\"@id\":\"https:\\\/\\\/www.athena-cbh.com\\\/pl\\\/#website\",\"url\":\"https:\\\/\\\/www.athena-cbh.com\\\/pl\\\/\",\"name\":\"Athena Beach Hotel\",\"description\":\"Constantinou Bros Athena Beach Hotel, 4 star hotel in Paphos Cyprus\",\"potentialAction\":[{\"@type\":\"SearchAction\",\"target\":{\"@type\":\"EntryPoint\",\"urlTemplate\":\"https:\\\/\\\/www.athena-cbh.com\\\/pl\\\/?s={search_term_string}\"},\"query-input\":{\"@type\":\"PropertyValueSpecification\",\"valueRequired\":true,\"valueName\":\"search_term_string\"}}],\"inLanguage\":\"pl-PL\"}]}<\/script>\n<!-- \/ Yoast SEO plugin. -->","yoast_head_json":{"title":"Constantinou Bros Athena Beach Hotel - Najcz\u0119\u015bciej zadawane pytania","description":"Prosz\u0119 znale\u017a\u0107 odpowiedzi na najcz\u0119\u015bciej zadawane pytania dotycz\u0105ce naszych us\u0142ug, proces\u00f3w i oczekiwa\u0144. Szybko i \u0142atwo uzyskaj\u0105 Pa\u0144stwo potrzebne informacje.","robots":{"index":"index","follow":"follow","max-snippet":"max-snippet:-1","max-image-preview":"max-image-preview:large","max-video-preview":"max-video-preview:-1"},"canonical":"https:\/\/www.athena-cbh.com\/pl\/faq\/","og_locale":"pl_PL","og_type":"article","og_title":"Constantinou Bros Athena Beach Hotel - Najcz\u0119\u015bciej zadawane pytania","og_description":"Prosz\u0119 znale\u017a\u0107 odpowiedzi na najcz\u0119\u015bciej zadawane pytania dotycz\u0105ce naszych us\u0142ug, proces\u00f3w i oczekiwa\u0144. Szybko i \u0142atwo uzyskaj\u0105 Pa\u0144stwo potrzebne informacje.","og_url":"https:\/\/www.athena-cbh.com\/pl\/faq\/","og_site_name":"Athena Beach Hotel","article_modified_time":"2025-07-14T12:43:23+00:00","twitter_card":"summary_large_image","twitter_misc":{"Est. reading time":"1 minute"},"schema":{"@context":"https:\/\/schema.org","@graph":[{"@type":"WebPage","@id":"https:\/\/www.athena-cbh.com\/pl\/faq\/","url":"https:\/\/www.athena-cbh.com\/pl\/faq\/","name":"Constantinou Bros Athena Beach Hotel - Najcz\u0119\u015bciej zadawane pytania","isPartOf":{"@id":"https:\/\/www.athena-cbh.com\/pl\/#website"},"datePublished":"2025-04-10T12:01:30+00:00","dateModified":"2025-07-14T12:43:23+00:00","description":"Prosz\u0119 znale\u017a\u0107 odpowiedzi na najcz\u0119\u015bciej zadawane pytania dotycz\u0105ce naszych us\u0142ug, proces\u00f3w i oczekiwa\u0144. Szybko i \u0142atwo uzyskaj\u0105 Pa\u0144stwo potrzebne informacje.","breadcrumb":{"@id":"https:\/\/www.athena-cbh.com\/pl\/faq\/#breadcrumb"},"inLanguage":"pl-PL","potentialAction":[{"@type":"ReadAction","target":["https:\/\/www.athena-cbh.com\/pl\/faq\/"]}]},{"@type":"BreadcrumbList","@id":"https:\/\/www.athena-cbh.com\/pl\/faq\/#breadcrumb","itemListElement":[{"@type":"ListItem","position":1,"name":"Home","item":"https:\/\/www.athena-cbh.com\/pl\/"},{"@type":"ListItem","position":2,"name":"Najcz\u0119\u015bciej zadawane pytania"}]},{"@type":"WebSite","@id":"https:\/\/www.athena-cbh.com\/pl\/#website","url":"https:\/\/www.athena-cbh.com\/pl\/","name":"Athena Beach Hotel","description":"Constantinou Bros Athena Beach Hotel, 4 star hotel in Paphos Cyprus","potentialAction":[{"@type":"SearchAction","target":{"@type":"EntryPoint","urlTemplate":"https:\/\/www.athena-cbh.com\/pl\/?s={search_term_string}"},"query-input":{"@type":"PropertyValueSpecification","valueRequired":true,"valueName":"search_term_string"}}],"inLanguage":"pl-PL"}]}},"_links":{"self":[{"href":"https:\/\/www.athena-cbh.com\/pl\/wp-json\/wp\/v2\/pages\/22009","targetHints":{"allow":["GET"]}}],"collection":[{"href":"https:\/\/www.athena-cbh.com\/pl\/wp-json\/wp\/v2\/pages"}],"about":[{"href":"https:\/\/www.athena-cbh.com\/pl\/wp-json\/wp\/v2\/types\/page"}],"author":[{"embeddable":true,"href":"https:\/\/www.athena-cbh.com\/pl\/wp-json\/wp\/v2\/users\/129"}],"replies":[{"embeddable":true,"href":"https:\/\/www.athena-cbh.com\/pl\/wp-json\/wp\/v2\/comments?post=22009"}],"version-history":[{"count":6,"href":"https:\/\/www.athena-cbh.com\/pl\/wp-json\/wp\/v2\/pages\/22009\/revisions"}],"predecessor-version":[{"id":22288,"href":"https:\/\/www.athena-cbh.com\/pl\/wp-json\/wp\/v2\/pages\/22009\/revisions\/22288"}],"wp:attachment":[{"href":"https:\/\/www.athena-cbh.com\/pl\/wp-json\/wp\/v2\/media?parent=22009"}],"curies":[{"name":"wp","href":"https:\/\/api.w.org\/{rel}","templated":true}]}}