{"id":21110,"date":"2024-12-02T19:05:39","date_gmt":"2024-12-02T16:05:39","guid":{"rendered":"https:\/\/www.athena-cbh.com\/?page_id=21110"},"modified":"2024-12-23T12:18:02","modified_gmt":"2024-12-23T09:18:02","slug":"wydarzenia-swiateczne","status":"publish","type":"page","link":"https:\/\/www.athena-cbh.com\/pl\/wydarzenia-swiateczne\/","title":{"rendered":"Wydarzenia \u015bwi\u0105teczne"},"content":{"rendered":"<p style=\"text-align: center;\">Constantinou Bros Athena Beach Hotel oferuje mo\u017cliwo\u015b\u0107<br \/>\ncieszy\u0107 si\u0119 \u015awi\u0119tami Bo\u017cego Narodzenia w inny spos\u00f3b na Cyprze dzi\u0119ki atrakcyjnemu i<br \/>\nwyj\u0105tkowym programem zaj\u0119\u0107, w kt\u00f3rych mo\u017ce wzi\u0105\u0107 udzia\u0142 ca\u0142a rodzina.<br \/>\nCiesz si\u0119 naszym wspania\u0142ym klimatem, sp\u0119dzaj\u0105c Bo\u017ce Narodzenie w s\u0142o\u0144cu,<br \/>\nzrelaksowa\u0107 si\u0119 w luksusowym hotelu w pi\u0119knym otoczeniu, rozkoszowa\u0107 si\u0119<br \/>\nw najlepszych cypryjskich potrawach i spraw, aby te \u015awi\u0119ta Bo\u017cego Narodzenia by\u0142y<br \/>\nna zawsze w pami\u0119ci.<\/p>\n<p style=\"text-align: center;\">Program hotelowy na ten wyj\u0105tkowy sezon \u015bwi\u0105teczny rozpoczyna si\u0119<br \/>\n22 grudnia 2024 r. i potrwa do 1 stycznia 2025 r.<br \/>\n2025. Opr\u00f3cz korzystania ze zwyk\u0142ych us\u0142ug, kt\u00f3re definiuj\u0105 hotel jako<br \/>\nwyj\u0105tkowy w Pafos, program wype\u0142ni Ci\u0119 \u015bwi\u0105tecznym duchem, kt\u00f3ry<br \/>\ni zapewni, \u017ce te \u015awi\u0119ta Bo\u017cego Narodzenia i Nowy Rok b\u0119d\u0105 niezapomniane.<br \/>\nNowy Rok b\u0119dzie niezapomniany.<\/p>\n<p style=\"text-align: center;\">Mamy nadziej\u0119, \u017ce ten program sprawi, \u017ce we\u017amiesz udzia\u0142 i b\u0119dziesz cieszy\u0107 si\u0119 bardzo<br \/>\nwyj\u0105tkowym okresem \u015bwi\u0105tecznym w hotelu Constantinou Bros<br \/>\nAthena Beach Hotel.<\/p>\n","protected":false},"excerpt":{"rendered":"<p>Constantinou Bros Athena Beach Hotel oferuje mo\u017cliwo\u015b\u0107 cieszy\u0107 si\u0119 \u015awi\u0119tami Bo\u017cego Narodzenia w inny spos\u00f3b na Cyprze dzi\u0119ki atrakcyjnemu i wyj\u0105tkowym programem zaj\u0119\u0107, w kt\u00f3rych mo\u017ce wzi\u0105\u0107 udzia\u0142 ca\u0142a rodzina. Ciesz si\u0119 naszym wspania\u0142ym klimatem, sp\u0119dzaj\u0105c Bo\u017ce Narodzenie w s\u0142o\u0144cu, zrelaksowa\u0107 si\u0119 w luksusowym hotelu w pi\u0119knym otoczeniu, rozkoszowa\u0107 si\u0119 w najlepszych cypryjskich potrawach i<\/p>\n","protected":false},"author":758,"featured_media":21025,"parent":0,"menu_order":0,"comment_status":"closed","ping_status":"closed","template":"page-templates\/christmas-events.php","meta":{"_acf_changed":false,"footnotes":""},"class_list":["post-21110","page","type-page","status-publish","has-post-thumbnail","hentry"],"acf":[],"yoast_head":"<!-- This site is optimized with the Yoast SEO plugin v27.4 - https:\/\/yoast.com\/product\/yoast-seo-wordpress\/ -->\n<title>Wydarzenia \u015bwi\u0105teczne - Athena Beach Hotel<\/title>\n<meta name=\"robots\" content=\"index, follow, max-snippet:-1, max-image-preview:large, max-video-preview:-1\" \/>\n<link rel=\"canonical\" href=\"https:\/\/www.athena-cbh.com\/pl\/wydarzenia-swiateczne\/\" \/>\n<meta property=\"og:locale\" content=\"pl_PL\" \/>\n<meta property=\"og:type\" content=\"article\" \/>\n<meta property=\"og:title\" content=\"Wydarzenia \u015bwi\u0105teczne - Athena Beach Hotel\" \/>\n<meta property=\"og:description\" content=\"Constantinou Bros Athena Beach Hotel oferuje mo\u017cliwo\u015b\u0107 cieszy\u0107 si\u0119 \u015awi\u0119tami Bo\u017cego Narodzenia w inny spos\u00f3b na Cyprze dzi\u0119ki atrakcyjnemu i wyj\u0105tkowym programem zaj\u0119\u0107, w kt\u00f3rych mo\u017ce wzi\u0105\u0107 udzia\u0142 ca\u0142a rodzina. Ciesz si\u0119 naszym wspania\u0142ym klimatem, sp\u0119dzaj\u0105c Bo\u017ce Narodzenie w s\u0142o\u0144cu, zrelaksowa\u0107 si\u0119 w luksusowym hotelu w pi\u0119knym otoczeniu, rozkoszowa\u0107 si\u0119 w najlepszych cypryjskich potrawach i\" \/>\n<meta property=\"og:url\" content=\"https:\/\/www.athena-cbh.com\/pl\/wydarzenia-swiateczne\/\" \/>\n<meta property=\"og:site_name\" content=\"Athena Beach Hotel\" \/>\n<meta property=\"article:modified_time\" content=\"2024-12-23T09:18:02+00:00\" \/>\n<meta property=\"og:image\" content=\"https:\/\/www.athena-cbh.com\/app\/uploads\/sites\/20\/2024\/12\/christmas-events.jpg\" \/>\n\t<meta property=\"og:image:width\" content=\"1902\" \/>\n\t<meta property=\"og:image:height\" content=\"782\" \/>\n\t<meta property=\"og:image:type\" content=\"image\/jpeg\" \/>\n<meta name=\"twitter:card\" content=\"summary_large_image\" \/>\n<meta name=\"twitter:label1\" content=\"Est. reading time\" \/>\n\t<meta name=\"twitter:data1\" content=\"1 minute\" \/>\n<script type=\"application\/ld+json\" class=\"yoast-schema-graph\">{\"@context\":\"https:\\\/\\\/schema.org\",\"@graph\":[{\"@type\":\"WebPage\",\"@id\":\"https:\\\/\\\/www.athena-cbh.com\\\/pl\\\/wydarzenia-swiateczne\\\/\",\"url\":\"https:\\\/\\\/www.athena-cbh.com\\\/pl\\\/wydarzenia-swiateczne\\\/\",\"name\":\"Wydarzenia \u015bwi\u0105teczne - Athena Beach Hotel\",\"isPartOf\":{\"@id\":\"https:\\\/\\\/www.athena-cbh.com\\\/pl\\\/#website\"},\"primaryImageOfPage\":{\"@id\":\"https:\\\/\\\/www.athena-cbh.com\\\/pl\\\/wydarzenia-swiateczne\\\/#primaryimage\"},\"image\":{\"@id\":\"https:\\\/\\\/www.athena-cbh.com\\\/pl\\\/wydarzenia-swiateczne\\\/#primaryimage\"},\"thumbnailUrl\":\"https:\\\/\\\/www.athena-cbh.com\\\/app\\\/uploads\\\/sites\\\/20\\\/2024\\\/12\\\/christmas-events.jpg\",\"datePublished\":\"2024-12-02T16:05:39+00:00\",\"dateModified\":\"2024-12-23T09:18:02+00:00\",\"breadcrumb\":{\"@id\":\"https:\\\/\\\/www.athena-cbh.com\\\/pl\\\/wydarzenia-swiateczne\\\/#breadcrumb\"},\"inLanguage\":\"pl-PL\",\"potentialAction\":[{\"@type\":\"ReadAction\",\"target\":[\"https:\\\/\\\/www.athena-cbh.com\\\/pl\\\/wydarzenia-swiateczne\\\/\"]}]},{\"@type\":\"ImageObject\",\"inLanguage\":\"pl-PL\",\"@id\":\"https:\\\/\\\/www.athena-cbh.com\\\/pl\\\/wydarzenia-swiateczne\\\/#primaryimage\",\"url\":\"https:\\\/\\\/www.athena-cbh.com\\\/app\\\/uploads\\\/sites\\\/20\\\/2024\\\/12\\\/christmas-events.jpg\",\"contentUrl\":\"https:\\\/\\\/www.athena-cbh.com\\\/app\\\/uploads\\\/sites\\\/20\\\/2024\\\/12\\\/christmas-events.jpg\",\"width\":1902,\"height\":782},{\"@type\":\"BreadcrumbList\",\"@id\":\"https:\\\/\\\/www.athena-cbh.com\\\/pl\\\/wydarzenia-swiateczne\\\/#breadcrumb\",\"itemListElement\":[{\"@type\":\"ListItem\",\"position\":1,\"name\":\"Home\",\"item\":\"https:\\\/\\\/www.athena-cbh.com\\\/pl\\\/\"},{\"@type\":\"ListItem\",\"position\":2,\"name\":\"Wydarzenia \u015bwi\u0105teczne\"}]},{\"@type\":\"WebSite\",\"@id\":\"https:\\\/\\\/www.athena-cbh.com\\\/pl\\\/#website\",\"url\":\"https:\\\/\\\/www.athena-cbh.com\\\/pl\\\/\",\"name\":\"Athena Beach Hotel\",\"description\":\"Constantinou Bros Athena Beach Hotel, 4 star hotel in Paphos Cyprus\",\"potentialAction\":[{\"@type\":\"SearchAction\",\"target\":{\"@type\":\"EntryPoint\",\"urlTemplate\":\"https:\\\/\\\/www.athena-cbh.com\\\/pl\\\/?s={search_term_string}\"},\"query-input\":{\"@type\":\"PropertyValueSpecification\",\"valueRequired\":true,\"valueName\":\"search_term_string\"}}],\"inLanguage\":\"pl-PL\"}]}<\/script>\n<!-- \/ Yoast SEO plugin. -->","yoast_head_json":{"title":"Wydarzenia \u015bwi\u0105teczne - Athena Beach Hotel","robots":{"index":"index","follow":"follow","max-snippet":"max-snippet:-1","max-image-preview":"max-image-preview:large","max-video-preview":"max-video-preview:-1"},"canonical":"https:\/\/www.athena-cbh.com\/pl\/wydarzenia-swiateczne\/","og_locale":"pl_PL","og_type":"article","og_title":"Wydarzenia \u015bwi\u0105teczne - Athena Beach Hotel","og_description":"Constantinou Bros Athena Beach Hotel oferuje mo\u017cliwo\u015b\u0107 cieszy\u0107 si\u0119 \u015awi\u0119tami Bo\u017cego Narodzenia w inny spos\u00f3b na Cyprze dzi\u0119ki atrakcyjnemu i wyj\u0105tkowym programem zaj\u0119\u0107, w kt\u00f3rych mo\u017ce wzi\u0105\u0107 udzia\u0142 ca\u0142a rodzina. Ciesz si\u0119 naszym wspania\u0142ym klimatem, sp\u0119dzaj\u0105c Bo\u017ce Narodzenie w s\u0142o\u0144cu, zrelaksowa\u0107 si\u0119 w luksusowym hotelu w pi\u0119knym otoczeniu, rozkoszowa\u0107 si\u0119 w najlepszych cypryjskich potrawach i","og_url":"https:\/\/www.athena-cbh.com\/pl\/wydarzenia-swiateczne\/","og_site_name":"Athena Beach Hotel","article_modified_time":"2024-12-23T09:18:02+00:00","og_image":[{"width":1902,"height":782,"url":"https:\/\/www.athena-cbh.com\/app\/uploads\/sites\/20\/2024\/12\/christmas-events.jpg","type":"image\/jpeg"}],"twitter_card":"summary_large_image","twitter_misc":{"Est. reading time":"1 minute"},"schema":{"@context":"https:\/\/schema.org","@graph":[{"@type":"WebPage","@id":"https:\/\/www.athena-cbh.com\/pl\/wydarzenia-swiateczne\/","url":"https:\/\/www.athena-cbh.com\/pl\/wydarzenia-swiateczne\/","name":"Wydarzenia \u015bwi\u0105teczne - Athena Beach Hotel","isPartOf":{"@id":"https:\/\/www.athena-cbh.com\/pl\/#website"},"primaryImageOfPage":{"@id":"https:\/\/www.athena-cbh.com\/pl\/wydarzenia-swiateczne\/#primaryimage"},"image":{"@id":"https:\/\/www.athena-cbh.com\/pl\/wydarzenia-swiateczne\/#primaryimage"},"thumbnailUrl":"https:\/\/www.athena-cbh.com\/app\/uploads\/sites\/20\/2024\/12\/christmas-events.jpg","datePublished":"2024-12-02T16:05:39+00:00","dateModified":"2024-12-23T09:18:02+00:00","breadcrumb":{"@id":"https:\/\/www.athena-cbh.com\/pl\/wydarzenia-swiateczne\/#breadcrumb"},"inLanguage":"pl-PL","potentialAction":[{"@type":"ReadAction","target":["https:\/\/www.athena-cbh.com\/pl\/wydarzenia-swiateczne\/"]}]},{"@type":"ImageObject","inLanguage":"pl-PL","@id":"https:\/\/www.athena-cbh.com\/pl\/wydarzenia-swiateczne\/#primaryimage","url":"https:\/\/www.athena-cbh.com\/app\/uploads\/sites\/20\/2024\/12\/christmas-events.jpg","contentUrl":"https:\/\/www.athena-cbh.com\/app\/uploads\/sites\/20\/2024\/12\/christmas-events.jpg","width":1902,"height":782},{"@type":"BreadcrumbList","@id":"https:\/\/www.athena-cbh.com\/pl\/wydarzenia-swiateczne\/#breadcrumb","itemListElement":[{"@type":"ListItem","position":1,"name":"Home","item":"https:\/\/www.athena-cbh.com\/pl\/"},{"@type":"ListItem","position":2,"name":"Wydarzenia \u015bwi\u0105teczne"}]},{"@type":"WebSite","@id":"https:\/\/www.athena-cbh.com\/pl\/#website","url":"https:\/\/www.athena-cbh.com\/pl\/","name":"Athena Beach Hotel","description":"Constantinou Bros Athena Beach Hotel, 4 star hotel in Paphos Cyprus","potentialAction":[{"@type":"SearchAction","target":{"@type":"EntryPoint","urlTemplate":"https:\/\/www.athena-cbh.com\/pl\/?s={search_term_string}"},"query-input":{"@type":"PropertyValueSpecification","valueRequired":true,"valueName":"search_term_string"}}],"inLanguage":"pl-PL"}]}},"_links":{"self":[{"href":"https:\/\/www.athena-cbh.com\/pl\/wp-json\/wp\/v2\/pages\/21110","targetHints":{"allow":["GET"]}}],"collection":[{"href":"https:\/\/www.athena-cbh.com\/pl\/wp-json\/wp\/v2\/pages"}],"about":[{"href":"https:\/\/www.athena-cbh.com\/pl\/wp-json\/wp\/v2\/types\/page"}],"author":[{"embeddable":true,"href":"https:\/\/www.athena-cbh.com\/pl\/wp-json\/wp\/v2\/users\/758"}],"replies":[{"embeddable":true,"href":"https:\/\/www.athena-cbh.com\/pl\/wp-json\/wp\/v2\/comments?post=21110"}],"version-history":[{"count":4,"href":"https:\/\/www.athena-cbh.com\/pl\/wp-json\/wp\/v2\/pages\/21110\/revisions"}],"predecessor-version":[{"id":21566,"href":"https:\/\/www.athena-cbh.com\/pl\/wp-json\/wp\/v2\/pages\/21110\/revisions\/21566"}],"wp:featuredmedia":[{"embeddable":true,"href":"https:\/\/www.athena-cbh.com\/pl\/wp-json\/wp\/v2\/media\/21025"}],"wp:attachment":[{"href":"https:\/\/www.athena-cbh.com\/pl\/wp-json\/wp\/v2\/media?parent=21110"}],"curies":[{"name":"wp","href":"https:\/\/api.w.org\/{rel}","templated":true}]}}