{"id":19018,"date":"2024-07-22T17:25:56","date_gmt":"2024-07-22T14:25:56","guid":{"rendered":"https:\/\/www.athena-cbh.com\/hotel\/"},"modified":"2026-02-10T16:42:10","modified_gmt":"2026-02-10T13:42:10","slug":"hotel","status":"publish","type":"page","link":"https:\/\/www.athena-cbh.com\/pl\/hotel\/","title":{"rendered":"Hotel"},"content":{"rendered":"<p>Hotel Athena Beach, kt\u00f3ry zosta\u0142 hojnie odnowiony i wzbogacony o jeszcze wi\u0119cej udogodnie\u0144, z dum\u0105 oferuje go\u015bciom doskona\u0142y standard us\u0142ug i komfortu, odpowiadaj\u0105cy luksusowemu hotelowi 5-gwiazdkowemu.<\/p>\n<p>Hotel po\u0142o\u017cony jest bezpo\u015brednio przy pla\u017cy w Kato Paphos, w odleg\u0142o\u015bci przyjemnego spaceru od malowniczego portu, stanowisk archeologicznych, sklep\u00f3w i klub\u00f3w nocnych. Tu\u017c obok hotelu znajduje si\u0119 przystanek autobusowy, a taks\u00f3wki s\u0105 zawsze dost\u0119pne. Go\u015bcie mog\u0105 bezp\u0142atnie parkowa\u0107 na hotelowym parkingu. O\u015brodek jest dogodnie po\u0142o\u017cony w niewielkiej odleg\u0142o\u015bci od dw\u00f3ch mi\u0119dzynarodowych lotnisk na wyspie, zaledwie 15 km od Pafos i 140 km od Larnaki. Dodatkow\u0105 atrakcj\u0105 dla mi\u0142o\u015bnik\u00f3w golfa jest \u0142atwy dojazd samochodem do czterech doskona\u0142ych p\u00f3l golfowych.    <\/p>\n<p>Ka\u017cdy z pokoi i apartament\u00f3w posiada przestronny balkon z widokiem na spokojne Morze \u015ar\u00f3dziemne lub nasze kolorowe ogrody; je\u015bli chodzi o udogodnienia, obejmuj\u0105 one mi\u0119dzy innymi luksusowe \u0142\u00f3\u017cka, bezp\u0142atne WiFi we wszystkich pokojach i pomieszczeniach og\u00f3lnodost\u0119pnych oraz bezp\u0142atny sejf, telewizj\u0119 satelitarn\u0105, szlafroki i kapcie, zestaw do parzenia kawy i herbaty, ekspres do kawy espresso, wod\u0119 mineraln\u0105 (w dniu przyjazdu), zapewniaj\u0105c naszym go\u015bciom komfortowy i relaksuj\u0105cy pobyt.<\/p>\n<p>Nasze rodzinne pokoje \u0142\u0105czone to doskona\u0142a opcja dla wi\u0119kszych rodzin lub przyjaci\u00f3\u0142, kt\u00f3rzy chc\u0105 sp\u0119dzi\u0107 razem czas. Nasze pokoje Superior Swim-Up s\u0105 doskona\u0142ym wyborem, aby Pa\u0144stwa wakacje by\u0142y wyj\u0105tkowe; te luksusowe pokoje maj\u0105 dodatkow\u0105 zalet\u0119 bezpo\u015bredniego dost\u0119pu do wsp\u00f3lnego basenu (4m x 27m) z prywatnej werandy z le\u017cakami, oferuj\u0105c doskona\u0142y relaks przez ca\u0142y dzie\u0144. <\/p>\n<p>Hotel oferuje ekskluzywn\u0105 stref\u0119 przeznaczon\u0105 dla doros\u0142ych (powy\u017cej 16 roku \u017cycia), sk\u0142adaj\u0105c\u0105 si\u0119 z oddzielnego basenu, miejsca do opalania i baru &#8220;Adult Pool Bar&#8221;. Nowo\u015bci\u0105 w hotelu jest St. Andrew&#8217;s Rooftop Bar (wy\u0142\u0105cznie dla go\u015bci Elite Class &#8211; tylko doro\u015bli powy\u017cej 16 lat) z zapieraj\u0105cym dech w piersiach widokiem na morze, idealne miejsce na relaks, ogl\u0105danie zachodu s\u0142o\u0144ca przy drinku. <\/p>\n<p>Zaplecze rekreacyjne obejmuje 4 zewn\u0119trzne baseny ze s\u0142odk\u0105 wod\u0105 (jeden z nich jest przeznaczony dla doros\u0142ych) i 2 brodziki, kryty basen (podgrzewany od listopada do kwietnia), wewn\u0119trzne i zewn\u0119trzne jacuzzi. Ponadto Oasis Splash zosta\u0142 stworzony z my\u015bl\u0105 o interaktywnej i bezpiecznej zabawie dla dzieci w ka\u017cdym wieku; opr\u00f3cz istniej\u0105cej zje\u017cd\u017calni wodnej o d\u0142ugo\u015bci 25 m, oferuje dodatkow\u0105, now\u0105 zje\u017cd\u017calni\u0119 wodn\u0105 o d\u0142ugo\u015bci 42 m z oddzielnymi basenami do l\u0105dowania i poblisk\u0105 kolorow\u0105 brodzikiem z zabawkami w sprayu, gwarantuj\u0105c niesko\u0144czon\u0105 zabaw\u0119 dla naszych m\u0142odszych go\u015bci. O\u015bwietlony kort tenisowy, 6-torowy kryty i 24-torowy odkryty Bowls Green, plac zabaw dla dzieci i klub dla dzieci w okresie letnim ze zorganizowanymi zaj\u0119ciami zwi\u0119kszaj\u0105 r\u00f3\u017cnorodno\u015b\u0107 udogodnie\u0144, dzi\u0119ki czemu hotel jest idealnym miejscem zar\u00f3wno dla par, jak i rodzin.  <\/p>\n<p>Hotel zaspokoi wszystkie gusta, oferuj\u0105c mo\u017cliwo\u015b\u0107 zjedzenia posi\u0142ku w jednej z 5 restauracji oferuj\u0105cych r\u00f3\u017cnorodne dania kuchni od \u015br\u00f3dziemnomorskiej po w\u0142osk\u0105, od pi\u0119knie przygotowanego bufetu, przez posi\u0142ki a la carte na \u015bwie\u017cym powietrzu, po wieczory tematyczne BBQ organizowane w miesi\u0105cach letnich. Pozwol\u0105 Pa\u0144stwo delektowa\u0107 si\u0119 pysznymi daniami i winem z widokiem na Morze \u015ar\u00f3dziemne. <\/p>\n<p>Hotelowe spa Elixir jest doskona\u0142ym miejscem na relaksuj\u0105cy wypoczynek. Oferuje ono basen z podgrzewan\u0105 wod\u0105, 2 sauny, 2 \u0142a\u017anie parowe, w pe\u0142ni wyposa\u017con\u0105 si\u0142owni\u0119 i salon fryzjerski. Mog\u0105 tu Pa\u0144stwo skorzysta\u0107 z kusz\u0105cej oferty profesjonalnych masa\u017cy, aromaterapii i zabieg\u00f3w na cia\u0142o, kt\u00f3re ukoj\u0105 i odm\u0142odz\u0105.  <\/p>\n<p>Nieustannie d\u0105\u017cymy do tego, aby Pa\u0144stwa pobyt u nas by\u0142 bardzo przyjemny, pomagaj\u0105c usun\u0105\u0107 zm\u0119czenie i promuj\u0105c odm\u0142odzenie cia\u0142a, umys\u0142u i ducha, tak aby po powrocie do domu, wypocz\u0119ci i zrelaksowani, cho\u0107 b\u0119d\u0105 Pa\u0144stwo t\u0119skni\u0107 za s\u0142o\u0144cem, morzem, \u015br\u00f3dziemnomorsk\u0105 diet\u0105 i cypryjskim winem, byli Pa\u0144stwo gotowi stawi\u0107 czo\u0142a ka\u017cdemu wyzwaniu!<\/p>\n","protected":false},"excerpt":{"rendered":"<p>Hotel Athena Beach, kt\u00f3ry zosta\u0142 hojnie odnowiony i wzbogacony o jeszcze wi\u0119cej udogodnie\u0144, z dum\u0105 oferuje go\u015bciom doskona\u0142y standard us\u0142ug i komfortu, odpowiadaj\u0105cy luksusowemu hotelowi 5-gwiazdkowemu. Hotel po\u0142o\u017cony jest bezpo\u015brednio przy pla\u017cy w Kato Paphos, w odleg\u0142o\u015bci przyjemnego spaceru od malowniczego portu, stanowisk archeologicznych, sklep\u00f3w i klub\u00f3w nocnych. Tu\u017c obok hotelu znajduje si\u0119 przystanek autobusowy,<\/p>\n","protected":false},"author":2,"featured_media":19043,"parent":0,"menu_order":0,"comment_status":"closed","ping_status":"closed","template":"page-templates\/simple-list.php","meta":{"_acf_changed":false,"footnotes":""},"class_list":["post-19018","page","type-page","status-publish","has-post-thumbnail","hentry"],"acf":[],"yoast_head":"<!-- This site is optimized with the Yoast SEO plugin v27.5 - https:\/\/yoast.com\/product\/yoast-seo-wordpress\/ -->\n<title>Najlepszy hotel przy pla\u017cy w Pafos dla rodzin || Athena Beach Hotel<\/title>\n<meta name=\"description\" content=\"Athena Beach by Constantinou Bros Hotels to czterogwiazdkowy hotel przy pla\u017cy w Pafos, kt\u00f3ry zaprasza rodziny i pary w fantastycznej okolicy, blisko miasta.\" \/>\n<meta name=\"robots\" content=\"index, follow, max-snippet:-1, max-image-preview:large, max-video-preview:-1\" \/>\n<link rel=\"canonical\" href=\"https:\/\/www.athena-cbh.com\/pl\/hotel\/\" \/>\n<meta property=\"og:locale\" content=\"pl_PL\" \/>\n<meta property=\"og:type\" content=\"article\" \/>\n<meta property=\"og:title\" content=\"Najlepszy hotel przy pla\u017cy w Pafos dla rodzin || Athena Beach Hotel\" \/>\n<meta property=\"og:description\" content=\"Athena Beach by Constantinou Bros Hotels to czterogwiazdkowy hotel przy pla\u017cy w Pafos, kt\u00f3ry zaprasza rodziny i pary w fantastycznej okolicy, blisko miasta.\" \/>\n<meta property=\"og:url\" content=\"https:\/\/www.athena-cbh.com\/pl\/hotel\/\" \/>\n<meta property=\"og:site_name\" content=\"Athena Beach Hotel\" \/>\n<meta property=\"article:modified_time\" content=\"2026-02-10T13:42:10+00:00\" \/>\n<meta property=\"og:image\" content=\"https:\/\/www.athena-cbh.com\/app\/uploads\/sites\/20\/2021\/07\/1-ATHENA-BEACH-HOTEL-1.jpg\" \/>\n\t<meta property=\"og:image:width\" content=\"1920\" \/>\n\t<meta property=\"og:image:height\" content=\"1277\" \/>\n\t<meta property=\"og:image:type\" content=\"image\/jpeg\" \/>\n<meta name=\"twitter:card\" content=\"summary_large_image\" \/>\n<meta name=\"twitter:label1\" content=\"Est. reading time\" \/>\n\t<meta name=\"twitter:data1\" content=\"4 minutes\" \/>\n<script type=\"application\/ld+json\" class=\"yoast-schema-graph\">{\"@context\":\"https:\\\/\\\/schema.org\",\"@graph\":[{\"@type\":\"WebPage\",\"@id\":\"https:\\\/\\\/www.athena-cbh.com\\\/pl\\\/hotel\\\/\",\"url\":\"https:\\\/\\\/www.athena-cbh.com\\\/pl\\\/hotel\\\/\",\"name\":\"Najlepszy hotel przy pla\u017cy w Pafos dla rodzin || Athena Beach Hotel\",\"isPartOf\":{\"@id\":\"https:\\\/\\\/www.athena-cbh.com\\\/pl\\\/#website\"},\"primaryImageOfPage\":{\"@id\":\"https:\\\/\\\/www.athena-cbh.com\\\/pl\\\/hotel\\\/#primaryimage\"},\"image\":{\"@id\":\"https:\\\/\\\/www.athena-cbh.com\\\/pl\\\/hotel\\\/#primaryimage\"},\"thumbnailUrl\":\"https:\\\/\\\/www.athena-cbh.com\\\/app\\\/uploads\\\/sites\\\/20\\\/2021\\\/07\\\/1-ATHENA-BEACH-HOTEL-1.jpg\",\"datePublished\":\"2024-07-22T14:25:56+00:00\",\"dateModified\":\"2026-02-10T13:42:10+00:00\",\"description\":\"Athena Beach by Constantinou Bros Hotels to czterogwiazdkowy hotel przy pla\u017cy w Pafos, kt\u00f3ry zaprasza rodziny i pary w fantastycznej okolicy, blisko miasta.\",\"breadcrumb\":{\"@id\":\"https:\\\/\\\/www.athena-cbh.com\\\/pl\\\/hotel\\\/#breadcrumb\"},\"inLanguage\":\"pl-PL\",\"potentialAction\":[{\"@type\":\"ReadAction\",\"target\":[\"https:\\\/\\\/www.athena-cbh.com\\\/pl\\\/hotel\\\/\"]}]},{\"@type\":\"ImageObject\",\"inLanguage\":\"pl-PL\",\"@id\":\"https:\\\/\\\/www.athena-cbh.com\\\/pl\\\/hotel\\\/#primaryimage\",\"url\":\"https:\\\/\\\/www.athena-cbh.com\\\/app\\\/uploads\\\/sites\\\/20\\\/2021\\\/07\\\/1-ATHENA-BEACH-HOTEL-1.jpg\",\"contentUrl\":\"https:\\\/\\\/www.athena-cbh.com\\\/app\\\/uploads\\\/sites\\\/20\\\/2021\\\/07\\\/1-ATHENA-BEACH-HOTEL-1.jpg\",\"width\":1920,\"height\":1277},{\"@type\":\"BreadcrumbList\",\"@id\":\"https:\\\/\\\/www.athena-cbh.com\\\/pl\\\/hotel\\\/#breadcrumb\",\"itemListElement\":[{\"@type\":\"ListItem\",\"position\":1,\"name\":\"Home\",\"item\":\"https:\\\/\\\/www.athena-cbh.com\\\/pl\\\/\"},{\"@type\":\"ListItem\",\"position\":2,\"name\":\"Hotel\"}]},{\"@type\":\"WebSite\",\"@id\":\"https:\\\/\\\/www.athena-cbh.com\\\/pl\\\/#website\",\"url\":\"https:\\\/\\\/www.athena-cbh.com\\\/pl\\\/\",\"name\":\"Athena Beach Hotel\",\"description\":\"Constantinou Bros Athena Beach Hotel, 4 star hotel in Paphos Cyprus\",\"potentialAction\":[{\"@type\":\"SearchAction\",\"target\":{\"@type\":\"EntryPoint\",\"urlTemplate\":\"https:\\\/\\\/www.athena-cbh.com\\\/pl\\\/?s={search_term_string}\"},\"query-input\":{\"@type\":\"PropertyValueSpecification\",\"valueRequired\":true,\"valueName\":\"search_term_string\"}}],\"inLanguage\":\"pl-PL\"}]}<\/script>\n<!-- \/ Yoast SEO plugin. -->","yoast_head_json":{"title":"Najlepszy hotel przy pla\u017cy w Pafos dla rodzin || Athena Beach Hotel","description":"Athena Beach by Constantinou Bros Hotels to czterogwiazdkowy hotel przy pla\u017cy w Pafos, kt\u00f3ry zaprasza rodziny i pary w fantastycznej okolicy, blisko miasta.","robots":{"index":"index","follow":"follow","max-snippet":"max-snippet:-1","max-image-preview":"max-image-preview:large","max-video-preview":"max-video-preview:-1"},"canonical":"https:\/\/www.athena-cbh.com\/pl\/hotel\/","og_locale":"pl_PL","og_type":"article","og_title":"Najlepszy hotel przy pla\u017cy w Pafos dla rodzin || Athena Beach Hotel","og_description":"Athena Beach by Constantinou Bros Hotels to czterogwiazdkowy hotel przy pla\u017cy w Pafos, kt\u00f3ry zaprasza rodziny i pary w fantastycznej okolicy, blisko miasta.","og_url":"https:\/\/www.athena-cbh.com\/pl\/hotel\/","og_site_name":"Athena Beach Hotel","article_modified_time":"2026-02-10T13:42:10+00:00","og_image":[{"width":1920,"height":1277,"url":"https:\/\/www.athena-cbh.com\/app\/uploads\/sites\/20\/2021\/07\/1-ATHENA-BEACH-HOTEL-1.jpg","type":"image\/jpeg"}],"twitter_card":"summary_large_image","twitter_misc":{"Est. reading time":"4 minutes"},"schema":{"@context":"https:\/\/schema.org","@graph":[{"@type":"WebPage","@id":"https:\/\/www.athena-cbh.com\/pl\/hotel\/","url":"https:\/\/www.athena-cbh.com\/pl\/hotel\/","name":"Najlepszy hotel przy pla\u017cy w Pafos dla rodzin || Athena Beach Hotel","isPartOf":{"@id":"https:\/\/www.athena-cbh.com\/pl\/#website"},"primaryImageOfPage":{"@id":"https:\/\/www.athena-cbh.com\/pl\/hotel\/#primaryimage"},"image":{"@id":"https:\/\/www.athena-cbh.com\/pl\/hotel\/#primaryimage"},"thumbnailUrl":"https:\/\/www.athena-cbh.com\/app\/uploads\/sites\/20\/2021\/07\/1-ATHENA-BEACH-HOTEL-1.jpg","datePublished":"2024-07-22T14:25:56+00:00","dateModified":"2026-02-10T13:42:10+00:00","description":"Athena Beach by Constantinou Bros Hotels to czterogwiazdkowy hotel przy pla\u017cy w Pafos, kt\u00f3ry zaprasza rodziny i pary w fantastycznej okolicy, blisko miasta.","breadcrumb":{"@id":"https:\/\/www.athena-cbh.com\/pl\/hotel\/#breadcrumb"},"inLanguage":"pl-PL","potentialAction":[{"@type":"ReadAction","target":["https:\/\/www.athena-cbh.com\/pl\/hotel\/"]}]},{"@type":"ImageObject","inLanguage":"pl-PL","@id":"https:\/\/www.athena-cbh.com\/pl\/hotel\/#primaryimage","url":"https:\/\/www.athena-cbh.com\/app\/uploads\/sites\/20\/2021\/07\/1-ATHENA-BEACH-HOTEL-1.jpg","contentUrl":"https:\/\/www.athena-cbh.com\/app\/uploads\/sites\/20\/2021\/07\/1-ATHENA-BEACH-HOTEL-1.jpg","width":1920,"height":1277},{"@type":"BreadcrumbList","@id":"https:\/\/www.athena-cbh.com\/pl\/hotel\/#breadcrumb","itemListElement":[{"@type":"ListItem","position":1,"name":"Home","item":"https:\/\/www.athena-cbh.com\/pl\/"},{"@type":"ListItem","position":2,"name":"Hotel"}]},{"@type":"WebSite","@id":"https:\/\/www.athena-cbh.com\/pl\/#website","url":"https:\/\/www.athena-cbh.com\/pl\/","name":"Athena Beach Hotel","description":"Constantinou Bros Athena Beach Hotel, 4 star hotel in Paphos Cyprus","potentialAction":[{"@type":"SearchAction","target":{"@type":"EntryPoint","urlTemplate":"https:\/\/www.athena-cbh.com\/pl\/?s={search_term_string}"},"query-input":{"@type":"PropertyValueSpecification","valueRequired":true,"valueName":"search_term_string"}}],"inLanguage":"pl-PL"}]}},"_links":{"self":[{"href":"https:\/\/www.athena-cbh.com\/pl\/wp-json\/wp\/v2\/pages\/19018","targetHints":{"allow":["GET"]}}],"collection":[{"href":"https:\/\/www.athena-cbh.com\/pl\/wp-json\/wp\/v2\/pages"}],"about":[{"href":"https:\/\/www.athena-cbh.com\/pl\/wp-json\/wp\/v2\/types\/page"}],"author":[{"embeddable":true,"href":"https:\/\/www.athena-cbh.com\/pl\/wp-json\/wp\/v2\/users\/2"}],"replies":[{"embeddable":true,"href":"https:\/\/www.athena-cbh.com\/pl\/wp-json\/wp\/v2\/comments?post=19018"}],"version-history":[{"count":2,"href":"https:\/\/www.athena-cbh.com\/pl\/wp-json\/wp\/v2\/pages\/19018\/revisions"}],"predecessor-version":[{"id":22816,"href":"https:\/\/www.athena-cbh.com\/pl\/wp-json\/wp\/v2\/pages\/19018\/revisions\/22816"}],"wp:featuredmedia":[{"embeddable":true,"href":"https:\/\/www.athena-cbh.com\/pl\/wp-json\/wp\/v2\/media\/19043"}],"wp:attachment":[{"href":"https:\/\/www.athena-cbh.com\/pl\/wp-json\/wp\/v2\/media?parent=19018"}],"curies":[{"name":"wp","href":"https:\/\/api.w.org\/{rel}","templated":true}]}}