{"id":19017,"date":"2024-07-22T17:25:56","date_gmt":"2024-07-22T14:25:56","guid":{"rendered":"https:\/\/www.athena-cbh.com\/lokalizacja\/"},"modified":"2024-09-16T19:08:41","modified_gmt":"2024-09-16T16:08:41","slug":"lokalizacja","status":"publish","type":"page","link":"https:\/\/www.athena-cbh.com\/pl\/hotel\/lokalizacja\/","title":{"rendered":"Lokalizacja"},"content":{"rendered":"<p>Hotel Athena Beach po\u0142o\u017cony jest w pi\u0119knej okolicy w Kato Paphos, bezpo\u015brednio przy pla\u017cy, w odleg\u0142o\u015bci kr\u00f3tkiego spaceru od malowniczego portu, stanowisk archeologicznych, sklep\u00f3w i klub\u00f3w nocnych.<br \/>\nPrzystanek autobusowy znajduje si\u0119 tu\u017c przed hotelem, a taks\u00f3wki s\u0105 zawsze dost\u0119pne.<\/p>\n<ul>\n<li>Po\u0142o\u017cony w Kato Pafos<\/li>\n<li>Bezpo\u015brednio na pla\u017cy<\/li>\n<li>50 m od bar\u00f3w i restauracji<\/li>\n<li>1,5 km od centrum kurortu<\/li>\n<li>2,5 km od Starego Portu w Pafos<\/li>\n<li>15 km od mi\u0119dzynarodowego lotniska w Pafos<\/li>\n<li>140 km od mi\u0119dzynarodowego lotniska w Larnace<\/li>\n<\/ul>\n<h2><\/h2>\n<hr \/>\n<h2>Wskaz\u00f3wki dojazdu<\/h2>\n<p><strong>Dojazd z lotniska w Pafos do hotelu Athena Beach (oko\u0142o 20 minut):<\/strong><\/p>\n<ul>\n<li>Zje\u017cd\u017caj\u0105c z lotniska w Pafos na g\u0142\u00f3wn\u0105 drog\u0119, nale\u017cy skr\u0119ci\u0107 w lewo w kierunku Pafos.<\/li>\n<li>Oko\u0142o 1 km dalej zobacz\u0105 Pa\u0144stwo znak wskazuj\u0105cy drog\u0119 A1, prosz\u0119 skr\u0119ci\u0107 w prawo.<\/li>\n<li>Zbli\u017caj\u0105c si\u0119 do autostrady, prosz\u0119 skr\u0119ci\u0107 w lewo przed wiaduktem, aby wjecha\u0107 na autostrad\u0119 prowadz\u0105c\u0105 do Pafos.<\/li>\n<li>Prosz\u0119 jecha\u0107 dalej, a\u017c do ko\u0144ca autostrady.<br \/>\nZnajduje si\u0119 tam du\u017ce rondo.<br \/>\nProsz\u0119 skr\u0119ci\u0107 w pierwsz\u0105 w lewo.<\/li>\n<li>Prosz\u0119 jecha\u0107 w d\u00f3\u0142 a\u017c do kolejnego ronda.<br \/>\nPo lewej stronie zobacz\u0105 Pa\u0144stwo sklepy Debenhams\/Next.<\/li>\n<li>Prosz\u0119 jecha\u0107 prosto na rondzie (drugi zjazd) i dalej, a\u017c do kolejnego ma\u0142ego ronda.<\/li>\n<li>Prosz\u0119 jecha\u0107 prosto.<br \/>\nDojd\u0105 Pa\u0144stwo do skrzy\u017cowania w kszta\u0142cie litery T.<br \/>\nProsz\u0119 skr\u0119ci\u0107 w lewo.<\/li>\n<li>Prosz\u0119 jecha\u0107 prosto, a po prawej stronie zobaczy Pan(i) hotel Athena Beach.<\/li>\n<\/ul>\n<p><strong>Dojazd z lotniska w Larnace do hotelu Athena Beach (oko\u0142o 1,5 godziny):<\/strong><\/p>\n<ul>\n<li>Prosz\u0119 wyjecha\u0107 z lotniska na dwupasmow\u0105 autostrad\u0119, a\u017c dotr\u0105 Pa\u0144stwo do zjazdu w lewo z drogowskazem Lemesos\/Limassol.<\/li>\n<li>Jad\u0105c t\u0105 drog\u0105, zbli\u017c\u0105 si\u0119 Pa\u0144stwo do du\u017cego ronda, prosz\u0119 skr\u0119ci\u0107 w pierwsz\u0105 drog\u0119 w lewo.<br \/>\nZnajduj\u0105 si\u0119 Pa\u0144stwo teraz na autostradzie prowadz\u0105cej do Lemesos\/Limassol.<\/li>\n<li>Podr\u00f3\u017cuj\u0105c przez Lemesos\/Limassol prosz\u0119 kierowa\u0107 si\u0119 znakami na Pafos.<\/li>\n<li>Prosz\u0119 jecha\u0107 dalej, a\u017c do ko\u0144ca autostrady.<br \/>\nZnajduje si\u0119 tam du\u017ce rondo.<br \/>\nProsz\u0119 skr\u0119ci\u0107 w pierwsz\u0105 w lewo.<\/li>\n<li>Prosz\u0119 jecha\u0107 w d\u00f3\u0142 a\u017c do kolejnego ronda.<br \/>\nPo lewej stronie zobacz\u0105 Pa\u0144stwo sklepy Debenhams\/Next.<\/li>\n<li>Prosz\u0119 jecha\u0107 prosto na rondzie (drugi zjazd) i dalej, a\u017c do kolejnego ma\u0142ego ronda.<\/li>\n<li>Prosz\u0119 jecha\u0107 prosto.<br \/>\nDojd\u0105 Pa\u0144stwo do skrzy\u017cowania w kszta\u0142cie litery T.<br \/>\nProsz\u0119 skr\u0119ci\u0107 w lewo.<\/li>\n<li>Prosz\u0119 jecha\u0107 prosto, a po prawej stronie zobaczy Pan(i) hotel Athena Beach.<\/li>\n<\/ul>\n","protected":false},"excerpt":{"rendered":"<p>Hotel Athena Beach po\u0142o\u017cony jest w pi\u0119knej okolicy w Kato Paphos, bezpo\u015brednio przy pla\u017cy, w odleg\u0142o\u015bci kr\u00f3tkiego spaceru od malowniczego portu, stanowisk archeologicznych, sklep\u00f3w i klub\u00f3w nocnych. Przystanek autobusowy znajduje si\u0119 tu\u017c przed hotelem, a taks\u00f3wki s\u0105 zawsze dost\u0119pne. Po\u0142o\u017cony w Kato Pafos Bezpo\u015brednio na pla\u017cy 50 m od bar\u00f3w i restauracji 1,5 km od<\/p>\n","protected":false},"author":2,"featured_media":18780,"parent":19018,"menu_order":0,"comment_status":"closed","ping_status":"closed","template":"page-templates\/location.php","meta":{"_acf_changed":false,"footnotes":""},"class_list":["post-19017","page","type-page","status-publish","has-post-thumbnail","hentry"],"acf":[],"yoast_head":"<!-- This site is optimized with the Yoast SEO plugin v27.5 - https:\/\/yoast.com\/product\/yoast-seo-wordpress\/ -->\n<title>Rewelacyjny hotel przy pla\u017cy w Pafos || Athena Beach Hotel<\/title>\n<meta name=\"description\" content=\"Nasz rewelacyjny hotel przy pla\u017cy w Pafos, Athena Beach by Constantinou Bros Hotels, jest doskonale usytuowany, blisko centrum miasta i zabytk\u00f3w okolicy.\" \/>\n<meta name=\"robots\" content=\"index, follow, max-snippet:-1, max-image-preview:large, max-video-preview:-1\" \/>\n<link rel=\"canonical\" href=\"https:\/\/www.athena-cbh.com\/pl\/hotel\/lokalizacja\/\" \/>\n<meta property=\"og:locale\" content=\"pl_PL\" \/>\n<meta property=\"og:type\" content=\"article\" \/>\n<meta property=\"og:title\" content=\"Rewelacyjny hotel przy pla\u017cy w Pafos || Athena Beach Hotel\" \/>\n<meta property=\"og:description\" content=\"Nasz rewelacyjny hotel przy pla\u017cy w Pafos, Athena Beach by Constantinou Bros Hotels, jest doskonale usytuowany, blisko centrum miasta i zabytk\u00f3w okolicy.\" \/>\n<meta property=\"og:url\" content=\"https:\/\/www.athena-cbh.com\/pl\/hotel\/lokalizacja\/\" \/>\n<meta property=\"og:site_name\" content=\"Athena Beach Hotel\" \/>\n<meta property=\"article:modified_time\" content=\"2024-09-16T16:08:41+00:00\" \/>\n<meta property=\"og:image\" content=\"https:\/\/www.athena-cbh.com\/app\/uploads\/sites\/20\/2022\/11\/3-ATHENA-BEACH-HOTEL-POOL-AND-SEA-VIEW-scaled.jpg\" \/>\n\t<meta property=\"og:image:width\" content=\"2560\" \/>\n\t<meta property=\"og:image:height\" content=\"1046\" \/>\n\t<meta property=\"og:image:type\" content=\"image\/jpeg\" \/>\n<meta name=\"twitter:card\" content=\"summary_large_image\" \/>\n<meta name=\"twitter:label1\" content=\"Est. reading time\" \/>\n\t<meta name=\"twitter:data1\" content=\"3 minutes\" \/>\n<script type=\"application\/ld+json\" class=\"yoast-schema-graph\">{\"@context\":\"https:\\\/\\\/schema.org\",\"@graph\":[{\"@type\":\"WebPage\",\"@id\":\"https:\\\/\\\/www.athena-cbh.com\\\/pl\\\/hotel\\\/lokalizacja\\\/\",\"url\":\"https:\\\/\\\/www.athena-cbh.com\\\/pl\\\/hotel\\\/lokalizacja\\\/\",\"name\":\"Rewelacyjny hotel przy pla\u017cy w Pafos || Athena Beach Hotel\",\"isPartOf\":{\"@id\":\"https:\\\/\\\/www.athena-cbh.com\\\/pl\\\/#website\"},\"primaryImageOfPage\":{\"@id\":\"https:\\\/\\\/www.athena-cbh.com\\\/pl\\\/hotel\\\/lokalizacja\\\/#primaryimage\"},\"image\":{\"@id\":\"https:\\\/\\\/www.athena-cbh.com\\\/pl\\\/hotel\\\/lokalizacja\\\/#primaryimage\"},\"thumbnailUrl\":\"https:\\\/\\\/www.athena-cbh.com\\\/app\\\/uploads\\\/sites\\\/20\\\/2022\\\/11\\\/3-ATHENA-BEACH-HOTEL-POOL-AND-SEA-VIEW-scaled.jpg\",\"datePublished\":\"2024-07-22T14:25:56+00:00\",\"dateModified\":\"2024-09-16T16:08:41+00:00\",\"description\":\"Nasz rewelacyjny hotel przy pla\u017cy w Pafos, Athena Beach by Constantinou Bros Hotels, jest doskonale usytuowany, blisko centrum miasta i zabytk\u00f3w okolicy.\",\"breadcrumb\":{\"@id\":\"https:\\\/\\\/www.athena-cbh.com\\\/pl\\\/hotel\\\/lokalizacja\\\/#breadcrumb\"},\"inLanguage\":\"pl-PL\",\"potentialAction\":[{\"@type\":\"ReadAction\",\"target\":[\"https:\\\/\\\/www.athena-cbh.com\\\/pl\\\/hotel\\\/lokalizacja\\\/\"]}]},{\"@type\":\"ImageObject\",\"inLanguage\":\"pl-PL\",\"@id\":\"https:\\\/\\\/www.athena-cbh.com\\\/pl\\\/hotel\\\/lokalizacja\\\/#primaryimage\",\"url\":\"https:\\\/\\\/www.athena-cbh.com\\\/app\\\/uploads\\\/sites\\\/20\\\/2022\\\/11\\\/3-ATHENA-BEACH-HOTEL-POOL-AND-SEA-VIEW-scaled.jpg\",\"contentUrl\":\"https:\\\/\\\/www.athena-cbh.com\\\/app\\\/uploads\\\/sites\\\/20\\\/2022\\\/11\\\/3-ATHENA-BEACH-HOTEL-POOL-AND-SEA-VIEW-scaled.jpg\",\"width\":2560,\"height\":1046,\"caption\":\"Our Pools at your Doorstep\"},{\"@type\":\"BreadcrumbList\",\"@id\":\"https:\\\/\\\/www.athena-cbh.com\\\/pl\\\/hotel\\\/lokalizacja\\\/#breadcrumb\",\"itemListElement\":[{\"@type\":\"ListItem\",\"position\":1,\"name\":\"Home\",\"item\":\"https:\\\/\\\/www.athena-cbh.com\\\/pl\\\/\"},{\"@type\":\"ListItem\",\"position\":2,\"name\":\"Hotel\",\"item\":\"https:\\\/\\\/www.athena-cbh.com\\\/pl\\\/hotel\\\/\"},{\"@type\":\"ListItem\",\"position\":3,\"name\":\"Lokalizacja\"}]},{\"@type\":\"WebSite\",\"@id\":\"https:\\\/\\\/www.athena-cbh.com\\\/pl\\\/#website\",\"url\":\"https:\\\/\\\/www.athena-cbh.com\\\/pl\\\/\",\"name\":\"Athena Beach Hotel\",\"description\":\"Constantinou Bros Athena Beach Hotel, 4 star hotel in Paphos Cyprus\",\"potentialAction\":[{\"@type\":\"SearchAction\",\"target\":{\"@type\":\"EntryPoint\",\"urlTemplate\":\"https:\\\/\\\/www.athena-cbh.com\\\/pl\\\/?s={search_term_string}\"},\"query-input\":{\"@type\":\"PropertyValueSpecification\",\"valueRequired\":true,\"valueName\":\"search_term_string\"}}],\"inLanguage\":\"pl-PL\"}]}<\/script>\n<!-- \/ Yoast SEO plugin. -->","yoast_head_json":{"title":"Rewelacyjny hotel przy pla\u017cy w Pafos || Athena Beach Hotel","description":"Nasz rewelacyjny hotel przy pla\u017cy w Pafos, Athena Beach by Constantinou Bros Hotels, jest doskonale usytuowany, blisko centrum miasta i zabytk\u00f3w okolicy.","robots":{"index":"index","follow":"follow","max-snippet":"max-snippet:-1","max-image-preview":"max-image-preview:large","max-video-preview":"max-video-preview:-1"},"canonical":"https:\/\/www.athena-cbh.com\/pl\/hotel\/lokalizacja\/","og_locale":"pl_PL","og_type":"article","og_title":"Rewelacyjny hotel przy pla\u017cy w Pafos || Athena Beach Hotel","og_description":"Nasz rewelacyjny hotel przy pla\u017cy w Pafos, Athena Beach by Constantinou Bros Hotels, jest doskonale usytuowany, blisko centrum miasta i zabytk\u00f3w okolicy.","og_url":"https:\/\/www.athena-cbh.com\/pl\/hotel\/lokalizacja\/","og_site_name":"Athena Beach Hotel","article_modified_time":"2024-09-16T16:08:41+00:00","og_image":[{"width":2560,"height":1046,"url":"https:\/\/www.athena-cbh.com\/app\/uploads\/sites\/20\/2022\/11\/3-ATHENA-BEACH-HOTEL-POOL-AND-SEA-VIEW-scaled.jpg","type":"image\/jpeg"}],"twitter_card":"summary_large_image","twitter_misc":{"Est. reading time":"3 minutes"},"schema":{"@context":"https:\/\/schema.org","@graph":[{"@type":"WebPage","@id":"https:\/\/www.athena-cbh.com\/pl\/hotel\/lokalizacja\/","url":"https:\/\/www.athena-cbh.com\/pl\/hotel\/lokalizacja\/","name":"Rewelacyjny hotel przy pla\u017cy w Pafos || Athena Beach Hotel","isPartOf":{"@id":"https:\/\/www.athena-cbh.com\/pl\/#website"},"primaryImageOfPage":{"@id":"https:\/\/www.athena-cbh.com\/pl\/hotel\/lokalizacja\/#primaryimage"},"image":{"@id":"https:\/\/www.athena-cbh.com\/pl\/hotel\/lokalizacja\/#primaryimage"},"thumbnailUrl":"https:\/\/www.athena-cbh.com\/app\/uploads\/sites\/20\/2022\/11\/3-ATHENA-BEACH-HOTEL-POOL-AND-SEA-VIEW-scaled.jpg","datePublished":"2024-07-22T14:25:56+00:00","dateModified":"2024-09-16T16:08:41+00:00","description":"Nasz rewelacyjny hotel przy pla\u017cy w Pafos, Athena Beach by Constantinou Bros Hotels, jest doskonale usytuowany, blisko centrum miasta i zabytk\u00f3w okolicy.","breadcrumb":{"@id":"https:\/\/www.athena-cbh.com\/pl\/hotel\/lokalizacja\/#breadcrumb"},"inLanguage":"pl-PL","potentialAction":[{"@type":"ReadAction","target":["https:\/\/www.athena-cbh.com\/pl\/hotel\/lokalizacja\/"]}]},{"@type":"ImageObject","inLanguage":"pl-PL","@id":"https:\/\/www.athena-cbh.com\/pl\/hotel\/lokalizacja\/#primaryimage","url":"https:\/\/www.athena-cbh.com\/app\/uploads\/sites\/20\/2022\/11\/3-ATHENA-BEACH-HOTEL-POOL-AND-SEA-VIEW-scaled.jpg","contentUrl":"https:\/\/www.athena-cbh.com\/app\/uploads\/sites\/20\/2022\/11\/3-ATHENA-BEACH-HOTEL-POOL-AND-SEA-VIEW-scaled.jpg","width":2560,"height":1046,"caption":"Our Pools at your Doorstep"},{"@type":"BreadcrumbList","@id":"https:\/\/www.athena-cbh.com\/pl\/hotel\/lokalizacja\/#breadcrumb","itemListElement":[{"@type":"ListItem","position":1,"name":"Home","item":"https:\/\/www.athena-cbh.com\/pl\/"},{"@type":"ListItem","position":2,"name":"Hotel","item":"https:\/\/www.athena-cbh.com\/pl\/hotel\/"},{"@type":"ListItem","position":3,"name":"Lokalizacja"}]},{"@type":"WebSite","@id":"https:\/\/www.athena-cbh.com\/pl\/#website","url":"https:\/\/www.athena-cbh.com\/pl\/","name":"Athena Beach Hotel","description":"Constantinou Bros Athena Beach Hotel, 4 star hotel in Paphos Cyprus","potentialAction":[{"@type":"SearchAction","target":{"@type":"EntryPoint","urlTemplate":"https:\/\/www.athena-cbh.com\/pl\/?s={search_term_string}"},"query-input":{"@type":"PropertyValueSpecification","valueRequired":true,"valueName":"search_term_string"}}],"inLanguage":"pl-PL"}]}},"_links":{"self":[{"href":"https:\/\/www.athena-cbh.com\/pl\/wp-json\/wp\/v2\/pages\/19017","targetHints":{"allow":["GET"]}}],"collection":[{"href":"https:\/\/www.athena-cbh.com\/pl\/wp-json\/wp\/v2\/pages"}],"about":[{"href":"https:\/\/www.athena-cbh.com\/pl\/wp-json\/wp\/v2\/types\/page"}],"author":[{"embeddable":true,"href":"https:\/\/www.athena-cbh.com\/pl\/wp-json\/wp\/v2\/users\/2"}],"replies":[{"embeddable":true,"href":"https:\/\/www.athena-cbh.com\/pl\/wp-json\/wp\/v2\/comments?post=19017"}],"version-history":[{"count":2,"href":"https:\/\/www.athena-cbh.com\/pl\/wp-json\/wp\/v2\/pages\/19017\/revisions"}],"predecessor-version":[{"id":20265,"href":"https:\/\/www.athena-cbh.com\/pl\/wp-json\/wp\/v2\/pages\/19017\/revisions\/20265"}],"up":[{"embeddable":true,"href":"https:\/\/www.athena-cbh.com\/pl\/wp-json\/wp\/v2\/pages\/19018"}],"wp:featuredmedia":[{"embeddable":true,"href":"https:\/\/www.athena-cbh.com\/pl\/wp-json\/wp\/v2\/media\/18780"}],"wp:attachment":[{"href":"https:\/\/www.athena-cbh.com\/pl\/wp-json\/wp\/v2\/media?parent=19017"}],"curies":[{"name":"wp","href":"https:\/\/api.w.org\/{rel}","templated":true}]}}