{"id":18998,"date":"2024-07-22T17:25:51","date_gmt":"2024-07-22T14:25:51","guid":{"rendered":"https:\/\/www.athena-cbh.com\/elixir-spa\/"},"modified":"2024-09-16T19:08:27","modified_gmt":"2024-09-16T16:08:27","slug":"elixir-spa","status":"publish","type":"page","link":"https:\/\/www.athena-cbh.com\/pl\/elixir-spa\/","title":{"rendered":"Elixir Spa"},"content":{"rendered":"<h1 class=\"home-pages-title title-size text-center pt-5 font-regular\">Luksusowe zabiegi w naszym hotelu Spa w Pafos na Cyprze<\/h1>\n<p>&nbsp;<\/p>\n<p style=\"text-align: left;\">Nasze zabiegi Spa nie maj\u0105 sobie r\u00f3wnych, oferuj\u0105c Pa\u0144stwu luksus prywatnej przestrzeni i generuj\u0105c poczucie ponadczasowo\u015bci.<br \/>\nZafunduj sobie rozkosz dla zmys\u0142\u00f3w, uwolnij swoje cia\u0142o od wszelkich napi\u0119\u0107 i o\u017cyw sw\u00f3j umys\u0142.<\/p>\n<p style=\"text-align: left;\">Zmodernizowane Elixir Spa, o \u0142\u0105cznej powierzchni 800 m2, zapewni wszystkim go\u015bciom wyj\u0105tkow\u0105 atmosfer\u0119 i relaks.<\/p>\n<p style=\"text-align: left;\">Teraz z dodatkowymi pokojami terapeutycznymi i relaksacyjnymi, w tym 2 apartamentami dla par Elixir, 2 saunami, 2 \u0142a\u017aniami parowymi, przestronn\u0105 i nowoczesn\u0105 si\u0142owni\u0105 oraz krytym basenem, aby wymieni\u0107 tylko kilka, nowe zmodernizowane Elixir Spa oka\u017ce si\u0119 jednym z inspiruj\u0105cych punkt\u00f3w centralnych hotelu.<\/p>\n<h3 style=\"text-align: left;\"><\/h3>\n<h3 style=\"text-align: left;\">Wyposa\u017cenie i udogodnienia<\/h3>\n<ul style=\"text-align: left;\">\n<li>Masa\u017ce relaksacyjne i terapeutyczne<\/li>\n<li>Zabiegi dla par<\/li>\n<li>Zabiegi na cia\u0142o<\/li>\n<li>Aromaterapia<\/li>\n<li>Talasoterapia<\/li>\n<li>Masa\u017ce sportowe<\/li>\n<li>Zabiegi sygnowane przez Elixir Spa<\/li>\n<li>Apartamenty dla par Elixir (2)<\/li>\n<li>2 \u0142a\u017anie parowe (w tym jedna dla nudyst\u00f3w) (bezp\u0142atna dla klasy Elite i par \u015blubnych w zale\u017cno\u015bci od dost\u0119pno\u015bci)<\/li>\n<li>2 sauny (w tym jedna dla nudyst\u00f3w) (bezp\u0142atna dla klasy Elite i par \u015blubnych w zale\u017cno\u015bci od dost\u0119pno\u015bci)<\/li>\n<li>Strefa relaksu<\/li>\n<li>Pakiety dla par<\/li>\n<li>Pakiety \u015blubne<\/li>\n<li>Pakiety dla nowo\u017ce\u0144c\u00f3w<\/li>\n<li>Pakiety Spa<\/li>\n<li>Dzia\u0142ania Wellness<\/li>\n<li>Zabiegi spa<\/li>\n<li>Salon fryzjerski unisex<\/li>\n<li>Si\u0142ownia ze sprz\u0119tem do treningu cardio i si\u0142owego<\/li>\n<\/ul>\n<p style=\"text-align: left;\">\n","protected":false},"excerpt":{"rendered":"<p>Luksusowe zabiegi w naszym hotelu Spa w Pafos na Cyprze &nbsp; Nasze zabiegi Spa nie maj\u0105 sobie r\u00f3wnych, oferuj\u0105c Pa\u0144stwu luksus prywatnej przestrzeni i generuj\u0105c poczucie ponadczasowo\u015bci. Zafunduj sobie rozkosz dla zmys\u0142\u00f3w, uwolnij swoje cia\u0142o od wszelkich napi\u0119\u0107 i o\u017cyw sw\u00f3j umys\u0142. Zmodernizowane Elixir Spa, o \u0142\u0105cznej powierzchni 800 m2, zapewni wszystkim go\u015bciom wyj\u0105tkow\u0105 atmosfer\u0119<\/p>\n","protected":false},"author":2,"featured_media":19031,"parent":0,"menu_order":0,"comment_status":"closed","ping_status":"closed","template":"","meta":{"_acf_changed":false,"footnotes":""},"class_list":["post-18998","page","type-page","status-publish","has-post-thumbnail","hentry"],"acf":[],"yoast_head":"<!-- This site is optimized with the Yoast SEO plugin v27.5 - https:\/\/yoast.com\/product\/yoast-seo-wordpress\/ -->\n<title>Unowocze\u015bniony hotel spa w Pafos na Cyprze || Athena Beach Hotel<\/title>\n<meta name=\"description\" content=\"Elixir Spa zosta\u0142o zmodernizowane w Athena Beach Hotel przez Constantinou Bros, wprowadzaj\u0105c \u015bwiat odnowy biologicznej w naszym hotelu spa w Pafos na Cyprze.\" \/>\n<meta name=\"robots\" content=\"index, follow, max-snippet:-1, max-image-preview:large, max-video-preview:-1\" \/>\n<link rel=\"canonical\" href=\"https:\/\/www.athena-cbh.com\/pl\/elixir-spa\/\" \/>\n<meta property=\"og:locale\" content=\"pl_PL\" \/>\n<meta property=\"og:type\" content=\"article\" \/>\n<meta property=\"og:title\" content=\"Unowocze\u015bniony hotel spa w Pafos na Cyprze || Athena Beach Hotel\" \/>\n<meta property=\"og:description\" content=\"Elixir Spa zosta\u0142o zmodernizowane w Athena Beach Hotel przez Constantinou Bros, wprowadzaj\u0105c \u015bwiat odnowy biologicznej w naszym hotelu spa w Pafos na Cyprze.\" \/>\n<meta property=\"og:url\" content=\"https:\/\/www.athena-cbh.com\/pl\/elixir-spa\/\" \/>\n<meta property=\"og:site_name\" content=\"Athena Beach Hotel\" \/>\n<meta property=\"article:modified_time\" content=\"2024-09-16T16:08:27+00:00\" \/>\n<meta property=\"og:image\" content=\"https:\/\/www.athena-cbh.com\/app\/uploads\/sites\/20\/2020\/09\/40-ATHENA-BEACH-HOTEL-ELIXIR-SPA-4.jpg\" \/>\n\t<meta property=\"og:image:width\" content=\"1200\" \/>\n\t<meta property=\"og:image:height\" content=\"798\" \/>\n\t<meta property=\"og:image:type\" content=\"image\/jpeg\" \/>\n<meta name=\"twitter:card\" content=\"summary_large_image\" \/>\n<meta name=\"twitter:label1\" content=\"Est. reading time\" \/>\n\t<meta name=\"twitter:data1\" content=\"2 minutes\" \/>\n<script type=\"application\/ld+json\" class=\"yoast-schema-graph\">{\"@context\":\"https:\\\/\\\/schema.org\",\"@graph\":[{\"@type\":\"WebPage\",\"@id\":\"https:\\\/\\\/www.athena-cbh.com\\\/pl\\\/elixir-spa\\\/\",\"url\":\"https:\\\/\\\/www.athena-cbh.com\\\/pl\\\/elixir-spa\\\/\",\"name\":\"Unowocze\u015bniony hotel spa w Pafos na Cyprze || Athena Beach Hotel\",\"isPartOf\":{\"@id\":\"https:\\\/\\\/www.athena-cbh.com\\\/pl\\\/#website\"},\"primaryImageOfPage\":{\"@id\":\"https:\\\/\\\/www.athena-cbh.com\\\/pl\\\/elixir-spa\\\/#primaryimage\"},\"image\":{\"@id\":\"https:\\\/\\\/www.athena-cbh.com\\\/pl\\\/elixir-spa\\\/#primaryimage\"},\"thumbnailUrl\":\"https:\\\/\\\/www.athena-cbh.com\\\/app\\\/uploads\\\/sites\\\/20\\\/2022\\\/07\\\/65-ATHENA-BEACH-HOTEL-INDOOR-HEATED-POOL-scaled.jpg\",\"datePublished\":\"2024-07-22T14:25:51+00:00\",\"dateModified\":\"2024-09-16T16:08:27+00:00\",\"description\":\"Elixir Spa zosta\u0142o zmodernizowane w Athena Beach Hotel przez Constantinou Bros, wprowadzaj\u0105c \u015bwiat odnowy biologicznej w naszym hotelu spa w Pafos na Cyprze.\",\"breadcrumb\":{\"@id\":\"https:\\\/\\\/www.athena-cbh.com\\\/pl\\\/elixir-spa\\\/#breadcrumb\"},\"inLanguage\":\"pl-PL\",\"potentialAction\":[{\"@type\":\"ReadAction\",\"target\":[\"https:\\\/\\\/www.athena-cbh.com\\\/pl\\\/elixir-spa\\\/\"]}]},{\"@type\":\"ImageObject\",\"inLanguage\":\"pl-PL\",\"@id\":\"https:\\\/\\\/www.athena-cbh.com\\\/pl\\\/elixir-spa\\\/#primaryimage\",\"url\":\"https:\\\/\\\/www.athena-cbh.com\\\/app\\\/uploads\\\/sites\\\/20\\\/2022\\\/07\\\/65-ATHENA-BEACH-HOTEL-INDOOR-HEATED-POOL-scaled.jpg\",\"contentUrl\":\"https:\\\/\\\/www.athena-cbh.com\\\/app\\\/uploads\\\/sites\\\/20\\\/2022\\\/07\\\/65-ATHENA-BEACH-HOTEL-INDOOR-HEATED-POOL-scaled.jpg\",\"width\":2560,\"height\":1707,\"caption\":\"Indoor heated pool\"},{\"@type\":\"BreadcrumbList\",\"@id\":\"https:\\\/\\\/www.athena-cbh.com\\\/pl\\\/elixir-spa\\\/#breadcrumb\",\"itemListElement\":[{\"@type\":\"ListItem\",\"position\":1,\"name\":\"Home\",\"item\":\"https:\\\/\\\/www.athena-cbh.com\\\/pl\\\/\"},{\"@type\":\"ListItem\",\"position\":2,\"name\":\"Elixir Spa\"}]},{\"@type\":\"WebSite\",\"@id\":\"https:\\\/\\\/www.athena-cbh.com\\\/pl\\\/#website\",\"url\":\"https:\\\/\\\/www.athena-cbh.com\\\/pl\\\/\",\"name\":\"Athena Beach Hotel\",\"description\":\"Constantinou Bros Athena Beach Hotel, 4 star hotel in Paphos Cyprus\",\"potentialAction\":[{\"@type\":\"SearchAction\",\"target\":{\"@type\":\"EntryPoint\",\"urlTemplate\":\"https:\\\/\\\/www.athena-cbh.com\\\/pl\\\/?s={search_term_string}\"},\"query-input\":{\"@type\":\"PropertyValueSpecification\",\"valueRequired\":true,\"valueName\":\"search_term_string\"}}],\"inLanguage\":\"pl-PL\"}]}<\/script>\n<!-- \/ Yoast SEO plugin. -->","yoast_head_json":{"title":"Unowocze\u015bniony hotel spa w Pafos na Cyprze || Athena Beach Hotel","description":"Elixir Spa zosta\u0142o zmodernizowane w Athena Beach Hotel przez Constantinou Bros, wprowadzaj\u0105c \u015bwiat odnowy biologicznej w naszym hotelu spa w Pafos na Cyprze.","robots":{"index":"index","follow":"follow","max-snippet":"max-snippet:-1","max-image-preview":"max-image-preview:large","max-video-preview":"max-video-preview:-1"},"canonical":"https:\/\/www.athena-cbh.com\/pl\/elixir-spa\/","og_locale":"pl_PL","og_type":"article","og_title":"Unowocze\u015bniony hotel spa w Pafos na Cyprze || Athena Beach Hotel","og_description":"Elixir Spa zosta\u0142o zmodernizowane w Athena Beach Hotel przez Constantinou Bros, wprowadzaj\u0105c \u015bwiat odnowy biologicznej w naszym hotelu spa w Pafos na Cyprze.","og_url":"https:\/\/www.athena-cbh.com\/pl\/elixir-spa\/","og_site_name":"Athena Beach Hotel","article_modified_time":"2024-09-16T16:08:27+00:00","og_image":[{"width":1200,"height":798,"url":"https:\/\/www.athena-cbh.com\/app\/uploads\/sites\/20\/2020\/09\/40-ATHENA-BEACH-HOTEL-ELIXIR-SPA-4.jpg","type":"image\/jpeg"}],"twitter_card":"summary_large_image","twitter_misc":{"Est. reading time":"2 minutes"},"schema":{"@context":"https:\/\/schema.org","@graph":[{"@type":"WebPage","@id":"https:\/\/www.athena-cbh.com\/pl\/elixir-spa\/","url":"https:\/\/www.athena-cbh.com\/pl\/elixir-spa\/","name":"Unowocze\u015bniony hotel spa w Pafos na Cyprze || Athena Beach Hotel","isPartOf":{"@id":"https:\/\/www.athena-cbh.com\/pl\/#website"},"primaryImageOfPage":{"@id":"https:\/\/www.athena-cbh.com\/pl\/elixir-spa\/#primaryimage"},"image":{"@id":"https:\/\/www.athena-cbh.com\/pl\/elixir-spa\/#primaryimage"},"thumbnailUrl":"https:\/\/www.athena-cbh.com\/app\/uploads\/sites\/20\/2022\/07\/65-ATHENA-BEACH-HOTEL-INDOOR-HEATED-POOL-scaled.jpg","datePublished":"2024-07-22T14:25:51+00:00","dateModified":"2024-09-16T16:08:27+00:00","description":"Elixir Spa zosta\u0142o zmodernizowane w Athena Beach Hotel przez Constantinou Bros, wprowadzaj\u0105c \u015bwiat odnowy biologicznej w naszym hotelu spa w Pafos na Cyprze.","breadcrumb":{"@id":"https:\/\/www.athena-cbh.com\/pl\/elixir-spa\/#breadcrumb"},"inLanguage":"pl-PL","potentialAction":[{"@type":"ReadAction","target":["https:\/\/www.athena-cbh.com\/pl\/elixir-spa\/"]}]},{"@type":"ImageObject","inLanguage":"pl-PL","@id":"https:\/\/www.athena-cbh.com\/pl\/elixir-spa\/#primaryimage","url":"https:\/\/www.athena-cbh.com\/app\/uploads\/sites\/20\/2022\/07\/65-ATHENA-BEACH-HOTEL-INDOOR-HEATED-POOL-scaled.jpg","contentUrl":"https:\/\/www.athena-cbh.com\/app\/uploads\/sites\/20\/2022\/07\/65-ATHENA-BEACH-HOTEL-INDOOR-HEATED-POOL-scaled.jpg","width":2560,"height":1707,"caption":"Indoor heated pool"},{"@type":"BreadcrumbList","@id":"https:\/\/www.athena-cbh.com\/pl\/elixir-spa\/#breadcrumb","itemListElement":[{"@type":"ListItem","position":1,"name":"Home","item":"https:\/\/www.athena-cbh.com\/pl\/"},{"@type":"ListItem","position":2,"name":"Elixir Spa"}]},{"@type":"WebSite","@id":"https:\/\/www.athena-cbh.com\/pl\/#website","url":"https:\/\/www.athena-cbh.com\/pl\/","name":"Athena Beach Hotel","description":"Constantinou Bros Athena Beach Hotel, 4 star hotel in Paphos Cyprus","potentialAction":[{"@type":"SearchAction","target":{"@type":"EntryPoint","urlTemplate":"https:\/\/www.athena-cbh.com\/pl\/?s={search_term_string}"},"query-input":{"@type":"PropertyValueSpecification","valueRequired":true,"valueName":"search_term_string"}}],"inLanguage":"pl-PL"}]}},"_links":{"self":[{"href":"https:\/\/www.athena-cbh.com\/pl\/wp-json\/wp\/v2\/pages\/18998","targetHints":{"allow":["GET"]}}],"collection":[{"href":"https:\/\/www.athena-cbh.com\/pl\/wp-json\/wp\/v2\/pages"}],"about":[{"href":"https:\/\/www.athena-cbh.com\/pl\/wp-json\/wp\/v2\/types\/page"}],"author":[{"embeddable":true,"href":"https:\/\/www.athena-cbh.com\/pl\/wp-json\/wp\/v2\/users\/2"}],"replies":[{"embeddable":true,"href":"https:\/\/www.athena-cbh.com\/pl\/wp-json\/wp\/v2\/comments?post=18998"}],"version-history":[{"count":1,"href":"https:\/\/www.athena-cbh.com\/pl\/wp-json\/wp\/v2\/pages\/18998\/revisions"}],"predecessor-version":[{"id":20264,"href":"https:\/\/www.athena-cbh.com\/pl\/wp-json\/wp\/v2\/pages\/18998\/revisions\/20264"}],"wp:featuredmedia":[{"embeddable":true,"href":"https:\/\/www.athena-cbh.com\/pl\/wp-json\/wp\/v2\/media\/19031"}],"wp:attachment":[{"href":"https:\/\/www.athena-cbh.com\/pl\/wp-json\/wp\/v2\/media?parent=18998"}],"curies":[{"name":"wp","href":"https:\/\/api.w.org\/{rel}","templated":true}]}}