{"id":18637,"date":"2024-07-22T17:25:23","date_gmt":"2024-07-22T14:25:23","guid":{"rendered":"https:\/\/www.athena-cbh.com\/galeria\/"},"modified":"2024-09-16T19:08:31","modified_gmt":"2024-09-16T16:08:31","slug":"galeria","status":"publish","type":"page","link":"https:\/\/www.athena-cbh.com\/pl\/galeria\/","title":{"rendered":"Galeria zdj\u0119\u0107"},"content":{"rendered":"","protected":false},"excerpt":{"rendered":"","protected":false},"author":2,"featured_media":22881,"parent":0,"menu_order":0,"comment_status":"closed","ping_status":"closed","template":"page-templates\/gallery.php","meta":{"_acf_changed":false,"footnotes":""},"class_list":["post-18637","page","type-page","status-publish","has-post-thumbnail","hentry"],"acf":[],"yoast_head":"<!-- This site is optimized with the Yoast SEO plugin v27.4 - https:\/\/yoast.com\/product\/yoast-seo-wordpress\/ -->\n<title>Athena Beach Hotel Paphos galeria zdj\u0119\u0107 || Athena Beach Hotel<\/title>\n<meta name=\"description\" content=\"Prosz\u0119 przejrze\u0107 galeri\u0119 zdj\u0119\u0107 Athena Beach Hotel Paphos, aby zobaczy\u0107, czego mog\u0105 si\u0119 Pa\u0144stwo spodziewa\u0107 podczas wakacji na naszej wspania\u0142ej pla\u017cy.\" \/>\n<meta name=\"robots\" content=\"index, follow, max-snippet:-1, max-image-preview:large, max-video-preview:-1\" \/>\n<link rel=\"canonical\" href=\"https:\/\/www.athena-cbh.com\/pl\/galeria\/\" \/>\n<meta property=\"og:locale\" content=\"pl_PL\" \/>\n<meta property=\"og:type\" content=\"article\" \/>\n<meta property=\"og:title\" content=\"Athena Beach Hotel Paphos galeria zdj\u0119\u0107 || Athena Beach Hotel\" \/>\n<meta property=\"og:description\" content=\"Prosz\u0119 przejrze\u0107 galeri\u0119 zdj\u0119\u0107 Athena Beach Hotel Paphos, aby zobaczy\u0107, czego mog\u0105 si\u0119 Pa\u0144stwo spodziewa\u0107 podczas wakacji na naszej wspania\u0142ej pla\u017cy.\" \/>\n<meta property=\"og:url\" content=\"https:\/\/www.athena-cbh.com\/pl\/galeria\/\" \/>\n<meta property=\"og:site_name\" content=\"Athena Beach Hotel\" \/>\n<meta property=\"article:modified_time\" content=\"2024-09-16T16:08:31+00:00\" \/>\n<meta property=\"og:image\" content=\"https:\/\/www.athena-cbh.com\/app\/uploads\/sites\/20\/2020\/09\/6-ATHENA-BEACH-HOTEL-OUTDOOR-POOL-scaled.jpg\" \/>\n\t<meta property=\"og:image:width\" content=\"2560\" \/>\n\t<meta property=\"og:image:height\" content=\"1885\" \/>\n\t<meta property=\"og:image:type\" content=\"image\/jpeg\" \/>\n<meta name=\"twitter:card\" content=\"summary_large_image\" \/>\n<script type=\"application\/ld+json\" class=\"yoast-schema-graph\">{\"@context\":\"https:\\\/\\\/schema.org\",\"@graph\":[{\"@type\":\"WebPage\",\"@id\":\"https:\\\/\\\/www.athena-cbh.com\\\/pl\\\/galeria\\\/\",\"url\":\"https:\\\/\\\/www.athena-cbh.com\\\/pl\\\/galeria\\\/\",\"name\":\"Athena Beach Hotel Paphos galeria zdj\u0119\u0107 || Athena Beach Hotel\",\"isPartOf\":{\"@id\":\"https:\\\/\\\/www.athena-cbh.com\\\/pl\\\/#website\"},\"primaryImageOfPage\":{\"@id\":\"https:\\\/\\\/www.athena-cbh.com\\\/pl\\\/galeria\\\/#primaryimage\"},\"image\":{\"@id\":\"https:\\\/\\\/www.athena-cbh.com\\\/pl\\\/galeria\\\/#primaryimage\"},\"thumbnailUrl\":\"https:\\\/\\\/www.athena-cbh.com\\\/app\\\/uploads\\\/sites\\\/20\\\/2026\\\/02\\\/19-ATHENA-BEACH-HOTEL-CABANAS.jpg\",\"datePublished\":\"2024-07-22T14:25:23+00:00\",\"dateModified\":\"2024-09-16T16:08:31+00:00\",\"description\":\"Prosz\u0119 przejrze\u0107 galeri\u0119 zdj\u0119\u0107 Athena Beach Hotel Paphos, aby zobaczy\u0107, czego mog\u0105 si\u0119 Pa\u0144stwo spodziewa\u0107 podczas wakacji na naszej wspania\u0142ej pla\u017cy.\",\"breadcrumb\":{\"@id\":\"https:\\\/\\\/www.athena-cbh.com\\\/pl\\\/galeria\\\/#breadcrumb\"},\"inLanguage\":\"pl-PL\",\"potentialAction\":[{\"@type\":\"ReadAction\",\"target\":[\"https:\\\/\\\/www.athena-cbh.com\\\/pl\\\/galeria\\\/\"]}]},{\"@type\":\"ImageObject\",\"inLanguage\":\"pl-PL\",\"@id\":\"https:\\\/\\\/www.athena-cbh.com\\\/pl\\\/galeria\\\/#primaryimage\",\"url\":\"https:\\\/\\\/www.athena-cbh.com\\\/app\\\/uploads\\\/sites\\\/20\\\/2026\\\/02\\\/19-ATHENA-BEACH-HOTEL-CABANAS.jpg\",\"contentUrl\":\"https:\\\/\\\/www.athena-cbh.com\\\/app\\\/uploads\\\/sites\\\/20\\\/2026\\\/02\\\/19-ATHENA-BEACH-HOTEL-CABANAS.jpg\",\"width\":1200,\"height\":800},{\"@type\":\"BreadcrumbList\",\"@id\":\"https:\\\/\\\/www.athena-cbh.com\\\/pl\\\/galeria\\\/#breadcrumb\",\"itemListElement\":[{\"@type\":\"ListItem\",\"position\":1,\"name\":\"Home\",\"item\":\"https:\\\/\\\/www.athena-cbh.com\\\/pl\\\/\"},{\"@type\":\"ListItem\",\"position\":2,\"name\":\"Galeria zdj\u0119\u0107\"}]},{\"@type\":\"WebSite\",\"@id\":\"https:\\\/\\\/www.athena-cbh.com\\\/pl\\\/#website\",\"url\":\"https:\\\/\\\/www.athena-cbh.com\\\/pl\\\/\",\"name\":\"Athena Beach Hotel\",\"description\":\"Constantinou Bros Athena Beach Hotel, 4 star hotel in Paphos Cyprus\",\"potentialAction\":[{\"@type\":\"SearchAction\",\"target\":{\"@type\":\"EntryPoint\",\"urlTemplate\":\"https:\\\/\\\/www.athena-cbh.com\\\/pl\\\/?s={search_term_string}\"},\"query-input\":{\"@type\":\"PropertyValueSpecification\",\"valueRequired\":true,\"valueName\":\"search_term_string\"}}],\"inLanguage\":\"pl-PL\"}]}<\/script>\n<!-- \/ Yoast SEO plugin. -->","yoast_head_json":{"title":"Athena Beach Hotel Paphos galeria zdj\u0119\u0107 || Athena Beach Hotel","description":"Prosz\u0119 przejrze\u0107 galeri\u0119 zdj\u0119\u0107 Athena Beach Hotel Paphos, aby zobaczy\u0107, czego mog\u0105 si\u0119 Pa\u0144stwo spodziewa\u0107 podczas wakacji na naszej wspania\u0142ej pla\u017cy.","robots":{"index":"index","follow":"follow","max-snippet":"max-snippet:-1","max-image-preview":"max-image-preview:large","max-video-preview":"max-video-preview:-1"},"canonical":"https:\/\/www.athena-cbh.com\/pl\/galeria\/","og_locale":"pl_PL","og_type":"article","og_title":"Athena Beach Hotel Paphos galeria zdj\u0119\u0107 || Athena Beach Hotel","og_description":"Prosz\u0119 przejrze\u0107 galeri\u0119 zdj\u0119\u0107 Athena Beach Hotel Paphos, aby zobaczy\u0107, czego mog\u0105 si\u0119 Pa\u0144stwo spodziewa\u0107 podczas wakacji na naszej wspania\u0142ej pla\u017cy.","og_url":"https:\/\/www.athena-cbh.com\/pl\/galeria\/","og_site_name":"Athena Beach Hotel","article_modified_time":"2024-09-16T16:08:31+00:00","og_image":[{"width":2560,"height":1885,"url":"https:\/\/www.athena-cbh.com\/app\/uploads\/sites\/20\/2020\/09\/6-ATHENA-BEACH-HOTEL-OUTDOOR-POOL-scaled.jpg","type":"image\/jpeg"}],"twitter_card":"summary_large_image","schema":{"@context":"https:\/\/schema.org","@graph":[{"@type":"WebPage","@id":"https:\/\/www.athena-cbh.com\/pl\/galeria\/","url":"https:\/\/www.athena-cbh.com\/pl\/galeria\/","name":"Athena Beach Hotel Paphos galeria zdj\u0119\u0107 || Athena Beach Hotel","isPartOf":{"@id":"https:\/\/www.athena-cbh.com\/pl\/#website"},"primaryImageOfPage":{"@id":"https:\/\/www.athena-cbh.com\/pl\/galeria\/#primaryimage"},"image":{"@id":"https:\/\/www.athena-cbh.com\/pl\/galeria\/#primaryimage"},"thumbnailUrl":"https:\/\/www.athena-cbh.com\/app\/uploads\/sites\/20\/2026\/02\/19-ATHENA-BEACH-HOTEL-CABANAS.jpg","datePublished":"2024-07-22T14:25:23+00:00","dateModified":"2024-09-16T16:08:31+00:00","description":"Prosz\u0119 przejrze\u0107 galeri\u0119 zdj\u0119\u0107 Athena Beach Hotel Paphos, aby zobaczy\u0107, czego mog\u0105 si\u0119 Pa\u0144stwo spodziewa\u0107 podczas wakacji na naszej wspania\u0142ej pla\u017cy.","breadcrumb":{"@id":"https:\/\/www.athena-cbh.com\/pl\/galeria\/#breadcrumb"},"inLanguage":"pl-PL","potentialAction":[{"@type":"ReadAction","target":["https:\/\/www.athena-cbh.com\/pl\/galeria\/"]}]},{"@type":"ImageObject","inLanguage":"pl-PL","@id":"https:\/\/www.athena-cbh.com\/pl\/galeria\/#primaryimage","url":"https:\/\/www.athena-cbh.com\/app\/uploads\/sites\/20\/2026\/02\/19-ATHENA-BEACH-HOTEL-CABANAS.jpg","contentUrl":"https:\/\/www.athena-cbh.com\/app\/uploads\/sites\/20\/2026\/02\/19-ATHENA-BEACH-HOTEL-CABANAS.jpg","width":1200,"height":800},{"@type":"BreadcrumbList","@id":"https:\/\/www.athena-cbh.com\/pl\/galeria\/#breadcrumb","itemListElement":[{"@type":"ListItem","position":1,"name":"Home","item":"https:\/\/www.athena-cbh.com\/pl\/"},{"@type":"ListItem","position":2,"name":"Galeria zdj\u0119\u0107"}]},{"@type":"WebSite","@id":"https:\/\/www.athena-cbh.com\/pl\/#website","url":"https:\/\/www.athena-cbh.com\/pl\/","name":"Athena Beach Hotel","description":"Constantinou Bros Athena Beach Hotel, 4 star hotel in Paphos Cyprus","potentialAction":[{"@type":"SearchAction","target":{"@type":"EntryPoint","urlTemplate":"https:\/\/www.athena-cbh.com\/pl\/?s={search_term_string}"},"query-input":{"@type":"PropertyValueSpecification","valueRequired":true,"valueName":"search_term_string"}}],"inLanguage":"pl-PL"}]}},"_links":{"self":[{"href":"https:\/\/www.athena-cbh.com\/pl\/wp-json\/wp\/v2\/pages\/18637","targetHints":{"allow":["GET"]}}],"collection":[{"href":"https:\/\/www.athena-cbh.com\/pl\/wp-json\/wp\/v2\/pages"}],"about":[{"href":"https:\/\/www.athena-cbh.com\/pl\/wp-json\/wp\/v2\/types\/page"}],"author":[{"embeddable":true,"href":"https:\/\/www.athena-cbh.com\/pl\/wp-json\/wp\/v2\/users\/2"}],"replies":[{"embeddable":true,"href":"https:\/\/www.athena-cbh.com\/pl\/wp-json\/wp\/v2\/comments?post=18637"}],"version-history":[{"count":1,"href":"https:\/\/www.athena-cbh.com\/pl\/wp-json\/wp\/v2\/pages\/18637\/revisions"}],"predecessor-version":[{"id":20267,"href":"https:\/\/www.athena-cbh.com\/pl\/wp-json\/wp\/v2\/pages\/18637\/revisions\/20267"}],"wp:featuredmedia":[{"embeddable":true,"href":"https:\/\/www.athena-cbh.com\/pl\/wp-json\/wp\/v2\/media\/22881"}],"wp:attachment":[{"href":"https:\/\/www.athena-cbh.com\/pl\/wp-json\/wp\/v2\/media?parent=18637"}],"curies":[{"name":"wp","href":"https:\/\/api.w.org\/{rel}","templated":true}]}}