{"id":18626,"date":"2024-07-22T17:25:15","date_gmt":"2024-07-22T14:25:15","guid":{"rendered":"https:\/\/www.athena-cbh.com\/pokoje\/"},"modified":"2025-03-10T13:10:52","modified_gmt":"2025-03-10T10:10:52","slug":"pokoje","status":"publish","type":"page","link":"https:\/\/www.athena-cbh.com\/pl\/pokoje\/","title":{"rendered":"Pokoje i apartamenty"},"content":{"rendered":"<p>Hotel Athena Beach oferuje <strong>520<\/strong> pi\u0119knie urz\u0105dzonych pokoi i apartament\u00f3w.<br \/>\nWszystkie pokoje i apartamenty posiadaj\u0105 przestronne balkony lub tarasy z widokiem na spokojne Morze \u015ar\u00f3dziemne lub nasze kolorowe ogrody.<\/p>\n","protected":false},"excerpt":{"rendered":"<p>Hotel Athena Beach oferuje 520 pi\u0119knie urz\u0105dzonych pokoi i apartament\u00f3w. Wszystkie pokoje i apartamenty posiadaj\u0105 przestronne balkony lub tarasy z widokiem na spokojne Morze \u015ar\u00f3dziemne lub nasze kolorowe ogrody.<\/p>\n","protected":false},"author":2,"featured_media":18630,"parent":0,"menu_order":0,"comment_status":"closed","ping_status":"closed","template":"page-templates\/rooms.php","meta":{"_acf_changed":false,"footnotes":""},"class_list":["post-18626","page","type-page","status-publish","has-post-thumbnail","hentry"],"acf":[],"yoast_head":"<!-- This site is optimized with the Yoast SEO plugin v27.5 - https:\/\/yoast.com\/product\/yoast-seo-wordpress\/ -->\n<title>Zakwaterowanie na Cyprze przy pla\u017cy Pafos || Athena Beach Hotel<\/title>\n<meta name=\"description\" content=\"W Athena Beach by Constantinou Bros Hotels znajd\u0105 Pa\u0144stwo najlepszy wyb\u00f3r zakwaterowania na Cyprze w Pafos wzd\u0142u\u017c pla\u017cy na s\u0142oneczne wakacje.\" \/>\n<meta name=\"robots\" content=\"index, follow, max-snippet:-1, max-image-preview:large, max-video-preview:-1\" \/>\n<link rel=\"canonical\" href=\"https:\/\/www.athena-cbh.com\/pl\/pokoje\/\" \/>\n<meta property=\"og:locale\" content=\"pl_PL\" \/>\n<meta property=\"og:type\" content=\"article\" \/>\n<meta property=\"og:title\" content=\"Zakwaterowanie na Cyprze przy pla\u017cy Pafos || Athena Beach Hotel\" \/>\n<meta property=\"og:description\" content=\"W Athena Beach by Constantinou Bros Hotels znajd\u0105 Pa\u0144stwo najlepszy wyb\u00f3r zakwaterowania na Cyprze w Pafos wzd\u0142u\u017c pla\u017cy na s\u0142oneczne wakacje.\" \/>\n<meta property=\"og:url\" content=\"https:\/\/www.athena-cbh.com\/pl\/pokoje\/\" \/>\n<meta property=\"og:site_name\" content=\"Athena Beach Hotel\" \/>\n<meta property=\"article:modified_time\" content=\"2025-03-10T10:10:52+00:00\" \/>\n<meta property=\"og:image\" content=\"https:\/\/www.athena-cbh.com\/app\/uploads\/sites\/20\/2021\/08\/47-ATHENA-BEACH-HOTEL-SUPERIOR-DELUXE-ROOM-WITH-TERRACE-scaled.jpg\" \/>\n\t<meta property=\"og:image:width\" content=\"2560\" \/>\n\t<meta property=\"og:image:height\" content=\"1707\" \/>\n\t<meta property=\"og:image:type\" content=\"image\/jpeg\" \/>\n<meta name=\"twitter:card\" content=\"summary_large_image\" \/>\n<meta name=\"twitter:label1\" content=\"Est. reading time\" \/>\n\t<meta name=\"twitter:data1\" content=\"1 minute\" \/>\n<script type=\"application\/ld+json\" class=\"yoast-schema-graph\">{\"@context\":\"https:\\\/\\\/schema.org\",\"@graph\":[{\"@type\":\"WebPage\",\"@id\":\"https:\\\/\\\/www.athena-cbh.com\\\/pl\\\/pokoje\\\/\",\"url\":\"https:\\\/\\\/www.athena-cbh.com\\\/pl\\\/pokoje\\\/\",\"name\":\"Zakwaterowanie na Cyprze przy pla\u017cy Pafos || Athena Beach Hotel\",\"isPartOf\":{\"@id\":\"https:\\\/\\\/www.athena-cbh.com\\\/pl\\\/#website\"},\"primaryImageOfPage\":{\"@id\":\"https:\\\/\\\/www.athena-cbh.com\\\/pl\\\/pokoje\\\/#primaryimage\"},\"image\":{\"@id\":\"https:\\\/\\\/www.athena-cbh.com\\\/pl\\\/pokoje\\\/#primaryimage\"},\"thumbnailUrl\":\"https:\\\/\\\/www.athena-cbh.com\\\/app\\\/uploads\\\/sites\\\/20\\\/2021\\\/08\\\/47-ATHENA-BEACH-HOTEL-SUPERIOR-DELUXE-ROOM-WITH-TERRACE-scaled.jpg\",\"datePublished\":\"2024-07-22T14:25:15+00:00\",\"dateModified\":\"2025-03-10T10:10:52+00:00\",\"description\":\"W Athena Beach by Constantinou Bros Hotels znajd\u0105 Pa\u0144stwo najlepszy wyb\u00f3r zakwaterowania na Cyprze w Pafos wzd\u0142u\u017c pla\u017cy na s\u0142oneczne wakacje.\",\"breadcrumb\":{\"@id\":\"https:\\\/\\\/www.athena-cbh.com\\\/pl\\\/pokoje\\\/#breadcrumb\"},\"inLanguage\":\"pl-PL\",\"potentialAction\":[{\"@type\":\"ReadAction\",\"target\":[\"https:\\\/\\\/www.athena-cbh.com\\\/pl\\\/pokoje\\\/\"]}]},{\"@type\":\"ImageObject\",\"inLanguage\":\"pl-PL\",\"@id\":\"https:\\\/\\\/www.athena-cbh.com\\\/pl\\\/pokoje\\\/#primaryimage\",\"url\":\"https:\\\/\\\/www.athena-cbh.com\\\/app\\\/uploads\\\/sites\\\/20\\\/2021\\\/08\\\/47-ATHENA-BEACH-HOTEL-SUPERIOR-DELUXE-ROOM-WITH-TERRACE-scaled.jpg\",\"contentUrl\":\"https:\\\/\\\/www.athena-cbh.com\\\/app\\\/uploads\\\/sites\\\/20\\\/2021\\\/08\\\/47-ATHENA-BEACH-HOTEL-SUPERIOR-DELUXE-ROOM-WITH-TERRACE-scaled.jpg\",\"width\":2560,\"height\":1707},{\"@type\":\"BreadcrumbList\",\"@id\":\"https:\\\/\\\/www.athena-cbh.com\\\/pl\\\/pokoje\\\/#breadcrumb\",\"itemListElement\":[{\"@type\":\"ListItem\",\"position\":1,\"name\":\"Home\",\"item\":\"https:\\\/\\\/www.athena-cbh.com\\\/pl\\\/\"},{\"@type\":\"ListItem\",\"position\":2,\"name\":\"Pokoje i apartamenty\"}]},{\"@type\":\"WebSite\",\"@id\":\"https:\\\/\\\/www.athena-cbh.com\\\/pl\\\/#website\",\"url\":\"https:\\\/\\\/www.athena-cbh.com\\\/pl\\\/\",\"name\":\"Athena Beach Hotel\",\"description\":\"Constantinou Bros Athena Beach Hotel, 4 star hotel in Paphos Cyprus\",\"potentialAction\":[{\"@type\":\"SearchAction\",\"target\":{\"@type\":\"EntryPoint\",\"urlTemplate\":\"https:\\\/\\\/www.athena-cbh.com\\\/pl\\\/?s={search_term_string}\"},\"query-input\":{\"@type\":\"PropertyValueSpecification\",\"valueRequired\":true,\"valueName\":\"search_term_string\"}}],\"inLanguage\":\"pl-PL\"}]}<\/script>\n<!-- \/ Yoast SEO plugin. -->","yoast_head_json":{"title":"Zakwaterowanie na Cyprze przy pla\u017cy Pafos || Athena Beach Hotel","description":"W Athena Beach by Constantinou Bros Hotels znajd\u0105 Pa\u0144stwo najlepszy wyb\u00f3r zakwaterowania na Cyprze w Pafos wzd\u0142u\u017c pla\u017cy na s\u0142oneczne wakacje.","robots":{"index":"index","follow":"follow","max-snippet":"max-snippet:-1","max-image-preview":"max-image-preview:large","max-video-preview":"max-video-preview:-1"},"canonical":"https:\/\/www.athena-cbh.com\/pl\/pokoje\/","og_locale":"pl_PL","og_type":"article","og_title":"Zakwaterowanie na Cyprze przy pla\u017cy Pafos || Athena Beach Hotel","og_description":"W Athena Beach by Constantinou Bros Hotels znajd\u0105 Pa\u0144stwo najlepszy wyb\u00f3r zakwaterowania na Cyprze w Pafos wzd\u0142u\u017c pla\u017cy na s\u0142oneczne wakacje.","og_url":"https:\/\/www.athena-cbh.com\/pl\/pokoje\/","og_site_name":"Athena Beach Hotel","article_modified_time":"2025-03-10T10:10:52+00:00","og_image":[{"width":2560,"height":1707,"url":"https:\/\/www.athena-cbh.com\/app\/uploads\/sites\/20\/2021\/08\/47-ATHENA-BEACH-HOTEL-SUPERIOR-DELUXE-ROOM-WITH-TERRACE-scaled.jpg","type":"image\/jpeg"}],"twitter_card":"summary_large_image","twitter_misc":{"Est. reading time":"1 minute"},"schema":{"@context":"https:\/\/schema.org","@graph":[{"@type":"WebPage","@id":"https:\/\/www.athena-cbh.com\/pl\/pokoje\/","url":"https:\/\/www.athena-cbh.com\/pl\/pokoje\/","name":"Zakwaterowanie na Cyprze przy pla\u017cy Pafos || Athena Beach Hotel","isPartOf":{"@id":"https:\/\/www.athena-cbh.com\/pl\/#website"},"primaryImageOfPage":{"@id":"https:\/\/www.athena-cbh.com\/pl\/pokoje\/#primaryimage"},"image":{"@id":"https:\/\/www.athena-cbh.com\/pl\/pokoje\/#primaryimage"},"thumbnailUrl":"https:\/\/www.athena-cbh.com\/app\/uploads\/sites\/20\/2021\/08\/47-ATHENA-BEACH-HOTEL-SUPERIOR-DELUXE-ROOM-WITH-TERRACE-scaled.jpg","datePublished":"2024-07-22T14:25:15+00:00","dateModified":"2025-03-10T10:10:52+00:00","description":"W Athena Beach by Constantinou Bros Hotels znajd\u0105 Pa\u0144stwo najlepszy wyb\u00f3r zakwaterowania na Cyprze w Pafos wzd\u0142u\u017c pla\u017cy na s\u0142oneczne wakacje.","breadcrumb":{"@id":"https:\/\/www.athena-cbh.com\/pl\/pokoje\/#breadcrumb"},"inLanguage":"pl-PL","potentialAction":[{"@type":"ReadAction","target":["https:\/\/www.athena-cbh.com\/pl\/pokoje\/"]}]},{"@type":"ImageObject","inLanguage":"pl-PL","@id":"https:\/\/www.athena-cbh.com\/pl\/pokoje\/#primaryimage","url":"https:\/\/www.athena-cbh.com\/app\/uploads\/sites\/20\/2021\/08\/47-ATHENA-BEACH-HOTEL-SUPERIOR-DELUXE-ROOM-WITH-TERRACE-scaled.jpg","contentUrl":"https:\/\/www.athena-cbh.com\/app\/uploads\/sites\/20\/2021\/08\/47-ATHENA-BEACH-HOTEL-SUPERIOR-DELUXE-ROOM-WITH-TERRACE-scaled.jpg","width":2560,"height":1707},{"@type":"BreadcrumbList","@id":"https:\/\/www.athena-cbh.com\/pl\/pokoje\/#breadcrumb","itemListElement":[{"@type":"ListItem","position":1,"name":"Home","item":"https:\/\/www.athena-cbh.com\/pl\/"},{"@type":"ListItem","position":2,"name":"Pokoje i apartamenty"}]},{"@type":"WebSite","@id":"https:\/\/www.athena-cbh.com\/pl\/#website","url":"https:\/\/www.athena-cbh.com\/pl\/","name":"Athena Beach Hotel","description":"Constantinou Bros Athena Beach Hotel, 4 star hotel in Paphos Cyprus","potentialAction":[{"@type":"SearchAction","target":{"@type":"EntryPoint","urlTemplate":"https:\/\/www.athena-cbh.com\/pl\/?s={search_term_string}"},"query-input":{"@type":"PropertyValueSpecification","valueRequired":true,"valueName":"search_term_string"}}],"inLanguage":"pl-PL"}]}},"_links":{"self":[{"href":"https:\/\/www.athena-cbh.com\/pl\/wp-json\/wp\/v2\/pages\/18626","targetHints":{"allow":["GET"]}}],"collection":[{"href":"https:\/\/www.athena-cbh.com\/pl\/wp-json\/wp\/v2\/pages"}],"about":[{"href":"https:\/\/www.athena-cbh.com\/pl\/wp-json\/wp\/v2\/types\/page"}],"author":[{"embeddable":true,"href":"https:\/\/www.athena-cbh.com\/pl\/wp-json\/wp\/v2\/users\/2"}],"replies":[{"embeddable":true,"href":"https:\/\/www.athena-cbh.com\/pl\/wp-json\/wp\/v2\/comments?post=18626"}],"version-history":[{"count":2,"href":"https:\/\/www.athena-cbh.com\/pl\/wp-json\/wp\/v2\/pages\/18626\/revisions"}],"predecessor-version":[{"id":21878,"href":"https:\/\/www.athena-cbh.com\/pl\/wp-json\/wp\/v2\/pages\/18626\/revisions\/21878"}],"wp:featuredmedia":[{"embeddable":true,"href":"https:\/\/www.athena-cbh.com\/pl\/wp-json\/wp\/v2\/media\/18630"}],"wp:attachment":[{"href":"https:\/\/www.athena-cbh.com\/pl\/wp-json\/wp\/v2\/media?parent=18626"}],"curies":[{"name":"wp","href":"https:\/\/api.w.org\/{rel}","templated":true}]}}