{"id":18618,"date":"2024-07-22T17:25:08","date_gmt":"2024-07-22T14:25:08","guid":{"rendered":"https:\/\/www.athena-cbh.com\/dining\/jadalnia-opcje\/"},"modified":"2024-09-16T19:08:59","modified_gmt":"2024-09-16T16:08:59","slug":"jadalnia-opcje","status":"publish","type":"page","link":"https:\/\/www.athena-cbh.com\/pl\/jadalnia\/jadalnia-opcje\/","title":{"rendered":"Opcje posi\u0142k\u00f3w"},"content":{"rendered":"<p><strong>Opcje posi\u0142k\u00f3w <\/strong><\/p>\n<ul>\n<li>Elastyczny pakiet wy\u017cywienia jest dost\u0119pny minimum 4 dni w tygodniu.<\/li>\n<li>Lunch: mo\u017cna zje\u015b\u0107 w restauracji Leda, \u015br\u00f3dziemnomorskiej restauracji Adonis i barze przy pla\u017cy Helios.<\/li>\n<li>Kolacja: jest dost\u0119pna w restauracji Atrium, restauracji Zephyr (tylko dla doros\u0142ych) i restauracji Leda (Table d&#8217;h\u00f4te &#8211; wymagana wcze\u015bniejsza rezerwacja).<br \/>\nDania do wyboru z karty dost\u0119pne s\u0105 w restauracjach Zephyr (tylko dla doros\u0142ych), Adonis i Palm Tree za dodatkow\u0105 op\u0142at\u0105 (wymagana wcze\u015bniejsza rezerwacja).<\/li>\n<\/ul>\n<p><strong>Pakiet Premium (opcja Ultra All-Inclusive) <\/strong><\/p>\n<ul>\n<li>Prosz\u0119 skorzysta\u0107 z naszego pakietu Premium (opcja Ultra all-inclusive) dla pokoi typu classic, superior i apartament\u00f3w.<\/li>\n<li>Opcja Ultra All Inclusive obejmuje pe\u0142ne wy\u017cywienie (\u015bniadanie, obiad i kolacj\u0119) oraz przek\u0105ski, lody, wod\u0119, napoje alkoholowe i bezalkoholowe, gor\u0105ce i zimne napoje przez ca\u0142y dzie\u0144.<\/li>\n<\/ul>\n<p>Aby dowiedzie\u0107 si\u0119 wi\u0119cej o pakiecie Premium, prosz\u0119 <a href=\"https:\/\/www.athena-cbh.com\/app\/uploads\/sites\/20\/2022\/08\/ATHENA-BEACH-HOTEL-PREMIUM-PACKAGE-AI-OPTION-ENG.pdf\" target=\"_blank\" rel=\"noopener noreferrer\">klikn\u0105\u0107<\/a><strong>tutajObs\u0142uga<\/strong> pokoju W menu obs\u0142ugi pokoju, kt\u00f3re jest dost\u0119pne 24 godziny na dob\u0119, proponowane s\u0105 wy\u015bmienite potrawy i napoje. <strong>Przydatne informacje<\/strong><\/p>\n<div class=\"page\" data-page-number=\"2\" data-loaded=\"true\">\n<div class=\"textLayer\">Produkty bezglutenowe i bezlaktozowe s\u0105 dost\u0119pne na \u017cyczenie (prosimy skontaktowa\u0107 si\u0119 z recepcj\u0105 lub dzia\u0142em obs\u0142ugi Go\u015bci).<\/div>\n<\/div>\n<p>Menu dla dzieci i wczesne kolacje: dost\u0119pne na \u017cyczenie.<br \/>\nDost\u0119pne warunki: Bed &amp; Breakfast, Half Board, Full Board oraz Premium Package-Ultra All Inclusive.<\/p>\n","protected":false},"excerpt":{"rendered":"<p>Opcje posi\u0142k\u00f3w Elastyczny pakiet wy\u017cywienia jest dost\u0119pny minimum 4 dni w tygodniu. Lunch: mo\u017cna zje\u015b\u0107 w restauracji Leda, \u015br\u00f3dziemnomorskiej restauracji Adonis i barze przy pla\u017cy Helios. Kolacja: jest dost\u0119pna w restauracji Atrium, restauracji Zephyr (tylko dla doros\u0142ych) i restauracji Leda (Table d&#8217;h\u00f4te &#8211; wymagana wcze\u015bniejsza rezerwacja). Dania do wyboru z karty dost\u0119pne s\u0105 w restauracjach<\/p>\n","protected":false},"author":12,"featured_media":18619,"parent":18047,"menu_order":0,"comment_status":"closed","ping_status":"closed","template":"","meta":{"_acf_changed":false,"footnotes":""},"class_list":["post-18618","page","type-page","status-publish","has-post-thumbnail","hentry"],"acf":[],"yoast_head":"<!-- This site is optimized with the Yoast SEO plugin v27.5 - https:\/\/yoast.com\/product\/yoast-seo-wordpress\/ -->\n<title>Athena beach hotel Paphos opcje gastronomiczne || Athena Beach Hotel<\/title>\n<meta name=\"description\" content=\"Dowiedz si\u0119 wi\u0119cej o opcjach wy\u017cywienia w hotelu Athena Beach w Pafos, takich jak elastyczne posi\u0142ki, lunch, kolacja, obs\u0142uga pokoju i pakiet Premium all inclusive.\" \/>\n<meta name=\"robots\" content=\"index, follow, max-snippet:-1, max-image-preview:large, max-video-preview:-1\" \/>\n<link rel=\"canonical\" href=\"https:\/\/www.athena-cbh.com\/pl\/jadalnia\/jadalnia-opcje\/\" \/>\n<meta property=\"og:locale\" content=\"pl_PL\" \/>\n<meta property=\"og:type\" content=\"article\" \/>\n<meta property=\"og:title\" content=\"Athena beach hotel Paphos opcje gastronomiczne || Athena Beach Hotel\" \/>\n<meta property=\"og:description\" content=\"Dowiedz si\u0119 wi\u0119cej o opcjach wy\u017cywienia w hotelu Athena Beach w Pafos, takich jak elastyczne posi\u0142ki, lunch, kolacja, obs\u0142uga pokoju i pakiet Premium all inclusive.\" \/>\n<meta property=\"og:url\" content=\"https:\/\/www.athena-cbh.com\/pl\/jadalnia\/jadalnia-opcje\/\" \/>\n<meta property=\"og:site_name\" content=\"Athena Beach Hotel\" \/>\n<meta property=\"article:modified_time\" content=\"2024-09-16T16:08:59+00:00\" \/>\n<meta property=\"og:image\" content=\"https:\/\/www.athena-cbh.com\/app\/uploads\/sites\/20\/2022\/07\/26-ATHENA-BEACH-HOTEL-LEDA-ITALIAN-RESTAURANT-scaled-e1657778739571.jpg\" \/>\n\t<meta property=\"og:image:width\" content=\"1920\" \/>\n\t<meta property=\"og:image:height\" content=\"1280\" \/>\n\t<meta property=\"og:image:type\" content=\"image\/jpeg\" \/>\n<meta name=\"twitter:card\" content=\"summary_large_image\" \/>\n<meta name=\"twitter:label1\" content=\"Est. reading time\" \/>\n\t<meta name=\"twitter:data1\" content=\"2 minutes\" \/>\n<script type=\"application\/ld+json\" class=\"yoast-schema-graph\">{\"@context\":\"https:\\\/\\\/schema.org\",\"@graph\":[{\"@type\":\"WebPage\",\"@id\":\"https:\\\/\\\/www.athena-cbh.com\\\/pl\\\/jadalnia\\\/jadalnia-opcje\\\/\",\"url\":\"https:\\\/\\\/www.athena-cbh.com\\\/pl\\\/jadalnia\\\/jadalnia-opcje\\\/\",\"name\":\"Athena beach hotel Paphos opcje gastronomiczne || Athena Beach Hotel\",\"isPartOf\":{\"@id\":\"https:\\\/\\\/www.athena-cbh.com\\\/pl\\\/#website\"},\"primaryImageOfPage\":{\"@id\":\"https:\\\/\\\/www.athena-cbh.com\\\/pl\\\/jadalnia\\\/jadalnia-opcje\\\/#primaryimage\"},\"image\":{\"@id\":\"https:\\\/\\\/www.athena-cbh.com\\\/pl\\\/jadalnia\\\/jadalnia-opcje\\\/#primaryimage\"},\"thumbnailUrl\":\"https:\\\/\\\/www.athena-cbh.com\\\/app\\\/uploads\\\/sites\\\/20\\\/2022\\\/07\\\/26-ATHENA-BEACH-HOTEL-LEDA-ITALIAN-RESTAURANT-scaled-e1657778739571.jpg\",\"datePublished\":\"2024-07-22T14:25:08+00:00\",\"dateModified\":\"2024-09-16T16:08:59+00:00\",\"description\":\"Dowiedz si\u0119 wi\u0119cej o opcjach wy\u017cywienia w hotelu Athena Beach w Pafos, takich jak elastyczne posi\u0142ki, lunch, kolacja, obs\u0142uga pokoju i pakiet Premium all inclusive.\",\"breadcrumb\":{\"@id\":\"https:\\\/\\\/www.athena-cbh.com\\\/pl\\\/jadalnia\\\/jadalnia-opcje\\\/#breadcrumb\"},\"inLanguage\":\"pl-PL\",\"potentialAction\":[{\"@type\":\"ReadAction\",\"target\":[\"https:\\\/\\\/www.athena-cbh.com\\\/pl\\\/jadalnia\\\/jadalnia-opcje\\\/\"]}]},{\"@type\":\"ImageObject\",\"inLanguage\":\"pl-PL\",\"@id\":\"https:\\\/\\\/www.athena-cbh.com\\\/pl\\\/jadalnia\\\/jadalnia-opcje\\\/#primaryimage\",\"url\":\"https:\\\/\\\/www.athena-cbh.com\\\/app\\\/uploads\\\/sites\\\/20\\\/2022\\\/07\\\/26-ATHENA-BEACH-HOTEL-LEDA-ITALIAN-RESTAURANT-scaled-e1657778739571.jpg\",\"contentUrl\":\"https:\\\/\\\/www.athena-cbh.com\\\/app\\\/uploads\\\/sites\\\/20\\\/2022\\\/07\\\/26-ATHENA-BEACH-HOTEL-LEDA-ITALIAN-RESTAURANT-scaled-e1657778739571.jpg\",\"width\":1920,\"height\":1280,\"caption\":\"Leda Italian Restaurant\"},{\"@type\":\"BreadcrumbList\",\"@id\":\"https:\\\/\\\/www.athena-cbh.com\\\/pl\\\/jadalnia\\\/jadalnia-opcje\\\/#breadcrumb\",\"itemListElement\":[{\"@type\":\"ListItem\",\"position\":1,\"name\":\"Home\",\"item\":\"https:\\\/\\\/www.athena-cbh.com\\\/pl\\\/\"},{\"@type\":\"ListItem\",\"position\":2,\"name\":\"Jadalnia\",\"item\":\"https:\\\/\\\/www.athena-cbh.com\\\/pl\\\/jadalnia\\\/\"},{\"@type\":\"ListItem\",\"position\":3,\"name\":\"Opcje posi\u0142k\u00f3w\"}]},{\"@type\":\"WebSite\",\"@id\":\"https:\\\/\\\/www.athena-cbh.com\\\/pl\\\/#website\",\"url\":\"https:\\\/\\\/www.athena-cbh.com\\\/pl\\\/\",\"name\":\"Athena Beach Hotel\",\"description\":\"Constantinou Bros Athena Beach Hotel, 4 star hotel in Paphos Cyprus\",\"potentialAction\":[{\"@type\":\"SearchAction\",\"target\":{\"@type\":\"EntryPoint\",\"urlTemplate\":\"https:\\\/\\\/www.athena-cbh.com\\\/pl\\\/?s={search_term_string}\"},\"query-input\":{\"@type\":\"PropertyValueSpecification\",\"valueRequired\":true,\"valueName\":\"search_term_string\"}}],\"inLanguage\":\"pl-PL\"}]}<\/script>\n<!-- \/ Yoast SEO plugin. -->","yoast_head_json":{"title":"Athena beach hotel Paphos opcje gastronomiczne || Athena Beach Hotel","description":"Dowiedz si\u0119 wi\u0119cej o opcjach wy\u017cywienia w hotelu Athena Beach w Pafos, takich jak elastyczne posi\u0142ki, lunch, kolacja, obs\u0142uga pokoju i pakiet Premium all inclusive.","robots":{"index":"index","follow":"follow","max-snippet":"max-snippet:-1","max-image-preview":"max-image-preview:large","max-video-preview":"max-video-preview:-1"},"canonical":"https:\/\/www.athena-cbh.com\/pl\/jadalnia\/jadalnia-opcje\/","og_locale":"pl_PL","og_type":"article","og_title":"Athena beach hotel Paphos opcje gastronomiczne || Athena Beach Hotel","og_description":"Dowiedz si\u0119 wi\u0119cej o opcjach wy\u017cywienia w hotelu Athena Beach w Pafos, takich jak elastyczne posi\u0142ki, lunch, kolacja, obs\u0142uga pokoju i pakiet Premium all inclusive.","og_url":"https:\/\/www.athena-cbh.com\/pl\/jadalnia\/jadalnia-opcje\/","og_site_name":"Athena Beach Hotel","article_modified_time":"2024-09-16T16:08:59+00:00","og_image":[{"width":1920,"height":1280,"url":"https:\/\/www.athena-cbh.com\/app\/uploads\/sites\/20\/2022\/07\/26-ATHENA-BEACH-HOTEL-LEDA-ITALIAN-RESTAURANT-scaled-e1657778739571.jpg","type":"image\/jpeg"}],"twitter_card":"summary_large_image","twitter_misc":{"Est. reading time":"2 minutes"},"schema":{"@context":"https:\/\/schema.org","@graph":[{"@type":"WebPage","@id":"https:\/\/www.athena-cbh.com\/pl\/jadalnia\/jadalnia-opcje\/","url":"https:\/\/www.athena-cbh.com\/pl\/jadalnia\/jadalnia-opcje\/","name":"Athena beach hotel Paphos opcje gastronomiczne || Athena Beach Hotel","isPartOf":{"@id":"https:\/\/www.athena-cbh.com\/pl\/#website"},"primaryImageOfPage":{"@id":"https:\/\/www.athena-cbh.com\/pl\/jadalnia\/jadalnia-opcje\/#primaryimage"},"image":{"@id":"https:\/\/www.athena-cbh.com\/pl\/jadalnia\/jadalnia-opcje\/#primaryimage"},"thumbnailUrl":"https:\/\/www.athena-cbh.com\/app\/uploads\/sites\/20\/2022\/07\/26-ATHENA-BEACH-HOTEL-LEDA-ITALIAN-RESTAURANT-scaled-e1657778739571.jpg","datePublished":"2024-07-22T14:25:08+00:00","dateModified":"2024-09-16T16:08:59+00:00","description":"Dowiedz si\u0119 wi\u0119cej o opcjach wy\u017cywienia w hotelu Athena Beach w Pafos, takich jak elastyczne posi\u0142ki, lunch, kolacja, obs\u0142uga pokoju i pakiet Premium all inclusive.","breadcrumb":{"@id":"https:\/\/www.athena-cbh.com\/pl\/jadalnia\/jadalnia-opcje\/#breadcrumb"},"inLanguage":"pl-PL","potentialAction":[{"@type":"ReadAction","target":["https:\/\/www.athena-cbh.com\/pl\/jadalnia\/jadalnia-opcje\/"]}]},{"@type":"ImageObject","inLanguage":"pl-PL","@id":"https:\/\/www.athena-cbh.com\/pl\/jadalnia\/jadalnia-opcje\/#primaryimage","url":"https:\/\/www.athena-cbh.com\/app\/uploads\/sites\/20\/2022\/07\/26-ATHENA-BEACH-HOTEL-LEDA-ITALIAN-RESTAURANT-scaled-e1657778739571.jpg","contentUrl":"https:\/\/www.athena-cbh.com\/app\/uploads\/sites\/20\/2022\/07\/26-ATHENA-BEACH-HOTEL-LEDA-ITALIAN-RESTAURANT-scaled-e1657778739571.jpg","width":1920,"height":1280,"caption":"Leda Italian Restaurant"},{"@type":"BreadcrumbList","@id":"https:\/\/www.athena-cbh.com\/pl\/jadalnia\/jadalnia-opcje\/#breadcrumb","itemListElement":[{"@type":"ListItem","position":1,"name":"Home","item":"https:\/\/www.athena-cbh.com\/pl\/"},{"@type":"ListItem","position":2,"name":"Jadalnia","item":"https:\/\/www.athena-cbh.com\/pl\/jadalnia\/"},{"@type":"ListItem","position":3,"name":"Opcje posi\u0142k\u00f3w"}]},{"@type":"WebSite","@id":"https:\/\/www.athena-cbh.com\/pl\/#website","url":"https:\/\/www.athena-cbh.com\/pl\/","name":"Athena Beach Hotel","description":"Constantinou Bros Athena Beach Hotel, 4 star hotel in Paphos Cyprus","potentialAction":[{"@type":"SearchAction","target":{"@type":"EntryPoint","urlTemplate":"https:\/\/www.athena-cbh.com\/pl\/?s={search_term_string}"},"query-input":{"@type":"PropertyValueSpecification","valueRequired":true,"valueName":"search_term_string"}}],"inLanguage":"pl-PL"}]}},"_links":{"self":[{"href":"https:\/\/www.athena-cbh.com\/pl\/wp-json\/wp\/v2\/pages\/18618","targetHints":{"allow":["GET"]}}],"collection":[{"href":"https:\/\/www.athena-cbh.com\/pl\/wp-json\/wp\/v2\/pages"}],"about":[{"href":"https:\/\/www.athena-cbh.com\/pl\/wp-json\/wp\/v2\/types\/page"}],"author":[{"embeddable":true,"href":"https:\/\/www.athena-cbh.com\/pl\/wp-json\/wp\/v2\/users\/12"}],"replies":[{"embeddable":true,"href":"https:\/\/www.athena-cbh.com\/pl\/wp-json\/wp\/v2\/comments?post=18618"}],"version-history":[{"count":1,"href":"https:\/\/www.athena-cbh.com\/pl\/wp-json\/wp\/v2\/pages\/18618\/revisions"}],"predecessor-version":[{"id":20259,"href":"https:\/\/www.athena-cbh.com\/pl\/wp-json\/wp\/v2\/pages\/18618\/revisions\/20259"}],"up":[{"embeddable":true,"href":"https:\/\/www.athena-cbh.com\/pl\/wp-json\/wp\/v2\/pages\/18047"}],"wp:featuredmedia":[{"embeddable":true,"href":"https:\/\/www.athena-cbh.com\/pl\/wp-json\/wp\/v2\/media\/18619"}],"wp:attachment":[{"href":"https:\/\/www.athena-cbh.com\/pl\/wp-json\/wp\/v2\/media?parent=18618"}],"curies":[{"name":"wp","href":"https:\/\/api.w.org\/{rel}","templated":true}]}}