{"id":18591,"date":"2024-07-22T17:24:31","date_gmt":"2024-07-22T14:24:31","guid":{"rendered":"https:\/\/www.athena-cbh.com\/swiateczne-dni-athena-beach\/boze-narodzenie-wigilia-wydarzenia\/"},"modified":"2024-12-23T12:42:13","modified_gmt":"2024-12-23T09:42:13","slug":"boze-narodzenie-wigilia-wydarzenia","status":"publish","type":"page","link":"https:\/\/www.athena-cbh.com\/pl\/swiateczne-dni-athena-beach\/boze-narodzenie-wigilia-wydarzenia\/","title":{"rendered":"Wydarzenia wigilijne"},"content":{"rendered":"<p><img loading=\"lazy\" decoding=\"async\" class=\"size-medium wp-image-21240 aligncenter\" src=\"https:\/\/www.athena-cbh.com\/app\/uploads\/sites\/20\/2024\/12\/newsletter-banner-600x50.png\" alt=\"\" width=\"600\" height=\"50\" srcset=\"https:\/\/www.athena-cbh.com\/app\/uploads\/sites\/20\/2024\/12\/newsletter-banner-600x50.png 600w, https:\/\/www.athena-cbh.com\/app\/uploads\/sites\/20\/2024\/12\/newsletter-banner-768x64.png 768w, https:\/\/www.athena-cbh.com\/app\/uploads\/sites\/20\/2024\/12\/newsletter-banner.png 1200w\" sizes=\"auto, (max-width: 600px) 100vw, 600px\" \/><\/p>\n<p><strong><span style=\"color: #bba974;\">WTOREK, 24 GRUDNIA 2024 R., WIGILIA BO\u017bEGO NARODZENIA<\/span><\/strong><\/p>\n<p><span style=\"color: #003366;\">Kol\u0119dy. Choinka lokalnego ch\u00f3ru w Lobby Lounge. Zbierz si\u0119 wok\u00f3\u0142 choinki i ciesz si\u0119 wspania\u0142ymi, ponadczasowymi kol\u0119dami.<\/span><br \/>\n<span style=\"color: #003366;\">Wigilijna gala bufetowa i pokaz Extravaganza w restauracji Atrium serwuj\u0105cej \u015bwi\u0105teczn\u0105 uczt\u0119 smak\u00f3w. Wiecz\u00f3r obejmuje muzyk\u0119 na \u017cywo i pokaz ta\u0144ca, a tak\u017ce wiele opcji kulinarnych do wyboru.<\/span><\/p>\n<p>&nbsp;<\/p>\n<p><span style=\"color: #003366;\"><em>Sprawd\u017a nasz pe\u0142ny program uroczysto\u015bci poni\u017cej.<\/em><\/span><\/p>\n","protected":false},"excerpt":{"rendered":"<p>WTOREK, 24 GRUDNIA 2024 R., WIGILIA BO\u017bEGO NARODZENIA Kol\u0119dy. Choinka lokalnego ch\u00f3ru w Lobby Lounge. Zbierz si\u0119 wok\u00f3\u0142 choinki i ciesz si\u0119 wspania\u0142ymi, ponadczasowymi kol\u0119dami. Wigilijna gala bufetowa i pokaz Extravaganza w restauracji Atrium serwuj\u0105cej \u015bwi\u0105teczn\u0105 uczt\u0119 smak\u00f3w. Wiecz\u00f3r obejmuje muzyk\u0119 na \u017cywo i pokaz ta\u0144ca, a tak\u017ce wiele opcji kulinarnych do wyboru. &nbsp; Sprawd\u017a<\/p>\n","protected":false},"author":367,"featured_media":22590,"parent":18571,"menu_order":0,"comment_status":"closed","ping_status":"closed","template":"","meta":{"_acf_changed":false,"footnotes":""},"class_list":["post-18591","page","type-page","status-publish","has-post-thumbnail","hentry"],"acf":[],"yoast_head":"<!-- This site is optimized with the Yoast SEO plugin v27.5 - https:\/\/yoast.com\/product\/yoast-seo-wordpress\/ -->\n<title>Wydarzenia wigilijne - Athena Beach Hotel<\/title>\n<meta name=\"robots\" content=\"index, follow, max-snippet:-1, max-image-preview:large, max-video-preview:-1\" \/>\n<link rel=\"canonical\" href=\"https:\/\/www.athena-cbh.com\/pl\/swiateczne-dni-athena-beach\/boze-narodzenie-wigilia-wydarzenia\/\" \/>\n<meta property=\"og:locale\" content=\"pl_PL\" \/>\n<meta property=\"og:type\" content=\"article\" \/>\n<meta property=\"og:title\" content=\"Wydarzenia wigilijne - Athena Beach Hotel\" \/>\n<meta property=\"og:description\" content=\"WTOREK, 24 GRUDNIA 2024 R., WIGILIA BO\u017bEGO NARODZENIA Kol\u0119dy. Choinka lokalnego ch\u00f3ru w Lobby Lounge. Zbierz si\u0119 wok\u00f3\u0142 choinki i ciesz si\u0119 wspania\u0142ymi, ponadczasowymi kol\u0119dami. Wigilijna gala bufetowa i pokaz Extravaganza w restauracji Atrium serwuj\u0105cej \u015bwi\u0105teczn\u0105 uczt\u0119 smak\u00f3w. Wiecz\u00f3r obejmuje muzyk\u0119 na \u017cywo i pokaz ta\u0144ca, a tak\u017ce wiele opcji kulinarnych do wyboru. &nbsp; Sprawd\u017a\" \/>\n<meta property=\"og:url\" content=\"https:\/\/www.athena-cbh.com\/pl\/swiateczne-dni-athena-beach\/boze-narodzenie-wigilia-wydarzenia\/\" \/>\n<meta property=\"og:site_name\" content=\"Athena Beach Hotel\" \/>\n<meta property=\"article:modified_time\" content=\"2024-12-23T09:42:13+00:00\" \/>\n<meta property=\"og:image\" content=\"https:\/\/www.athena-cbh.com\/app\/uploads\/sites\/20\/2022\/12\/141-scaled-e1670925217569.jpg\" \/>\n\t<meta property=\"og:image:width\" content=\"2304\" \/>\n\t<meta property=\"og:image:height\" content=\"1612\" \/>\n\t<meta property=\"og:image:type\" content=\"image\/jpeg\" \/>\n<meta name=\"twitter:card\" content=\"summary_large_image\" \/>\n<meta name=\"twitter:label1\" content=\"Est. reading time\" \/>\n\t<meta name=\"twitter:data1\" content=\"1 minute\" \/>\n<script type=\"application\/ld+json\" class=\"yoast-schema-graph\">{\"@context\":\"https:\\\/\\\/schema.org\",\"@graph\":[{\"@type\":\"WebPage\",\"@id\":\"https:\\\/\\\/www.athena-cbh.com\\\/pl\\\/swiateczne-dni-athena-beach\\\/boze-narodzenie-wigilia-wydarzenia\\\/\",\"url\":\"https:\\\/\\\/www.athena-cbh.com\\\/pl\\\/swiateczne-dni-athena-beach\\\/boze-narodzenie-wigilia-wydarzenia\\\/\",\"name\":\"Wydarzenia wigilijne - Athena Beach Hotel\",\"isPartOf\":{\"@id\":\"https:\\\/\\\/www.athena-cbh.com\\\/pl\\\/#website\"},\"primaryImageOfPage\":{\"@id\":\"https:\\\/\\\/www.athena-cbh.com\\\/pl\\\/swiateczne-dni-athena-beach\\\/boze-narodzenie-wigilia-wydarzenia\\\/#primaryimage\"},\"image\":{\"@id\":\"https:\\\/\\\/www.athena-cbh.com\\\/pl\\\/swiateczne-dni-athena-beach\\\/boze-narodzenie-wigilia-wydarzenia\\\/#primaryimage\"},\"thumbnailUrl\":\"https:\\\/\\\/www.athena-cbh.com\\\/app\\\/uploads\\\/sites\\\/20\\\/2025\\\/10\\\/106-scaled.jpg\",\"datePublished\":\"2024-07-22T14:24:31+00:00\",\"dateModified\":\"2024-12-23T09:42:13+00:00\",\"breadcrumb\":{\"@id\":\"https:\\\/\\\/www.athena-cbh.com\\\/pl\\\/swiateczne-dni-athena-beach\\\/boze-narodzenie-wigilia-wydarzenia\\\/#breadcrumb\"},\"inLanguage\":\"pl-PL\",\"potentialAction\":[{\"@type\":\"ReadAction\",\"target\":[\"https:\\\/\\\/www.athena-cbh.com\\\/pl\\\/swiateczne-dni-athena-beach\\\/boze-narodzenie-wigilia-wydarzenia\\\/\"]}]},{\"@type\":\"ImageObject\",\"inLanguage\":\"pl-PL\",\"@id\":\"https:\\\/\\\/www.athena-cbh.com\\\/pl\\\/swiateczne-dni-athena-beach\\\/boze-narodzenie-wigilia-wydarzenia\\\/#primaryimage\",\"url\":\"https:\\\/\\\/www.athena-cbh.com\\\/app\\\/uploads\\\/sites\\\/20\\\/2025\\\/10\\\/106-scaled.jpg\",\"contentUrl\":\"https:\\\/\\\/www.athena-cbh.com\\\/app\\\/uploads\\\/sites\\\/20\\\/2025\\\/10\\\/106-scaled.jpg\",\"width\":2560,\"height\":1707},{\"@type\":\"BreadcrumbList\",\"@id\":\"https:\\\/\\\/www.athena-cbh.com\\\/pl\\\/swiateczne-dni-athena-beach\\\/boze-narodzenie-wigilia-wydarzenia\\\/#breadcrumb\",\"itemListElement\":[{\"@type\":\"ListItem\",\"position\":1,\"name\":\"Home\",\"item\":\"https:\\\/\\\/www.athena-cbh.com\\\/pl\\\/\"},{\"@type\":\"ListItem\",\"position\":2,\"name\":\"Dni \u015bwi\u0105teczne 2024\",\"item\":\"https:\\\/\\\/www.athena-cbh.com\\\/pl\\\/swiateczne-dni-athena-beach\\\/\"},{\"@type\":\"ListItem\",\"position\":3,\"name\":\"Wydarzenia wigilijne\"}]},{\"@type\":\"WebSite\",\"@id\":\"https:\\\/\\\/www.athena-cbh.com\\\/pl\\\/#website\",\"url\":\"https:\\\/\\\/www.athena-cbh.com\\\/pl\\\/\",\"name\":\"Athena Beach Hotel\",\"description\":\"Constantinou Bros Athena Beach Hotel, 4 star hotel in Paphos Cyprus\",\"potentialAction\":[{\"@type\":\"SearchAction\",\"target\":{\"@type\":\"EntryPoint\",\"urlTemplate\":\"https:\\\/\\\/www.athena-cbh.com\\\/pl\\\/?s={search_term_string}\"},\"query-input\":{\"@type\":\"PropertyValueSpecification\",\"valueRequired\":true,\"valueName\":\"search_term_string\"}}],\"inLanguage\":\"pl-PL\"}]}<\/script>\n<!-- \/ Yoast SEO plugin. -->","yoast_head_json":{"title":"Wydarzenia wigilijne - Athena Beach Hotel","robots":{"index":"index","follow":"follow","max-snippet":"max-snippet:-1","max-image-preview":"max-image-preview:large","max-video-preview":"max-video-preview:-1"},"canonical":"https:\/\/www.athena-cbh.com\/pl\/swiateczne-dni-athena-beach\/boze-narodzenie-wigilia-wydarzenia\/","og_locale":"pl_PL","og_type":"article","og_title":"Wydarzenia wigilijne - Athena Beach Hotel","og_description":"WTOREK, 24 GRUDNIA 2024 R., WIGILIA BO\u017bEGO NARODZENIA Kol\u0119dy. Choinka lokalnego ch\u00f3ru w Lobby Lounge. Zbierz si\u0119 wok\u00f3\u0142 choinki i ciesz si\u0119 wspania\u0142ymi, ponadczasowymi kol\u0119dami. Wigilijna gala bufetowa i pokaz Extravaganza w restauracji Atrium serwuj\u0105cej \u015bwi\u0105teczn\u0105 uczt\u0119 smak\u00f3w. Wiecz\u00f3r obejmuje muzyk\u0119 na \u017cywo i pokaz ta\u0144ca, a tak\u017ce wiele opcji kulinarnych do wyboru. &nbsp; Sprawd\u017a","og_url":"https:\/\/www.athena-cbh.com\/pl\/swiateczne-dni-athena-beach\/boze-narodzenie-wigilia-wydarzenia\/","og_site_name":"Athena Beach Hotel","article_modified_time":"2024-12-23T09:42:13+00:00","og_image":[{"width":2304,"height":1612,"url":"https:\/\/www.athena-cbh.com\/app\/uploads\/sites\/20\/2022\/12\/141-scaled-e1670925217569.jpg","type":"image\/jpeg"}],"twitter_card":"summary_large_image","twitter_misc":{"Est. reading time":"1 minute"},"schema":{"@context":"https:\/\/schema.org","@graph":[{"@type":"WebPage","@id":"https:\/\/www.athena-cbh.com\/pl\/swiateczne-dni-athena-beach\/boze-narodzenie-wigilia-wydarzenia\/","url":"https:\/\/www.athena-cbh.com\/pl\/swiateczne-dni-athena-beach\/boze-narodzenie-wigilia-wydarzenia\/","name":"Wydarzenia wigilijne - Athena Beach Hotel","isPartOf":{"@id":"https:\/\/www.athena-cbh.com\/pl\/#website"},"primaryImageOfPage":{"@id":"https:\/\/www.athena-cbh.com\/pl\/swiateczne-dni-athena-beach\/boze-narodzenie-wigilia-wydarzenia\/#primaryimage"},"image":{"@id":"https:\/\/www.athena-cbh.com\/pl\/swiateczne-dni-athena-beach\/boze-narodzenie-wigilia-wydarzenia\/#primaryimage"},"thumbnailUrl":"https:\/\/www.athena-cbh.com\/app\/uploads\/sites\/20\/2025\/10\/106-scaled.jpg","datePublished":"2024-07-22T14:24:31+00:00","dateModified":"2024-12-23T09:42:13+00:00","breadcrumb":{"@id":"https:\/\/www.athena-cbh.com\/pl\/swiateczne-dni-athena-beach\/boze-narodzenie-wigilia-wydarzenia\/#breadcrumb"},"inLanguage":"pl-PL","potentialAction":[{"@type":"ReadAction","target":["https:\/\/www.athena-cbh.com\/pl\/swiateczne-dni-athena-beach\/boze-narodzenie-wigilia-wydarzenia\/"]}]},{"@type":"ImageObject","inLanguage":"pl-PL","@id":"https:\/\/www.athena-cbh.com\/pl\/swiateczne-dni-athena-beach\/boze-narodzenie-wigilia-wydarzenia\/#primaryimage","url":"https:\/\/www.athena-cbh.com\/app\/uploads\/sites\/20\/2025\/10\/106-scaled.jpg","contentUrl":"https:\/\/www.athena-cbh.com\/app\/uploads\/sites\/20\/2025\/10\/106-scaled.jpg","width":2560,"height":1707},{"@type":"BreadcrumbList","@id":"https:\/\/www.athena-cbh.com\/pl\/swiateczne-dni-athena-beach\/boze-narodzenie-wigilia-wydarzenia\/#breadcrumb","itemListElement":[{"@type":"ListItem","position":1,"name":"Home","item":"https:\/\/www.athena-cbh.com\/pl\/"},{"@type":"ListItem","position":2,"name":"Dni \u015bwi\u0105teczne 2024","item":"https:\/\/www.athena-cbh.com\/pl\/swiateczne-dni-athena-beach\/"},{"@type":"ListItem","position":3,"name":"Wydarzenia wigilijne"}]},{"@type":"WebSite","@id":"https:\/\/www.athena-cbh.com\/pl\/#website","url":"https:\/\/www.athena-cbh.com\/pl\/","name":"Athena Beach Hotel","description":"Constantinou Bros Athena Beach Hotel, 4 star hotel in Paphos Cyprus","potentialAction":[{"@type":"SearchAction","target":{"@type":"EntryPoint","urlTemplate":"https:\/\/www.athena-cbh.com\/pl\/?s={search_term_string}"},"query-input":{"@type":"PropertyValueSpecification","valueRequired":true,"valueName":"search_term_string"}}],"inLanguage":"pl-PL"}]}},"_links":{"self":[{"href":"https:\/\/www.athena-cbh.com\/pl\/wp-json\/wp\/v2\/pages\/18591","targetHints":{"allow":["GET"]}}],"collection":[{"href":"https:\/\/www.athena-cbh.com\/pl\/wp-json\/wp\/v2\/pages"}],"about":[{"href":"https:\/\/www.athena-cbh.com\/pl\/wp-json\/wp\/v2\/types\/page"}],"author":[{"embeddable":true,"href":"https:\/\/www.athena-cbh.com\/pl\/wp-json\/wp\/v2\/users\/367"}],"replies":[{"embeddable":true,"href":"https:\/\/www.athena-cbh.com\/pl\/wp-json\/wp\/v2\/comments?post=18591"}],"version-history":[{"count":7,"href":"https:\/\/www.athena-cbh.com\/pl\/wp-json\/wp\/v2\/pages\/18591\/revisions"}],"predecessor-version":[{"id":21579,"href":"https:\/\/www.athena-cbh.com\/pl\/wp-json\/wp\/v2\/pages\/18591\/revisions\/21579"}],"up":[{"embeddable":true,"href":"https:\/\/www.athena-cbh.com\/pl\/wp-json\/wp\/v2\/pages\/18571"}],"wp:featuredmedia":[{"embeddable":true,"href":"https:\/\/www.athena-cbh.com\/pl\/wp-json\/wp\/v2\/media\/22590"}],"wp:attachment":[{"href":"https:\/\/www.athena-cbh.com\/pl\/wp-json\/wp\/v2\/media?parent=18591"}],"curies":[{"name":"wp","href":"https:\/\/api.w.org\/{rel}","templated":true}]}}