{"id":18581,"date":"2024-07-22T17:24:27","date_gmt":"2024-07-22T14:24:27","guid":{"rendered":"https:\/\/www.athena-cbh.com\/swiateczne-dni-athena-beach\/swiat-uroczystosci-oczekuje\/"},"modified":"2024-09-16T19:08:12","modified_gmt":"2024-09-16T16:08:12","slug":"swiat-uroczystosci-oczekuje","status":"publish","type":"page","link":"https:\/\/www.athena-cbh.com\/pl\/swiateczne-dni-athena-beach\/swiat-uroczystosci-oczekuje\/","title":{"rendered":"\u015awiat uroczysto\u015bci czeka na Pa\u0144stwa"},"content":{"rendered":"<p>Dni \u015bwi\u0105teczne to nieko\u0144cz\u0105ca si\u0119 rado\u015b\u0107 i ekscytacja.<br \/>\nZafunduj sobie dobre samopoczucie podczas sesji jogi i pilatesu na \u015bwie\u017cym powietrzu oraz aqua aerobiku w naszym krytym basenie z podgrzewan\u0105 wod\u0105.<br \/>\nZagrajmy w kilka gier, kt\u00f3re wci\u0105gn\u0105 Pa\u0144stwa na chwil\u0119, takich jak minigolf, tenis sto\u0142owy, French Bowls, shuffleboard.<br \/>\n\u015awi\u0119tujmy rado\u015b\u0107 sezonu poprzez r\u00f3\u017cne wieczory z muzyk\u0105 na \u017cywo, imprezy koktajlowe i mn\u00f3stwo ta\u0144ca.<\/p>\n","protected":false},"excerpt":{"rendered":"<p>Dni \u015bwi\u0105teczne to nieko\u0144cz\u0105ca si\u0119 rado\u015b\u0107 i ekscytacja. Zafunduj sobie dobre samopoczucie podczas sesji jogi i pilatesu na \u015bwie\u017cym powietrzu oraz aqua aerobiku w naszym krytym basenie z podgrzewan\u0105 wod\u0105. Zagrajmy w kilka gier, kt\u00f3re wci\u0105gn\u0105 Pa\u0144stwa na chwil\u0119, takich jak minigolf, tenis sto\u0142owy, French Bowls, shuffleboard. \u015awi\u0119tujmy rado\u015b\u0107 sezonu poprzez r\u00f3\u017cne wieczory z muzyk\u0105<\/p>\n","protected":false},"author":367,"featured_media":20059,"parent":18571,"menu_order":0,"comment_status":"closed","ping_status":"closed","template":"","meta":{"_acf_changed":false,"footnotes":""},"class_list":["post-18581","page","type-page","status-publish","has-post-thumbnail","hentry"],"acf":[],"yoast_head":"<!-- This site is optimized with the Yoast SEO plugin v27.5 - https:\/\/yoast.com\/product\/yoast-seo-wordpress\/ -->\n<title>\u015awiat uroczysto\u015bci czeka na Pa\u0144stwa - Athena Beach Hotel<\/title>\n<meta name=\"robots\" content=\"index, follow, max-snippet:-1, max-image-preview:large, max-video-preview:-1\" \/>\n<link rel=\"canonical\" href=\"https:\/\/www.athena-cbh.com\/pl\/swiateczne-dni-athena-beach\/swiat-uroczystosci-oczekuje\/\" \/>\n<meta property=\"og:locale\" content=\"pl_PL\" \/>\n<meta property=\"og:type\" content=\"article\" \/>\n<meta property=\"og:title\" content=\"\u015awiat uroczysto\u015bci czeka na Pa\u0144stwa - Athena Beach Hotel\" \/>\n<meta property=\"og:description\" content=\"Dni \u015bwi\u0105teczne to nieko\u0144cz\u0105ca si\u0119 rado\u015b\u0107 i ekscytacja. Zafunduj sobie dobre samopoczucie podczas sesji jogi i pilatesu na \u015bwie\u017cym powietrzu oraz aqua aerobiku w naszym krytym basenie z podgrzewan\u0105 wod\u0105. Zagrajmy w kilka gier, kt\u00f3re wci\u0105gn\u0105 Pa\u0144stwa na chwil\u0119, takich jak minigolf, tenis sto\u0142owy, French Bowls, shuffleboard. \u015awi\u0119tujmy rado\u015b\u0107 sezonu poprzez r\u00f3\u017cne wieczory z muzyk\u0105\" \/>\n<meta property=\"og:url\" content=\"https:\/\/www.athena-cbh.com\/pl\/swiateczne-dni-athena-beach\/swiat-uroczystosci-oczekuje\/\" \/>\n<meta property=\"og:site_name\" content=\"Athena Beach Hotel\" \/>\n<meta property=\"article:modified_time\" content=\"2024-09-16T16:08:12+00:00\" \/>\n<meta property=\"og:image\" content=\"https:\/\/www.athena-cbh.com\/app\/uploads\/sites\/20\/2022\/12\/133-1-scaled-e1671206646336.jpg\" \/>\n\t<meta property=\"og:image:width\" content=\"986\" \/>\n\t<meta property=\"og:image:height\" content=\"500\" \/>\n\t<meta property=\"og:image:type\" content=\"image\/jpeg\" \/>\n<meta name=\"twitter:card\" content=\"summary_large_image\" \/>\n<meta name=\"twitter:label1\" content=\"Est. reading time\" \/>\n\t<meta name=\"twitter:data1\" content=\"1 minute\" \/>\n<script type=\"application\/ld+json\" class=\"yoast-schema-graph\">{\"@context\":\"https:\\\/\\\/schema.org\",\"@graph\":[{\"@type\":\"WebPage\",\"@id\":\"https:\\\/\\\/www.athena-cbh.com\\\/pl\\\/swiateczne-dni-athena-beach\\\/swiat-uroczystosci-oczekuje\\\/\",\"url\":\"https:\\\/\\\/www.athena-cbh.com\\\/pl\\\/swiateczne-dni-athena-beach\\\/swiat-uroczystosci-oczekuje\\\/\",\"name\":\"\u015awiat uroczysto\u015bci czeka na Pa\u0144stwa - Athena Beach Hotel\",\"isPartOf\":{\"@id\":\"https:\\\/\\\/www.athena-cbh.com\\\/pl\\\/#website\"},\"primaryImageOfPage\":{\"@id\":\"https:\\\/\\\/www.athena-cbh.com\\\/pl\\\/swiateczne-dni-athena-beach\\\/swiat-uroczystosci-oczekuje\\\/#primaryimage\"},\"image\":{\"@id\":\"https:\\\/\\\/www.athena-cbh.com\\\/pl\\\/swiateczne-dni-athena-beach\\\/swiat-uroczystosci-oczekuje\\\/#primaryimage\"},\"thumbnailUrl\":\"https:\\\/\\\/www.athena-cbh.com\\\/app\\\/uploads\\\/sites\\\/20\\\/2022\\\/12\\\/133-1-scaled-e1671206646336.jpg\",\"datePublished\":\"2024-07-22T14:24:27+00:00\",\"dateModified\":\"2024-09-16T16:08:12+00:00\",\"breadcrumb\":{\"@id\":\"https:\\\/\\\/www.athena-cbh.com\\\/pl\\\/swiateczne-dni-athena-beach\\\/swiat-uroczystosci-oczekuje\\\/#breadcrumb\"},\"inLanguage\":\"pl-PL\",\"potentialAction\":[{\"@type\":\"ReadAction\",\"target\":[\"https:\\\/\\\/www.athena-cbh.com\\\/pl\\\/swiateczne-dni-athena-beach\\\/swiat-uroczystosci-oczekuje\\\/\"]}]},{\"@type\":\"ImageObject\",\"inLanguage\":\"pl-PL\",\"@id\":\"https:\\\/\\\/www.athena-cbh.com\\\/pl\\\/swiateczne-dni-athena-beach\\\/swiat-uroczystosci-oczekuje\\\/#primaryimage\",\"url\":\"https:\\\/\\\/www.athena-cbh.com\\\/app\\\/uploads\\\/sites\\\/20\\\/2022\\\/12\\\/133-1-scaled-e1671206646336.jpg\",\"contentUrl\":\"https:\\\/\\\/www.athena-cbh.com\\\/app\\\/uploads\\\/sites\\\/20\\\/2022\\\/12\\\/133-1-scaled-e1671206646336.jpg\",\"width\":986,\"height\":500},{\"@type\":\"BreadcrumbList\",\"@id\":\"https:\\\/\\\/www.athena-cbh.com\\\/pl\\\/swiateczne-dni-athena-beach\\\/swiat-uroczystosci-oczekuje\\\/#breadcrumb\",\"itemListElement\":[{\"@type\":\"ListItem\",\"position\":1,\"name\":\"Home\",\"item\":\"https:\\\/\\\/www.athena-cbh.com\\\/pl\\\/\"},{\"@type\":\"ListItem\",\"position\":2,\"name\":\"Dni \u015bwi\u0105teczne 2024\",\"item\":\"https:\\\/\\\/www.athena-cbh.com\\\/pl\\\/swiateczne-dni-athena-beach\\\/\"},{\"@type\":\"ListItem\",\"position\":3,\"name\":\"\u015awiat uroczysto\u015bci czeka na Pa\u0144stwa\"}]},{\"@type\":\"WebSite\",\"@id\":\"https:\\\/\\\/www.athena-cbh.com\\\/pl\\\/#website\",\"url\":\"https:\\\/\\\/www.athena-cbh.com\\\/pl\\\/\",\"name\":\"Athena Beach Hotel\",\"description\":\"Constantinou Bros Athena Beach Hotel, 4 star hotel in Paphos Cyprus\",\"potentialAction\":[{\"@type\":\"SearchAction\",\"target\":{\"@type\":\"EntryPoint\",\"urlTemplate\":\"https:\\\/\\\/www.athena-cbh.com\\\/pl\\\/?s={search_term_string}\"},\"query-input\":{\"@type\":\"PropertyValueSpecification\",\"valueRequired\":true,\"valueName\":\"search_term_string\"}}],\"inLanguage\":\"pl-PL\"}]}<\/script>\n<!-- \/ Yoast SEO plugin. -->","yoast_head_json":{"title":"\u015awiat uroczysto\u015bci czeka na Pa\u0144stwa - Athena Beach Hotel","robots":{"index":"index","follow":"follow","max-snippet":"max-snippet:-1","max-image-preview":"max-image-preview:large","max-video-preview":"max-video-preview:-1"},"canonical":"https:\/\/www.athena-cbh.com\/pl\/swiateczne-dni-athena-beach\/swiat-uroczystosci-oczekuje\/","og_locale":"pl_PL","og_type":"article","og_title":"\u015awiat uroczysto\u015bci czeka na Pa\u0144stwa - Athena Beach Hotel","og_description":"Dni \u015bwi\u0105teczne to nieko\u0144cz\u0105ca si\u0119 rado\u015b\u0107 i ekscytacja. Zafunduj sobie dobre samopoczucie podczas sesji jogi i pilatesu na \u015bwie\u017cym powietrzu oraz aqua aerobiku w naszym krytym basenie z podgrzewan\u0105 wod\u0105. Zagrajmy w kilka gier, kt\u00f3re wci\u0105gn\u0105 Pa\u0144stwa na chwil\u0119, takich jak minigolf, tenis sto\u0142owy, French Bowls, shuffleboard. \u015awi\u0119tujmy rado\u015b\u0107 sezonu poprzez r\u00f3\u017cne wieczory z muzyk\u0105","og_url":"https:\/\/www.athena-cbh.com\/pl\/swiateczne-dni-athena-beach\/swiat-uroczystosci-oczekuje\/","og_site_name":"Athena Beach Hotel","article_modified_time":"2024-09-16T16:08:12+00:00","og_image":[{"width":986,"height":500,"url":"https:\/\/www.athena-cbh.com\/app\/uploads\/sites\/20\/2022\/12\/133-1-scaled-e1671206646336.jpg","type":"image\/jpeg"}],"twitter_card":"summary_large_image","twitter_misc":{"Est. reading time":"1 minute"},"schema":{"@context":"https:\/\/schema.org","@graph":[{"@type":"WebPage","@id":"https:\/\/www.athena-cbh.com\/pl\/swiateczne-dni-athena-beach\/swiat-uroczystosci-oczekuje\/","url":"https:\/\/www.athena-cbh.com\/pl\/swiateczne-dni-athena-beach\/swiat-uroczystosci-oczekuje\/","name":"\u015awiat uroczysto\u015bci czeka na Pa\u0144stwa - Athena Beach Hotel","isPartOf":{"@id":"https:\/\/www.athena-cbh.com\/pl\/#website"},"primaryImageOfPage":{"@id":"https:\/\/www.athena-cbh.com\/pl\/swiateczne-dni-athena-beach\/swiat-uroczystosci-oczekuje\/#primaryimage"},"image":{"@id":"https:\/\/www.athena-cbh.com\/pl\/swiateczne-dni-athena-beach\/swiat-uroczystosci-oczekuje\/#primaryimage"},"thumbnailUrl":"https:\/\/www.athena-cbh.com\/app\/uploads\/sites\/20\/2022\/12\/133-1-scaled-e1671206646336.jpg","datePublished":"2024-07-22T14:24:27+00:00","dateModified":"2024-09-16T16:08:12+00:00","breadcrumb":{"@id":"https:\/\/www.athena-cbh.com\/pl\/swiateczne-dni-athena-beach\/swiat-uroczystosci-oczekuje\/#breadcrumb"},"inLanguage":"pl-PL","potentialAction":[{"@type":"ReadAction","target":["https:\/\/www.athena-cbh.com\/pl\/swiateczne-dni-athena-beach\/swiat-uroczystosci-oczekuje\/"]}]},{"@type":"ImageObject","inLanguage":"pl-PL","@id":"https:\/\/www.athena-cbh.com\/pl\/swiateczne-dni-athena-beach\/swiat-uroczystosci-oczekuje\/#primaryimage","url":"https:\/\/www.athena-cbh.com\/app\/uploads\/sites\/20\/2022\/12\/133-1-scaled-e1671206646336.jpg","contentUrl":"https:\/\/www.athena-cbh.com\/app\/uploads\/sites\/20\/2022\/12\/133-1-scaled-e1671206646336.jpg","width":986,"height":500},{"@type":"BreadcrumbList","@id":"https:\/\/www.athena-cbh.com\/pl\/swiateczne-dni-athena-beach\/swiat-uroczystosci-oczekuje\/#breadcrumb","itemListElement":[{"@type":"ListItem","position":1,"name":"Home","item":"https:\/\/www.athena-cbh.com\/pl\/"},{"@type":"ListItem","position":2,"name":"Dni \u015bwi\u0105teczne 2024","item":"https:\/\/www.athena-cbh.com\/pl\/swiateczne-dni-athena-beach\/"},{"@type":"ListItem","position":3,"name":"\u015awiat uroczysto\u015bci czeka na Pa\u0144stwa"}]},{"@type":"WebSite","@id":"https:\/\/www.athena-cbh.com\/pl\/#website","url":"https:\/\/www.athena-cbh.com\/pl\/","name":"Athena Beach Hotel","description":"Constantinou Bros Athena Beach Hotel, 4 star hotel in Paphos Cyprus","potentialAction":[{"@type":"SearchAction","target":{"@type":"EntryPoint","urlTemplate":"https:\/\/www.athena-cbh.com\/pl\/?s={search_term_string}"},"query-input":{"@type":"PropertyValueSpecification","valueRequired":true,"valueName":"search_term_string"}}],"inLanguage":"pl-PL"}]}},"_links":{"self":[{"href":"https:\/\/www.athena-cbh.com\/pl\/wp-json\/wp\/v2\/pages\/18581","targetHints":{"allow":["GET"]}}],"collection":[{"href":"https:\/\/www.athena-cbh.com\/pl\/wp-json\/wp\/v2\/pages"}],"about":[{"href":"https:\/\/www.athena-cbh.com\/pl\/wp-json\/wp\/v2\/types\/page"}],"author":[{"embeddable":true,"href":"https:\/\/www.athena-cbh.com\/pl\/wp-json\/wp\/v2\/users\/367"}],"replies":[{"embeddable":true,"href":"https:\/\/www.athena-cbh.com\/pl\/wp-json\/wp\/v2\/comments?post=18581"}],"version-history":[{"count":1,"href":"https:\/\/www.athena-cbh.com\/pl\/wp-json\/wp\/v2\/pages\/18581\/revisions"}],"predecessor-version":[{"id":20825,"href":"https:\/\/www.athena-cbh.com\/pl\/wp-json\/wp\/v2\/pages\/18581\/revisions\/20825"}],"up":[{"embeddable":true,"href":"https:\/\/www.athena-cbh.com\/pl\/wp-json\/wp\/v2\/pages\/18571"}],"wp:featuredmedia":[{"embeddable":true,"href":"https:\/\/www.athena-cbh.com\/pl\/wp-json\/wp\/v2\/media\/20059"}],"wp:attachment":[{"href":"https:\/\/www.athena-cbh.com\/pl\/wp-json\/wp\/v2\/media?parent=18581"}],"curies":[{"name":"wp","href":"https:\/\/api.w.org\/{rel}","templated":true}]}}