{"id":18580,"date":"2024-07-22T17:24:27","date_gmt":"2024-07-22T14:24:27","guid":{"rendered":"https:\/\/www.athena-cbh.com\/swiateczne-dni-athena-beach\/swiateczne-aktywnosci-dla-wszystkich\/"},"modified":"2024-12-19T10:51:35","modified_gmt":"2024-12-19T07:51:35","slug":"swiateczne-aktywnosci-dla-wszystkich","status":"publish","type":"page","link":"https:\/\/www.athena-cbh.com\/pl\/swiateczne-dni-athena-beach\/swiateczne-aktywnosci-dla-wszystkich\/","title":{"rendered":"\u015awi\u0105teczne atrakcje dla wszystkich"},"content":{"rendered":"<p><img loading=\"lazy\" decoding=\"async\" class=\"size-medium wp-image-21240 aligncenter\" src=\"https:\/\/www.athena-cbh.com\/app\/uploads\/sites\/20\/2024\/12\/newsletter-banner-600x50.png\" alt=\"\" width=\"600\" height=\"50\" srcset=\"https:\/\/www.athena-cbh.com\/app\/uploads\/sites\/20\/2024\/12\/newsletter-banner-600x50.png 600w, https:\/\/www.athena-cbh.com\/app\/uploads\/sites\/20\/2024\/12\/newsletter-banner-768x64.png 768w, https:\/\/www.athena-cbh.com\/app\/uploads\/sites\/20\/2024\/12\/newsletter-banner.png 1200w\" sizes=\"auto, (max-width: 600px) 100vw, 600px\" \/><\/p>\n<p><strong><span style=\"color: #bba974;\">WTOREK, 24 GRUDNIA 2024 R.<\/span><\/strong><\/p>\n<p><span style=\"color: #003366;\">Kol\u0119dy. Choinka lokalnego ch\u00f3ru w salonie w holu. Zbierz si\u0119 wok\u00f3\u0142 choinki i ciesz si\u0119 wspania\u0142ymi, ponadczasowymi kol\u0119dami.<\/span><\/p>\n<p><strong><span style=\"color: #bba974;\">\u015aRODA, 25 GRUDNIA 2024 R., DZIE\u0143 BO\u017bEGO NARODZENIA<\/span><\/strong><\/p>\n<p><span style=\"color: #003366;\">\u015awi\u0119ty Miko\u0142aj przyb\u0119dzie do hotelu Athena Beach na wyspie przy basenie lub w holu. Sporz\u0105dzi\u0142 swoj\u0105 list\u0119, sprawdzi\u0142 j\u0105 dwukrotnie i czeka na wszystkich z prezentami.<\/span><br \/>\n<span style=\"color: #003366;\">\u015awi\u0105teczny podwieczorek z naszym spektakularnym akordeonist\u0105 w hotelowym Lobby Lounge. Zrelaksuj si\u0119 w holu i ciesz si\u0119 wiecznie zielonymi melodiami, popijaj\u0105c popo\u0142udniow\u0105 herbat\u0119, serwowan\u0105 z pysznymi \u015bwi\u0105tecznymi specja\u0142ami naszego szefa kuchni.<\/span><\/p>\n<p><strong><span style=\"color: #bba974;\">CZWARTEK, 26 GRUDNIA 2024 R.<\/span><\/strong><\/p>\n<p><span style=\"color: #003366;\">Boxing Day Hot Chocolate Event w towarzystwie naszego spektakularnego akordeonisty, bufet czekoladowy, gor\u0105ca czekolada, Gl\u00fchwein i Eggnog w hotelowym Lobby Lounge<\/span><br \/>\n<span style=\"color: #003366;\">Do\u0142\u0105cz do ANASTAZIO, kt\u00f3ry za\u015bpiewa na \u017cywo w barze Nectar.<\/span><\/p>\n<p><strong><span style=\"color: #bba974;\">PI\u0104TEK, 27 GRUDNIA 2024 R.<\/span><\/strong><\/p>\n<p><span style=\"color: #003366;\">Pokaz greckiego ta\u0144ca tradycyjnego z greck\u0105 muzyk\u0105 na \u017cywo w Athos Lounge.<\/span><\/p>\n<p><strong><span style=\"color: #bba974;\">WTOREK, 31 GRUDNIA 2024 R., WIGILIA NOWEGO ROKU<\/span><\/strong><\/p>\n<p><span style=\"color: #003366;\">Rodzinne poszukiwanie skarb\u00f3w. Miejsce spotkania w restauracji Adonis<\/span><br \/>\n<span style=\"color: #003366;\">Ser, wino i sztuka. Spotkajmy si\u0119 w Athos Lounge. Przyjd\u017a i do\u0142\u0105cz do testowania wina i poka\u017c nam swoje umiej\u0119tno\u015bci w malarstwie.<\/span><\/p>\n<p>&nbsp;<\/p>\n<p><span style=\"color: #003366;\">Sprawd\u017a nasz pe\u0142ny program uroczysto\u015bci poni\u017cej.<\/span><\/p>\n","protected":false},"excerpt":{"rendered":"<p>WTOREK, 24 GRUDNIA 2024 R. Kol\u0119dy. Choinka lokalnego ch\u00f3ru w salonie w holu. Zbierz si\u0119 wok\u00f3\u0142 choinki i ciesz si\u0119 wspania\u0142ymi, ponadczasowymi kol\u0119dami. \u015aRODA, 25 GRUDNIA 2024 R., DZIE\u0143 BO\u017bEGO NARODZENIA \u015awi\u0119ty Miko\u0142aj przyb\u0119dzie do hotelu Athena Beach na wyspie przy basenie lub w holu. Sporz\u0105dzi\u0142 swoj\u0105 list\u0119, sprawdzi\u0142 j\u0105 dwukrotnie i czeka na wszystkich<\/p>\n","protected":false},"author":367,"featured_media":22676,"parent":18571,"menu_order":0,"comment_status":"closed","ping_status":"closed","template":"","meta":{"_acf_changed":false,"footnotes":""},"class_list":["post-18580","page","type-page","status-publish","has-post-thumbnail","hentry"],"acf":[],"yoast_head":"<!-- This site is optimized with the Yoast SEO plugin v27.5 - https:\/\/yoast.com\/product\/yoast-seo-wordpress\/ -->\n<title>\u015awi\u0105teczne atrakcje dla wszystkich - Athena Beach Hotel<\/title>\n<meta name=\"robots\" content=\"index, follow, max-snippet:-1, max-image-preview:large, max-video-preview:-1\" \/>\n<link rel=\"canonical\" href=\"https:\/\/www.athena-cbh.com\/pl\/swiateczne-dni-athena-beach\/swiateczne-aktywnosci-dla-wszystkich\/\" \/>\n<meta property=\"og:locale\" content=\"pl_PL\" \/>\n<meta property=\"og:type\" content=\"article\" \/>\n<meta property=\"og:title\" content=\"\u015awi\u0105teczne atrakcje dla wszystkich - Athena Beach Hotel\" \/>\n<meta property=\"og:description\" content=\"WTOREK, 24 GRUDNIA 2024 R. Kol\u0119dy. Choinka lokalnego ch\u00f3ru w salonie w holu. Zbierz si\u0119 wok\u00f3\u0142 choinki i ciesz si\u0119 wspania\u0142ymi, ponadczasowymi kol\u0119dami. \u015aRODA, 25 GRUDNIA 2024 R., DZIE\u0143 BO\u017bEGO NARODZENIA \u015awi\u0119ty Miko\u0142aj przyb\u0119dzie do hotelu Athena Beach na wyspie przy basenie lub w holu. Sporz\u0105dzi\u0142 swoj\u0105 list\u0119, sprawdzi\u0142 j\u0105 dwukrotnie i czeka na wszystkich\" \/>\n<meta property=\"og:url\" content=\"https:\/\/www.athena-cbh.com\/pl\/swiateczne-dni-athena-beach\/swiateczne-aktywnosci-dla-wszystkich\/\" \/>\n<meta property=\"og:site_name\" content=\"Athena Beach Hotel\" \/>\n<meta property=\"article:modified_time\" content=\"2024-12-19T07:51:35+00:00\" \/>\n<meta property=\"og:image\" content=\"https:\/\/www.athena-cbh.com\/app\/uploads\/sites\/20\/2024\/12\/084-scaled.jpg\" \/>\n\t<meta property=\"og:image:width\" content=\"2560\" \/>\n\t<meta property=\"og:image:height\" content=\"1707\" \/>\n\t<meta property=\"og:image:type\" content=\"image\/jpeg\" \/>\n<meta name=\"twitter:card\" content=\"summary_large_image\" \/>\n<meta name=\"twitter:label1\" content=\"Est. reading time\" \/>\n\t<meta name=\"twitter:data1\" content=\"2 minutes\" \/>\n<script type=\"application\/ld+json\" class=\"yoast-schema-graph\">{\"@context\":\"https:\\\/\\\/schema.org\",\"@graph\":[{\"@type\":\"WebPage\",\"@id\":\"https:\\\/\\\/www.athena-cbh.com\\\/pl\\\/swiateczne-dni-athena-beach\\\/swiateczne-aktywnosci-dla-wszystkich\\\/\",\"url\":\"https:\\\/\\\/www.athena-cbh.com\\\/pl\\\/swiateczne-dni-athena-beach\\\/swiateczne-aktywnosci-dla-wszystkich\\\/\",\"name\":\"\u015awi\u0105teczne atrakcje dla wszystkich - Athena Beach Hotel\",\"isPartOf\":{\"@id\":\"https:\\\/\\\/www.athena-cbh.com\\\/pl\\\/#website\"},\"primaryImageOfPage\":{\"@id\":\"https:\\\/\\\/www.athena-cbh.com\\\/pl\\\/swiateczne-dni-athena-beach\\\/swiateczne-aktywnosci-dla-wszystkich\\\/#primaryimage\"},\"image\":{\"@id\":\"https:\\\/\\\/www.athena-cbh.com\\\/pl\\\/swiateczne-dni-athena-beach\\\/swiateczne-aktywnosci-dla-wszystkich\\\/#primaryimage\"},\"thumbnailUrl\":\"https:\\\/\\\/www.athena-cbh.com\\\/app\\\/uploads\\\/sites\\\/20\\\/2025\\\/10\\\/161-1-scaled.jpg\",\"datePublished\":\"2024-07-22T14:24:27+00:00\",\"dateModified\":\"2024-12-19T07:51:35+00:00\",\"breadcrumb\":{\"@id\":\"https:\\\/\\\/www.athena-cbh.com\\\/pl\\\/swiateczne-dni-athena-beach\\\/swiateczne-aktywnosci-dla-wszystkich\\\/#breadcrumb\"},\"inLanguage\":\"pl-PL\",\"potentialAction\":[{\"@type\":\"ReadAction\",\"target\":[\"https:\\\/\\\/www.athena-cbh.com\\\/pl\\\/swiateczne-dni-athena-beach\\\/swiateczne-aktywnosci-dla-wszystkich\\\/\"]}]},{\"@type\":\"ImageObject\",\"inLanguage\":\"pl-PL\",\"@id\":\"https:\\\/\\\/www.athena-cbh.com\\\/pl\\\/swiateczne-dni-athena-beach\\\/swiateczne-aktywnosci-dla-wszystkich\\\/#primaryimage\",\"url\":\"https:\\\/\\\/www.athena-cbh.com\\\/app\\\/uploads\\\/sites\\\/20\\\/2025\\\/10\\\/161-1-scaled.jpg\",\"contentUrl\":\"https:\\\/\\\/www.athena-cbh.com\\\/app\\\/uploads\\\/sites\\\/20\\\/2025\\\/10\\\/161-1-scaled.jpg\",\"width\":2560,\"height\":1707},{\"@type\":\"BreadcrumbList\",\"@id\":\"https:\\\/\\\/www.athena-cbh.com\\\/pl\\\/swiateczne-dni-athena-beach\\\/swiateczne-aktywnosci-dla-wszystkich\\\/#breadcrumb\",\"itemListElement\":[{\"@type\":\"ListItem\",\"position\":1,\"name\":\"Home\",\"item\":\"https:\\\/\\\/www.athena-cbh.com\\\/pl\\\/\"},{\"@type\":\"ListItem\",\"position\":2,\"name\":\"Dni \u015bwi\u0105teczne 2024\",\"item\":\"https:\\\/\\\/www.athena-cbh.com\\\/pl\\\/swiateczne-dni-athena-beach\\\/\"},{\"@type\":\"ListItem\",\"position\":3,\"name\":\"\u015awi\u0105teczne atrakcje dla wszystkich\"}]},{\"@type\":\"WebSite\",\"@id\":\"https:\\\/\\\/www.athena-cbh.com\\\/pl\\\/#website\",\"url\":\"https:\\\/\\\/www.athena-cbh.com\\\/pl\\\/\",\"name\":\"Athena Beach Hotel\",\"description\":\"Constantinou Bros Athena Beach Hotel, 4 star hotel in Paphos Cyprus\",\"potentialAction\":[{\"@type\":\"SearchAction\",\"target\":{\"@type\":\"EntryPoint\",\"urlTemplate\":\"https:\\\/\\\/www.athena-cbh.com\\\/pl\\\/?s={search_term_string}\"},\"query-input\":{\"@type\":\"PropertyValueSpecification\",\"valueRequired\":true,\"valueName\":\"search_term_string\"}}],\"inLanguage\":\"pl-PL\"}]}<\/script>\n<!-- \/ Yoast SEO plugin. -->","yoast_head_json":{"title":"\u015awi\u0105teczne atrakcje dla wszystkich - Athena Beach Hotel","robots":{"index":"index","follow":"follow","max-snippet":"max-snippet:-1","max-image-preview":"max-image-preview:large","max-video-preview":"max-video-preview:-1"},"canonical":"https:\/\/www.athena-cbh.com\/pl\/swiateczne-dni-athena-beach\/swiateczne-aktywnosci-dla-wszystkich\/","og_locale":"pl_PL","og_type":"article","og_title":"\u015awi\u0105teczne atrakcje dla wszystkich - Athena Beach Hotel","og_description":"WTOREK, 24 GRUDNIA 2024 R. Kol\u0119dy. Choinka lokalnego ch\u00f3ru w salonie w holu. Zbierz si\u0119 wok\u00f3\u0142 choinki i ciesz si\u0119 wspania\u0142ymi, ponadczasowymi kol\u0119dami. \u015aRODA, 25 GRUDNIA 2024 R., DZIE\u0143 BO\u017bEGO NARODZENIA \u015awi\u0119ty Miko\u0142aj przyb\u0119dzie do hotelu Athena Beach na wyspie przy basenie lub w holu. Sporz\u0105dzi\u0142 swoj\u0105 list\u0119, sprawdzi\u0142 j\u0105 dwukrotnie i czeka na wszystkich","og_url":"https:\/\/www.athena-cbh.com\/pl\/swiateczne-dni-athena-beach\/swiateczne-aktywnosci-dla-wszystkich\/","og_site_name":"Athena Beach Hotel","article_modified_time":"2024-12-19T07:51:35+00:00","og_image":[{"width":2560,"height":1707,"url":"https:\/\/www.athena-cbh.com\/app\/uploads\/sites\/20\/2024\/12\/084-scaled.jpg","type":"image\/jpeg"}],"twitter_card":"summary_large_image","twitter_misc":{"Est. reading time":"2 minutes"},"schema":{"@context":"https:\/\/schema.org","@graph":[{"@type":"WebPage","@id":"https:\/\/www.athena-cbh.com\/pl\/swiateczne-dni-athena-beach\/swiateczne-aktywnosci-dla-wszystkich\/","url":"https:\/\/www.athena-cbh.com\/pl\/swiateczne-dni-athena-beach\/swiateczne-aktywnosci-dla-wszystkich\/","name":"\u015awi\u0105teczne atrakcje dla wszystkich - Athena Beach Hotel","isPartOf":{"@id":"https:\/\/www.athena-cbh.com\/pl\/#website"},"primaryImageOfPage":{"@id":"https:\/\/www.athena-cbh.com\/pl\/swiateczne-dni-athena-beach\/swiateczne-aktywnosci-dla-wszystkich\/#primaryimage"},"image":{"@id":"https:\/\/www.athena-cbh.com\/pl\/swiateczne-dni-athena-beach\/swiateczne-aktywnosci-dla-wszystkich\/#primaryimage"},"thumbnailUrl":"https:\/\/www.athena-cbh.com\/app\/uploads\/sites\/20\/2025\/10\/161-1-scaled.jpg","datePublished":"2024-07-22T14:24:27+00:00","dateModified":"2024-12-19T07:51:35+00:00","breadcrumb":{"@id":"https:\/\/www.athena-cbh.com\/pl\/swiateczne-dni-athena-beach\/swiateczne-aktywnosci-dla-wszystkich\/#breadcrumb"},"inLanguage":"pl-PL","potentialAction":[{"@type":"ReadAction","target":["https:\/\/www.athena-cbh.com\/pl\/swiateczne-dni-athena-beach\/swiateczne-aktywnosci-dla-wszystkich\/"]}]},{"@type":"ImageObject","inLanguage":"pl-PL","@id":"https:\/\/www.athena-cbh.com\/pl\/swiateczne-dni-athena-beach\/swiateczne-aktywnosci-dla-wszystkich\/#primaryimage","url":"https:\/\/www.athena-cbh.com\/app\/uploads\/sites\/20\/2025\/10\/161-1-scaled.jpg","contentUrl":"https:\/\/www.athena-cbh.com\/app\/uploads\/sites\/20\/2025\/10\/161-1-scaled.jpg","width":2560,"height":1707},{"@type":"BreadcrumbList","@id":"https:\/\/www.athena-cbh.com\/pl\/swiateczne-dni-athena-beach\/swiateczne-aktywnosci-dla-wszystkich\/#breadcrumb","itemListElement":[{"@type":"ListItem","position":1,"name":"Home","item":"https:\/\/www.athena-cbh.com\/pl\/"},{"@type":"ListItem","position":2,"name":"Dni \u015bwi\u0105teczne 2024","item":"https:\/\/www.athena-cbh.com\/pl\/swiateczne-dni-athena-beach\/"},{"@type":"ListItem","position":3,"name":"\u015awi\u0105teczne atrakcje dla wszystkich"}]},{"@type":"WebSite","@id":"https:\/\/www.athena-cbh.com\/pl\/#website","url":"https:\/\/www.athena-cbh.com\/pl\/","name":"Athena Beach Hotel","description":"Constantinou Bros Athena Beach Hotel, 4 star hotel in Paphos Cyprus","potentialAction":[{"@type":"SearchAction","target":{"@type":"EntryPoint","urlTemplate":"https:\/\/www.athena-cbh.com\/pl\/?s={search_term_string}"},"query-input":{"@type":"PropertyValueSpecification","valueRequired":true,"valueName":"search_term_string"}}],"inLanguage":"pl-PL"}]}},"_links":{"self":[{"href":"https:\/\/www.athena-cbh.com\/pl\/wp-json\/wp\/v2\/pages\/18580","targetHints":{"allow":["GET"]}}],"collection":[{"href":"https:\/\/www.athena-cbh.com\/pl\/wp-json\/wp\/v2\/pages"}],"about":[{"href":"https:\/\/www.athena-cbh.com\/pl\/wp-json\/wp\/v2\/types\/page"}],"author":[{"embeddable":true,"href":"https:\/\/www.athena-cbh.com\/pl\/wp-json\/wp\/v2\/users\/367"}],"replies":[{"embeddable":true,"href":"https:\/\/www.athena-cbh.com\/pl\/wp-json\/wp\/v2\/comments?post=18580"}],"version-history":[{"count":9,"href":"https:\/\/www.athena-cbh.com\/pl\/wp-json\/wp\/v2\/pages\/18580\/revisions"}],"predecessor-version":[{"id":21513,"href":"https:\/\/www.athena-cbh.com\/pl\/wp-json\/wp\/v2\/pages\/18580\/revisions\/21513"}],"up":[{"embeddable":true,"href":"https:\/\/www.athena-cbh.com\/pl\/wp-json\/wp\/v2\/pages\/18571"}],"wp:featuredmedia":[{"embeddable":true,"href":"https:\/\/www.athena-cbh.com\/pl\/wp-json\/wp\/v2\/media\/22676"}],"wp:attachment":[{"href":"https:\/\/www.athena-cbh.com\/pl\/wp-json\/wp\/v2\/media?parent=18580"}],"curies":[{"name":"wp","href":"https:\/\/api.w.org\/{rel}","templated":true}]}}