{"id":18550,"date":"2024-07-22T17:24:11","date_gmt":"2024-07-22T14:24:11","guid":{"rendered":"https:\/\/www.athena-cbh.com\/pary-wakacje\/basen-dla-doroslych\/"},"modified":"2024-09-16T19:09:45","modified_gmt":"2024-09-16T16:09:45","slug":"basen-dla-doroslych","status":"publish","type":"page","link":"https:\/\/www.athena-cbh.com\/pl\/pary-wakacje\/basen-dla-doroslych\/","title":{"rendered":"Basen dla doros\u0142ych"},"content":{"rendered":"<p>Nasz elegancki basen tylko dla doros\u0142ych z du\u017c\u0105 ilo\u015bci\u0105 le\u017cak\u00f3w z widokiem na ciche ogrody tylko dla doros\u0142ych, z dala od basen\u00f3w i udogodnie\u0144 dla dzieci.<br \/>\nCo wi\u0119cej, gdy maj\u0105 Pa\u0144stwo ochot\u0119 na drinka, mo\u017cna zanurzy\u0107 si\u0119 w basenie i dos\u0142ownie pop\u0142yn\u0105\u0107 do rewelacyjnego baru przy basenie, aby zam\u00f3wi\u0107 ulubione przek\u0105ski i koktajle przez ca\u0142y dzie\u0144.<\/p>\n","protected":false},"excerpt":{"rendered":"<p>Nasz elegancki basen tylko dla doros\u0142ych z du\u017c\u0105 ilo\u015bci\u0105 le\u017cak\u00f3w z widokiem na ciche ogrody tylko dla doros\u0142ych, z dala od basen\u00f3w i udogodnie\u0144 dla dzieci. Co wi\u0119cej, gdy maj\u0105 Pa\u0144stwo ochot\u0119 na drinka, mo\u017cna zanurzy\u0107 si\u0119 w basenie i dos\u0142ownie pop\u0142yn\u0105\u0107 do rewelacyjnego baru przy basenie, aby zam\u00f3wi\u0107 ulubione przek\u0105ski i koktajle przez ca\u0142y<\/p>\n","protected":false},"author":100,"featured_media":18551,"parent":18491,"menu_order":0,"comment_status":"closed","ping_status":"closed","template":"","meta":{"_acf_changed":false,"footnotes":""},"class_list":["post-18550","page","type-page","status-publish","has-post-thumbnail","hentry"],"acf":[],"yoast_head":"<!-- This site is optimized with the Yoast SEO plugin v27.5 - https:\/\/yoast.com\/product\/yoast-seo-wordpress\/ -->\n<title>Basen dla doros\u0142ych - Athena Beach Hotel<\/title>\n<meta name=\"description\" content=\"Nasz basen dla doros\u0142ych to spokojne miejsce, w kt\u00f3rym mo\u017cna zrelaksowa\u0107 si\u0119 pod s\u0142o\u0144cem i pop\u0142ywa\u0107 w spokojny spos\u00f3b, a nawet zam\u00f3wi\u0107 drinka w barze.\" \/>\n<meta name=\"robots\" content=\"index, follow, max-snippet:-1, max-image-preview:large, max-video-preview:-1\" \/>\n<link rel=\"canonical\" href=\"https:\/\/www.athena-cbh.com\/pl\/pary-wakacje\/basen-dla-doroslych\/\" \/>\n<meta property=\"og:locale\" content=\"pl_PL\" \/>\n<meta property=\"og:type\" content=\"article\" \/>\n<meta property=\"og:title\" content=\"Basen dla doros\u0142ych - Athena Beach Hotel\" \/>\n<meta property=\"og:description\" content=\"Nasz basen dla doros\u0142ych to spokojne miejsce, w kt\u00f3rym mo\u017cna zrelaksowa\u0107 si\u0119 pod s\u0142o\u0144cem i pop\u0142ywa\u0107 w spokojny spos\u00f3b, a nawet zam\u00f3wi\u0107 drinka w barze.\" \/>\n<meta property=\"og:url\" content=\"https:\/\/www.athena-cbh.com\/pl\/pary-wakacje\/basen-dla-doroslych\/\" \/>\n<meta property=\"og:site_name\" content=\"Athena Beach Hotel\" \/>\n<meta property=\"article:modified_time\" content=\"2024-09-16T16:09:45+00:00\" \/>\n<meta property=\"og:image\" content=\"https:\/\/www.athena-cbh.com\/app\/uploads\/sites\/20\/2022\/07\/32-ATHENA-BEACH-HOTEL-ADULT-POOL-BAR-AREA-scaled.jpg\" \/>\n\t<meta property=\"og:image:width\" content=\"2560\" \/>\n\t<meta property=\"og:image:height\" content=\"1706\" \/>\n\t<meta property=\"og:image:type\" content=\"image\/jpeg\" \/>\n<meta name=\"twitter:card\" content=\"summary_large_image\" \/>\n<meta name=\"twitter:label1\" content=\"Est. reading time\" \/>\n\t<meta name=\"twitter:data1\" content=\"1 minute\" \/>\n<script type=\"application\/ld+json\" class=\"yoast-schema-graph\">{\"@context\":\"https:\\\/\\\/schema.org\",\"@graph\":[{\"@type\":\"WebPage\",\"@id\":\"https:\\\/\\\/www.athena-cbh.com\\\/pl\\\/pary-wakacje\\\/basen-dla-doroslych\\\/\",\"url\":\"https:\\\/\\\/www.athena-cbh.com\\\/pl\\\/pary-wakacje\\\/basen-dla-doroslych\\\/\",\"name\":\"Basen dla doros\u0142ych - Athena Beach Hotel\",\"isPartOf\":{\"@id\":\"https:\\\/\\\/www.athena-cbh.com\\\/pl\\\/#website\"},\"primaryImageOfPage\":{\"@id\":\"https:\\\/\\\/www.athena-cbh.com\\\/pl\\\/pary-wakacje\\\/basen-dla-doroslych\\\/#primaryimage\"},\"image\":{\"@id\":\"https:\\\/\\\/www.athena-cbh.com\\\/pl\\\/pary-wakacje\\\/basen-dla-doroslych\\\/#primaryimage\"},\"thumbnailUrl\":\"https:\\\/\\\/www.athena-cbh.com\\\/app\\\/uploads\\\/sites\\\/20\\\/2022\\\/07\\\/32-ATHENA-BEACH-HOTEL-ADULT-POOL-BAR-AREA-scaled.jpg\",\"datePublished\":\"2024-07-22T14:24:11+00:00\",\"dateModified\":\"2024-09-16T16:09:45+00:00\",\"description\":\"Nasz basen dla doros\u0142ych to spokojne miejsce, w kt\u00f3rym mo\u017cna zrelaksowa\u0107 si\u0119 pod s\u0142o\u0144cem i pop\u0142ywa\u0107 w spokojny spos\u00f3b, a nawet zam\u00f3wi\u0107 drinka w barze.\",\"breadcrumb\":{\"@id\":\"https:\\\/\\\/www.athena-cbh.com\\\/pl\\\/pary-wakacje\\\/basen-dla-doroslych\\\/#breadcrumb\"},\"inLanguage\":\"pl-PL\",\"potentialAction\":[{\"@type\":\"ReadAction\",\"target\":[\"https:\\\/\\\/www.athena-cbh.com\\\/pl\\\/pary-wakacje\\\/basen-dla-doroslych\\\/\"]}]},{\"@type\":\"ImageObject\",\"inLanguage\":\"pl-PL\",\"@id\":\"https:\\\/\\\/www.athena-cbh.com\\\/pl\\\/pary-wakacje\\\/basen-dla-doroslych\\\/#primaryimage\",\"url\":\"https:\\\/\\\/www.athena-cbh.com\\\/app\\\/uploads\\\/sites\\\/20\\\/2022\\\/07\\\/32-ATHENA-BEACH-HOTEL-ADULT-POOL-BAR-AREA-scaled.jpg\",\"contentUrl\":\"https:\\\/\\\/www.athena-cbh.com\\\/app\\\/uploads\\\/sites\\\/20\\\/2022\\\/07\\\/32-ATHENA-BEACH-HOTEL-ADULT-POOL-BAR-AREA-scaled.jpg\",\"width\":2560,\"height\":1706,\"caption\":\"Adult Pool Bar\"},{\"@type\":\"BreadcrumbList\",\"@id\":\"https:\\\/\\\/www.athena-cbh.com\\\/pl\\\/pary-wakacje\\\/basen-dla-doroslych\\\/#breadcrumb\",\"itemListElement\":[{\"@type\":\"ListItem\",\"position\":1,\"name\":\"Home\",\"item\":\"https:\\\/\\\/www.athena-cbh.com\\\/pl\\\/\"},{\"@type\":\"ListItem\",\"position\":2,\"name\":\"Wakacje dla par\",\"item\":\"https:\\\/\\\/www.athena-cbh.com\\\/pl\\\/pary-wakacje\\\/\"},{\"@type\":\"ListItem\",\"position\":3,\"name\":\"Basen dla doros\u0142ych\"}]},{\"@type\":\"WebSite\",\"@id\":\"https:\\\/\\\/www.athena-cbh.com\\\/pl\\\/#website\",\"url\":\"https:\\\/\\\/www.athena-cbh.com\\\/pl\\\/\",\"name\":\"Athena Beach Hotel\",\"description\":\"Constantinou Bros Athena Beach Hotel, 4 star hotel in Paphos Cyprus\",\"potentialAction\":[{\"@type\":\"SearchAction\",\"target\":{\"@type\":\"EntryPoint\",\"urlTemplate\":\"https:\\\/\\\/www.athena-cbh.com\\\/pl\\\/?s={search_term_string}\"},\"query-input\":{\"@type\":\"PropertyValueSpecification\",\"valueRequired\":true,\"valueName\":\"search_term_string\"}}],\"inLanguage\":\"pl-PL\"}]}<\/script>\n<!-- \/ Yoast SEO plugin. -->","yoast_head_json":{"title":"Basen dla doros\u0142ych - Athena Beach Hotel","description":"Nasz basen dla doros\u0142ych to spokojne miejsce, w kt\u00f3rym mo\u017cna zrelaksowa\u0107 si\u0119 pod s\u0142o\u0144cem i pop\u0142ywa\u0107 w spokojny spos\u00f3b, a nawet zam\u00f3wi\u0107 drinka w barze.","robots":{"index":"index","follow":"follow","max-snippet":"max-snippet:-1","max-image-preview":"max-image-preview:large","max-video-preview":"max-video-preview:-1"},"canonical":"https:\/\/www.athena-cbh.com\/pl\/pary-wakacje\/basen-dla-doroslych\/","og_locale":"pl_PL","og_type":"article","og_title":"Basen dla doros\u0142ych - Athena Beach Hotel","og_description":"Nasz basen dla doros\u0142ych to spokojne miejsce, w kt\u00f3rym mo\u017cna zrelaksowa\u0107 si\u0119 pod s\u0142o\u0144cem i pop\u0142ywa\u0107 w spokojny spos\u00f3b, a nawet zam\u00f3wi\u0107 drinka w barze.","og_url":"https:\/\/www.athena-cbh.com\/pl\/pary-wakacje\/basen-dla-doroslych\/","og_site_name":"Athena Beach Hotel","article_modified_time":"2024-09-16T16:09:45+00:00","og_image":[{"width":2560,"height":1706,"url":"https:\/\/www.athena-cbh.com\/app\/uploads\/sites\/20\/2022\/07\/32-ATHENA-BEACH-HOTEL-ADULT-POOL-BAR-AREA-scaled.jpg","type":"image\/jpeg"}],"twitter_card":"summary_large_image","twitter_misc":{"Est. reading time":"1 minute"},"schema":{"@context":"https:\/\/schema.org","@graph":[{"@type":"WebPage","@id":"https:\/\/www.athena-cbh.com\/pl\/pary-wakacje\/basen-dla-doroslych\/","url":"https:\/\/www.athena-cbh.com\/pl\/pary-wakacje\/basen-dla-doroslych\/","name":"Basen dla doros\u0142ych - Athena Beach Hotel","isPartOf":{"@id":"https:\/\/www.athena-cbh.com\/pl\/#website"},"primaryImageOfPage":{"@id":"https:\/\/www.athena-cbh.com\/pl\/pary-wakacje\/basen-dla-doroslych\/#primaryimage"},"image":{"@id":"https:\/\/www.athena-cbh.com\/pl\/pary-wakacje\/basen-dla-doroslych\/#primaryimage"},"thumbnailUrl":"https:\/\/www.athena-cbh.com\/app\/uploads\/sites\/20\/2022\/07\/32-ATHENA-BEACH-HOTEL-ADULT-POOL-BAR-AREA-scaled.jpg","datePublished":"2024-07-22T14:24:11+00:00","dateModified":"2024-09-16T16:09:45+00:00","description":"Nasz basen dla doros\u0142ych to spokojne miejsce, w kt\u00f3rym mo\u017cna zrelaksowa\u0107 si\u0119 pod s\u0142o\u0144cem i pop\u0142ywa\u0107 w spokojny spos\u00f3b, a nawet zam\u00f3wi\u0107 drinka w barze.","breadcrumb":{"@id":"https:\/\/www.athena-cbh.com\/pl\/pary-wakacje\/basen-dla-doroslych\/#breadcrumb"},"inLanguage":"pl-PL","potentialAction":[{"@type":"ReadAction","target":["https:\/\/www.athena-cbh.com\/pl\/pary-wakacje\/basen-dla-doroslych\/"]}]},{"@type":"ImageObject","inLanguage":"pl-PL","@id":"https:\/\/www.athena-cbh.com\/pl\/pary-wakacje\/basen-dla-doroslych\/#primaryimage","url":"https:\/\/www.athena-cbh.com\/app\/uploads\/sites\/20\/2022\/07\/32-ATHENA-BEACH-HOTEL-ADULT-POOL-BAR-AREA-scaled.jpg","contentUrl":"https:\/\/www.athena-cbh.com\/app\/uploads\/sites\/20\/2022\/07\/32-ATHENA-BEACH-HOTEL-ADULT-POOL-BAR-AREA-scaled.jpg","width":2560,"height":1706,"caption":"Adult Pool Bar"},{"@type":"BreadcrumbList","@id":"https:\/\/www.athena-cbh.com\/pl\/pary-wakacje\/basen-dla-doroslych\/#breadcrumb","itemListElement":[{"@type":"ListItem","position":1,"name":"Home","item":"https:\/\/www.athena-cbh.com\/pl\/"},{"@type":"ListItem","position":2,"name":"Wakacje dla par","item":"https:\/\/www.athena-cbh.com\/pl\/pary-wakacje\/"},{"@type":"ListItem","position":3,"name":"Basen dla doros\u0142ych"}]},{"@type":"WebSite","@id":"https:\/\/www.athena-cbh.com\/pl\/#website","url":"https:\/\/www.athena-cbh.com\/pl\/","name":"Athena Beach Hotel","description":"Constantinou Bros Athena Beach Hotel, 4 star hotel in Paphos Cyprus","potentialAction":[{"@type":"SearchAction","target":{"@type":"EntryPoint","urlTemplate":"https:\/\/www.athena-cbh.com\/pl\/?s={search_term_string}"},"query-input":{"@type":"PropertyValueSpecification","valueRequired":true,"valueName":"search_term_string"}}],"inLanguage":"pl-PL"}]}},"_links":{"self":[{"href":"https:\/\/www.athena-cbh.com\/pl\/wp-json\/wp\/v2\/pages\/18550","targetHints":{"allow":["GET"]}}],"collection":[{"href":"https:\/\/www.athena-cbh.com\/pl\/wp-json\/wp\/v2\/pages"}],"about":[{"href":"https:\/\/www.athena-cbh.com\/pl\/wp-json\/wp\/v2\/types\/page"}],"author":[{"embeddable":true,"href":"https:\/\/www.athena-cbh.com\/pl\/wp-json\/wp\/v2\/users\/100"}],"replies":[{"embeddable":true,"href":"https:\/\/www.athena-cbh.com\/pl\/wp-json\/wp\/v2\/comments?post=18550"}],"version-history":[{"count":1,"href":"https:\/\/www.athena-cbh.com\/pl\/wp-json\/wp\/v2\/pages\/18550\/revisions"}],"predecessor-version":[{"id":20578,"href":"https:\/\/www.athena-cbh.com\/pl\/wp-json\/wp\/v2\/pages\/18550\/revisions\/20578"}],"up":[{"embeddable":true,"href":"https:\/\/www.athena-cbh.com\/pl\/wp-json\/wp\/v2\/pages\/18491"}],"wp:featuredmedia":[{"embeddable":true,"href":"https:\/\/www.athena-cbh.com\/pl\/wp-json\/wp\/v2\/media\/18551"}],"wp:attachment":[{"href":"https:\/\/www.athena-cbh.com\/pl\/wp-json\/wp\/v2\/media?parent=18550"}],"curies":[{"name":"wp","href":"https:\/\/api.w.org\/{rel}","templated":true}]}}