{"id":18538,"date":"2024-07-22T17:24:06","date_gmt":"2024-07-22T14:24:06","guid":{"rendered":"https:\/\/www.athena-cbh.com\/pary-wakacje\/zephyr-restauracja-tylko-dla-doroslych\/"},"modified":"2024-09-16T19:09:49","modified_gmt":"2024-09-16T16:09:49","slug":"zephyr-restauracja-tylko-dla-doroslych","status":"publish","type":"page","link":"https:\/\/www.athena-cbh.com\/pl\/pary-wakacje\/zephyr-restauracja-tylko-dla-doroslych\/","title":{"rendered":"Restauracja Zephyr (tylko dla doros\u0142ych)"},"content":{"rendered":"<p>Restauracja Zephyr przeznaczona jest wy\u0142\u0105cznie dla Go\u015bci powy\u017cej 16. roku \u017cycia i oferuje bogaty bufet \u015br\u00f3dziemnomorski w porze \u015bniadania oraz wykwintne dania kuchni mi\u0119dzynarodowej w porze kolacji \u00e0 la carte\/Table d&#8217;h\u00f4tel.<br \/>\nOtwarte dla: \u015aniadanie w formie \u015br\u00f3dziemnomorskiego bufetu i kolacj\u0119 \u00e0 la carte \/ Table d&#8217;h\u00f4tel (wymagana jest rezerwacja).<br \/>\nGo\u015bcie korzystaj\u0105cy z niepe\u0142nego wy\u017cywienia mog\u0105 delektowa\u0107 si\u0119 czterodaniow\u0105 kolacj\u0105 z menu bez dop\u0142aty.<\/p>\n","protected":false},"excerpt":{"rendered":"<p>Restauracja Zephyr przeznaczona jest wy\u0142\u0105cznie dla Go\u015bci powy\u017cej 16. roku \u017cycia i oferuje bogaty bufet \u015br\u00f3dziemnomorski w porze \u015bniadania oraz wykwintne dania kuchni mi\u0119dzynarodowej w porze kolacji \u00e0 la carte\/Table d&#8217;h\u00f4tel. Otwarte dla: \u015aniadanie w formie \u015br\u00f3dziemnomorskiego bufetu i kolacj\u0119 \u00e0 la carte \/ Table d&#8217;h\u00f4tel (wymagana jest rezerwacja). Go\u015bcie korzystaj\u0105cy z niepe\u0142nego wy\u017cywienia mog\u0105<\/p>\n","protected":false},"author":100,"featured_media":18540,"parent":18491,"menu_order":0,"comment_status":"closed","ping_status":"closed","template":"","meta":{"_acf_changed":false,"footnotes":""},"class_list":["post-18538","page","type-page","status-publish","has-post-thumbnail","hentry"],"acf":[],"yoast_head":"<!-- This site is optimized with the Yoast SEO plugin v27.5 - https:\/\/yoast.com\/product\/yoast-seo-wordpress\/ -->\n<title>Restauracja Zephyr (tylko dla doros\u0142ych) - Athena Beach Hotel<\/title>\n<meta name=\"description\" content=\"Restauracja Zephyr to idealne miejsce dla doros\u0142ych na spokojne \u015bniadanie, lunch i kolacj\u0119, oferuj\u0105ce mieszank\u0119 \u015br\u00f3dziemnomorskich da\u0144 w formie bufetu i da\u0144 do wyboru z karty.\" \/>\n<meta name=\"robots\" content=\"index, follow, max-snippet:-1, max-image-preview:large, max-video-preview:-1\" \/>\n<link rel=\"canonical\" href=\"https:\/\/www.athena-cbh.com\/pl\/pary-wakacje\/zephyr-restauracja-tylko-dla-doroslych\/\" \/>\n<meta property=\"og:locale\" content=\"pl_PL\" \/>\n<meta property=\"og:type\" content=\"article\" \/>\n<meta property=\"og:title\" content=\"Restauracja Zephyr (tylko dla doros\u0142ych) - Athena Beach Hotel\" \/>\n<meta property=\"og:description\" content=\"Restauracja Zephyr to idealne miejsce dla doros\u0142ych na spokojne \u015bniadanie, lunch i kolacj\u0119, oferuj\u0105ce mieszank\u0119 \u015br\u00f3dziemnomorskich da\u0144 w formie bufetu i da\u0144 do wyboru z karty.\" \/>\n<meta property=\"og:url\" content=\"https:\/\/www.athena-cbh.com\/pl\/pary-wakacje\/zephyr-restauracja-tylko-dla-doroslych\/\" \/>\n<meta property=\"og:site_name\" content=\"Athena Beach Hotel\" \/>\n<meta property=\"article:modified_time\" content=\"2024-09-16T16:09:49+00:00\" \/>\n<meta property=\"og:image\" content=\"https:\/\/www.athena-cbh.com\/app\/uploads\/sites\/20\/2022\/07\/29-ATHENA-BEACH-HOTEL-ZEPHYR-A-LA-CARTE-RESTAURANT-scaled.jpg\" \/>\n\t<meta property=\"og:image:width\" content=\"2560\" \/>\n\t<meta property=\"og:image:height\" content=\"1703\" \/>\n\t<meta property=\"og:image:type\" content=\"image\/jpeg\" \/>\n<meta name=\"twitter:card\" content=\"summary_large_image\" \/>\n<meta name=\"twitter:label1\" content=\"Est. reading time\" \/>\n\t<meta name=\"twitter:data1\" content=\"1 minute\" \/>\n<script type=\"application\/ld+json\" class=\"yoast-schema-graph\">{\"@context\":\"https:\\\/\\\/schema.org\",\"@graph\":[{\"@type\":\"WebPage\",\"@id\":\"https:\\\/\\\/www.athena-cbh.com\\\/pl\\\/pary-wakacje\\\/zephyr-restauracja-tylko-dla-doroslych\\\/\",\"url\":\"https:\\\/\\\/www.athena-cbh.com\\\/pl\\\/pary-wakacje\\\/zephyr-restauracja-tylko-dla-doroslych\\\/\",\"name\":\"Restauracja Zephyr (tylko dla doros\u0142ych) - Athena Beach Hotel\",\"isPartOf\":{\"@id\":\"https:\\\/\\\/www.athena-cbh.com\\\/pl\\\/#website\"},\"primaryImageOfPage\":{\"@id\":\"https:\\\/\\\/www.athena-cbh.com\\\/pl\\\/pary-wakacje\\\/zephyr-restauracja-tylko-dla-doroslych\\\/#primaryimage\"},\"image\":{\"@id\":\"https:\\\/\\\/www.athena-cbh.com\\\/pl\\\/pary-wakacje\\\/zephyr-restauracja-tylko-dla-doroslych\\\/#primaryimage\"},\"thumbnailUrl\":\"https:\\\/\\\/www.athena-cbh.com\\\/app\\\/uploads\\\/sites\\\/20\\\/2022\\\/07\\\/29-ATHENA-BEACH-HOTEL-ZEPHYR-A-LA-CARTE-RESTAURANT-scaled.jpg\",\"datePublished\":\"2024-07-22T14:24:06+00:00\",\"dateModified\":\"2024-09-16T16:09:49+00:00\",\"description\":\"Restauracja Zephyr to idealne miejsce dla doros\u0142ych na spokojne \u015bniadanie, lunch i kolacj\u0119, oferuj\u0105ce mieszank\u0119 \u015br\u00f3dziemnomorskich da\u0144 w formie bufetu i da\u0144 do wyboru z karty.\",\"breadcrumb\":{\"@id\":\"https:\\\/\\\/www.athena-cbh.com\\\/pl\\\/pary-wakacje\\\/zephyr-restauracja-tylko-dla-doroslych\\\/#breadcrumb\"},\"inLanguage\":\"pl-PL\",\"potentialAction\":[{\"@type\":\"ReadAction\",\"target\":[\"https:\\\/\\\/www.athena-cbh.com\\\/pl\\\/pary-wakacje\\\/zephyr-restauracja-tylko-dla-doroslych\\\/\"]}]},{\"@type\":\"ImageObject\",\"inLanguage\":\"pl-PL\",\"@id\":\"https:\\\/\\\/www.athena-cbh.com\\\/pl\\\/pary-wakacje\\\/zephyr-restauracja-tylko-dla-doroslych\\\/#primaryimage\",\"url\":\"https:\\\/\\\/www.athena-cbh.com\\\/app\\\/uploads\\\/sites\\\/20\\\/2022\\\/07\\\/29-ATHENA-BEACH-HOTEL-ZEPHYR-A-LA-CARTE-RESTAURANT-scaled.jpg\",\"contentUrl\":\"https:\\\/\\\/www.athena-cbh.com\\\/app\\\/uploads\\\/sites\\\/20\\\/2022\\\/07\\\/29-ATHENA-BEACH-HOTEL-ZEPHYR-A-LA-CARTE-RESTAURANT-scaled.jpg\",\"width\":2560,\"height\":1703},{\"@type\":\"BreadcrumbList\",\"@id\":\"https:\\\/\\\/www.athena-cbh.com\\\/pl\\\/pary-wakacje\\\/zephyr-restauracja-tylko-dla-doroslych\\\/#breadcrumb\",\"itemListElement\":[{\"@type\":\"ListItem\",\"position\":1,\"name\":\"Home\",\"item\":\"https:\\\/\\\/www.athena-cbh.com\\\/pl\\\/\"},{\"@type\":\"ListItem\",\"position\":2,\"name\":\"Wakacje dla par\",\"item\":\"https:\\\/\\\/www.athena-cbh.com\\\/pl\\\/pary-wakacje\\\/\"},{\"@type\":\"ListItem\",\"position\":3,\"name\":\"Restauracja Zephyr (tylko dla doros\u0142ych)\"}]},{\"@type\":\"WebSite\",\"@id\":\"https:\\\/\\\/www.athena-cbh.com\\\/pl\\\/#website\",\"url\":\"https:\\\/\\\/www.athena-cbh.com\\\/pl\\\/\",\"name\":\"Athena Beach Hotel\",\"description\":\"Constantinou Bros Athena Beach Hotel, 4 star hotel in Paphos Cyprus\",\"potentialAction\":[{\"@type\":\"SearchAction\",\"target\":{\"@type\":\"EntryPoint\",\"urlTemplate\":\"https:\\\/\\\/www.athena-cbh.com\\\/pl\\\/?s={search_term_string}\"},\"query-input\":{\"@type\":\"PropertyValueSpecification\",\"valueRequired\":true,\"valueName\":\"search_term_string\"}}],\"inLanguage\":\"pl-PL\"}]}<\/script>\n<!-- \/ Yoast SEO plugin. -->","yoast_head_json":{"title":"Restauracja Zephyr (tylko dla doros\u0142ych) - Athena Beach Hotel","description":"Restauracja Zephyr to idealne miejsce dla doros\u0142ych na spokojne \u015bniadanie, lunch i kolacj\u0119, oferuj\u0105ce mieszank\u0119 \u015br\u00f3dziemnomorskich da\u0144 w formie bufetu i da\u0144 do wyboru z karty.","robots":{"index":"index","follow":"follow","max-snippet":"max-snippet:-1","max-image-preview":"max-image-preview:large","max-video-preview":"max-video-preview:-1"},"canonical":"https:\/\/www.athena-cbh.com\/pl\/pary-wakacje\/zephyr-restauracja-tylko-dla-doroslych\/","og_locale":"pl_PL","og_type":"article","og_title":"Restauracja Zephyr (tylko dla doros\u0142ych) - Athena Beach Hotel","og_description":"Restauracja Zephyr to idealne miejsce dla doros\u0142ych na spokojne \u015bniadanie, lunch i kolacj\u0119, oferuj\u0105ce mieszank\u0119 \u015br\u00f3dziemnomorskich da\u0144 w formie bufetu i da\u0144 do wyboru z karty.","og_url":"https:\/\/www.athena-cbh.com\/pl\/pary-wakacje\/zephyr-restauracja-tylko-dla-doroslych\/","og_site_name":"Athena Beach Hotel","article_modified_time":"2024-09-16T16:09:49+00:00","og_image":[{"width":2560,"height":1703,"url":"https:\/\/www.athena-cbh.com\/app\/uploads\/sites\/20\/2022\/07\/29-ATHENA-BEACH-HOTEL-ZEPHYR-A-LA-CARTE-RESTAURANT-scaled.jpg","type":"image\/jpeg"}],"twitter_card":"summary_large_image","twitter_misc":{"Est. reading time":"1 minute"},"schema":{"@context":"https:\/\/schema.org","@graph":[{"@type":"WebPage","@id":"https:\/\/www.athena-cbh.com\/pl\/pary-wakacje\/zephyr-restauracja-tylko-dla-doroslych\/","url":"https:\/\/www.athena-cbh.com\/pl\/pary-wakacje\/zephyr-restauracja-tylko-dla-doroslych\/","name":"Restauracja Zephyr (tylko dla doros\u0142ych) - Athena Beach Hotel","isPartOf":{"@id":"https:\/\/www.athena-cbh.com\/pl\/#website"},"primaryImageOfPage":{"@id":"https:\/\/www.athena-cbh.com\/pl\/pary-wakacje\/zephyr-restauracja-tylko-dla-doroslych\/#primaryimage"},"image":{"@id":"https:\/\/www.athena-cbh.com\/pl\/pary-wakacje\/zephyr-restauracja-tylko-dla-doroslych\/#primaryimage"},"thumbnailUrl":"https:\/\/www.athena-cbh.com\/app\/uploads\/sites\/20\/2022\/07\/29-ATHENA-BEACH-HOTEL-ZEPHYR-A-LA-CARTE-RESTAURANT-scaled.jpg","datePublished":"2024-07-22T14:24:06+00:00","dateModified":"2024-09-16T16:09:49+00:00","description":"Restauracja Zephyr to idealne miejsce dla doros\u0142ych na spokojne \u015bniadanie, lunch i kolacj\u0119, oferuj\u0105ce mieszank\u0119 \u015br\u00f3dziemnomorskich da\u0144 w formie bufetu i da\u0144 do wyboru z karty.","breadcrumb":{"@id":"https:\/\/www.athena-cbh.com\/pl\/pary-wakacje\/zephyr-restauracja-tylko-dla-doroslych\/#breadcrumb"},"inLanguage":"pl-PL","potentialAction":[{"@type":"ReadAction","target":["https:\/\/www.athena-cbh.com\/pl\/pary-wakacje\/zephyr-restauracja-tylko-dla-doroslych\/"]}]},{"@type":"ImageObject","inLanguage":"pl-PL","@id":"https:\/\/www.athena-cbh.com\/pl\/pary-wakacje\/zephyr-restauracja-tylko-dla-doroslych\/#primaryimage","url":"https:\/\/www.athena-cbh.com\/app\/uploads\/sites\/20\/2022\/07\/29-ATHENA-BEACH-HOTEL-ZEPHYR-A-LA-CARTE-RESTAURANT-scaled.jpg","contentUrl":"https:\/\/www.athena-cbh.com\/app\/uploads\/sites\/20\/2022\/07\/29-ATHENA-BEACH-HOTEL-ZEPHYR-A-LA-CARTE-RESTAURANT-scaled.jpg","width":2560,"height":1703},{"@type":"BreadcrumbList","@id":"https:\/\/www.athena-cbh.com\/pl\/pary-wakacje\/zephyr-restauracja-tylko-dla-doroslych\/#breadcrumb","itemListElement":[{"@type":"ListItem","position":1,"name":"Home","item":"https:\/\/www.athena-cbh.com\/pl\/"},{"@type":"ListItem","position":2,"name":"Wakacje dla par","item":"https:\/\/www.athena-cbh.com\/pl\/pary-wakacje\/"},{"@type":"ListItem","position":3,"name":"Restauracja Zephyr (tylko dla doros\u0142ych)"}]},{"@type":"WebSite","@id":"https:\/\/www.athena-cbh.com\/pl\/#website","url":"https:\/\/www.athena-cbh.com\/pl\/","name":"Athena Beach Hotel","description":"Constantinou Bros Athena Beach Hotel, 4 star hotel in Paphos Cyprus","potentialAction":[{"@type":"SearchAction","target":{"@type":"EntryPoint","urlTemplate":"https:\/\/www.athena-cbh.com\/pl\/?s={search_term_string}"},"query-input":{"@type":"PropertyValueSpecification","valueRequired":true,"valueName":"search_term_string"}}],"inLanguage":"pl-PL"}]}},"_links":{"self":[{"href":"https:\/\/www.athena-cbh.com\/pl\/wp-json\/wp\/v2\/pages\/18538","targetHints":{"allow":["GET"]}}],"collection":[{"href":"https:\/\/www.athena-cbh.com\/pl\/wp-json\/wp\/v2\/pages"}],"about":[{"href":"https:\/\/www.athena-cbh.com\/pl\/wp-json\/wp\/v2\/types\/page"}],"author":[{"embeddable":true,"href":"https:\/\/www.athena-cbh.com\/pl\/wp-json\/wp\/v2\/users\/100"}],"replies":[{"embeddable":true,"href":"https:\/\/www.athena-cbh.com\/pl\/wp-json\/wp\/v2\/comments?post=18538"}],"version-history":[{"count":1,"href":"https:\/\/www.athena-cbh.com\/pl\/wp-json\/wp\/v2\/pages\/18538\/revisions"}],"predecessor-version":[{"id":20582,"href":"https:\/\/www.athena-cbh.com\/pl\/wp-json\/wp\/v2\/pages\/18538\/revisions\/20582"}],"up":[{"embeddable":true,"href":"https:\/\/www.athena-cbh.com\/pl\/wp-json\/wp\/v2\/pages\/18491"}],"wp:featuredmedia":[{"embeddable":true,"href":"https:\/\/www.athena-cbh.com\/pl\/wp-json\/wp\/v2\/media\/18540"}],"wp:attachment":[{"href":"https:\/\/www.athena-cbh.com\/pl\/wp-json\/wp\/v2\/media?parent=18538"}],"curies":[{"name":"wp","href":"https:\/\/api.w.org\/{rel}","templated":true}]}}