{"id":18507,"date":"2024-07-22T17:24:00","date_gmt":"2024-07-22T14:24:00","guid":{"rendered":"https:\/\/www.athena-cbh.com\/aktywnosc-wakacje\/"},"modified":"2024-09-16T19:12:40","modified_gmt":"2024-09-16T16:12:40","slug":"aktywnosc-wakacje","status":"publish","type":"page","link":"https:\/\/www.athena-cbh.com\/pl\/aktywnosc-wakacje\/","title":{"rendered":"Aktywne wakacje"},"content":{"rendered":"<p>Je\u015bli s\u0105 Pa\u0144stwo podr\u00f3\u017cnikami, kt\u00f3rzy szukaj\u0105 odrobiny emocji podczas wakacji, z przyjemno\u015bci\u0105 dowiedz\u0105 si\u0119 Pa\u0144stwo, \u017ce zatrzymuj\u0105c si\u0119 w Athena Beach Hotel, mog\u0105 Pa\u0144stwo do\u015bwiadczy\u0107 najbardziej ekscytuj\u0105cych wakacji na Cyprze. Nasz hotel przy pla\u017cy w Pafos posiada dedykowane udogodnienia, kt\u00f3re u\u0142atwi\u0105 Pa\u0144stwu sp\u0119dzenie aktywnych wakacji na Cyprze. Niezale\u017cnie od tego, czy chodzi o jazd\u0119 na rowerze, kr\u0119gle czy golf, mog\u0105 by\u0107 Pa\u0144stwo pewni, \u017ce podczas pobytu w hotelu Athena Beach b\u0119d\u0105 Pa\u0144stwo zaj\u0119ci i w pe\u0142ni wykorzystaj\u0105 sw\u00f3j czas. Co wi\u0119cej, nasz hotel jest strategicznie usytuowany i idealnie po\u0142o\u017cony przy pla\u017cy. Oznacza to, \u017ce spacery lub bieganie wzd\u0142u\u017c pla\u017cy to co\u015b, co mo\u017cna robi\u0107 codziennie i o ka\u017cdej porze, a ponadto mo\u017cna wykorzysta\u0107 nasz\u0105 lokalizacj\u0119 jako baz\u0119 wypadow\u0105 do odkrywania okolicy i uczestniczenia w bardziej ryzykownych wakacjach na Cyprze, w ramach odkrywania okolic wi\u0119kszego regionu Pafos.<\/p>\n","protected":false},"excerpt":{"rendered":"<p>Je\u015bli s\u0105 Pa\u0144stwo podr\u00f3\u017cnikami, kt\u00f3rzy szukaj\u0105 odrobiny emocji podczas wakacji, z przyjemno\u015bci\u0105 dowiedz\u0105 si\u0119 Pa\u0144stwo, \u017ce zatrzymuj\u0105c si\u0119 w Athena Beach Hotel, mog\u0105 Pa\u0144stwo do\u015bwiadczy\u0107 najbardziej ekscytuj\u0105cych wakacji na Cyprze. Nasz hotel przy pla\u017cy w Pafos posiada dedykowane udogodnienia, kt\u00f3re u\u0142atwi\u0105 Pa\u0144stwu sp\u0119dzenie aktywnych wakacji na Cyprze. Niezale\u017cnie od tego, czy chodzi o jazd\u0119 na<\/p>\n","protected":false},"author":100,"featured_media":18496,"parent":0,"menu_order":0,"comment_status":"closed","ping_status":"closed","template":"page-templates\/simple-list.php","meta":{"_acf_changed":false,"footnotes":""},"class_list":["post-18507","page","type-page","status-publish","has-post-thumbnail","hentry"],"acf":[],"yoast_head":"<!-- This site is optimized with the Yoast SEO plugin v27.5 - https:\/\/yoast.com\/product\/yoast-seo-wordpress\/ -->\n<title>Hotel w Pafos na aktywne wakacje na Cyprze | Athena Beach Hotel<\/title>\n<meta name=\"description\" content=\"Athena Beach Hotel by Constantinou Bros to wspania\u0142y hotel przy pla\u017cy w Pafos, kt\u00f3ry daje go\u015bciom mo\u017cliwo\u015b\u0107 aktywnego wypoczynku na Cyprze.\" \/>\n<meta name=\"robots\" content=\"index, follow, max-snippet:-1, max-image-preview:large, max-video-preview:-1\" \/>\n<link rel=\"canonical\" href=\"https:\/\/www.athena-cbh.com\/pl\/aktywnosc-wakacje\/\" \/>\n<meta property=\"og:locale\" content=\"pl_PL\" \/>\n<meta property=\"og:type\" content=\"article\" \/>\n<meta property=\"og:title\" content=\"Hotel w Pafos na aktywne wakacje na Cyprze | Athena Beach Hotel\" \/>\n<meta property=\"og:description\" content=\"Athena Beach Hotel by Constantinou Bros to wspania\u0142y hotel przy pla\u017cy w Pafos, kt\u00f3ry daje go\u015bciom mo\u017cliwo\u015b\u0107 aktywnego wypoczynku na Cyprze.\" \/>\n<meta property=\"og:url\" content=\"https:\/\/www.athena-cbh.com\/pl\/aktywnosc-wakacje\/\" \/>\n<meta property=\"og:site_name\" content=\"Athena Beach Hotel\" \/>\n<meta property=\"article:modified_time\" content=\"2024-09-16T16:12:40+00:00\" \/>\n<meta property=\"og:image\" content=\"https:\/\/www.athena-cbh.com\/app\/uploads\/sites\/20\/2022\/07\/86-ATHENA-BEACH-HOTEL-BIKE-ROOM-scaled.jpg\" \/>\n\t<meta property=\"og:image:width\" content=\"2560\" \/>\n\t<meta property=\"og:image:height\" content=\"1707\" \/>\n\t<meta property=\"og:image:type\" content=\"image\/jpeg\" \/>\n<meta name=\"twitter:card\" content=\"summary_large_image\" \/>\n<meta name=\"twitter:label1\" content=\"Est. reading time\" \/>\n\t<meta name=\"twitter:data1\" content=\"1 minute\" \/>\n<script type=\"application\/ld+json\" class=\"yoast-schema-graph\">{\"@context\":\"https:\\\/\\\/schema.org\",\"@graph\":[{\"@type\":\"WebPage\",\"@id\":\"https:\\\/\\\/www.athena-cbh.com\\\/pl\\\/aktywnosc-wakacje\\\/\",\"url\":\"https:\\\/\\\/www.athena-cbh.com\\\/pl\\\/aktywnosc-wakacje\\\/\",\"name\":\"Hotel w Pafos na aktywne wakacje na Cyprze | Athena Beach Hotel\",\"isPartOf\":{\"@id\":\"https:\\\/\\\/www.athena-cbh.com\\\/pl\\\/#website\"},\"primaryImageOfPage\":{\"@id\":\"https:\\\/\\\/www.athena-cbh.com\\\/pl\\\/aktywnosc-wakacje\\\/#primaryimage\"},\"image\":{\"@id\":\"https:\\\/\\\/www.athena-cbh.com\\\/pl\\\/aktywnosc-wakacje\\\/#primaryimage\"},\"thumbnailUrl\":\"https:\\\/\\\/www.athena-cbh.com\\\/app\\\/uploads\\\/sites\\\/20\\\/2022\\\/07\\\/86-ATHENA-BEACH-HOTEL-BIKE-ROOM-scaled.jpg\",\"datePublished\":\"2024-07-22T14:24:00+00:00\",\"dateModified\":\"2024-09-16T16:12:40+00:00\",\"description\":\"Athena Beach Hotel by Constantinou Bros to wspania\u0142y hotel przy pla\u017cy w Pafos, kt\u00f3ry daje go\u015bciom mo\u017cliwo\u015b\u0107 aktywnego wypoczynku na Cyprze.\",\"breadcrumb\":{\"@id\":\"https:\\\/\\\/www.athena-cbh.com\\\/pl\\\/aktywnosc-wakacje\\\/#breadcrumb\"},\"inLanguage\":\"pl-PL\",\"potentialAction\":[{\"@type\":\"ReadAction\",\"target\":[\"https:\\\/\\\/www.athena-cbh.com\\\/pl\\\/aktywnosc-wakacje\\\/\"]}]},{\"@type\":\"ImageObject\",\"inLanguage\":\"pl-PL\",\"@id\":\"https:\\\/\\\/www.athena-cbh.com\\\/pl\\\/aktywnosc-wakacje\\\/#primaryimage\",\"url\":\"https:\\\/\\\/www.athena-cbh.com\\\/app\\\/uploads\\\/sites\\\/20\\\/2022\\\/07\\\/86-ATHENA-BEACH-HOTEL-BIKE-ROOM-scaled.jpg\",\"contentUrl\":\"https:\\\/\\\/www.athena-cbh.com\\\/app\\\/uploads\\\/sites\\\/20\\\/2022\\\/07\\\/86-ATHENA-BEACH-HOTEL-BIKE-ROOM-scaled.jpg\",\"width\":2560,\"height\":1707},{\"@type\":\"BreadcrumbList\",\"@id\":\"https:\\\/\\\/www.athena-cbh.com\\\/pl\\\/aktywnosc-wakacje\\\/#breadcrumb\",\"itemListElement\":[{\"@type\":\"ListItem\",\"position\":1,\"name\":\"Home\",\"item\":\"https:\\\/\\\/www.athena-cbh.com\\\/pl\\\/\"},{\"@type\":\"ListItem\",\"position\":2,\"name\":\"Aktywne wakacje\"}]},{\"@type\":\"WebSite\",\"@id\":\"https:\\\/\\\/www.athena-cbh.com\\\/pl\\\/#website\",\"url\":\"https:\\\/\\\/www.athena-cbh.com\\\/pl\\\/\",\"name\":\"Athena Beach Hotel\",\"description\":\"Constantinou Bros Athena Beach Hotel, 4 star hotel in Paphos Cyprus\",\"potentialAction\":[{\"@type\":\"SearchAction\",\"target\":{\"@type\":\"EntryPoint\",\"urlTemplate\":\"https:\\\/\\\/www.athena-cbh.com\\\/pl\\\/?s={search_term_string}\"},\"query-input\":{\"@type\":\"PropertyValueSpecification\",\"valueRequired\":true,\"valueName\":\"search_term_string\"}}],\"inLanguage\":\"pl-PL\"}]}<\/script>\n<!-- \/ Yoast SEO plugin. -->","yoast_head_json":{"title":"Hotel w Pafos na aktywne wakacje na Cyprze | Athena Beach Hotel","description":"Athena Beach Hotel by Constantinou Bros to wspania\u0142y hotel przy pla\u017cy w Pafos, kt\u00f3ry daje go\u015bciom mo\u017cliwo\u015b\u0107 aktywnego wypoczynku na Cyprze.","robots":{"index":"index","follow":"follow","max-snippet":"max-snippet:-1","max-image-preview":"max-image-preview:large","max-video-preview":"max-video-preview:-1"},"canonical":"https:\/\/www.athena-cbh.com\/pl\/aktywnosc-wakacje\/","og_locale":"pl_PL","og_type":"article","og_title":"Hotel w Pafos na aktywne wakacje na Cyprze | Athena Beach Hotel","og_description":"Athena Beach Hotel by Constantinou Bros to wspania\u0142y hotel przy pla\u017cy w Pafos, kt\u00f3ry daje go\u015bciom mo\u017cliwo\u015b\u0107 aktywnego wypoczynku na Cyprze.","og_url":"https:\/\/www.athena-cbh.com\/pl\/aktywnosc-wakacje\/","og_site_name":"Athena Beach Hotel","article_modified_time":"2024-09-16T16:12:40+00:00","og_image":[{"width":2560,"height":1707,"url":"https:\/\/www.athena-cbh.com\/app\/uploads\/sites\/20\/2022\/07\/86-ATHENA-BEACH-HOTEL-BIKE-ROOM-scaled.jpg","type":"image\/jpeg"}],"twitter_card":"summary_large_image","twitter_misc":{"Est. reading time":"1 minute"},"schema":{"@context":"https:\/\/schema.org","@graph":[{"@type":"WebPage","@id":"https:\/\/www.athena-cbh.com\/pl\/aktywnosc-wakacje\/","url":"https:\/\/www.athena-cbh.com\/pl\/aktywnosc-wakacje\/","name":"Hotel w Pafos na aktywne wakacje na Cyprze | Athena Beach Hotel","isPartOf":{"@id":"https:\/\/www.athena-cbh.com\/pl\/#website"},"primaryImageOfPage":{"@id":"https:\/\/www.athena-cbh.com\/pl\/aktywnosc-wakacje\/#primaryimage"},"image":{"@id":"https:\/\/www.athena-cbh.com\/pl\/aktywnosc-wakacje\/#primaryimage"},"thumbnailUrl":"https:\/\/www.athena-cbh.com\/app\/uploads\/sites\/20\/2022\/07\/86-ATHENA-BEACH-HOTEL-BIKE-ROOM-scaled.jpg","datePublished":"2024-07-22T14:24:00+00:00","dateModified":"2024-09-16T16:12:40+00:00","description":"Athena Beach Hotel by Constantinou Bros to wspania\u0142y hotel przy pla\u017cy w Pafos, kt\u00f3ry daje go\u015bciom mo\u017cliwo\u015b\u0107 aktywnego wypoczynku na Cyprze.","breadcrumb":{"@id":"https:\/\/www.athena-cbh.com\/pl\/aktywnosc-wakacje\/#breadcrumb"},"inLanguage":"pl-PL","potentialAction":[{"@type":"ReadAction","target":["https:\/\/www.athena-cbh.com\/pl\/aktywnosc-wakacje\/"]}]},{"@type":"ImageObject","inLanguage":"pl-PL","@id":"https:\/\/www.athena-cbh.com\/pl\/aktywnosc-wakacje\/#primaryimage","url":"https:\/\/www.athena-cbh.com\/app\/uploads\/sites\/20\/2022\/07\/86-ATHENA-BEACH-HOTEL-BIKE-ROOM-scaled.jpg","contentUrl":"https:\/\/www.athena-cbh.com\/app\/uploads\/sites\/20\/2022\/07\/86-ATHENA-BEACH-HOTEL-BIKE-ROOM-scaled.jpg","width":2560,"height":1707},{"@type":"BreadcrumbList","@id":"https:\/\/www.athena-cbh.com\/pl\/aktywnosc-wakacje\/#breadcrumb","itemListElement":[{"@type":"ListItem","position":1,"name":"Home","item":"https:\/\/www.athena-cbh.com\/pl\/"},{"@type":"ListItem","position":2,"name":"Aktywne wakacje"}]},{"@type":"WebSite","@id":"https:\/\/www.athena-cbh.com\/pl\/#website","url":"https:\/\/www.athena-cbh.com\/pl\/","name":"Athena Beach Hotel","description":"Constantinou Bros Athena Beach Hotel, 4 star hotel in Paphos Cyprus","potentialAction":[{"@type":"SearchAction","target":{"@type":"EntryPoint","urlTemplate":"https:\/\/www.athena-cbh.com\/pl\/?s={search_term_string}"},"query-input":{"@type":"PropertyValueSpecification","valueRequired":true,"valueName":"search_term_string"}}],"inLanguage":"pl-PL"}]}},"_links":{"self":[{"href":"https:\/\/www.athena-cbh.com\/pl\/wp-json\/wp\/v2\/pages\/18507","targetHints":{"allow":["GET"]}}],"collection":[{"href":"https:\/\/www.athena-cbh.com\/pl\/wp-json\/wp\/v2\/pages"}],"about":[{"href":"https:\/\/www.athena-cbh.com\/pl\/wp-json\/wp\/v2\/types\/page"}],"author":[{"embeddable":true,"href":"https:\/\/www.athena-cbh.com\/pl\/wp-json\/wp\/v2\/users\/100"}],"replies":[{"embeddable":true,"href":"https:\/\/www.athena-cbh.com\/pl\/wp-json\/wp\/v2\/comments?post=18507"}],"version-history":[{"count":1,"href":"https:\/\/www.athena-cbh.com\/pl\/wp-json\/wp\/v2\/pages\/18507\/revisions"}],"predecessor-version":[{"id":20538,"href":"https:\/\/www.athena-cbh.com\/pl\/wp-json\/wp\/v2\/pages\/18507\/revisions\/20538"}],"wp:featuredmedia":[{"embeddable":true,"href":"https:\/\/www.athena-cbh.com\/pl\/wp-json\/wp\/v2\/media\/18496"}],"wp:attachment":[{"href":"https:\/\/www.athena-cbh.com\/pl\/wp-json\/wp\/v2\/media?parent=18507"}],"curies":[{"name":"wp","href":"https:\/\/api.w.org\/{rel}","templated":true}]}}