{"id":18492,"date":"2024-07-22T17:23:56","date_gmt":"2024-07-22T14:23:56","guid":{"rendered":"https:\/\/www.athena-cbh.com\/rowerowe-wakacje\/"},"modified":"2024-09-16T19:13:00","modified_gmt":"2024-09-16T16:13:00","slug":"rowerowe-wakacje","status":"publish","type":"page","link":"https:\/\/www.athena-cbh.com\/pl\/aktywnosc-wakacje\/rowerowe-wakacje\/","title":{"rendered":"Wakacje na rowerze"},"content":{"rendered":"<p>Cypr oferuje przepis na doskona\u0142e warunki pogodowe, kt\u00f3re razem sprawiaj\u0105, \u017ce wyspa jest idealnym miejscem do jazdy na rowerze przez ca\u0142y rok.<br \/>\nWakacje na rowerze to doskona\u0142y spos\u00f3b na ciekaw\u0105 i satysfakcjonuj\u0105c\u0105 rozrywk\u0119.<br \/>\nZar\u00f3wno zawodowi, jak i amatorscy rowerzy\u015bci z ca\u0142ego \u015bwiata przyje\u017cd\u017caj\u0105, aby w pe\u0142ni wykorzysta\u0107 doskona\u0142\u0105 pogod\u0119 przez ca\u0142y rok, osza\u0142amiaj\u0105ce krajobrazy, kr\u00f3tkie i \u0142atwe do pokonania odleg\u0142o\u015bci.<br \/>\nMog\u0105 Pa\u0144stwo wybra\u0107 w\u0142asn\u0105 tras\u0119, pod\u0105\u017caj\u0105c wiejskimi lub g\u00f3rskimi \u015bcie\u017ckami, a tak\u017ce \u015bcie\u017ckami rowerowymi wzd\u0142u\u017c niekt\u00f3rych bardziej ruchliwych dr\u00f3g w miastach.<br \/>\nTo niewiarygodne, zw\u0142aszcza w Pafos, jak rano mo\u017cna by\u0107 w g\u00f3rach i lasach, a po po\u0142udniu z powrotem nad kobaltowym morzem.<br \/>\nProsimy wypo\u017cyczy\u0107 rower dost\u0119pny w hotelu za niewielk\u0105 op\u0142at\u0105 i wybra\u0107 si\u0119 na indywidualn\u0105 wycieczk\u0119 rowerow\u0105.<br \/>\nAby uzyska\u0107 wi\u0119cej informacji, prosimy skontaktowa\u0107 si\u0119 z naszym Dzia\u0142em Obs\u0142ugi Go\u015bci.<br \/>\nCo wi\u0119cej, go\u015bcie hotelu Athena Beach mog\u0105 korzysta\u0107 z bezpiecznej, zorganizowanej i przestronnej przechowalni rower\u00f3w, oferowanej bezp\u0142atnie i wy\u0142\u0105cznie dla go\u015bci Constantinou Bros Hotels. <strong>Dost\u0119pne udogodnienia<\/strong><\/p>\n<ul>\n<li>Dost\u0119pna dedykowana przechowalnia rower\u00f3w<\/li>\n<li>Przechowalnia rower\u00f3w w hotelu Athena Beach &#8211; pomie\u015bci do 140 rower\u00f3w<\/li>\n<li>Elektroniczny zamek wej\u015bciowy dost\u0119pny za pomoc\u0105 spersonalizowanego kodu podanego podczas zameldowania.<\/li>\n<li>Dost\u0119p do bezpiecznych, indywidualnych szafek na buty i kaski z osobistym kluczem u\u017cytkownika<\/li>\n<li>Bezpieczny magazyn z telewizj\u0105 przemys\u0142ow\u0105<\/li>\n<li>Urz\u0105dzenia do naprawy i konserwacji na miejscu oraz pompa powietrza<\/li>\n<li>Urz\u0105dzenia do czyszczenia rower\u00f3w<\/li>\n<li>Oba obiekty umo\u017cliwiaj\u0105 przechowywanie rower\u00f3w na stojakach pionowych i pod\u0142ogowych<\/li>\n<\/ul>\n<p>&nbsp;<\/p>\n","protected":false},"excerpt":{"rendered":"<p>Cypr oferuje przepis na doskona\u0142e warunki pogodowe, kt\u00f3re razem sprawiaj\u0105, \u017ce wyspa jest idealnym miejscem do jazdy na rowerze przez ca\u0142y rok. Wakacje na rowerze to doskona\u0142y spos\u00f3b na ciekaw\u0105 i satysfakcjonuj\u0105c\u0105 rozrywk\u0119. Zar\u00f3wno zawodowi, jak i amatorscy rowerzy\u015bci z ca\u0142ego \u015bwiata przyje\u017cd\u017caj\u0105, aby w pe\u0142ni wykorzysta\u0107 doskona\u0142\u0105 pogod\u0119 przez ca\u0142y rok, osza\u0142amiaj\u0105ce krajobrazy, kr\u00f3tkie<\/p>\n","protected":false},"author":100,"featured_media":18496,"parent":18507,"menu_order":0,"comment_status":"closed","ping_status":"closed","template":"","meta":{"_acf_changed":false,"footnotes":""},"class_list":["post-18492","page","type-page","status-publish","has-post-thumbnail","hentry"],"acf":[],"yoast_head":"<!-- This site is optimized with the Yoast SEO plugin v27.5 - https:\/\/yoast.com\/product\/yoast-seo-wordpress\/ -->\n<title>Wakacje na rowerze - Athena Beach Hotel<\/title>\n<meta name=\"description\" content=\"Athena Beach Hotel w Pafos oferuje wakacje rowerowe, daj\u0105c go\u015bciom mo\u017cliwo\u015b\u0107 po\u0142\u0105czenia ich ulubionej rozrywki podczas wakacji.\" \/>\n<meta name=\"robots\" content=\"index, follow, max-snippet:-1, max-image-preview:large, max-video-preview:-1\" \/>\n<link rel=\"canonical\" href=\"https:\/\/www.athena-cbh.com\/pl\/aktywnosc-wakacje\/rowerowe-wakacje\/\" \/>\n<meta property=\"og:locale\" content=\"pl_PL\" \/>\n<meta property=\"og:type\" content=\"article\" \/>\n<meta property=\"og:title\" content=\"Wakacje na rowerze - Athena Beach Hotel\" \/>\n<meta property=\"og:description\" content=\"Athena Beach Hotel w Pafos oferuje wakacje rowerowe, daj\u0105c go\u015bciom mo\u017cliwo\u015b\u0107 po\u0142\u0105czenia ich ulubionej rozrywki podczas wakacji.\" \/>\n<meta property=\"og:url\" content=\"https:\/\/www.athena-cbh.com\/pl\/aktywnosc-wakacje\/rowerowe-wakacje\/\" \/>\n<meta property=\"og:site_name\" content=\"Athena Beach Hotel\" \/>\n<meta property=\"article:modified_time\" content=\"2024-09-16T16:13:00+00:00\" \/>\n<meta property=\"og:image\" content=\"https:\/\/www.athena-cbh.com\/app\/uploads\/sites\/20\/2022\/07\/86-ATHENA-BEACH-HOTEL-BIKE-ROOM-scaled.jpg\" \/>\n\t<meta property=\"og:image:width\" content=\"2560\" \/>\n\t<meta property=\"og:image:height\" content=\"1707\" \/>\n\t<meta property=\"og:image:type\" content=\"image\/jpeg\" \/>\n<meta name=\"twitter:card\" content=\"summary_large_image\" \/>\n<meta name=\"twitter:label1\" content=\"Est. reading time\" \/>\n\t<meta name=\"twitter:data1\" content=\"2 minutes\" \/>\n<script type=\"application\/ld+json\" class=\"yoast-schema-graph\">{\"@context\":\"https:\\\/\\\/schema.org\",\"@graph\":[{\"@type\":\"WebPage\",\"@id\":\"https:\\\/\\\/www.athena-cbh.com\\\/pl\\\/aktywnosc-wakacje\\\/rowerowe-wakacje\\\/\",\"url\":\"https:\\\/\\\/www.athena-cbh.com\\\/pl\\\/aktywnosc-wakacje\\\/rowerowe-wakacje\\\/\",\"name\":\"Wakacje na rowerze - Athena Beach Hotel\",\"isPartOf\":{\"@id\":\"https:\\\/\\\/www.athena-cbh.com\\\/pl\\\/#website\"},\"primaryImageOfPage\":{\"@id\":\"https:\\\/\\\/www.athena-cbh.com\\\/pl\\\/aktywnosc-wakacje\\\/rowerowe-wakacje\\\/#primaryimage\"},\"image\":{\"@id\":\"https:\\\/\\\/www.athena-cbh.com\\\/pl\\\/aktywnosc-wakacje\\\/rowerowe-wakacje\\\/#primaryimage\"},\"thumbnailUrl\":\"https:\\\/\\\/www.athena-cbh.com\\\/app\\\/uploads\\\/sites\\\/20\\\/2022\\\/07\\\/86-ATHENA-BEACH-HOTEL-BIKE-ROOM-scaled.jpg\",\"datePublished\":\"2024-07-22T14:23:56+00:00\",\"dateModified\":\"2024-09-16T16:13:00+00:00\",\"description\":\"Athena Beach Hotel w Pafos oferuje wakacje rowerowe, daj\u0105c go\u015bciom mo\u017cliwo\u015b\u0107 po\u0142\u0105czenia ich ulubionej rozrywki podczas wakacji.\",\"breadcrumb\":{\"@id\":\"https:\\\/\\\/www.athena-cbh.com\\\/pl\\\/aktywnosc-wakacje\\\/rowerowe-wakacje\\\/#breadcrumb\"},\"inLanguage\":\"pl-PL\",\"potentialAction\":[{\"@type\":\"ReadAction\",\"target\":[\"https:\\\/\\\/www.athena-cbh.com\\\/pl\\\/aktywnosc-wakacje\\\/rowerowe-wakacje\\\/\"]}]},{\"@type\":\"ImageObject\",\"inLanguage\":\"pl-PL\",\"@id\":\"https:\\\/\\\/www.athena-cbh.com\\\/pl\\\/aktywnosc-wakacje\\\/rowerowe-wakacje\\\/#primaryimage\",\"url\":\"https:\\\/\\\/www.athena-cbh.com\\\/app\\\/uploads\\\/sites\\\/20\\\/2022\\\/07\\\/86-ATHENA-BEACH-HOTEL-BIKE-ROOM-scaled.jpg\",\"contentUrl\":\"https:\\\/\\\/www.athena-cbh.com\\\/app\\\/uploads\\\/sites\\\/20\\\/2022\\\/07\\\/86-ATHENA-BEACH-HOTEL-BIKE-ROOM-scaled.jpg\",\"width\":2560,\"height\":1707},{\"@type\":\"BreadcrumbList\",\"@id\":\"https:\\\/\\\/www.athena-cbh.com\\\/pl\\\/aktywnosc-wakacje\\\/rowerowe-wakacje\\\/#breadcrumb\",\"itemListElement\":[{\"@type\":\"ListItem\",\"position\":1,\"name\":\"Home\",\"item\":\"https:\\\/\\\/www.athena-cbh.com\\\/pl\\\/\"},{\"@type\":\"ListItem\",\"position\":2,\"name\":\"Aktywne wakacje\",\"item\":\"https:\\\/\\\/www.athena-cbh.com\\\/pl\\\/aktywnosc-wakacje\\\/\"},{\"@type\":\"ListItem\",\"position\":3,\"name\":\"Wakacje na rowerze\"}]},{\"@type\":\"WebSite\",\"@id\":\"https:\\\/\\\/www.athena-cbh.com\\\/pl\\\/#website\",\"url\":\"https:\\\/\\\/www.athena-cbh.com\\\/pl\\\/\",\"name\":\"Athena Beach Hotel\",\"description\":\"Constantinou Bros Athena Beach Hotel, 4 star hotel in Paphos Cyprus\",\"potentialAction\":[{\"@type\":\"SearchAction\",\"target\":{\"@type\":\"EntryPoint\",\"urlTemplate\":\"https:\\\/\\\/www.athena-cbh.com\\\/pl\\\/?s={search_term_string}\"},\"query-input\":{\"@type\":\"PropertyValueSpecification\",\"valueRequired\":true,\"valueName\":\"search_term_string\"}}],\"inLanguage\":\"pl-PL\"}]}<\/script>\n<!-- \/ Yoast SEO plugin. -->","yoast_head_json":{"title":"Wakacje na rowerze - Athena Beach Hotel","description":"Athena Beach Hotel w Pafos oferuje wakacje rowerowe, daj\u0105c go\u015bciom mo\u017cliwo\u015b\u0107 po\u0142\u0105czenia ich ulubionej rozrywki podczas wakacji.","robots":{"index":"index","follow":"follow","max-snippet":"max-snippet:-1","max-image-preview":"max-image-preview:large","max-video-preview":"max-video-preview:-1"},"canonical":"https:\/\/www.athena-cbh.com\/pl\/aktywnosc-wakacje\/rowerowe-wakacje\/","og_locale":"pl_PL","og_type":"article","og_title":"Wakacje na rowerze - Athena Beach Hotel","og_description":"Athena Beach Hotel w Pafos oferuje wakacje rowerowe, daj\u0105c go\u015bciom mo\u017cliwo\u015b\u0107 po\u0142\u0105czenia ich ulubionej rozrywki podczas wakacji.","og_url":"https:\/\/www.athena-cbh.com\/pl\/aktywnosc-wakacje\/rowerowe-wakacje\/","og_site_name":"Athena Beach Hotel","article_modified_time":"2024-09-16T16:13:00+00:00","og_image":[{"width":2560,"height":1707,"url":"https:\/\/www.athena-cbh.com\/app\/uploads\/sites\/20\/2022\/07\/86-ATHENA-BEACH-HOTEL-BIKE-ROOM-scaled.jpg","type":"image\/jpeg"}],"twitter_card":"summary_large_image","twitter_misc":{"Est. reading time":"2 minutes"},"schema":{"@context":"https:\/\/schema.org","@graph":[{"@type":"WebPage","@id":"https:\/\/www.athena-cbh.com\/pl\/aktywnosc-wakacje\/rowerowe-wakacje\/","url":"https:\/\/www.athena-cbh.com\/pl\/aktywnosc-wakacje\/rowerowe-wakacje\/","name":"Wakacje na rowerze - Athena Beach Hotel","isPartOf":{"@id":"https:\/\/www.athena-cbh.com\/pl\/#website"},"primaryImageOfPage":{"@id":"https:\/\/www.athena-cbh.com\/pl\/aktywnosc-wakacje\/rowerowe-wakacje\/#primaryimage"},"image":{"@id":"https:\/\/www.athena-cbh.com\/pl\/aktywnosc-wakacje\/rowerowe-wakacje\/#primaryimage"},"thumbnailUrl":"https:\/\/www.athena-cbh.com\/app\/uploads\/sites\/20\/2022\/07\/86-ATHENA-BEACH-HOTEL-BIKE-ROOM-scaled.jpg","datePublished":"2024-07-22T14:23:56+00:00","dateModified":"2024-09-16T16:13:00+00:00","description":"Athena Beach Hotel w Pafos oferuje wakacje rowerowe, daj\u0105c go\u015bciom mo\u017cliwo\u015b\u0107 po\u0142\u0105czenia ich ulubionej rozrywki podczas wakacji.","breadcrumb":{"@id":"https:\/\/www.athena-cbh.com\/pl\/aktywnosc-wakacje\/rowerowe-wakacje\/#breadcrumb"},"inLanguage":"pl-PL","potentialAction":[{"@type":"ReadAction","target":["https:\/\/www.athena-cbh.com\/pl\/aktywnosc-wakacje\/rowerowe-wakacje\/"]}]},{"@type":"ImageObject","inLanguage":"pl-PL","@id":"https:\/\/www.athena-cbh.com\/pl\/aktywnosc-wakacje\/rowerowe-wakacje\/#primaryimage","url":"https:\/\/www.athena-cbh.com\/app\/uploads\/sites\/20\/2022\/07\/86-ATHENA-BEACH-HOTEL-BIKE-ROOM-scaled.jpg","contentUrl":"https:\/\/www.athena-cbh.com\/app\/uploads\/sites\/20\/2022\/07\/86-ATHENA-BEACH-HOTEL-BIKE-ROOM-scaled.jpg","width":2560,"height":1707},{"@type":"BreadcrumbList","@id":"https:\/\/www.athena-cbh.com\/pl\/aktywnosc-wakacje\/rowerowe-wakacje\/#breadcrumb","itemListElement":[{"@type":"ListItem","position":1,"name":"Home","item":"https:\/\/www.athena-cbh.com\/pl\/"},{"@type":"ListItem","position":2,"name":"Aktywne wakacje","item":"https:\/\/www.athena-cbh.com\/pl\/aktywnosc-wakacje\/"},{"@type":"ListItem","position":3,"name":"Wakacje na rowerze"}]},{"@type":"WebSite","@id":"https:\/\/www.athena-cbh.com\/pl\/#website","url":"https:\/\/www.athena-cbh.com\/pl\/","name":"Athena Beach Hotel","description":"Constantinou Bros Athena Beach Hotel, 4 star hotel in Paphos Cyprus","potentialAction":[{"@type":"SearchAction","target":{"@type":"EntryPoint","urlTemplate":"https:\/\/www.athena-cbh.com\/pl\/?s={search_term_string}"},"query-input":{"@type":"PropertyValueSpecification","valueRequired":true,"valueName":"search_term_string"}}],"inLanguage":"pl-PL"}]}},"_links":{"self":[{"href":"https:\/\/www.athena-cbh.com\/pl\/wp-json\/wp\/v2\/pages\/18492","targetHints":{"allow":["GET"]}}],"collection":[{"href":"https:\/\/www.athena-cbh.com\/pl\/wp-json\/wp\/v2\/pages"}],"about":[{"href":"https:\/\/www.athena-cbh.com\/pl\/wp-json\/wp\/v2\/types\/page"}],"author":[{"embeddable":true,"href":"https:\/\/www.athena-cbh.com\/pl\/wp-json\/wp\/v2\/users\/100"}],"replies":[{"embeddable":true,"href":"https:\/\/www.athena-cbh.com\/pl\/wp-json\/wp\/v2\/comments?post=18492"}],"version-history":[{"count":1,"href":"https:\/\/www.athena-cbh.com\/pl\/wp-json\/wp\/v2\/pages\/18492\/revisions"}],"predecessor-version":[{"id":18514,"href":"https:\/\/www.athena-cbh.com\/pl\/wp-json\/wp\/v2\/pages\/18492\/revisions\/18514"}],"up":[{"embeddable":true,"href":"https:\/\/www.athena-cbh.com\/pl\/wp-json\/wp\/v2\/pages\/18507"}],"wp:featuredmedia":[{"embeddable":true,"href":"https:\/\/www.athena-cbh.com\/pl\/wp-json\/wp\/v2\/media\/18496"}],"wp:attachment":[{"href":"https:\/\/www.athena-cbh.com\/pl\/wp-json\/wp\/v2\/media?parent=18492"}],"curies":[{"name":"wp","href":"https:\/\/api.w.org\/{rel}","templated":true}]}}