{"id":18491,"date":"2024-07-22T17:23:56","date_gmt":"2024-07-22T14:23:56","guid":{"rendered":"https:\/\/www.athena-cbh.com\/pary-wakacje\/"},"modified":"2024-09-20T15:05:32","modified_gmt":"2024-09-20T12:05:32","slug":"pary-wakacje","status":"publish","type":"page","link":"https:\/\/www.athena-cbh.com\/pl\/pary-wakacje\/","title":{"rendered":"Wakacje dla par"},"content":{"rendered":"<p>Chc\u0105c zapewni\u0107 naszym doros\u0142ym go\u015bciom przestrze\u0144 przeznaczon\u0105 tylko dla nich, w Athena Beach Hotel stworzyli\u015bmy w\u0142a\u015bnie tak\u0105.<br \/>\nNa terenie naszego hotelu znajd\u0105 Pa\u0144stwo stref\u0119, kt\u00f3ra jest oaz\u0105 spokoju, przeznaczon\u0105 wy\u0142\u0105cznie dla doros\u0142ych.<\/p>\n<p>Strefa wolna od dzieci; najbardziej odpowiednie miejsce do spokojnego wylegiwania si\u0119, ch\u0142oni\u0119cia wspania\u0142ego s\u0142o\u0144ca i nurkowania w rze\u015bkiej, ch\u0142odnej wodzie, bez ha\u0142a\u015bliwych przekomarza\u0144 dzieci biegaj\u0105cych wok\u00f3\u0142.<\/p>\n<p>Brzmi jak marzenie o lecie tylko dla doros\u0142ych, prawda?<\/p>\n<p>Ta ekskluzywna strefa wita wszystkich go\u015bci od 16 roku \u017cycia i zaprasza do korzystania z oddzielnego basenu z du\u017c\u0105 powierzchni\u0105 do opalania, kt\u00f3ra pozwoli Pa\u0144stwu odda\u0107 si\u0119 letniemu b\u0142ogostanowi.<\/p>\n<p><strong>Nasza ekskluzywna strefa tylko dla doros\u0142ych w skr\u00f3cie<\/strong>: Oddzielna, spokojna strefa tylko dla doros\u0142ych (16 lat + ) Oddzielny basen Le\u017caki Bar przy basenie Restauracja tylko dla doros\u0142ych na \u015bniadanie i kolacj\u0119<\/p>\n","protected":false},"excerpt":{"rendered":"<p>Chc\u0105c zapewni\u0107 naszym doros\u0142ym go\u015bciom przestrze\u0144 przeznaczon\u0105 tylko dla nich, w Athena Beach Hotel stworzyli\u015bmy w\u0142a\u015bnie tak\u0105. Na terenie naszego hotelu znajd\u0105 Pa\u0144stwo stref\u0119, kt\u00f3ra jest oaz\u0105 spokoju, przeznaczon\u0105 wy\u0142\u0105cznie dla doros\u0142ych. Strefa wolna od dzieci; najbardziej odpowiednie miejsce do spokojnego wylegiwania si\u0119, ch\u0142oni\u0119cia wspania\u0142ego s\u0142o\u0144ca i nurkowania w rze\u015bkiej, ch\u0142odnej wodzie, bez ha\u0142a\u015bliwych przekomarza\u0144<\/p>\n","protected":false},"author":100,"featured_media":19968,"parent":0,"menu_order":0,"comment_status":"closed","ping_status":"closed","template":"page-templates\/simple-list.php","meta":{"_acf_changed":false,"footnotes":""},"class_list":["post-18491","page","type-page","status-publish","has-post-thumbnail","hentry"],"acf":[],"yoast_head":"<!-- This site is optimized with the Yoast SEO plugin v27.5 - https:\/\/yoast.com\/product\/yoast-seo-wordpress\/ -->\n<title>Wakacje dla par w Pafos: Hotel tylko dla doros\u0142ych | Athena Beach Hotel<\/title>\n<meta name=\"description\" content=\"Athena Beach by Constantinou Bros Hotels to idealne miejsce dla par, kt\u00f3re szukaj\u0105 wyj\u0105tkowych wakacji przy pla\u017cy w Pafos na Cyprze.\" \/>\n<meta name=\"robots\" content=\"index, follow, max-snippet:-1, max-image-preview:large, max-video-preview:-1\" \/>\n<link rel=\"canonical\" href=\"https:\/\/www.athena-cbh.com\/pl\/pary-wakacje\/\" \/>\n<meta property=\"og:locale\" content=\"pl_PL\" \/>\n<meta property=\"og:type\" content=\"article\" \/>\n<meta property=\"og:title\" content=\"Wakacje dla par w Pafos: Hotel tylko dla doros\u0142ych | Athena Beach Hotel\" \/>\n<meta property=\"og:description\" content=\"Athena Beach by Constantinou Bros Hotels to idealne miejsce dla par, kt\u00f3re szukaj\u0105 wyj\u0105tkowych wakacji przy pla\u017cy w Pafos na Cyprze.\" \/>\n<meta property=\"og:url\" content=\"https:\/\/www.athena-cbh.com\/pl\/pary-wakacje\/\" \/>\n<meta property=\"og:site_name\" content=\"Athena Beach Hotel\" \/>\n<meta property=\"article:modified_time\" content=\"2024-09-20T12:05:32+00:00\" \/>\n<meta property=\"og:image\" content=\"https:\/\/www.athena-cbh.com\/app\/uploads\/sites\/20\/2022\/07\/31-ATHENA-BEACH-HOTEL-HELIOS-BEACH-BAR.jpg\" \/>\n\t<meta property=\"og:image:width\" content=\"2000\" \/>\n\t<meta property=\"og:image:height\" content=\"1333\" \/>\n\t<meta property=\"og:image:type\" content=\"image\/jpeg\" \/>\n<meta name=\"twitter:card\" content=\"summary_large_image\" \/>\n<meta name=\"twitter:label1\" content=\"Est. reading time\" \/>\n\t<meta name=\"twitter:data1\" content=\"1 minute\" \/>\n<script type=\"application\/ld+json\" class=\"yoast-schema-graph\">{\"@context\":\"https:\\\/\\\/schema.org\",\"@graph\":[{\"@type\":\"WebPage\",\"@id\":\"https:\\\/\\\/www.athena-cbh.com\\\/pl\\\/pary-wakacje\\\/\",\"url\":\"https:\\\/\\\/www.athena-cbh.com\\\/pl\\\/pary-wakacje\\\/\",\"name\":\"Wakacje dla par w Pafos: Hotel tylko dla doros\u0142ych | Athena Beach Hotel\",\"isPartOf\":{\"@id\":\"https:\\\/\\\/www.athena-cbh.com\\\/pl\\\/#website\"},\"primaryImageOfPage\":{\"@id\":\"https:\\\/\\\/www.athena-cbh.com\\\/pl\\\/pary-wakacje\\\/#primaryimage\"},\"image\":{\"@id\":\"https:\\\/\\\/www.athena-cbh.com\\\/pl\\\/pary-wakacje\\\/#primaryimage\"},\"thumbnailUrl\":\"https:\\\/\\\/www.athena-cbh.com\\\/app\\\/uploads\\\/sites\\\/20\\\/2022\\\/07\\\/31-ATHENA-BEACH-HOTEL-HELIOS-BEACH-BAR.jpg\",\"datePublished\":\"2024-07-22T14:23:56+00:00\",\"dateModified\":\"2024-09-20T12:05:32+00:00\",\"description\":\"Athena Beach by Constantinou Bros Hotels to idealne miejsce dla par, kt\u00f3re szukaj\u0105 wyj\u0105tkowych wakacji przy pla\u017cy w Pafos na Cyprze.\",\"breadcrumb\":{\"@id\":\"https:\\\/\\\/www.athena-cbh.com\\\/pl\\\/pary-wakacje\\\/#breadcrumb\"},\"inLanguage\":\"pl-PL\",\"potentialAction\":[{\"@type\":\"ReadAction\",\"target\":[\"https:\\\/\\\/www.athena-cbh.com\\\/pl\\\/pary-wakacje\\\/\"]}]},{\"@type\":\"ImageObject\",\"inLanguage\":\"pl-PL\",\"@id\":\"https:\\\/\\\/www.athena-cbh.com\\\/pl\\\/pary-wakacje\\\/#primaryimage\",\"url\":\"https:\\\/\\\/www.athena-cbh.com\\\/app\\\/uploads\\\/sites\\\/20\\\/2022\\\/07\\\/31-ATHENA-BEACH-HOTEL-HELIOS-BEACH-BAR.jpg\",\"contentUrl\":\"https:\\\/\\\/www.athena-cbh.com\\\/app\\\/uploads\\\/sites\\\/20\\\/2022\\\/07\\\/31-ATHENA-BEACH-HOTEL-HELIOS-BEACH-BAR.jpg\",\"width\":2000,\"height\":1333},{\"@type\":\"BreadcrumbList\",\"@id\":\"https:\\\/\\\/www.athena-cbh.com\\\/pl\\\/pary-wakacje\\\/#breadcrumb\",\"itemListElement\":[{\"@type\":\"ListItem\",\"position\":1,\"name\":\"Home\",\"item\":\"https:\\\/\\\/www.athena-cbh.com\\\/pl\\\/\"},{\"@type\":\"ListItem\",\"position\":2,\"name\":\"Wakacje dla par\"}]},{\"@type\":\"WebSite\",\"@id\":\"https:\\\/\\\/www.athena-cbh.com\\\/pl\\\/#website\",\"url\":\"https:\\\/\\\/www.athena-cbh.com\\\/pl\\\/\",\"name\":\"Athena Beach Hotel\",\"description\":\"Constantinou Bros Athena Beach Hotel, 4 star hotel in Paphos Cyprus\",\"potentialAction\":[{\"@type\":\"SearchAction\",\"target\":{\"@type\":\"EntryPoint\",\"urlTemplate\":\"https:\\\/\\\/www.athena-cbh.com\\\/pl\\\/?s={search_term_string}\"},\"query-input\":{\"@type\":\"PropertyValueSpecification\",\"valueRequired\":true,\"valueName\":\"search_term_string\"}}],\"inLanguage\":\"pl-PL\"}]}<\/script>\n<!-- \/ Yoast SEO plugin. -->","yoast_head_json":{"title":"Wakacje dla par w Pafos: Hotel tylko dla doros\u0142ych | Athena Beach Hotel","description":"Athena Beach by Constantinou Bros Hotels to idealne miejsce dla par, kt\u00f3re szukaj\u0105 wyj\u0105tkowych wakacji przy pla\u017cy w Pafos na Cyprze.","robots":{"index":"index","follow":"follow","max-snippet":"max-snippet:-1","max-image-preview":"max-image-preview:large","max-video-preview":"max-video-preview:-1"},"canonical":"https:\/\/www.athena-cbh.com\/pl\/pary-wakacje\/","og_locale":"pl_PL","og_type":"article","og_title":"Wakacje dla par w Pafos: Hotel tylko dla doros\u0142ych | Athena Beach Hotel","og_description":"Athena Beach by Constantinou Bros Hotels to idealne miejsce dla par, kt\u00f3re szukaj\u0105 wyj\u0105tkowych wakacji przy pla\u017cy w Pafos na Cyprze.","og_url":"https:\/\/www.athena-cbh.com\/pl\/pary-wakacje\/","og_site_name":"Athena Beach Hotel","article_modified_time":"2024-09-20T12:05:32+00:00","og_image":[{"width":2000,"height":1333,"url":"https:\/\/www.athena-cbh.com\/app\/uploads\/sites\/20\/2022\/07\/31-ATHENA-BEACH-HOTEL-HELIOS-BEACH-BAR.jpg","type":"image\/jpeg"}],"twitter_card":"summary_large_image","twitter_misc":{"Est. reading time":"1 minute"},"schema":{"@context":"https:\/\/schema.org","@graph":[{"@type":"WebPage","@id":"https:\/\/www.athena-cbh.com\/pl\/pary-wakacje\/","url":"https:\/\/www.athena-cbh.com\/pl\/pary-wakacje\/","name":"Wakacje dla par w Pafos: Hotel tylko dla doros\u0142ych | Athena Beach Hotel","isPartOf":{"@id":"https:\/\/www.athena-cbh.com\/pl\/#website"},"primaryImageOfPage":{"@id":"https:\/\/www.athena-cbh.com\/pl\/pary-wakacje\/#primaryimage"},"image":{"@id":"https:\/\/www.athena-cbh.com\/pl\/pary-wakacje\/#primaryimage"},"thumbnailUrl":"https:\/\/www.athena-cbh.com\/app\/uploads\/sites\/20\/2022\/07\/31-ATHENA-BEACH-HOTEL-HELIOS-BEACH-BAR.jpg","datePublished":"2024-07-22T14:23:56+00:00","dateModified":"2024-09-20T12:05:32+00:00","description":"Athena Beach by Constantinou Bros Hotels to idealne miejsce dla par, kt\u00f3re szukaj\u0105 wyj\u0105tkowych wakacji przy pla\u017cy w Pafos na Cyprze.","breadcrumb":{"@id":"https:\/\/www.athena-cbh.com\/pl\/pary-wakacje\/#breadcrumb"},"inLanguage":"pl-PL","potentialAction":[{"@type":"ReadAction","target":["https:\/\/www.athena-cbh.com\/pl\/pary-wakacje\/"]}]},{"@type":"ImageObject","inLanguage":"pl-PL","@id":"https:\/\/www.athena-cbh.com\/pl\/pary-wakacje\/#primaryimage","url":"https:\/\/www.athena-cbh.com\/app\/uploads\/sites\/20\/2022\/07\/31-ATHENA-BEACH-HOTEL-HELIOS-BEACH-BAR.jpg","contentUrl":"https:\/\/www.athena-cbh.com\/app\/uploads\/sites\/20\/2022\/07\/31-ATHENA-BEACH-HOTEL-HELIOS-BEACH-BAR.jpg","width":2000,"height":1333},{"@type":"BreadcrumbList","@id":"https:\/\/www.athena-cbh.com\/pl\/pary-wakacje\/#breadcrumb","itemListElement":[{"@type":"ListItem","position":1,"name":"Home","item":"https:\/\/www.athena-cbh.com\/pl\/"},{"@type":"ListItem","position":2,"name":"Wakacje dla par"}]},{"@type":"WebSite","@id":"https:\/\/www.athena-cbh.com\/pl\/#website","url":"https:\/\/www.athena-cbh.com\/pl\/","name":"Athena Beach Hotel","description":"Constantinou Bros Athena Beach Hotel, 4 star hotel in Paphos Cyprus","potentialAction":[{"@type":"SearchAction","target":{"@type":"EntryPoint","urlTemplate":"https:\/\/www.athena-cbh.com\/pl\/?s={search_term_string}"},"query-input":{"@type":"PropertyValueSpecification","valueRequired":true,"valueName":"search_term_string"}}],"inLanguage":"pl-PL"}]}},"_links":{"self":[{"href":"https:\/\/www.athena-cbh.com\/pl\/wp-json\/wp\/v2\/pages\/18491","targetHints":{"allow":["GET"]}}],"collection":[{"href":"https:\/\/www.athena-cbh.com\/pl\/wp-json\/wp\/v2\/pages"}],"about":[{"href":"https:\/\/www.athena-cbh.com\/pl\/wp-json\/wp\/v2\/types\/page"}],"author":[{"embeddable":true,"href":"https:\/\/www.athena-cbh.com\/pl\/wp-json\/wp\/v2\/users\/100"}],"replies":[{"embeddable":true,"href":"https:\/\/www.athena-cbh.com\/pl\/wp-json\/wp\/v2\/comments?post=18491"}],"version-history":[{"count":2,"href":"https:\/\/www.athena-cbh.com\/pl\/wp-json\/wp\/v2\/pages\/18491\/revisions"}],"predecessor-version":[{"id":20898,"href":"https:\/\/www.athena-cbh.com\/pl\/wp-json\/wp\/v2\/pages\/18491\/revisions\/20898"}],"wp:featuredmedia":[{"embeddable":true,"href":"https:\/\/www.athena-cbh.com\/pl\/wp-json\/wp\/v2\/media\/19968"}],"wp:attachment":[{"href":"https:\/\/www.athena-cbh.com\/pl\/wp-json\/wp\/v2\/media?parent=18491"}],"curies":[{"name":"wp","href":"https:\/\/api.w.org\/{rel}","templated":true}]}}