{"id":18482,"date":"2024-07-22T17:23:49","date_gmt":"2024-07-22T14:23:49","guid":{"rendered":"https:\/\/www.athena-cbh.com\/golf-wakacje\/"},"modified":"2024-09-16T19:13:03","modified_gmt":"2024-09-16T16:13:03","slug":"golf-wakacje","status":"publish","type":"page","link":"https:\/\/www.athena-cbh.com\/pl\/aktywnosc-wakacje\/golf-wakacje\/","title":{"rendered":"Wakacje z golfem"},"content":{"rendered":"<p>Ka\u017cde z czterech p\u00f3l golfowych znajduje si\u0119 w niewielkiej odleg\u0142o\u015bci od wszystkich CONSTANTINOU BROS HOTELS.<br \/>\nChocia\u017c golf na Cyprze jest wci\u0105\u017c stosunkowo nowy, ju\u017c teraz okazuje si\u0119 by\u0107 wiod\u0105c\u0105 destynacj\u0105 golfow\u0105.<br \/>\nProsimy rezerwowa\u0107 terminy gry w golfa bezpo\u015brednio w hotelu, aby skorzysta\u0107 z naszych ekskluzywnych stawek dla go\u015bci zakwaterowanych w pokojach klasy Elite oraz specjalnych zni\u017cek dla mieszka\u0144c\u00f3w hotelu.<br \/>\nAby uzyska\u0107 wi\u0119cej informacji, prosimy skontaktowa\u0107 si\u0119 z naszym dzia\u0142em obs\u0142ugi go\u015bci. <strong>Minthis Hills<\/strong> Pi\u0119kne i wymagaj\u0105ce pole golfowe, kt\u00f3re wije si\u0119 obok XII-wiecznego klasztoru z zapieraj\u0105cymi dech w piersiach widokami na g\u00f3ry Troodos i nie tylko, golf w Minthis to wyj\u0105tkowe i charakterystyczne do\u015bwiadczenie.<br \/>\nZaprojektowane przez legendarnego architekta golfa Donalda Steela w 1994 roku i odnowione przez renomowanych projektant\u00f3w Mackenzie &amp; Ebert, pole golfowe znajduje si\u0119 ok.<br \/>\n20 km od hotelu. <strong>Aphrodite Hills<\/strong> oferuje wspania\u0142e pole golfowe klasy mistrzowskiej, wspania\u0142y dom klubowy i otoczony zapieraj\u0105c\u0105 dech w piersiach sceneri\u0105.<br \/>\nWielokrotnie nagradzane pole golfowe zosta\u0142o zaprojektowane przez uznanego architekta Cabella Robinsona.<br \/>\nDodatkowe udogodnienia w Aphrodite Hills Golf obejmuj\u0105 rozleg\u0142y obszar treningowy z dwoma du\u017cymi putting greens i obszarem kr\u00f3tkiej gry. <strong>Secret Valley<\/strong> Secret Valley Golf Course to bardzo presti\u017cowe pole golfowe po\u0142o\u017cone w znanym obszarze Petra tou Romiou, legendarnym miejscu narodzin Afrodyty, bogini mi\u0142o\u015bci.<br \/>\nJak sama nazwa wskazuje, pole wiedzie przez pi\u0119kne doliny okolicznych g\u00f3r i znajduje si\u0119 w niewielkiej odleg\u0142o\u015bci od Pafos.<br \/>\nPole golfowe otoczone jest dojrza\u0142\u0105 rodzim\u0105 cypryjsk\u0105 ro\u015blinno\u015bci\u0105 i pi\u0119knymi naturalnymi formacjami skalnymi, tworz\u0105c oaz\u0119 ciszy i spokoju ze spektakularnymi widokami na Morze \u015ar\u00f3dziemne, a wszystko to zapewnia go\u015bciom naprawd\u0119 wyj\u0105tkowe cypryjskie wra\u017cenia z gry w golfa. <strong>Elea<\/strong> Golf Po\u0142o\u017cony w samym sercu presti\u017cowego, wielokrotnie nagradzanego El\u00e9a Estate na Cyprze, El\u00e9a Golf Club oferuje \u015bwiatowej klasy golf w osza\u0142amiaj\u0105cej scenerii.<br \/>\nEl\u00e9a Estate Golf Club znajduje si\u0119 w pobli\u017cu miasta Pafos w po\u0142udniowo-zachodniej cz\u0119\u015bci Cypru i otoczony jest imponuj\u0105cym \u015br\u00f3dziemnomorskim krajobrazem.<br \/>\nPole golfowe zosta\u0142o stworzone, aby rzuci\u0107 wyzwanie golfistom na ka\u017cdym poziomie w trudnym, ale bardzo grywalnym uk\u0142adzie w nieskazitelnym stanie.<\/p>\n<table width=\"614\">\n<thead>\n<tr>\n<td><\/td>\n<td width=\"124\"><strong>Pole golfowe Aphrodite Hills<\/strong><\/td>\n<td width=\"113\"><strong>Secret Valley <\/strong><\/td>\n<td width=\"113\"><strong>Minthis <\/strong><\/td>\n<td width=\"113\"><strong>Pole golfowe Elea <\/strong><\/td>\n<\/tr>\n<tr>\n<td><strong>Otwory:<\/strong><\/td>\n<td width=\"124\">18<\/td>\n<td width=\"113\">18<\/td>\n<td width=\"113\">18<\/td>\n<td width=\"113\">18<\/td>\n<\/tr>\n<\/thead>\n<tbody>\n<tr>\n<td><strong>Par:<\/strong><\/td>\n<td width=\"124\">71<\/td>\n<td width=\"113\">71<\/td>\n<td width=\"113\">72<\/td>\n<td width=\"113\">71<\/td>\n<\/tr>\n<tr>\n<td><strong>D\u0142ugo\u015b\u0107:<\/strong><\/td>\n<td width=\"124\">6289 m<\/td>\n<td width=\"113\">5989 m<\/td>\n<td width=\"113\">5879 m<\/td>\n<td width=\"113\">6194 m<\/td>\n<\/tr>\n<tr>\n<td><strong>Handicap m\u0119\u017cczyzn:<\/strong><\/td>\n<td width=\"124\">28<\/td>\n<td width=\"113\">28<\/td>\n<td width=\"113\">36<\/td>\n<td width=\"113\">28<\/td>\n<\/tr>\n<tr>\n<td><strong>Handicap kobiet:<\/strong><\/td>\n<td width=\"124\">36<\/td>\n<td width=\"113\">36<\/td>\n<td width=\"113\">36<\/td>\n<td width=\"113\">36<\/td>\n<\/tr>\n<tr>\n<td><strong>Odleg\u0142o\u015b\u0107 od hoteli Constantinou Bros <\/strong><\/td>\n<td width=\"124\">Oko\u0142o.<br \/>\n25 km<\/td>\n<td width=\"113\">Oko\u0142o.<br \/>\n25 km<\/td>\n<td width=\"113\">Oko\u0142o.<br \/>\n18 km<\/td>\n<td width=\"113\">Oko\u0142o.<br \/>\n6 km<\/td>\n<\/tr>\n<\/tbody>\n<\/table>\n<p>&nbsp;<\/p>\n","protected":false},"excerpt":{"rendered":"<p>Ka\u017cde z czterech p\u00f3l golfowych znajduje si\u0119 w niewielkiej odleg\u0142o\u015bci od wszystkich CONSTANTINOU BROS HOTELS. Chocia\u017c golf na Cyprze jest wci\u0105\u017c stosunkowo nowy, ju\u017c teraz okazuje si\u0119 by\u0107 wiod\u0105c\u0105 destynacj\u0105 golfow\u0105. Prosimy rezerwowa\u0107 terminy gry w golfa bezpo\u015brednio w hotelu, aby skorzysta\u0107 z naszych ekskluzywnych stawek dla go\u015bci zakwaterowanych w pokojach klasy Elite oraz specjalnych<\/p>\n","protected":false},"author":100,"featured_media":18523,"parent":18507,"menu_order":0,"comment_status":"closed","ping_status":"closed","template":"","meta":{"_acf_changed":false,"footnotes":""},"class_list":["post-18482","page","type-page","status-publish","has-post-thumbnail","hentry"],"acf":[],"yoast_head":"<!-- This site is optimized with the Yoast SEO plugin v27.5 - https:\/\/yoast.com\/product\/yoast-seo-wordpress\/ -->\n<title>Wakacje z golfem - Athena Beach Hotel<\/title>\n<meta name=\"description\" content=\"Athena Beach Hotel w Pafos oferuje wakacje golfowe, daj\u0105c go\u015bciom mo\u017cliwo\u015b\u0107 po\u0142\u0105czenia ich ulubionej rozrywki podczas wakacji.\" \/>\n<meta name=\"robots\" content=\"index, follow, max-snippet:-1, max-image-preview:large, max-video-preview:-1\" \/>\n<link rel=\"canonical\" href=\"https:\/\/www.athena-cbh.com\/pl\/aktywnosc-wakacje\/golf-wakacje\/\" \/>\n<meta property=\"og:locale\" content=\"pl_PL\" \/>\n<meta property=\"og:type\" content=\"article\" \/>\n<meta property=\"og:title\" content=\"Wakacje z golfem - Athena Beach Hotel\" \/>\n<meta property=\"og:description\" content=\"Athena Beach Hotel w Pafos oferuje wakacje golfowe, daj\u0105c go\u015bciom mo\u017cliwo\u015b\u0107 po\u0142\u0105czenia ich ulubionej rozrywki podczas wakacji.\" \/>\n<meta property=\"og:url\" content=\"https:\/\/www.athena-cbh.com\/pl\/aktywnosc-wakacje\/golf-wakacje\/\" \/>\n<meta property=\"og:site_name\" content=\"Athena Beach Hotel\" \/>\n<meta property=\"article:modified_time\" content=\"2024-09-16T16:13:03+00:00\" \/>\n<meta property=\"og:image\" content=\"https:\/\/www.athena-cbh.com\/app\/uploads\/sites\/20\/2022\/07\/Minthis-new-greens-bunkers-scaled.jpg\" \/>\n\t<meta property=\"og:image:width\" content=\"2560\" \/>\n\t<meta property=\"og:image:height\" content=\"1482\" \/>\n\t<meta property=\"og:image:type\" content=\"image\/jpeg\" \/>\n<meta name=\"twitter:card\" content=\"summary_large_image\" \/>\n<meta name=\"twitter:label1\" content=\"Est. reading time\" \/>\n\t<meta name=\"twitter:data1\" content=\"3 minutes\" \/>\n<script type=\"application\/ld+json\" class=\"yoast-schema-graph\">{\"@context\":\"https:\\\/\\\/schema.org\",\"@graph\":[{\"@type\":\"WebPage\",\"@id\":\"https:\\\/\\\/www.athena-cbh.com\\\/pl\\\/aktywnosc-wakacje\\\/golf-wakacje\\\/\",\"url\":\"https:\\\/\\\/www.athena-cbh.com\\\/pl\\\/aktywnosc-wakacje\\\/golf-wakacje\\\/\",\"name\":\"Wakacje z golfem - Athena Beach Hotel\",\"isPartOf\":{\"@id\":\"https:\\\/\\\/www.athena-cbh.com\\\/pl\\\/#website\"},\"primaryImageOfPage\":{\"@id\":\"https:\\\/\\\/www.athena-cbh.com\\\/pl\\\/aktywnosc-wakacje\\\/golf-wakacje\\\/#primaryimage\"},\"image\":{\"@id\":\"https:\\\/\\\/www.athena-cbh.com\\\/pl\\\/aktywnosc-wakacje\\\/golf-wakacje\\\/#primaryimage\"},\"thumbnailUrl\":\"https:\\\/\\\/www.athena-cbh.com\\\/app\\\/uploads\\\/sites\\\/20\\\/2022\\\/07\\\/Minthis-new-greens-bunkers-scaled.jpg\",\"datePublished\":\"2024-07-22T14:23:49+00:00\",\"dateModified\":\"2024-09-16T16:13:03+00:00\",\"description\":\"Athena Beach Hotel w Pafos oferuje wakacje golfowe, daj\u0105c go\u015bciom mo\u017cliwo\u015b\u0107 po\u0142\u0105czenia ich ulubionej rozrywki podczas wakacji.\",\"breadcrumb\":{\"@id\":\"https:\\\/\\\/www.athena-cbh.com\\\/pl\\\/aktywnosc-wakacje\\\/golf-wakacje\\\/#breadcrumb\"},\"inLanguage\":\"pl-PL\",\"potentialAction\":[{\"@type\":\"ReadAction\",\"target\":[\"https:\\\/\\\/www.athena-cbh.com\\\/pl\\\/aktywnosc-wakacje\\\/golf-wakacje\\\/\"]}]},{\"@type\":\"ImageObject\",\"inLanguage\":\"pl-PL\",\"@id\":\"https:\\\/\\\/www.athena-cbh.com\\\/pl\\\/aktywnosc-wakacje\\\/golf-wakacje\\\/#primaryimage\",\"url\":\"https:\\\/\\\/www.athena-cbh.com\\\/app\\\/uploads\\\/sites\\\/20\\\/2022\\\/07\\\/Minthis-new-greens-bunkers-scaled.jpg\",\"contentUrl\":\"https:\\\/\\\/www.athena-cbh.com\\\/app\\\/uploads\\\/sites\\\/20\\\/2022\\\/07\\\/Minthis-new-greens-bunkers-scaled.jpg\",\"width\":2560,\"height\":1482},{\"@type\":\"BreadcrumbList\",\"@id\":\"https:\\\/\\\/www.athena-cbh.com\\\/pl\\\/aktywnosc-wakacje\\\/golf-wakacje\\\/#breadcrumb\",\"itemListElement\":[{\"@type\":\"ListItem\",\"position\":1,\"name\":\"Home\",\"item\":\"https:\\\/\\\/www.athena-cbh.com\\\/pl\\\/\"},{\"@type\":\"ListItem\",\"position\":2,\"name\":\"Aktywne wakacje\",\"item\":\"https:\\\/\\\/www.athena-cbh.com\\\/pl\\\/aktywnosc-wakacje\\\/\"},{\"@type\":\"ListItem\",\"position\":3,\"name\":\"Wakacje z golfem\"}]},{\"@type\":\"WebSite\",\"@id\":\"https:\\\/\\\/www.athena-cbh.com\\\/pl\\\/#website\",\"url\":\"https:\\\/\\\/www.athena-cbh.com\\\/pl\\\/\",\"name\":\"Athena Beach Hotel\",\"description\":\"Constantinou Bros Athena Beach Hotel, 4 star hotel in Paphos Cyprus\",\"potentialAction\":[{\"@type\":\"SearchAction\",\"target\":{\"@type\":\"EntryPoint\",\"urlTemplate\":\"https:\\\/\\\/www.athena-cbh.com\\\/pl\\\/?s={search_term_string}\"},\"query-input\":{\"@type\":\"PropertyValueSpecification\",\"valueRequired\":true,\"valueName\":\"search_term_string\"}}],\"inLanguage\":\"pl-PL\"}]}<\/script>\n<!-- \/ Yoast SEO plugin. -->","yoast_head_json":{"title":"Wakacje z golfem - Athena Beach Hotel","description":"Athena Beach Hotel w Pafos oferuje wakacje golfowe, daj\u0105c go\u015bciom mo\u017cliwo\u015b\u0107 po\u0142\u0105czenia ich ulubionej rozrywki podczas wakacji.","robots":{"index":"index","follow":"follow","max-snippet":"max-snippet:-1","max-image-preview":"max-image-preview:large","max-video-preview":"max-video-preview:-1"},"canonical":"https:\/\/www.athena-cbh.com\/pl\/aktywnosc-wakacje\/golf-wakacje\/","og_locale":"pl_PL","og_type":"article","og_title":"Wakacje z golfem - Athena Beach Hotel","og_description":"Athena Beach Hotel w Pafos oferuje wakacje golfowe, daj\u0105c go\u015bciom mo\u017cliwo\u015b\u0107 po\u0142\u0105czenia ich ulubionej rozrywki podczas wakacji.","og_url":"https:\/\/www.athena-cbh.com\/pl\/aktywnosc-wakacje\/golf-wakacje\/","og_site_name":"Athena Beach Hotel","article_modified_time":"2024-09-16T16:13:03+00:00","og_image":[{"width":2560,"height":1482,"url":"https:\/\/www.athena-cbh.com\/app\/uploads\/sites\/20\/2022\/07\/Minthis-new-greens-bunkers-scaled.jpg","type":"image\/jpeg"}],"twitter_card":"summary_large_image","twitter_misc":{"Est. reading time":"3 minutes"},"schema":{"@context":"https:\/\/schema.org","@graph":[{"@type":"WebPage","@id":"https:\/\/www.athena-cbh.com\/pl\/aktywnosc-wakacje\/golf-wakacje\/","url":"https:\/\/www.athena-cbh.com\/pl\/aktywnosc-wakacje\/golf-wakacje\/","name":"Wakacje z golfem - Athena Beach Hotel","isPartOf":{"@id":"https:\/\/www.athena-cbh.com\/pl\/#website"},"primaryImageOfPage":{"@id":"https:\/\/www.athena-cbh.com\/pl\/aktywnosc-wakacje\/golf-wakacje\/#primaryimage"},"image":{"@id":"https:\/\/www.athena-cbh.com\/pl\/aktywnosc-wakacje\/golf-wakacje\/#primaryimage"},"thumbnailUrl":"https:\/\/www.athena-cbh.com\/app\/uploads\/sites\/20\/2022\/07\/Minthis-new-greens-bunkers-scaled.jpg","datePublished":"2024-07-22T14:23:49+00:00","dateModified":"2024-09-16T16:13:03+00:00","description":"Athena Beach Hotel w Pafos oferuje wakacje golfowe, daj\u0105c go\u015bciom mo\u017cliwo\u015b\u0107 po\u0142\u0105czenia ich ulubionej rozrywki podczas wakacji.","breadcrumb":{"@id":"https:\/\/www.athena-cbh.com\/pl\/aktywnosc-wakacje\/golf-wakacje\/#breadcrumb"},"inLanguage":"pl-PL","potentialAction":[{"@type":"ReadAction","target":["https:\/\/www.athena-cbh.com\/pl\/aktywnosc-wakacje\/golf-wakacje\/"]}]},{"@type":"ImageObject","inLanguage":"pl-PL","@id":"https:\/\/www.athena-cbh.com\/pl\/aktywnosc-wakacje\/golf-wakacje\/#primaryimage","url":"https:\/\/www.athena-cbh.com\/app\/uploads\/sites\/20\/2022\/07\/Minthis-new-greens-bunkers-scaled.jpg","contentUrl":"https:\/\/www.athena-cbh.com\/app\/uploads\/sites\/20\/2022\/07\/Minthis-new-greens-bunkers-scaled.jpg","width":2560,"height":1482},{"@type":"BreadcrumbList","@id":"https:\/\/www.athena-cbh.com\/pl\/aktywnosc-wakacje\/golf-wakacje\/#breadcrumb","itemListElement":[{"@type":"ListItem","position":1,"name":"Home","item":"https:\/\/www.athena-cbh.com\/pl\/"},{"@type":"ListItem","position":2,"name":"Aktywne wakacje","item":"https:\/\/www.athena-cbh.com\/pl\/aktywnosc-wakacje\/"},{"@type":"ListItem","position":3,"name":"Wakacje z golfem"}]},{"@type":"WebSite","@id":"https:\/\/www.athena-cbh.com\/pl\/#website","url":"https:\/\/www.athena-cbh.com\/pl\/","name":"Athena Beach Hotel","description":"Constantinou Bros Athena Beach Hotel, 4 star hotel in Paphos Cyprus","potentialAction":[{"@type":"SearchAction","target":{"@type":"EntryPoint","urlTemplate":"https:\/\/www.athena-cbh.com\/pl\/?s={search_term_string}"},"query-input":{"@type":"PropertyValueSpecification","valueRequired":true,"valueName":"search_term_string"}}],"inLanguage":"pl-PL"}]}},"_links":{"self":[{"href":"https:\/\/www.athena-cbh.com\/pl\/wp-json\/wp\/v2\/pages\/18482","targetHints":{"allow":["GET"]}}],"collection":[{"href":"https:\/\/www.athena-cbh.com\/pl\/wp-json\/wp\/v2\/pages"}],"about":[{"href":"https:\/\/www.athena-cbh.com\/pl\/wp-json\/wp\/v2\/types\/page"}],"author":[{"embeddable":true,"href":"https:\/\/www.athena-cbh.com\/pl\/wp-json\/wp\/v2\/users\/100"}],"replies":[{"embeddable":true,"href":"https:\/\/www.athena-cbh.com\/pl\/wp-json\/wp\/v2\/comments?post=18482"}],"version-history":[{"count":2,"href":"https:\/\/www.athena-cbh.com\/pl\/wp-json\/wp\/v2\/pages\/18482\/revisions"}],"predecessor-version":[{"id":20561,"href":"https:\/\/www.athena-cbh.com\/pl\/wp-json\/wp\/v2\/pages\/18482\/revisions\/20561"}],"up":[{"embeddable":true,"href":"https:\/\/www.athena-cbh.com\/pl\/wp-json\/wp\/v2\/pages\/18507"}],"wp:featuredmedia":[{"embeddable":true,"href":"https:\/\/www.athena-cbh.com\/pl\/wp-json\/wp\/v2\/media\/18523"}],"wp:attachment":[{"href":"https:\/\/www.athena-cbh.com\/pl\/wp-json\/wp\/v2\/media?parent=18482"}],"curies":[{"name":"wp","href":"https:\/\/api.w.org\/{rel}","templated":true}]}}