{"id":18481,"date":"2024-07-22T17:23:49","date_gmt":"2024-07-22T14:23:49","guid":{"rendered":"https:\/\/www.athena-cbh.com\/rodzina-wakacje\/pokoje-rodzinne-laczone\/"},"modified":"2025-02-17T12:52:22","modified_gmt":"2025-02-17T09:52:22","slug":"pokoje-rodzinne-laczone","status":"publish","type":"page","link":"https:\/\/www.athena-cbh.com\/pl\/rodzina-wakacje\/pokoje-rodzinne-laczone\/","title":{"rendered":"Rodzinne pokoje \u0142\u0105czone"},"content":{"rendered":"<h1 class=\"home-pages-title title-size text-center pt-5 font-regular\">Najlepszy rodzinny hotel przy pla\u017cy w Pafos z pokojami \u0142\u0105czonymi<\/h1>\n<p>Hotel Athena Beach oferuje szeroki wyb\u00f3r komfortowych i przestronnych pokoi dla rodzic\u00f3w podr\u00f3\u017cuj\u0105cych z dzie\u0107mi.<br \/>\nDo wyboru maj\u0105 Pa\u0144stwo pok\u00f3j typu Classic dla 3-osobowej rodziny z dodatkowym \u0142\u00f3\u017ckiem, pok\u00f3j typu Duplex dla maksymalnie 6 os\u00f3b, pokoje rodzinne z mo\u017cliwo\u015bci\u0105 po\u0142\u0105czenia, kt\u00f3re mog\u0105 pomie\u015bci\u0107 maksymalnie 6 os\u00f3b, a tak\u017ce apartament rodzinny z jedn\u0105 sypialni\u0105, kt\u00f3ry mo\u017ce pomie\u015bci\u0107 4 osoby.<br \/>\nJe\u015bli podr\u00f3\u017cuj\u0105 Pa\u0144stwo z niemowl\u0119ciem poni\u017cej drugiego roku \u017cycia, do pokoju automatycznie dodamy \u0142\u00f3\u017ceczko dzieci\u0119ce.<\/p>\n","protected":false},"excerpt":{"rendered":"<p>Najlepszy rodzinny hotel przy pla\u017cy w Pafos z pokojami \u0142\u0105czonymi Hotel Athena Beach oferuje szeroki wyb\u00f3r komfortowych i przestronnych pokoi dla rodzic\u00f3w podr\u00f3\u017cuj\u0105cych z dzie\u0107mi. Do wyboru maj\u0105 Pa\u0144stwo pok\u00f3j typu Classic dla 3-osobowej rodziny z dodatkowym \u0142\u00f3\u017ckiem, pok\u00f3j typu Duplex dla maksymalnie 6 os\u00f3b, pokoje rodzinne z mo\u017cliwo\u015bci\u0105 po\u0142\u0105czenia, kt\u00f3re mog\u0105 pomie\u015bci\u0107 maksymalnie 6<\/p>\n","protected":false},"author":100,"featured_media":19761,"parent":18258,"menu_order":0,"comment_status":"closed","ping_status":"closed","template":"","meta":{"_acf_changed":false,"footnotes":""},"class_list":["post-18481","page","type-page","status-publish","has-post-thumbnail","hentry"],"acf":[],"yoast_head":"<!-- This site is optimized with the Yoast SEO plugin v27.5 - https:\/\/yoast.com\/product\/yoast-seo-wordpress\/ -->\n<title>Rodzinny hotel w Pafos z pokojami \u0142\u0105czonymi || Athena Beach<\/title>\n<meta name=\"description\" content=\"Athena Beach by Constantinou Bros Hotels to dobrze usytuowany, nadmorski hotel rodzinny w Pafos z pokojami \u0142\u0105czonymi z wieloma opcjami pobytu dla rodzin.\" \/>\n<meta name=\"robots\" content=\"index, follow, max-snippet:-1, max-image-preview:large, max-video-preview:-1\" \/>\n<link rel=\"canonical\" href=\"https:\/\/www.athena-cbh.com\/pl\/rodzina-wakacje\/pokoje-rodzinne-laczone\/\" \/>\n<meta property=\"og:locale\" content=\"pl_PL\" \/>\n<meta property=\"og:type\" content=\"article\" \/>\n<meta property=\"og:title\" content=\"Rodzinny hotel w Pafos z pokojami \u0142\u0105czonymi || Athena Beach\" \/>\n<meta property=\"og:description\" content=\"Athena Beach by Constantinou Bros Hotels to dobrze usytuowany, nadmorski hotel rodzinny w Pafos z pokojami \u0142\u0105czonymi z wieloma opcjami pobytu dla rodzin.\" \/>\n<meta property=\"og:url\" content=\"https:\/\/www.athena-cbh.com\/pl\/rodzina-wakacje\/pokoje-rodzinne-laczone\/\" \/>\n<meta property=\"og:site_name\" content=\"Athena Beach Hotel\" \/>\n<meta property=\"article:modified_time\" content=\"2025-02-17T09:52:22+00:00\" \/>\n<meta property=\"og:image\" content=\"https:\/\/www.athena-cbh.com\/app\/uploads\/sites\/20\/2022\/01\/46-ATHENA-BEACH-HOTEL-FAMILY-SUPERIOR-INTERCONNECTING-AND-TRIPLE-INTERCONECTING-SWIM-UP-ROOM-scaled.jpg\" \/>\n\t<meta property=\"og:image:width\" content=\"2560\" \/>\n\t<meta property=\"og:image:height\" content=\"1707\" \/>\n\t<meta property=\"og:image:type\" content=\"image\/jpeg\" \/>\n<meta name=\"twitter:card\" content=\"summary_large_image\" \/>\n<meta name=\"twitter:label1\" content=\"Est. reading time\" \/>\n\t<meta name=\"twitter:data1\" content=\"1 minute\" \/>\n<script type=\"application\/ld+json\" class=\"yoast-schema-graph\">{\"@context\":\"https:\\\/\\\/schema.org\",\"@graph\":[{\"@type\":\"WebPage\",\"@id\":\"https:\\\/\\\/www.athena-cbh.com\\\/pl\\\/rodzina-wakacje\\\/pokoje-rodzinne-laczone\\\/\",\"url\":\"https:\\\/\\\/www.athena-cbh.com\\\/pl\\\/rodzina-wakacje\\\/pokoje-rodzinne-laczone\\\/\",\"name\":\"Rodzinny hotel w Pafos z pokojami \u0142\u0105czonymi || Athena Beach\",\"isPartOf\":{\"@id\":\"https:\\\/\\\/www.athena-cbh.com\\\/pl\\\/#website\"},\"primaryImageOfPage\":{\"@id\":\"https:\\\/\\\/www.athena-cbh.com\\\/pl\\\/rodzina-wakacje\\\/pokoje-rodzinne-laczone\\\/#primaryimage\"},\"image\":{\"@id\":\"https:\\\/\\\/www.athena-cbh.com\\\/pl\\\/rodzina-wakacje\\\/pokoje-rodzinne-laczone\\\/#primaryimage\"},\"thumbnailUrl\":\"https:\\\/\\\/www.athena-cbh.com\\\/app\\\/uploads\\\/sites\\\/20\\\/2022\\\/01\\\/46-ATHENA-BEACH-HOTEL-FAMILY-SUPERIOR-INTERCONNECTING-AND-TRIPLE-INTERCONECTING-SWIM-UP-ROOM-scaled.jpg\",\"datePublished\":\"2024-07-22T14:23:49+00:00\",\"dateModified\":\"2025-02-17T09:52:22+00:00\",\"description\":\"Athena Beach by Constantinou Bros Hotels to dobrze usytuowany, nadmorski hotel rodzinny w Pafos z pokojami \u0142\u0105czonymi z wieloma opcjami pobytu dla rodzin.\",\"breadcrumb\":{\"@id\":\"https:\\\/\\\/www.athena-cbh.com\\\/pl\\\/rodzina-wakacje\\\/pokoje-rodzinne-laczone\\\/#breadcrumb\"},\"inLanguage\":\"pl-PL\",\"potentialAction\":[{\"@type\":\"ReadAction\",\"target\":[\"https:\\\/\\\/www.athena-cbh.com\\\/pl\\\/rodzina-wakacje\\\/pokoje-rodzinne-laczone\\\/\"]}]},{\"@type\":\"ImageObject\",\"inLanguage\":\"pl-PL\",\"@id\":\"https:\\\/\\\/www.athena-cbh.com\\\/pl\\\/rodzina-wakacje\\\/pokoje-rodzinne-laczone\\\/#primaryimage\",\"url\":\"https:\\\/\\\/www.athena-cbh.com\\\/app\\\/uploads\\\/sites\\\/20\\\/2022\\\/01\\\/46-ATHENA-BEACH-HOTEL-FAMILY-SUPERIOR-INTERCONNECTING-AND-TRIPLE-INTERCONECTING-SWIM-UP-ROOM-scaled.jpg\",\"contentUrl\":\"https:\\\/\\\/www.athena-cbh.com\\\/app\\\/uploads\\\/sites\\\/20\\\/2022\\\/01\\\/46-ATHENA-BEACH-HOTEL-FAMILY-SUPERIOR-INTERCONNECTING-AND-TRIPLE-INTERCONECTING-SWIM-UP-ROOM-scaled.jpg\",\"width\":2560,\"height\":1707},{\"@type\":\"BreadcrumbList\",\"@id\":\"https:\\\/\\\/www.athena-cbh.com\\\/pl\\\/rodzina-wakacje\\\/pokoje-rodzinne-laczone\\\/#breadcrumb\",\"itemListElement\":[{\"@type\":\"ListItem\",\"position\":1,\"name\":\"Home\",\"item\":\"https:\\\/\\\/www.athena-cbh.com\\\/pl\\\/\"},{\"@type\":\"ListItem\",\"position\":2,\"name\":\"Wakacje rodzinne\",\"item\":\"https:\\\/\\\/www.athena-cbh.com\\\/pl\\\/rodzina-wakacje\\\/\"},{\"@type\":\"ListItem\",\"position\":3,\"name\":\"Rodzinne pokoje \u0142\u0105czone\"}]},{\"@type\":\"WebSite\",\"@id\":\"https:\\\/\\\/www.athena-cbh.com\\\/pl\\\/#website\",\"url\":\"https:\\\/\\\/www.athena-cbh.com\\\/pl\\\/\",\"name\":\"Athena Beach Hotel\",\"description\":\"Constantinou Bros Athena Beach Hotel, 4 star hotel in Paphos Cyprus\",\"potentialAction\":[{\"@type\":\"SearchAction\",\"target\":{\"@type\":\"EntryPoint\",\"urlTemplate\":\"https:\\\/\\\/www.athena-cbh.com\\\/pl\\\/?s={search_term_string}\"},\"query-input\":{\"@type\":\"PropertyValueSpecification\",\"valueRequired\":true,\"valueName\":\"search_term_string\"}}],\"inLanguage\":\"pl-PL\"}]}<\/script>\n<!-- \/ Yoast SEO plugin. -->","yoast_head_json":{"title":"Rodzinny hotel w Pafos z pokojami \u0142\u0105czonymi || Athena Beach","description":"Athena Beach by Constantinou Bros Hotels to dobrze usytuowany, nadmorski hotel rodzinny w Pafos z pokojami \u0142\u0105czonymi z wieloma opcjami pobytu dla rodzin.","robots":{"index":"index","follow":"follow","max-snippet":"max-snippet:-1","max-image-preview":"max-image-preview:large","max-video-preview":"max-video-preview:-1"},"canonical":"https:\/\/www.athena-cbh.com\/pl\/rodzina-wakacje\/pokoje-rodzinne-laczone\/","og_locale":"pl_PL","og_type":"article","og_title":"Rodzinny hotel w Pafos z pokojami \u0142\u0105czonymi || Athena Beach","og_description":"Athena Beach by Constantinou Bros Hotels to dobrze usytuowany, nadmorski hotel rodzinny w Pafos z pokojami \u0142\u0105czonymi z wieloma opcjami pobytu dla rodzin.","og_url":"https:\/\/www.athena-cbh.com\/pl\/rodzina-wakacje\/pokoje-rodzinne-laczone\/","og_site_name":"Athena Beach Hotel","article_modified_time":"2025-02-17T09:52:22+00:00","og_image":[{"width":2560,"height":1707,"url":"https:\/\/www.athena-cbh.com\/app\/uploads\/sites\/20\/2022\/01\/46-ATHENA-BEACH-HOTEL-FAMILY-SUPERIOR-INTERCONNECTING-AND-TRIPLE-INTERCONECTING-SWIM-UP-ROOM-scaled.jpg","type":"image\/jpeg"}],"twitter_card":"summary_large_image","twitter_misc":{"Est. reading time":"1 minute"},"schema":{"@context":"https:\/\/schema.org","@graph":[{"@type":"WebPage","@id":"https:\/\/www.athena-cbh.com\/pl\/rodzina-wakacje\/pokoje-rodzinne-laczone\/","url":"https:\/\/www.athena-cbh.com\/pl\/rodzina-wakacje\/pokoje-rodzinne-laczone\/","name":"Rodzinny hotel w Pafos z pokojami \u0142\u0105czonymi || Athena Beach","isPartOf":{"@id":"https:\/\/www.athena-cbh.com\/pl\/#website"},"primaryImageOfPage":{"@id":"https:\/\/www.athena-cbh.com\/pl\/rodzina-wakacje\/pokoje-rodzinne-laczone\/#primaryimage"},"image":{"@id":"https:\/\/www.athena-cbh.com\/pl\/rodzina-wakacje\/pokoje-rodzinne-laczone\/#primaryimage"},"thumbnailUrl":"https:\/\/www.athena-cbh.com\/app\/uploads\/sites\/20\/2022\/01\/46-ATHENA-BEACH-HOTEL-FAMILY-SUPERIOR-INTERCONNECTING-AND-TRIPLE-INTERCONECTING-SWIM-UP-ROOM-scaled.jpg","datePublished":"2024-07-22T14:23:49+00:00","dateModified":"2025-02-17T09:52:22+00:00","description":"Athena Beach by Constantinou Bros Hotels to dobrze usytuowany, nadmorski hotel rodzinny w Pafos z pokojami \u0142\u0105czonymi z wieloma opcjami pobytu dla rodzin.","breadcrumb":{"@id":"https:\/\/www.athena-cbh.com\/pl\/rodzina-wakacje\/pokoje-rodzinne-laczone\/#breadcrumb"},"inLanguage":"pl-PL","potentialAction":[{"@type":"ReadAction","target":["https:\/\/www.athena-cbh.com\/pl\/rodzina-wakacje\/pokoje-rodzinne-laczone\/"]}]},{"@type":"ImageObject","inLanguage":"pl-PL","@id":"https:\/\/www.athena-cbh.com\/pl\/rodzina-wakacje\/pokoje-rodzinne-laczone\/#primaryimage","url":"https:\/\/www.athena-cbh.com\/app\/uploads\/sites\/20\/2022\/01\/46-ATHENA-BEACH-HOTEL-FAMILY-SUPERIOR-INTERCONNECTING-AND-TRIPLE-INTERCONECTING-SWIM-UP-ROOM-scaled.jpg","contentUrl":"https:\/\/www.athena-cbh.com\/app\/uploads\/sites\/20\/2022\/01\/46-ATHENA-BEACH-HOTEL-FAMILY-SUPERIOR-INTERCONNECTING-AND-TRIPLE-INTERCONECTING-SWIM-UP-ROOM-scaled.jpg","width":2560,"height":1707},{"@type":"BreadcrumbList","@id":"https:\/\/www.athena-cbh.com\/pl\/rodzina-wakacje\/pokoje-rodzinne-laczone\/#breadcrumb","itemListElement":[{"@type":"ListItem","position":1,"name":"Home","item":"https:\/\/www.athena-cbh.com\/pl\/"},{"@type":"ListItem","position":2,"name":"Wakacje rodzinne","item":"https:\/\/www.athena-cbh.com\/pl\/rodzina-wakacje\/"},{"@type":"ListItem","position":3,"name":"Rodzinne pokoje \u0142\u0105czone"}]},{"@type":"WebSite","@id":"https:\/\/www.athena-cbh.com\/pl\/#website","url":"https:\/\/www.athena-cbh.com\/pl\/","name":"Athena Beach Hotel","description":"Constantinou Bros Athena Beach Hotel, 4 star hotel in Paphos Cyprus","potentialAction":[{"@type":"SearchAction","target":{"@type":"EntryPoint","urlTemplate":"https:\/\/www.athena-cbh.com\/pl\/?s={search_term_string}"},"query-input":{"@type":"PropertyValueSpecification","valueRequired":true,"valueName":"search_term_string"}}],"inLanguage":"pl-PL"}]}},"_links":{"self":[{"href":"https:\/\/www.athena-cbh.com\/pl\/wp-json\/wp\/v2\/pages\/18481","targetHints":{"allow":["GET"]}}],"collection":[{"href":"https:\/\/www.athena-cbh.com\/pl\/wp-json\/wp\/v2\/pages"}],"about":[{"href":"https:\/\/www.athena-cbh.com\/pl\/wp-json\/wp\/v2\/types\/page"}],"author":[{"embeddable":true,"href":"https:\/\/www.athena-cbh.com\/pl\/wp-json\/wp\/v2\/users\/100"}],"replies":[{"embeddable":true,"href":"https:\/\/www.athena-cbh.com\/pl\/wp-json\/wp\/v2\/comments?post=18481"}],"version-history":[{"count":2,"href":"https:\/\/www.athena-cbh.com\/pl\/wp-json\/wp\/v2\/pages\/18481\/revisions"}],"predecessor-version":[{"id":21853,"href":"https:\/\/www.athena-cbh.com\/pl\/wp-json\/wp\/v2\/pages\/18481\/revisions\/21853"}],"up":[{"embeddable":true,"href":"https:\/\/www.athena-cbh.com\/pl\/wp-json\/wp\/v2\/pages\/18258"}],"wp:featuredmedia":[{"embeddable":true,"href":"https:\/\/www.athena-cbh.com\/pl\/wp-json\/wp\/v2\/media\/19761"}],"wp:attachment":[{"href":"https:\/\/www.athena-cbh.com\/pl\/wp-json\/wp\/v2\/media?parent=18481"}],"curies":[{"name":"wp","href":"https:\/\/api.w.org\/{rel}","templated":true}]}}