{"id":18471,"date":"2024-07-22T17:23:45","date_gmt":"2024-07-22T14:23:45","guid":{"rendered":"https:\/\/www.athena-cbh.com\/rodzina-wakacje\/klub-dla-dzieci\/"},"modified":"2024-09-16T19:09:55","modified_gmt":"2024-09-16T16:09:55","slug":"klub-dla-dzieci","status":"publish","type":"page","link":"https:\/\/www.athena-cbh.com\/pl\/rodzina-wakacje\/klub-dla-dzieci\/","title":{"rendered":"Klub dla dzieci"},"content":{"rendered":"<h1 class=\"home-pages-title title-size text-center pt-5 font-regular\">Szukaj\u0105 Pa\u0144stwo hotelu przy pla\u017cy w Pafos z klubem dla dzieci?<br \/>\nProsz\u0119 znale\u017a\u0107 go tutaj<\/h1>\n<p>Nasz wewn\u0119trzny zesp\u00f3\u0142 animator\u00f3w prowadzi zabawny i interaktywny klub dla dzieci w wieku od 4 do 12 lat, 6 dni w tygodniu przez ca\u0142y sezon letni.<br \/>\nDzieci z pewno\u015bci\u0105 sp\u0119dz\u0105 czas w Athena Beach Hotel Kids Club; zesp\u00f3\u0142 entuzjastycznych animator\u00f3w i mn\u00f3stwo zaj\u0119\u0107 zadowoli nawet najbardziej wymagaj\u0105cych m\u0142odych poszukiwaczy zabawy.<br \/>\nRodzice mog\u0105 cieszy\u0107 si\u0119 spokojem, wiedz\u0105c, \u017ce ich dzieci b\u0119d\u0105 si\u0119 dobrze bawi\u0107 w Klubie Dzieci\u0119cym, a tak\u017ce w wielu zabawnych zaj\u0119ciach i grach dost\u0119pnych kilka razy w tygodniu.<br \/>\n&#8211; Rozci\u0105ganie dla dzieci &#8211; Puzzle &#8211; Sztuka i r\u0119kodzie\u0142o &#8211; Quiz dla dzieci &#8211; Gry pami\u0119ciowe &#8211; Gry planszowe &#8211; Malowanie kamieniami &#8211; Malowanie sol\u0105 &#8211; Kr\u0119gle &#8211; Ogl\u0105danie kresk\u00f3wek<\/p>\n","protected":false},"excerpt":{"rendered":"<p>Szukaj\u0105 Pa\u0144stwo hotelu przy pla\u017cy w Pafos z klubem dla dzieci? Prosz\u0119 znale\u017a\u0107 go tutaj Nasz wewn\u0119trzny zesp\u00f3\u0142 animator\u00f3w prowadzi zabawny i interaktywny klub dla dzieci w wieku od 4 do 12 lat, 6 dni w tygodniu przez ca\u0142y sezon letni. Dzieci z pewno\u015bci\u0105 sp\u0119dz\u0105 czas w Athena Beach Hotel Kids Club; zesp\u00f3\u0142 entuzjastycznych animator\u00f3w<\/p>\n","protected":false},"author":100,"featured_media":18263,"parent":18258,"menu_order":0,"comment_status":"closed","ping_status":"closed","template":"","meta":{"_acf_changed":false,"footnotes":""},"class_list":["post-18471","page","type-page","status-publish","has-post-thumbnail","hentry"],"acf":[],"yoast_head":"<!-- This site is optimized with the Yoast SEO plugin v27.5 - https:\/\/yoast.com\/product\/yoast-seo-wordpress\/ -->\n<title>Hotel przy pla\u017cy w Pafos z klubem dla dzieci || Athena Beach Hotel<\/title>\n<meta name=\"description\" content=\"Athena Beach Hotel by Constantinou Bros to po\u0142o\u017cony przy pla\u017cy hotel w Pafos z klubem dla dzieci, kt\u00f3ry pozwala rodzicom zrelaksowa\u0107 si\u0119, podczas gdy dzieci s\u0105 pod opiek\u0105.\" \/>\n<meta name=\"robots\" content=\"index, follow, max-snippet:-1, max-image-preview:large, max-video-preview:-1\" \/>\n<link rel=\"canonical\" href=\"https:\/\/www.athena-cbh.com\/pl\/rodzina-wakacje\/klub-dla-dzieci\/\" \/>\n<meta property=\"og:locale\" content=\"pl_PL\" \/>\n<meta property=\"og:type\" content=\"article\" \/>\n<meta property=\"og:title\" content=\"Hotel przy pla\u017cy w Pafos z klubem dla dzieci || Athena Beach Hotel\" \/>\n<meta property=\"og:description\" content=\"Athena Beach Hotel by Constantinou Bros to po\u0142o\u017cony przy pla\u017cy hotel w Pafos z klubem dla dzieci, kt\u00f3ry pozwala rodzicom zrelaksowa\u0107 si\u0119, podczas gdy dzieci s\u0105 pod opiek\u0105.\" \/>\n<meta property=\"og:url\" content=\"https:\/\/www.athena-cbh.com\/pl\/rodzina-wakacje\/klub-dla-dzieci\/\" \/>\n<meta property=\"og:site_name\" content=\"Athena Beach Hotel\" \/>\n<meta property=\"article:modified_time\" content=\"2024-09-16T16:09:55+00:00\" \/>\n<meta property=\"og:image\" content=\"https:\/\/www.athena-cbh.com\/app\/uploads\/sites\/20\/2021\/07\/75-ATHENA-BEACH-HOTEL-KIDS-CLUB-3-scaled.jpg\" \/>\n\t<meta property=\"og:image:width\" content=\"2560\" \/>\n\t<meta property=\"og:image:height\" content=\"1704\" \/>\n\t<meta property=\"og:image:type\" content=\"image\/jpeg\" \/>\n<meta name=\"twitter:card\" content=\"summary_large_image\" \/>\n<meta name=\"twitter:label1\" content=\"Est. reading time\" \/>\n\t<meta name=\"twitter:data1\" content=\"1 minute\" \/>\n<script type=\"application\/ld+json\" class=\"yoast-schema-graph\">{\"@context\":\"https:\\\/\\\/schema.org\",\"@graph\":[{\"@type\":\"WebPage\",\"@id\":\"https:\\\/\\\/www.athena-cbh.com\\\/pl\\\/rodzina-wakacje\\\/klub-dla-dzieci\\\/\",\"url\":\"https:\\\/\\\/www.athena-cbh.com\\\/pl\\\/rodzina-wakacje\\\/klub-dla-dzieci\\\/\",\"name\":\"Hotel przy pla\u017cy w Pafos z klubem dla dzieci || Athena Beach Hotel\",\"isPartOf\":{\"@id\":\"https:\\\/\\\/www.athena-cbh.com\\\/pl\\\/#website\"},\"primaryImageOfPage\":{\"@id\":\"https:\\\/\\\/www.athena-cbh.com\\\/pl\\\/rodzina-wakacje\\\/klub-dla-dzieci\\\/#primaryimage\"},\"image\":{\"@id\":\"https:\\\/\\\/www.athena-cbh.com\\\/pl\\\/rodzina-wakacje\\\/klub-dla-dzieci\\\/#primaryimage\"},\"thumbnailUrl\":\"https:\\\/\\\/www.athena-cbh.com\\\/app\\\/uploads\\\/sites\\\/20\\\/2021\\\/07\\\/75-ATHENA-BEACH-HOTEL-KIDS-CLUB-3-scaled.jpg\",\"datePublished\":\"2024-07-22T14:23:45+00:00\",\"dateModified\":\"2024-09-16T16:09:55+00:00\",\"description\":\"Athena Beach Hotel by Constantinou Bros to po\u0142o\u017cony przy pla\u017cy hotel w Pafos z klubem dla dzieci, kt\u00f3ry pozwala rodzicom zrelaksowa\u0107 si\u0119, podczas gdy dzieci s\u0105 pod opiek\u0105.\",\"breadcrumb\":{\"@id\":\"https:\\\/\\\/www.athena-cbh.com\\\/pl\\\/rodzina-wakacje\\\/klub-dla-dzieci\\\/#breadcrumb\"},\"inLanguage\":\"pl-PL\",\"potentialAction\":[{\"@type\":\"ReadAction\",\"target\":[\"https:\\\/\\\/www.athena-cbh.com\\\/pl\\\/rodzina-wakacje\\\/klub-dla-dzieci\\\/\"]}]},{\"@type\":\"ImageObject\",\"inLanguage\":\"pl-PL\",\"@id\":\"https:\\\/\\\/www.athena-cbh.com\\\/pl\\\/rodzina-wakacje\\\/klub-dla-dzieci\\\/#primaryimage\",\"url\":\"https:\\\/\\\/www.athena-cbh.com\\\/app\\\/uploads\\\/sites\\\/20\\\/2021\\\/07\\\/75-ATHENA-BEACH-HOTEL-KIDS-CLUB-3-scaled.jpg\",\"contentUrl\":\"https:\\\/\\\/www.athena-cbh.com\\\/app\\\/uploads\\\/sites\\\/20\\\/2021\\\/07\\\/75-ATHENA-BEACH-HOTEL-KIDS-CLUB-3-scaled.jpg\",\"width\":2560,\"height\":1704},{\"@type\":\"BreadcrumbList\",\"@id\":\"https:\\\/\\\/www.athena-cbh.com\\\/pl\\\/rodzina-wakacje\\\/klub-dla-dzieci\\\/#breadcrumb\",\"itemListElement\":[{\"@type\":\"ListItem\",\"position\":1,\"name\":\"Home\",\"item\":\"https:\\\/\\\/www.athena-cbh.com\\\/pl\\\/\"},{\"@type\":\"ListItem\",\"position\":2,\"name\":\"Wakacje rodzinne\",\"item\":\"https:\\\/\\\/www.athena-cbh.com\\\/pl\\\/rodzina-wakacje\\\/\"},{\"@type\":\"ListItem\",\"position\":3,\"name\":\"Klub dla dzieci\"}]},{\"@type\":\"WebSite\",\"@id\":\"https:\\\/\\\/www.athena-cbh.com\\\/pl\\\/#website\",\"url\":\"https:\\\/\\\/www.athena-cbh.com\\\/pl\\\/\",\"name\":\"Athena Beach Hotel\",\"description\":\"Constantinou Bros Athena Beach Hotel, 4 star hotel in Paphos Cyprus\",\"potentialAction\":[{\"@type\":\"SearchAction\",\"target\":{\"@type\":\"EntryPoint\",\"urlTemplate\":\"https:\\\/\\\/www.athena-cbh.com\\\/pl\\\/?s={search_term_string}\"},\"query-input\":{\"@type\":\"PropertyValueSpecification\",\"valueRequired\":true,\"valueName\":\"search_term_string\"}}],\"inLanguage\":\"pl-PL\"}]}<\/script>\n<!-- \/ Yoast SEO plugin. -->","yoast_head_json":{"title":"Hotel przy pla\u017cy w Pafos z klubem dla dzieci || Athena Beach Hotel","description":"Athena Beach Hotel by Constantinou Bros to po\u0142o\u017cony przy pla\u017cy hotel w Pafos z klubem dla dzieci, kt\u00f3ry pozwala rodzicom zrelaksowa\u0107 si\u0119, podczas gdy dzieci s\u0105 pod opiek\u0105.","robots":{"index":"index","follow":"follow","max-snippet":"max-snippet:-1","max-image-preview":"max-image-preview:large","max-video-preview":"max-video-preview:-1"},"canonical":"https:\/\/www.athena-cbh.com\/pl\/rodzina-wakacje\/klub-dla-dzieci\/","og_locale":"pl_PL","og_type":"article","og_title":"Hotel przy pla\u017cy w Pafos z klubem dla dzieci || Athena Beach Hotel","og_description":"Athena Beach Hotel by Constantinou Bros to po\u0142o\u017cony przy pla\u017cy hotel w Pafos z klubem dla dzieci, kt\u00f3ry pozwala rodzicom zrelaksowa\u0107 si\u0119, podczas gdy dzieci s\u0105 pod opiek\u0105.","og_url":"https:\/\/www.athena-cbh.com\/pl\/rodzina-wakacje\/klub-dla-dzieci\/","og_site_name":"Athena Beach Hotel","article_modified_time":"2024-09-16T16:09:55+00:00","og_image":[{"width":2560,"height":1704,"url":"https:\/\/www.athena-cbh.com\/app\/uploads\/sites\/20\/2021\/07\/75-ATHENA-BEACH-HOTEL-KIDS-CLUB-3-scaled.jpg","type":"image\/jpeg"}],"twitter_card":"summary_large_image","twitter_misc":{"Est. reading time":"1 minute"},"schema":{"@context":"https:\/\/schema.org","@graph":[{"@type":"WebPage","@id":"https:\/\/www.athena-cbh.com\/pl\/rodzina-wakacje\/klub-dla-dzieci\/","url":"https:\/\/www.athena-cbh.com\/pl\/rodzina-wakacje\/klub-dla-dzieci\/","name":"Hotel przy pla\u017cy w Pafos z klubem dla dzieci || Athena Beach Hotel","isPartOf":{"@id":"https:\/\/www.athena-cbh.com\/pl\/#website"},"primaryImageOfPage":{"@id":"https:\/\/www.athena-cbh.com\/pl\/rodzina-wakacje\/klub-dla-dzieci\/#primaryimage"},"image":{"@id":"https:\/\/www.athena-cbh.com\/pl\/rodzina-wakacje\/klub-dla-dzieci\/#primaryimage"},"thumbnailUrl":"https:\/\/www.athena-cbh.com\/app\/uploads\/sites\/20\/2021\/07\/75-ATHENA-BEACH-HOTEL-KIDS-CLUB-3-scaled.jpg","datePublished":"2024-07-22T14:23:45+00:00","dateModified":"2024-09-16T16:09:55+00:00","description":"Athena Beach Hotel by Constantinou Bros to po\u0142o\u017cony przy pla\u017cy hotel w Pafos z klubem dla dzieci, kt\u00f3ry pozwala rodzicom zrelaksowa\u0107 si\u0119, podczas gdy dzieci s\u0105 pod opiek\u0105.","breadcrumb":{"@id":"https:\/\/www.athena-cbh.com\/pl\/rodzina-wakacje\/klub-dla-dzieci\/#breadcrumb"},"inLanguage":"pl-PL","potentialAction":[{"@type":"ReadAction","target":["https:\/\/www.athena-cbh.com\/pl\/rodzina-wakacje\/klub-dla-dzieci\/"]}]},{"@type":"ImageObject","inLanguage":"pl-PL","@id":"https:\/\/www.athena-cbh.com\/pl\/rodzina-wakacje\/klub-dla-dzieci\/#primaryimage","url":"https:\/\/www.athena-cbh.com\/app\/uploads\/sites\/20\/2021\/07\/75-ATHENA-BEACH-HOTEL-KIDS-CLUB-3-scaled.jpg","contentUrl":"https:\/\/www.athena-cbh.com\/app\/uploads\/sites\/20\/2021\/07\/75-ATHENA-BEACH-HOTEL-KIDS-CLUB-3-scaled.jpg","width":2560,"height":1704},{"@type":"BreadcrumbList","@id":"https:\/\/www.athena-cbh.com\/pl\/rodzina-wakacje\/klub-dla-dzieci\/#breadcrumb","itemListElement":[{"@type":"ListItem","position":1,"name":"Home","item":"https:\/\/www.athena-cbh.com\/pl\/"},{"@type":"ListItem","position":2,"name":"Wakacje rodzinne","item":"https:\/\/www.athena-cbh.com\/pl\/rodzina-wakacje\/"},{"@type":"ListItem","position":3,"name":"Klub dla dzieci"}]},{"@type":"WebSite","@id":"https:\/\/www.athena-cbh.com\/pl\/#website","url":"https:\/\/www.athena-cbh.com\/pl\/","name":"Athena Beach Hotel","description":"Constantinou Bros Athena Beach Hotel, 4 star hotel in Paphos Cyprus","potentialAction":[{"@type":"SearchAction","target":{"@type":"EntryPoint","urlTemplate":"https:\/\/www.athena-cbh.com\/pl\/?s={search_term_string}"},"query-input":{"@type":"PropertyValueSpecification","valueRequired":true,"valueName":"search_term_string"}}],"inLanguage":"pl-PL"}]}},"_links":{"self":[{"href":"https:\/\/www.athena-cbh.com\/pl\/wp-json\/wp\/v2\/pages\/18471","targetHints":{"allow":["GET"]}}],"collection":[{"href":"https:\/\/www.athena-cbh.com\/pl\/wp-json\/wp\/v2\/pages"}],"about":[{"href":"https:\/\/www.athena-cbh.com\/pl\/wp-json\/wp\/v2\/types\/page"}],"author":[{"embeddable":true,"href":"https:\/\/www.athena-cbh.com\/pl\/wp-json\/wp\/v2\/users\/100"}],"replies":[{"embeddable":true,"href":"https:\/\/www.athena-cbh.com\/pl\/wp-json\/wp\/v2\/comments?post=18471"}],"version-history":[{"count":1,"href":"https:\/\/www.athena-cbh.com\/pl\/wp-json\/wp\/v2\/pages\/18471\/revisions"}],"predecessor-version":[{"id":20723,"href":"https:\/\/www.athena-cbh.com\/pl\/wp-json\/wp\/v2\/pages\/18471\/revisions\/20723"}],"up":[{"embeddable":true,"href":"https:\/\/www.athena-cbh.com\/pl\/wp-json\/wp\/v2\/pages\/18258"}],"wp:featuredmedia":[{"embeddable":true,"href":"https:\/\/www.athena-cbh.com\/pl\/wp-json\/wp\/v2\/media\/18263"}],"wp:attachment":[{"href":"https:\/\/www.athena-cbh.com\/pl\/wp-json\/wp\/v2\/media?parent=18471"}],"curies":[{"name":"wp","href":"https:\/\/api.w.org\/{rel}","templated":true}]}}