{"id":18258,"date":"2024-07-22T17:22:34","date_gmt":"2024-07-22T14:22:34","guid":{"rendered":"https:\/\/www.athena-cbh.com\/rodzina-wakacje\/"},"modified":"2024-09-16T19:09:52","modified_gmt":"2024-09-16T16:09:52","slug":"rodzina-wakacje","status":"publish","type":"page","link":"https:\/\/www.athena-cbh.com\/pl\/rodzina-wakacje\/","title":{"rendered":"Wakacje rodzinne"},"content":{"rendered":"<p>Hotel Athena Beach jest bardzo popularnym wyborem dla rodzin, poniewa\u017c oferuje szeroki wachlarz udogodnie\u0144, kt\u00f3re zapewni\u0105 rozrywk\u0119 naszym najm\u0142odszym go\u015bciom.<br \/>\nHotel oferuje r\u00f3wnie\u017c rozleg\u0142e, zadbane ogrody i wspania\u0142e, przestronne tereny, kt\u00f3re prowadz\u0105 bezpo\u015brednio na pla\u017c\u0119.<br \/>\nNasz przyjazny personel czeka na Pa\u0144stwa, aby zapewni\u0107 wysokiej jako\u015bci obs\u0142ug\u0119, wspania\u0142e jedzenie i absolutnie relaksuj\u0105ce, bezstresowe do\u015bwiadczenie.<br \/>\nHotel Athena Beach s\u0142ynie z doskona\u0142ej kuchni z urozmaiconym mi\u0119dzynarodowym menu dla wszystkich smak\u00f3w.<br \/>\nDo Pa\u0144stwa dyspozycji jest pi\u0119\u0107 restauracji, bar na pla\u017cy, w kt\u00f3rym serwowane s\u0105 lekkie posi\u0142ki i przek\u0105ski, a tak\u017ce bar przy basenie i bar koktajlowy, w kt\u00f3rym mo\u017cna wypi\u0107 orze\u017awiaj\u0105cego drinka, zje\u015b\u0107 pyszny koktajl mleczny lub lody dla och\u0142ody.<br \/>\nMo\u017cemy dostarczy\u0107 r\u00f3\u017cne artyku\u0142y dzieci\u0119ce, kt\u00f3rych mog\u0105 Pa\u0144stwo potrzebowa\u0107, a tak\u017ce z przyjemno\u015bci\u0105 zaspokoimy wszelkie specjalne potrzeby dietetyczne.<\/p>\n","protected":false},"excerpt":{"rendered":"<p>Hotel Athena Beach jest bardzo popularnym wyborem dla rodzin, poniewa\u017c oferuje szeroki wachlarz udogodnie\u0144, kt\u00f3re zapewni\u0105 rozrywk\u0119 naszym najm\u0142odszym go\u015bciom. Hotel oferuje r\u00f3wnie\u017c rozleg\u0142e, zadbane ogrody i wspania\u0142e, przestronne tereny, kt\u00f3re prowadz\u0105 bezpo\u015brednio na pla\u017c\u0119. Nasz przyjazny personel czeka na Pa\u0144stwa, aby zapewni\u0107 wysokiej jako\u015bci obs\u0142ug\u0119, wspania\u0142e jedzenie i absolutnie relaksuj\u0105ce, bezstresowe do\u015bwiadczenie. Hotel Athena<\/p>\n","protected":false},"author":100,"featured_media":18263,"parent":0,"menu_order":0,"comment_status":"closed","ping_status":"closed","template":"page-templates\/simple-list.php","meta":{"_acf_changed":false,"footnotes":""},"class_list":["post-18258","page","type-page","status-publish","has-post-thumbnail","hentry"],"acf":[],"yoast_head":"<!-- This site is optimized with the Yoast SEO plugin v27.4 - https:\/\/yoast.com\/product\/yoast-seo-wordpress\/ -->\n<title>Wakacje w najlepszym hotelu rodzinnym w Pafos || Athena Beach Hotel<\/title>\n<meta name=\"description\" content=\"W Athena Beach Hotel by Constantinou Bros znajd\u0105 Pa\u0144stwo najlepszy hotel rodzinny w Pafos na wakacje przy pla\u017cy wype\u0142nione chwilami rado\u015bci i zabawy dla wszystkich.\" \/>\n<meta name=\"robots\" content=\"index, follow, max-snippet:-1, max-image-preview:large, max-video-preview:-1\" \/>\n<link rel=\"canonical\" href=\"https:\/\/www.athena-cbh.com\/pl\/rodzina-wakacje\/\" \/>\n<meta property=\"og:locale\" content=\"pl_PL\" \/>\n<meta property=\"og:type\" content=\"article\" \/>\n<meta property=\"og:title\" content=\"Wakacje w najlepszym hotelu rodzinnym w Pafos || Athena Beach Hotel\" \/>\n<meta property=\"og:description\" content=\"W Athena Beach Hotel by Constantinou Bros znajd\u0105 Pa\u0144stwo najlepszy hotel rodzinny w Pafos na wakacje przy pla\u017cy wype\u0142nione chwilami rado\u015bci i zabawy dla wszystkich.\" \/>\n<meta property=\"og:url\" content=\"https:\/\/www.athena-cbh.com\/pl\/rodzina-wakacje\/\" \/>\n<meta property=\"og:site_name\" content=\"Athena Beach Hotel\" \/>\n<meta property=\"article:modified_time\" content=\"2024-09-16T16:09:52+00:00\" \/>\n<meta property=\"og:image\" content=\"https:\/\/www.athena-cbh.com\/app\/uploads\/sites\/20\/2021\/07\/75-ATHENA-BEACH-HOTEL-KIDS-CLUB-3-scaled.jpg\" \/>\n\t<meta property=\"og:image:width\" content=\"2560\" \/>\n\t<meta property=\"og:image:height\" content=\"1704\" \/>\n\t<meta property=\"og:image:type\" content=\"image\/jpeg\" \/>\n<meta name=\"twitter:card\" content=\"summary_large_image\" \/>\n<meta name=\"twitter:label1\" content=\"Est. reading time\" \/>\n\t<meta name=\"twitter:data1\" content=\"1 minute\" \/>\n<script type=\"application\/ld+json\" class=\"yoast-schema-graph\">{\"@context\":\"https:\\\/\\\/schema.org\",\"@graph\":[{\"@type\":\"WebPage\",\"@id\":\"https:\\\/\\\/www.athena-cbh.com\\\/pl\\\/rodzina-wakacje\\\/\",\"url\":\"https:\\\/\\\/www.athena-cbh.com\\\/pl\\\/rodzina-wakacje\\\/\",\"name\":\"Wakacje w najlepszym hotelu rodzinnym w Pafos || Athena Beach Hotel\",\"isPartOf\":{\"@id\":\"https:\\\/\\\/www.athena-cbh.com\\\/pl\\\/#website\"},\"primaryImageOfPage\":{\"@id\":\"https:\\\/\\\/www.athena-cbh.com\\\/pl\\\/rodzina-wakacje\\\/#primaryimage\"},\"image\":{\"@id\":\"https:\\\/\\\/www.athena-cbh.com\\\/pl\\\/rodzina-wakacje\\\/#primaryimage\"},\"thumbnailUrl\":\"https:\\\/\\\/www.athena-cbh.com\\\/app\\\/uploads\\\/sites\\\/20\\\/2021\\\/07\\\/75-ATHENA-BEACH-HOTEL-KIDS-CLUB-3-scaled.jpg\",\"datePublished\":\"2024-07-22T14:22:34+00:00\",\"dateModified\":\"2024-09-16T16:09:52+00:00\",\"description\":\"W Athena Beach Hotel by Constantinou Bros znajd\u0105 Pa\u0144stwo najlepszy hotel rodzinny w Pafos na wakacje przy pla\u017cy wype\u0142nione chwilami rado\u015bci i zabawy dla wszystkich.\",\"breadcrumb\":{\"@id\":\"https:\\\/\\\/www.athena-cbh.com\\\/pl\\\/rodzina-wakacje\\\/#breadcrumb\"},\"inLanguage\":\"pl-PL\",\"potentialAction\":[{\"@type\":\"ReadAction\",\"target\":[\"https:\\\/\\\/www.athena-cbh.com\\\/pl\\\/rodzina-wakacje\\\/\"]}]},{\"@type\":\"ImageObject\",\"inLanguage\":\"pl-PL\",\"@id\":\"https:\\\/\\\/www.athena-cbh.com\\\/pl\\\/rodzina-wakacje\\\/#primaryimage\",\"url\":\"https:\\\/\\\/www.athena-cbh.com\\\/app\\\/uploads\\\/sites\\\/20\\\/2021\\\/07\\\/75-ATHENA-BEACH-HOTEL-KIDS-CLUB-3-scaled.jpg\",\"contentUrl\":\"https:\\\/\\\/www.athena-cbh.com\\\/app\\\/uploads\\\/sites\\\/20\\\/2021\\\/07\\\/75-ATHENA-BEACH-HOTEL-KIDS-CLUB-3-scaled.jpg\",\"width\":2560,\"height\":1704},{\"@type\":\"BreadcrumbList\",\"@id\":\"https:\\\/\\\/www.athena-cbh.com\\\/pl\\\/rodzina-wakacje\\\/#breadcrumb\",\"itemListElement\":[{\"@type\":\"ListItem\",\"position\":1,\"name\":\"Home\",\"item\":\"https:\\\/\\\/www.athena-cbh.com\\\/pl\\\/\"},{\"@type\":\"ListItem\",\"position\":2,\"name\":\"Wakacje rodzinne\"}]},{\"@type\":\"WebSite\",\"@id\":\"https:\\\/\\\/www.athena-cbh.com\\\/pl\\\/#website\",\"url\":\"https:\\\/\\\/www.athena-cbh.com\\\/pl\\\/\",\"name\":\"Athena Beach Hotel\",\"description\":\"Constantinou Bros Athena Beach Hotel, 4 star hotel in Paphos Cyprus\",\"potentialAction\":[{\"@type\":\"SearchAction\",\"target\":{\"@type\":\"EntryPoint\",\"urlTemplate\":\"https:\\\/\\\/www.athena-cbh.com\\\/pl\\\/?s={search_term_string}\"},\"query-input\":{\"@type\":\"PropertyValueSpecification\",\"valueRequired\":true,\"valueName\":\"search_term_string\"}}],\"inLanguage\":\"pl-PL\"}]}<\/script>\n<!-- \/ Yoast SEO plugin. -->","yoast_head_json":{"title":"Wakacje w najlepszym hotelu rodzinnym w Pafos || Athena Beach Hotel","description":"W Athena Beach Hotel by Constantinou Bros znajd\u0105 Pa\u0144stwo najlepszy hotel rodzinny w Pafos na wakacje przy pla\u017cy wype\u0142nione chwilami rado\u015bci i zabawy dla wszystkich.","robots":{"index":"index","follow":"follow","max-snippet":"max-snippet:-1","max-image-preview":"max-image-preview:large","max-video-preview":"max-video-preview:-1"},"canonical":"https:\/\/www.athena-cbh.com\/pl\/rodzina-wakacje\/","og_locale":"pl_PL","og_type":"article","og_title":"Wakacje w najlepszym hotelu rodzinnym w Pafos || Athena Beach Hotel","og_description":"W Athena Beach Hotel by Constantinou Bros znajd\u0105 Pa\u0144stwo najlepszy hotel rodzinny w Pafos na wakacje przy pla\u017cy wype\u0142nione chwilami rado\u015bci i zabawy dla wszystkich.","og_url":"https:\/\/www.athena-cbh.com\/pl\/rodzina-wakacje\/","og_site_name":"Athena Beach Hotel","article_modified_time":"2024-09-16T16:09:52+00:00","og_image":[{"width":2560,"height":1704,"url":"https:\/\/www.athena-cbh.com\/app\/uploads\/sites\/20\/2021\/07\/75-ATHENA-BEACH-HOTEL-KIDS-CLUB-3-scaled.jpg","type":"image\/jpeg"}],"twitter_card":"summary_large_image","twitter_misc":{"Est. reading time":"1 minute"},"schema":{"@context":"https:\/\/schema.org","@graph":[{"@type":"WebPage","@id":"https:\/\/www.athena-cbh.com\/pl\/rodzina-wakacje\/","url":"https:\/\/www.athena-cbh.com\/pl\/rodzina-wakacje\/","name":"Wakacje w najlepszym hotelu rodzinnym w Pafos || Athena Beach Hotel","isPartOf":{"@id":"https:\/\/www.athena-cbh.com\/pl\/#website"},"primaryImageOfPage":{"@id":"https:\/\/www.athena-cbh.com\/pl\/rodzina-wakacje\/#primaryimage"},"image":{"@id":"https:\/\/www.athena-cbh.com\/pl\/rodzina-wakacje\/#primaryimage"},"thumbnailUrl":"https:\/\/www.athena-cbh.com\/app\/uploads\/sites\/20\/2021\/07\/75-ATHENA-BEACH-HOTEL-KIDS-CLUB-3-scaled.jpg","datePublished":"2024-07-22T14:22:34+00:00","dateModified":"2024-09-16T16:09:52+00:00","description":"W Athena Beach Hotel by Constantinou Bros znajd\u0105 Pa\u0144stwo najlepszy hotel rodzinny w Pafos na wakacje przy pla\u017cy wype\u0142nione chwilami rado\u015bci i zabawy dla wszystkich.","breadcrumb":{"@id":"https:\/\/www.athena-cbh.com\/pl\/rodzina-wakacje\/#breadcrumb"},"inLanguage":"pl-PL","potentialAction":[{"@type":"ReadAction","target":["https:\/\/www.athena-cbh.com\/pl\/rodzina-wakacje\/"]}]},{"@type":"ImageObject","inLanguage":"pl-PL","@id":"https:\/\/www.athena-cbh.com\/pl\/rodzina-wakacje\/#primaryimage","url":"https:\/\/www.athena-cbh.com\/app\/uploads\/sites\/20\/2021\/07\/75-ATHENA-BEACH-HOTEL-KIDS-CLUB-3-scaled.jpg","contentUrl":"https:\/\/www.athena-cbh.com\/app\/uploads\/sites\/20\/2021\/07\/75-ATHENA-BEACH-HOTEL-KIDS-CLUB-3-scaled.jpg","width":2560,"height":1704},{"@type":"BreadcrumbList","@id":"https:\/\/www.athena-cbh.com\/pl\/rodzina-wakacje\/#breadcrumb","itemListElement":[{"@type":"ListItem","position":1,"name":"Home","item":"https:\/\/www.athena-cbh.com\/pl\/"},{"@type":"ListItem","position":2,"name":"Wakacje rodzinne"}]},{"@type":"WebSite","@id":"https:\/\/www.athena-cbh.com\/pl\/#website","url":"https:\/\/www.athena-cbh.com\/pl\/","name":"Athena Beach Hotel","description":"Constantinou Bros Athena Beach Hotel, 4 star hotel in Paphos Cyprus","potentialAction":[{"@type":"SearchAction","target":{"@type":"EntryPoint","urlTemplate":"https:\/\/www.athena-cbh.com\/pl\/?s={search_term_string}"},"query-input":{"@type":"PropertyValueSpecification","valueRequired":true,"valueName":"search_term_string"}}],"inLanguage":"pl-PL"}]}},"_links":{"self":[{"href":"https:\/\/www.athena-cbh.com\/pl\/wp-json\/wp\/v2\/pages\/18258","targetHints":{"allow":["GET"]}}],"collection":[{"href":"https:\/\/www.athena-cbh.com\/pl\/wp-json\/wp\/v2\/pages"}],"about":[{"href":"https:\/\/www.athena-cbh.com\/pl\/wp-json\/wp\/v2\/types\/page"}],"author":[{"embeddable":true,"href":"https:\/\/www.athena-cbh.com\/pl\/wp-json\/wp\/v2\/users\/100"}],"replies":[{"embeddable":true,"href":"https:\/\/www.athena-cbh.com\/pl\/wp-json\/wp\/v2\/comments?post=18258"}],"version-history":[{"count":1,"href":"https:\/\/www.athena-cbh.com\/pl\/wp-json\/wp\/v2\/pages\/18258\/revisions"}],"predecessor-version":[{"id":20699,"href":"https:\/\/www.athena-cbh.com\/pl\/wp-json\/wp\/v2\/pages\/18258\/revisions\/20699"}],"wp:featuredmedia":[{"embeddable":true,"href":"https:\/\/www.athena-cbh.com\/pl\/wp-json\/wp\/v2\/media\/18263"}],"wp:attachment":[{"href":"https:\/\/www.athena-cbh.com\/pl\/wp-json\/wp\/v2\/media?parent=18258"}],"curies":[{"name":"wp","href":"https:\/\/api.w.org\/{rel}","templated":true}]}}