{"id":18236,"date":"2024-07-22T17:22:24","date_gmt":"2024-07-22T14:22:24","guid":{"rendered":"https:\/\/www.athena-cbh.com\/dining\/restauracje\/"},"modified":"2024-09-16T19:09:04","modified_gmt":"2024-09-16T16:09:04","slug":"restauracje","status":"publish","type":"page","link":"https:\/\/www.athena-cbh.com\/pl\/jadalnia\/restauracje\/","title":{"rendered":"Restauracje"},"content":{"rendered":"<h1 class=\"home-pages-title title-size text-center pt-5 font-regular\">Poznaj restauracje w Athena Beach hotel Paphos<\/h1>\n<p>W hotelu Athena Beach mog\u0105 Pa\u0144stwo cieszy\u0107 si\u0119 wyj\u0105tkowymi doznaniami kulinarnymi w uroczej i relaksuj\u0105cej atmosferze.<br \/>\nNasi szefowie kuchni s\u0105 gotowi zachwyci\u0107 Pa\u0144stwa kubki smakowe swoimi kulinarnymi kreacjami!<\/p>\n<h4><strong>Restauracja Atrium<\/strong><\/h4>\n<p>Otwarte dla: \u015aniadanie, Lunch i Kolacj\u0119.<br \/>\nObfite \u015bniadania w formie bufetu, lunche i pyszne kolacje w formie bufetu: autentyczna kuchnia w\u0142oska, wyraziste smaki \u015br\u00f3dziemnomorskie, pikantne przysmaki z Dalekiego Wschodu i oczywi\u015bcie smaki z Cypru, kt\u00f3re zachwyc\u0105 Pa\u0144stwa podniebienia.<\/p>\n<h4><strong>Restauracja Zephyr (tylko dla doros\u0142ych) <\/strong><\/h4>\n<p>Otwarte dla: \u015aniadanie \u015ar\u00f3dziemnomorski bufet i Kolacja A La Carte \/ Table d&#8217;h\u00f4tel.<br \/>\nRestauracja Zephyr przeznaczona jest wy\u0142\u0105cznie dla Go\u015bci powy\u017cej 16. roku \u017cycia i oferuje bogaty \u015br\u00f3dziemnomorski bufet \u015bniadaniowy oraz wystawne dania kuchni mi\u0119dzynarodowej na kolacj\u0119 \u00e0 la carte \/ Table d&#8217;h\u00f4tel (wymagana jest rezerwacja).<br \/>\nGo\u015bcie korzystaj\u0105cy z opcji niepe\u0142nego wy\u017cywienia mog\u0105 r\u00f3wnie\u017c delektowa\u0107 si\u0119 czterodaniow\u0105 kolacj\u0105 z menu bez konieczno\u015bci uiszczania dodatkowej op\u0142aty.<\/p>\n<h4><strong>Restauracja Adonis &#8211; \u015br\u00f3dziemnomorska<\/strong><\/h4>\n<p>Otwarte dla: Lunch, popo\u0142udniowe przek\u0105ski i kolacj\u0119 (lato).<br \/>\nPrzy basenie serwowane s\u0105 napoje, delikatne mi\u0119sa z grilla, przek\u0105ski i desery.<\/p>\n<h4><strong>Restauracja w\u0142oska Leda<\/strong><\/h4>\n<p>Otwarte dla: \u015aniadanie dla klasy Elite, lunch, popo\u0142udniowe przek\u0105ski i kolacj\u0119.<br \/>\nRestauracja Leda przy basenie oferuje \u015br\u00f3dziemnomorskie \u015bniadanie w formie bufetu dla Go\u015bci pokoi klasy Elite.<br \/>\nLokal zaprasza r\u00f3wnie\u017c na lekkie posi\u0142ki lub orze\u017awiaj\u0105ce sa\u0142atki na lunch, s\u0142odkie przek\u0105ski lub gasz\u0105ce pragnienie napoje oraz w\u0142oskie kolacje do wyboru z karty.<\/p>\n<h4><strong>Restauracja Palm Tree<\/strong><\/h4>\n<p>Kolacja: Al Fresco, kolacja a la carte (lato \/ na \u017cyczenie).<br \/>\nRestauracja Palm Tree po\u0142o\u017cona jest po\u015br\u00f3d palm i oferuje wystawne dania do wyboru z karty, kt\u00f3rymi mo\u017cna delektowa\u0107 si\u0119 na \u015bwie\u017cym powietrzu.<\/p>\n<h4><strong>Helios Beach Bar<\/strong><\/h4>\n<p>Otwarte dla: Lunch i popo\u0142udniowe przek\u0105ski.<br \/>\nW ci\u0105gu dnia jest to miejsce, w kt\u00f3rym mo\u017cna zrelaksowa\u0107 si\u0119 nad morzem i delektowa\u0107 si\u0119 lekkimi posi\u0142kami na lunch lub r\u00f3\u017cnymi przek\u0105skami po po\u0142udniu przy orze\u017awiaj\u0105cym napoju.<\/p>\n<h4><strong>*Kod ubioru<\/strong><\/h4>\n<ul>\n<li>Go\u015bcie proszeni s\u0105 o odpowiedni str\u00f3j w restauracjach i barach wieczorami (szorty, koszulki bez r\u0119kaw\u00f3w, stroje k\u0105pielowe i klapki nie s\u0105 dozwolone).<\/li>\n<li>Panowie proszeni s\u0105 o noszenie d\u0142ugich spodni w restauracji Zephyr a la carte wieczorami.<\/li>\n<li>We wszystkich pomieszczeniach og\u00f3lnodost\u0119pnych obowi\u0105zuje str\u00f3j codzienny.<br \/>\nNiemniej jednak, topless, mokre ubrania lub stroje k\u0105pielowe nie s\u0105 dozwolone w \u017cadnym z wewn\u0119trznych obszar\u00f3w publicznych, zw\u0142aszcza w lobby, barach i restauracjach.<\/li>\n<\/ul>\n","protected":false},"excerpt":{"rendered":"<p>Poznaj restauracje w Athena Beach hotel Paphos W hotelu Athena Beach mog\u0105 Pa\u0144stwo cieszy\u0107 si\u0119 wyj\u0105tkowymi doznaniami kulinarnymi w uroczej i relaksuj\u0105cej atmosferze. Nasi szefowie kuchni s\u0105 gotowi zachwyci\u0107 Pa\u0144stwa kubki smakowe swoimi kulinarnymi kreacjami! Restauracja Atrium Otwarte dla: \u015aniadanie, Lunch i Kolacj\u0119. Obfite \u015bniadania w formie bufetu, lunche i pyszne kolacje w formie bufetu:<\/p>\n","protected":false},"author":2,"featured_media":19996,"parent":18047,"menu_order":0,"comment_status":"closed","ping_status":"closed","template":"","meta":{"_acf_changed":false,"footnotes":""},"class_list":["post-18236","page","type-page","status-publish","has-post-thumbnail","hentry"],"acf":[],"yoast_head":"<!-- This site is optimized with the Yoast SEO plugin v27.5 - https:\/\/yoast.com\/product\/yoast-seo-wordpress\/ -->\n<title>Zje\u015b\u0107 obiad w Athena beach hotel Paphos restauracje || Athena Beach<\/title>\n<meta name=\"description\" content=\"Zachwy\u0107 swoje kubki smakowe kulinarnymi kreacjami serwowanymi w restauracjach Athena beach hotel Paphos, prezentuj\u0105cych dania kuchni \u015br\u00f3dziemnomorskiej i w\u0142oskiej i nie tylko!\" \/>\n<meta name=\"robots\" content=\"index, follow, max-snippet:-1, max-image-preview:large, max-video-preview:-1\" \/>\n<link rel=\"canonical\" href=\"https:\/\/www.athena-cbh.com\/pl\/jadalnia\/restauracje\/\" \/>\n<meta property=\"og:locale\" content=\"pl_PL\" \/>\n<meta property=\"og:type\" content=\"article\" \/>\n<meta property=\"og:title\" content=\"Zje\u015b\u0107 obiad w Athena beach hotel Paphos restauracje || Athena Beach\" \/>\n<meta property=\"og:description\" content=\"Zachwy\u0107 swoje kubki smakowe kulinarnymi kreacjami serwowanymi w restauracjach Athena beach hotel Paphos, prezentuj\u0105cych dania kuchni \u015br\u00f3dziemnomorskiej i w\u0142oskiej i nie tylko!\" \/>\n<meta property=\"og:url\" content=\"https:\/\/www.athena-cbh.com\/pl\/jadalnia\/restauracje\/\" \/>\n<meta property=\"og:site_name\" content=\"Athena Beach Hotel\" \/>\n<meta property=\"article:modified_time\" content=\"2024-09-16T16:09:04+00:00\" \/>\n<meta property=\"og:image\" content=\"https:\/\/www.athena-cbh.com\/app\/uploads\/sites\/20\/2022\/09\/17-athena-beach-hotel-adonis-restaurant_resized-min.jpg\" \/>\n\t<meta property=\"og:image:width\" content=\"960\" \/>\n\t<meta property=\"og:image:height\" content=\"640\" \/>\n\t<meta property=\"og:image:type\" content=\"image\/jpeg\" \/>\n<meta name=\"twitter:card\" content=\"summary_large_image\" \/>\n<meta name=\"twitter:label1\" content=\"Est. reading time\" \/>\n\t<meta name=\"twitter:data1\" content=\"3 minutes\" \/>\n<script type=\"application\/ld+json\" class=\"yoast-schema-graph\">{\"@context\":\"https:\\\/\\\/schema.org\",\"@graph\":[{\"@type\":\"WebPage\",\"@id\":\"https:\\\/\\\/www.athena-cbh.com\\\/pl\\\/jadalnia\\\/restauracje\\\/\",\"url\":\"https:\\\/\\\/www.athena-cbh.com\\\/pl\\\/jadalnia\\\/restauracje\\\/\",\"name\":\"Zje\u015b\u0107 obiad w Athena beach hotel Paphos restauracje || Athena Beach\",\"isPartOf\":{\"@id\":\"https:\\\/\\\/www.athena-cbh.com\\\/pl\\\/#website\"},\"primaryImageOfPage\":{\"@id\":\"https:\\\/\\\/www.athena-cbh.com\\\/pl\\\/jadalnia\\\/restauracje\\\/#primaryimage\"},\"image\":{\"@id\":\"https:\\\/\\\/www.athena-cbh.com\\\/pl\\\/jadalnia\\\/restauracje\\\/#primaryimage\"},\"thumbnailUrl\":\"https:\\\/\\\/www.athena-cbh.com\\\/app\\\/uploads\\\/sites\\\/20\\\/2022\\\/09\\\/17-athena-beach-hotel-adonis-restaurant_resized-min.jpg\",\"datePublished\":\"2024-07-22T14:22:24+00:00\",\"dateModified\":\"2024-09-16T16:09:04+00:00\",\"description\":\"Zachwy\u0107 swoje kubki smakowe kulinarnymi kreacjami serwowanymi w restauracjach Athena beach hotel Paphos, prezentuj\u0105cych dania kuchni \u015br\u00f3dziemnomorskiej i w\u0142oskiej i nie tylko!\",\"breadcrumb\":{\"@id\":\"https:\\\/\\\/www.athena-cbh.com\\\/pl\\\/jadalnia\\\/restauracje\\\/#breadcrumb\"},\"inLanguage\":\"pl-PL\",\"potentialAction\":[{\"@type\":\"ReadAction\",\"target\":[\"https:\\\/\\\/www.athena-cbh.com\\\/pl\\\/jadalnia\\\/restauracje\\\/\"]}]},{\"@type\":\"ImageObject\",\"inLanguage\":\"pl-PL\",\"@id\":\"https:\\\/\\\/www.athena-cbh.com\\\/pl\\\/jadalnia\\\/restauracje\\\/#primaryimage\",\"url\":\"https:\\\/\\\/www.athena-cbh.com\\\/app\\\/uploads\\\/sites\\\/20\\\/2022\\\/09\\\/17-athena-beach-hotel-adonis-restaurant_resized-min.jpg\",\"contentUrl\":\"https:\\\/\\\/www.athena-cbh.com\\\/app\\\/uploads\\\/sites\\\/20\\\/2022\\\/09\\\/17-athena-beach-hotel-adonis-restaurant_resized-min.jpg\",\"width\":960,\"height\":640},{\"@type\":\"BreadcrumbList\",\"@id\":\"https:\\\/\\\/www.athena-cbh.com\\\/pl\\\/jadalnia\\\/restauracje\\\/#breadcrumb\",\"itemListElement\":[{\"@type\":\"ListItem\",\"position\":1,\"name\":\"Home\",\"item\":\"https:\\\/\\\/www.athena-cbh.com\\\/pl\\\/\"},{\"@type\":\"ListItem\",\"position\":2,\"name\":\"Jadalnia\",\"item\":\"https:\\\/\\\/www.athena-cbh.com\\\/pl\\\/jadalnia\\\/\"},{\"@type\":\"ListItem\",\"position\":3,\"name\":\"Restauracje\"}]},{\"@type\":\"WebSite\",\"@id\":\"https:\\\/\\\/www.athena-cbh.com\\\/pl\\\/#website\",\"url\":\"https:\\\/\\\/www.athena-cbh.com\\\/pl\\\/\",\"name\":\"Athena Beach Hotel\",\"description\":\"Constantinou Bros Athena Beach Hotel, 4 star hotel in Paphos Cyprus\",\"potentialAction\":[{\"@type\":\"SearchAction\",\"target\":{\"@type\":\"EntryPoint\",\"urlTemplate\":\"https:\\\/\\\/www.athena-cbh.com\\\/pl\\\/?s={search_term_string}\"},\"query-input\":{\"@type\":\"PropertyValueSpecification\",\"valueRequired\":true,\"valueName\":\"search_term_string\"}}],\"inLanguage\":\"pl-PL\"}]}<\/script>\n<!-- \/ Yoast SEO plugin. -->","yoast_head_json":{"title":"Zje\u015b\u0107 obiad w Athena beach hotel Paphos restauracje || Athena Beach","description":"Zachwy\u0107 swoje kubki smakowe kulinarnymi kreacjami serwowanymi w restauracjach Athena beach hotel Paphos, prezentuj\u0105cych dania kuchni \u015br\u00f3dziemnomorskiej i w\u0142oskiej i nie tylko!","robots":{"index":"index","follow":"follow","max-snippet":"max-snippet:-1","max-image-preview":"max-image-preview:large","max-video-preview":"max-video-preview:-1"},"canonical":"https:\/\/www.athena-cbh.com\/pl\/jadalnia\/restauracje\/","og_locale":"pl_PL","og_type":"article","og_title":"Zje\u015b\u0107 obiad w Athena beach hotel Paphos restauracje || Athena Beach","og_description":"Zachwy\u0107 swoje kubki smakowe kulinarnymi kreacjami serwowanymi w restauracjach Athena beach hotel Paphos, prezentuj\u0105cych dania kuchni \u015br\u00f3dziemnomorskiej i w\u0142oskiej i nie tylko!","og_url":"https:\/\/www.athena-cbh.com\/pl\/jadalnia\/restauracje\/","og_site_name":"Athena Beach Hotel","article_modified_time":"2024-09-16T16:09:04+00:00","og_image":[{"width":960,"height":640,"url":"https:\/\/www.athena-cbh.com\/app\/uploads\/sites\/20\/2022\/09\/17-athena-beach-hotel-adonis-restaurant_resized-min.jpg","type":"image\/jpeg"}],"twitter_card":"summary_large_image","twitter_misc":{"Est. reading time":"3 minutes"},"schema":{"@context":"https:\/\/schema.org","@graph":[{"@type":"WebPage","@id":"https:\/\/www.athena-cbh.com\/pl\/jadalnia\/restauracje\/","url":"https:\/\/www.athena-cbh.com\/pl\/jadalnia\/restauracje\/","name":"Zje\u015b\u0107 obiad w Athena beach hotel Paphos restauracje || Athena Beach","isPartOf":{"@id":"https:\/\/www.athena-cbh.com\/pl\/#website"},"primaryImageOfPage":{"@id":"https:\/\/www.athena-cbh.com\/pl\/jadalnia\/restauracje\/#primaryimage"},"image":{"@id":"https:\/\/www.athena-cbh.com\/pl\/jadalnia\/restauracje\/#primaryimage"},"thumbnailUrl":"https:\/\/www.athena-cbh.com\/app\/uploads\/sites\/20\/2022\/09\/17-athena-beach-hotel-adonis-restaurant_resized-min.jpg","datePublished":"2024-07-22T14:22:24+00:00","dateModified":"2024-09-16T16:09:04+00:00","description":"Zachwy\u0107 swoje kubki smakowe kulinarnymi kreacjami serwowanymi w restauracjach Athena beach hotel Paphos, prezentuj\u0105cych dania kuchni \u015br\u00f3dziemnomorskiej i w\u0142oskiej i nie tylko!","breadcrumb":{"@id":"https:\/\/www.athena-cbh.com\/pl\/jadalnia\/restauracje\/#breadcrumb"},"inLanguage":"pl-PL","potentialAction":[{"@type":"ReadAction","target":["https:\/\/www.athena-cbh.com\/pl\/jadalnia\/restauracje\/"]}]},{"@type":"ImageObject","inLanguage":"pl-PL","@id":"https:\/\/www.athena-cbh.com\/pl\/jadalnia\/restauracje\/#primaryimage","url":"https:\/\/www.athena-cbh.com\/app\/uploads\/sites\/20\/2022\/09\/17-athena-beach-hotel-adonis-restaurant_resized-min.jpg","contentUrl":"https:\/\/www.athena-cbh.com\/app\/uploads\/sites\/20\/2022\/09\/17-athena-beach-hotel-adonis-restaurant_resized-min.jpg","width":960,"height":640},{"@type":"BreadcrumbList","@id":"https:\/\/www.athena-cbh.com\/pl\/jadalnia\/restauracje\/#breadcrumb","itemListElement":[{"@type":"ListItem","position":1,"name":"Home","item":"https:\/\/www.athena-cbh.com\/pl\/"},{"@type":"ListItem","position":2,"name":"Jadalnia","item":"https:\/\/www.athena-cbh.com\/pl\/jadalnia\/"},{"@type":"ListItem","position":3,"name":"Restauracje"}]},{"@type":"WebSite","@id":"https:\/\/www.athena-cbh.com\/pl\/#website","url":"https:\/\/www.athena-cbh.com\/pl\/","name":"Athena Beach Hotel","description":"Constantinou Bros Athena Beach Hotel, 4 star hotel in Paphos Cyprus","potentialAction":[{"@type":"SearchAction","target":{"@type":"EntryPoint","urlTemplate":"https:\/\/www.athena-cbh.com\/pl\/?s={search_term_string}"},"query-input":{"@type":"PropertyValueSpecification","valueRequired":true,"valueName":"search_term_string"}}],"inLanguage":"pl-PL"}]}},"_links":{"self":[{"href":"https:\/\/www.athena-cbh.com\/pl\/wp-json\/wp\/v2\/pages\/18236","targetHints":{"allow":["GET"]}}],"collection":[{"href":"https:\/\/www.athena-cbh.com\/pl\/wp-json\/wp\/v2\/pages"}],"about":[{"href":"https:\/\/www.athena-cbh.com\/pl\/wp-json\/wp\/v2\/types\/page"}],"author":[{"embeddable":true,"href":"https:\/\/www.athena-cbh.com\/pl\/wp-json\/wp\/v2\/users\/2"}],"replies":[{"embeddable":true,"href":"https:\/\/www.athena-cbh.com\/pl\/wp-json\/wp\/v2\/comments?post=18236"}],"version-history":[{"count":1,"href":"https:\/\/www.athena-cbh.com\/pl\/wp-json\/wp\/v2\/pages\/18236\/revisions"}],"predecessor-version":[{"id":20262,"href":"https:\/\/www.athena-cbh.com\/pl\/wp-json\/wp\/v2\/pages\/18236\/revisions\/20262"}],"up":[{"embeddable":true,"href":"https:\/\/www.athena-cbh.com\/pl\/wp-json\/wp\/v2\/pages\/18047"}],"wp:featuredmedia":[{"embeddable":true,"href":"https:\/\/www.athena-cbh.com\/pl\/wp-json\/wp\/v2\/media\/19996"}],"wp:attachment":[{"href":"https:\/\/www.athena-cbh.com\/pl\/wp-json\/wp\/v2\/media?parent=18236"}],"curies":[{"name":"wp","href":"https:\/\/api.w.org\/{rel}","templated":true}]}}