{"id":18226,"date":"2024-07-22T17:22:18","date_gmt":"2024-07-22T14:22:18","guid":{"rendered":"https:\/\/www.athena-cbh.com\/wesela\/slub-dodatki\/"},"modified":"2025-07-14T15:34:02","modified_gmt":"2025-07-14T12:34:02","slug":"slub-dodatki","status":"publish","type":"page","link":"https:\/\/www.athena-cbh.com\/pl\/wesela\/slub-dodatki\/","title":{"rendered":"Dodatki \u015blubne"},"content":{"rendered":"<p>Mo\u017cemy zorganizowa\u0107 wszystkie dodatki \u015blubne od kwiat\u00f3w \u015blubnych, tortu weselnego, fryzury i makija\u017cu oraz oczywi\u015bcie fotografii. Dzi\u0119ki naszemu do\u015bwiadczonemu zespo\u0142owi dostawc\u00f3w s\u0142uchamy Pa\u0144stwa pomys\u0142\u00f3w i dostosowujemy dodatki \u015blubne do Pa\u0144stwa potrzeb. Ceny s\u0105 dost\u0119pne na Pa\u0144stwa \u017cyczenie.  <\/p>\n<p><strong>Rozrywka weselna \/ Rozrywka dodatkowa<\/strong><\/p>\n<p>Dlaczego nie zako\u0144czy\u0107 wieczoru, ta\u0144cz\u0105c ca\u0142\u0105 noc w naszej sali imprezowej z w\u0142asnym DJ-em. Mo\u017cemy r\u00f3wnie\u017c zaoferowa\u0107 Pa\u0144stwu inne rozrywki, takie jak zesp\u00f3\u0142 na \u017cywo, piosenkarze, greccy tancerze, a nawet karaoke. <\/p>\n<p>Mo\u017cemy r\u00f3wnie\u017c zaoferowa\u0107 Pa\u0144stwu harfistk\u0119, wiolonczel\u0119 lub skrzypk\u00f3w, gdy b\u0119d\u0105 Pa\u0144stwo szli do o\u0142tarza, aby z\u0142o\u017cy\u0107 przysi\u0119g\u0119 w cypryjskim s\u0142o\u0144cu.<\/p>\n","protected":false},"excerpt":{"rendered":"<p>Mo\u017cemy zorganizowa\u0107 wszystkie dodatki \u015blubne od kwiat\u00f3w \u015blubnych, tortu weselnego, fryzury i makija\u017cu oraz oczywi\u015bcie fotografii. Dzi\u0119ki naszemu do\u015bwiadczonemu zespo\u0142owi dostawc\u00f3w s\u0142uchamy Pa\u0144stwa pomys\u0142\u00f3w i dostosowujemy dodatki \u015blubne do Pa\u0144stwa potrzeb. Ceny s\u0105 dost\u0119pne na Pa\u0144stwa \u017cyczenie. Rozrywka weselna \/ Rozrywka dodatkowa Dlaczego nie zako\u0144czy\u0107 wieczoru, ta\u0144cz\u0105c ca\u0142\u0105 noc w naszej sali imprezowej z w\u0142asnym<\/p>\n","protected":false},"author":12,"featured_media":20109,"parent":18192,"menu_order":0,"comment_status":"closed","ping_status":"closed","template":"","meta":{"_acf_changed":false,"footnotes":""},"class_list":["post-18226","page","type-page","status-publish","has-post-thumbnail","hentry"],"acf":[],"yoast_head":"<!-- This site is optimized with the Yoast SEO plugin v27.4 - https:\/\/yoast.com\/product\/yoast-seo-wordpress\/ -->\n<title>Dodatki \u015blubne - Athena Beach Hotel<\/title>\n<meta name=\"description\" content=\"Hotel Athena Beach by Constantinou Bros oferuje szcz\u0119\u015bliwym parom pe\u0142ne dodatki na najbardziej bajkowe wesela w Pafos na Cyprze.\" \/>\n<meta name=\"robots\" content=\"index, follow, max-snippet:-1, max-image-preview:large, max-video-preview:-1\" \/>\n<link rel=\"canonical\" href=\"https:\/\/www.athena-cbh.com\/pl\/wesela\/slub-dodatki\/\" \/>\n<meta property=\"og:locale\" content=\"pl_PL\" \/>\n<meta property=\"og:type\" content=\"article\" \/>\n<meta property=\"og:title\" content=\"Dodatki \u015blubne - Athena Beach Hotel\" \/>\n<meta property=\"og:description\" content=\"Hotel Athena Beach by Constantinou Bros oferuje szcz\u0119\u015bliwym parom pe\u0142ne dodatki na najbardziej bajkowe wesela w Pafos na Cyprze.\" \/>\n<meta property=\"og:url\" content=\"https:\/\/www.athena-cbh.com\/pl\/wesela\/slub-dodatki\/\" \/>\n<meta property=\"og:site_name\" content=\"Athena Beach Hotel\" \/>\n<meta property=\"article:modified_time\" content=\"2025-07-14T12:34:02+00:00\" \/>\n<meta property=\"og:image\" content=\"https:\/\/www.athena-cbh.com\/app\/uploads\/sites\/20\/2024\/01\/792-scaled.jpg\" \/>\n\t<meta property=\"og:image:width\" content=\"2560\" \/>\n\t<meta property=\"og:image:height\" content=\"1706\" \/>\n\t<meta property=\"og:image:type\" content=\"image\/jpeg\" \/>\n<meta name=\"twitter:card\" content=\"summary_large_image\" \/>\n<meta name=\"twitter:label1\" content=\"Est. reading time\" \/>\n\t<meta name=\"twitter:data1\" content=\"1 minute\" \/>\n<script type=\"application\/ld+json\" class=\"yoast-schema-graph\">{\"@context\":\"https:\\\/\\\/schema.org\",\"@graph\":[{\"@type\":\"WebPage\",\"@id\":\"https:\\\/\\\/www.athena-cbh.com\\\/pl\\\/wesela\\\/slub-dodatki\\\/\",\"url\":\"https:\\\/\\\/www.athena-cbh.com\\\/pl\\\/wesela\\\/slub-dodatki\\\/\",\"name\":\"Dodatki \u015blubne - Athena Beach Hotel\",\"isPartOf\":{\"@id\":\"https:\\\/\\\/www.athena-cbh.com\\\/pl\\\/#website\"},\"primaryImageOfPage\":{\"@id\":\"https:\\\/\\\/www.athena-cbh.com\\\/pl\\\/wesela\\\/slub-dodatki\\\/#primaryimage\"},\"image\":{\"@id\":\"https:\\\/\\\/www.athena-cbh.com\\\/pl\\\/wesela\\\/slub-dodatki\\\/#primaryimage\"},\"thumbnailUrl\":\"https:\\\/\\\/www.athena-cbh.com\\\/app\\\/uploads\\\/sites\\\/20\\\/2024\\\/01\\\/792-scaled.jpg\",\"datePublished\":\"2024-07-22T14:22:18+00:00\",\"dateModified\":\"2025-07-14T12:34:02+00:00\",\"description\":\"Hotel Athena Beach by Constantinou Bros oferuje szcz\u0119\u015bliwym parom pe\u0142ne dodatki na najbardziej bajkowe wesela w Pafos na Cyprze.\",\"breadcrumb\":{\"@id\":\"https:\\\/\\\/www.athena-cbh.com\\\/pl\\\/wesela\\\/slub-dodatki\\\/#breadcrumb\"},\"inLanguage\":\"pl-PL\",\"potentialAction\":[{\"@type\":\"ReadAction\",\"target\":[\"https:\\\/\\\/www.athena-cbh.com\\\/pl\\\/wesela\\\/slub-dodatki\\\/\"]}]},{\"@type\":\"ImageObject\",\"inLanguage\":\"pl-PL\",\"@id\":\"https:\\\/\\\/www.athena-cbh.com\\\/pl\\\/wesela\\\/slub-dodatki\\\/#primaryimage\",\"url\":\"https:\\\/\\\/www.athena-cbh.com\\\/app\\\/uploads\\\/sites\\\/20\\\/2024\\\/01\\\/792-scaled.jpg\",\"contentUrl\":\"https:\\\/\\\/www.athena-cbh.com\\\/app\\\/uploads\\\/sites\\\/20\\\/2024\\\/01\\\/792-scaled.jpg\",\"width\":2560,\"height\":1706},{\"@type\":\"BreadcrumbList\",\"@id\":\"https:\\\/\\\/www.athena-cbh.com\\\/pl\\\/wesela\\\/slub-dodatki\\\/#breadcrumb\",\"itemListElement\":[{\"@type\":\"ListItem\",\"position\":1,\"name\":\"Home\",\"item\":\"https:\\\/\\\/www.athena-cbh.com\\\/pl\\\/\"},{\"@type\":\"ListItem\",\"position\":2,\"name\":\"Wesela\",\"item\":\"https:\\\/\\\/www.athena-cbh.com\\\/pl\\\/wesela\\\/\"},{\"@type\":\"ListItem\",\"position\":3,\"name\":\"Dodatki \u015blubne\"}]},{\"@type\":\"WebSite\",\"@id\":\"https:\\\/\\\/www.athena-cbh.com\\\/pl\\\/#website\",\"url\":\"https:\\\/\\\/www.athena-cbh.com\\\/pl\\\/\",\"name\":\"Athena Beach Hotel\",\"description\":\"Constantinou Bros Athena Beach Hotel, 4 star hotel in Paphos Cyprus\",\"potentialAction\":[{\"@type\":\"SearchAction\",\"target\":{\"@type\":\"EntryPoint\",\"urlTemplate\":\"https:\\\/\\\/www.athena-cbh.com\\\/pl\\\/?s={search_term_string}\"},\"query-input\":{\"@type\":\"PropertyValueSpecification\",\"valueRequired\":true,\"valueName\":\"search_term_string\"}}],\"inLanguage\":\"pl-PL\"}]}<\/script>\n<!-- \/ Yoast SEO plugin. -->","yoast_head_json":{"title":"Dodatki \u015blubne - Athena Beach Hotel","description":"Hotel Athena Beach by Constantinou Bros oferuje szcz\u0119\u015bliwym parom pe\u0142ne dodatki na najbardziej bajkowe wesela w Pafos na Cyprze.","robots":{"index":"index","follow":"follow","max-snippet":"max-snippet:-1","max-image-preview":"max-image-preview:large","max-video-preview":"max-video-preview:-1"},"canonical":"https:\/\/www.athena-cbh.com\/pl\/wesela\/slub-dodatki\/","og_locale":"pl_PL","og_type":"article","og_title":"Dodatki \u015blubne - Athena Beach Hotel","og_description":"Hotel Athena Beach by Constantinou Bros oferuje szcz\u0119\u015bliwym parom pe\u0142ne dodatki na najbardziej bajkowe wesela w Pafos na Cyprze.","og_url":"https:\/\/www.athena-cbh.com\/pl\/wesela\/slub-dodatki\/","og_site_name":"Athena Beach Hotel","article_modified_time":"2025-07-14T12:34:02+00:00","og_image":[{"width":2560,"height":1706,"url":"https:\/\/www.athena-cbh.com\/app\/uploads\/sites\/20\/2024\/01\/792-scaled.jpg","type":"image\/jpeg"}],"twitter_card":"summary_large_image","twitter_misc":{"Est. reading time":"1 minute"},"schema":{"@context":"https:\/\/schema.org","@graph":[{"@type":"WebPage","@id":"https:\/\/www.athena-cbh.com\/pl\/wesela\/slub-dodatki\/","url":"https:\/\/www.athena-cbh.com\/pl\/wesela\/slub-dodatki\/","name":"Dodatki \u015blubne - Athena Beach Hotel","isPartOf":{"@id":"https:\/\/www.athena-cbh.com\/pl\/#website"},"primaryImageOfPage":{"@id":"https:\/\/www.athena-cbh.com\/pl\/wesela\/slub-dodatki\/#primaryimage"},"image":{"@id":"https:\/\/www.athena-cbh.com\/pl\/wesela\/slub-dodatki\/#primaryimage"},"thumbnailUrl":"https:\/\/www.athena-cbh.com\/app\/uploads\/sites\/20\/2024\/01\/792-scaled.jpg","datePublished":"2024-07-22T14:22:18+00:00","dateModified":"2025-07-14T12:34:02+00:00","description":"Hotel Athena Beach by Constantinou Bros oferuje szcz\u0119\u015bliwym parom pe\u0142ne dodatki na najbardziej bajkowe wesela w Pafos na Cyprze.","breadcrumb":{"@id":"https:\/\/www.athena-cbh.com\/pl\/wesela\/slub-dodatki\/#breadcrumb"},"inLanguage":"pl-PL","potentialAction":[{"@type":"ReadAction","target":["https:\/\/www.athena-cbh.com\/pl\/wesela\/slub-dodatki\/"]}]},{"@type":"ImageObject","inLanguage":"pl-PL","@id":"https:\/\/www.athena-cbh.com\/pl\/wesela\/slub-dodatki\/#primaryimage","url":"https:\/\/www.athena-cbh.com\/app\/uploads\/sites\/20\/2024\/01\/792-scaled.jpg","contentUrl":"https:\/\/www.athena-cbh.com\/app\/uploads\/sites\/20\/2024\/01\/792-scaled.jpg","width":2560,"height":1706},{"@type":"BreadcrumbList","@id":"https:\/\/www.athena-cbh.com\/pl\/wesela\/slub-dodatki\/#breadcrumb","itemListElement":[{"@type":"ListItem","position":1,"name":"Home","item":"https:\/\/www.athena-cbh.com\/pl\/"},{"@type":"ListItem","position":2,"name":"Wesela","item":"https:\/\/www.athena-cbh.com\/pl\/wesela\/"},{"@type":"ListItem","position":3,"name":"Dodatki \u015blubne"}]},{"@type":"WebSite","@id":"https:\/\/www.athena-cbh.com\/pl\/#website","url":"https:\/\/www.athena-cbh.com\/pl\/","name":"Athena Beach Hotel","description":"Constantinou Bros Athena Beach Hotel, 4 star hotel in Paphos Cyprus","potentialAction":[{"@type":"SearchAction","target":{"@type":"EntryPoint","urlTemplate":"https:\/\/www.athena-cbh.com\/pl\/?s={search_term_string}"},"query-input":{"@type":"PropertyValueSpecification","valueRequired":true,"valueName":"search_term_string"}}],"inLanguage":"pl-PL"}]}},"_links":{"self":[{"href":"https:\/\/www.athena-cbh.com\/pl\/wp-json\/wp\/v2\/pages\/18226","targetHints":{"allow":["GET"]}}],"collection":[{"href":"https:\/\/www.athena-cbh.com\/pl\/wp-json\/wp\/v2\/pages"}],"about":[{"href":"https:\/\/www.athena-cbh.com\/pl\/wp-json\/wp\/v2\/types\/page"}],"author":[{"embeddable":true,"href":"https:\/\/www.athena-cbh.com\/pl\/wp-json\/wp\/v2\/users\/12"}],"replies":[{"embeddable":true,"href":"https:\/\/www.athena-cbh.com\/pl\/wp-json\/wp\/v2\/comments?post=18226"}],"version-history":[{"count":3,"href":"https:\/\/www.athena-cbh.com\/pl\/wp-json\/wp\/v2\/pages\/18226\/revisions"}],"predecessor-version":[{"id":22264,"href":"https:\/\/www.athena-cbh.com\/pl\/wp-json\/wp\/v2\/pages\/18226\/revisions\/22264"}],"up":[{"embeddable":true,"href":"https:\/\/www.athena-cbh.com\/pl\/wp-json\/wp\/v2\/pages\/18192"}],"wp:featuredmedia":[{"embeddable":true,"href":"https:\/\/www.athena-cbh.com\/pl\/wp-json\/wp\/v2\/media\/20109"}],"wp:attachment":[{"href":"https:\/\/www.athena-cbh.com\/pl\/wp-json\/wp\/v2\/media?parent=18226"}],"curies":[{"name":"wp","href":"https:\/\/api.w.org\/{rel}","templated":true}]}}