{"id":18203,"date":"2024-07-22T17:22:07","date_gmt":"2024-07-22T14:22:07","guid":{"rendered":"https:\/\/www.athena-cbh.com\/wesela\/domy-weselne\/"},"modified":"2025-07-14T15:34:20","modified_gmt":"2025-07-14T12:34:20","slug":"domy-weselne","status":"publish","type":"page","link":"https:\/\/www.athena-cbh.com\/pl\/wesela\/domy-weselne\/","title":{"rendered":"Obiekty weselne"},"content":{"rendered":"<p>Constantinou Bros Hotels obiecuje idealn\u0105 sceneri\u0119 \u015blubn\u0105 pe\u0142n\u0105 magicznych kolor\u00f3w i silnych emocji nad morzem. Oferuj\u0105c najlepsze i najbardziej kompleksowe us\u0142ugi weselne, tworzymy wyj\u0105tkowo osobiste wydarzenia. <\/p>\n<p>Prosz\u0119 powita\u0107 swoich go\u015bci w relaksuj\u0105cych ogrodach hotelu Athena Beach i cieszy\u0107 si\u0119 przyj\u0119ciem, kt\u00f3re przygotujemy dla Pa\u0144stwa, wybieraj\u0105c z naszego pysznego menu. Dlaczego nie zaoferowa\u0107 rodzinie i przyjacio\u0142om kawa\u0142ka pysznego tortu weselnego z kieliszkiem zimnego szampana, aby wznie\u015b\u0107 toast za Pa\u0144stwa now\u0105 wsp\u00f3ln\u0105 podr\u00f3\u017c. Wspania\u0142y pocz\u0105tek nowego \u017cycia w jednym z naszych luksusowych pokoi lub apartament\u00f3w po spe\u0142nieniu marze\u0144 o \u015blubie.  <\/p>\n<p>&nbsp;<\/p>\n<p><strong>Wesele w altanie Adonis (pojemno\u015b\u0107 40 os\u00f3b)<\/strong><\/p>\n<ul>\n<li>Znajduje si\u0119 on w romantycznej lokalizacji przy pla\u017cy i obejmuje:<\/li>\n<li>Altana tylko dla pary \u015blubnej<\/li>\n<li>2 stojaki na \u015bwiece<\/li>\n<li>St\u00f3\u0142 serwisowy<\/li>\n<li>Krzes\u0142a z bia\u0142ymi pokrowcami i bia\u0142ymi kokardami<\/li>\n<li>Dywan<\/li>\n<li>1 kompozycja kwiatowa na st\u00f3\u0142<\/li>\n<\/ul>\n<p>Minimalna op\u0142ata \u20ac290 (do 20 os\u00f3b). Dla ponad 20 os\u00f3b dodatkowy koszt 6,00 \u20ac za osob\u0119. <\/p>\n<p>Je\u015bli ca\u0142e przyj\u0119cie weselne obejmuje co najmniej 10 pokoi (w przypadku wi\u0119kszych wesel) w Constantinou Bros Group of Hotels, ceremonia \u015blubna w Adonis Gazebo b\u0119dzie oferowana bezp\u0142atnie, co pozwoli zaoszcz\u0119dzi\u0107 290,00 euro.<\/p>\n<p>&nbsp;<\/p>\n<p><strong>Persefoni Deluxe Gazebo Wedding (pojemno\u015b\u0107 60 os\u00f3b)<\/strong><\/p>\n<ul>\n<li>Romantyczne otoczenie w ogrodach obok morza i obejmuje:<\/li>\n<li>Deluxe Decorated Wedding Gazebo (altana dla pary \u015blubnej i wszystkich go\u015bci)<\/li>\n<li>2 stojaki na \u015bwiece<\/li>\n<li>St\u00f3\u0142 serwisowy<\/li>\n<li>Dekoracje z woalu<\/li>\n<li>2 stojaki na kwiaty, w tym kwiaty i 1 aran\u017cacja sto\u0142u<\/li>\n<li>Krzes\u0142a z bia\u0142ymi pokrowcami i bia\u0142ymi kokardami<\/li>\n<li>Dywan<\/li>\n<\/ul>\n<p>Minimalna op\u0142ata \u20ac650 (do 20 os\u00f3b. Dla ponad 20 os\u00f3b dodatkowy koszt 6 \u20ac za osob\u0119. <\/p>\n","protected":false},"excerpt":{"rendered":"<p>Constantinou Bros Hotels obiecuje idealn\u0105 sceneri\u0119 \u015blubn\u0105 pe\u0142n\u0105 magicznych kolor\u00f3w i silnych emocji nad morzem. Oferuj\u0105c najlepsze i najbardziej kompleksowe us\u0142ugi weselne, tworzymy wyj\u0105tkowo osobiste wydarzenia. Prosz\u0119 powita\u0107 swoich go\u015bci w relaksuj\u0105cych ogrodach hotelu Athena Beach i cieszy\u0107 si\u0119 przyj\u0119ciem, kt\u00f3re przygotujemy dla Pa\u0144stwa, wybieraj\u0105c z naszego pysznego menu. Dlaczego nie zaoferowa\u0107 rodzinie i przyjacio\u0142om<\/p>\n","protected":false},"author":9,"featured_media":20092,"parent":18192,"menu_order":0,"comment_status":"closed","ping_status":"closed","template":"","meta":{"_acf_changed":false,"footnotes":""},"class_list":["post-18203","page","type-page","status-publish","has-post-thumbnail","hentry"],"acf":[],"yoast_head":"<!-- This site is optimized with the Yoast SEO plugin v27.5 - https:\/\/yoast.com\/product\/yoast-seo-wordpress\/ -->\n<title>Najlepsze cypryjskie obiekty weselne w Pafos || Athena Beach Hotel<\/title>\n<meta name=\"description\" content=\"Athena Beach Hotel jest jednym z najlepszych cypryjskich obiekt\u00f3w weselnych w Pafos. Mog\u0105 Pa\u0144stwo wybra\u0107 jedn\u0105 z naszych eleganckich altan na ceremoni\u0119 swoich marze\u0144.\" \/>\n<meta name=\"robots\" content=\"index, follow, max-snippet:-1, max-image-preview:large, max-video-preview:-1\" \/>\n<link rel=\"canonical\" href=\"https:\/\/www.athena-cbh.com\/pl\/wesela\/domy-weselne\/\" \/>\n<meta property=\"og:locale\" content=\"pl_PL\" \/>\n<meta property=\"og:type\" content=\"article\" \/>\n<meta property=\"og:title\" content=\"Najlepsze cypryjskie obiekty weselne w Pafos || Athena Beach Hotel\" \/>\n<meta property=\"og:description\" content=\"Athena Beach Hotel jest jednym z najlepszych cypryjskich obiekt\u00f3w weselnych w Pafos. Mog\u0105 Pa\u0144stwo wybra\u0107 jedn\u0105 z naszych eleganckich altan na ceremoni\u0119 swoich marze\u0144.\" \/>\n<meta property=\"og:url\" content=\"https:\/\/www.athena-cbh.com\/pl\/wesela\/domy-weselne\/\" \/>\n<meta property=\"og:site_name\" content=\"Athena Beach Hotel\" \/>\n<meta property=\"article:modified_time\" content=\"2025-07-14T12:34:20+00:00\" \/>\n<meta property=\"og:image\" content=\"https:\/\/www.athena-cbh.com\/app\/uploads\/sites\/20\/2024\/01\/91-ATHENA-BEACH-HOTL-ADONIS-WEDDING-GAZEBO-scaled.jpg\" \/>\n\t<meta property=\"og:image:width\" content=\"2560\" \/>\n\t<meta property=\"og:image:height\" content=\"1703\" \/>\n\t<meta property=\"og:image:type\" content=\"image\/jpeg\" \/>\n<meta name=\"twitter:card\" content=\"summary_large_image\" \/>\n<meta name=\"twitter:label1\" content=\"Est. reading time\" \/>\n\t<meta name=\"twitter:data1\" content=\"2 minutes\" \/>\n<script type=\"application\/ld+json\" class=\"yoast-schema-graph\">{\"@context\":\"https:\\\/\\\/schema.org\",\"@graph\":[{\"@type\":\"WebPage\",\"@id\":\"https:\\\/\\\/www.athena-cbh.com\\\/pl\\\/wesela\\\/domy-weselne\\\/\",\"url\":\"https:\\\/\\\/www.athena-cbh.com\\\/pl\\\/wesela\\\/domy-weselne\\\/\",\"name\":\"Najlepsze cypryjskie obiekty weselne w Pafos || Athena Beach Hotel\",\"isPartOf\":{\"@id\":\"https:\\\/\\\/www.athena-cbh.com\\\/pl\\\/#website\"},\"primaryImageOfPage\":{\"@id\":\"https:\\\/\\\/www.athena-cbh.com\\\/pl\\\/wesela\\\/domy-weselne\\\/#primaryimage\"},\"image\":{\"@id\":\"https:\\\/\\\/www.athena-cbh.com\\\/pl\\\/wesela\\\/domy-weselne\\\/#primaryimage\"},\"thumbnailUrl\":\"https:\\\/\\\/www.athena-cbh.com\\\/app\\\/uploads\\\/sites\\\/20\\\/2024\\\/01\\\/91-ATHENA-BEACH-HOTL-ADONIS-WEDDING-GAZEBO-scaled.jpg\",\"datePublished\":\"2024-07-22T14:22:07+00:00\",\"dateModified\":\"2025-07-14T12:34:20+00:00\",\"description\":\"Athena Beach Hotel jest jednym z najlepszych cypryjskich obiekt\u00f3w weselnych w Pafos. Mog\u0105 Pa\u0144stwo wybra\u0107 jedn\u0105 z naszych eleganckich altan na ceremoni\u0119 swoich marze\u0144.\",\"breadcrumb\":{\"@id\":\"https:\\\/\\\/www.athena-cbh.com\\\/pl\\\/wesela\\\/domy-weselne\\\/#breadcrumb\"},\"inLanguage\":\"pl-PL\",\"potentialAction\":[{\"@type\":\"ReadAction\",\"target\":[\"https:\\\/\\\/www.athena-cbh.com\\\/pl\\\/wesela\\\/domy-weselne\\\/\"]}]},{\"@type\":\"ImageObject\",\"inLanguage\":\"pl-PL\",\"@id\":\"https:\\\/\\\/www.athena-cbh.com\\\/pl\\\/wesela\\\/domy-weselne\\\/#primaryimage\",\"url\":\"https:\\\/\\\/www.athena-cbh.com\\\/app\\\/uploads\\\/sites\\\/20\\\/2024\\\/01\\\/91-ATHENA-BEACH-HOTL-ADONIS-WEDDING-GAZEBO-scaled.jpg\",\"contentUrl\":\"https:\\\/\\\/www.athena-cbh.com\\\/app\\\/uploads\\\/sites\\\/20\\\/2024\\\/01\\\/91-ATHENA-BEACH-HOTL-ADONIS-WEDDING-GAZEBO-scaled.jpg\",\"width\":2560,\"height\":1703},{\"@type\":\"BreadcrumbList\",\"@id\":\"https:\\\/\\\/www.athena-cbh.com\\\/pl\\\/wesela\\\/domy-weselne\\\/#breadcrumb\",\"itemListElement\":[{\"@type\":\"ListItem\",\"position\":1,\"name\":\"Home\",\"item\":\"https:\\\/\\\/www.athena-cbh.com\\\/pl\\\/\"},{\"@type\":\"ListItem\",\"position\":2,\"name\":\"Wesela\",\"item\":\"https:\\\/\\\/www.athena-cbh.com\\\/pl\\\/wesela\\\/\"},{\"@type\":\"ListItem\",\"position\":3,\"name\":\"Obiekty weselne\"}]},{\"@type\":\"WebSite\",\"@id\":\"https:\\\/\\\/www.athena-cbh.com\\\/pl\\\/#website\",\"url\":\"https:\\\/\\\/www.athena-cbh.com\\\/pl\\\/\",\"name\":\"Athena Beach Hotel\",\"description\":\"Constantinou Bros Athena Beach Hotel, 4 star hotel in Paphos Cyprus\",\"potentialAction\":[{\"@type\":\"SearchAction\",\"target\":{\"@type\":\"EntryPoint\",\"urlTemplate\":\"https:\\\/\\\/www.athena-cbh.com\\\/pl\\\/?s={search_term_string}\"},\"query-input\":{\"@type\":\"PropertyValueSpecification\",\"valueRequired\":true,\"valueName\":\"search_term_string\"}}],\"inLanguage\":\"pl-PL\"}]}<\/script>\n<!-- \/ Yoast SEO plugin. -->","yoast_head_json":{"title":"Najlepsze cypryjskie obiekty weselne w Pafos || Athena Beach Hotel","description":"Athena Beach Hotel jest jednym z najlepszych cypryjskich obiekt\u00f3w weselnych w Pafos. Mog\u0105 Pa\u0144stwo wybra\u0107 jedn\u0105 z naszych eleganckich altan na ceremoni\u0119 swoich marze\u0144.","robots":{"index":"index","follow":"follow","max-snippet":"max-snippet:-1","max-image-preview":"max-image-preview:large","max-video-preview":"max-video-preview:-1"},"canonical":"https:\/\/www.athena-cbh.com\/pl\/wesela\/domy-weselne\/","og_locale":"pl_PL","og_type":"article","og_title":"Najlepsze cypryjskie obiekty weselne w Pafos || Athena Beach Hotel","og_description":"Athena Beach Hotel jest jednym z najlepszych cypryjskich obiekt\u00f3w weselnych w Pafos. Mog\u0105 Pa\u0144stwo wybra\u0107 jedn\u0105 z naszych eleganckich altan na ceremoni\u0119 swoich marze\u0144.","og_url":"https:\/\/www.athena-cbh.com\/pl\/wesela\/domy-weselne\/","og_site_name":"Athena Beach Hotel","article_modified_time":"2025-07-14T12:34:20+00:00","og_image":[{"width":2560,"height":1703,"url":"https:\/\/www.athena-cbh.com\/app\/uploads\/sites\/20\/2024\/01\/91-ATHENA-BEACH-HOTL-ADONIS-WEDDING-GAZEBO-scaled.jpg","type":"image\/jpeg"}],"twitter_card":"summary_large_image","twitter_misc":{"Est. reading time":"2 minutes"},"schema":{"@context":"https:\/\/schema.org","@graph":[{"@type":"WebPage","@id":"https:\/\/www.athena-cbh.com\/pl\/wesela\/domy-weselne\/","url":"https:\/\/www.athena-cbh.com\/pl\/wesela\/domy-weselne\/","name":"Najlepsze cypryjskie obiekty weselne w Pafos || Athena Beach Hotel","isPartOf":{"@id":"https:\/\/www.athena-cbh.com\/pl\/#website"},"primaryImageOfPage":{"@id":"https:\/\/www.athena-cbh.com\/pl\/wesela\/domy-weselne\/#primaryimage"},"image":{"@id":"https:\/\/www.athena-cbh.com\/pl\/wesela\/domy-weselne\/#primaryimage"},"thumbnailUrl":"https:\/\/www.athena-cbh.com\/app\/uploads\/sites\/20\/2024\/01\/91-ATHENA-BEACH-HOTL-ADONIS-WEDDING-GAZEBO-scaled.jpg","datePublished":"2024-07-22T14:22:07+00:00","dateModified":"2025-07-14T12:34:20+00:00","description":"Athena Beach Hotel jest jednym z najlepszych cypryjskich obiekt\u00f3w weselnych w Pafos. Mog\u0105 Pa\u0144stwo wybra\u0107 jedn\u0105 z naszych eleganckich altan na ceremoni\u0119 swoich marze\u0144.","breadcrumb":{"@id":"https:\/\/www.athena-cbh.com\/pl\/wesela\/domy-weselne\/#breadcrumb"},"inLanguage":"pl-PL","potentialAction":[{"@type":"ReadAction","target":["https:\/\/www.athena-cbh.com\/pl\/wesela\/domy-weselne\/"]}]},{"@type":"ImageObject","inLanguage":"pl-PL","@id":"https:\/\/www.athena-cbh.com\/pl\/wesela\/domy-weselne\/#primaryimage","url":"https:\/\/www.athena-cbh.com\/app\/uploads\/sites\/20\/2024\/01\/91-ATHENA-BEACH-HOTL-ADONIS-WEDDING-GAZEBO-scaled.jpg","contentUrl":"https:\/\/www.athena-cbh.com\/app\/uploads\/sites\/20\/2024\/01\/91-ATHENA-BEACH-HOTL-ADONIS-WEDDING-GAZEBO-scaled.jpg","width":2560,"height":1703},{"@type":"BreadcrumbList","@id":"https:\/\/www.athena-cbh.com\/pl\/wesela\/domy-weselne\/#breadcrumb","itemListElement":[{"@type":"ListItem","position":1,"name":"Home","item":"https:\/\/www.athena-cbh.com\/pl\/"},{"@type":"ListItem","position":2,"name":"Wesela","item":"https:\/\/www.athena-cbh.com\/pl\/wesela\/"},{"@type":"ListItem","position":3,"name":"Obiekty weselne"}]},{"@type":"WebSite","@id":"https:\/\/www.athena-cbh.com\/pl\/#website","url":"https:\/\/www.athena-cbh.com\/pl\/","name":"Athena Beach Hotel","description":"Constantinou Bros Athena Beach Hotel, 4 star hotel in Paphos Cyprus","potentialAction":[{"@type":"SearchAction","target":{"@type":"EntryPoint","urlTemplate":"https:\/\/www.athena-cbh.com\/pl\/?s={search_term_string}"},"query-input":{"@type":"PropertyValueSpecification","valueRequired":true,"valueName":"search_term_string"}}],"inLanguage":"pl-PL"}]}},"_links":{"self":[{"href":"https:\/\/www.athena-cbh.com\/pl\/wp-json\/wp\/v2\/pages\/18203","targetHints":{"allow":["GET"]}}],"collection":[{"href":"https:\/\/www.athena-cbh.com\/pl\/wp-json\/wp\/v2\/pages"}],"about":[{"href":"https:\/\/www.athena-cbh.com\/pl\/wp-json\/wp\/v2\/types\/page"}],"author":[{"embeddable":true,"href":"https:\/\/www.athena-cbh.com\/pl\/wp-json\/wp\/v2\/users\/9"}],"replies":[{"embeddable":true,"href":"https:\/\/www.athena-cbh.com\/pl\/wp-json\/wp\/v2\/comments?post=18203"}],"version-history":[{"count":3,"href":"https:\/\/www.athena-cbh.com\/pl\/wp-json\/wp\/v2\/pages\/18203\/revisions"}],"predecessor-version":[{"id":22280,"href":"https:\/\/www.athena-cbh.com\/pl\/wp-json\/wp\/v2\/pages\/18203\/revisions\/22280"}],"up":[{"embeddable":true,"href":"https:\/\/www.athena-cbh.com\/pl\/wp-json\/wp\/v2\/pages\/18192"}],"wp:featuredmedia":[{"embeddable":true,"href":"https:\/\/www.athena-cbh.com\/pl\/wp-json\/wp\/v2\/media\/20092"}],"wp:attachment":[{"href":"https:\/\/www.athena-cbh.com\/pl\/wp-json\/wp\/v2\/media?parent=18203"}],"curies":[{"name":"wp","href":"https:\/\/api.w.org\/{rel}","templated":true}]}}