{"id":18202,"date":"2024-07-22T17:22:07","date_gmt":"2024-07-22T14:22:07","guid":{"rendered":"https:\/\/www.athena-cbh.com\/wesela\/wesele-przyjecie\/"},"modified":"2025-07-14T15:34:12","modified_gmt":"2025-07-14T12:34:12","slug":"wesele-przyjecie","status":"publish","type":"page","link":"https:\/\/www.athena-cbh.com\/pl\/wesela\/wesele-przyjecie\/","title":{"rendered":"Przyj\u0119cie weselne"},"content":{"rendered":"<h1 class=\"home-pages-title title-size text-center pt-5 font-regular\">Idylliczne miejsca na przyj\u0119cie weselne w Pafos na pla\u017cy<\/h1>\n<p>&nbsp;<\/p>\n<p><strong>Przyj\u0119cia weselne i kolacje  <\/strong><\/p>\n<p>Od pierwszego zapytania jeste\u015bmy tutaj, aby pom\u00f3c w wyborze idealnej scenerii, motywu \u015blubu, kwiat\u00f3w, fotografii, porad dotycz\u0105cych aran\u017cacji miejsc siedz\u0105cych, idealnej kolacji weselnej i oczywi\u015bcie wieczornej rozrywki dla Pa\u0144stwa i Pa\u0144stwa go\u015bci.<\/p>\n<p>Dlaczego nie zorganizowa\u0107 kolacji weselnej na \u015bwie\u017cym powietrzu, podziwiaj\u0105c zach\u00f3d s\u0142o\u0144ca? W przypadku mniejszych przyj\u0119\u0107 warto zarezerwowa\u0107 nasz\u0105 restauracj\u0119 A la carte i cieszy\u0107 si\u0119 wy\u015bmienit\u0105 kuchni\u0105 w najlepszym wydaniu. <\/p>\n<p>Aby uczyni\u0107 Pa\u0144stwa dzie\u0144 \u015blubu jeszcze bardziej niezapomnianym, nasi szefowie kuchni przygotowali dla Pa\u0144stwa wspania\u0142y wyb\u00f3r uroczystych kolacji weselnych, kt\u00f3re sk\u0142adaj\u0105 si\u0119 z 4 da\u0144. Mamy r\u00f3wnie\u017c wyb\u00f3r kolacji BBQ do wyboru z naszym w\u0142asnym szefem kuchni na grillu gotuj\u0105cym przed Pa\u0144stwem, podczas gdy Pa\u0144stwo ciesz\u0105 si\u0119 zachodem s\u0142o\u0144ca. <\/p>\n<p>Mamy r\u00f3wnie\u017c doskona\u0142y wyb\u00f3r upomink\u00f3w, dekoracji sto\u0142\u00f3w i \u015bwie\u017cych kwiat\u00f3w, kt\u00f3re b\u0119d\u0105 pasowa\u0107 do Pa\u0144stwa kolorystyki, a dlaczego nie zachwyci\u0107 go\u015bci naszymi 4-stopowymi listami mi\u0142osnymi lub 8-stopowymi sercami, kt\u00f3re b\u0119d\u0105 wspania\u0142\u0105 okazj\u0105 do zrobienia zdj\u0119cia dla Pa\u0144stwa i wszystkich go\u015bci.<\/p>\n<p>Wszystkie ceny s\u0105 dost\u0119pne na \u017cyczenie.<\/p>\n<p>&nbsp;<\/p>\n<p><strong>Przyj\u0119cia z napojami<\/strong><\/p>\n<p>Nasi mened\u017cerowie ds. napoj\u00f3w przygotowali dla Pa\u0144stwa wyb\u00f3r drink\u00f3w, kt\u00f3re mog\u0105 Pa\u0144stwo zaoferowa\u0107 swoim go\u015bciom po ceremonii. Mog\u0105 Pa\u0144stwo wypi\u0107 sch\u0142odzony kieliszek szampana podczas rozmowy z go\u015b\u0107mi z widokiem na nasz pi\u0119kny ogr\u00f3d krajobrazowy lub zaoferowa\u0107 go\u015bciom wyb\u00f3r zza baru z wyborem baldachim\u00f3w. <\/p>\n<p>Ceny dost\u0119pne na \u017cyczenie.<\/p>\n<p>\u017baden inny dzie\u0144 nie mo\u017ce konkurowa\u0107 z dniem \u015blubu, najbardziej romantycznym i wyj\u0105tkowym dniem w ca\u0142ym Pa\u0144stwa \u017cyciu!<\/p>\n<p>Z pomoc\u0105 Constantinou Bros Hotels Pa\u0144stwa wesele mo\u017ce przekroczy\u0107 naj\u015bmielsze marzenia! Czy mog\u0105 sobie Pa\u0144stwo wyobrazi\u0107 co\u015b bardziej idyllicznego ni\u017c ceremonia w naszych pi\u0119knych ogrodach z widokiem na po\u0142yskuj\u0105ce Morze \u015ar\u00f3dziemne? Albo wymiana przysi\u0105g w tradycyjnym ratuszu w Pafos? A gdzie lepiej \u015bwi\u0119towa\u0107 za\u015blubiny z rodzin\u0105 i przyjaci\u00f3\u0142mi ni\u017c w osza\u0142amiaj\u0105cym czterogwiazdkowym hotelu Athena Beach.   <\/p>\n","protected":false},"excerpt":{"rendered":"<p>Idylliczne miejsca na przyj\u0119cie weselne w Pafos na pla\u017cy &nbsp; Przyj\u0119cia weselne i kolacje Od pierwszego zapytania jeste\u015bmy tutaj, aby pom\u00f3c w wyborze idealnej scenerii, motywu \u015blubu, kwiat\u00f3w, fotografii, porad dotycz\u0105cych aran\u017cacji miejsc siedz\u0105cych, idealnej kolacji weselnej i oczywi\u015bcie wieczornej rozrywki dla Pa\u0144stwa i Pa\u0144stwa go\u015bci. Dlaczego nie zorganizowa\u0107 kolacji weselnej na \u015bwie\u017cym powietrzu, podziwiaj\u0105c<\/p>\n","protected":false},"author":9,"featured_media":22150,"parent":18192,"menu_order":0,"comment_status":"closed","ping_status":"closed","template":"","meta":{"_acf_changed":false,"footnotes":""},"class_list":["post-18202","page","type-page","status-publish","has-post-thumbnail","hentry"],"acf":[],"yoast_head":"<!-- This site is optimized with the Yoast SEO plugin v27.5 - https:\/\/yoast.com\/product\/yoast-seo-wordpress\/ -->\n<title>Najlepsze miejsca na przyj\u0119cie weselne w Pafos || Athena Beach Hotel<\/title>\n<meta name=\"description\" content=\"W Athena Beach Hotel mamy jedno z najlepszych miejsc na przyj\u0119cie weselne w Pafos z opcjami stworzenia malowniczej aran\u017cacji przyj\u0119cia, jak\u0105 zawsze sobie Pa\u0144stwo wyobra\u017cali.\" \/>\n<meta name=\"robots\" content=\"index, follow, max-snippet:-1, max-image-preview:large, max-video-preview:-1\" \/>\n<link rel=\"canonical\" href=\"https:\/\/www.athena-cbh.com\/pl\/wesela\/wesele-przyjecie\/\" \/>\n<meta property=\"og:locale\" content=\"pl_PL\" \/>\n<meta property=\"og:type\" content=\"article\" \/>\n<meta property=\"og:title\" content=\"Najlepsze miejsca na przyj\u0119cie weselne w Pafos || Athena Beach Hotel\" \/>\n<meta property=\"og:description\" content=\"W Athena Beach Hotel mamy jedno z najlepszych miejsc na przyj\u0119cie weselne w Pafos z opcjami stworzenia malowniczej aran\u017cacji przyj\u0119cia, jak\u0105 zawsze sobie Pa\u0144stwo wyobra\u017cali.\" \/>\n<meta property=\"og:url\" content=\"https:\/\/www.athena-cbh.com\/pl\/wesela\/wesele-przyjecie\/\" \/>\n<meta property=\"og:site_name\" content=\"Athena Beach Hotel\" \/>\n<meta property=\"article:modified_time\" content=\"2025-07-14T12:34:12+00:00\" \/>\n<meta property=\"og:image\" content=\"https:\/\/www.athena-cbh.com\/app\/uploads\/sites\/20\/2025\/05\/1082-1-scaled-e1747987737630.jpg\" \/>\n\t<meta property=\"og:image:width\" content=\"2560\" \/>\n\t<meta property=\"og:image:height\" content=\"1707\" \/>\n\t<meta property=\"og:image:type\" content=\"image\/jpeg\" \/>\n<meta name=\"twitter:card\" content=\"summary_large_image\" \/>\n<meta name=\"twitter:label1\" content=\"Est. reading time\" \/>\n\t<meta name=\"twitter:data1\" content=\"2 minutes\" \/>\n<script type=\"application\/ld+json\" class=\"yoast-schema-graph\">{\"@context\":\"https:\\\/\\\/schema.org\",\"@graph\":[{\"@type\":\"WebPage\",\"@id\":\"https:\\\/\\\/www.athena-cbh.com\\\/pl\\\/wesela\\\/wesele-przyjecie\\\/\",\"url\":\"https:\\\/\\\/www.athena-cbh.com\\\/pl\\\/wesela\\\/wesele-przyjecie\\\/\",\"name\":\"Najlepsze miejsca na przyj\u0119cie weselne w Pafos || Athena Beach Hotel\",\"isPartOf\":{\"@id\":\"https:\\\/\\\/www.athena-cbh.com\\\/pl\\\/#website\"},\"primaryImageOfPage\":{\"@id\":\"https:\\\/\\\/www.athena-cbh.com\\\/pl\\\/wesela\\\/wesele-przyjecie\\\/#primaryimage\"},\"image\":{\"@id\":\"https:\\\/\\\/www.athena-cbh.com\\\/pl\\\/wesela\\\/wesele-przyjecie\\\/#primaryimage\"},\"thumbnailUrl\":\"https:\\\/\\\/www.athena-cbh.com\\\/app\\\/uploads\\\/sites\\\/20\\\/2025\\\/05\\\/1082-1-scaled-e1747987737630.jpg\",\"datePublished\":\"2024-07-22T14:22:07+00:00\",\"dateModified\":\"2025-07-14T12:34:12+00:00\",\"description\":\"W Athena Beach Hotel mamy jedno z najlepszych miejsc na przyj\u0119cie weselne w Pafos z opcjami stworzenia malowniczej aran\u017cacji przyj\u0119cia, jak\u0105 zawsze sobie Pa\u0144stwo wyobra\u017cali.\",\"breadcrumb\":{\"@id\":\"https:\\\/\\\/www.athena-cbh.com\\\/pl\\\/wesela\\\/wesele-przyjecie\\\/#breadcrumb\"},\"inLanguage\":\"pl-PL\",\"potentialAction\":[{\"@type\":\"ReadAction\",\"target\":[\"https:\\\/\\\/www.athena-cbh.com\\\/pl\\\/wesela\\\/wesele-przyjecie\\\/\"]}]},{\"@type\":\"ImageObject\",\"inLanguage\":\"pl-PL\",\"@id\":\"https:\\\/\\\/www.athena-cbh.com\\\/pl\\\/wesela\\\/wesele-przyjecie\\\/#primaryimage\",\"url\":\"https:\\\/\\\/www.athena-cbh.com\\\/app\\\/uploads\\\/sites\\\/20\\\/2025\\\/05\\\/1082-1-scaled-e1747987737630.jpg\",\"contentUrl\":\"https:\\\/\\\/www.athena-cbh.com\\\/app\\\/uploads\\\/sites\\\/20\\\/2025\\\/05\\\/1082-1-scaled-e1747987737630.jpg\",\"width\":2560,\"height\":1707},{\"@type\":\"BreadcrumbList\",\"@id\":\"https:\\\/\\\/www.athena-cbh.com\\\/pl\\\/wesela\\\/wesele-przyjecie\\\/#breadcrumb\",\"itemListElement\":[{\"@type\":\"ListItem\",\"position\":1,\"name\":\"Home\",\"item\":\"https:\\\/\\\/www.athena-cbh.com\\\/pl\\\/\"},{\"@type\":\"ListItem\",\"position\":2,\"name\":\"Wesela\",\"item\":\"https:\\\/\\\/www.athena-cbh.com\\\/pl\\\/wesela\\\/\"},{\"@type\":\"ListItem\",\"position\":3,\"name\":\"Przyj\u0119cie weselne\"}]},{\"@type\":\"WebSite\",\"@id\":\"https:\\\/\\\/www.athena-cbh.com\\\/pl\\\/#website\",\"url\":\"https:\\\/\\\/www.athena-cbh.com\\\/pl\\\/\",\"name\":\"Athena Beach Hotel\",\"description\":\"Constantinou Bros Athena Beach Hotel, 4 star hotel in Paphos Cyprus\",\"potentialAction\":[{\"@type\":\"SearchAction\",\"target\":{\"@type\":\"EntryPoint\",\"urlTemplate\":\"https:\\\/\\\/www.athena-cbh.com\\\/pl\\\/?s={search_term_string}\"},\"query-input\":{\"@type\":\"PropertyValueSpecification\",\"valueRequired\":true,\"valueName\":\"search_term_string\"}}],\"inLanguage\":\"pl-PL\"}]}<\/script>\n<!-- \/ Yoast SEO plugin. -->","yoast_head_json":{"title":"Najlepsze miejsca na przyj\u0119cie weselne w Pafos || Athena Beach Hotel","description":"W Athena Beach Hotel mamy jedno z najlepszych miejsc na przyj\u0119cie weselne w Pafos z opcjami stworzenia malowniczej aran\u017cacji przyj\u0119cia, jak\u0105 zawsze sobie Pa\u0144stwo wyobra\u017cali.","robots":{"index":"index","follow":"follow","max-snippet":"max-snippet:-1","max-image-preview":"max-image-preview:large","max-video-preview":"max-video-preview:-1"},"canonical":"https:\/\/www.athena-cbh.com\/pl\/wesela\/wesele-przyjecie\/","og_locale":"pl_PL","og_type":"article","og_title":"Najlepsze miejsca na przyj\u0119cie weselne w Pafos || Athena Beach Hotel","og_description":"W Athena Beach Hotel mamy jedno z najlepszych miejsc na przyj\u0119cie weselne w Pafos z opcjami stworzenia malowniczej aran\u017cacji przyj\u0119cia, jak\u0105 zawsze sobie Pa\u0144stwo wyobra\u017cali.","og_url":"https:\/\/www.athena-cbh.com\/pl\/wesela\/wesele-przyjecie\/","og_site_name":"Athena Beach Hotel","article_modified_time":"2025-07-14T12:34:12+00:00","og_image":[{"width":2560,"height":1707,"url":"https:\/\/www.athena-cbh.com\/app\/uploads\/sites\/20\/2025\/05\/1082-1-scaled-e1747987737630.jpg","type":"image\/jpeg"}],"twitter_card":"summary_large_image","twitter_misc":{"Est. reading time":"2 minutes"},"schema":{"@context":"https:\/\/schema.org","@graph":[{"@type":"WebPage","@id":"https:\/\/www.athena-cbh.com\/pl\/wesela\/wesele-przyjecie\/","url":"https:\/\/www.athena-cbh.com\/pl\/wesela\/wesele-przyjecie\/","name":"Najlepsze miejsca na przyj\u0119cie weselne w Pafos || Athena Beach Hotel","isPartOf":{"@id":"https:\/\/www.athena-cbh.com\/pl\/#website"},"primaryImageOfPage":{"@id":"https:\/\/www.athena-cbh.com\/pl\/wesela\/wesele-przyjecie\/#primaryimage"},"image":{"@id":"https:\/\/www.athena-cbh.com\/pl\/wesela\/wesele-przyjecie\/#primaryimage"},"thumbnailUrl":"https:\/\/www.athena-cbh.com\/app\/uploads\/sites\/20\/2025\/05\/1082-1-scaled-e1747987737630.jpg","datePublished":"2024-07-22T14:22:07+00:00","dateModified":"2025-07-14T12:34:12+00:00","description":"W Athena Beach Hotel mamy jedno z najlepszych miejsc na przyj\u0119cie weselne w Pafos z opcjami stworzenia malowniczej aran\u017cacji przyj\u0119cia, jak\u0105 zawsze sobie Pa\u0144stwo wyobra\u017cali.","breadcrumb":{"@id":"https:\/\/www.athena-cbh.com\/pl\/wesela\/wesele-przyjecie\/#breadcrumb"},"inLanguage":"pl-PL","potentialAction":[{"@type":"ReadAction","target":["https:\/\/www.athena-cbh.com\/pl\/wesela\/wesele-przyjecie\/"]}]},{"@type":"ImageObject","inLanguage":"pl-PL","@id":"https:\/\/www.athena-cbh.com\/pl\/wesela\/wesele-przyjecie\/#primaryimage","url":"https:\/\/www.athena-cbh.com\/app\/uploads\/sites\/20\/2025\/05\/1082-1-scaled-e1747987737630.jpg","contentUrl":"https:\/\/www.athena-cbh.com\/app\/uploads\/sites\/20\/2025\/05\/1082-1-scaled-e1747987737630.jpg","width":2560,"height":1707},{"@type":"BreadcrumbList","@id":"https:\/\/www.athena-cbh.com\/pl\/wesela\/wesele-przyjecie\/#breadcrumb","itemListElement":[{"@type":"ListItem","position":1,"name":"Home","item":"https:\/\/www.athena-cbh.com\/pl\/"},{"@type":"ListItem","position":2,"name":"Wesela","item":"https:\/\/www.athena-cbh.com\/pl\/wesela\/"},{"@type":"ListItem","position":3,"name":"Przyj\u0119cie weselne"}]},{"@type":"WebSite","@id":"https:\/\/www.athena-cbh.com\/pl\/#website","url":"https:\/\/www.athena-cbh.com\/pl\/","name":"Athena Beach Hotel","description":"Constantinou Bros Athena Beach Hotel, 4 star hotel in Paphos Cyprus","potentialAction":[{"@type":"SearchAction","target":{"@type":"EntryPoint","urlTemplate":"https:\/\/www.athena-cbh.com\/pl\/?s={search_term_string}"},"query-input":{"@type":"PropertyValueSpecification","valueRequired":true,"valueName":"search_term_string"}}],"inLanguage":"pl-PL"}]}},"_links":{"self":[{"href":"https:\/\/www.athena-cbh.com\/pl\/wp-json\/wp\/v2\/pages\/18202","targetHints":{"allow":["GET"]}}],"collection":[{"href":"https:\/\/www.athena-cbh.com\/pl\/wp-json\/wp\/v2\/pages"}],"about":[{"href":"https:\/\/www.athena-cbh.com\/pl\/wp-json\/wp\/v2\/types\/page"}],"author":[{"embeddable":true,"href":"https:\/\/www.athena-cbh.com\/pl\/wp-json\/wp\/v2\/users\/9"}],"replies":[{"embeddable":true,"href":"https:\/\/www.athena-cbh.com\/pl\/wp-json\/wp\/v2\/comments?post=18202"}],"version-history":[{"count":2,"href":"https:\/\/www.athena-cbh.com\/pl\/wp-json\/wp\/v2\/pages\/18202\/revisions"}],"predecessor-version":[{"id":22274,"href":"https:\/\/www.athena-cbh.com\/pl\/wp-json\/wp\/v2\/pages\/18202\/revisions\/22274"}],"up":[{"embeddable":true,"href":"https:\/\/www.athena-cbh.com\/pl\/wp-json\/wp\/v2\/pages\/18192"}],"wp:featuredmedia":[{"embeddable":true,"href":"https:\/\/www.athena-cbh.com\/pl\/wp-json\/wp\/v2\/media\/22150"}],"wp:attachment":[{"href":"https:\/\/www.athena-cbh.com\/pl\/wp-json\/wp\/v2\/media?parent=18202"}],"curies":[{"name":"wp","href":"https:\/\/api.w.org\/{rel}","templated":true}]}}