{"id":18193,"date":"2024-07-22T17:22:02","date_gmt":"2024-07-22T14:22:02","guid":{"rendered":"https:\/\/www.athena-cbh.com\/wesela\/pakiet-slubny\/"},"modified":"2025-07-14T15:34:22","modified_gmt":"2025-07-14T12:34:22","slug":"pakiet-slubny","status":"publish","type":"page","link":"https:\/\/www.athena-cbh.com\/pl\/wesela\/pakiet-slubny\/","title":{"rendered":"Pakiet \u015blubny"},"content":{"rendered":"<h1 class=\"home-pages-title title-size text-center pt-5 font-regular\">Prosz\u0119 skorzysta\u0107 z naszych pakiet\u00f3w \u015blubnych przy pla\u017cy w Pafos<\/h1>\n<p>&nbsp;<\/p>\n<p>Nasz zesp\u00f3\u0142 pomo\u017ce Pa\u0144stwu zorganizowa\u0107 ten wyj\u0105tkowy dzie\u0144. Je\u015bli zdecyduj\u0105 si\u0119 Pa\u0144stwo na t\u0119 ostatni\u0105 opcj\u0119, ale nie maj\u0105 ochoty na tradycyjny ratusz, mog\u0105 Pa\u0144stwo wybra\u0107 mi\u0119dzy naszym miejscem przy pla\u017cy lub nasz\u0105 altan\u0105 po\u0142o\u017con\u0105 w bujnych ogrodach naszego hotelu. <\/p>\n<p>Bezp\u0142atny pakiet \u015blubny Constantinou Bros Athena Beach Hotel obejmuje nast\u0119puj\u0105ce elementy:<\/p>\n<ul>\n<li>Je\u015bli ca\u0142e przyj\u0119cie weselne sk\u0142ada si\u0119 z co najmniej 10 pokoi (w przypadku wi\u0119kszych wesel) w Constantinou Bros Hotels Group, ceremonia \u015blubna w Adonis Gazebo b\u0119dzie oferowana bezp\u0142atnie, oszcz\u0119dzaj\u0105c 290,00 euro. Przy ustawieniu 20 os\u00f3b (dodatkowe osoby b\u0119d\u0105 podlega\u0107 dodatkowej op\u0142acie). <\/li>\n<li>Bezp\u0142atne podwy\u017cszenie standardu pokoju dla pary m\u0142odej (w zale\u017cno\u015bci od dost\u0119pno\u015bci do pokoju wy\u017cszej kategorii z widokiem na morze).<\/li>\n<li>Bezp\u0142atne \u015bniadanie do \u0142\u00f3\u017cka, w tym kieliszek szampana dla pary m\u0142odej rano po \u015blubie.<\/li>\n<li>Jedna kolacja przy \u015bwiecach dla pary m\u0142odej (kolacja serwowana w restauracji a la carte).<\/li>\n<li>Wino i owoce w dniu przyjazdu.<\/li>\n<li>Bezp\u0142atna sauna i \u0142a\u017ania parowa.<\/li>\n<li>Wizyta kontrolna przed \u015blubem; dwa dni bezp\u0142atnego zakwaterowania w hotelu Athena Beach dla pary m\u0142odej, \u015blub musi by\u0107 ju\u017c zarezerwowany w hotelu, a 2 dni nie mog\u0105 by\u0107 dodane do Pa\u0144stwa faktycznego pobytu weselnego. Warunki pobytu: standardowy pok\u00f3j z widokiem na l\u0105d ze \u015bniadaniem. <\/li>\n<\/ul>\n<p>&nbsp;<\/p>\n","protected":false},"excerpt":{"rendered":"<p>Prosz\u0119 skorzysta\u0107 z naszych pakiet\u00f3w \u015blubnych przy pla\u017cy w Pafos &nbsp; Nasz zesp\u00f3\u0142 pomo\u017ce Pa\u0144stwu zorganizowa\u0107 ten wyj\u0105tkowy dzie\u0144. Je\u015bli zdecyduj\u0105 si\u0119 Pa\u0144stwo na t\u0119 ostatni\u0105 opcj\u0119, ale nie maj\u0105 ochoty na tradycyjny ratusz, mog\u0105 Pa\u0144stwo wybra\u0107 mi\u0119dzy naszym miejscem przy pla\u017cy lub nasz\u0105 altan\u0105 po\u0142o\u017con\u0105 w bujnych ogrodach naszego hotelu. Bezp\u0142atny pakiet \u015blubny Constantinou<\/p>\n","protected":false},"author":9,"featured_media":22080,"parent":18192,"menu_order":0,"comment_status":"closed","ping_status":"closed","template":"","meta":{"_acf_changed":false,"footnotes":""},"class_list":["post-18193","page","type-page","status-publish","has-post-thumbnail","hentry"],"acf":[],"yoast_head":"<!-- This site is optimized with the Yoast SEO plugin v27.4 - https:\/\/yoast.com\/product\/yoast-seo-wordpress\/ -->\n<title>Pakiety \u015blubne przy pla\u017cy w Pafos || Athena Beach Hotel<\/title>\n<meta name=\"description\" content=\"Zapraszamy do skorzystania z naszych pakiet\u00f3w \u015blubnych w Pafos w hotelu Athena Beach, kt\u00f3ry oferuje idylliczn\u0105 lokalizacj\u0119 przy pla\u017cy i oszcz\u0119dno\u015bci, gdy go\u015bcie zatrzymuj\u0105 si\u0119 u nas.\" \/>\n<meta name=\"robots\" content=\"index, follow, max-snippet:-1, max-image-preview:large, max-video-preview:-1\" \/>\n<link rel=\"canonical\" href=\"https:\/\/www.athena-cbh.com\/pl\/wesela\/pakiet-slubny\/\" \/>\n<meta property=\"og:locale\" content=\"pl_PL\" \/>\n<meta property=\"og:type\" content=\"article\" \/>\n<meta property=\"og:title\" content=\"Pakiety \u015blubne przy pla\u017cy w Pafos || Athena Beach Hotel\" \/>\n<meta property=\"og:description\" content=\"Zapraszamy do skorzystania z naszych pakiet\u00f3w \u015blubnych w Pafos w hotelu Athena Beach, kt\u00f3ry oferuje idylliczn\u0105 lokalizacj\u0119 przy pla\u017cy i oszcz\u0119dno\u015bci, gdy go\u015bcie zatrzymuj\u0105 si\u0119 u nas.\" \/>\n<meta property=\"og:url\" content=\"https:\/\/www.athena-cbh.com\/pl\/wesela\/pakiet-slubny\/\" \/>\n<meta property=\"og:site_name\" content=\"Athena Beach Hotel\" \/>\n<meta property=\"article:modified_time\" content=\"2025-07-14T12:34:22+00:00\" \/>\n<meta property=\"og:image\" content=\"https:\/\/www.athena-cbh.com\/app\/uploads\/sites\/20\/2025\/05\/398-e1747894948120.png\" \/>\n\t<meta property=\"og:image:width\" content=\"800\" \/>\n\t<meta property=\"og:image:height\" content=\"533\" \/>\n\t<meta property=\"og:image:type\" content=\"image\/png\" \/>\n<meta name=\"twitter:card\" content=\"summary_large_image\" \/>\n<meta name=\"twitter:label1\" content=\"Est. reading time\" \/>\n\t<meta name=\"twitter:data1\" content=\"1 minute\" \/>\n<script type=\"application\/ld+json\" class=\"yoast-schema-graph\">{\"@context\":\"https:\\\/\\\/schema.org\",\"@graph\":[{\"@type\":\"WebPage\",\"@id\":\"https:\\\/\\\/www.athena-cbh.com\\\/pl\\\/wesela\\\/pakiet-slubny\\\/\",\"url\":\"https:\\\/\\\/www.athena-cbh.com\\\/pl\\\/wesela\\\/pakiet-slubny\\\/\",\"name\":\"Pakiety \u015blubne przy pla\u017cy w Pafos || Athena Beach Hotel\",\"isPartOf\":{\"@id\":\"https:\\\/\\\/www.athena-cbh.com\\\/pl\\\/#website\"},\"primaryImageOfPage\":{\"@id\":\"https:\\\/\\\/www.athena-cbh.com\\\/pl\\\/wesela\\\/pakiet-slubny\\\/#primaryimage\"},\"image\":{\"@id\":\"https:\\\/\\\/www.athena-cbh.com\\\/pl\\\/wesela\\\/pakiet-slubny\\\/#primaryimage\"},\"thumbnailUrl\":\"https:\\\/\\\/www.athena-cbh.com\\\/app\\\/uploads\\\/sites\\\/20\\\/2025\\\/05\\\/398-e1747894948120.png\",\"datePublished\":\"2024-07-22T14:22:02+00:00\",\"dateModified\":\"2025-07-14T12:34:22+00:00\",\"description\":\"Zapraszamy do skorzystania z naszych pakiet\u00f3w \u015blubnych w Pafos w hotelu Athena Beach, kt\u00f3ry oferuje idylliczn\u0105 lokalizacj\u0119 przy pla\u017cy i oszcz\u0119dno\u015bci, gdy go\u015bcie zatrzymuj\u0105 si\u0119 u nas.\",\"breadcrumb\":{\"@id\":\"https:\\\/\\\/www.athena-cbh.com\\\/pl\\\/wesela\\\/pakiet-slubny\\\/#breadcrumb\"},\"inLanguage\":\"pl-PL\",\"potentialAction\":[{\"@type\":\"ReadAction\",\"target\":[\"https:\\\/\\\/www.athena-cbh.com\\\/pl\\\/wesela\\\/pakiet-slubny\\\/\"]}]},{\"@type\":\"ImageObject\",\"inLanguage\":\"pl-PL\",\"@id\":\"https:\\\/\\\/www.athena-cbh.com\\\/pl\\\/wesela\\\/pakiet-slubny\\\/#primaryimage\",\"url\":\"https:\\\/\\\/www.athena-cbh.com\\\/app\\\/uploads\\\/sites\\\/20\\\/2025\\\/05\\\/398-e1747894948120.png\",\"contentUrl\":\"https:\\\/\\\/www.athena-cbh.com\\\/app\\\/uploads\\\/sites\\\/20\\\/2025\\\/05\\\/398-e1747894948120.png\",\"width\":800,\"height\":533},{\"@type\":\"BreadcrumbList\",\"@id\":\"https:\\\/\\\/www.athena-cbh.com\\\/pl\\\/wesela\\\/pakiet-slubny\\\/#breadcrumb\",\"itemListElement\":[{\"@type\":\"ListItem\",\"position\":1,\"name\":\"Home\",\"item\":\"https:\\\/\\\/www.athena-cbh.com\\\/pl\\\/\"},{\"@type\":\"ListItem\",\"position\":2,\"name\":\"Wesela\",\"item\":\"https:\\\/\\\/www.athena-cbh.com\\\/pl\\\/wesela\\\/\"},{\"@type\":\"ListItem\",\"position\":3,\"name\":\"Pakiet \u015blubny\"}]},{\"@type\":\"WebSite\",\"@id\":\"https:\\\/\\\/www.athena-cbh.com\\\/pl\\\/#website\",\"url\":\"https:\\\/\\\/www.athena-cbh.com\\\/pl\\\/\",\"name\":\"Athena Beach Hotel\",\"description\":\"Constantinou Bros Athena Beach Hotel, 4 star hotel in Paphos Cyprus\",\"potentialAction\":[{\"@type\":\"SearchAction\",\"target\":{\"@type\":\"EntryPoint\",\"urlTemplate\":\"https:\\\/\\\/www.athena-cbh.com\\\/pl\\\/?s={search_term_string}\"},\"query-input\":{\"@type\":\"PropertyValueSpecification\",\"valueRequired\":true,\"valueName\":\"search_term_string\"}}],\"inLanguage\":\"pl-PL\"}]}<\/script>\n<!-- \/ Yoast SEO plugin. -->","yoast_head_json":{"title":"Pakiety \u015blubne przy pla\u017cy w Pafos || Athena Beach Hotel","description":"Zapraszamy do skorzystania z naszych pakiet\u00f3w \u015blubnych w Pafos w hotelu Athena Beach, kt\u00f3ry oferuje idylliczn\u0105 lokalizacj\u0119 przy pla\u017cy i oszcz\u0119dno\u015bci, gdy go\u015bcie zatrzymuj\u0105 si\u0119 u nas.","robots":{"index":"index","follow":"follow","max-snippet":"max-snippet:-1","max-image-preview":"max-image-preview:large","max-video-preview":"max-video-preview:-1"},"canonical":"https:\/\/www.athena-cbh.com\/pl\/wesela\/pakiet-slubny\/","og_locale":"pl_PL","og_type":"article","og_title":"Pakiety \u015blubne przy pla\u017cy w Pafos || Athena Beach Hotel","og_description":"Zapraszamy do skorzystania z naszych pakiet\u00f3w \u015blubnych w Pafos w hotelu Athena Beach, kt\u00f3ry oferuje idylliczn\u0105 lokalizacj\u0119 przy pla\u017cy i oszcz\u0119dno\u015bci, gdy go\u015bcie zatrzymuj\u0105 si\u0119 u nas.","og_url":"https:\/\/www.athena-cbh.com\/pl\/wesela\/pakiet-slubny\/","og_site_name":"Athena Beach Hotel","article_modified_time":"2025-07-14T12:34:22+00:00","og_image":[{"width":800,"height":533,"url":"https:\/\/www.athena-cbh.com\/app\/uploads\/sites\/20\/2025\/05\/398-e1747894948120.png","type":"image\/png"}],"twitter_card":"summary_large_image","twitter_misc":{"Est. reading time":"1 minute"},"schema":{"@context":"https:\/\/schema.org","@graph":[{"@type":"WebPage","@id":"https:\/\/www.athena-cbh.com\/pl\/wesela\/pakiet-slubny\/","url":"https:\/\/www.athena-cbh.com\/pl\/wesela\/pakiet-slubny\/","name":"Pakiety \u015blubne przy pla\u017cy w Pafos || Athena Beach Hotel","isPartOf":{"@id":"https:\/\/www.athena-cbh.com\/pl\/#website"},"primaryImageOfPage":{"@id":"https:\/\/www.athena-cbh.com\/pl\/wesela\/pakiet-slubny\/#primaryimage"},"image":{"@id":"https:\/\/www.athena-cbh.com\/pl\/wesela\/pakiet-slubny\/#primaryimage"},"thumbnailUrl":"https:\/\/www.athena-cbh.com\/app\/uploads\/sites\/20\/2025\/05\/398-e1747894948120.png","datePublished":"2024-07-22T14:22:02+00:00","dateModified":"2025-07-14T12:34:22+00:00","description":"Zapraszamy do skorzystania z naszych pakiet\u00f3w \u015blubnych w Pafos w hotelu Athena Beach, kt\u00f3ry oferuje idylliczn\u0105 lokalizacj\u0119 przy pla\u017cy i oszcz\u0119dno\u015bci, gdy go\u015bcie zatrzymuj\u0105 si\u0119 u nas.","breadcrumb":{"@id":"https:\/\/www.athena-cbh.com\/pl\/wesela\/pakiet-slubny\/#breadcrumb"},"inLanguage":"pl-PL","potentialAction":[{"@type":"ReadAction","target":["https:\/\/www.athena-cbh.com\/pl\/wesela\/pakiet-slubny\/"]}]},{"@type":"ImageObject","inLanguage":"pl-PL","@id":"https:\/\/www.athena-cbh.com\/pl\/wesela\/pakiet-slubny\/#primaryimage","url":"https:\/\/www.athena-cbh.com\/app\/uploads\/sites\/20\/2025\/05\/398-e1747894948120.png","contentUrl":"https:\/\/www.athena-cbh.com\/app\/uploads\/sites\/20\/2025\/05\/398-e1747894948120.png","width":800,"height":533},{"@type":"BreadcrumbList","@id":"https:\/\/www.athena-cbh.com\/pl\/wesela\/pakiet-slubny\/#breadcrumb","itemListElement":[{"@type":"ListItem","position":1,"name":"Home","item":"https:\/\/www.athena-cbh.com\/pl\/"},{"@type":"ListItem","position":2,"name":"Wesela","item":"https:\/\/www.athena-cbh.com\/pl\/wesela\/"},{"@type":"ListItem","position":3,"name":"Pakiet \u015blubny"}]},{"@type":"WebSite","@id":"https:\/\/www.athena-cbh.com\/pl\/#website","url":"https:\/\/www.athena-cbh.com\/pl\/","name":"Athena Beach Hotel","description":"Constantinou Bros Athena Beach Hotel, 4 star hotel in Paphos Cyprus","potentialAction":[{"@type":"SearchAction","target":{"@type":"EntryPoint","urlTemplate":"https:\/\/www.athena-cbh.com\/pl\/?s={search_term_string}"},"query-input":{"@type":"PropertyValueSpecification","valueRequired":true,"valueName":"search_term_string"}}],"inLanguage":"pl-PL"}]}},"_links":{"self":[{"href":"https:\/\/www.athena-cbh.com\/pl\/wp-json\/wp\/v2\/pages\/18193","targetHints":{"allow":["GET"]}}],"collection":[{"href":"https:\/\/www.athena-cbh.com\/pl\/wp-json\/wp\/v2\/pages"}],"about":[{"href":"https:\/\/www.athena-cbh.com\/pl\/wp-json\/wp\/v2\/types\/page"}],"author":[{"embeddable":true,"href":"https:\/\/www.athena-cbh.com\/pl\/wp-json\/wp\/v2\/users\/9"}],"replies":[{"embeddable":true,"href":"https:\/\/www.athena-cbh.com\/pl\/wp-json\/wp\/v2\/comments?post=18193"}],"version-history":[{"count":4,"href":"https:\/\/www.athena-cbh.com\/pl\/wp-json\/wp\/v2\/pages\/18193\/revisions"}],"predecessor-version":[{"id":22283,"href":"https:\/\/www.athena-cbh.com\/pl\/wp-json\/wp\/v2\/pages\/18193\/revisions\/22283"}],"up":[{"embeddable":true,"href":"https:\/\/www.athena-cbh.com\/pl\/wp-json\/wp\/v2\/pages\/18192"}],"wp:featuredmedia":[{"embeddable":true,"href":"https:\/\/www.athena-cbh.com\/pl\/wp-json\/wp\/v2\/media\/22080"}],"wp:attachment":[{"href":"https:\/\/www.athena-cbh.com\/pl\/wp-json\/wp\/v2\/media?parent=18193"}],"curies":[{"name":"wp","href":"https:\/\/api.w.org\/{rel}","templated":true}]}}