{"id":18192,"date":"2024-07-22T17:22:02","date_gmt":"2024-07-22T14:22:02","guid":{"rendered":"https:\/\/www.athena-cbh.com\/wesela\/"},"modified":"2025-07-14T15:33:00","modified_gmt":"2025-07-14T12:33:00","slug":"wesela","status":"publish","type":"page","link":"https:\/\/www.athena-cbh.com\/pl\/wesela\/","title":{"rendered":"Wesela"},"content":{"rendered":"<p>Prosz\u0119 z\u0142o\u017cy\u0107 przysi\u0119g\u0119 ma\u0142\u017ce\u0144sk\u0105 na sk\u0105panej w s\u0142o\u0144cu wyspie Cypr, miejscu narodzin Afrodyty, bogini pi\u0119kna i mi\u0142o\u015bci.<\/p>\n<p>To zrozumia\u0142e, \u017ce marzyli Pa\u0144stwo o swoim wielkim dniu i chc\u0105, aby wszystko by\u0142o idealne. Cypr mo\u017ce by\u0107 idealnym miejscem na Pa\u0144stwa \u015blub: \u0142atwe prawo ma\u0142\u017ce\u0144skie, dogodne po\u0142\u0105czenia lotnicze ze wszystkimi g\u0142\u00f3wnymi miastami europejskimi, wspania\u0142y \u015br\u00f3dziemnomorski klimat, przyja\u017ani i u\u015bmiechni\u0119ci ludzie. A kiedy ju\u017c podejm\u0105 Pa\u0144stwo decyzj\u0119 i zarezerwuj\u0105 loty, prosz\u0119 pozwoli\u0107 zespo\u0142owi weselnemu Constantinou Bros Hotels wykona\u0107 ca\u0142\u0105 ci\u0119\u017ck\u0105 prac\u0119 za Pa\u0144stwa.  <\/p>\n<p>Nasz zesp\u00f3\u0142 pomo\u017ce Pa\u0144stwu zorganizowa\u0107 ten wyj\u0105tkowy dzie\u0144. Je\u015bli zdecyduj\u0105 si\u0119 Pa\u0144stwo na t\u0119 ostatni\u0105 opcj\u0119, ale nie maj\u0105 ochoty na tradycyjny ratusz, mog\u0105 Pa\u0144stwo wybra\u0107 mi\u0119dzy naszym miejscem przy pla\u017cy lub nasz\u0105 altan\u0105 po\u0142o\u017con\u0105 w bujnych ogrodach naszego hotelu. <\/p>\n<p>Mo\u017cemy podj\u0105\u0107 si\u0119 dla Pa\u0144stwa niemal wszystkiego: zorganizowa\u0107 niezb\u0119dne formalno\u015bci, kwiaty, tort, fotografi\u0119, transport, zabiegi fryzjerskie i kosmetyczne oraz oczywi\u015bcie przyj\u0119cie weselne&#8230; prosz\u0119 poda\u0107 nazw\u0119, zajmiemy si\u0119 tym!<\/p>\n<p>Prosz\u0119 powita\u0107 swoich go\u015bci w relaksuj\u0105cych ogrodach Constantinou Bros Hotels i cieszy\u0107 si\u0119 przyj\u0119ciem, kt\u00f3re przygotujemy dla Pa\u0144stwa, wybieraj\u0105c z naszego pysznego menu. Po wspania\u0142ej kolacji, mog\u0105 Pa\u0144stwo kontynuowa\u0107 imprez\u0119 w naszej sali imprezowej, gdzie mo\u017cna przeta\u0144czy\u0107 ca\u0142\u0105 noc z naszym do\u015bwiadczonym DJ-em. Wspania\u0142y pocz\u0105tek nowego \u017cycia w jednym z naszych luksusowych pokoi lub apartament\u00f3w po spe\u0142nieniu marze\u0144 o \u015blubie.  <\/p>\n<p>Z drugiej strony, je\u015bli ju\u017c z\u0142o\u017cyli Pa\u0144stwo przysi\u0119g\u0119 na wieczn\u0105 mi\u0142o\u015b\u0107, zapraszamy na Cypr na niezapomniany miesi\u0105c miodowy. Nasze komfortowe pokoje i apartamenty, doskona\u0142e zaplecze rekreacyjne, wy\u015bmienita kuchnia i troskliwa obs\u0142uga sprawi\u0105, \u017ce b\u0119d\u0105 Pa\u0144stwo cieszy\u0107 si\u0119 tymi najszcz\u0119\u015bliwszymi dniami! <\/p>\n<div class=\"detailSections\">\n<div class=\"sidebarSection contentSection\">\n<p class=\"layerContent\">\n<\/div>\n<\/div>\n","protected":false},"excerpt":{"rendered":"<p>Prosz\u0119 z\u0142o\u017cy\u0107 przysi\u0119g\u0119 ma\u0142\u017ce\u0144sk\u0105 na sk\u0105panej w s\u0142o\u0144cu wyspie Cypr, miejscu narodzin Afrodyty, bogini pi\u0119kna i mi\u0142o\u015bci. To zrozumia\u0142e, \u017ce marzyli Pa\u0144stwo o swoim wielkim dniu i chc\u0105, aby wszystko by\u0142o idealne. Cypr mo\u017ce by\u0107 idealnym miejscem na Pa\u0144stwa \u015blub: \u0142atwe prawo ma\u0142\u017ce\u0144skie, dogodne po\u0142\u0105czenia lotnicze ze wszystkimi g\u0142\u00f3wnymi miastami europejskimi, wspania\u0142y \u015br\u00f3dziemnomorski klimat, przyja\u017ani<\/p>\n","protected":false},"author":9,"featured_media":20092,"parent":0,"menu_order":0,"comment_status":"closed","ping_status":"closed","template":"page-templates\/simple-list.php","meta":{"_acf_changed":false,"footnotes":""},"class_list":["post-18192","page","type-page","status-publish","has-post-thumbnail","hentry"],"acf":[],"yoast_head":"<!-- This site is optimized with the Yoast SEO plugin v27.5 - https:\/\/yoast.com\/product\/yoast-seo-wordpress\/ -->\n<title>Luksusowy hotel weselny w Pafos na pla\u017cy || Athena Beach Hotel<\/title>\n<meta name=\"description\" content=\"W Athena Beach Hotel by Constantinou Bros, nadmorskim hotelu weselnym w Pafos, \u0142askawie oferujemy nasze us\u0142ugi i nadmorskie otoczenie na Pa\u0144stwa wyj\u0105tkowy dzie\u0144.\" \/>\n<meta name=\"robots\" content=\"index, follow, max-snippet:-1, max-image-preview:large, max-video-preview:-1\" \/>\n<link rel=\"canonical\" href=\"https:\/\/www.athena-cbh.com\/pl\/wesela\/\" \/>\n<meta property=\"og:locale\" content=\"pl_PL\" \/>\n<meta property=\"og:type\" content=\"article\" \/>\n<meta property=\"og:title\" content=\"Luksusowy hotel weselny w Pafos na pla\u017cy || Athena Beach Hotel\" \/>\n<meta property=\"og:description\" content=\"W Athena Beach Hotel by Constantinou Bros, nadmorskim hotelu weselnym w Pafos, \u0142askawie oferujemy nasze us\u0142ugi i nadmorskie otoczenie na Pa\u0144stwa wyj\u0105tkowy dzie\u0144.\" \/>\n<meta property=\"og:url\" content=\"https:\/\/www.athena-cbh.com\/pl\/wesela\/\" \/>\n<meta property=\"og:site_name\" content=\"Athena Beach Hotel\" \/>\n<meta property=\"article:modified_time\" content=\"2025-07-14T12:33:00+00:00\" \/>\n<meta property=\"og:image\" content=\"https:\/\/www.athena-cbh.com\/app\/uploads\/sites\/20\/2024\/01\/91-ATHENA-BEACH-HOTL-ADONIS-WEDDING-GAZEBO-scaled.jpg\" \/>\n\t<meta property=\"og:image:width\" content=\"2560\" \/>\n\t<meta property=\"og:image:height\" content=\"1703\" \/>\n\t<meta property=\"og:image:type\" content=\"image\/jpeg\" \/>\n<meta name=\"twitter:card\" content=\"summary_large_image\" \/>\n<meta name=\"twitter:label1\" content=\"Est. reading time\" \/>\n\t<meta name=\"twitter:data1\" content=\"2 minutes\" \/>\n<script type=\"application\/ld+json\" class=\"yoast-schema-graph\">{\"@context\":\"https:\\\/\\\/schema.org\",\"@graph\":[{\"@type\":\"WebPage\",\"@id\":\"https:\\\/\\\/www.athena-cbh.com\\\/pl\\\/wesela\\\/\",\"url\":\"https:\\\/\\\/www.athena-cbh.com\\\/pl\\\/wesela\\\/\",\"name\":\"Luksusowy hotel weselny w Pafos na pla\u017cy || Athena Beach Hotel\",\"isPartOf\":{\"@id\":\"https:\\\/\\\/www.athena-cbh.com\\\/pl\\\/#website\"},\"primaryImageOfPage\":{\"@id\":\"https:\\\/\\\/www.athena-cbh.com\\\/pl\\\/wesela\\\/#primaryimage\"},\"image\":{\"@id\":\"https:\\\/\\\/www.athena-cbh.com\\\/pl\\\/wesela\\\/#primaryimage\"},\"thumbnailUrl\":\"https:\\\/\\\/www.athena-cbh.com\\\/app\\\/uploads\\\/sites\\\/20\\\/2024\\\/01\\\/91-ATHENA-BEACH-HOTL-ADONIS-WEDDING-GAZEBO-scaled.jpg\",\"datePublished\":\"2024-07-22T14:22:02+00:00\",\"dateModified\":\"2025-07-14T12:33:00+00:00\",\"description\":\"W Athena Beach Hotel by Constantinou Bros, nadmorskim hotelu weselnym w Pafos, \u0142askawie oferujemy nasze us\u0142ugi i nadmorskie otoczenie na Pa\u0144stwa wyj\u0105tkowy dzie\u0144.\",\"breadcrumb\":{\"@id\":\"https:\\\/\\\/www.athena-cbh.com\\\/pl\\\/wesela\\\/#breadcrumb\"},\"inLanguage\":\"pl-PL\",\"potentialAction\":[{\"@type\":\"ReadAction\",\"target\":[\"https:\\\/\\\/www.athena-cbh.com\\\/pl\\\/wesela\\\/\"]}]},{\"@type\":\"ImageObject\",\"inLanguage\":\"pl-PL\",\"@id\":\"https:\\\/\\\/www.athena-cbh.com\\\/pl\\\/wesela\\\/#primaryimage\",\"url\":\"https:\\\/\\\/www.athena-cbh.com\\\/app\\\/uploads\\\/sites\\\/20\\\/2024\\\/01\\\/91-ATHENA-BEACH-HOTL-ADONIS-WEDDING-GAZEBO-scaled.jpg\",\"contentUrl\":\"https:\\\/\\\/www.athena-cbh.com\\\/app\\\/uploads\\\/sites\\\/20\\\/2024\\\/01\\\/91-ATHENA-BEACH-HOTL-ADONIS-WEDDING-GAZEBO-scaled.jpg\",\"width\":2560,\"height\":1703},{\"@type\":\"BreadcrumbList\",\"@id\":\"https:\\\/\\\/www.athena-cbh.com\\\/pl\\\/wesela\\\/#breadcrumb\",\"itemListElement\":[{\"@type\":\"ListItem\",\"position\":1,\"name\":\"Home\",\"item\":\"https:\\\/\\\/www.athena-cbh.com\\\/pl\\\/\"},{\"@type\":\"ListItem\",\"position\":2,\"name\":\"Wesela\"}]},{\"@type\":\"WebSite\",\"@id\":\"https:\\\/\\\/www.athena-cbh.com\\\/pl\\\/#website\",\"url\":\"https:\\\/\\\/www.athena-cbh.com\\\/pl\\\/\",\"name\":\"Athena Beach Hotel\",\"description\":\"Constantinou Bros Athena Beach Hotel, 4 star hotel in Paphos Cyprus\",\"potentialAction\":[{\"@type\":\"SearchAction\",\"target\":{\"@type\":\"EntryPoint\",\"urlTemplate\":\"https:\\\/\\\/www.athena-cbh.com\\\/pl\\\/?s={search_term_string}\"},\"query-input\":{\"@type\":\"PropertyValueSpecification\",\"valueRequired\":true,\"valueName\":\"search_term_string\"}}],\"inLanguage\":\"pl-PL\"}]}<\/script>\n<!-- \/ Yoast SEO plugin. -->","yoast_head_json":{"title":"Luksusowy hotel weselny w Pafos na pla\u017cy || Athena Beach Hotel","description":"W Athena Beach Hotel by Constantinou Bros, nadmorskim hotelu weselnym w Pafos, \u0142askawie oferujemy nasze us\u0142ugi i nadmorskie otoczenie na Pa\u0144stwa wyj\u0105tkowy dzie\u0144.","robots":{"index":"index","follow":"follow","max-snippet":"max-snippet:-1","max-image-preview":"max-image-preview:large","max-video-preview":"max-video-preview:-1"},"canonical":"https:\/\/www.athena-cbh.com\/pl\/wesela\/","og_locale":"pl_PL","og_type":"article","og_title":"Luksusowy hotel weselny w Pafos na pla\u017cy || Athena Beach Hotel","og_description":"W Athena Beach Hotel by Constantinou Bros, nadmorskim hotelu weselnym w Pafos, \u0142askawie oferujemy nasze us\u0142ugi i nadmorskie otoczenie na Pa\u0144stwa wyj\u0105tkowy dzie\u0144.","og_url":"https:\/\/www.athena-cbh.com\/pl\/wesela\/","og_site_name":"Athena Beach Hotel","article_modified_time":"2025-07-14T12:33:00+00:00","og_image":[{"width":2560,"height":1703,"url":"https:\/\/www.athena-cbh.com\/app\/uploads\/sites\/20\/2024\/01\/91-ATHENA-BEACH-HOTL-ADONIS-WEDDING-GAZEBO-scaled.jpg","type":"image\/jpeg"}],"twitter_card":"summary_large_image","twitter_misc":{"Est. reading time":"2 minutes"},"schema":{"@context":"https:\/\/schema.org","@graph":[{"@type":"WebPage","@id":"https:\/\/www.athena-cbh.com\/pl\/wesela\/","url":"https:\/\/www.athena-cbh.com\/pl\/wesela\/","name":"Luksusowy hotel weselny w Pafos na pla\u017cy || Athena Beach Hotel","isPartOf":{"@id":"https:\/\/www.athena-cbh.com\/pl\/#website"},"primaryImageOfPage":{"@id":"https:\/\/www.athena-cbh.com\/pl\/wesela\/#primaryimage"},"image":{"@id":"https:\/\/www.athena-cbh.com\/pl\/wesela\/#primaryimage"},"thumbnailUrl":"https:\/\/www.athena-cbh.com\/app\/uploads\/sites\/20\/2024\/01\/91-ATHENA-BEACH-HOTL-ADONIS-WEDDING-GAZEBO-scaled.jpg","datePublished":"2024-07-22T14:22:02+00:00","dateModified":"2025-07-14T12:33:00+00:00","description":"W Athena Beach Hotel by Constantinou Bros, nadmorskim hotelu weselnym w Pafos, \u0142askawie oferujemy nasze us\u0142ugi i nadmorskie otoczenie na Pa\u0144stwa wyj\u0105tkowy dzie\u0144.","breadcrumb":{"@id":"https:\/\/www.athena-cbh.com\/pl\/wesela\/#breadcrumb"},"inLanguage":"pl-PL","potentialAction":[{"@type":"ReadAction","target":["https:\/\/www.athena-cbh.com\/pl\/wesela\/"]}]},{"@type":"ImageObject","inLanguage":"pl-PL","@id":"https:\/\/www.athena-cbh.com\/pl\/wesela\/#primaryimage","url":"https:\/\/www.athena-cbh.com\/app\/uploads\/sites\/20\/2024\/01\/91-ATHENA-BEACH-HOTL-ADONIS-WEDDING-GAZEBO-scaled.jpg","contentUrl":"https:\/\/www.athena-cbh.com\/app\/uploads\/sites\/20\/2024\/01\/91-ATHENA-BEACH-HOTL-ADONIS-WEDDING-GAZEBO-scaled.jpg","width":2560,"height":1703},{"@type":"BreadcrumbList","@id":"https:\/\/www.athena-cbh.com\/pl\/wesela\/#breadcrumb","itemListElement":[{"@type":"ListItem","position":1,"name":"Home","item":"https:\/\/www.athena-cbh.com\/pl\/"},{"@type":"ListItem","position":2,"name":"Wesela"}]},{"@type":"WebSite","@id":"https:\/\/www.athena-cbh.com\/pl\/#website","url":"https:\/\/www.athena-cbh.com\/pl\/","name":"Athena Beach Hotel","description":"Constantinou Bros Athena Beach Hotel, 4 star hotel in Paphos Cyprus","potentialAction":[{"@type":"SearchAction","target":{"@type":"EntryPoint","urlTemplate":"https:\/\/www.athena-cbh.com\/pl\/?s={search_term_string}"},"query-input":{"@type":"PropertyValueSpecification","valueRequired":true,"valueName":"search_term_string"}}],"inLanguage":"pl-PL"}]}},"_links":{"self":[{"href":"https:\/\/www.athena-cbh.com\/pl\/wp-json\/wp\/v2\/pages\/18192","targetHints":{"allow":["GET"]}}],"collection":[{"href":"https:\/\/www.athena-cbh.com\/pl\/wp-json\/wp\/v2\/pages"}],"about":[{"href":"https:\/\/www.athena-cbh.com\/pl\/wp-json\/wp\/v2\/types\/page"}],"author":[{"embeddable":true,"href":"https:\/\/www.athena-cbh.com\/pl\/wp-json\/wp\/v2\/users\/9"}],"replies":[{"embeddable":true,"href":"https:\/\/www.athena-cbh.com\/pl\/wp-json\/wp\/v2\/comments?post=18192"}],"version-history":[{"count":3,"href":"https:\/\/www.athena-cbh.com\/pl\/wp-json\/wp\/v2\/pages\/18192\/revisions"}],"predecessor-version":[{"id":22258,"href":"https:\/\/www.athena-cbh.com\/pl\/wp-json\/wp\/v2\/pages\/18192\/revisions\/22258"}],"wp:featuredmedia":[{"embeddable":true,"href":"https:\/\/www.athena-cbh.com\/pl\/wp-json\/wp\/v2\/media\/20092"}],"wp:attachment":[{"href":"https:\/\/www.athena-cbh.com\/pl\/wp-json\/wp\/v2\/media?parent=18192"}],"curies":[{"name":"wp","href":"https:\/\/api.w.org\/{rel}","templated":true}]}}