{"id":18090,"date":"2024-07-22T17:19:54","date_gmt":"2024-07-22T14:19:54","guid":{"rendered":"https:\/\/www.athena-cbh.com\/klasa-elitarna\/"},"modified":"2026-04-03T15:47:33","modified_gmt":"2026-04-03T12:47:33","slug":"klasa-elitarna","status":"publish","type":"page","link":"https:\/\/www.athena-cbh.com\/pl\/klasa-elitarna\/","title":{"rendered":"Przywileje klasy Elite"},"content":{"rendered":"<h2 style=\"text-align: center;\"><img loading=\"lazy\" decoding=\"async\" class=\"alignnone wp-image-9423\" src=\"https:\/\/www.athena-cbh.com\/app\/uploads\/sites\/20\/2022\/03\/Constantinou-Bros-Hotels-Elite-Class-600x259.jpg\" alt=\"\" width=\"304\" height=\"131\" srcset=\"https:\/\/www.athena-cbh.com\/app\/uploads\/sites\/20\/2022\/03\/Constantinou-Bros-Hotels-Elite-Class-600x259.jpg 600w, https:\/\/www.athena-cbh.com\/app\/uploads\/sites\/20\/2022\/03\/Constantinou-Bros-Hotels-Elite-Class-768x331.jpg 768w, https:\/\/www.athena-cbh.com\/app\/uploads\/sites\/20\/2022\/03\/Constantinou-Bros-Hotels-Elite-Class.jpg 1015w\" sizes=\"auto, (max-width: 304px) 100vw, 304px\" \/><\/h2>\n<p>&nbsp;<\/p>\n<h1 class=\"home-pages-title title-size text-center pt-5 font-regular\">\u015awiat korzy\u015bci w naszym hotelu all inclusive w Pafos<\/h1>\n<p>&nbsp;<\/p>\n<h2>\u015awiat przywilej\u00f3w<\/h2>\n<p>Odkryj niezr\u00f3wnan\u0105 klas\u0119 us\u0142ug, 5-gwiazdkowe do\u015bwiadczenie dost\u0119pne dla Pa\u0144stwa przy rezerwacji zakwaterowania w kategoriach Superior, Superior Deluxe i Suite.<br \/>\nOd ekskluzywnego zameldowania, dedykowanych opcji gastronomicznych i wielu dodatkowych udogodnie\u0144, Elite Class oferuje niezr\u00f3wnany pobyt, kt\u00f3ry przekroczy Pa\u0144stwa oczekiwania.<\/p>\n<h3><\/h3>\n<h3>Dodatkowe korzy\u015bci<\/h3>\n<p>Go\u015bcie, kt\u00f3rzy zarezerwuj\u0105 pok\u00f3j typu superior, superior deluxe lub apartament, otrzymaj\u0105 nast\u0119puj\u0105ce ekskluzywne korzy\u015bci:<\/p>\n<ul>\n<li>Najlepiej zlokalizowane pokoje<\/li>\n<li>Ekskluzywne zameldowanie VIP z powitalnym drinkiem i zimnymi r\u0119cznikami<\/li>\n<li>Bezp\u0142atne p\u00f3\u017ane wymeldowanie do godziny 18:00 (w zale\u017cno\u015bci od dost\u0119pno\u015bci)<\/li>\n<li>Dedykowana ekskluzywna sala \u015bniadaniowa do godziny 11:00<\/li>\n<li>Owoce i wino po przyje\u017adzie<\/li>\n<li>Bezp\u0142atna sauna i \u0142a\u017ania parowa (w wybranych typach pokoi) (w zale\u017cno\u015bci od dost\u0119pno\u015bci)<\/li>\n<li>Turn Down Service (w wybranych typach pokoi)<\/li>\n<li>Prywatna kabana z le\u017cakami (w wybranych typach pokoi)<\/li>\n<li>Ekskluzywny dost\u0119p do St. Andrew&#8217;s Rooftop Bar (tylko dla doros\u0142ych 16+) (lato)<\/li>\n<li>zestaw da\u0144 w restauracji A la Carte na wieczorny posi\u0142ek &#8211; je\u015bli zakwaterowanie obejmuje kolacj\u0119 (w zale\u017cno\u015bci od dost\u0119pno\u015bci)<\/li>\n<li>Ulepszony pakiet Premium (Ultra all inclusive) obejmuje nieograniczony wyb\u00f3r posi\u0142k\u00f3w w restauracji a la carte (wymagana rezerwacja w zale\u017cno\u015bci od dost\u0119pno\u015bci) oraz zaopatrzony minibar w dniu przyjazdu z codziennie uzupe\u0142nian\u0105 kaw\u0105\/herbat\u0105\/espresso i napojami bezalkoholowymi.<br \/>\nKa\u017cdego popo\u0142udnia do pokoju dostarczana jest butelka wody, a na dzie\u0144 przed odlotem oferowana jest butelka szampana.<\/li>\n<li>10% zni\u017cki na wybrane pola golfowe (pod warunkiem dokonania rezerwacji za naszym po\u015brednictwem)<\/li>\n<li>Go\u015bcie indywidualni, kt\u00f3rzy nie nale\u017c\u0105 do zorganizowanej grupy z wcze\u015bniej ustalonym programem, mog\u0105 bezp\u0142atnie korzysta\u0107 z kr\u0119gielni Green Bowls (w zale\u017cno\u015bci od dost\u0119pno\u015bci i wcze\u015bniejszej rezerwacji).<\/li>\n<\/ul>\n","protected":false},"excerpt":{"rendered":"<p>&nbsp; \u015awiat korzy\u015bci w naszym hotelu all inclusive w Pafos &nbsp; \u015awiat przywilej\u00f3w Odkryj niezr\u00f3wnan\u0105 klas\u0119 us\u0142ug, 5-gwiazdkowe do\u015bwiadczenie dost\u0119pne dla Pa\u0144stwa przy rezerwacji zakwaterowania w kategoriach Superior, Superior Deluxe i Suite. Od ekskluzywnego zameldowania, dedykowanych opcji gastronomicznych i wielu dodatkowych udogodnie\u0144, Elite Class oferuje niezr\u00f3wnany pobyt, kt\u00f3ry przekroczy Pa\u0144stwa oczekiwania. Dodatkowe korzy\u015bci Go\u015bcie, kt\u00f3rzy<\/p>\n","protected":false},"author":1,"featured_media":19212,"parent":0,"menu_order":0,"comment_status":"closed","ping_status":"closed","template":"","meta":{"_acf_changed":false,"footnotes":""},"class_list":["post-18090","page","type-page","status-publish","has-post-thumbnail","hentry"],"acf":[],"yoast_head":"<!-- This site is optimized with the Yoast SEO plugin v27.4 - https:\/\/yoast.com\/product\/yoast-seo-wordpress\/ -->\n<title>Go Elite w naszym hotelu Pafos all inclusive || Athena Beach Hotel<\/title>\n<meta name=\"description\" content=\"Prosz\u0119 przej\u015b\u0107 do klasy Elite w Athena Beach by Constantinou Bros Hotels i cieszy\u0107 si\u0119 traktowaniem VIP oraz mn\u00f3stwem korzy\u015bci w naszym hotelu all inclusive w Pafos.\" \/>\n<meta name=\"robots\" content=\"index, follow, max-snippet:-1, max-image-preview:large, max-video-preview:-1\" \/>\n<link rel=\"canonical\" href=\"https:\/\/www.athena-cbh.com\/pl\/klasa-elitarna\/\" \/>\n<meta property=\"og:locale\" content=\"pl_PL\" \/>\n<meta property=\"og:type\" content=\"article\" \/>\n<meta property=\"og:title\" content=\"Go Elite w naszym hotelu Pafos all inclusive || Athena Beach Hotel\" \/>\n<meta property=\"og:description\" content=\"Prosz\u0119 przej\u015b\u0107 do klasy Elite w Athena Beach by Constantinou Bros Hotels i cieszy\u0107 si\u0119 traktowaniem VIP oraz mn\u00f3stwem korzy\u015bci w naszym hotelu all inclusive w Pafos.\" \/>\n<meta property=\"og:url\" content=\"https:\/\/www.athena-cbh.com\/pl\/klasa-elitarna\/\" \/>\n<meta property=\"og:site_name\" content=\"Athena Beach Hotel\" \/>\n<meta property=\"article:modified_time\" content=\"2026-04-03T12:47:33+00:00\" \/>\n<meta property=\"og:image\" content=\"https:\/\/www.athena-cbh.com\/app\/uploads\/sites\/20\/2020\/01\/16-ATHENA-BEACH-HOTEL-ADONIS-RESTAURANT-scaled.jpg\" \/>\n\t<meta property=\"og:image:width\" content=\"2560\" \/>\n\t<meta property=\"og:image:height\" content=\"1707\" \/>\n\t<meta property=\"og:image:type\" content=\"image\/jpeg\" \/>\n<meta name=\"twitter:card\" content=\"summary_large_image\" \/>\n<meta name=\"twitter:label1\" content=\"Est. reading time\" \/>\n\t<meta name=\"twitter:data1\" content=\"2 minutes\" \/>\n<script type=\"application\/ld+json\" class=\"yoast-schema-graph\">{\"@context\":\"https:\\\/\\\/schema.org\",\"@graph\":[{\"@type\":\"WebPage\",\"@id\":\"https:\\\/\\\/www.athena-cbh.com\\\/pl\\\/klasa-elitarna\\\/\",\"url\":\"https:\\\/\\\/www.athena-cbh.com\\\/pl\\\/klasa-elitarna\\\/\",\"name\":\"Go Elite w naszym hotelu Pafos all inclusive || Athena Beach Hotel\",\"isPartOf\":{\"@id\":\"https:\\\/\\\/www.athena-cbh.com\\\/pl\\\/#website\"},\"primaryImageOfPage\":{\"@id\":\"https:\\\/\\\/www.athena-cbh.com\\\/pl\\\/klasa-elitarna\\\/#primaryimage\"},\"image\":{\"@id\":\"https:\\\/\\\/www.athena-cbh.com\\\/pl\\\/klasa-elitarna\\\/#primaryimage\"},\"thumbnailUrl\":\"https:\\\/\\\/www.athena-cbh.com\\\/app\\\/uploads\\\/sites\\\/20\\\/2020\\\/01\\\/16-ATHENA-BEACH-HOTEL-ADONIS-RESTAURANT-scaled.jpg\",\"datePublished\":\"2024-07-22T14:19:54+00:00\",\"dateModified\":\"2026-04-03T12:47:33+00:00\",\"description\":\"Prosz\u0119 przej\u015b\u0107 do klasy Elite w Athena Beach by Constantinou Bros Hotels i cieszy\u0107 si\u0119 traktowaniem VIP oraz mn\u00f3stwem korzy\u015bci w naszym hotelu all inclusive w Pafos.\",\"breadcrumb\":{\"@id\":\"https:\\\/\\\/www.athena-cbh.com\\\/pl\\\/klasa-elitarna\\\/#breadcrumb\"},\"inLanguage\":\"pl-PL\",\"potentialAction\":[{\"@type\":\"ReadAction\",\"target\":[\"https:\\\/\\\/www.athena-cbh.com\\\/pl\\\/klasa-elitarna\\\/\"]}]},{\"@type\":\"ImageObject\",\"inLanguage\":\"pl-PL\",\"@id\":\"https:\\\/\\\/www.athena-cbh.com\\\/pl\\\/klasa-elitarna\\\/#primaryimage\",\"url\":\"https:\\\/\\\/www.athena-cbh.com\\\/app\\\/uploads\\\/sites\\\/20\\\/2020\\\/01\\\/16-ATHENA-BEACH-HOTEL-ADONIS-RESTAURANT-scaled.jpg\",\"contentUrl\":\"https:\\\/\\\/www.athena-cbh.com\\\/app\\\/uploads\\\/sites\\\/20\\\/2020\\\/01\\\/16-ATHENA-BEACH-HOTEL-ADONIS-RESTAURANT-scaled.jpg\",\"width\":2560,\"height\":1707},{\"@type\":\"BreadcrumbList\",\"@id\":\"https:\\\/\\\/www.athena-cbh.com\\\/pl\\\/klasa-elitarna\\\/#breadcrumb\",\"itemListElement\":[{\"@type\":\"ListItem\",\"position\":1,\"name\":\"Home\",\"item\":\"https:\\\/\\\/www.athena-cbh.com\\\/pl\\\/\"},{\"@type\":\"ListItem\",\"position\":2,\"name\":\"Przywileje klasy Elite\"}]},{\"@type\":\"WebSite\",\"@id\":\"https:\\\/\\\/www.athena-cbh.com\\\/pl\\\/#website\",\"url\":\"https:\\\/\\\/www.athena-cbh.com\\\/pl\\\/\",\"name\":\"Athena Beach Hotel\",\"description\":\"Constantinou Bros Athena Beach Hotel, 4 star hotel in Paphos Cyprus\",\"potentialAction\":[{\"@type\":\"SearchAction\",\"target\":{\"@type\":\"EntryPoint\",\"urlTemplate\":\"https:\\\/\\\/www.athena-cbh.com\\\/pl\\\/?s={search_term_string}\"},\"query-input\":{\"@type\":\"PropertyValueSpecification\",\"valueRequired\":true,\"valueName\":\"search_term_string\"}}],\"inLanguage\":\"pl-PL\"}]}<\/script>\n<!-- \/ Yoast SEO plugin. -->","yoast_head_json":{"title":"Go Elite w naszym hotelu Pafos all inclusive || Athena Beach Hotel","description":"Prosz\u0119 przej\u015b\u0107 do klasy Elite w Athena Beach by Constantinou Bros Hotels i cieszy\u0107 si\u0119 traktowaniem VIP oraz mn\u00f3stwem korzy\u015bci w naszym hotelu all inclusive w Pafos.","robots":{"index":"index","follow":"follow","max-snippet":"max-snippet:-1","max-image-preview":"max-image-preview:large","max-video-preview":"max-video-preview:-1"},"canonical":"https:\/\/www.athena-cbh.com\/pl\/klasa-elitarna\/","og_locale":"pl_PL","og_type":"article","og_title":"Go Elite w naszym hotelu Pafos all inclusive || Athena Beach Hotel","og_description":"Prosz\u0119 przej\u015b\u0107 do klasy Elite w Athena Beach by Constantinou Bros Hotels i cieszy\u0107 si\u0119 traktowaniem VIP oraz mn\u00f3stwem korzy\u015bci w naszym hotelu all inclusive w Pafos.","og_url":"https:\/\/www.athena-cbh.com\/pl\/klasa-elitarna\/","og_site_name":"Athena Beach Hotel","article_modified_time":"2026-04-03T12:47:33+00:00","og_image":[{"width":2560,"height":1707,"url":"https:\/\/www.athena-cbh.com\/app\/uploads\/sites\/20\/2020\/01\/16-ATHENA-BEACH-HOTEL-ADONIS-RESTAURANT-scaled.jpg","type":"image\/jpeg"}],"twitter_card":"summary_large_image","twitter_misc":{"Est. reading time":"2 minutes"},"schema":{"@context":"https:\/\/schema.org","@graph":[{"@type":"WebPage","@id":"https:\/\/www.athena-cbh.com\/pl\/klasa-elitarna\/","url":"https:\/\/www.athena-cbh.com\/pl\/klasa-elitarna\/","name":"Go Elite w naszym hotelu Pafos all inclusive || Athena Beach Hotel","isPartOf":{"@id":"https:\/\/www.athena-cbh.com\/pl\/#website"},"primaryImageOfPage":{"@id":"https:\/\/www.athena-cbh.com\/pl\/klasa-elitarna\/#primaryimage"},"image":{"@id":"https:\/\/www.athena-cbh.com\/pl\/klasa-elitarna\/#primaryimage"},"thumbnailUrl":"https:\/\/www.athena-cbh.com\/app\/uploads\/sites\/20\/2020\/01\/16-ATHENA-BEACH-HOTEL-ADONIS-RESTAURANT-scaled.jpg","datePublished":"2024-07-22T14:19:54+00:00","dateModified":"2026-04-03T12:47:33+00:00","description":"Prosz\u0119 przej\u015b\u0107 do klasy Elite w Athena Beach by Constantinou Bros Hotels i cieszy\u0107 si\u0119 traktowaniem VIP oraz mn\u00f3stwem korzy\u015bci w naszym hotelu all inclusive w Pafos.","breadcrumb":{"@id":"https:\/\/www.athena-cbh.com\/pl\/klasa-elitarna\/#breadcrumb"},"inLanguage":"pl-PL","potentialAction":[{"@type":"ReadAction","target":["https:\/\/www.athena-cbh.com\/pl\/klasa-elitarna\/"]}]},{"@type":"ImageObject","inLanguage":"pl-PL","@id":"https:\/\/www.athena-cbh.com\/pl\/klasa-elitarna\/#primaryimage","url":"https:\/\/www.athena-cbh.com\/app\/uploads\/sites\/20\/2020\/01\/16-ATHENA-BEACH-HOTEL-ADONIS-RESTAURANT-scaled.jpg","contentUrl":"https:\/\/www.athena-cbh.com\/app\/uploads\/sites\/20\/2020\/01\/16-ATHENA-BEACH-HOTEL-ADONIS-RESTAURANT-scaled.jpg","width":2560,"height":1707},{"@type":"BreadcrumbList","@id":"https:\/\/www.athena-cbh.com\/pl\/klasa-elitarna\/#breadcrumb","itemListElement":[{"@type":"ListItem","position":1,"name":"Home","item":"https:\/\/www.athena-cbh.com\/pl\/"},{"@type":"ListItem","position":2,"name":"Przywileje klasy Elite"}]},{"@type":"WebSite","@id":"https:\/\/www.athena-cbh.com\/pl\/#website","url":"https:\/\/www.athena-cbh.com\/pl\/","name":"Athena Beach Hotel","description":"Constantinou Bros Athena Beach Hotel, 4 star hotel in Paphos Cyprus","potentialAction":[{"@type":"SearchAction","target":{"@type":"EntryPoint","urlTemplate":"https:\/\/www.athena-cbh.com\/pl\/?s={search_term_string}"},"query-input":{"@type":"PropertyValueSpecification","valueRequired":true,"valueName":"search_term_string"}}],"inLanguage":"pl-PL"}]}},"_links":{"self":[{"href":"https:\/\/www.athena-cbh.com\/pl\/wp-json\/wp\/v2\/pages\/18090","targetHints":{"allow":["GET"]}}],"collection":[{"href":"https:\/\/www.athena-cbh.com\/pl\/wp-json\/wp\/v2\/pages"}],"about":[{"href":"https:\/\/www.athena-cbh.com\/pl\/wp-json\/wp\/v2\/types\/page"}],"author":[{"embeddable":true,"href":"https:\/\/www.athena-cbh.com\/pl\/wp-json\/wp\/v2\/users\/1"}],"replies":[{"embeddable":true,"href":"https:\/\/www.athena-cbh.com\/pl\/wp-json\/wp\/v2\/comments?post=18090"}],"version-history":[{"count":3,"href":"https:\/\/www.athena-cbh.com\/pl\/wp-json\/wp\/v2\/pages\/18090\/revisions"}],"predecessor-version":[{"id":23033,"href":"https:\/\/www.athena-cbh.com\/pl\/wp-json\/wp\/v2\/pages\/18090\/revisions\/23033"}],"wp:featuredmedia":[{"embeddable":true,"href":"https:\/\/www.athena-cbh.com\/pl\/wp-json\/wp\/v2\/media\/19212"}],"wp:attachment":[{"href":"https:\/\/www.athena-cbh.com\/pl\/wp-json\/wp\/v2\/media?parent=18090"}],"curies":[{"name":"wp","href":"https:\/\/api.w.org\/{rel}","templated":true}]}}