{"id":18077,"date":"2024-07-22T17:19:47","date_gmt":"2024-07-22T14:19:47","guid":{"rendered":"https:\/\/www.athena-cbh.com\/nagrody\/"},"modified":"2026-04-23T11:47:00","modified_gmt":"2026-04-23T08:47:00","slug":"nagrody","status":"publish","type":"page","link":"https:\/\/www.athena-cbh.com\/pl\/nagrody\/","title":{"rendered":"Nagrody"},"content":{"rendered":"<p>Ka\u017cda bran\u017ca ma swoje kryteria, mierniki sukcesu. Bran\u017ca hotelarska stosuje system nagr\u00f3d oparty na punktach zgromadzonych przez hotele zgodnie z kwestionariuszami, kt\u00f3re touroperatorzy prosz\u0105 swoich klient\u00f3w o wype\u0142nienie pod koniec wakacji. <\/p>\n<p>Athena Beach Hotel mo\u017ce pochwali\u0107 si\u0119 imponuj\u0105c\u0105 liczb\u0105 nagr\u00f3d od momentu otwarcia.<\/p>\n","protected":false},"excerpt":{"rendered":"<p>Ka\u017cda bran\u017ca ma swoje kryteria, mierniki sukcesu. Bran\u017ca hotelarska stosuje system nagr\u00f3d oparty na punktach zgromadzonych przez hotele zgodnie z kwestionariuszami, kt\u00f3re touroperatorzy prosz\u0105 swoich klient\u00f3w o wype\u0142nienie pod koniec wakacji. Athena Beach Hotel mo\u017ce pochwali\u0107 si\u0119 imponuj\u0105c\u0105 liczb\u0105 nagr\u00f3d od momentu otwarcia.<\/p>\n","protected":false},"author":1,"featured_media":19777,"parent":0,"menu_order":0,"comment_status":"closed","ping_status":"closed","template":"page-templates\/accordion.php","meta":{"_acf_changed":false,"footnotes":""},"class_list":["post-18077","page","type-page","status-publish","has-post-thumbnail","hentry"],"acf":[],"yoast_head":"<!-- This site is optimized with the Yoast SEO plugin v27.5 - https:\/\/yoast.com\/product\/yoast-seo-wordpress\/ -->\n<title>Lista nagr\u00f3d hotelu Athena Beach w Pafos || Athena Beach<\/title>\n<meta name=\"description\" content=\"Tutaj znajd\u0105 Pa\u0144stwo list\u0119 wszystkich nagr\u00f3d, wyr\u00f3\u017cnie\u0144, odznacze\u0144 i certyfikat\u00f3w przyznanych Athena Beach Hotel Paphos od 2010 roku do dzi\u015b.\" \/>\n<meta name=\"robots\" content=\"index, follow, max-snippet:-1, max-image-preview:large, max-video-preview:-1\" \/>\n<link rel=\"canonical\" href=\"https:\/\/www.athena-cbh.com\/pl\/nagrody\/\" \/>\n<meta property=\"og:locale\" content=\"pl_PL\" \/>\n<meta property=\"og:type\" content=\"article\" \/>\n<meta property=\"og:title\" content=\"Lista nagr\u00f3d hotelu Athena Beach w Pafos || Athena Beach\" \/>\n<meta property=\"og:description\" content=\"Tutaj znajd\u0105 Pa\u0144stwo list\u0119 wszystkich nagr\u00f3d, wyr\u00f3\u017cnie\u0144, odznacze\u0144 i certyfikat\u00f3w przyznanych Athena Beach Hotel Paphos od 2010 roku do dzi\u015b.\" \/>\n<meta property=\"og:url\" content=\"https:\/\/www.athena-cbh.com\/pl\/nagrody\/\" \/>\n<meta property=\"og:site_name\" content=\"Athena Beach Hotel\" \/>\n<meta property=\"article:modified_time\" content=\"2026-04-23T08:47:00+00:00\" \/>\n<meta property=\"og:image\" content=\"https:\/\/www.athena-cbh.com\/app\/uploads\/sites\/20\/2022\/02\/31-ATHENA-BEACH-HOTEL-HELIOS-BEACH-BAR.jpg\" \/>\n\t<meta property=\"og:image:width\" content=\"2000\" \/>\n\t<meta property=\"og:image:height\" content=\"1333\" \/>\n\t<meta property=\"og:image:type\" content=\"image\/jpeg\" \/>\n<meta name=\"twitter:card\" content=\"summary_large_image\" \/>\n<meta name=\"twitter:label1\" content=\"Est. reading time\" \/>\n\t<meta name=\"twitter:data1\" content=\"1 minute\" \/>\n<script type=\"application\/ld+json\" class=\"yoast-schema-graph\">{\"@context\":\"https:\\\/\\\/schema.org\",\"@graph\":[{\"@type\":\"WebPage\",\"@id\":\"https:\\\/\\\/www.athena-cbh.com\\\/pl\\\/nagrody\\\/\",\"url\":\"https:\\\/\\\/www.athena-cbh.com\\\/pl\\\/nagrody\\\/\",\"name\":\"Lista nagr\u00f3d hotelu Athena Beach w Pafos || Athena Beach\",\"isPartOf\":{\"@id\":\"https:\\\/\\\/www.athena-cbh.com\\\/pl\\\/#website\"},\"primaryImageOfPage\":{\"@id\":\"https:\\\/\\\/www.athena-cbh.com\\\/pl\\\/nagrody\\\/#primaryimage\"},\"image\":{\"@id\":\"https:\\\/\\\/www.athena-cbh.com\\\/pl\\\/nagrody\\\/#primaryimage\"},\"thumbnailUrl\":\"https:\\\/\\\/www.athena-cbh.com\\\/app\\\/uploads\\\/sites\\\/20\\\/2022\\\/02\\\/31-ATHENA-BEACH-HOTEL-HELIOS-BEACH-BAR.jpg\",\"datePublished\":\"2024-07-22T14:19:47+00:00\",\"dateModified\":\"2026-04-23T08:47:00+00:00\",\"description\":\"Tutaj znajd\u0105 Pa\u0144stwo list\u0119 wszystkich nagr\u00f3d, wyr\u00f3\u017cnie\u0144, odznacze\u0144 i certyfikat\u00f3w przyznanych Athena Beach Hotel Paphos od 2010 roku do dzi\u015b.\",\"breadcrumb\":{\"@id\":\"https:\\\/\\\/www.athena-cbh.com\\\/pl\\\/nagrody\\\/#breadcrumb\"},\"inLanguage\":\"pl-PL\",\"potentialAction\":[{\"@type\":\"ReadAction\",\"target\":[\"https:\\\/\\\/www.athena-cbh.com\\\/pl\\\/nagrody\\\/\"]}]},{\"@type\":\"ImageObject\",\"inLanguage\":\"pl-PL\",\"@id\":\"https:\\\/\\\/www.athena-cbh.com\\\/pl\\\/nagrody\\\/#primaryimage\",\"url\":\"https:\\\/\\\/www.athena-cbh.com\\\/app\\\/uploads\\\/sites\\\/20\\\/2022\\\/02\\\/31-ATHENA-BEACH-HOTEL-HELIOS-BEACH-BAR.jpg\",\"contentUrl\":\"https:\\\/\\\/www.athena-cbh.com\\\/app\\\/uploads\\\/sites\\\/20\\\/2022\\\/02\\\/31-ATHENA-BEACH-HOTEL-HELIOS-BEACH-BAR.jpg\",\"width\":2000,\"height\":1333,\"caption\":\"Helios Beach Bar\"},{\"@type\":\"BreadcrumbList\",\"@id\":\"https:\\\/\\\/www.athena-cbh.com\\\/pl\\\/nagrody\\\/#breadcrumb\",\"itemListElement\":[{\"@type\":\"ListItem\",\"position\":1,\"name\":\"Home\",\"item\":\"https:\\\/\\\/www.athena-cbh.com\\\/pl\\\/\"},{\"@type\":\"ListItem\",\"position\":2,\"name\":\"Nagrody\"}]},{\"@type\":\"WebSite\",\"@id\":\"https:\\\/\\\/www.athena-cbh.com\\\/pl\\\/#website\",\"url\":\"https:\\\/\\\/www.athena-cbh.com\\\/pl\\\/\",\"name\":\"Athena Beach Hotel\",\"description\":\"Constantinou Bros Athena Beach Hotel, 4 star hotel in Paphos Cyprus\",\"potentialAction\":[{\"@type\":\"SearchAction\",\"target\":{\"@type\":\"EntryPoint\",\"urlTemplate\":\"https:\\\/\\\/www.athena-cbh.com\\\/pl\\\/?s={search_term_string}\"},\"query-input\":{\"@type\":\"PropertyValueSpecification\",\"valueRequired\":true,\"valueName\":\"search_term_string\"}}],\"inLanguage\":\"pl-PL\"}]}<\/script>\n<!-- \/ Yoast SEO plugin. -->","yoast_head_json":{"title":"Lista nagr\u00f3d hotelu Athena Beach w Pafos || Athena Beach","description":"Tutaj znajd\u0105 Pa\u0144stwo list\u0119 wszystkich nagr\u00f3d, wyr\u00f3\u017cnie\u0144, odznacze\u0144 i certyfikat\u00f3w przyznanych Athena Beach Hotel Paphos od 2010 roku do dzi\u015b.","robots":{"index":"index","follow":"follow","max-snippet":"max-snippet:-1","max-image-preview":"max-image-preview:large","max-video-preview":"max-video-preview:-1"},"canonical":"https:\/\/www.athena-cbh.com\/pl\/nagrody\/","og_locale":"pl_PL","og_type":"article","og_title":"Lista nagr\u00f3d hotelu Athena Beach w Pafos || Athena Beach","og_description":"Tutaj znajd\u0105 Pa\u0144stwo list\u0119 wszystkich nagr\u00f3d, wyr\u00f3\u017cnie\u0144, odznacze\u0144 i certyfikat\u00f3w przyznanych Athena Beach Hotel Paphos od 2010 roku do dzi\u015b.","og_url":"https:\/\/www.athena-cbh.com\/pl\/nagrody\/","og_site_name":"Athena Beach Hotel","article_modified_time":"2026-04-23T08:47:00+00:00","og_image":[{"width":2000,"height":1333,"url":"https:\/\/www.athena-cbh.com\/app\/uploads\/sites\/20\/2022\/02\/31-ATHENA-BEACH-HOTEL-HELIOS-BEACH-BAR.jpg","type":"image\/jpeg"}],"twitter_card":"summary_large_image","twitter_misc":{"Est. reading time":"1 minute"},"schema":{"@context":"https:\/\/schema.org","@graph":[{"@type":"WebPage","@id":"https:\/\/www.athena-cbh.com\/pl\/nagrody\/","url":"https:\/\/www.athena-cbh.com\/pl\/nagrody\/","name":"Lista nagr\u00f3d hotelu Athena Beach w Pafos || Athena Beach","isPartOf":{"@id":"https:\/\/www.athena-cbh.com\/pl\/#website"},"primaryImageOfPage":{"@id":"https:\/\/www.athena-cbh.com\/pl\/nagrody\/#primaryimage"},"image":{"@id":"https:\/\/www.athena-cbh.com\/pl\/nagrody\/#primaryimage"},"thumbnailUrl":"https:\/\/www.athena-cbh.com\/app\/uploads\/sites\/20\/2022\/02\/31-ATHENA-BEACH-HOTEL-HELIOS-BEACH-BAR.jpg","datePublished":"2024-07-22T14:19:47+00:00","dateModified":"2026-04-23T08:47:00+00:00","description":"Tutaj znajd\u0105 Pa\u0144stwo list\u0119 wszystkich nagr\u00f3d, wyr\u00f3\u017cnie\u0144, odznacze\u0144 i certyfikat\u00f3w przyznanych Athena Beach Hotel Paphos od 2010 roku do dzi\u015b.","breadcrumb":{"@id":"https:\/\/www.athena-cbh.com\/pl\/nagrody\/#breadcrumb"},"inLanguage":"pl-PL","potentialAction":[{"@type":"ReadAction","target":["https:\/\/www.athena-cbh.com\/pl\/nagrody\/"]}]},{"@type":"ImageObject","inLanguage":"pl-PL","@id":"https:\/\/www.athena-cbh.com\/pl\/nagrody\/#primaryimage","url":"https:\/\/www.athena-cbh.com\/app\/uploads\/sites\/20\/2022\/02\/31-ATHENA-BEACH-HOTEL-HELIOS-BEACH-BAR.jpg","contentUrl":"https:\/\/www.athena-cbh.com\/app\/uploads\/sites\/20\/2022\/02\/31-ATHENA-BEACH-HOTEL-HELIOS-BEACH-BAR.jpg","width":2000,"height":1333,"caption":"Helios Beach Bar"},{"@type":"BreadcrumbList","@id":"https:\/\/www.athena-cbh.com\/pl\/nagrody\/#breadcrumb","itemListElement":[{"@type":"ListItem","position":1,"name":"Home","item":"https:\/\/www.athena-cbh.com\/pl\/"},{"@type":"ListItem","position":2,"name":"Nagrody"}]},{"@type":"WebSite","@id":"https:\/\/www.athena-cbh.com\/pl\/#website","url":"https:\/\/www.athena-cbh.com\/pl\/","name":"Athena Beach Hotel","description":"Constantinou Bros Athena Beach Hotel, 4 star hotel in Paphos Cyprus","potentialAction":[{"@type":"SearchAction","target":{"@type":"EntryPoint","urlTemplate":"https:\/\/www.athena-cbh.com\/pl\/?s={search_term_string}"},"query-input":{"@type":"PropertyValueSpecification","valueRequired":true,"valueName":"search_term_string"}}],"inLanguage":"pl-PL"}]}},"_links":{"self":[{"href":"https:\/\/www.athena-cbh.com\/pl\/wp-json\/wp\/v2\/pages\/18077","targetHints":{"allow":["GET"]}}],"collection":[{"href":"https:\/\/www.athena-cbh.com\/pl\/wp-json\/wp\/v2\/pages"}],"about":[{"href":"https:\/\/www.athena-cbh.com\/pl\/wp-json\/wp\/v2\/types\/page"}],"author":[{"embeddable":true,"href":"https:\/\/www.athena-cbh.com\/pl\/wp-json\/wp\/v2\/users\/1"}],"replies":[{"embeddable":true,"href":"https:\/\/www.athena-cbh.com\/pl\/wp-json\/wp\/v2\/comments?post=18077"}],"version-history":[{"count":8,"href":"https:\/\/www.athena-cbh.com\/pl\/wp-json\/wp\/v2\/pages\/18077\/revisions"}],"predecessor-version":[{"id":23010,"href":"https:\/\/www.athena-cbh.com\/pl\/wp-json\/wp\/v2\/pages\/18077\/revisions\/23010"}],"wp:featuredmedia":[{"embeddable":true,"href":"https:\/\/www.athena-cbh.com\/pl\/wp-json\/wp\/v2\/media\/19777"}],"wp:attachment":[{"href":"https:\/\/www.athena-cbh.com\/pl\/wp-json\/wp\/v2\/media?parent=18077"}],"curies":[{"name":"wp","href":"https:\/\/api.w.org\/{rel}","templated":true}]}}