{"id":18070,"date":"2024-07-22T17:19:38","date_gmt":"2024-07-22T14:19:38","guid":{"rendered":"https:\/\/www.athena-cbh.com\/cechy-szczegolne\/"},"modified":"2026-03-23T08:57:36","modified_gmt":"2026-03-23T05:57:36","slug":"cechy-szczegolne","status":"publish","type":"page","link":"https:\/\/www.athena-cbh.com\/pl\/hotel\/cechy-szczegolne\/","title":{"rendered":"Cechy szczeg\u00f3lne"},"content":{"rendered":"<h3>Cechy szczeg\u00f3lne<\/h3>\n<ul>\n<li>Odprawa VIP z powitalnym drinkiem i zimnymi r\u0119cznikami w pokojach klasy Elite<\/li>\n<li>P\u00f3\u017ane \u015bniadanie do godziny 11:00 dla pokoi klasy Elite<\/li>\n<li>Owoce i wino w dniu przyjazdu dla pokoi klasy Elite<\/li>\n<li>Prywatna cabana i le\u017caki dla wybranych typ\u00f3w pokoi<\/li>\n<li>Wy\u0142\u0105czna strefa tylko dla doros\u0142ych<\/li>\n<li>Mini market \/ sklep z pami\u0105tkami<\/li>\n<li>Zakaz palenia we wszystkich pomieszczeniach.<\/li>\n<li>Skutery inwalidzkie nie s\u0105 dozwolone na terenie hotelu &#8211; dost\u0119pny jest wyznaczony parking.<\/li>\n<li>Elektryczne lub r\u0119czne w\u00f3zki inwalidzkie s\u0105 dozwolone na terenie hotelu.<\/li>\n<li>Wszystkie dzia\u0142y \u017cywno\u015bci i napoj\u00f3w bezgot\u00f3wkowe (tylko op\u0142ata za pok\u00f3j lub p\u0142atno\u015b\u0107 kart\u0105 kredytow\u0105)<\/li>\n<li>Sklep jubilerski<\/li>\n<li>Biuro sprzeda\u017cy nieruchomo\u015bci (Constantinou Bros Properties)<\/li>\n<li>Bezp\u0142atny parking<\/li>\n<li>Pi\u0119kne ogrody i piaszczysta pla\u017ca<\/li>\n<li>24-godzinna taks\u00f3wka z i na lotnisko (za dodatkow\u0105 op\u0142at\u0105)<\/li>\n<li>24-godzinny lekarz na wezwanie<\/li>\n<li>Wymiana walut<\/li>\n<li>Pralnia i czyszczenie chemiczne dost\u0119pne<\/li>\n<li>Wzbogacony bufet \u015bniadaniowy serwowany wewn\u0105trz i na zewn\u0105trz budynku<\/li>\n<li>Kolacja przy \u015bwiecach co tydzie\u0144<\/li>\n<li>Rezerwacje wycieczek i wyjazd\u00f3w<\/li>\n<li>Wypo\u017cyczalnie samochod\u00f3w i rower\u00f3w<\/li>\n<li>Rezerwacje linii lotniczych<\/li>\n<\/ul>\n<h3><\/h3>\n<h3>Udogodnienia na pla\u017cy i przy basenie<\/h3>\n<ul>\n<li>R\u0119czniki pla\u017cowe &#8211; bezp\u0142atnie w pokoju<\/li>\n<li>Prysznice i przebieralnie przy basenie<\/li>\n<li>Parasole i le\u017caki &#8211; bezp\u0142atnie<\/li>\n<li>WC<\/li>\n<\/ul>\n","protected":false},"excerpt":{"rendered":"<p>Cechy szczeg\u00f3lne Odprawa VIP z powitalnym drinkiem i zimnymi r\u0119cznikami w pokojach klasy Elite P\u00f3\u017ane \u015bniadanie do godziny 11:00 dla pokoi klasy Elite Owoce i wino w dniu przyjazdu dla pokoi klasy Elite Prywatna cabana i le\u017caki dla wybranych typ\u00f3w pokoi Wy\u0142\u0105czna strefa tylko dla doros\u0142ych Mini market \/ sklep z pami\u0105tkami Zakaz palenia we<\/p>\n","protected":false},"author":12,"featured_media":19022,"parent":19018,"menu_order":0,"comment_status":"closed","ping_status":"closed","template":"","meta":{"_acf_changed":false,"footnotes":""},"class_list":["post-18070","page","type-page","status-publish","has-post-thumbnail","hentry"],"acf":[],"yoast_head":"<!-- This site is optimized with the Yoast SEO plugin v27.5 - https:\/\/yoast.com\/product\/yoast-seo-wordpress\/ -->\n<title>Cechy szczeg\u00f3lne - Athena Beach Hotel<\/title>\n<meta name=\"description\" content=\"Tutaj znajd\u0105 Pa\u0144stwo pe\u0142ne spektrum us\u0142ug i specjalnych funkcji oferowanych w hotelu Athena Beach w Pafos przez Constantinou Bros.\" \/>\n<meta name=\"robots\" content=\"index, follow, max-snippet:-1, max-image-preview:large, max-video-preview:-1\" \/>\n<link rel=\"canonical\" href=\"https:\/\/www.athena-cbh.com\/pl\/hotel\/cechy-szczegolne\/\" \/>\n<meta property=\"og:locale\" content=\"pl_PL\" \/>\n<meta property=\"og:type\" content=\"article\" \/>\n<meta property=\"og:title\" content=\"Cechy szczeg\u00f3lne - Athena Beach Hotel\" \/>\n<meta property=\"og:description\" content=\"Tutaj znajd\u0105 Pa\u0144stwo pe\u0142ne spektrum us\u0142ug i specjalnych funkcji oferowanych w hotelu Athena Beach w Pafos przez Constantinou Bros.\" \/>\n<meta property=\"og:url\" content=\"https:\/\/www.athena-cbh.com\/pl\/hotel\/cechy-szczegolne\/\" \/>\n<meta property=\"og:site_name\" content=\"Athena Beach Hotel\" \/>\n<meta property=\"article:modified_time\" content=\"2026-03-23T05:57:36+00:00\" \/>\n<meta property=\"og:image\" content=\"https:\/\/www.athena-cbh.com\/app\/uploads\/sites\/20\/2020\/09\/8-ATHENA-BEACH-HOTEL-OUTDOOR-POOL-scaled.jpg\" \/>\n\t<meta property=\"og:image:width\" content=\"2560\" \/>\n\t<meta property=\"og:image:height\" content=\"1707\" \/>\n\t<meta property=\"og:image:type\" content=\"image\/jpeg\" \/>\n<meta name=\"twitter:card\" content=\"summary_large_image\" \/>\n<meta name=\"twitter:label1\" content=\"Est. reading time\" \/>\n\t<meta name=\"twitter:data1\" content=\"2 minutes\" \/>\n<script type=\"application\/ld+json\" class=\"yoast-schema-graph\">{\"@context\":\"https:\\\/\\\/schema.org\",\"@graph\":[{\"@type\":\"WebPage\",\"@id\":\"https:\\\/\\\/www.athena-cbh.com\\\/pl\\\/hotel\\\/cechy-szczegolne\\\/\",\"url\":\"https:\\\/\\\/www.athena-cbh.com\\\/pl\\\/hotel\\\/cechy-szczegolne\\\/\",\"name\":\"Cechy szczeg\u00f3lne - Athena Beach Hotel\",\"isPartOf\":{\"@id\":\"https:\\\/\\\/www.athena-cbh.com\\\/pl\\\/#website\"},\"primaryImageOfPage\":{\"@id\":\"https:\\\/\\\/www.athena-cbh.com\\\/pl\\\/hotel\\\/cechy-szczegolne\\\/#primaryimage\"},\"image\":{\"@id\":\"https:\\\/\\\/www.athena-cbh.com\\\/pl\\\/hotel\\\/cechy-szczegolne\\\/#primaryimage\"},\"thumbnailUrl\":\"https:\\\/\\\/www.athena-cbh.com\\\/app\\\/uploads\\\/sites\\\/20\\\/2020\\\/09\\\/8-ATHENA-BEACH-HOTEL-OUTDOOR-POOL-scaled.jpg\",\"datePublished\":\"2024-07-22T14:19:38+00:00\",\"dateModified\":\"2026-03-23T05:57:36+00:00\",\"description\":\"Tutaj znajd\u0105 Pa\u0144stwo pe\u0142ne spektrum us\u0142ug i specjalnych funkcji oferowanych w hotelu Athena Beach w Pafos przez Constantinou Bros.\",\"breadcrumb\":{\"@id\":\"https:\\\/\\\/www.athena-cbh.com\\\/pl\\\/hotel\\\/cechy-szczegolne\\\/#breadcrumb\"},\"inLanguage\":\"pl-PL\",\"potentialAction\":[{\"@type\":\"ReadAction\",\"target\":[\"https:\\\/\\\/www.athena-cbh.com\\\/pl\\\/hotel\\\/cechy-szczegolne\\\/\"]}]},{\"@type\":\"ImageObject\",\"inLanguage\":\"pl-PL\",\"@id\":\"https:\\\/\\\/www.athena-cbh.com\\\/pl\\\/hotel\\\/cechy-szczegolne\\\/#primaryimage\",\"url\":\"https:\\\/\\\/www.athena-cbh.com\\\/app\\\/uploads\\\/sites\\\/20\\\/2020\\\/09\\\/8-ATHENA-BEACH-HOTEL-OUTDOOR-POOL-scaled.jpg\",\"contentUrl\":\"https:\\\/\\\/www.athena-cbh.com\\\/app\\\/uploads\\\/sites\\\/20\\\/2020\\\/09\\\/8-ATHENA-BEACH-HOTEL-OUTDOOR-POOL-scaled.jpg\",\"width\":2560,\"height\":1707},{\"@type\":\"BreadcrumbList\",\"@id\":\"https:\\\/\\\/www.athena-cbh.com\\\/pl\\\/hotel\\\/cechy-szczegolne\\\/#breadcrumb\",\"itemListElement\":[{\"@type\":\"ListItem\",\"position\":1,\"name\":\"Home\",\"item\":\"https:\\\/\\\/www.athena-cbh.com\\\/pl\\\/\"},{\"@type\":\"ListItem\",\"position\":2,\"name\":\"Hotel\",\"item\":\"https:\\\/\\\/www.athena-cbh.com\\\/pl\\\/hotel\\\/\"},{\"@type\":\"ListItem\",\"position\":3,\"name\":\"Cechy szczeg\u00f3lne\"}]},{\"@type\":\"WebSite\",\"@id\":\"https:\\\/\\\/www.athena-cbh.com\\\/pl\\\/#website\",\"url\":\"https:\\\/\\\/www.athena-cbh.com\\\/pl\\\/\",\"name\":\"Athena Beach Hotel\",\"description\":\"Constantinou Bros Athena Beach Hotel, 4 star hotel in Paphos Cyprus\",\"potentialAction\":[{\"@type\":\"SearchAction\",\"target\":{\"@type\":\"EntryPoint\",\"urlTemplate\":\"https:\\\/\\\/www.athena-cbh.com\\\/pl\\\/?s={search_term_string}\"},\"query-input\":{\"@type\":\"PropertyValueSpecification\",\"valueRequired\":true,\"valueName\":\"search_term_string\"}}],\"inLanguage\":\"pl-PL\"}]}<\/script>\n<!-- \/ Yoast SEO plugin. -->","yoast_head_json":{"title":"Cechy szczeg\u00f3lne - Athena Beach Hotel","description":"Tutaj znajd\u0105 Pa\u0144stwo pe\u0142ne spektrum us\u0142ug i specjalnych funkcji oferowanych w hotelu Athena Beach w Pafos przez Constantinou Bros.","robots":{"index":"index","follow":"follow","max-snippet":"max-snippet:-1","max-image-preview":"max-image-preview:large","max-video-preview":"max-video-preview:-1"},"canonical":"https:\/\/www.athena-cbh.com\/pl\/hotel\/cechy-szczegolne\/","og_locale":"pl_PL","og_type":"article","og_title":"Cechy szczeg\u00f3lne - Athena Beach Hotel","og_description":"Tutaj znajd\u0105 Pa\u0144stwo pe\u0142ne spektrum us\u0142ug i specjalnych funkcji oferowanych w hotelu Athena Beach w Pafos przez Constantinou Bros.","og_url":"https:\/\/www.athena-cbh.com\/pl\/hotel\/cechy-szczegolne\/","og_site_name":"Athena Beach Hotel","article_modified_time":"2026-03-23T05:57:36+00:00","og_image":[{"width":2560,"height":1707,"url":"https:\/\/www.athena-cbh.com\/app\/uploads\/sites\/20\/2020\/09\/8-ATHENA-BEACH-HOTEL-OUTDOOR-POOL-scaled.jpg","type":"image\/jpeg"}],"twitter_card":"summary_large_image","twitter_misc":{"Est. reading time":"2 minutes"},"schema":{"@context":"https:\/\/schema.org","@graph":[{"@type":"WebPage","@id":"https:\/\/www.athena-cbh.com\/pl\/hotel\/cechy-szczegolne\/","url":"https:\/\/www.athena-cbh.com\/pl\/hotel\/cechy-szczegolne\/","name":"Cechy szczeg\u00f3lne - Athena Beach Hotel","isPartOf":{"@id":"https:\/\/www.athena-cbh.com\/pl\/#website"},"primaryImageOfPage":{"@id":"https:\/\/www.athena-cbh.com\/pl\/hotel\/cechy-szczegolne\/#primaryimage"},"image":{"@id":"https:\/\/www.athena-cbh.com\/pl\/hotel\/cechy-szczegolne\/#primaryimage"},"thumbnailUrl":"https:\/\/www.athena-cbh.com\/app\/uploads\/sites\/20\/2020\/09\/8-ATHENA-BEACH-HOTEL-OUTDOOR-POOL-scaled.jpg","datePublished":"2024-07-22T14:19:38+00:00","dateModified":"2026-03-23T05:57:36+00:00","description":"Tutaj znajd\u0105 Pa\u0144stwo pe\u0142ne spektrum us\u0142ug i specjalnych funkcji oferowanych w hotelu Athena Beach w Pafos przez Constantinou Bros.","breadcrumb":{"@id":"https:\/\/www.athena-cbh.com\/pl\/hotel\/cechy-szczegolne\/#breadcrumb"},"inLanguage":"pl-PL","potentialAction":[{"@type":"ReadAction","target":["https:\/\/www.athena-cbh.com\/pl\/hotel\/cechy-szczegolne\/"]}]},{"@type":"ImageObject","inLanguage":"pl-PL","@id":"https:\/\/www.athena-cbh.com\/pl\/hotel\/cechy-szczegolne\/#primaryimage","url":"https:\/\/www.athena-cbh.com\/app\/uploads\/sites\/20\/2020\/09\/8-ATHENA-BEACH-HOTEL-OUTDOOR-POOL-scaled.jpg","contentUrl":"https:\/\/www.athena-cbh.com\/app\/uploads\/sites\/20\/2020\/09\/8-ATHENA-BEACH-HOTEL-OUTDOOR-POOL-scaled.jpg","width":2560,"height":1707},{"@type":"BreadcrumbList","@id":"https:\/\/www.athena-cbh.com\/pl\/hotel\/cechy-szczegolne\/#breadcrumb","itemListElement":[{"@type":"ListItem","position":1,"name":"Home","item":"https:\/\/www.athena-cbh.com\/pl\/"},{"@type":"ListItem","position":2,"name":"Hotel","item":"https:\/\/www.athena-cbh.com\/pl\/hotel\/"},{"@type":"ListItem","position":3,"name":"Cechy szczeg\u00f3lne"}]},{"@type":"WebSite","@id":"https:\/\/www.athena-cbh.com\/pl\/#website","url":"https:\/\/www.athena-cbh.com\/pl\/","name":"Athena Beach Hotel","description":"Constantinou Bros Athena Beach Hotel, 4 star hotel in Paphos Cyprus","potentialAction":[{"@type":"SearchAction","target":{"@type":"EntryPoint","urlTemplate":"https:\/\/www.athena-cbh.com\/pl\/?s={search_term_string}"},"query-input":{"@type":"PropertyValueSpecification","valueRequired":true,"valueName":"search_term_string"}}],"inLanguage":"pl-PL"}]}},"_links":{"self":[{"href":"https:\/\/www.athena-cbh.com\/pl\/wp-json\/wp\/v2\/pages\/18070","targetHints":{"allow":["GET"]}}],"collection":[{"href":"https:\/\/www.athena-cbh.com\/pl\/wp-json\/wp\/v2\/pages"}],"about":[{"href":"https:\/\/www.athena-cbh.com\/pl\/wp-json\/wp\/v2\/types\/page"}],"author":[{"embeddable":true,"href":"https:\/\/www.athena-cbh.com\/pl\/wp-json\/wp\/v2\/users\/12"}],"replies":[{"embeddable":true,"href":"https:\/\/www.athena-cbh.com\/pl\/wp-json\/wp\/v2\/comments?post=18070"}],"version-history":[{"count":1,"href":"https:\/\/www.athena-cbh.com\/pl\/wp-json\/wp\/v2\/pages\/18070\/revisions"}],"predecessor-version":[{"id":19023,"href":"https:\/\/www.athena-cbh.com\/pl\/wp-json\/wp\/v2\/pages\/18070\/revisions\/19023"}],"up":[{"embeddable":true,"href":"https:\/\/www.athena-cbh.com\/pl\/wp-json\/wp\/v2\/pages\/19018"}],"wp:featuredmedia":[{"embeddable":true,"href":"https:\/\/www.athena-cbh.com\/pl\/wp-json\/wp\/v2\/media\/19022"}],"wp:attachment":[{"href":"https:\/\/www.athena-cbh.com\/pl\/wp-json\/wp\/v2\/media?parent=18070"}],"curies":[{"name":"wp","href":"https:\/\/api.w.org\/{rel}","templated":true}]}}