{"id":22008,"date":"2025-04-10T15:01:30","date_gmt":"2025-04-10T12:01:30","guid":{"rendered":"https:\/\/www.athena-cbh.com\/faq\/"},"modified":"2025-07-14T15:43:24","modified_gmt":"2025-07-14T12:43:24","slug":"faq","status":"publish","type":"page","link":"https:\/\/www.athena-cbh.com\/it\/faq\/","title":{"rendered":"Domande frequenti"},"content":{"rendered":"<p>Qui trover\u00e0 informazioni utili per rendere il suo soggiorno pi\u00f9 confortevole e la sua pianificazione pi\u00f9 semplice. Se ha bisogno di ulteriore aiuto, non esiti a contattare il nostro team, saremo lieti di assisterla. <\/p>\n","protected":false},"excerpt":{"rendered":"<p>Qui trover\u00e0 informazioni utili per rendere il suo soggiorno pi\u00f9 confortevole e la sua pianificazione pi\u00f9 semplice. Se ha bisogno di ulteriore aiuto, non esiti a contattare il nostro team, saremo lieti di assisterla.<\/p>\n","protected":false},"author":129,"featured_media":0,"parent":0,"menu_order":0,"comment_status":"closed","ping_status":"closed","template":"page-templates\/faq.php","meta":{"_acf_changed":false,"footnotes":""},"class_list":["post-22008","page","type-page","status-publish","hentry"],"acf":[],"yoast_head":"<!-- This site is optimized with the Yoast SEO plugin v27.4 - https:\/\/yoast.com\/product\/yoast-seo-wordpress\/ -->\n<title>Constantinou Bros Athena Beach Hotel - FAQ&#039;s<\/title>\n<meta name=\"description\" content=\"Trovi le risposte alle domande pi\u00f9 comuni sui nostri servizi, sui processi e su cosa aspettarsi. Ottenga le informazioni di cui ha bisogno in modo semplice e veloce.\" \/>\n<meta name=\"robots\" content=\"index, follow, max-snippet:-1, max-image-preview:large, max-video-preview:-1\" \/>\n<link rel=\"canonical\" href=\"https:\/\/www.athena-cbh.com\/it\/faq\/\" \/>\n<meta property=\"og:locale\" content=\"it_IT\" \/>\n<meta property=\"og:type\" content=\"article\" \/>\n<meta property=\"og:title\" content=\"Constantinou Bros Athena Beach Hotel - FAQ&#039;s\" \/>\n<meta property=\"og:description\" content=\"Trovi le risposte alle domande pi\u00f9 comuni sui nostri servizi, sui processi e su cosa aspettarsi. Ottenga le informazioni di cui ha bisogno in modo semplice e veloce.\" \/>\n<meta property=\"og:url\" content=\"https:\/\/www.athena-cbh.com\/it\/faq\/\" \/>\n<meta property=\"og:site_name\" content=\"Athena Beach Hotel\" \/>\n<meta property=\"article:modified_time\" content=\"2025-07-14T12:43:24+00:00\" \/>\n<meta name=\"twitter:card\" content=\"summary_large_image\" \/>\n<meta name=\"twitter:label1\" content=\"Tempo di lettura stimato\" \/>\n\t<meta name=\"twitter:data1\" content=\"1 minuto\" \/>\n<script type=\"application\/ld+json\" class=\"yoast-schema-graph\">{\"@context\":\"https:\\\/\\\/schema.org\",\"@graph\":[{\"@type\":\"WebPage\",\"@id\":\"https:\\\/\\\/www.athena-cbh.com\\\/it\\\/faq\\\/\",\"url\":\"https:\\\/\\\/www.athena-cbh.com\\\/it\\\/faq\\\/\",\"name\":\"Constantinou Bros Athena Beach Hotel - FAQ's\",\"isPartOf\":{\"@id\":\"https:\\\/\\\/www.athena-cbh.com\\\/it\\\/#website\"},\"datePublished\":\"2025-04-10T12:01:30+00:00\",\"dateModified\":\"2025-07-14T12:43:24+00:00\",\"description\":\"Trovi le risposte alle domande pi\u00f9 comuni sui nostri servizi, sui processi e su cosa aspettarsi. Ottenga le informazioni di cui ha bisogno in modo semplice e veloce.\",\"breadcrumb\":{\"@id\":\"https:\\\/\\\/www.athena-cbh.com\\\/it\\\/faq\\\/#breadcrumb\"},\"inLanguage\":\"it-IT\",\"potentialAction\":[{\"@type\":\"ReadAction\",\"target\":[\"https:\\\/\\\/www.athena-cbh.com\\\/it\\\/faq\\\/\"]}]},{\"@type\":\"BreadcrumbList\",\"@id\":\"https:\\\/\\\/www.athena-cbh.com\\\/it\\\/faq\\\/#breadcrumb\",\"itemListElement\":[{\"@type\":\"ListItem\",\"position\":1,\"name\":\"Home\",\"item\":\"https:\\\/\\\/www.athena-cbh.com\\\/it\\\/\"},{\"@type\":\"ListItem\",\"position\":2,\"name\":\"Domande frequenti\"}]},{\"@type\":\"WebSite\",\"@id\":\"https:\\\/\\\/www.athena-cbh.com\\\/it\\\/#website\",\"url\":\"https:\\\/\\\/www.athena-cbh.com\\\/it\\\/\",\"name\":\"Athena Beach Hotel\",\"description\":\"Constantinou Bros Athena Beach Hotel, 4 star hotel in Paphos Cyprus\",\"potentialAction\":[{\"@type\":\"SearchAction\",\"target\":{\"@type\":\"EntryPoint\",\"urlTemplate\":\"https:\\\/\\\/www.athena-cbh.com\\\/it\\\/?s={search_term_string}\"},\"query-input\":{\"@type\":\"PropertyValueSpecification\",\"valueRequired\":true,\"valueName\":\"search_term_string\"}}],\"inLanguage\":\"it-IT\"}]}<\/script>\n<!-- \/ Yoast SEO plugin. -->","yoast_head_json":{"title":"Constantinou Bros Athena Beach Hotel - FAQ's","description":"Trovi le risposte alle domande pi\u00f9 comuni sui nostri servizi, sui processi e su cosa aspettarsi. Ottenga le informazioni di cui ha bisogno in modo semplice e veloce.","robots":{"index":"index","follow":"follow","max-snippet":"max-snippet:-1","max-image-preview":"max-image-preview:large","max-video-preview":"max-video-preview:-1"},"canonical":"https:\/\/www.athena-cbh.com\/it\/faq\/","og_locale":"it_IT","og_type":"article","og_title":"Constantinou Bros Athena Beach Hotel - FAQ's","og_description":"Trovi le risposte alle domande pi\u00f9 comuni sui nostri servizi, sui processi e su cosa aspettarsi. Ottenga le informazioni di cui ha bisogno in modo semplice e veloce.","og_url":"https:\/\/www.athena-cbh.com\/it\/faq\/","og_site_name":"Athena Beach Hotel","article_modified_time":"2025-07-14T12:43:24+00:00","twitter_card":"summary_large_image","twitter_misc":{"Tempo di lettura stimato":"1 minuto"},"schema":{"@context":"https:\/\/schema.org","@graph":[{"@type":"WebPage","@id":"https:\/\/www.athena-cbh.com\/it\/faq\/","url":"https:\/\/www.athena-cbh.com\/it\/faq\/","name":"Constantinou Bros Athena Beach Hotel - FAQ's","isPartOf":{"@id":"https:\/\/www.athena-cbh.com\/it\/#website"},"datePublished":"2025-04-10T12:01:30+00:00","dateModified":"2025-07-14T12:43:24+00:00","description":"Trovi le risposte alle domande pi\u00f9 comuni sui nostri servizi, sui processi e su cosa aspettarsi. Ottenga le informazioni di cui ha bisogno in modo semplice e veloce.","breadcrumb":{"@id":"https:\/\/www.athena-cbh.com\/it\/faq\/#breadcrumb"},"inLanguage":"it-IT","potentialAction":[{"@type":"ReadAction","target":["https:\/\/www.athena-cbh.com\/it\/faq\/"]}]},{"@type":"BreadcrumbList","@id":"https:\/\/www.athena-cbh.com\/it\/faq\/#breadcrumb","itemListElement":[{"@type":"ListItem","position":1,"name":"Home","item":"https:\/\/www.athena-cbh.com\/it\/"},{"@type":"ListItem","position":2,"name":"Domande frequenti"}]},{"@type":"WebSite","@id":"https:\/\/www.athena-cbh.com\/it\/#website","url":"https:\/\/www.athena-cbh.com\/it\/","name":"Athena Beach Hotel","description":"Constantinou Bros Athena Beach Hotel, 4 star hotel in Paphos Cyprus","potentialAction":[{"@type":"SearchAction","target":{"@type":"EntryPoint","urlTemplate":"https:\/\/www.athena-cbh.com\/it\/?s={search_term_string}"},"query-input":{"@type":"PropertyValueSpecification","valueRequired":true,"valueName":"search_term_string"}}],"inLanguage":"it-IT"}]}},"_links":{"self":[{"href":"https:\/\/www.athena-cbh.com\/it\/wp-json\/wp\/v2\/pages\/22008","targetHints":{"allow":["GET"]}}],"collection":[{"href":"https:\/\/www.athena-cbh.com\/it\/wp-json\/wp\/v2\/pages"}],"about":[{"href":"https:\/\/www.athena-cbh.com\/it\/wp-json\/wp\/v2\/types\/page"}],"author":[{"embeddable":true,"href":"https:\/\/www.athena-cbh.com\/it\/wp-json\/wp\/v2\/users\/129"}],"replies":[{"embeddable":true,"href":"https:\/\/www.athena-cbh.com\/it\/wp-json\/wp\/v2\/comments?post=22008"}],"version-history":[{"count":6,"href":"https:\/\/www.athena-cbh.com\/it\/wp-json\/wp\/v2\/pages\/22008\/revisions"}],"predecessor-version":[{"id":22290,"href":"https:\/\/www.athena-cbh.com\/it\/wp-json\/wp\/v2\/pages\/22008\/revisions\/22290"}],"wp:attachment":[{"href":"https:\/\/www.athena-cbh.com\/it\/wp-json\/wp\/v2\/media?parent=22008"}],"curies":[{"name":"wp","href":"https:\/\/api.w.org\/{rel}","templated":true}]}}