{"id":21107,"date":"2024-12-02T18:54:31","date_gmt":"2024-12-02T15:54:31","guid":{"rendered":"https:\/\/www.athena-cbh.com\/?page_id=21107"},"modified":"2024-12-23T12:17:12","modified_gmt":"2024-12-23T09:17:12","slug":"eventi-di-natale","status":"publish","type":"page","link":"https:\/\/www.athena-cbh.com\/it\/eventi-di-natale\/","title":{"rendered":"Eventi di Natale"},"content":{"rendered":"<p style=\"text-align: center;\">Il Constantinou Bros Athena Beach Hotel vi offre l&#8217;opportunit\u00e0 di vivere il Natale in modo<br \/>\ndi vivere il Natale in modo diverso a Cipro, con un programma di attivit\u00e0 attraente e<br \/>\nprogramma unico di attivit\u00e0 a cui tutta la famiglia pu\u00f2 partecipare.<br \/>\nGodetevi il nostro magnifico clima e trascorrete il Natale al sole,<br \/>\nrilassarsi in un hotel di lusso con un ambiente splendido, concedersi la<br \/>\ndi una delle migliori cucine cipriote e rendere questo Natale<br \/>\nun Natale che ricorderete per sempre.<\/p>\n<p style=\"text-align: center;\">Il programma alberghiero per questa speciale stagione di vacanze inizia il<br \/>\n22 dicembre 2024 e si protrae fino al 1\u00b0 gennaio 2025.<br \/>\n2025. Oltre a godere dei consueti servizi, che rendono l&#8217;hotel unico a Paphos, il programma<br \/>\nunico a Paphos, il programma vi riempir\u00e0 di uno spirito natalizio da vivere a<br \/>\ndi Natale da vivere a proprio piacimento e far\u00e0 in modo che questo Natale e Capodanno siano<br \/>\nCapodanno saranno indimenticabili.<\/p>\n<p style=\"text-align: center;\">Ci auguriamo che questo programma vi veda partecipare e godere di un periodo di feste molto<br \/>\nspeciale periodo di festa qui al Constantinou Bros.<br \/>\nAthena Beach Hotel.<\/p>\n","protected":false},"excerpt":{"rendered":"<p>Il Constantinou Bros Athena Beach Hotel vi offre l&#8217;opportunit\u00e0 di vivere il Natale in modo di vivere il Natale in modo diverso a Cipro, con un programma di attivit\u00e0 attraente e programma unico di attivit\u00e0 a cui tutta la famiglia pu\u00f2 partecipare. Godetevi il nostro magnifico clima e trascorrete il Natale al sole, rilassarsi in<\/p>\n","protected":false},"author":758,"featured_media":21024,"parent":0,"menu_order":0,"comment_status":"closed","ping_status":"closed","template":"page-templates\/christmas-events.php","meta":{"_acf_changed":false,"footnotes":""},"class_list":["post-21107","page","type-page","status-publish","has-post-thumbnail","hentry"],"acf":[],"yoast_head":"<!-- This site is optimized with the Yoast SEO plugin v27.4 - https:\/\/yoast.com\/product\/yoast-seo-wordpress\/ -->\n<title>Eventi di Natale - Athena Beach Hotel<\/title>\n<meta name=\"robots\" content=\"index, follow, max-snippet:-1, max-image-preview:large, max-video-preview:-1\" \/>\n<link rel=\"canonical\" href=\"https:\/\/www.athena-cbh.com\/it\/eventi-di-natale\/\" \/>\n<meta property=\"og:locale\" content=\"it_IT\" \/>\n<meta property=\"og:type\" content=\"article\" \/>\n<meta property=\"og:title\" content=\"Eventi di Natale - Athena Beach Hotel\" \/>\n<meta property=\"og:description\" content=\"Il Constantinou Bros Athena Beach Hotel vi offre l&#8217;opportunit\u00e0 di vivere il Natale in modo di vivere il Natale in modo diverso a Cipro, con un programma di attivit\u00e0 attraente e programma unico di attivit\u00e0 a cui tutta la famiglia pu\u00f2 partecipare. Godetevi il nostro magnifico clima e trascorrete il Natale al sole, rilassarsi in\" \/>\n<meta property=\"og:url\" content=\"https:\/\/www.athena-cbh.com\/it\/eventi-di-natale\/\" \/>\n<meta property=\"og:site_name\" content=\"Athena Beach Hotel\" \/>\n<meta property=\"article:modified_time\" content=\"2024-12-23T09:17:12+00:00\" \/>\n<meta property=\"og:image\" content=\"https:\/\/www.athena-cbh.com\/app\/uploads\/sites\/20\/2024\/12\/christmas-events.jpg\" \/>\n\t<meta property=\"og:image:width\" content=\"1902\" \/>\n\t<meta property=\"og:image:height\" content=\"782\" \/>\n\t<meta property=\"og:image:type\" content=\"image\/jpeg\" \/>\n<meta name=\"twitter:card\" content=\"summary_large_image\" \/>\n<meta name=\"twitter:label1\" content=\"Tempo di lettura stimato\" \/>\n\t<meta name=\"twitter:data1\" content=\"1 minuto\" \/>\n<script type=\"application\/ld+json\" class=\"yoast-schema-graph\">{\"@context\":\"https:\\\/\\\/schema.org\",\"@graph\":[{\"@type\":\"WebPage\",\"@id\":\"https:\\\/\\\/www.athena-cbh.com\\\/it\\\/eventi-di-natale\\\/\",\"url\":\"https:\\\/\\\/www.athena-cbh.com\\\/it\\\/eventi-di-natale\\\/\",\"name\":\"Eventi di Natale - Athena Beach Hotel\",\"isPartOf\":{\"@id\":\"https:\\\/\\\/www.athena-cbh.com\\\/it\\\/#website\"},\"primaryImageOfPage\":{\"@id\":\"https:\\\/\\\/www.athena-cbh.com\\\/it\\\/eventi-di-natale\\\/#primaryimage\"},\"image\":{\"@id\":\"https:\\\/\\\/www.athena-cbh.com\\\/it\\\/eventi-di-natale\\\/#primaryimage\"},\"thumbnailUrl\":\"https:\\\/\\\/www.athena-cbh.com\\\/app\\\/uploads\\\/sites\\\/20\\\/2024\\\/12\\\/christmas-events.jpg\",\"datePublished\":\"2024-12-02T15:54:31+00:00\",\"dateModified\":\"2024-12-23T09:17:12+00:00\",\"breadcrumb\":{\"@id\":\"https:\\\/\\\/www.athena-cbh.com\\\/it\\\/eventi-di-natale\\\/#breadcrumb\"},\"inLanguage\":\"it-IT\",\"potentialAction\":[{\"@type\":\"ReadAction\",\"target\":[\"https:\\\/\\\/www.athena-cbh.com\\\/it\\\/eventi-di-natale\\\/\"]}]},{\"@type\":\"ImageObject\",\"inLanguage\":\"it-IT\",\"@id\":\"https:\\\/\\\/www.athena-cbh.com\\\/it\\\/eventi-di-natale\\\/#primaryimage\",\"url\":\"https:\\\/\\\/www.athena-cbh.com\\\/app\\\/uploads\\\/sites\\\/20\\\/2024\\\/12\\\/christmas-events.jpg\",\"contentUrl\":\"https:\\\/\\\/www.athena-cbh.com\\\/app\\\/uploads\\\/sites\\\/20\\\/2024\\\/12\\\/christmas-events.jpg\",\"width\":1902,\"height\":782},{\"@type\":\"BreadcrumbList\",\"@id\":\"https:\\\/\\\/www.athena-cbh.com\\\/it\\\/eventi-di-natale\\\/#breadcrumb\",\"itemListElement\":[{\"@type\":\"ListItem\",\"position\":1,\"name\":\"Home\",\"item\":\"https:\\\/\\\/www.athena-cbh.com\\\/it\\\/\"},{\"@type\":\"ListItem\",\"position\":2,\"name\":\"Eventi di Natale\"}]},{\"@type\":\"WebSite\",\"@id\":\"https:\\\/\\\/www.athena-cbh.com\\\/it\\\/#website\",\"url\":\"https:\\\/\\\/www.athena-cbh.com\\\/it\\\/\",\"name\":\"Athena Beach Hotel\",\"description\":\"Constantinou Bros Athena Beach Hotel, 4 star hotel in Paphos Cyprus\",\"potentialAction\":[{\"@type\":\"SearchAction\",\"target\":{\"@type\":\"EntryPoint\",\"urlTemplate\":\"https:\\\/\\\/www.athena-cbh.com\\\/it\\\/?s={search_term_string}\"},\"query-input\":{\"@type\":\"PropertyValueSpecification\",\"valueRequired\":true,\"valueName\":\"search_term_string\"}}],\"inLanguage\":\"it-IT\"}]}<\/script>\n<!-- \/ Yoast SEO plugin. -->","yoast_head_json":{"title":"Eventi di Natale - Athena Beach Hotel","robots":{"index":"index","follow":"follow","max-snippet":"max-snippet:-1","max-image-preview":"max-image-preview:large","max-video-preview":"max-video-preview:-1"},"canonical":"https:\/\/www.athena-cbh.com\/it\/eventi-di-natale\/","og_locale":"it_IT","og_type":"article","og_title":"Eventi di Natale - Athena Beach Hotel","og_description":"Il Constantinou Bros Athena Beach Hotel vi offre l&#8217;opportunit\u00e0 di vivere il Natale in modo di vivere il Natale in modo diverso a Cipro, con un programma di attivit\u00e0 attraente e programma unico di attivit\u00e0 a cui tutta la famiglia pu\u00f2 partecipare. Godetevi il nostro magnifico clima e trascorrete il Natale al sole, rilassarsi in","og_url":"https:\/\/www.athena-cbh.com\/it\/eventi-di-natale\/","og_site_name":"Athena Beach Hotel","article_modified_time":"2024-12-23T09:17:12+00:00","og_image":[{"width":1902,"height":782,"url":"https:\/\/www.athena-cbh.com\/app\/uploads\/sites\/20\/2024\/12\/christmas-events.jpg","type":"image\/jpeg"}],"twitter_card":"summary_large_image","twitter_misc":{"Tempo di lettura stimato":"1 minuto"},"schema":{"@context":"https:\/\/schema.org","@graph":[{"@type":"WebPage","@id":"https:\/\/www.athena-cbh.com\/it\/eventi-di-natale\/","url":"https:\/\/www.athena-cbh.com\/it\/eventi-di-natale\/","name":"Eventi di Natale - Athena Beach Hotel","isPartOf":{"@id":"https:\/\/www.athena-cbh.com\/it\/#website"},"primaryImageOfPage":{"@id":"https:\/\/www.athena-cbh.com\/it\/eventi-di-natale\/#primaryimage"},"image":{"@id":"https:\/\/www.athena-cbh.com\/it\/eventi-di-natale\/#primaryimage"},"thumbnailUrl":"https:\/\/www.athena-cbh.com\/app\/uploads\/sites\/20\/2024\/12\/christmas-events.jpg","datePublished":"2024-12-02T15:54:31+00:00","dateModified":"2024-12-23T09:17:12+00:00","breadcrumb":{"@id":"https:\/\/www.athena-cbh.com\/it\/eventi-di-natale\/#breadcrumb"},"inLanguage":"it-IT","potentialAction":[{"@type":"ReadAction","target":["https:\/\/www.athena-cbh.com\/it\/eventi-di-natale\/"]}]},{"@type":"ImageObject","inLanguage":"it-IT","@id":"https:\/\/www.athena-cbh.com\/it\/eventi-di-natale\/#primaryimage","url":"https:\/\/www.athena-cbh.com\/app\/uploads\/sites\/20\/2024\/12\/christmas-events.jpg","contentUrl":"https:\/\/www.athena-cbh.com\/app\/uploads\/sites\/20\/2024\/12\/christmas-events.jpg","width":1902,"height":782},{"@type":"BreadcrumbList","@id":"https:\/\/www.athena-cbh.com\/it\/eventi-di-natale\/#breadcrumb","itemListElement":[{"@type":"ListItem","position":1,"name":"Home","item":"https:\/\/www.athena-cbh.com\/it\/"},{"@type":"ListItem","position":2,"name":"Eventi di Natale"}]},{"@type":"WebSite","@id":"https:\/\/www.athena-cbh.com\/it\/#website","url":"https:\/\/www.athena-cbh.com\/it\/","name":"Athena Beach Hotel","description":"Constantinou Bros Athena Beach Hotel, 4 star hotel in Paphos Cyprus","potentialAction":[{"@type":"SearchAction","target":{"@type":"EntryPoint","urlTemplate":"https:\/\/www.athena-cbh.com\/it\/?s={search_term_string}"},"query-input":{"@type":"PropertyValueSpecification","valueRequired":true,"valueName":"search_term_string"}}],"inLanguage":"it-IT"}]}},"_links":{"self":[{"href":"https:\/\/www.athena-cbh.com\/it\/wp-json\/wp\/v2\/pages\/21107","targetHints":{"allow":["GET"]}}],"collection":[{"href":"https:\/\/www.athena-cbh.com\/it\/wp-json\/wp\/v2\/pages"}],"about":[{"href":"https:\/\/www.athena-cbh.com\/it\/wp-json\/wp\/v2\/types\/page"}],"author":[{"embeddable":true,"href":"https:\/\/www.athena-cbh.com\/it\/wp-json\/wp\/v2\/users\/758"}],"replies":[{"embeddable":true,"href":"https:\/\/www.athena-cbh.com\/it\/wp-json\/wp\/v2\/comments?post=21107"}],"version-history":[{"count":4,"href":"https:\/\/www.athena-cbh.com\/it\/wp-json\/wp\/v2\/pages\/21107\/revisions"}],"predecessor-version":[{"id":21565,"href":"https:\/\/www.athena-cbh.com\/it\/wp-json\/wp\/v2\/pages\/21107\/revisions\/21565"}],"wp:featuredmedia":[{"embeddable":true,"href":"https:\/\/www.athena-cbh.com\/it\/wp-json\/wp\/v2\/media\/21024"}],"wp:attachment":[{"href":"https:\/\/www.athena-cbh.com\/it\/wp-json\/wp\/v2\/media?parent=21107"}],"curies":[{"name":"wp","href":"https:\/\/api.w.org\/{rel}","templated":true}]}}