{"id":12372,"date":"2022-07-11T13:36:40","date_gmt":"2022-07-11T10:36:40","guid":{"rendered":"https:\/\/www.athena-cbh.com\/wedding-package\/"},"modified":"2025-07-14T15:34:25","modified_gmt":"2025-07-14T12:34:25","slug":"wedding-package","status":"publish","type":"page","link":"https:\/\/www.athena-cbh.com\/it\/weddings\/wedding-package\/","title":{"rendered":"Pacchetto matrimonio"},"content":{"rendered":"<h1 class=\"home-pages-title title-size text-center pt-5 font-regular\">Approfitti dei vantaggi dei nostri pacchetti matrimonio a Paphos sulla spiaggia<\/h1>\n<p>&nbsp;<\/p>\n<p>Il nostro team la aiuter\u00e0 a organizzare il suo giorno speciale. Se optate per quest&#8217;ultima soluzione, ma non vi piace la tradizionale sala comunale, potete scegliere tra la nostra location sulla spiaggia o il nostro gazebo immerso nei rigogliosi giardini dell&#8217;hotel.<\/p>\n<p>Il pacchetto matrimonio gratuito del Constantinou Bros Athena Beach Hotel comprende quanto segue:<\/p>\n<ul>\n<li>Se l&#8217;intero gruppo di sposi, con un minimo di 10 camere (per i matrimoni pi\u00f9 grandi), soggiorna all&#8217;interno del Gruppo Constantinou Bros Hotels, la cerimonia di nozze nel Gazebo Adonis sar\u00e0 offerta gratuitamente con un risparmio di 290,00 euro. Con un allestimento di 20 persone (le persone in pi\u00f9 avranno un costo aggiuntivo).<\/li>\n<li>Upgrade gratuito della camera per la coppia di sposi (soggetto a disponibilit\u00e0 per la categoria di camera successiva fino a superior vista mare).<\/li>\n<li>Colazione a letto in omaggio con un bicchiere di bollicine per gli sposi la mattina dopo il matrimonio.<\/li>\n<li>Una cena a lume di candela per gli sposi (cena completa servita in un ristorante \u00e0 la carte).<\/li>\n<li>Vino e frutta all&#8217;arrivo.<\/li>\n<li>Sauna e bagno turco gratuiti.<\/li>\n<li>Visita ispettiva prima del matrimonio; due giorni di soggiorno gratuito presso l&#8217;Athena Beach Hotel per gli sposi; il matrimonio deve essere gi\u00e0 prenotato con l&#8217;hotel e i 2 giorni non possono essere aggiunti al soggiorno effettivo del matrimonio. Condizioni di soggiorno camera standard vista terra in pernottamento e prima colazione. <\/li>\n<\/ul>\n<p>&nbsp;<\/p>\n","protected":false},"excerpt":{"rendered":"<p>Approfitti dei vantaggi dei nostri pacchetti matrimonio a Paphos sulla spiaggia &nbsp; Il nostro team la aiuter\u00e0 a organizzare il suo giorno speciale. Se optate per quest&#8217;ultima soluzione, ma non vi piace la tradizionale sala comunale, potete scegliere tra la nostra location sulla spiaggia o il nostro gazebo immerso nei rigogliosi giardini dell&#8217;hotel. Il pacchetto<\/p>\n","protected":false},"author":9,"featured_media":22079,"parent":12397,"menu_order":0,"comment_status":"closed","ping_status":"closed","template":"","meta":{"_acf_changed":false,"footnotes":""},"class_list":["post-12372","page","type-page","status-publish","has-post-thumbnail","hentry"],"acf":[],"yoast_head":"<!-- This site is optimized with the Yoast SEO plugin v27.5 - https:\/\/yoast.com\/product\/yoast-seo-wordpress\/ -->\n<title>Pacchetti per matrimoni sulla spiaggia di Paphos || Athena Beach Hotel<\/title>\n<meta name=\"description\" content=\"Approfittate dei numerosi vantaggi dei nostri pacchetti matrimonio a Paphos presso l&#039;Athena Beach Hotel, che offre un&#039;ambientazione idilliaca di fronte alla spiaggia e un risparmio quando gli ospiti soggiornano presso di noi.\" \/>\n<meta name=\"robots\" content=\"index, follow, max-snippet:-1, max-image-preview:large, max-video-preview:-1\" \/>\n<link rel=\"canonical\" href=\"https:\/\/www.athena-cbh.com\/it\/weddings\/wedding-package\/\" \/>\n<meta property=\"og:locale\" content=\"it_IT\" \/>\n<meta property=\"og:type\" content=\"article\" \/>\n<meta property=\"og:title\" content=\"Pacchetti per matrimoni sulla spiaggia di Paphos || Athena Beach Hotel\" \/>\n<meta property=\"og:description\" content=\"Approfittate dei numerosi vantaggi dei nostri pacchetti matrimonio a Paphos presso l&#039;Athena Beach Hotel, che offre un&#039;ambientazione idilliaca di fronte alla spiaggia e un risparmio quando gli ospiti soggiornano presso di noi.\" \/>\n<meta property=\"og:url\" content=\"https:\/\/www.athena-cbh.com\/it\/weddings\/wedding-package\/\" \/>\n<meta property=\"og:site_name\" content=\"Athena Beach Hotel\" \/>\n<meta property=\"article:modified_time\" content=\"2025-07-14T12:34:25+00:00\" \/>\n<meta property=\"og:image\" content=\"https:\/\/www.athena-cbh.com\/app\/uploads\/sites\/20\/2025\/05\/398-e1747894948120.png\" \/>\n\t<meta property=\"og:image:width\" content=\"800\" \/>\n\t<meta property=\"og:image:height\" content=\"533\" \/>\n\t<meta property=\"og:image:type\" content=\"image\/png\" \/>\n<meta name=\"twitter:card\" content=\"summary_large_image\" \/>\n<meta name=\"twitter:label1\" content=\"Tempo di lettura stimato\" \/>\n\t<meta name=\"twitter:data1\" content=\"2 minuti\" \/>\n<script type=\"application\/ld+json\" class=\"yoast-schema-graph\">{\"@context\":\"https:\\\/\\\/schema.org\",\"@graph\":[{\"@type\":\"WebPage\",\"@id\":\"https:\\\/\\\/www.athena-cbh.com\\\/it\\\/weddings\\\/wedding-package\\\/\",\"url\":\"https:\\\/\\\/www.athena-cbh.com\\\/it\\\/weddings\\\/wedding-package\\\/\",\"name\":\"Pacchetti per matrimoni sulla spiaggia di Paphos || Athena Beach Hotel\",\"isPartOf\":{\"@id\":\"https:\\\/\\\/www.athena-cbh.com\\\/it\\\/#website\"},\"primaryImageOfPage\":{\"@id\":\"https:\\\/\\\/www.athena-cbh.com\\\/it\\\/weddings\\\/wedding-package\\\/#primaryimage\"},\"image\":{\"@id\":\"https:\\\/\\\/www.athena-cbh.com\\\/it\\\/weddings\\\/wedding-package\\\/#primaryimage\"},\"thumbnailUrl\":\"https:\\\/\\\/www.athena-cbh.com\\\/app\\\/uploads\\\/sites\\\/20\\\/2025\\\/05\\\/398-e1747894948120.png\",\"datePublished\":\"2022-07-11T10:36:40+00:00\",\"dateModified\":\"2025-07-14T12:34:25+00:00\",\"description\":\"Approfittate dei numerosi vantaggi dei nostri pacchetti matrimonio a Paphos presso l'Athena Beach Hotel, che offre un'ambientazione idilliaca di fronte alla spiaggia e un risparmio quando gli ospiti soggiornano presso di noi.\",\"breadcrumb\":{\"@id\":\"https:\\\/\\\/www.athena-cbh.com\\\/it\\\/weddings\\\/wedding-package\\\/#breadcrumb\"},\"inLanguage\":\"it-IT\",\"potentialAction\":[{\"@type\":\"ReadAction\",\"target\":[\"https:\\\/\\\/www.athena-cbh.com\\\/it\\\/weddings\\\/wedding-package\\\/\"]}]},{\"@type\":\"ImageObject\",\"inLanguage\":\"it-IT\",\"@id\":\"https:\\\/\\\/www.athena-cbh.com\\\/it\\\/weddings\\\/wedding-package\\\/#primaryimage\",\"url\":\"https:\\\/\\\/www.athena-cbh.com\\\/app\\\/uploads\\\/sites\\\/20\\\/2025\\\/05\\\/398-e1747894948120.png\",\"contentUrl\":\"https:\\\/\\\/www.athena-cbh.com\\\/app\\\/uploads\\\/sites\\\/20\\\/2025\\\/05\\\/398-e1747894948120.png\",\"width\":800,\"height\":533},{\"@type\":\"BreadcrumbList\",\"@id\":\"https:\\\/\\\/www.athena-cbh.com\\\/it\\\/weddings\\\/wedding-package\\\/#breadcrumb\",\"itemListElement\":[{\"@type\":\"ListItem\",\"position\":1,\"name\":\"Home\",\"item\":\"https:\\\/\\\/www.athena-cbh.com\\\/it\\\/\"},{\"@type\":\"ListItem\",\"position\":2,\"name\":\"Matrimoni\",\"item\":\"https:\\\/\\\/www.athena-cbh.com\\\/it\\\/weddings\\\/\"},{\"@type\":\"ListItem\",\"position\":3,\"name\":\"Pacchetto matrimonio\"}]},{\"@type\":\"WebSite\",\"@id\":\"https:\\\/\\\/www.athena-cbh.com\\\/it\\\/#website\",\"url\":\"https:\\\/\\\/www.athena-cbh.com\\\/it\\\/\",\"name\":\"Athena Beach Hotel\",\"description\":\"Constantinou Bros Athena Beach Hotel, 4 star hotel in Paphos Cyprus\",\"potentialAction\":[{\"@type\":\"SearchAction\",\"target\":{\"@type\":\"EntryPoint\",\"urlTemplate\":\"https:\\\/\\\/www.athena-cbh.com\\\/it\\\/?s={search_term_string}\"},\"query-input\":{\"@type\":\"PropertyValueSpecification\",\"valueRequired\":true,\"valueName\":\"search_term_string\"}}],\"inLanguage\":\"it-IT\"}]}<\/script>\n<!-- \/ Yoast SEO plugin. -->","yoast_head_json":{"title":"Pacchetti per matrimoni sulla spiaggia di Paphos || Athena Beach Hotel","description":"Approfittate dei numerosi vantaggi dei nostri pacchetti matrimonio a Paphos presso l'Athena Beach Hotel, che offre un'ambientazione idilliaca di fronte alla spiaggia e un risparmio quando gli ospiti soggiornano presso di noi.","robots":{"index":"index","follow":"follow","max-snippet":"max-snippet:-1","max-image-preview":"max-image-preview:large","max-video-preview":"max-video-preview:-1"},"canonical":"https:\/\/www.athena-cbh.com\/it\/weddings\/wedding-package\/","og_locale":"it_IT","og_type":"article","og_title":"Pacchetti per matrimoni sulla spiaggia di Paphos || Athena Beach Hotel","og_description":"Approfittate dei numerosi vantaggi dei nostri pacchetti matrimonio a Paphos presso l'Athena Beach Hotel, che offre un'ambientazione idilliaca di fronte alla spiaggia e un risparmio quando gli ospiti soggiornano presso di noi.","og_url":"https:\/\/www.athena-cbh.com\/it\/weddings\/wedding-package\/","og_site_name":"Athena Beach Hotel","article_modified_time":"2025-07-14T12:34:25+00:00","og_image":[{"width":800,"height":533,"url":"https:\/\/www.athena-cbh.com\/app\/uploads\/sites\/20\/2025\/05\/398-e1747894948120.png","type":"image\/png"}],"twitter_card":"summary_large_image","twitter_misc":{"Tempo di lettura stimato":"2 minuti"},"schema":{"@context":"https:\/\/schema.org","@graph":[{"@type":"WebPage","@id":"https:\/\/www.athena-cbh.com\/it\/weddings\/wedding-package\/","url":"https:\/\/www.athena-cbh.com\/it\/weddings\/wedding-package\/","name":"Pacchetti per matrimoni sulla spiaggia di Paphos || Athena Beach Hotel","isPartOf":{"@id":"https:\/\/www.athena-cbh.com\/it\/#website"},"primaryImageOfPage":{"@id":"https:\/\/www.athena-cbh.com\/it\/weddings\/wedding-package\/#primaryimage"},"image":{"@id":"https:\/\/www.athena-cbh.com\/it\/weddings\/wedding-package\/#primaryimage"},"thumbnailUrl":"https:\/\/www.athena-cbh.com\/app\/uploads\/sites\/20\/2025\/05\/398-e1747894948120.png","datePublished":"2022-07-11T10:36:40+00:00","dateModified":"2025-07-14T12:34:25+00:00","description":"Approfittate dei numerosi vantaggi dei nostri pacchetti matrimonio a Paphos presso l'Athena Beach Hotel, che offre un'ambientazione idilliaca di fronte alla spiaggia e un risparmio quando gli ospiti soggiornano presso di noi.","breadcrumb":{"@id":"https:\/\/www.athena-cbh.com\/it\/weddings\/wedding-package\/#breadcrumb"},"inLanguage":"it-IT","potentialAction":[{"@type":"ReadAction","target":["https:\/\/www.athena-cbh.com\/it\/weddings\/wedding-package\/"]}]},{"@type":"ImageObject","inLanguage":"it-IT","@id":"https:\/\/www.athena-cbh.com\/it\/weddings\/wedding-package\/#primaryimage","url":"https:\/\/www.athena-cbh.com\/app\/uploads\/sites\/20\/2025\/05\/398-e1747894948120.png","contentUrl":"https:\/\/www.athena-cbh.com\/app\/uploads\/sites\/20\/2025\/05\/398-e1747894948120.png","width":800,"height":533},{"@type":"BreadcrumbList","@id":"https:\/\/www.athena-cbh.com\/it\/weddings\/wedding-package\/#breadcrumb","itemListElement":[{"@type":"ListItem","position":1,"name":"Home","item":"https:\/\/www.athena-cbh.com\/it\/"},{"@type":"ListItem","position":2,"name":"Matrimoni","item":"https:\/\/www.athena-cbh.com\/it\/weddings\/"},{"@type":"ListItem","position":3,"name":"Pacchetto matrimonio"}]},{"@type":"WebSite","@id":"https:\/\/www.athena-cbh.com\/it\/#website","url":"https:\/\/www.athena-cbh.com\/it\/","name":"Athena Beach Hotel","description":"Constantinou Bros Athena Beach Hotel, 4 star hotel in Paphos Cyprus","potentialAction":[{"@type":"SearchAction","target":{"@type":"EntryPoint","urlTemplate":"https:\/\/www.athena-cbh.com\/it\/?s={search_term_string}"},"query-input":{"@type":"PropertyValueSpecification","valueRequired":true,"valueName":"search_term_string"}}],"inLanguage":"it-IT"}]}},"_links":{"self":[{"href":"https:\/\/www.athena-cbh.com\/it\/wp-json\/wp\/v2\/pages\/12372","targetHints":{"allow":["GET"]}}],"collection":[{"href":"https:\/\/www.athena-cbh.com\/it\/wp-json\/wp\/v2\/pages"}],"about":[{"href":"https:\/\/www.athena-cbh.com\/it\/wp-json\/wp\/v2\/types\/page"}],"author":[{"embeddable":true,"href":"https:\/\/www.athena-cbh.com\/it\/wp-json\/wp\/v2\/users\/9"}],"replies":[{"embeddable":true,"href":"https:\/\/www.athena-cbh.com\/it\/wp-json\/wp\/v2\/comments?post=12372"}],"version-history":[{"count":6,"href":"https:\/\/www.athena-cbh.com\/it\/wp-json\/wp\/v2\/pages\/12372\/revisions"}],"predecessor-version":[{"id":22285,"href":"https:\/\/www.athena-cbh.com\/it\/wp-json\/wp\/v2\/pages\/12372\/revisions\/22285"}],"up":[{"embeddable":true,"href":"https:\/\/www.athena-cbh.com\/it\/wp-json\/wp\/v2\/pages\/12397"}],"wp:featuredmedia":[{"embeddable":true,"href":"https:\/\/www.athena-cbh.com\/it\/wp-json\/wp\/v2\/media\/22079"}],"wp:attachment":[{"href":"https:\/\/www.athena-cbh.com\/it\/wp-json\/wp\/v2\/media?parent=12372"}],"curies":[{"name":"wp","href":"https:\/\/api.w.org\/{rel}","templated":true}]}}