{"id":12367,"date":"2022-07-11T13:36:03","date_gmt":"2022-07-11T10:36:03","guid":{"rendered":"https:\/\/www.athena-cbh.com\/wedding-reception\/"},"modified":"2025-07-14T15:34:13","modified_gmt":"2025-07-14T12:34:13","slug":"wedding-reception","status":"publish","type":"page","link":"https:\/\/www.athena-cbh.com\/it\/weddings\/wedding-reception\/","title":{"rendered":"Ricevimento di nozze"},"content":{"rendered":"<h1 class=\"home-pages-title title-size text-center pt-5 font-regular\">Idilliache location per ricevimenti nuziali a Paphos sulla spiaggia<\/h1>\n<p>&nbsp;<\/p>\n<p><strong>Ricevimenti e cene di nozze <\/strong><\/p>\n<p>Dalla vostra richiesta iniziale siamo qui per aiutarvi a scegliere l&#8217;ambientazione perfetta, il tema del vostro matrimonio, i fiori, la fotografia, i consigli sulla disposizione dei posti a sedere, la cena di nozze perfetta e, naturalmente, l&#8217;intrattenimento serale per voi e i vostri ospiti.<\/p>\n<p>Perch\u00e9 non organizzare la cena di nozze all&#8217;aperto guardando il tramonto? Per le feste pi\u00f9 piccole, prenotate il nostro ristorante \u00e0 la carte e godetevi una cena raffinata.<\/p>\n<p>Per rendere il giorno del vostro matrimonio ancora pi\u00f9 memorabile, i nostri Executive Chef hanno preparato per voi una superba scelta di cene di gala tra cui scegliere, tutte di 4 portate. Abbiamo anche una selezione di cene con barbecue tra cui scegliere, con il nostro chef alla griglia che cucina davanti a voi mentre vi godete il tramonto.<\/p>\n<p>Abbiamo anche un&#8217;eccellente scelta di bomboniere, decorazioni per i tavoli e allestimenti di fiori freschi per completare la vostra combinazione di colori e perch\u00e9 non stupire i vostri ospiti con le nostre lettere d&#8217;amore di 4 piedi o il cuore di 8 piedi, che costituisce una meravigliosa opportunit\u00e0 fotografica per voi e per tutti i vostri ospiti.<\/p>\n<p>Tutti i prezzi sono disponibili su richiesta.<\/p>\n<p>&nbsp;<\/p>\n<p><strong>Ricevimenti con bevande<\/strong><\/p>\n<p>I nostri responsabili delle bevande hanno preparato per voi una scelta di bevande da offrire ai vostri ospiti dopo la cerimonia. Perch\u00e9 non sorseggiare un bicchiere di champagne ghiacciato mentre chiacchierate con i vostri ospiti affacciati sul nostro splendido giardino paesaggistico, o offrire ai vostri ospiti la loro scelta da dietro il bar con una selezione di baldacchini.<\/p>\n<p>Prezzi disponibili su richiesta.<\/p>\n<p>Nessun altro giorno pu\u00f2 competere con il giorno del vostro matrimonio, il giorno pi\u00f9 romantico e speciale di tutta la vostra vita!<\/p>\n<p>Con l&#8217;aiuto di Constantinou Bros Hotels il vostro matrimonio potr\u00e0 eccellere al di l\u00e0 dei vostri sogni pi\u00f9 sfrenati! Riuscite a immaginare qualcosa di pi\u00f9 idilliaco di una cerimonia nei nostri splendidi giardini con vista sul luccicante Mar Mediterraneo? O scambiarvi i voti nel tradizionale municipio di Pafos? E dove festeggiare le nozze con la famiglia e gli amici meglio dell&#8217;Athena Beach Hotel, un albergo a quattro stelle.<\/p>\n","protected":false},"excerpt":{"rendered":"<p>Idilliache location per ricevimenti nuziali a Paphos sulla spiaggia &nbsp; Ricevimenti e cene di nozze Dalla vostra richiesta iniziale siamo qui per aiutarvi a scegliere l&#8217;ambientazione perfetta, il tema del vostro matrimonio, i fiori, la fotografia, i consigli sulla disposizione dei posti a sedere, la cena di nozze perfetta e, naturalmente, l&#8217;intrattenimento serale per voi<\/p>\n","protected":false},"author":9,"featured_media":22149,"parent":12397,"menu_order":0,"comment_status":"closed","ping_status":"closed","template":"","meta":{"_acf_changed":false,"footnotes":""},"class_list":["post-12367","page","type-page","status-publish","has-post-thumbnail","hentry"],"acf":[],"yoast_head":"<!-- This site is optimized with the Yoast SEO plugin v27.5 - https:\/\/yoast.com\/product\/yoast-seo-wordpress\/ -->\n<title>Le migliori location per ricevimenti di nozze a Paphos || Athena Beach Hotel<\/title>\n<meta name=\"description\" content=\"L&#039;Athena Beach Hotel dispone di una delle migliori location per ricevimenti di nozze a Paphos, con la possibilit\u00e0 di creare l&#039;allestimento scenografico che avete sempre immaginato.\" \/>\n<meta name=\"robots\" content=\"index, follow, max-snippet:-1, max-image-preview:large, max-video-preview:-1\" \/>\n<link rel=\"canonical\" href=\"https:\/\/www.athena-cbh.com\/it\/weddings\/wedding-reception\/\" \/>\n<meta property=\"og:locale\" content=\"it_IT\" \/>\n<meta property=\"og:type\" content=\"article\" \/>\n<meta property=\"og:title\" content=\"Le migliori location per ricevimenti di nozze a Paphos || Athena Beach Hotel\" \/>\n<meta property=\"og:description\" content=\"L&#039;Athena Beach Hotel dispone di una delle migliori location per ricevimenti di nozze a Paphos, con la possibilit\u00e0 di creare l&#039;allestimento scenografico che avete sempre immaginato.\" \/>\n<meta property=\"og:url\" content=\"https:\/\/www.athena-cbh.com\/it\/weddings\/wedding-reception\/\" \/>\n<meta property=\"og:site_name\" content=\"Athena Beach Hotel\" \/>\n<meta property=\"article:modified_time\" content=\"2025-07-14T12:34:13+00:00\" \/>\n<meta property=\"og:image\" content=\"https:\/\/www.athena-cbh.com\/app\/uploads\/sites\/20\/2025\/05\/1082-1-scaled-e1747987737630.jpg\" \/>\n\t<meta property=\"og:image:width\" content=\"2560\" \/>\n\t<meta property=\"og:image:height\" content=\"1707\" \/>\n\t<meta property=\"og:image:type\" content=\"image\/jpeg\" \/>\n<meta name=\"twitter:card\" content=\"summary_large_image\" \/>\n<meta name=\"twitter:label1\" content=\"Tempo di lettura stimato\" \/>\n\t<meta name=\"twitter:data1\" content=\"2 minuti\" \/>\n<script type=\"application\/ld+json\" class=\"yoast-schema-graph\">{\"@context\":\"https:\\\/\\\/schema.org\",\"@graph\":[{\"@type\":\"WebPage\",\"@id\":\"https:\\\/\\\/www.athena-cbh.com\\\/it\\\/weddings\\\/wedding-reception\\\/\",\"url\":\"https:\\\/\\\/www.athena-cbh.com\\\/it\\\/weddings\\\/wedding-reception\\\/\",\"name\":\"Le migliori location per ricevimenti di nozze a Paphos || Athena Beach Hotel\",\"isPartOf\":{\"@id\":\"https:\\\/\\\/www.athena-cbh.com\\\/it\\\/#website\"},\"primaryImageOfPage\":{\"@id\":\"https:\\\/\\\/www.athena-cbh.com\\\/it\\\/weddings\\\/wedding-reception\\\/#primaryimage\"},\"image\":{\"@id\":\"https:\\\/\\\/www.athena-cbh.com\\\/it\\\/weddings\\\/wedding-reception\\\/#primaryimage\"},\"thumbnailUrl\":\"https:\\\/\\\/www.athena-cbh.com\\\/app\\\/uploads\\\/sites\\\/20\\\/2025\\\/05\\\/1082-1-scaled-e1747987737630.jpg\",\"datePublished\":\"2022-07-11T10:36:03+00:00\",\"dateModified\":\"2025-07-14T12:34:13+00:00\",\"description\":\"L'Athena Beach Hotel dispone di una delle migliori location per ricevimenti di nozze a Paphos, con la possibilit\u00e0 di creare l'allestimento scenografico che avete sempre immaginato.\",\"breadcrumb\":{\"@id\":\"https:\\\/\\\/www.athena-cbh.com\\\/it\\\/weddings\\\/wedding-reception\\\/#breadcrumb\"},\"inLanguage\":\"it-IT\",\"potentialAction\":[{\"@type\":\"ReadAction\",\"target\":[\"https:\\\/\\\/www.athena-cbh.com\\\/it\\\/weddings\\\/wedding-reception\\\/\"]}]},{\"@type\":\"ImageObject\",\"inLanguage\":\"it-IT\",\"@id\":\"https:\\\/\\\/www.athena-cbh.com\\\/it\\\/weddings\\\/wedding-reception\\\/#primaryimage\",\"url\":\"https:\\\/\\\/www.athena-cbh.com\\\/app\\\/uploads\\\/sites\\\/20\\\/2025\\\/05\\\/1082-1-scaled-e1747987737630.jpg\",\"contentUrl\":\"https:\\\/\\\/www.athena-cbh.com\\\/app\\\/uploads\\\/sites\\\/20\\\/2025\\\/05\\\/1082-1-scaled-e1747987737630.jpg\",\"width\":2560,\"height\":1707},{\"@type\":\"BreadcrumbList\",\"@id\":\"https:\\\/\\\/www.athena-cbh.com\\\/it\\\/weddings\\\/wedding-reception\\\/#breadcrumb\",\"itemListElement\":[{\"@type\":\"ListItem\",\"position\":1,\"name\":\"Home\",\"item\":\"https:\\\/\\\/www.athena-cbh.com\\\/it\\\/\"},{\"@type\":\"ListItem\",\"position\":2,\"name\":\"Matrimoni\",\"item\":\"https:\\\/\\\/www.athena-cbh.com\\\/it\\\/weddings\\\/\"},{\"@type\":\"ListItem\",\"position\":3,\"name\":\"Ricevimento di nozze\"}]},{\"@type\":\"WebSite\",\"@id\":\"https:\\\/\\\/www.athena-cbh.com\\\/it\\\/#website\",\"url\":\"https:\\\/\\\/www.athena-cbh.com\\\/it\\\/\",\"name\":\"Athena Beach Hotel\",\"description\":\"Constantinou Bros Athena Beach Hotel, 4 star hotel in Paphos Cyprus\",\"potentialAction\":[{\"@type\":\"SearchAction\",\"target\":{\"@type\":\"EntryPoint\",\"urlTemplate\":\"https:\\\/\\\/www.athena-cbh.com\\\/it\\\/?s={search_term_string}\"},\"query-input\":{\"@type\":\"PropertyValueSpecification\",\"valueRequired\":true,\"valueName\":\"search_term_string\"}}],\"inLanguage\":\"it-IT\"}]}<\/script>\n<!-- \/ Yoast SEO plugin. -->","yoast_head_json":{"title":"Le migliori location per ricevimenti di nozze a Paphos || Athena Beach Hotel","description":"L'Athena Beach Hotel dispone di una delle migliori location per ricevimenti di nozze a Paphos, con la possibilit\u00e0 di creare l'allestimento scenografico che avete sempre immaginato.","robots":{"index":"index","follow":"follow","max-snippet":"max-snippet:-1","max-image-preview":"max-image-preview:large","max-video-preview":"max-video-preview:-1"},"canonical":"https:\/\/www.athena-cbh.com\/it\/weddings\/wedding-reception\/","og_locale":"it_IT","og_type":"article","og_title":"Le migliori location per ricevimenti di nozze a Paphos || Athena Beach Hotel","og_description":"L'Athena Beach Hotel dispone di una delle migliori location per ricevimenti di nozze a Paphos, con la possibilit\u00e0 di creare l'allestimento scenografico che avete sempre immaginato.","og_url":"https:\/\/www.athena-cbh.com\/it\/weddings\/wedding-reception\/","og_site_name":"Athena Beach Hotel","article_modified_time":"2025-07-14T12:34:13+00:00","og_image":[{"width":2560,"height":1707,"url":"https:\/\/www.athena-cbh.com\/app\/uploads\/sites\/20\/2025\/05\/1082-1-scaled-e1747987737630.jpg","type":"image\/jpeg"}],"twitter_card":"summary_large_image","twitter_misc":{"Tempo di lettura stimato":"2 minuti"},"schema":{"@context":"https:\/\/schema.org","@graph":[{"@type":"WebPage","@id":"https:\/\/www.athena-cbh.com\/it\/weddings\/wedding-reception\/","url":"https:\/\/www.athena-cbh.com\/it\/weddings\/wedding-reception\/","name":"Le migliori location per ricevimenti di nozze a Paphos || Athena Beach Hotel","isPartOf":{"@id":"https:\/\/www.athena-cbh.com\/it\/#website"},"primaryImageOfPage":{"@id":"https:\/\/www.athena-cbh.com\/it\/weddings\/wedding-reception\/#primaryimage"},"image":{"@id":"https:\/\/www.athena-cbh.com\/it\/weddings\/wedding-reception\/#primaryimage"},"thumbnailUrl":"https:\/\/www.athena-cbh.com\/app\/uploads\/sites\/20\/2025\/05\/1082-1-scaled-e1747987737630.jpg","datePublished":"2022-07-11T10:36:03+00:00","dateModified":"2025-07-14T12:34:13+00:00","description":"L'Athena Beach Hotel dispone di una delle migliori location per ricevimenti di nozze a Paphos, con la possibilit\u00e0 di creare l'allestimento scenografico che avete sempre immaginato.","breadcrumb":{"@id":"https:\/\/www.athena-cbh.com\/it\/weddings\/wedding-reception\/#breadcrumb"},"inLanguage":"it-IT","potentialAction":[{"@type":"ReadAction","target":["https:\/\/www.athena-cbh.com\/it\/weddings\/wedding-reception\/"]}]},{"@type":"ImageObject","inLanguage":"it-IT","@id":"https:\/\/www.athena-cbh.com\/it\/weddings\/wedding-reception\/#primaryimage","url":"https:\/\/www.athena-cbh.com\/app\/uploads\/sites\/20\/2025\/05\/1082-1-scaled-e1747987737630.jpg","contentUrl":"https:\/\/www.athena-cbh.com\/app\/uploads\/sites\/20\/2025\/05\/1082-1-scaled-e1747987737630.jpg","width":2560,"height":1707},{"@type":"BreadcrumbList","@id":"https:\/\/www.athena-cbh.com\/it\/weddings\/wedding-reception\/#breadcrumb","itemListElement":[{"@type":"ListItem","position":1,"name":"Home","item":"https:\/\/www.athena-cbh.com\/it\/"},{"@type":"ListItem","position":2,"name":"Matrimoni","item":"https:\/\/www.athena-cbh.com\/it\/weddings\/"},{"@type":"ListItem","position":3,"name":"Ricevimento di nozze"}]},{"@type":"WebSite","@id":"https:\/\/www.athena-cbh.com\/it\/#website","url":"https:\/\/www.athena-cbh.com\/it\/","name":"Athena Beach Hotel","description":"Constantinou Bros Athena Beach Hotel, 4 star hotel in Paphos Cyprus","potentialAction":[{"@type":"SearchAction","target":{"@type":"EntryPoint","urlTemplate":"https:\/\/www.athena-cbh.com\/it\/?s={search_term_string}"},"query-input":{"@type":"PropertyValueSpecification","valueRequired":true,"valueName":"search_term_string"}}],"inLanguage":"it-IT"}]}},"_links":{"self":[{"href":"https:\/\/www.athena-cbh.com\/it\/wp-json\/wp\/v2\/pages\/12367","targetHints":{"allow":["GET"]}}],"collection":[{"href":"https:\/\/www.athena-cbh.com\/it\/wp-json\/wp\/v2\/pages"}],"about":[{"href":"https:\/\/www.athena-cbh.com\/it\/wp-json\/wp\/v2\/types\/page"}],"author":[{"embeddable":true,"href":"https:\/\/www.athena-cbh.com\/it\/wp-json\/wp\/v2\/users\/9"}],"replies":[{"embeddable":true,"href":"https:\/\/www.athena-cbh.com\/it\/wp-json\/wp\/v2\/comments?post=12367"}],"version-history":[{"count":3,"href":"https:\/\/www.athena-cbh.com\/it\/wp-json\/wp\/v2\/pages\/12367\/revisions"}],"predecessor-version":[{"id":22275,"href":"https:\/\/www.athena-cbh.com\/it\/wp-json\/wp\/v2\/pages\/12367\/revisions\/22275"}],"up":[{"embeddable":true,"href":"https:\/\/www.athena-cbh.com\/it\/wp-json\/wp\/v2\/pages\/12397"}],"wp:featuredmedia":[{"embeddable":true,"href":"https:\/\/www.athena-cbh.com\/it\/wp-json\/wp\/v2\/media\/22149"}],"wp:attachment":[{"href":"https:\/\/www.athena-cbh.com\/it\/wp-json\/wp\/v2\/media?parent=12367"}],"curies":[{"name":"wp","href":"https:\/\/api.w.org\/{rel}","templated":true}]}}