{"id":12233,"date":"2022-07-11T13:27:01","date_gmt":"2022-07-11T10:27:01","guid":{"rendered":"https:\/\/www.athena-cbh.com\/leisure-facilities\/"},"modified":"2024-09-16T19:04:03","modified_gmt":"2024-09-16T16:04:03","slug":"leisure-facilities","status":"publish","type":"page","link":"https:\/\/www.athena-cbh.com\/it\/the-hotel\/leisure-facilities\/","title":{"rendered":"Strutture alberghiere"},"content":{"rendered":"<p>L&#8217;hotel offre una serie di attivit\u00e0 per il divertimento di tutti. Il team di animazione dell&#8217;hotel offre una variet\u00e0 di attivit\u00e0 in periodi selezionati dell&#8217;anno, dalla palestra mattutina all&#8217;acquagym, dalle lezioni di ballo agli spettacoli serali e alle serate musicali della ricca tradizione dell&#8217;isola.<\/p>\n<h3>Strutture sportive e per il tempo libero<\/h3>\n<ul>\n<li>3 Piscine d&#8217;acqua dolce a forma libera<\/li>\n<li>1 Piscina d&#8217;acqua dolce a forma libera Solo per adulti (16+)<\/li>\n<li>1 piscina coperta (riscaldata tra novembre e aprile)<\/li>\n<li>2 piscine per bambini all&#8217;aperto<\/li>\n<li>1 vasca idromassaggio interna e 3 esterne nelle piscine<\/li>\n<li>Asciugamani, lettini e ombrelloni gratuiti in spiaggia<\/li>\n<li>Zona per soli adulti con lettini e ombrelloni gratuiti<\/li>\n<li>Spiaggia e piscina<\/li>\n<li>2 acquascivoli<\/li>\n<li><strong>Oasis Splash <\/strong>(aperto da aprile a ottobre) (novembre-marzo aperto a discrezione della Direzione)<strong>:<\/strong> &#8211; 2 acquascivoli &#8220;Easy- ride&#8221; (per un totale di 67 m2), ciascuno con piscina di atterraggio separata &#8211; Un colorato parco giochi splash con azione spray, attivit\u00e0 di gioco d&#8217;acqua, giocattoli spray e giochi insieme alla piscina per bambini.<\/li>\n<li>1 campo da tennis illuminato<\/li>\n<li>Tennis da tavolo<\/li>\n<li>Boccia<\/li>\n<li>Shuffleboard<\/li>\n<li>Bocce corte indoor o outdoor 8 piste su richiesta<\/li>\n<li>Ciotole per esterni Crown Green 3 green<\/li>\n<li>Campo da bocce piano all&#8217;aperto 18 piste<\/li>\n<li>Campo da bocce coperto 6 piste<\/li>\n<li>Parco giochi attrezzato per bambini<\/li>\n<li>Kids Club (solo in estate)<\/li>\n<li>Sala giochi<\/li>\n<li>Sala di lettura<\/li>\n<li>Deposito per le mazze da golf<\/li>\n<li>Wi-Fi ad alta velocit\u00e0 in tutte le camere e le aree pubbliche (GRATIS)<\/li>\n<li>Connessione Internet Corner (GRATUITA)<\/li>\n<li>Coordinatore di bocce residente negli hotel Constantinou Bros (ottobre-aprile)<\/li>\n<li>I leader della danza residenti negli hotel Constantinou Bros (novembre-aprile)<\/li>\n<li>Centro Palestra<\/li>\n<li>Elisir Spa<\/li>\n<li>Musica dal vivo<\/li>\n<li>Spettacoli e intrattenimento notturno<\/li>\n<li>Attivit\u00e0 giornaliere per adulti e bambini<\/li>\n<li>Attivit\u00e0 di benessere<\/li>\n<li>Deposito biciclette dedicato\/Bike Room (capacit\u00e0 140 biciclette)<\/li>\n<\/ul>\n","protected":false},"excerpt":{"rendered":"<p>L&#8217;hotel offre una serie di attivit\u00e0 per il divertimento di tutti. Il team di animazione dell&#8217;hotel offre una variet\u00e0 di attivit\u00e0 in periodi selezionati dell&#8217;anno, dalla palestra mattutina all&#8217;acquagym, dalle lezioni di ballo agli spettacoli serali e alle serate musicali della ricca tradizione dell&#8217;isola. Strutture sportive e per il tempo libero 3 Piscine d&#8217;acqua dolce<\/p>\n","protected":false},"author":12,"featured_media":12850,"parent":12413,"menu_order":0,"comment_status":"closed","ping_status":"closed","template":"","meta":{"_acf_changed":false,"footnotes":""},"class_list":["post-12233","page","type-page","status-publish","has-post-thumbnail","hentry"],"acf":[],"yoast_head":"<!-- This site is optimized with the Yoast SEO plugin v27.5 - https:\/\/yoast.com\/product\/yoast-seo-wordpress\/ -->\n<title>Strutture alberghiere - Athena Beach Hotel<\/title>\n<meta name=\"description\" content=\"L&#039;hotel Athena Beach di Paphos by Constantinou Bros offre agli ospiti di tutte le et\u00e0 una pletora di attivit\u00e0 legate al tempo libero, all&#039;intrattenimento, allo sport e al benessere.\" \/>\n<meta name=\"robots\" content=\"index, follow, max-snippet:-1, max-image-preview:large, max-video-preview:-1\" \/>\n<link rel=\"canonical\" href=\"https:\/\/www.athena-cbh.com\/it\/the-hotel\/leisure-facilities\/\" \/>\n<meta property=\"og:locale\" content=\"it_IT\" \/>\n<meta property=\"og:type\" content=\"article\" \/>\n<meta property=\"og:title\" content=\"Strutture alberghiere - Athena Beach Hotel\" \/>\n<meta property=\"og:description\" content=\"L&#039;hotel Athena Beach di Paphos by Constantinou Bros offre agli ospiti di tutte le et\u00e0 una pletora di attivit\u00e0 legate al tempo libero, all&#039;intrattenimento, allo sport e al benessere.\" \/>\n<meta property=\"og:url\" content=\"https:\/\/www.athena-cbh.com\/it\/the-hotel\/leisure-facilities\/\" \/>\n<meta property=\"og:site_name\" content=\"Athena Beach Hotel\" \/>\n<meta property=\"article:modified_time\" content=\"2024-09-16T16:04:03+00:00\" \/>\n<meta property=\"og:image\" content=\"https:\/\/www.athena-cbh.com\/app\/uploads\/sites\/20\/2022\/07\/65-ATHENA-BEACH-HOTEL-INDOOR-HEATED-POOL-scaled.jpg\" \/>\n\t<meta property=\"og:image:width\" content=\"2560\" \/>\n\t<meta property=\"og:image:height\" content=\"1707\" \/>\n\t<meta property=\"og:image:type\" content=\"image\/jpeg\" \/>\n<meta name=\"twitter:card\" content=\"summary_large_image\" \/>\n<meta name=\"twitter:label1\" content=\"Tempo di lettura stimato\" \/>\n\t<meta name=\"twitter:data1\" content=\"2 minuti\" \/>\n<script type=\"application\/ld+json\" class=\"yoast-schema-graph\">{\"@context\":\"https:\\\/\\\/schema.org\",\"@graph\":[{\"@type\":\"WebPage\",\"@id\":\"https:\\\/\\\/www.athena-cbh.com\\\/it\\\/the-hotel\\\/leisure-facilities\\\/\",\"url\":\"https:\\\/\\\/www.athena-cbh.com\\\/it\\\/the-hotel\\\/leisure-facilities\\\/\",\"name\":\"Strutture alberghiere - Athena Beach Hotel\",\"isPartOf\":{\"@id\":\"https:\\\/\\\/www.athena-cbh.com\\\/it\\\/#website\"},\"primaryImageOfPage\":{\"@id\":\"https:\\\/\\\/www.athena-cbh.com\\\/it\\\/the-hotel\\\/leisure-facilities\\\/#primaryimage\"},\"image\":{\"@id\":\"https:\\\/\\\/www.athena-cbh.com\\\/it\\\/the-hotel\\\/leisure-facilities\\\/#primaryimage\"},\"thumbnailUrl\":\"https:\\\/\\\/www.athena-cbh.com\\\/app\\\/uploads\\\/sites\\\/20\\\/2022\\\/07\\\/65-ATHENA-BEACH-HOTEL-INDOOR-HEATED-POOL-scaled.jpg\",\"datePublished\":\"2022-07-11T10:27:01+00:00\",\"dateModified\":\"2024-09-16T16:04:03+00:00\",\"description\":\"L'hotel Athena Beach di Paphos by Constantinou Bros offre agli ospiti di tutte le et\u00e0 una pletora di attivit\u00e0 legate al tempo libero, all'intrattenimento, allo sport e al benessere.\",\"breadcrumb\":{\"@id\":\"https:\\\/\\\/www.athena-cbh.com\\\/it\\\/the-hotel\\\/leisure-facilities\\\/#breadcrumb\"},\"inLanguage\":\"it-IT\",\"potentialAction\":[{\"@type\":\"ReadAction\",\"target\":[\"https:\\\/\\\/www.athena-cbh.com\\\/it\\\/the-hotel\\\/leisure-facilities\\\/\"]}]},{\"@type\":\"ImageObject\",\"inLanguage\":\"it-IT\",\"@id\":\"https:\\\/\\\/www.athena-cbh.com\\\/it\\\/the-hotel\\\/leisure-facilities\\\/#primaryimage\",\"url\":\"https:\\\/\\\/www.athena-cbh.com\\\/app\\\/uploads\\\/sites\\\/20\\\/2022\\\/07\\\/65-ATHENA-BEACH-HOTEL-INDOOR-HEATED-POOL-scaled.jpg\",\"contentUrl\":\"https:\\\/\\\/www.athena-cbh.com\\\/app\\\/uploads\\\/sites\\\/20\\\/2022\\\/07\\\/65-ATHENA-BEACH-HOTEL-INDOOR-HEATED-POOL-scaled.jpg\",\"width\":2560,\"height\":1707},{\"@type\":\"BreadcrumbList\",\"@id\":\"https:\\\/\\\/www.athena-cbh.com\\\/it\\\/the-hotel\\\/leisure-facilities\\\/#breadcrumb\",\"itemListElement\":[{\"@type\":\"ListItem\",\"position\":1,\"name\":\"Home\",\"item\":\"https:\\\/\\\/www.athena-cbh.com\\\/it\\\/\"},{\"@type\":\"ListItem\",\"position\":2,\"name\":\"L&#8217;albergo\",\"item\":\"https:\\\/\\\/www.athena-cbh.com\\\/it\\\/the-hotel\\\/\"},{\"@type\":\"ListItem\",\"position\":3,\"name\":\"Strutture alberghiere\"}]},{\"@type\":\"WebSite\",\"@id\":\"https:\\\/\\\/www.athena-cbh.com\\\/it\\\/#website\",\"url\":\"https:\\\/\\\/www.athena-cbh.com\\\/it\\\/\",\"name\":\"Athena Beach Hotel\",\"description\":\"Constantinou Bros Athena Beach Hotel, 4 star hotel in Paphos Cyprus\",\"potentialAction\":[{\"@type\":\"SearchAction\",\"target\":{\"@type\":\"EntryPoint\",\"urlTemplate\":\"https:\\\/\\\/www.athena-cbh.com\\\/it\\\/?s={search_term_string}\"},\"query-input\":{\"@type\":\"PropertyValueSpecification\",\"valueRequired\":true,\"valueName\":\"search_term_string\"}}],\"inLanguage\":\"it-IT\"}]}<\/script>\n<!-- \/ Yoast SEO plugin. -->","yoast_head_json":{"title":"Strutture alberghiere - Athena Beach Hotel","description":"L'hotel Athena Beach di Paphos by Constantinou Bros offre agli ospiti di tutte le et\u00e0 una pletora di attivit\u00e0 legate al tempo libero, all'intrattenimento, allo sport e al benessere.","robots":{"index":"index","follow":"follow","max-snippet":"max-snippet:-1","max-image-preview":"max-image-preview:large","max-video-preview":"max-video-preview:-1"},"canonical":"https:\/\/www.athena-cbh.com\/it\/the-hotel\/leisure-facilities\/","og_locale":"it_IT","og_type":"article","og_title":"Strutture alberghiere - Athena Beach Hotel","og_description":"L'hotel Athena Beach di Paphos by Constantinou Bros offre agli ospiti di tutte le et\u00e0 una pletora di attivit\u00e0 legate al tempo libero, all'intrattenimento, allo sport e al benessere.","og_url":"https:\/\/www.athena-cbh.com\/it\/the-hotel\/leisure-facilities\/","og_site_name":"Athena Beach Hotel","article_modified_time":"2024-09-16T16:04:03+00:00","og_image":[{"width":2560,"height":1707,"url":"https:\/\/www.athena-cbh.com\/app\/uploads\/sites\/20\/2022\/07\/65-ATHENA-BEACH-HOTEL-INDOOR-HEATED-POOL-scaled.jpg","type":"image\/jpeg"}],"twitter_card":"summary_large_image","twitter_misc":{"Tempo di lettura stimato":"2 minuti"},"schema":{"@context":"https:\/\/schema.org","@graph":[{"@type":"WebPage","@id":"https:\/\/www.athena-cbh.com\/it\/the-hotel\/leisure-facilities\/","url":"https:\/\/www.athena-cbh.com\/it\/the-hotel\/leisure-facilities\/","name":"Strutture alberghiere - Athena Beach Hotel","isPartOf":{"@id":"https:\/\/www.athena-cbh.com\/it\/#website"},"primaryImageOfPage":{"@id":"https:\/\/www.athena-cbh.com\/it\/the-hotel\/leisure-facilities\/#primaryimage"},"image":{"@id":"https:\/\/www.athena-cbh.com\/it\/the-hotel\/leisure-facilities\/#primaryimage"},"thumbnailUrl":"https:\/\/www.athena-cbh.com\/app\/uploads\/sites\/20\/2022\/07\/65-ATHENA-BEACH-HOTEL-INDOOR-HEATED-POOL-scaled.jpg","datePublished":"2022-07-11T10:27:01+00:00","dateModified":"2024-09-16T16:04:03+00:00","description":"L'hotel Athena Beach di Paphos by Constantinou Bros offre agli ospiti di tutte le et\u00e0 una pletora di attivit\u00e0 legate al tempo libero, all'intrattenimento, allo sport e al benessere.","breadcrumb":{"@id":"https:\/\/www.athena-cbh.com\/it\/the-hotel\/leisure-facilities\/#breadcrumb"},"inLanguage":"it-IT","potentialAction":[{"@type":"ReadAction","target":["https:\/\/www.athena-cbh.com\/it\/the-hotel\/leisure-facilities\/"]}]},{"@type":"ImageObject","inLanguage":"it-IT","@id":"https:\/\/www.athena-cbh.com\/it\/the-hotel\/leisure-facilities\/#primaryimage","url":"https:\/\/www.athena-cbh.com\/app\/uploads\/sites\/20\/2022\/07\/65-ATHENA-BEACH-HOTEL-INDOOR-HEATED-POOL-scaled.jpg","contentUrl":"https:\/\/www.athena-cbh.com\/app\/uploads\/sites\/20\/2022\/07\/65-ATHENA-BEACH-HOTEL-INDOOR-HEATED-POOL-scaled.jpg","width":2560,"height":1707},{"@type":"BreadcrumbList","@id":"https:\/\/www.athena-cbh.com\/it\/the-hotel\/leisure-facilities\/#breadcrumb","itemListElement":[{"@type":"ListItem","position":1,"name":"Home","item":"https:\/\/www.athena-cbh.com\/it\/"},{"@type":"ListItem","position":2,"name":"L&#8217;albergo","item":"https:\/\/www.athena-cbh.com\/it\/the-hotel\/"},{"@type":"ListItem","position":3,"name":"Strutture alberghiere"}]},{"@type":"WebSite","@id":"https:\/\/www.athena-cbh.com\/it\/#website","url":"https:\/\/www.athena-cbh.com\/it\/","name":"Athena Beach Hotel","description":"Constantinou Bros Athena Beach Hotel, 4 star hotel in Paphos Cyprus","potentialAction":[{"@type":"SearchAction","target":{"@type":"EntryPoint","urlTemplate":"https:\/\/www.athena-cbh.com\/it\/?s={search_term_string}"},"query-input":{"@type":"PropertyValueSpecification","valueRequired":true,"valueName":"search_term_string"}}],"inLanguage":"it-IT"}]}},"_links":{"self":[{"href":"https:\/\/www.athena-cbh.com\/it\/wp-json\/wp\/v2\/pages\/12233","targetHints":{"allow":["GET"]}}],"collection":[{"href":"https:\/\/www.athena-cbh.com\/it\/wp-json\/wp\/v2\/pages"}],"about":[{"href":"https:\/\/www.athena-cbh.com\/it\/wp-json\/wp\/v2\/types\/page"}],"author":[{"embeddable":true,"href":"https:\/\/www.athena-cbh.com\/it\/wp-json\/wp\/v2\/users\/12"}],"replies":[{"embeddable":true,"href":"https:\/\/www.athena-cbh.com\/it\/wp-json\/wp\/v2\/comments?post=12233"}],"version-history":[{"count":2,"href":"https:\/\/www.athena-cbh.com\/it\/wp-json\/wp\/v2\/pages\/12233\/revisions"}],"predecessor-version":[{"id":20759,"href":"https:\/\/www.athena-cbh.com\/it\/wp-json\/wp\/v2\/pages\/12233\/revisions\/20759"}],"up":[{"embeddable":true,"href":"https:\/\/www.athena-cbh.com\/it\/wp-json\/wp\/v2\/pages\/12413"}],"wp:featuredmedia":[{"embeddable":true,"href":"https:\/\/www.athena-cbh.com\/it\/wp-json\/wp\/v2\/media\/12850"}],"wp:attachment":[{"href":"https:\/\/www.athena-cbh.com\/it\/wp-json\/wp\/v2\/media?parent=12233"}],"curies":[{"name":"wp","href":"https:\/\/api.w.org\/{rel}","templated":true}]}}