{"id":12230,"date":"2022-07-11T13:25:53","date_gmt":"2022-07-11T10:25:53","guid":{"rendered":"https:\/\/www.athena-cbh.com\/about-cyprus-paphos\/"},"modified":"2024-09-16T19:03:56","modified_gmt":"2024-09-16T16:03:56","slug":"about-cyprus-paphos","status":"publish","type":"page","link":"https:\/\/www.athena-cbh.com\/it\/the-hotel\/about-cyprus-paphos\/","title":{"rendered":"Informazioni su Paphos \/ Cipro"},"content":{"rendered":"<p><strong>Paphos<\/strong>, una piccola citt\u00e0 pittoresca, si trova sulla costa occidentale di Cipro e si estende dalla bellissima penisola di Akamas a nord-ovest fino alla roccia di Afrodite a est. \u00c8 ricca di storia, essendo stata la capitale di Cipro in tempi antichi, e ancora una volta ha celebrato questo riconoscimento quando nel 2017 ha regnato come Capitale Europea della Cultura, attirando migliaia di visitatori ogni anno. A Paphos si trovano innumerevoli siti di interesse storico, religioso e culturale ed \u00e8 inclusa nella lista dei siti del patrimonio culturale mondiale dell&#8217;UNESCO. Le Tombe dei Re, la fortezza medievale, l&#8217;Odeon, la Casa di Dioniso, la Roccia delle Afroditi, i Bagni di Afrodite e la Colonna di San Paolo sono solo alcuni di questi siti. La presenza di un aeroporto internazionale con collegamenti con le principali citt\u00e0 del mondo ha reso Paphos molto accessibile. Inoltre, una nuova autostrada collega Paphos in modo semplice e sicuro a tutte le altre citt\u00e0. Delimitata da una splendida costa, l&#8217;area di Paphos vanta incantevoli villaggi nelle sue montagne con monasteri secolari incastonati. Il centro della citt\u00e0 \u00e8 invece moderno, con negozi alla moda, un interessante mercato tradizionale e buoni musei. Trover\u00e0 Paphos una localit\u00e0 affascinante, sicura e piacevole, con molte cose da vedere e da fare, che diventer\u00e0 presto una delle mete preferite quando si tratta di vacanze. <strong>Cipro<\/strong> \u00e8 la terza isola pi\u00f9 grande del Mediterraneo e un vero crocevia di tre continenti, Europa, Asia e Africa. \u00c8 diventata una Repubblica indipendente nel 1960 ed \u00e8 entrata a far parte dell&#8217;Unione Europea nel 2004. Vanta due aeroporti internazionali a Larnaca e Paphos con ottimi collegamenti dalla maggior parte delle citt\u00e0 del mondo. Il nome di Cipro deriva dal rame, che nell&#8217;antichit\u00e0 era abbondante. \u00c8 un&#8217;isola ricca di storia, essendo stata sotto il dominio persiano, assiro, egiziano, romano, bizantino, veneziano, ottomano e britannico. Fu anche uno dei primi Paesi al mondo a convertirsi al cristianesimo, quando San Paolo visit\u00f2 l&#8217;isola e predic\u00f2 la nuova fede. Infatti, a Paphos si pu\u00f2 ancora vedere la colonna di San Paolo, dove l&#8217;apostolo fu legato e flagellato 39 volte, e a Larnaca, nella chiesa di San Lazzaro, si trova la cripta di questo santo che fu resuscitato da Ges\u00f9 Cristo. Questo spiega perch\u00e9 Cipro \u00e8 un&#8217;isola che cattura l&#8217;interesse di tutti i tipi di persone: dagli appassionati di archeologia agli amici della natura, dalle coppie in viaggio di nozze alle famiglie amanti del sole, dagli amanti della cucina agli uomini d&#8217;affari. Antiche rovine di templi e splendidi affreschi di chiese bizantine, vigneti terrazzati e incantevoli sentieri naturali, montagne ricoperte di pini e coste baciate dal sole, un pasto a base di meze e formaggio halloumi fresco e strutture congressuali all&#8217;avanguardia sono solo alcune delle cose che vi faranno innamorare di Cipro. Cipro \u00e8 un Paese che affonda le sue radici nel suo ricco e variegato passato, ma \u00e8 anche un Paese moderno che si proietta rapidamente nel futuro. \u00c8 un&#8217;isola dalle mille belle contraddizioni, una calda miscela di culture, colori, civilt\u00e0, canti e miti. Vi invitiamo a venire a gustare l&#8217;ospitalit\u00e0 sull&#8217;isola dove, nella nostra lingua madre, la parola xenos significa sia straniero che ospite. Venite a scoprire un&#8217;isola la cui bellezza e il cui fascino sono amplificati dalla gentilezza della sua gente. Venite a scoprire Cipro.<\/p>\n","protected":false},"excerpt":{"rendered":"<p>Paphos, una piccola citt\u00e0 pittoresca, si trova sulla costa occidentale di Cipro e si estende dalla bellissima penisola di Akamas a nord-ovest fino alla roccia di Afrodite a est. \u00c8 ricca di storia, essendo stata la capitale di Cipro in tempi antichi, e ancora una volta ha celebrato questo riconoscimento quando nel 2017 ha regnato<\/p>\n","protected":false},"author":12,"featured_media":11682,"parent":12413,"menu_order":0,"comment_status":"closed","ping_status":"closed","template":"","meta":{"_acf_changed":false,"footnotes":""},"class_list":["post-12230","page","type-page","status-publish","has-post-thumbnail","hentry"],"acf":[],"yoast_head":"<!-- This site is optimized with the Yoast SEO plugin v27.5 - https:\/\/yoast.com\/product\/yoast-seo-wordpress\/ -->\n<title>Informazioni su Paphos \/ Cipro - Athena Beach Hotel<\/title>\n<meta name=\"description\" content=\"Tutto quello che deve sapere sulla destinazione di Paphos e Cipro, attraverso il prisma del nostro approfondimento locale all&#039;hotel Athena Beach.\" \/>\n<meta name=\"robots\" content=\"index, follow, max-snippet:-1, max-image-preview:large, max-video-preview:-1\" \/>\n<link rel=\"canonical\" href=\"https:\/\/www.athena-cbh.com\/it\/the-hotel\/about-cyprus-paphos\/\" \/>\n<meta property=\"og:locale\" content=\"it_IT\" \/>\n<meta property=\"og:type\" content=\"article\" \/>\n<meta property=\"og:title\" content=\"Informazioni su Paphos \/ Cipro - Athena Beach Hotel\" \/>\n<meta property=\"og:description\" content=\"Tutto quello che deve sapere sulla destinazione di Paphos e Cipro, attraverso il prisma del nostro approfondimento locale all&#039;hotel Athena Beach.\" \/>\n<meta property=\"og:url\" content=\"https:\/\/www.athena-cbh.com\/it\/the-hotel\/about-cyprus-paphos\/\" \/>\n<meta property=\"og:site_name\" content=\"Athena Beach Hotel\" \/>\n<meta property=\"article:modified_time\" content=\"2024-09-16T16:03:56+00:00\" \/>\n<meta property=\"og:image\" content=\"https:\/\/www.athena-cbh.com\/app\/uploads\/sites\/20\/2020\/09\/3-PAPHOS-FISHING-HARBOUR-scaled.jpg\" \/>\n\t<meta property=\"og:image:width\" content=\"2560\" \/>\n\t<meta property=\"og:image:height\" content=\"1220\" \/>\n\t<meta property=\"og:image:type\" content=\"image\/jpeg\" \/>\n<meta name=\"twitter:card\" content=\"summary_large_image\" \/>\n<meta name=\"twitter:label1\" content=\"Tempo di lettura stimato\" \/>\n\t<meta name=\"twitter:data1\" content=\"3 minuti\" \/>\n<script type=\"application\/ld+json\" class=\"yoast-schema-graph\">{\"@context\":\"https:\\\/\\\/schema.org\",\"@graph\":[{\"@type\":\"WebPage\",\"@id\":\"https:\\\/\\\/www.athena-cbh.com\\\/it\\\/the-hotel\\\/about-cyprus-paphos\\\/\",\"url\":\"https:\\\/\\\/www.athena-cbh.com\\\/it\\\/the-hotel\\\/about-cyprus-paphos\\\/\",\"name\":\"Informazioni su Paphos \\\/ Cipro - Athena Beach Hotel\",\"isPartOf\":{\"@id\":\"https:\\\/\\\/www.athena-cbh.com\\\/it\\\/#website\"},\"primaryImageOfPage\":{\"@id\":\"https:\\\/\\\/www.athena-cbh.com\\\/it\\\/the-hotel\\\/about-cyprus-paphos\\\/#primaryimage\"},\"image\":{\"@id\":\"https:\\\/\\\/www.athena-cbh.com\\\/it\\\/the-hotel\\\/about-cyprus-paphos\\\/#primaryimage\"},\"thumbnailUrl\":\"https:\\\/\\\/www.athena-cbh.com\\\/app\\\/uploads\\\/sites\\\/20\\\/2020\\\/09\\\/3-PAPHOS-FISHING-HARBOUR-scaled.jpg\",\"datePublished\":\"2022-07-11T10:25:53+00:00\",\"dateModified\":\"2024-09-16T16:03:56+00:00\",\"description\":\"Tutto quello che deve sapere sulla destinazione di Paphos e Cipro, attraverso il prisma del nostro approfondimento locale all'hotel Athena Beach.\",\"breadcrumb\":{\"@id\":\"https:\\\/\\\/www.athena-cbh.com\\\/it\\\/the-hotel\\\/about-cyprus-paphos\\\/#breadcrumb\"},\"inLanguage\":\"it-IT\",\"potentialAction\":[{\"@type\":\"ReadAction\",\"target\":[\"https:\\\/\\\/www.athena-cbh.com\\\/it\\\/the-hotel\\\/about-cyprus-paphos\\\/\"]}]},{\"@type\":\"ImageObject\",\"inLanguage\":\"it-IT\",\"@id\":\"https:\\\/\\\/www.athena-cbh.com\\\/it\\\/the-hotel\\\/about-cyprus-paphos\\\/#primaryimage\",\"url\":\"https:\\\/\\\/www.athena-cbh.com\\\/app\\\/uploads\\\/sites\\\/20\\\/2020\\\/09\\\/3-PAPHOS-FISHING-HARBOUR-scaled.jpg\",\"contentUrl\":\"https:\\\/\\\/www.athena-cbh.com\\\/app\\\/uploads\\\/sites\\\/20\\\/2020\\\/09\\\/3-PAPHOS-FISHING-HARBOUR-scaled.jpg\",\"width\":2560,\"height\":1220,\"caption\":\"Paphos Harbour\"},{\"@type\":\"BreadcrumbList\",\"@id\":\"https:\\\/\\\/www.athena-cbh.com\\\/it\\\/the-hotel\\\/about-cyprus-paphos\\\/#breadcrumb\",\"itemListElement\":[{\"@type\":\"ListItem\",\"position\":1,\"name\":\"Home\",\"item\":\"https:\\\/\\\/www.athena-cbh.com\\\/it\\\/\"},{\"@type\":\"ListItem\",\"position\":2,\"name\":\"L&#8217;albergo\",\"item\":\"https:\\\/\\\/www.athena-cbh.com\\\/it\\\/the-hotel\\\/\"},{\"@type\":\"ListItem\",\"position\":3,\"name\":\"Informazioni su Paphos \\\/ Cipro\"}]},{\"@type\":\"WebSite\",\"@id\":\"https:\\\/\\\/www.athena-cbh.com\\\/it\\\/#website\",\"url\":\"https:\\\/\\\/www.athena-cbh.com\\\/it\\\/\",\"name\":\"Athena Beach Hotel\",\"description\":\"Constantinou Bros Athena Beach Hotel, 4 star hotel in Paphos Cyprus\",\"potentialAction\":[{\"@type\":\"SearchAction\",\"target\":{\"@type\":\"EntryPoint\",\"urlTemplate\":\"https:\\\/\\\/www.athena-cbh.com\\\/it\\\/?s={search_term_string}\"},\"query-input\":{\"@type\":\"PropertyValueSpecification\",\"valueRequired\":true,\"valueName\":\"search_term_string\"}}],\"inLanguage\":\"it-IT\"}]}<\/script>\n<!-- \/ Yoast SEO plugin. -->","yoast_head_json":{"title":"Informazioni su Paphos \/ Cipro - Athena Beach Hotel","description":"Tutto quello che deve sapere sulla destinazione di Paphos e Cipro, attraverso il prisma del nostro approfondimento locale all'hotel Athena Beach.","robots":{"index":"index","follow":"follow","max-snippet":"max-snippet:-1","max-image-preview":"max-image-preview:large","max-video-preview":"max-video-preview:-1"},"canonical":"https:\/\/www.athena-cbh.com\/it\/the-hotel\/about-cyprus-paphos\/","og_locale":"it_IT","og_type":"article","og_title":"Informazioni su Paphos \/ Cipro - Athena Beach Hotel","og_description":"Tutto quello che deve sapere sulla destinazione di Paphos e Cipro, attraverso il prisma del nostro approfondimento locale all'hotel Athena Beach.","og_url":"https:\/\/www.athena-cbh.com\/it\/the-hotel\/about-cyprus-paphos\/","og_site_name":"Athena Beach Hotel","article_modified_time":"2024-09-16T16:03:56+00:00","og_image":[{"width":2560,"height":1220,"url":"https:\/\/www.athena-cbh.com\/app\/uploads\/sites\/20\/2020\/09\/3-PAPHOS-FISHING-HARBOUR-scaled.jpg","type":"image\/jpeg"}],"twitter_card":"summary_large_image","twitter_misc":{"Tempo di lettura stimato":"3 minuti"},"schema":{"@context":"https:\/\/schema.org","@graph":[{"@type":"WebPage","@id":"https:\/\/www.athena-cbh.com\/it\/the-hotel\/about-cyprus-paphos\/","url":"https:\/\/www.athena-cbh.com\/it\/the-hotel\/about-cyprus-paphos\/","name":"Informazioni su Paphos \/ Cipro - Athena Beach Hotel","isPartOf":{"@id":"https:\/\/www.athena-cbh.com\/it\/#website"},"primaryImageOfPage":{"@id":"https:\/\/www.athena-cbh.com\/it\/the-hotel\/about-cyprus-paphos\/#primaryimage"},"image":{"@id":"https:\/\/www.athena-cbh.com\/it\/the-hotel\/about-cyprus-paphos\/#primaryimage"},"thumbnailUrl":"https:\/\/www.athena-cbh.com\/app\/uploads\/sites\/20\/2020\/09\/3-PAPHOS-FISHING-HARBOUR-scaled.jpg","datePublished":"2022-07-11T10:25:53+00:00","dateModified":"2024-09-16T16:03:56+00:00","description":"Tutto quello che deve sapere sulla destinazione di Paphos e Cipro, attraverso il prisma del nostro approfondimento locale all'hotel Athena Beach.","breadcrumb":{"@id":"https:\/\/www.athena-cbh.com\/it\/the-hotel\/about-cyprus-paphos\/#breadcrumb"},"inLanguage":"it-IT","potentialAction":[{"@type":"ReadAction","target":["https:\/\/www.athena-cbh.com\/it\/the-hotel\/about-cyprus-paphos\/"]}]},{"@type":"ImageObject","inLanguage":"it-IT","@id":"https:\/\/www.athena-cbh.com\/it\/the-hotel\/about-cyprus-paphos\/#primaryimage","url":"https:\/\/www.athena-cbh.com\/app\/uploads\/sites\/20\/2020\/09\/3-PAPHOS-FISHING-HARBOUR-scaled.jpg","contentUrl":"https:\/\/www.athena-cbh.com\/app\/uploads\/sites\/20\/2020\/09\/3-PAPHOS-FISHING-HARBOUR-scaled.jpg","width":2560,"height":1220,"caption":"Paphos Harbour"},{"@type":"BreadcrumbList","@id":"https:\/\/www.athena-cbh.com\/it\/the-hotel\/about-cyprus-paphos\/#breadcrumb","itemListElement":[{"@type":"ListItem","position":1,"name":"Home","item":"https:\/\/www.athena-cbh.com\/it\/"},{"@type":"ListItem","position":2,"name":"L&#8217;albergo","item":"https:\/\/www.athena-cbh.com\/it\/the-hotel\/"},{"@type":"ListItem","position":3,"name":"Informazioni su Paphos \/ Cipro"}]},{"@type":"WebSite","@id":"https:\/\/www.athena-cbh.com\/it\/#website","url":"https:\/\/www.athena-cbh.com\/it\/","name":"Athena Beach Hotel","description":"Constantinou Bros Athena Beach Hotel, 4 star hotel in Paphos Cyprus","potentialAction":[{"@type":"SearchAction","target":{"@type":"EntryPoint","urlTemplate":"https:\/\/www.athena-cbh.com\/it\/?s={search_term_string}"},"query-input":{"@type":"PropertyValueSpecification","valueRequired":true,"valueName":"search_term_string"}}],"inLanguage":"it-IT"}]}},"_links":{"self":[{"href":"https:\/\/www.athena-cbh.com\/it\/wp-json\/wp\/v2\/pages\/12230","targetHints":{"allow":["GET"]}}],"collection":[{"href":"https:\/\/www.athena-cbh.com\/it\/wp-json\/wp\/v2\/pages"}],"about":[{"href":"https:\/\/www.athena-cbh.com\/it\/wp-json\/wp\/v2\/types\/page"}],"author":[{"embeddable":true,"href":"https:\/\/www.athena-cbh.com\/it\/wp-json\/wp\/v2\/users\/12"}],"replies":[{"embeddable":true,"href":"https:\/\/www.athena-cbh.com\/it\/wp-json\/wp\/v2\/comments?post=12230"}],"version-history":[{"count":1,"href":"https:\/\/www.athena-cbh.com\/it\/wp-json\/wp\/v2\/pages\/12230\/revisions"}],"predecessor-version":[{"id":18061,"href":"https:\/\/www.athena-cbh.com\/it\/wp-json\/wp\/v2\/pages\/12230\/revisions\/18061"}],"up":[{"embeddable":true,"href":"https:\/\/www.athena-cbh.com\/it\/wp-json\/wp\/v2\/pages\/12413"}],"wp:featuredmedia":[{"embeddable":true,"href":"https:\/\/www.athena-cbh.com\/it\/wp-json\/wp\/v2\/media\/11682"}],"wp:attachment":[{"href":"https:\/\/www.athena-cbh.com\/it\/wp-json\/wp\/v2\/media?parent=12230"}],"curies":[{"name":"wp","href":"https:\/\/api.w.org\/{rel}","templated":true}]}}