{"id":11794,"date":"2022-07-11T12:46:07","date_gmt":"2022-07-11T09:46:07","guid":{"rendered":"https:\/\/www.athena-cbh.com\/cycling-holidays\/"},"modified":"2024-09-16T19:05:31","modified_gmt":"2024-09-16T16:05:31","slug":"cycling-holidays","status":"publish","type":"page","link":"https:\/\/www.athena-cbh.com\/it\/activity-holidays\/cycling-holidays\/","title":{"rendered":"Vacanze in bicicletta"},"content":{"rendered":"<p>Cipro offre una ricetta di condizioni climatiche perfette, che insieme rendono l&#8217;isola il luogo ideale per andare in bicicletta tutto l&#8217;anno. Le vacanze in bicicletta sono il modo perfetto per trascorrere un passatempo interessante e gratificante. I ciclisti professionisti e amatoriali di tutto il mondo vengono per approfittare dell&#8217;ottimo clima durante tutto l&#8217;anno, dei paesaggi mozzafiato, delle distanze brevi e gestibili. Potete scegliere il vostro percorso, seguendo le stradine di campagna o i sentieri di montagna, ma anche le piste ciclabili lungo alcune delle strade pi\u00f9 trafficate delle citt\u00e0. \u00c8 incredibile, soprattutto a Paphos, come si possa essere in montagna e nelle foreste al mattino e tornare in riva al mare blu cobalto nel pomeriggio. Perch\u00e9 non noleggiare una bicicletta, disponibile presso l&#8217;hotel con un piccolo supplemento, e partire per avventure ciclistiche individuali? Per ulteriori informazioni, contattate il nostro Ufficio Relazioni con gli Ospiti. Inoltre, gli ospiti dell&#8217;Athena Beach Hotel possono usufruire di un deposito biciclette sicuro, organizzato e spazioso, offerto gratuitamente ed esclusivo per gli ospiti dei Constantinou Bros Hotels. <strong>Strutture disponibili<\/strong><\/p>\n<ul>\n<li>Disponibilit\u00e0 di un locale dedicato alle biciclette<\/li>\n<li>Deposito biciclette dell&#8217;Athena Beach Hotel &#8211; ospita fino a 140 biciclette<\/li>\n<li>Serratura d&#8217;ingresso elettronica accessibile tramite codice personalizzato fornito al momento del check in.<\/li>\n<li>Accesso agli armadietti per scarpe e caschi, sicuri e individuali, con la chiave personale dell&#8217;utente.<\/li>\n<li>Magazzino sicuro con telecamere a circuito chiuso<\/li>\n<li>Strutture di riparazione e manutenzione in loco e pompa d&#8217;aria<\/li>\n<li>Strutture per la pulizia delle biciclette<\/li>\n<li>Entrambe le strutture consentono di riporre le biciclette su rastrelliere verticali e a pavimento.<\/li>\n<\/ul>\n<p>&nbsp;<\/p>\n","protected":false},"excerpt":{"rendered":"<p>Cipro offre una ricetta di condizioni climatiche perfette, che insieme rendono l&#8217;isola il luogo ideale per andare in bicicletta tutto l&#8217;anno. Le vacanze in bicicletta sono il modo perfetto per trascorrere un passatempo interessante e gratificante. I ciclisti professionisti e amatoriali di tutto il mondo vengono per approfittare dell&#8217;ottimo clima durante tutto l&#8217;anno, dei paesaggi<\/p>\n","protected":false},"author":100,"featured_media":11802,"parent":11851,"menu_order":0,"comment_status":"closed","ping_status":"closed","template":"","meta":{"_acf_changed":false,"footnotes":""},"class_list":["post-11794","page","type-page","status-publish","has-post-thumbnail","hentry"],"acf":[],"yoast_head":"<!-- This site is optimized with the Yoast SEO plugin v27.5 - https:\/\/yoast.com\/product\/yoast-seo-wordpress\/ -->\n<title>Vacanze in bicicletta - Athena Beach Hotel<\/title>\n<meta name=\"description\" content=\"L&#039;Athena Beach Hotel di Paphos organizza vacanze in bicicletta, dando agli ospiti l&#039;opportunit\u00e0 di combinare il loro passatempo preferito durante la vacanza.\" \/>\n<meta name=\"robots\" content=\"index, follow, max-snippet:-1, max-image-preview:large, max-video-preview:-1\" \/>\n<link rel=\"canonical\" href=\"https:\/\/www.athena-cbh.com\/it\/activity-holidays\/cycling-holidays\/\" \/>\n<meta property=\"og:locale\" content=\"it_IT\" \/>\n<meta property=\"og:type\" content=\"article\" \/>\n<meta property=\"og:title\" content=\"Vacanze in bicicletta - Athena Beach Hotel\" \/>\n<meta property=\"og:description\" content=\"L&#039;Athena Beach Hotel di Paphos organizza vacanze in bicicletta, dando agli ospiti l&#039;opportunit\u00e0 di combinare il loro passatempo preferito durante la vacanza.\" \/>\n<meta property=\"og:url\" content=\"https:\/\/www.athena-cbh.com\/it\/activity-holidays\/cycling-holidays\/\" \/>\n<meta property=\"og:site_name\" content=\"Athena Beach Hotel\" \/>\n<meta property=\"article:modified_time\" content=\"2024-09-16T16:05:31+00:00\" \/>\n<meta property=\"og:image\" content=\"https:\/\/www.athena-cbh.com\/app\/uploads\/sites\/20\/2022\/07\/86-ATHENA-BEACH-HOTEL-BIKE-ROOM-scaled.jpg\" \/>\n\t<meta property=\"og:image:width\" content=\"2560\" \/>\n\t<meta property=\"og:image:height\" content=\"1707\" \/>\n\t<meta property=\"og:image:type\" content=\"image\/jpeg\" \/>\n<meta name=\"twitter:card\" content=\"summary_large_image\" \/>\n<meta name=\"twitter:label1\" content=\"Tempo di lettura stimato\" \/>\n\t<meta name=\"twitter:data1\" content=\"2 minuti\" \/>\n<script type=\"application\/ld+json\" class=\"yoast-schema-graph\">{\"@context\":\"https:\\\/\\\/schema.org\",\"@graph\":[{\"@type\":\"WebPage\",\"@id\":\"https:\\\/\\\/www.athena-cbh.com\\\/it\\\/activity-holidays\\\/cycling-holidays\\\/\",\"url\":\"https:\\\/\\\/www.athena-cbh.com\\\/it\\\/activity-holidays\\\/cycling-holidays\\\/\",\"name\":\"Vacanze in bicicletta - Athena Beach Hotel\",\"isPartOf\":{\"@id\":\"https:\\\/\\\/www.athena-cbh.com\\\/it\\\/#website\"},\"primaryImageOfPage\":{\"@id\":\"https:\\\/\\\/www.athena-cbh.com\\\/it\\\/activity-holidays\\\/cycling-holidays\\\/#primaryimage\"},\"image\":{\"@id\":\"https:\\\/\\\/www.athena-cbh.com\\\/it\\\/activity-holidays\\\/cycling-holidays\\\/#primaryimage\"},\"thumbnailUrl\":\"https:\\\/\\\/www.athena-cbh.com\\\/app\\\/uploads\\\/sites\\\/20\\\/2022\\\/07\\\/86-ATHENA-BEACH-HOTEL-BIKE-ROOM-scaled.jpg\",\"datePublished\":\"2022-07-11T09:46:07+00:00\",\"dateModified\":\"2024-09-16T16:05:31+00:00\",\"description\":\"L'Athena Beach Hotel di Paphos organizza vacanze in bicicletta, dando agli ospiti l'opportunit\u00e0 di combinare il loro passatempo preferito durante la vacanza.\",\"breadcrumb\":{\"@id\":\"https:\\\/\\\/www.athena-cbh.com\\\/it\\\/activity-holidays\\\/cycling-holidays\\\/#breadcrumb\"},\"inLanguage\":\"it-IT\",\"potentialAction\":[{\"@type\":\"ReadAction\",\"target\":[\"https:\\\/\\\/www.athena-cbh.com\\\/it\\\/activity-holidays\\\/cycling-holidays\\\/\"]}]},{\"@type\":\"ImageObject\",\"inLanguage\":\"it-IT\",\"@id\":\"https:\\\/\\\/www.athena-cbh.com\\\/it\\\/activity-holidays\\\/cycling-holidays\\\/#primaryimage\",\"url\":\"https:\\\/\\\/www.athena-cbh.com\\\/app\\\/uploads\\\/sites\\\/20\\\/2022\\\/07\\\/86-ATHENA-BEACH-HOTEL-BIKE-ROOM-scaled.jpg\",\"contentUrl\":\"https:\\\/\\\/www.athena-cbh.com\\\/app\\\/uploads\\\/sites\\\/20\\\/2022\\\/07\\\/86-ATHENA-BEACH-HOTEL-BIKE-ROOM-scaled.jpg\",\"width\":2560,\"height\":1707},{\"@type\":\"BreadcrumbList\",\"@id\":\"https:\\\/\\\/www.athena-cbh.com\\\/it\\\/activity-holidays\\\/cycling-holidays\\\/#breadcrumb\",\"itemListElement\":[{\"@type\":\"ListItem\",\"position\":1,\"name\":\"Home\",\"item\":\"https:\\\/\\\/www.athena-cbh.com\\\/it\\\/\"},{\"@type\":\"ListItem\",\"position\":2,\"name\":\"Vacanze all&#8217;insegna dell&#8217;attivit\u00e0\",\"item\":\"https:\\\/\\\/www.athena-cbh.com\\\/it\\\/activity-holidays\\\/\"},{\"@type\":\"ListItem\",\"position\":3,\"name\":\"Vacanze in bicicletta\"}]},{\"@type\":\"WebSite\",\"@id\":\"https:\\\/\\\/www.athena-cbh.com\\\/it\\\/#website\",\"url\":\"https:\\\/\\\/www.athena-cbh.com\\\/it\\\/\",\"name\":\"Athena Beach Hotel\",\"description\":\"Constantinou Bros Athena Beach Hotel, 4 star hotel in Paphos Cyprus\",\"potentialAction\":[{\"@type\":\"SearchAction\",\"target\":{\"@type\":\"EntryPoint\",\"urlTemplate\":\"https:\\\/\\\/www.athena-cbh.com\\\/it\\\/?s={search_term_string}\"},\"query-input\":{\"@type\":\"PropertyValueSpecification\",\"valueRequired\":true,\"valueName\":\"search_term_string\"}}],\"inLanguage\":\"it-IT\"}]}<\/script>\n<!-- \/ Yoast SEO plugin. -->","yoast_head_json":{"title":"Vacanze in bicicletta - Athena Beach Hotel","description":"L'Athena Beach Hotel di Paphos organizza vacanze in bicicletta, dando agli ospiti l'opportunit\u00e0 di combinare il loro passatempo preferito durante la vacanza.","robots":{"index":"index","follow":"follow","max-snippet":"max-snippet:-1","max-image-preview":"max-image-preview:large","max-video-preview":"max-video-preview:-1"},"canonical":"https:\/\/www.athena-cbh.com\/it\/activity-holidays\/cycling-holidays\/","og_locale":"it_IT","og_type":"article","og_title":"Vacanze in bicicletta - Athena Beach Hotel","og_description":"L'Athena Beach Hotel di Paphos organizza vacanze in bicicletta, dando agli ospiti l'opportunit\u00e0 di combinare il loro passatempo preferito durante la vacanza.","og_url":"https:\/\/www.athena-cbh.com\/it\/activity-holidays\/cycling-holidays\/","og_site_name":"Athena Beach Hotel","article_modified_time":"2024-09-16T16:05:31+00:00","og_image":[{"width":2560,"height":1707,"url":"https:\/\/www.athena-cbh.com\/app\/uploads\/sites\/20\/2022\/07\/86-ATHENA-BEACH-HOTEL-BIKE-ROOM-scaled.jpg","type":"image\/jpeg"}],"twitter_card":"summary_large_image","twitter_misc":{"Tempo di lettura stimato":"2 minuti"},"schema":{"@context":"https:\/\/schema.org","@graph":[{"@type":"WebPage","@id":"https:\/\/www.athena-cbh.com\/it\/activity-holidays\/cycling-holidays\/","url":"https:\/\/www.athena-cbh.com\/it\/activity-holidays\/cycling-holidays\/","name":"Vacanze in bicicletta - Athena Beach Hotel","isPartOf":{"@id":"https:\/\/www.athena-cbh.com\/it\/#website"},"primaryImageOfPage":{"@id":"https:\/\/www.athena-cbh.com\/it\/activity-holidays\/cycling-holidays\/#primaryimage"},"image":{"@id":"https:\/\/www.athena-cbh.com\/it\/activity-holidays\/cycling-holidays\/#primaryimage"},"thumbnailUrl":"https:\/\/www.athena-cbh.com\/app\/uploads\/sites\/20\/2022\/07\/86-ATHENA-BEACH-HOTEL-BIKE-ROOM-scaled.jpg","datePublished":"2022-07-11T09:46:07+00:00","dateModified":"2024-09-16T16:05:31+00:00","description":"L'Athena Beach Hotel di Paphos organizza vacanze in bicicletta, dando agli ospiti l'opportunit\u00e0 di combinare il loro passatempo preferito durante la vacanza.","breadcrumb":{"@id":"https:\/\/www.athena-cbh.com\/it\/activity-holidays\/cycling-holidays\/#breadcrumb"},"inLanguage":"it-IT","potentialAction":[{"@type":"ReadAction","target":["https:\/\/www.athena-cbh.com\/it\/activity-holidays\/cycling-holidays\/"]}]},{"@type":"ImageObject","inLanguage":"it-IT","@id":"https:\/\/www.athena-cbh.com\/it\/activity-holidays\/cycling-holidays\/#primaryimage","url":"https:\/\/www.athena-cbh.com\/app\/uploads\/sites\/20\/2022\/07\/86-ATHENA-BEACH-HOTEL-BIKE-ROOM-scaled.jpg","contentUrl":"https:\/\/www.athena-cbh.com\/app\/uploads\/sites\/20\/2022\/07\/86-ATHENA-BEACH-HOTEL-BIKE-ROOM-scaled.jpg","width":2560,"height":1707},{"@type":"BreadcrumbList","@id":"https:\/\/www.athena-cbh.com\/it\/activity-holidays\/cycling-holidays\/#breadcrumb","itemListElement":[{"@type":"ListItem","position":1,"name":"Home","item":"https:\/\/www.athena-cbh.com\/it\/"},{"@type":"ListItem","position":2,"name":"Vacanze all&#8217;insegna dell&#8217;attivit\u00e0","item":"https:\/\/www.athena-cbh.com\/it\/activity-holidays\/"},{"@type":"ListItem","position":3,"name":"Vacanze in bicicletta"}]},{"@type":"WebSite","@id":"https:\/\/www.athena-cbh.com\/it\/#website","url":"https:\/\/www.athena-cbh.com\/it\/","name":"Athena Beach Hotel","description":"Constantinou Bros Athena Beach Hotel, 4 star hotel in Paphos Cyprus","potentialAction":[{"@type":"SearchAction","target":{"@type":"EntryPoint","urlTemplate":"https:\/\/www.athena-cbh.com\/it\/?s={search_term_string}"},"query-input":{"@type":"PropertyValueSpecification","valueRequired":true,"valueName":"search_term_string"}}],"inLanguage":"it-IT"}]}},"_links":{"self":[{"href":"https:\/\/www.athena-cbh.com\/it\/wp-json\/wp\/v2\/pages\/11794","targetHints":{"allow":["GET"]}}],"collection":[{"href":"https:\/\/www.athena-cbh.com\/it\/wp-json\/wp\/v2\/pages"}],"about":[{"href":"https:\/\/www.athena-cbh.com\/it\/wp-json\/wp\/v2\/types\/page"}],"author":[{"embeddable":true,"href":"https:\/\/www.athena-cbh.com\/it\/wp-json\/wp\/v2\/users\/100"}],"replies":[{"embeddable":true,"href":"https:\/\/www.athena-cbh.com\/it\/wp-json\/wp\/v2\/comments?post=11794"}],"version-history":[{"count":1,"href":"https:\/\/www.athena-cbh.com\/it\/wp-json\/wp\/v2\/pages\/11794\/revisions"}],"predecessor-version":[{"id":18498,"href":"https:\/\/www.athena-cbh.com\/it\/wp-json\/wp\/v2\/pages\/11794\/revisions\/18498"}],"up":[{"embeddable":true,"href":"https:\/\/www.athena-cbh.com\/it\/wp-json\/wp\/v2\/pages\/11851"}],"wp:featuredmedia":[{"embeddable":true,"href":"https:\/\/www.athena-cbh.com\/it\/wp-json\/wp\/v2\/media\/11802"}],"wp:attachment":[{"href":"https:\/\/www.athena-cbh.com\/it\/wp-json\/wp\/v2\/media?parent=11794"}],"curies":[{"name":"wp","href":"https:\/\/api.w.org\/{rel}","templated":true}]}}