{"id":22006,"date":"2025-04-10T15:01:30","date_gmt":"2025-04-10T12:01:30","guid":{"rendered":"https:\/\/www.athena-cbh.com\/faq\/"},"modified":"2025-07-14T15:43:24","modified_gmt":"2025-07-14T12:43:24","slug":"faq","status":"publish","type":"page","link":"https:\/\/www.athena-cbh.com\/fr\/faq\/","title":{"rendered":"FAQ"},"content":{"rendered":"<p>Vous trouverez ici des informations utiles pour rendre votre s\u00e9jour plus confortable et votre planification plus facile. Si vous avez besoin d&rsquo;aide, n&rsquo;h\u00e9sitez pas \u00e0 contacter notre \u00e9quipe, nous serons heureux de vous aider. <\/p>\n","protected":false},"excerpt":{"rendered":"<p>Vous trouverez ici des informations utiles pour rendre votre s\u00e9jour plus confortable et votre planification plus facile. Si vous avez besoin d&rsquo;aide, n&rsquo;h\u00e9sitez pas \u00e0 contacter notre \u00e9quipe, nous serons heureux de vous aider.<\/p>\n","protected":false},"author":129,"featured_media":0,"parent":0,"menu_order":0,"comment_status":"closed","ping_status":"closed","template":"page-templates\/faq.php","meta":{"_acf_changed":false,"footnotes":""},"class_list":["post-22006","page","type-page","status-publish","hentry"],"acf":[],"yoast_head":"<!-- This site is optimized with the Yoast SEO plugin v27.4 - https:\/\/yoast.com\/product\/yoast-seo-wordpress\/ -->\n<title>Constantinou Bros Athena Beach Hotel - FAQ&#039;s<\/title>\n<meta name=\"description\" content=\"Trouvez les r\u00e9ponses aux questions les plus courantes sur nos services, nos proc\u00e9dures et ce \u00e0 quoi vous pouvez vous attendre. Obtenez rapidement et facilement les informations dont vous avez besoin.\" \/>\n<meta name=\"robots\" content=\"index, follow, max-snippet:-1, max-image-preview:large, max-video-preview:-1\" \/>\n<link rel=\"canonical\" href=\"https:\/\/www.athena-cbh.com\/fr\/faq\/\" \/>\n<meta property=\"og:locale\" content=\"fr_FR\" \/>\n<meta property=\"og:type\" content=\"article\" \/>\n<meta property=\"og:title\" content=\"Constantinou Bros Athena Beach Hotel - FAQ&#039;s\" \/>\n<meta property=\"og:description\" content=\"Trouvez les r\u00e9ponses aux questions les plus courantes sur nos services, nos proc\u00e9dures et ce \u00e0 quoi vous pouvez vous attendre. Obtenez rapidement et facilement les informations dont vous avez besoin.\" \/>\n<meta property=\"og:url\" content=\"https:\/\/www.athena-cbh.com\/fr\/faq\/\" \/>\n<meta property=\"og:site_name\" content=\"Athena Beach Hotel\" \/>\n<meta property=\"article:modified_time\" content=\"2025-07-14T12:43:24+00:00\" \/>\n<meta name=\"twitter:card\" content=\"summary_large_image\" \/>\n<meta name=\"twitter:label1\" content=\"Dur\u00e9e de lecture estim\u00e9e\" \/>\n\t<meta name=\"twitter:data1\" content=\"1 minute\" \/>\n<script type=\"application\/ld+json\" class=\"yoast-schema-graph\">{\"@context\":\"https:\\\/\\\/schema.org\",\"@graph\":[{\"@type\":\"WebPage\",\"@id\":\"https:\\\/\\\/www.athena-cbh.com\\\/fr\\\/faq\\\/\",\"url\":\"https:\\\/\\\/www.athena-cbh.com\\\/fr\\\/faq\\\/\",\"name\":\"Constantinou Bros Athena Beach Hotel - FAQ's\",\"isPartOf\":{\"@id\":\"https:\\\/\\\/www.athena-cbh.com\\\/fr\\\/#website\"},\"datePublished\":\"2025-04-10T12:01:30+00:00\",\"dateModified\":\"2025-07-14T12:43:24+00:00\",\"description\":\"Trouvez les r\u00e9ponses aux questions les plus courantes sur nos services, nos proc\u00e9dures et ce \u00e0 quoi vous pouvez vous attendre. Obtenez rapidement et facilement les informations dont vous avez besoin.\",\"breadcrumb\":{\"@id\":\"https:\\\/\\\/www.athena-cbh.com\\\/fr\\\/faq\\\/#breadcrumb\"},\"inLanguage\":\"fr-FR\",\"potentialAction\":[{\"@type\":\"ReadAction\",\"target\":[\"https:\\\/\\\/www.athena-cbh.com\\\/fr\\\/faq\\\/\"]}]},{\"@type\":\"BreadcrumbList\",\"@id\":\"https:\\\/\\\/www.athena-cbh.com\\\/fr\\\/faq\\\/#breadcrumb\",\"itemListElement\":[{\"@type\":\"ListItem\",\"position\":1,\"name\":\"Home\",\"item\":\"https:\\\/\\\/www.athena-cbh.com\\\/fr\\\/\"},{\"@type\":\"ListItem\",\"position\":2,\"name\":\"FAQ\"}]},{\"@type\":\"WebSite\",\"@id\":\"https:\\\/\\\/www.athena-cbh.com\\\/fr\\\/#website\",\"url\":\"https:\\\/\\\/www.athena-cbh.com\\\/fr\\\/\",\"name\":\"Athena Beach Hotel\",\"description\":\"Constantinou Bros Athena Beach Hotel, 4 star hotel in Paphos Cyprus\",\"potentialAction\":[{\"@type\":\"SearchAction\",\"target\":{\"@type\":\"EntryPoint\",\"urlTemplate\":\"https:\\\/\\\/www.athena-cbh.com\\\/fr\\\/?s={search_term_string}\"},\"query-input\":{\"@type\":\"PropertyValueSpecification\",\"valueRequired\":true,\"valueName\":\"search_term_string\"}}],\"inLanguage\":\"fr-FR\"}]}<\/script>\n<!-- \/ Yoast SEO plugin. -->","yoast_head_json":{"title":"Constantinou Bros Athena Beach Hotel - FAQ's","description":"Trouvez les r\u00e9ponses aux questions les plus courantes sur nos services, nos proc\u00e9dures et ce \u00e0 quoi vous pouvez vous attendre. Obtenez rapidement et facilement les informations dont vous avez besoin.","robots":{"index":"index","follow":"follow","max-snippet":"max-snippet:-1","max-image-preview":"max-image-preview:large","max-video-preview":"max-video-preview:-1"},"canonical":"https:\/\/www.athena-cbh.com\/fr\/faq\/","og_locale":"fr_FR","og_type":"article","og_title":"Constantinou Bros Athena Beach Hotel - FAQ's","og_description":"Trouvez les r\u00e9ponses aux questions les plus courantes sur nos services, nos proc\u00e9dures et ce \u00e0 quoi vous pouvez vous attendre. Obtenez rapidement et facilement les informations dont vous avez besoin.","og_url":"https:\/\/www.athena-cbh.com\/fr\/faq\/","og_site_name":"Athena Beach Hotel","article_modified_time":"2025-07-14T12:43:24+00:00","twitter_card":"summary_large_image","twitter_misc":{"Dur\u00e9e de lecture estim\u00e9e":"1 minute"},"schema":{"@context":"https:\/\/schema.org","@graph":[{"@type":"WebPage","@id":"https:\/\/www.athena-cbh.com\/fr\/faq\/","url":"https:\/\/www.athena-cbh.com\/fr\/faq\/","name":"Constantinou Bros Athena Beach Hotel - FAQ's","isPartOf":{"@id":"https:\/\/www.athena-cbh.com\/fr\/#website"},"datePublished":"2025-04-10T12:01:30+00:00","dateModified":"2025-07-14T12:43:24+00:00","description":"Trouvez les r\u00e9ponses aux questions les plus courantes sur nos services, nos proc\u00e9dures et ce \u00e0 quoi vous pouvez vous attendre. Obtenez rapidement et facilement les informations dont vous avez besoin.","breadcrumb":{"@id":"https:\/\/www.athena-cbh.com\/fr\/faq\/#breadcrumb"},"inLanguage":"fr-FR","potentialAction":[{"@type":"ReadAction","target":["https:\/\/www.athena-cbh.com\/fr\/faq\/"]}]},{"@type":"BreadcrumbList","@id":"https:\/\/www.athena-cbh.com\/fr\/faq\/#breadcrumb","itemListElement":[{"@type":"ListItem","position":1,"name":"Home","item":"https:\/\/www.athena-cbh.com\/fr\/"},{"@type":"ListItem","position":2,"name":"FAQ"}]},{"@type":"WebSite","@id":"https:\/\/www.athena-cbh.com\/fr\/#website","url":"https:\/\/www.athena-cbh.com\/fr\/","name":"Athena Beach Hotel","description":"Constantinou Bros Athena Beach Hotel, 4 star hotel in Paphos Cyprus","potentialAction":[{"@type":"SearchAction","target":{"@type":"EntryPoint","urlTemplate":"https:\/\/www.athena-cbh.com\/fr\/?s={search_term_string}"},"query-input":{"@type":"PropertyValueSpecification","valueRequired":true,"valueName":"search_term_string"}}],"inLanguage":"fr-FR"}]}},"_links":{"self":[{"href":"https:\/\/www.athena-cbh.com\/fr\/wp-json\/wp\/v2\/pages\/22006","targetHints":{"allow":["GET"]}}],"collection":[{"href":"https:\/\/www.athena-cbh.com\/fr\/wp-json\/wp\/v2\/pages"}],"about":[{"href":"https:\/\/www.athena-cbh.com\/fr\/wp-json\/wp\/v2\/types\/page"}],"author":[{"embeddable":true,"href":"https:\/\/www.athena-cbh.com\/fr\/wp-json\/wp\/v2\/users\/129"}],"replies":[{"embeddable":true,"href":"https:\/\/www.athena-cbh.com\/fr\/wp-json\/wp\/v2\/comments?post=22006"}],"version-history":[{"count":6,"href":"https:\/\/www.athena-cbh.com\/fr\/wp-json\/wp\/v2\/pages\/22006\/revisions"}],"predecessor-version":[{"id":22289,"href":"https:\/\/www.athena-cbh.com\/fr\/wp-json\/wp\/v2\/pages\/22006\/revisions\/22289"}],"wp:attachment":[{"href":"https:\/\/www.athena-cbh.com\/fr\/wp-json\/wp\/v2\/media?parent=22006"}],"curies":[{"name":"wp","href":"https:\/\/api.w.org\/{rel}","templated":true}]}}