{"id":21101,"date":"2024-12-02T18:23:11","date_gmt":"2024-12-02T15:23:11","guid":{"rendered":"https:\/\/www.athena-cbh.com\/?page_id=21101"},"modified":"2024-12-23T12:15:43","modified_gmt":"2024-12-23T09:15:43","slug":"evenements-de-noel","status":"publish","type":"page","link":"https:\/\/www.athena-cbh.com\/fr\/evenements-de-noel\/","title":{"rendered":"\u00c9v\u00e9nements de No\u00ebl"},"content":{"rendered":"<p style=\"text-align: center;\">Le Constantinou Bros Athena Beach Hotel vous offre la possibilit\u00e9<br \/>\nde profiter de No\u00ebl d&rsquo;une mani\u00e8re diff\u00e9rente \u00e0 Chypre avec un programme d&rsquo;activit\u00e9s attrayant et<br \/>\nunique auquel toute la famille peut participer.<br \/>\nProfitez de notre magnifique climat en passant No\u00ebl au soleil,<br \/>\nd\u00e9tendez-vous dans un h\u00f4tel de luxe avec un cadre magnifique,<br \/>\nsavourez la meilleure cuisine chypriote et faites de ce No\u00ebl un moment que vous<br \/>\nch\u00e9rirez toujours.<\/p>\n<p style=\"text-align: center;\">Le programme h\u00f4telier pour cette p\u00e9riode de f\u00eates sp\u00e9ciale commence le<br \/>\n22 d\u00e9cembre 2024 et se poursuit jusqu&rsquo;au 1er<br \/>\njanvier 2025. En plus de profiter des services habituels, qui d\u00e9finissent l&rsquo;h\u00f4tel comme<br \/>\nunique \u00e0 Paphos, le programme vous remplira d&rsquo;un esprit de No\u00ebl \u00e0<br \/>\nappr\u00e9cier \u00e0 votre guise et fera en sorte que ce No\u00ebl et ce<br \/>\nNouvel An soient inoubliables.<\/p>\n<p style=\"text-align: center;\">Nous esp\u00e9rons que ce programme vous permettra de participer et de profiter d&rsquo;une p\u00e9riode de f\u00eate tr\u00e8s<br \/>\nsp\u00e9ciale ici \u00e0 l&rsquo; Constantinou Bros<br \/>\nH\u00f4tel Athena Beach.<\/p>\n","protected":false},"excerpt":{"rendered":"<p>Le Constantinou Bros Athena Beach Hotel vous offre la possibilit\u00e9 de profiter de No\u00ebl d&rsquo;une mani\u00e8re diff\u00e9rente \u00e0 Chypre avec un programme d&rsquo;activit\u00e9s attrayant et unique auquel toute la famille peut participer. Profitez de notre magnifique climat en passant No\u00ebl au soleil, d\u00e9tendez-vous dans un h\u00f4tel de luxe avec un cadre magnifique, savourez la meilleure<\/p>\n","protected":false},"author":758,"featured_media":21022,"parent":0,"menu_order":0,"comment_status":"closed","ping_status":"closed","template":"page-templates\/christmas-events.php","meta":{"_acf_changed":false,"footnotes":""},"class_list":["post-21101","page","type-page","status-publish","has-post-thumbnail","hentry"],"acf":[],"yoast_head":"<!-- This site is optimized with the Yoast SEO plugin v27.4 - https:\/\/yoast.com\/product\/yoast-seo-wordpress\/ -->\n<title>\u00c9v\u00e9nements de No\u00ebl - Athena Beach Hotel<\/title>\n<meta name=\"robots\" content=\"index, follow, max-snippet:-1, max-image-preview:large, max-video-preview:-1\" \/>\n<link rel=\"canonical\" href=\"https:\/\/www.athena-cbh.com\/fr\/evenements-de-noel\/\" \/>\n<meta property=\"og:locale\" content=\"fr_FR\" \/>\n<meta property=\"og:type\" content=\"article\" \/>\n<meta property=\"og:title\" content=\"\u00c9v\u00e9nements de No\u00ebl - Athena Beach Hotel\" \/>\n<meta property=\"og:description\" content=\"Le Constantinou Bros Athena Beach Hotel vous offre la possibilit\u00e9 de profiter de No\u00ebl d&rsquo;une mani\u00e8re diff\u00e9rente \u00e0 Chypre avec un programme d&rsquo;activit\u00e9s attrayant et unique auquel toute la famille peut participer. Profitez de notre magnifique climat en passant No\u00ebl au soleil, d\u00e9tendez-vous dans un h\u00f4tel de luxe avec un cadre magnifique, savourez la meilleure\" \/>\n<meta property=\"og:url\" content=\"https:\/\/www.athena-cbh.com\/fr\/evenements-de-noel\/\" \/>\n<meta property=\"og:site_name\" content=\"Athena Beach Hotel\" \/>\n<meta property=\"article:modified_time\" content=\"2024-12-23T09:15:43+00:00\" \/>\n<meta property=\"og:image\" content=\"https:\/\/www.athena-cbh.com\/app\/uploads\/sites\/20\/2024\/12\/christmas-events.jpg\" \/>\n\t<meta property=\"og:image:width\" content=\"1902\" \/>\n\t<meta property=\"og:image:height\" content=\"782\" \/>\n\t<meta property=\"og:image:type\" content=\"image\/jpeg\" \/>\n<meta name=\"twitter:card\" content=\"summary_large_image\" \/>\n<meta name=\"twitter:label1\" content=\"Dur\u00e9e de lecture estim\u00e9e\" \/>\n\t<meta name=\"twitter:data1\" content=\"1 minute\" \/>\n<script type=\"application\/ld+json\" class=\"yoast-schema-graph\">{\"@context\":\"https:\\\/\\\/schema.org\",\"@graph\":[{\"@type\":\"WebPage\",\"@id\":\"https:\\\/\\\/www.athena-cbh.com\\\/fr\\\/evenements-de-noel\\\/\",\"url\":\"https:\\\/\\\/www.athena-cbh.com\\\/fr\\\/evenements-de-noel\\\/\",\"name\":\"\u00c9v\u00e9nements de No\u00ebl - Athena Beach Hotel\",\"isPartOf\":{\"@id\":\"https:\\\/\\\/www.athena-cbh.com\\\/fr\\\/#website\"},\"primaryImageOfPage\":{\"@id\":\"https:\\\/\\\/www.athena-cbh.com\\\/fr\\\/evenements-de-noel\\\/#primaryimage\"},\"image\":{\"@id\":\"https:\\\/\\\/www.athena-cbh.com\\\/fr\\\/evenements-de-noel\\\/#primaryimage\"},\"thumbnailUrl\":\"https:\\\/\\\/www.athena-cbh.com\\\/app\\\/uploads\\\/sites\\\/20\\\/2024\\\/12\\\/christmas-events.jpg\",\"datePublished\":\"2024-12-02T15:23:11+00:00\",\"dateModified\":\"2024-12-23T09:15:43+00:00\",\"breadcrumb\":{\"@id\":\"https:\\\/\\\/www.athena-cbh.com\\\/fr\\\/evenements-de-noel\\\/#breadcrumb\"},\"inLanguage\":\"fr-FR\",\"potentialAction\":[{\"@type\":\"ReadAction\",\"target\":[\"https:\\\/\\\/www.athena-cbh.com\\\/fr\\\/evenements-de-noel\\\/\"]}]},{\"@type\":\"ImageObject\",\"inLanguage\":\"fr-FR\",\"@id\":\"https:\\\/\\\/www.athena-cbh.com\\\/fr\\\/evenements-de-noel\\\/#primaryimage\",\"url\":\"https:\\\/\\\/www.athena-cbh.com\\\/app\\\/uploads\\\/sites\\\/20\\\/2024\\\/12\\\/christmas-events.jpg\",\"contentUrl\":\"https:\\\/\\\/www.athena-cbh.com\\\/app\\\/uploads\\\/sites\\\/20\\\/2024\\\/12\\\/christmas-events.jpg\",\"width\":1902,\"height\":782},{\"@type\":\"BreadcrumbList\",\"@id\":\"https:\\\/\\\/www.athena-cbh.com\\\/fr\\\/evenements-de-noel\\\/#breadcrumb\",\"itemListElement\":[{\"@type\":\"ListItem\",\"position\":1,\"name\":\"Home\",\"item\":\"https:\\\/\\\/www.athena-cbh.com\\\/fr\\\/\"},{\"@type\":\"ListItem\",\"position\":2,\"name\":\"\u00c9v\u00e9nements de No\u00ebl\"}]},{\"@type\":\"WebSite\",\"@id\":\"https:\\\/\\\/www.athena-cbh.com\\\/fr\\\/#website\",\"url\":\"https:\\\/\\\/www.athena-cbh.com\\\/fr\\\/\",\"name\":\"Athena Beach Hotel\",\"description\":\"Constantinou Bros Athena Beach Hotel, 4 star hotel in Paphos Cyprus\",\"potentialAction\":[{\"@type\":\"SearchAction\",\"target\":{\"@type\":\"EntryPoint\",\"urlTemplate\":\"https:\\\/\\\/www.athena-cbh.com\\\/fr\\\/?s={search_term_string}\"},\"query-input\":{\"@type\":\"PropertyValueSpecification\",\"valueRequired\":true,\"valueName\":\"search_term_string\"}}],\"inLanguage\":\"fr-FR\"}]}<\/script>\n<!-- \/ Yoast SEO plugin. -->","yoast_head_json":{"title":"\u00c9v\u00e9nements de No\u00ebl - Athena Beach Hotel","robots":{"index":"index","follow":"follow","max-snippet":"max-snippet:-1","max-image-preview":"max-image-preview:large","max-video-preview":"max-video-preview:-1"},"canonical":"https:\/\/www.athena-cbh.com\/fr\/evenements-de-noel\/","og_locale":"fr_FR","og_type":"article","og_title":"\u00c9v\u00e9nements de No\u00ebl - Athena Beach Hotel","og_description":"Le Constantinou Bros Athena Beach Hotel vous offre la possibilit\u00e9 de profiter de No\u00ebl d&rsquo;une mani\u00e8re diff\u00e9rente \u00e0 Chypre avec un programme d&rsquo;activit\u00e9s attrayant et unique auquel toute la famille peut participer. Profitez de notre magnifique climat en passant No\u00ebl au soleil, d\u00e9tendez-vous dans un h\u00f4tel de luxe avec un cadre magnifique, savourez la meilleure","og_url":"https:\/\/www.athena-cbh.com\/fr\/evenements-de-noel\/","og_site_name":"Athena Beach Hotel","article_modified_time":"2024-12-23T09:15:43+00:00","og_image":[{"width":1902,"height":782,"url":"https:\/\/www.athena-cbh.com\/app\/uploads\/sites\/20\/2024\/12\/christmas-events.jpg","type":"image\/jpeg"}],"twitter_card":"summary_large_image","twitter_misc":{"Dur\u00e9e de lecture estim\u00e9e":"1 minute"},"schema":{"@context":"https:\/\/schema.org","@graph":[{"@type":"WebPage","@id":"https:\/\/www.athena-cbh.com\/fr\/evenements-de-noel\/","url":"https:\/\/www.athena-cbh.com\/fr\/evenements-de-noel\/","name":"\u00c9v\u00e9nements de No\u00ebl - Athena Beach Hotel","isPartOf":{"@id":"https:\/\/www.athena-cbh.com\/fr\/#website"},"primaryImageOfPage":{"@id":"https:\/\/www.athena-cbh.com\/fr\/evenements-de-noel\/#primaryimage"},"image":{"@id":"https:\/\/www.athena-cbh.com\/fr\/evenements-de-noel\/#primaryimage"},"thumbnailUrl":"https:\/\/www.athena-cbh.com\/app\/uploads\/sites\/20\/2024\/12\/christmas-events.jpg","datePublished":"2024-12-02T15:23:11+00:00","dateModified":"2024-12-23T09:15:43+00:00","breadcrumb":{"@id":"https:\/\/www.athena-cbh.com\/fr\/evenements-de-noel\/#breadcrumb"},"inLanguage":"fr-FR","potentialAction":[{"@type":"ReadAction","target":["https:\/\/www.athena-cbh.com\/fr\/evenements-de-noel\/"]}]},{"@type":"ImageObject","inLanguage":"fr-FR","@id":"https:\/\/www.athena-cbh.com\/fr\/evenements-de-noel\/#primaryimage","url":"https:\/\/www.athena-cbh.com\/app\/uploads\/sites\/20\/2024\/12\/christmas-events.jpg","contentUrl":"https:\/\/www.athena-cbh.com\/app\/uploads\/sites\/20\/2024\/12\/christmas-events.jpg","width":1902,"height":782},{"@type":"BreadcrumbList","@id":"https:\/\/www.athena-cbh.com\/fr\/evenements-de-noel\/#breadcrumb","itemListElement":[{"@type":"ListItem","position":1,"name":"Home","item":"https:\/\/www.athena-cbh.com\/fr\/"},{"@type":"ListItem","position":2,"name":"\u00c9v\u00e9nements de No\u00ebl"}]},{"@type":"WebSite","@id":"https:\/\/www.athena-cbh.com\/fr\/#website","url":"https:\/\/www.athena-cbh.com\/fr\/","name":"Athena Beach Hotel","description":"Constantinou Bros Athena Beach Hotel, 4 star hotel in Paphos Cyprus","potentialAction":[{"@type":"SearchAction","target":{"@type":"EntryPoint","urlTemplate":"https:\/\/www.athena-cbh.com\/fr\/?s={search_term_string}"},"query-input":{"@type":"PropertyValueSpecification","valueRequired":true,"valueName":"search_term_string"}}],"inLanguage":"fr-FR"}]}},"_links":{"self":[{"href":"https:\/\/www.athena-cbh.com\/fr\/wp-json\/wp\/v2\/pages\/21101","targetHints":{"allow":["GET"]}}],"collection":[{"href":"https:\/\/www.athena-cbh.com\/fr\/wp-json\/wp\/v2\/pages"}],"about":[{"href":"https:\/\/www.athena-cbh.com\/fr\/wp-json\/wp\/v2\/types\/page"}],"author":[{"embeddable":true,"href":"https:\/\/www.athena-cbh.com\/fr\/wp-json\/wp\/v2\/users\/758"}],"replies":[{"embeddable":true,"href":"https:\/\/www.athena-cbh.com\/fr\/wp-json\/wp\/v2\/comments?post=21101"}],"version-history":[{"count":4,"href":"https:\/\/www.athena-cbh.com\/fr\/wp-json\/wp\/v2\/pages\/21101\/revisions"}],"predecessor-version":[{"id":21563,"href":"https:\/\/www.athena-cbh.com\/fr\/wp-json\/wp\/v2\/pages\/21101\/revisions\/21563"}],"wp:featuredmedia":[{"embeddable":true,"href":"https:\/\/www.athena-cbh.com\/fr\/wp-json\/wp\/v2\/media\/21022"}],"wp:attachment":[{"href":"https:\/\/www.athena-cbh.com\/fr\/wp-json\/wp\/v2\/media?parent=21101"}],"curies":[{"name":"wp","href":"https:\/\/api.w.org\/{rel}","templated":true}]}}