{"id":20847,"date":"2024-09-20T14:16:01","date_gmt":"2024-09-20T11:16:01","guid":{"rendered":"https:\/\/www.athena-cbh.com\/?page_id=20847"},"modified":"2025-03-10T14:27:51","modified_gmt":"2025-03-10T11:27:51","slug":"st-andrews-rooftop-bar","status":"publish","type":"page","link":"https:\/\/www.athena-cbh.com\/fr\/couples-vacances\/st-andrews-rooftop-bar\/","title":{"rendered":"St. Andrew&rsquo;s Rooftop Bar (Pour Adultes &#8211; Classe Elite)"},"content":{"rendered":"<h1 style=\"text-align: center;\">D\u00e9tente au St. Andrew&rsquo;s Rooftop Bar<\/h1>\n<p style=\"text-align: center;\"><strong>Une nouveaut\u00e9 dans l&rsquo;offre de l&rsquo;h\u00f4tel est le St. Andrew&rsquo;s Rooftop Bar (Elite Class &#8211; Adults only plus de 16 ans).<\/strong><\/p>\n<p style=\"text-align: center;\">Un paradis sur\u00e9lev\u00e9 avec une vue imprenable sur la mer est l&rsquo;endroit id\u00e9al pour se d\u00e9tendre et observer les couleurs du coucher de soleil tout en d\u00e9gustant vos cocktails et boissons au son d&rsquo;une musique lounge relaxante.<\/p>\n<p style=\"text-align: center;\">\n","protected":false},"excerpt":{"rendered":"<p>D\u00e9tente au St. Andrew&rsquo;s Rooftop Bar Une nouveaut\u00e9 dans l&rsquo;offre de l&rsquo;h\u00f4tel est le St. Andrew&rsquo;s Rooftop Bar (Elite Class &#8211; Adults only plus de 16 ans). Un paradis sur\u00e9lev\u00e9 avec une vue imprenable sur la mer est l&rsquo;endroit id\u00e9al pour se d\u00e9tendre et observer les couleurs du coucher de soleil tout en d\u00e9gustant vos<\/p>\n","protected":false},"author":100,"featured_media":16935,"parent":15229,"menu_order":0,"comment_status":"closed","ping_status":"closed","template":"","meta":{"_acf_changed":false,"footnotes":""},"class_list":["post-20847","page","type-page","status-publish","has-post-thumbnail","hentry"],"acf":[],"yoast_head":"<!-- This site is optimized with the Yoast SEO plugin v27.5 - https:\/\/yoast.com\/product\/yoast-seo-wordpress\/ -->\n<title>St. Andrew&#039;s Rooftop Bar (Pour Adultes - Classe Elite) - Athena Beach Hotel<\/title>\n<meta name=\"robots\" content=\"index, follow, max-snippet:-1, max-image-preview:large, max-video-preview:-1\" \/>\n<link rel=\"canonical\" href=\"https:\/\/www.athena-cbh.com\/fr\/couples-vacances\/st-andrews-rooftop-bar\/\" \/>\n<meta property=\"og:locale\" content=\"fr_FR\" \/>\n<meta property=\"og:type\" content=\"article\" \/>\n<meta property=\"og:title\" content=\"St. Andrew&#039;s Rooftop Bar (Pour Adultes - Classe Elite) - Athena Beach Hotel\" \/>\n<meta property=\"og:description\" content=\"D\u00e9tente au St. Andrew&rsquo;s Rooftop Bar Une nouveaut\u00e9 dans l&rsquo;offre de l&rsquo;h\u00f4tel est le St. Andrew&rsquo;s Rooftop Bar (Elite Class &#8211; Adults only plus de 16 ans). Un paradis sur\u00e9lev\u00e9 avec une vue imprenable sur la mer est l&rsquo;endroit id\u00e9al pour se d\u00e9tendre et observer les couleurs du coucher de soleil tout en d\u00e9gustant vos\" \/>\n<meta property=\"og:url\" content=\"https:\/\/www.athena-cbh.com\/fr\/couples-vacances\/st-andrews-rooftop-bar\/\" \/>\n<meta property=\"og:site_name\" content=\"Athena Beach Hotel\" \/>\n<meta property=\"article:modified_time\" content=\"2025-03-10T11:27:51+00:00\" \/>\n<meta property=\"og:image\" content=\"https:\/\/www.athena-cbh.com\/app\/uploads\/sites\/20\/2023\/08\/30-ATHENA-BEACH-HOTEL-ST.-ANDREWS-ROOFTOP-BAR-scaled.jpg\" \/>\n\t<meta property=\"og:image:width\" content=\"2560\" \/>\n\t<meta property=\"og:image:height\" content=\"1703\" \/>\n\t<meta property=\"og:image:type\" content=\"image\/jpeg\" \/>\n<meta name=\"twitter:card\" content=\"summary_large_image\" \/>\n<meta name=\"twitter:label1\" content=\"Dur\u00e9e de lecture estim\u00e9e\" \/>\n\t<meta name=\"twitter:data1\" content=\"1 minute\" \/>\n<script type=\"application\/ld+json\" class=\"yoast-schema-graph\">{\"@context\":\"https:\\\/\\\/schema.org\",\"@graph\":[{\"@type\":\"WebPage\",\"@id\":\"https:\\\/\\\/www.athena-cbh.com\\\/fr\\\/couples-vacances\\\/st-andrews-rooftop-bar\\\/\",\"url\":\"https:\\\/\\\/www.athena-cbh.com\\\/fr\\\/couples-vacances\\\/st-andrews-rooftop-bar\\\/\",\"name\":\"St. Andrew's Rooftop Bar (Pour Adultes - Classe Elite) - Athena Beach Hotel\",\"isPartOf\":{\"@id\":\"https:\\\/\\\/www.athena-cbh.com\\\/fr\\\/#website\"},\"primaryImageOfPage\":{\"@id\":\"https:\\\/\\\/www.athena-cbh.com\\\/fr\\\/couples-vacances\\\/st-andrews-rooftop-bar\\\/#primaryimage\"},\"image\":{\"@id\":\"https:\\\/\\\/www.athena-cbh.com\\\/fr\\\/couples-vacances\\\/st-andrews-rooftop-bar\\\/#primaryimage\"},\"thumbnailUrl\":\"https:\\\/\\\/www.athena-cbh.com\\\/app\\\/uploads\\\/sites\\\/20\\\/2023\\\/08\\\/30-ATHENA-BEACH-HOTEL-ST.-ANDREWS-ROOFTOP-BAR-scaled.jpg\",\"datePublished\":\"2024-09-20T11:16:01+00:00\",\"dateModified\":\"2025-03-10T11:27:51+00:00\",\"breadcrumb\":{\"@id\":\"https:\\\/\\\/www.athena-cbh.com\\\/fr\\\/couples-vacances\\\/st-andrews-rooftop-bar\\\/#breadcrumb\"},\"inLanguage\":\"fr-FR\",\"potentialAction\":[{\"@type\":\"ReadAction\",\"target\":[\"https:\\\/\\\/www.athena-cbh.com\\\/fr\\\/couples-vacances\\\/st-andrews-rooftop-bar\\\/\"]}]},{\"@type\":\"ImageObject\",\"inLanguage\":\"fr-FR\",\"@id\":\"https:\\\/\\\/www.athena-cbh.com\\\/fr\\\/couples-vacances\\\/st-andrews-rooftop-bar\\\/#primaryimage\",\"url\":\"https:\\\/\\\/www.athena-cbh.com\\\/app\\\/uploads\\\/sites\\\/20\\\/2023\\\/08\\\/30-ATHENA-BEACH-HOTEL-ST.-ANDREWS-ROOFTOP-BAR-scaled.jpg\",\"contentUrl\":\"https:\\\/\\\/www.athena-cbh.com\\\/app\\\/uploads\\\/sites\\\/20\\\/2023\\\/08\\\/30-ATHENA-BEACH-HOTEL-ST.-ANDREWS-ROOFTOP-BAR-scaled.jpg\",\"width\":2560,\"height\":1703},{\"@type\":\"BreadcrumbList\",\"@id\":\"https:\\\/\\\/www.athena-cbh.com\\\/fr\\\/couples-vacances\\\/st-andrews-rooftop-bar\\\/#breadcrumb\",\"itemListElement\":[{\"@type\":\"ListItem\",\"position\":1,\"name\":\"Home\",\"item\":\"https:\\\/\\\/www.athena-cbh.com\\\/fr\\\/\"},{\"@type\":\"ListItem\",\"position\":2,\"name\":\"Vacances en couple\",\"item\":\"https:\\\/\\\/www.athena-cbh.com\\\/fr\\\/couples-vacances\\\/\"},{\"@type\":\"ListItem\",\"position\":3,\"name\":\"St. Andrew&#8217;s Rooftop Bar (Pour Adultes &#8211; Classe Elite)\"}]},{\"@type\":\"WebSite\",\"@id\":\"https:\\\/\\\/www.athena-cbh.com\\\/fr\\\/#website\",\"url\":\"https:\\\/\\\/www.athena-cbh.com\\\/fr\\\/\",\"name\":\"Athena Beach Hotel\",\"description\":\"Constantinou Bros Athena Beach Hotel, 4 star hotel in Paphos Cyprus\",\"potentialAction\":[{\"@type\":\"SearchAction\",\"target\":{\"@type\":\"EntryPoint\",\"urlTemplate\":\"https:\\\/\\\/www.athena-cbh.com\\\/fr\\\/?s={search_term_string}\"},\"query-input\":{\"@type\":\"PropertyValueSpecification\",\"valueRequired\":true,\"valueName\":\"search_term_string\"}}],\"inLanguage\":\"fr-FR\"}]}<\/script>\n<!-- \/ Yoast SEO plugin. -->","yoast_head_json":{"title":"St. Andrew's Rooftop Bar (Pour Adultes - Classe Elite) - Athena Beach Hotel","robots":{"index":"index","follow":"follow","max-snippet":"max-snippet:-1","max-image-preview":"max-image-preview:large","max-video-preview":"max-video-preview:-1"},"canonical":"https:\/\/www.athena-cbh.com\/fr\/couples-vacances\/st-andrews-rooftop-bar\/","og_locale":"fr_FR","og_type":"article","og_title":"St. Andrew's Rooftop Bar (Pour Adultes - Classe Elite) - Athena Beach Hotel","og_description":"D\u00e9tente au St. Andrew&rsquo;s Rooftop Bar Une nouveaut\u00e9 dans l&rsquo;offre de l&rsquo;h\u00f4tel est le St. Andrew&rsquo;s Rooftop Bar (Elite Class &#8211; Adults only plus de 16 ans). Un paradis sur\u00e9lev\u00e9 avec une vue imprenable sur la mer est l&rsquo;endroit id\u00e9al pour se d\u00e9tendre et observer les couleurs du coucher de soleil tout en d\u00e9gustant vos","og_url":"https:\/\/www.athena-cbh.com\/fr\/couples-vacances\/st-andrews-rooftop-bar\/","og_site_name":"Athena Beach Hotel","article_modified_time":"2025-03-10T11:27:51+00:00","og_image":[{"width":2560,"height":1703,"url":"https:\/\/www.athena-cbh.com\/app\/uploads\/sites\/20\/2023\/08\/30-ATHENA-BEACH-HOTEL-ST.-ANDREWS-ROOFTOP-BAR-scaled.jpg","type":"image\/jpeg"}],"twitter_card":"summary_large_image","twitter_misc":{"Dur\u00e9e de lecture estim\u00e9e":"1 minute"},"schema":{"@context":"https:\/\/schema.org","@graph":[{"@type":"WebPage","@id":"https:\/\/www.athena-cbh.com\/fr\/couples-vacances\/st-andrews-rooftop-bar\/","url":"https:\/\/www.athena-cbh.com\/fr\/couples-vacances\/st-andrews-rooftop-bar\/","name":"St. Andrew's Rooftop Bar (Pour Adultes - Classe Elite) - Athena Beach Hotel","isPartOf":{"@id":"https:\/\/www.athena-cbh.com\/fr\/#website"},"primaryImageOfPage":{"@id":"https:\/\/www.athena-cbh.com\/fr\/couples-vacances\/st-andrews-rooftop-bar\/#primaryimage"},"image":{"@id":"https:\/\/www.athena-cbh.com\/fr\/couples-vacances\/st-andrews-rooftop-bar\/#primaryimage"},"thumbnailUrl":"https:\/\/www.athena-cbh.com\/app\/uploads\/sites\/20\/2023\/08\/30-ATHENA-BEACH-HOTEL-ST.-ANDREWS-ROOFTOP-BAR-scaled.jpg","datePublished":"2024-09-20T11:16:01+00:00","dateModified":"2025-03-10T11:27:51+00:00","breadcrumb":{"@id":"https:\/\/www.athena-cbh.com\/fr\/couples-vacances\/st-andrews-rooftop-bar\/#breadcrumb"},"inLanguage":"fr-FR","potentialAction":[{"@type":"ReadAction","target":["https:\/\/www.athena-cbh.com\/fr\/couples-vacances\/st-andrews-rooftop-bar\/"]}]},{"@type":"ImageObject","inLanguage":"fr-FR","@id":"https:\/\/www.athena-cbh.com\/fr\/couples-vacances\/st-andrews-rooftop-bar\/#primaryimage","url":"https:\/\/www.athena-cbh.com\/app\/uploads\/sites\/20\/2023\/08\/30-ATHENA-BEACH-HOTEL-ST.-ANDREWS-ROOFTOP-BAR-scaled.jpg","contentUrl":"https:\/\/www.athena-cbh.com\/app\/uploads\/sites\/20\/2023\/08\/30-ATHENA-BEACH-HOTEL-ST.-ANDREWS-ROOFTOP-BAR-scaled.jpg","width":2560,"height":1703},{"@type":"BreadcrumbList","@id":"https:\/\/www.athena-cbh.com\/fr\/couples-vacances\/st-andrews-rooftop-bar\/#breadcrumb","itemListElement":[{"@type":"ListItem","position":1,"name":"Home","item":"https:\/\/www.athena-cbh.com\/fr\/"},{"@type":"ListItem","position":2,"name":"Vacances en couple","item":"https:\/\/www.athena-cbh.com\/fr\/couples-vacances\/"},{"@type":"ListItem","position":3,"name":"St. Andrew&#8217;s Rooftop Bar (Pour Adultes &#8211; Classe Elite)"}]},{"@type":"WebSite","@id":"https:\/\/www.athena-cbh.com\/fr\/#website","url":"https:\/\/www.athena-cbh.com\/fr\/","name":"Athena Beach Hotel","description":"Constantinou Bros Athena Beach Hotel, 4 star hotel in Paphos Cyprus","potentialAction":[{"@type":"SearchAction","target":{"@type":"EntryPoint","urlTemplate":"https:\/\/www.athena-cbh.com\/fr\/?s={search_term_string}"},"query-input":{"@type":"PropertyValueSpecification","valueRequired":true,"valueName":"search_term_string"}}],"inLanguage":"fr-FR"}]}},"_links":{"self":[{"href":"https:\/\/www.athena-cbh.com\/fr\/wp-json\/wp\/v2\/pages\/20847","targetHints":{"allow":["GET"]}}],"collection":[{"href":"https:\/\/www.athena-cbh.com\/fr\/wp-json\/wp\/v2\/pages"}],"about":[{"href":"https:\/\/www.athena-cbh.com\/fr\/wp-json\/wp\/v2\/types\/page"}],"author":[{"embeddable":true,"href":"https:\/\/www.athena-cbh.com\/fr\/wp-json\/wp\/v2\/users\/100"}],"replies":[{"embeddable":true,"href":"https:\/\/www.athena-cbh.com\/fr\/wp-json\/wp\/v2\/comments?post=20847"}],"version-history":[{"count":9,"href":"https:\/\/www.athena-cbh.com\/fr\/wp-json\/wp\/v2\/pages\/20847\/revisions"}],"predecessor-version":[{"id":21887,"href":"https:\/\/www.athena-cbh.com\/fr\/wp-json\/wp\/v2\/pages\/20847\/revisions\/21887"}],"up":[{"embeddable":true,"href":"https:\/\/www.athena-cbh.com\/fr\/wp-json\/wp\/v2\/pages\/15229"}],"wp:featuredmedia":[{"embeddable":true,"href":"https:\/\/www.athena-cbh.com\/fr\/wp-json\/wp\/v2\/media\/16935"}],"wp:attachment":[{"href":"https:\/\/www.athena-cbh.com\/fr\/wp-json\/wp\/v2\/media?parent=20847"}],"curies":[{"name":"wp","href":"https:\/\/api.w.org\/{rel}","templated":true}]}}