{"id":18546,"date":"2024-07-22T17:24:08","date_gmt":"2024-07-22T14:24:08","guid":{"rendered":"https:\/\/www.athena-cbh.com\/couples-vacances\/adulte-piscine-bar-ete\/"},"modified":"2024-09-16T18:54:32","modified_gmt":"2024-09-16T15:54:32","slug":"adulte-piscine-bar-ete","status":"publish","type":"page","link":"https:\/\/www.athena-cbh.com\/fr\/couples-vacances\/adulte-piscine-bar-ete\/","title":{"rendered":"Bar de la piscine pour adultes"},"content":{"rendered":"<p>Le bar de la piscine pour adultes est situ\u00e9 dans la zone r\u00e9serv\u00e9e aux adultes et accueille les clients \u00e2g\u00e9s de 16 ans et plus (en \u00e9t\u00e9 uniquement). D\u00e9tendez-vous au bord de la piscine et profitez de la vue tout en \u00e9tanchant votre soif avec vos boissons alcoolis\u00e9es ou non alcoolis\u00e9es pr\u00e9f\u00e9r\u00e9es, des cocktails de marque ou des jus rafra\u00eechissants pr\u00e9par\u00e9s par nos barmans au bar de la piscine.<\/p>\n","protected":false},"excerpt":{"rendered":"<p>Le bar de la piscine pour adultes est situ\u00e9 dans la zone r\u00e9serv\u00e9e aux adultes et accueille les clients \u00e2g\u00e9s de 16 ans et plus (en \u00e9t\u00e9 uniquement). D\u00e9tendez-vous au bord de la piscine et profitez de la vue tout en \u00e9tanchant votre soif avec vos boissons alcoolis\u00e9es ou non alcoolis\u00e9es pr\u00e9f\u00e9r\u00e9es, des cocktails de<\/p>\n","protected":false},"author":100,"featured_media":12692,"parent":15229,"menu_order":0,"comment_status":"closed","ping_status":"closed","template":"","meta":{"_acf_changed":false,"footnotes":""},"class_list":["post-18546","page","type-page","status-publish","has-post-thumbnail","hentry"],"acf":[],"yoast_head":"<!-- This site is optimized with the Yoast SEO plugin v27.5 - https:\/\/yoast.com\/product\/yoast-seo-wordpress\/ -->\n<title>Bar de la piscine pour adultes - Athena Beach Hotel<\/title>\n<meta name=\"description\" content=\"Notre bar de piscine 16+ Ce bar de piscine d\u00e9gage une atmosph\u00e8re sereine pour accompagner votre choix de boisson, et c&#039;est l&#039;endroit id\u00e9al pour regarder le soleil se coucher.\" \/>\n<meta name=\"robots\" content=\"index, follow, max-snippet:-1, max-image-preview:large, max-video-preview:-1\" \/>\n<link rel=\"canonical\" href=\"https:\/\/www.athena-cbh.com\/fr\/couples-vacances\/adulte-piscine-bar-ete\/\" \/>\n<meta property=\"og:locale\" content=\"fr_FR\" \/>\n<meta property=\"og:type\" content=\"article\" \/>\n<meta property=\"og:title\" content=\"Bar de la piscine pour adultes - Athena Beach Hotel\" \/>\n<meta property=\"og:description\" content=\"Notre bar de piscine 16+ Ce bar de piscine d\u00e9gage une atmosph\u00e8re sereine pour accompagner votre choix de boisson, et c&#039;est l&#039;endroit id\u00e9al pour regarder le soleil se coucher.\" \/>\n<meta property=\"og:url\" content=\"https:\/\/www.athena-cbh.com\/fr\/couples-vacances\/adulte-piscine-bar-ete\/\" \/>\n<meta property=\"og:site_name\" content=\"Athena Beach Hotel\" \/>\n<meta property=\"article:modified_time\" content=\"2024-09-16T15:54:32+00:00\" \/>\n<meta property=\"og:image\" content=\"https:\/\/www.athena-cbh.com\/app\/uploads\/sites\/20\/2022\/07\/33-ATHENA-BEACH-HOTEL-ADULT-POOL-BAR-AREA-scaled.jpg\" \/>\n\t<meta property=\"og:image:width\" content=\"2560\" \/>\n\t<meta property=\"og:image:height\" content=\"1707\" \/>\n\t<meta property=\"og:image:type\" content=\"image\/jpeg\" \/>\n<meta name=\"twitter:card\" content=\"summary_large_image\" \/>\n<meta name=\"twitter:label1\" content=\"Dur\u00e9e de lecture estim\u00e9e\" \/>\n\t<meta name=\"twitter:data1\" content=\"1 minute\" \/>\n<script type=\"application\/ld+json\" class=\"yoast-schema-graph\">{\"@context\":\"https:\\\/\\\/schema.org\",\"@graph\":[{\"@type\":\"WebPage\",\"@id\":\"https:\\\/\\\/www.athena-cbh.com\\\/fr\\\/couples-vacances\\\/adulte-piscine-bar-ete\\\/\",\"url\":\"https:\\\/\\\/www.athena-cbh.com\\\/fr\\\/couples-vacances\\\/adulte-piscine-bar-ete\\\/\",\"name\":\"Bar de la piscine pour adultes - Athena Beach Hotel\",\"isPartOf\":{\"@id\":\"https:\\\/\\\/www.athena-cbh.com\\\/fr\\\/#website\"},\"primaryImageOfPage\":{\"@id\":\"https:\\\/\\\/www.athena-cbh.com\\\/fr\\\/couples-vacances\\\/adulte-piscine-bar-ete\\\/#primaryimage\"},\"image\":{\"@id\":\"https:\\\/\\\/www.athena-cbh.com\\\/fr\\\/couples-vacances\\\/adulte-piscine-bar-ete\\\/#primaryimage\"},\"thumbnailUrl\":\"https:\\\/\\\/www.athena-cbh.com\\\/app\\\/uploads\\\/sites\\\/20\\\/2022\\\/07\\\/33-ATHENA-BEACH-HOTEL-ADULT-POOL-BAR-AREA-scaled.jpg\",\"datePublished\":\"2024-07-22T14:24:08+00:00\",\"dateModified\":\"2024-09-16T15:54:32+00:00\",\"description\":\"Notre bar de piscine 16+ Ce bar de piscine d\u00e9gage une atmosph\u00e8re sereine pour accompagner votre choix de boisson, et c'est l'endroit id\u00e9al pour regarder le soleil se coucher.\",\"breadcrumb\":{\"@id\":\"https:\\\/\\\/www.athena-cbh.com\\\/fr\\\/couples-vacances\\\/adulte-piscine-bar-ete\\\/#breadcrumb\"},\"inLanguage\":\"fr-FR\",\"potentialAction\":[{\"@type\":\"ReadAction\",\"target\":[\"https:\\\/\\\/www.athena-cbh.com\\\/fr\\\/couples-vacances\\\/adulte-piscine-bar-ete\\\/\"]}]},{\"@type\":\"ImageObject\",\"inLanguage\":\"fr-FR\",\"@id\":\"https:\\\/\\\/www.athena-cbh.com\\\/fr\\\/couples-vacances\\\/adulte-piscine-bar-ete\\\/#primaryimage\",\"url\":\"https:\\\/\\\/www.athena-cbh.com\\\/app\\\/uploads\\\/sites\\\/20\\\/2022\\\/07\\\/33-ATHENA-BEACH-HOTEL-ADULT-POOL-BAR-AREA-scaled.jpg\",\"contentUrl\":\"https:\\\/\\\/www.athena-cbh.com\\\/app\\\/uploads\\\/sites\\\/20\\\/2022\\\/07\\\/33-ATHENA-BEACH-HOTEL-ADULT-POOL-BAR-AREA-scaled.jpg\",\"width\":2560,\"height\":1707},{\"@type\":\"BreadcrumbList\",\"@id\":\"https:\\\/\\\/www.athena-cbh.com\\\/fr\\\/couples-vacances\\\/adulte-piscine-bar-ete\\\/#breadcrumb\",\"itemListElement\":[{\"@type\":\"ListItem\",\"position\":1,\"name\":\"Home\",\"item\":\"https:\\\/\\\/www.athena-cbh.com\\\/fr\\\/\"},{\"@type\":\"ListItem\",\"position\":2,\"name\":\"Vacances en couple\",\"item\":\"https:\\\/\\\/www.athena-cbh.com\\\/fr\\\/couples-vacances\\\/\"},{\"@type\":\"ListItem\",\"position\":3,\"name\":\"Bar de la piscine pour adultes\"}]},{\"@type\":\"WebSite\",\"@id\":\"https:\\\/\\\/www.athena-cbh.com\\\/fr\\\/#website\",\"url\":\"https:\\\/\\\/www.athena-cbh.com\\\/fr\\\/\",\"name\":\"Athena Beach Hotel\",\"description\":\"Constantinou Bros Athena Beach Hotel, 4 star hotel in Paphos Cyprus\",\"potentialAction\":[{\"@type\":\"SearchAction\",\"target\":{\"@type\":\"EntryPoint\",\"urlTemplate\":\"https:\\\/\\\/www.athena-cbh.com\\\/fr\\\/?s={search_term_string}\"},\"query-input\":{\"@type\":\"PropertyValueSpecification\",\"valueRequired\":true,\"valueName\":\"search_term_string\"}}],\"inLanguage\":\"fr-FR\"}]}<\/script>\n<!-- \/ Yoast SEO plugin. -->","yoast_head_json":{"title":"Bar de la piscine pour adultes - Athena Beach Hotel","description":"Notre bar de piscine 16+ Ce bar de piscine d\u00e9gage une atmosph\u00e8re sereine pour accompagner votre choix de boisson, et c'est l'endroit id\u00e9al pour regarder le soleil se coucher.","robots":{"index":"index","follow":"follow","max-snippet":"max-snippet:-1","max-image-preview":"max-image-preview:large","max-video-preview":"max-video-preview:-1"},"canonical":"https:\/\/www.athena-cbh.com\/fr\/couples-vacances\/adulte-piscine-bar-ete\/","og_locale":"fr_FR","og_type":"article","og_title":"Bar de la piscine pour adultes - Athena Beach Hotel","og_description":"Notre bar de piscine 16+ Ce bar de piscine d\u00e9gage une atmosph\u00e8re sereine pour accompagner votre choix de boisson, et c'est l'endroit id\u00e9al pour regarder le soleil se coucher.","og_url":"https:\/\/www.athena-cbh.com\/fr\/couples-vacances\/adulte-piscine-bar-ete\/","og_site_name":"Athena Beach Hotel","article_modified_time":"2024-09-16T15:54:32+00:00","og_image":[{"width":2560,"height":1707,"url":"https:\/\/www.athena-cbh.com\/app\/uploads\/sites\/20\/2022\/07\/33-ATHENA-BEACH-HOTEL-ADULT-POOL-BAR-AREA-scaled.jpg","type":"image\/jpeg"}],"twitter_card":"summary_large_image","twitter_misc":{"Dur\u00e9e de lecture estim\u00e9e":"1 minute"},"schema":{"@context":"https:\/\/schema.org","@graph":[{"@type":"WebPage","@id":"https:\/\/www.athena-cbh.com\/fr\/couples-vacances\/adulte-piscine-bar-ete\/","url":"https:\/\/www.athena-cbh.com\/fr\/couples-vacances\/adulte-piscine-bar-ete\/","name":"Bar de la piscine pour adultes - Athena Beach Hotel","isPartOf":{"@id":"https:\/\/www.athena-cbh.com\/fr\/#website"},"primaryImageOfPage":{"@id":"https:\/\/www.athena-cbh.com\/fr\/couples-vacances\/adulte-piscine-bar-ete\/#primaryimage"},"image":{"@id":"https:\/\/www.athena-cbh.com\/fr\/couples-vacances\/adulte-piscine-bar-ete\/#primaryimage"},"thumbnailUrl":"https:\/\/www.athena-cbh.com\/app\/uploads\/sites\/20\/2022\/07\/33-ATHENA-BEACH-HOTEL-ADULT-POOL-BAR-AREA-scaled.jpg","datePublished":"2024-07-22T14:24:08+00:00","dateModified":"2024-09-16T15:54:32+00:00","description":"Notre bar de piscine 16+ Ce bar de piscine d\u00e9gage une atmosph\u00e8re sereine pour accompagner votre choix de boisson, et c'est l'endroit id\u00e9al pour regarder le soleil se coucher.","breadcrumb":{"@id":"https:\/\/www.athena-cbh.com\/fr\/couples-vacances\/adulte-piscine-bar-ete\/#breadcrumb"},"inLanguage":"fr-FR","potentialAction":[{"@type":"ReadAction","target":["https:\/\/www.athena-cbh.com\/fr\/couples-vacances\/adulte-piscine-bar-ete\/"]}]},{"@type":"ImageObject","inLanguage":"fr-FR","@id":"https:\/\/www.athena-cbh.com\/fr\/couples-vacances\/adulte-piscine-bar-ete\/#primaryimage","url":"https:\/\/www.athena-cbh.com\/app\/uploads\/sites\/20\/2022\/07\/33-ATHENA-BEACH-HOTEL-ADULT-POOL-BAR-AREA-scaled.jpg","contentUrl":"https:\/\/www.athena-cbh.com\/app\/uploads\/sites\/20\/2022\/07\/33-ATHENA-BEACH-HOTEL-ADULT-POOL-BAR-AREA-scaled.jpg","width":2560,"height":1707},{"@type":"BreadcrumbList","@id":"https:\/\/www.athena-cbh.com\/fr\/couples-vacances\/adulte-piscine-bar-ete\/#breadcrumb","itemListElement":[{"@type":"ListItem","position":1,"name":"Home","item":"https:\/\/www.athena-cbh.com\/fr\/"},{"@type":"ListItem","position":2,"name":"Vacances en couple","item":"https:\/\/www.athena-cbh.com\/fr\/couples-vacances\/"},{"@type":"ListItem","position":3,"name":"Bar de la piscine pour adultes"}]},{"@type":"WebSite","@id":"https:\/\/www.athena-cbh.com\/fr\/#website","url":"https:\/\/www.athena-cbh.com\/fr\/","name":"Athena Beach Hotel","description":"Constantinou Bros Athena Beach Hotel, 4 star hotel in Paphos Cyprus","potentialAction":[{"@type":"SearchAction","target":{"@type":"EntryPoint","urlTemplate":"https:\/\/www.athena-cbh.com\/fr\/?s={search_term_string}"},"query-input":{"@type":"PropertyValueSpecification","valueRequired":true,"valueName":"search_term_string"}}],"inLanguage":"fr-FR"}]}},"_links":{"self":[{"href":"https:\/\/www.athena-cbh.com\/fr\/wp-json\/wp\/v2\/pages\/18546","targetHints":{"allow":["GET"]}}],"collection":[{"href":"https:\/\/www.athena-cbh.com\/fr\/wp-json\/wp\/v2\/pages"}],"about":[{"href":"https:\/\/www.athena-cbh.com\/fr\/wp-json\/wp\/v2\/types\/page"}],"author":[{"embeddable":true,"href":"https:\/\/www.athena-cbh.com\/fr\/wp-json\/wp\/v2\/users\/100"}],"replies":[{"embeddable":true,"href":"https:\/\/www.athena-cbh.com\/fr\/wp-json\/wp\/v2\/comments?post=18546"}],"version-history":[{"count":1,"href":"https:\/\/www.athena-cbh.com\/fr\/wp-json\/wp\/v2\/pages\/18546\/revisions"}],"predecessor-version":[{"id":20550,"href":"https:\/\/www.athena-cbh.com\/fr\/wp-json\/wp\/v2\/pages\/18546\/revisions\/20550"}],"up":[{"embeddable":true,"href":"https:\/\/www.athena-cbh.com\/fr\/wp-json\/wp\/v2\/pages\/15229"}],"wp:featuredmedia":[{"embeddable":true,"href":"https:\/\/www.athena-cbh.com\/fr\/wp-json\/wp\/v2\/media\/12692"}],"wp:attachment":[{"href":"https:\/\/www.athena-cbh.com\/fr\/wp-json\/wp\/v2\/media?parent=18546"}],"curies":[{"name":"wp","href":"https:\/\/api.w.org\/{rel}","templated":true}]}}