{"id":18534,"date":"2024-07-22T17:24:03","date_gmt":"2024-07-22T14:24:03","guid":{"rendered":"https:\/\/www.athena-cbh.com\/activites-vacances\/"},"modified":"2024-09-16T18:54:14","modified_gmt":"2024-09-16T15:54:14","slug":"activites-vacances","status":"publish","type":"page","link":"https:\/\/www.athena-cbh.com\/fr\/activites-vacances\/","title":{"rendered":"Vacances actives"},"content":{"rendered":"<p>Si vous \u00eates un voyageur qui recherche un peu d&rsquo;excitation pendant ses vacances, vous serez heureux d&rsquo;apprendre qu&rsquo;en s\u00e9journant \u00e0 l&rsquo;Athena Beach Hotel, vous pourrez vivre l&rsquo;exp\u00e9rience la plus excitante des vacances actives \u00e0 Chypre.<br \/>\nL&rsquo;h\u00f4tel de Paphos, situ\u00e9 en bord de mer, dispose d&rsquo;installations d\u00e9di\u00e9es \u00e0 l&rsquo;organisation des activit\u00e9s que vous recherchez \u00e0 Chypre.<br \/>\nQu&rsquo;il s&rsquo;agisse de cyclisme, de bowling ou de golf, vous pouvez \u00eatre s\u00fbr que vous serez occup\u00e9 et que vous profiterez pleinement de votre s\u00e9jour \u00e0 l&rsquo;Athena Beach Hotel.<br \/>\nDe plus, l&rsquo;h\u00f4tel b\u00e9n\u00e9ficie d&rsquo;une position strat\u00e9gique et d&rsquo;un emplacement id\u00e9al sur la plage.<br \/>\nCela signifie que vous pouvez faire des promenades ou des courses le long de la plage tous les jours et \u00e0 tout moment, et que vous pouvez utiliser notre emplacement comme base pour d\u00e9couvrir les environs et participer \u00e0 des vacances d&rsquo;activit\u00e9s plus aventureuses \u00e0 Chypre, dans le cadre de l&rsquo;exploration des environs de la grande r\u00e9gion de Paphos.<\/p>\n","protected":false},"excerpt":{"rendered":"<p>Si vous \u00eates un voyageur qui recherche un peu d&rsquo;excitation pendant ses vacances, vous serez heureux d&rsquo;apprendre qu&rsquo;en s\u00e9journant \u00e0 l&rsquo;Athena Beach Hotel, vous pourrez vivre l&rsquo;exp\u00e9rience la plus excitante des vacances actives \u00e0 Chypre. L&rsquo;h\u00f4tel de Paphos, situ\u00e9 en bord de mer, dispose d&rsquo;installations d\u00e9di\u00e9es \u00e0 l&rsquo;organisation des activit\u00e9s que vous recherchez \u00e0 Chypre.<\/p>\n","protected":false},"author":100,"featured_media":11306,"parent":0,"menu_order":0,"comment_status":"closed","ping_status":"closed","template":"page-templates\/simple-list.php","meta":{"_acf_changed":false,"footnotes":""},"class_list":["post-18534","page","type-page","status-publish","has-post-thumbnail","hentry"],"acf":[],"yoast_head":"<!-- This site is optimized with the Yoast SEO plugin v27.5 - https:\/\/yoast.com\/product\/yoast-seo-wordpress\/ -->\n<title>H\u00f4tel Paphos pour des vacances actives \u00e0 Chypre | Athena Beach Hotel<\/title>\n<meta name=\"description\" content=\"L&#039;Athena Beach Hotel by Constantinou Bros est un fabuleux h\u00f4tel de bord de mer \u00e0 Paphos qui vous offre la possibilit\u00e9 de passer des vacances actives \u00e0 Chypre.\" \/>\n<meta name=\"robots\" content=\"index, follow, max-snippet:-1, max-image-preview:large, max-video-preview:-1\" \/>\n<link rel=\"canonical\" href=\"https:\/\/www.athena-cbh.com\/fr\/activites-vacances\/\" \/>\n<meta property=\"og:locale\" content=\"fr_FR\" \/>\n<meta property=\"og:type\" content=\"article\" \/>\n<meta property=\"og:title\" content=\"H\u00f4tel Paphos pour des vacances actives \u00e0 Chypre | Athena Beach Hotel\" \/>\n<meta property=\"og:description\" content=\"L&#039;Athena Beach Hotel by Constantinou Bros est un fabuleux h\u00f4tel de bord de mer \u00e0 Paphos qui vous offre la possibilit\u00e9 de passer des vacances actives \u00e0 Chypre.\" \/>\n<meta property=\"og:url\" content=\"https:\/\/www.athena-cbh.com\/fr\/activites-vacances\/\" \/>\n<meta property=\"og:site_name\" content=\"Athena Beach Hotel\" \/>\n<meta property=\"article:modified_time\" content=\"2024-09-16T15:54:14+00:00\" \/>\n<meta property=\"og:image\" content=\"https:\/\/www.athena-cbh.com\/app\/uploads\/sites\/20\/2022\/07\/86-ATHENA-BEACH-HOTEL-BIKE-ROOM-scaled.jpg\" \/>\n\t<meta property=\"og:image:width\" content=\"2560\" \/>\n\t<meta property=\"og:image:height\" content=\"1707\" \/>\n\t<meta property=\"og:image:type\" content=\"image\/jpeg\" \/>\n<meta name=\"twitter:card\" content=\"summary_large_image\" \/>\n<meta name=\"twitter:label1\" content=\"Dur\u00e9e de lecture estim\u00e9e\" \/>\n\t<meta name=\"twitter:data1\" content=\"1 minute\" \/>\n<script type=\"application\/ld+json\" class=\"yoast-schema-graph\">{\"@context\":\"https:\\\/\\\/schema.org\",\"@graph\":[{\"@type\":\"WebPage\",\"@id\":\"https:\\\/\\\/www.athena-cbh.com\\\/fr\\\/activites-vacances\\\/\",\"url\":\"https:\\\/\\\/www.athena-cbh.com\\\/fr\\\/activites-vacances\\\/\",\"name\":\"H\u00f4tel Paphos pour des vacances actives \u00e0 Chypre | Athena Beach Hotel\",\"isPartOf\":{\"@id\":\"https:\\\/\\\/www.athena-cbh.com\\\/fr\\\/#website\"},\"primaryImageOfPage\":{\"@id\":\"https:\\\/\\\/www.athena-cbh.com\\\/fr\\\/activites-vacances\\\/#primaryimage\"},\"image\":{\"@id\":\"https:\\\/\\\/www.athena-cbh.com\\\/fr\\\/activites-vacances\\\/#primaryimage\"},\"thumbnailUrl\":\"https:\\\/\\\/www.athena-cbh.com\\\/app\\\/uploads\\\/sites\\\/20\\\/2022\\\/07\\\/86-ATHENA-BEACH-HOTEL-BIKE-ROOM-scaled.jpg\",\"datePublished\":\"2024-07-22T14:24:03+00:00\",\"dateModified\":\"2024-09-16T15:54:14+00:00\",\"description\":\"L'Athena Beach Hotel by Constantinou Bros est un fabuleux h\u00f4tel de bord de mer \u00e0 Paphos qui vous offre la possibilit\u00e9 de passer des vacances actives \u00e0 Chypre.\",\"breadcrumb\":{\"@id\":\"https:\\\/\\\/www.athena-cbh.com\\\/fr\\\/activites-vacances\\\/#breadcrumb\"},\"inLanguage\":\"fr-FR\",\"potentialAction\":[{\"@type\":\"ReadAction\",\"target\":[\"https:\\\/\\\/www.athena-cbh.com\\\/fr\\\/activites-vacances\\\/\"]}]},{\"@type\":\"ImageObject\",\"inLanguage\":\"fr-FR\",\"@id\":\"https:\\\/\\\/www.athena-cbh.com\\\/fr\\\/activites-vacances\\\/#primaryimage\",\"url\":\"https:\\\/\\\/www.athena-cbh.com\\\/app\\\/uploads\\\/sites\\\/20\\\/2022\\\/07\\\/86-ATHENA-BEACH-HOTEL-BIKE-ROOM-scaled.jpg\",\"contentUrl\":\"https:\\\/\\\/www.athena-cbh.com\\\/app\\\/uploads\\\/sites\\\/20\\\/2022\\\/07\\\/86-ATHENA-BEACH-HOTEL-BIKE-ROOM-scaled.jpg\",\"width\":2560,\"height\":1707},{\"@type\":\"BreadcrumbList\",\"@id\":\"https:\\\/\\\/www.athena-cbh.com\\\/fr\\\/activites-vacances\\\/#breadcrumb\",\"itemListElement\":[{\"@type\":\"ListItem\",\"position\":1,\"name\":\"Home\",\"item\":\"https:\\\/\\\/www.athena-cbh.com\\\/fr\\\/\"},{\"@type\":\"ListItem\",\"position\":2,\"name\":\"Vacances actives\"}]},{\"@type\":\"WebSite\",\"@id\":\"https:\\\/\\\/www.athena-cbh.com\\\/fr\\\/#website\",\"url\":\"https:\\\/\\\/www.athena-cbh.com\\\/fr\\\/\",\"name\":\"Athena Beach Hotel\",\"description\":\"Constantinou Bros Athena Beach Hotel, 4 star hotel in Paphos Cyprus\",\"potentialAction\":[{\"@type\":\"SearchAction\",\"target\":{\"@type\":\"EntryPoint\",\"urlTemplate\":\"https:\\\/\\\/www.athena-cbh.com\\\/fr\\\/?s={search_term_string}\"},\"query-input\":{\"@type\":\"PropertyValueSpecification\",\"valueRequired\":true,\"valueName\":\"search_term_string\"}}],\"inLanguage\":\"fr-FR\"}]}<\/script>\n<!-- \/ Yoast SEO plugin. -->","yoast_head_json":{"title":"H\u00f4tel Paphos pour des vacances actives \u00e0 Chypre | Athena Beach Hotel","description":"L'Athena Beach Hotel by Constantinou Bros est un fabuleux h\u00f4tel de bord de mer \u00e0 Paphos qui vous offre la possibilit\u00e9 de passer des vacances actives \u00e0 Chypre.","robots":{"index":"index","follow":"follow","max-snippet":"max-snippet:-1","max-image-preview":"max-image-preview:large","max-video-preview":"max-video-preview:-1"},"canonical":"https:\/\/www.athena-cbh.com\/fr\/activites-vacances\/","og_locale":"fr_FR","og_type":"article","og_title":"H\u00f4tel Paphos pour des vacances actives \u00e0 Chypre | Athena Beach Hotel","og_description":"L'Athena Beach Hotel by Constantinou Bros est un fabuleux h\u00f4tel de bord de mer \u00e0 Paphos qui vous offre la possibilit\u00e9 de passer des vacances actives \u00e0 Chypre.","og_url":"https:\/\/www.athena-cbh.com\/fr\/activites-vacances\/","og_site_name":"Athena Beach Hotel","article_modified_time":"2024-09-16T15:54:14+00:00","og_image":[{"width":2560,"height":1707,"url":"https:\/\/www.athena-cbh.com\/app\/uploads\/sites\/20\/2022\/07\/86-ATHENA-BEACH-HOTEL-BIKE-ROOM-scaled.jpg","type":"image\/jpeg"}],"twitter_card":"summary_large_image","twitter_misc":{"Dur\u00e9e de lecture estim\u00e9e":"1 minute"},"schema":{"@context":"https:\/\/schema.org","@graph":[{"@type":"WebPage","@id":"https:\/\/www.athena-cbh.com\/fr\/activites-vacances\/","url":"https:\/\/www.athena-cbh.com\/fr\/activites-vacances\/","name":"H\u00f4tel Paphos pour des vacances actives \u00e0 Chypre | Athena Beach Hotel","isPartOf":{"@id":"https:\/\/www.athena-cbh.com\/fr\/#website"},"primaryImageOfPage":{"@id":"https:\/\/www.athena-cbh.com\/fr\/activites-vacances\/#primaryimage"},"image":{"@id":"https:\/\/www.athena-cbh.com\/fr\/activites-vacances\/#primaryimage"},"thumbnailUrl":"https:\/\/www.athena-cbh.com\/app\/uploads\/sites\/20\/2022\/07\/86-ATHENA-BEACH-HOTEL-BIKE-ROOM-scaled.jpg","datePublished":"2024-07-22T14:24:03+00:00","dateModified":"2024-09-16T15:54:14+00:00","description":"L'Athena Beach Hotel by Constantinou Bros est un fabuleux h\u00f4tel de bord de mer \u00e0 Paphos qui vous offre la possibilit\u00e9 de passer des vacances actives \u00e0 Chypre.","breadcrumb":{"@id":"https:\/\/www.athena-cbh.com\/fr\/activites-vacances\/#breadcrumb"},"inLanguage":"fr-FR","potentialAction":[{"@type":"ReadAction","target":["https:\/\/www.athena-cbh.com\/fr\/activites-vacances\/"]}]},{"@type":"ImageObject","inLanguage":"fr-FR","@id":"https:\/\/www.athena-cbh.com\/fr\/activites-vacances\/#primaryimage","url":"https:\/\/www.athena-cbh.com\/app\/uploads\/sites\/20\/2022\/07\/86-ATHENA-BEACH-HOTEL-BIKE-ROOM-scaled.jpg","contentUrl":"https:\/\/www.athena-cbh.com\/app\/uploads\/sites\/20\/2022\/07\/86-ATHENA-BEACH-HOTEL-BIKE-ROOM-scaled.jpg","width":2560,"height":1707},{"@type":"BreadcrumbList","@id":"https:\/\/www.athena-cbh.com\/fr\/activites-vacances\/#breadcrumb","itemListElement":[{"@type":"ListItem","position":1,"name":"Home","item":"https:\/\/www.athena-cbh.com\/fr\/"},{"@type":"ListItem","position":2,"name":"Vacances actives"}]},{"@type":"WebSite","@id":"https:\/\/www.athena-cbh.com\/fr\/#website","url":"https:\/\/www.athena-cbh.com\/fr\/","name":"Athena Beach Hotel","description":"Constantinou Bros Athena Beach Hotel, 4 star hotel in Paphos Cyprus","potentialAction":[{"@type":"SearchAction","target":{"@type":"EntryPoint","urlTemplate":"https:\/\/www.athena-cbh.com\/fr\/?s={search_term_string}"},"query-input":{"@type":"PropertyValueSpecification","valueRequired":true,"valueName":"search_term_string"}}],"inLanguage":"fr-FR"}]}},"_links":{"self":[{"href":"https:\/\/www.athena-cbh.com\/fr\/wp-json\/wp\/v2\/pages\/18534","targetHints":{"allow":["GET"]}}],"collection":[{"href":"https:\/\/www.athena-cbh.com\/fr\/wp-json\/wp\/v2\/pages"}],"about":[{"href":"https:\/\/www.athena-cbh.com\/fr\/wp-json\/wp\/v2\/types\/page"}],"author":[{"embeddable":true,"href":"https:\/\/www.athena-cbh.com\/fr\/wp-json\/wp\/v2\/users\/100"}],"replies":[{"embeddable":true,"href":"https:\/\/www.athena-cbh.com\/fr\/wp-json\/wp\/v2\/comments?post=18534"}],"version-history":[{"count":1,"href":"https:\/\/www.athena-cbh.com\/fr\/wp-json\/wp\/v2\/pages\/18534\/revisions"}],"predecessor-version":[{"id":20536,"href":"https:\/\/www.athena-cbh.com\/fr\/wp-json\/wp\/v2\/pages\/18534\/revisions\/20536"}],"wp:featuredmedia":[{"embeddable":true,"href":"https:\/\/www.athena-cbh.com\/fr\/wp-json\/wp\/v2\/media\/11306"}],"wp:attachment":[{"href":"https:\/\/www.athena-cbh.com\/fr\/wp-json\/wp\/v2\/media?parent=18534"}],"curies":[{"name":"wp","href":"https:\/\/api.w.org\/{rel}","templated":true}]}}