{"id":18502,"date":"2024-07-22T17:23:58","date_gmt":"2024-07-22T14:23:58","guid":{"rendered":"https:\/\/www.athena-cbh.com\/vacances-cyclisme\/"},"modified":"2024-09-16T18:54:17","modified_gmt":"2024-09-16T15:54:17","slug":"vacances-cyclisme","status":"publish","type":"page","link":"https:\/\/www.athena-cbh.com\/fr\/activites-vacances\/vacances-cyclisme\/","title":{"rendered":"Vacances \u00e0 v\u00e9lo"},"content":{"rendered":"<p>Chypre offre une recette de conditions m\u00e9t\u00e9orologiques parfaites, qui font de l&rsquo;\u00eele l&rsquo;endroit id\u00e9al pour faire du v\u00e9lo tout au long de l&rsquo;ann\u00e9e.<br \/>\nLes vacances \u00e0 v\u00e9lo sont le moyen id\u00e9al de pratiquer un passe-temps int\u00e9ressant et gratifiant.<br \/>\nLes cyclistes professionnels et amateurs du monde entier viennent profiter de l&rsquo;excellent climat qui r\u00e8gne tout au long de l&rsquo;ann\u00e9e, des paysages \u00e9poustouflants et des distances courtes et faciles \u00e0 parcourir.<br \/>\nVous pouvez tracer votre propre itin\u00e9raire, en suivant des chemins de campagne ou des sentiers de montagne, ainsi que des pistes cyclables le long de certaines des routes les plus fr\u00e9quent\u00e9es des villes.<br \/>\nIl est incroyable, surtout \u00e0 Paphos, que vous puissiez vous trouver dans les montagnes et les for\u00eats le matin et redescendre au bord de la mer bleu cobalt l&rsquo;apr\u00e8s-midi.<br \/>\nPourquoi ne pas louer une bicyclette disponible \u00e0 l&rsquo;h\u00f4tel moyennant un petit suppl\u00e9ment, et partir \u00e0 l&rsquo;aventure \u00e0 v\u00e9lo.<br \/>\nPour plus d&rsquo;informations, veuillez contacter le service des relations avec les clients.<br \/>\nDe plus, les clients de l&rsquo;Athena Beach Hotel peuvent utiliser un local \u00e0 v\u00e9los s\u00fbr, organis\u00e9 et spacieux, offert gratuitement et exclusif aux clients des Constantinou Bros Hotels. <strong>Equipements disponibles<\/strong><\/p>\n<ul>\n<li>Local \u00e0 v\u00e9los d\u00e9di\u00e9 disponible<\/li>\n<li>Athena Beach Hotel Bike Storage &#8211; peut accueillir jusqu&rsquo;\u00e0 140 v\u00e9los<\/li>\n<li>Serrure d&rsquo;entr\u00e9e \u00e9lectronique accessible par un code personnalis\u00e9 fourni lors de l&rsquo;enregistrement.<\/li>\n<li>Acc\u00e8s \u00e0 des casiers individuels s\u00e9curis\u00e9s pour les chaussures et les casques avec la cl\u00e9 personnelle de l&rsquo;utilisateur.<\/li>\n<li>Stockage s\u00e9curis\u00e9 avec vid\u00e9osurveillance<\/li>\n<li>Installations de r\u00e9paration et d&rsquo;entretien sur site et pompe \u00e0 air<\/li>\n<li>Nettoyage des v\u00e9los<\/li>\n<li>Les deux installations permettent de ranger les v\u00e9los sur des supports verticaux ou au sol.<\/li>\n<\/ul>\n<p>&nbsp;<\/p>\n","protected":false},"excerpt":{"rendered":"<p>Chypre offre une recette de conditions m\u00e9t\u00e9orologiques parfaites, qui font de l&rsquo;\u00eele l&rsquo;endroit id\u00e9al pour faire du v\u00e9lo tout au long de l&rsquo;ann\u00e9e. Les vacances \u00e0 v\u00e9lo sont le moyen id\u00e9al de pratiquer un passe-temps int\u00e9ressant et gratifiant. Les cyclistes professionnels et amateurs du monde entier viennent profiter de l&rsquo;excellent climat qui r\u00e8gne tout au<\/p>\n","protected":false},"author":100,"featured_media":11306,"parent":18534,"menu_order":0,"comment_status":"closed","ping_status":"closed","template":"","meta":{"_acf_changed":false,"footnotes":""},"class_list":["post-18502","page","type-page","status-publish","has-post-thumbnail","hentry"],"acf":[],"yoast_head":"<!-- This site is optimized with the Yoast SEO plugin v27.5 - https:\/\/yoast.com\/product\/yoast-seo-wordpress\/ -->\n<title>Vacances \u00e0 v\u00e9lo - Athena Beach Hotel<\/title>\n<meta name=\"description\" content=\"L&#039;Athena Beach Hotel de Paphos propose des s\u00e9jours \u00e0 v\u00e9lo, ce qui permet aux clients de combiner leur passe-temps favori pendant leurs vacances.\" \/>\n<meta name=\"robots\" content=\"index, follow, max-snippet:-1, max-image-preview:large, max-video-preview:-1\" \/>\n<link rel=\"canonical\" href=\"https:\/\/www.athena-cbh.com\/fr\/activites-vacances\/vacances-cyclisme\/\" \/>\n<meta property=\"og:locale\" content=\"fr_FR\" \/>\n<meta property=\"og:type\" content=\"article\" \/>\n<meta property=\"og:title\" content=\"Vacances \u00e0 v\u00e9lo - Athena Beach Hotel\" \/>\n<meta property=\"og:description\" content=\"L&#039;Athena Beach Hotel de Paphos propose des s\u00e9jours \u00e0 v\u00e9lo, ce qui permet aux clients de combiner leur passe-temps favori pendant leurs vacances.\" \/>\n<meta property=\"og:url\" content=\"https:\/\/www.athena-cbh.com\/fr\/activites-vacances\/vacances-cyclisme\/\" \/>\n<meta property=\"og:site_name\" content=\"Athena Beach Hotel\" \/>\n<meta property=\"article:modified_time\" content=\"2024-09-16T15:54:17+00:00\" \/>\n<meta property=\"og:image\" content=\"https:\/\/www.athena-cbh.com\/app\/uploads\/sites\/20\/2022\/07\/86-ATHENA-BEACH-HOTEL-BIKE-ROOM-scaled.jpg\" \/>\n\t<meta property=\"og:image:width\" content=\"2560\" \/>\n\t<meta property=\"og:image:height\" content=\"1707\" \/>\n\t<meta property=\"og:image:type\" content=\"image\/jpeg\" \/>\n<meta name=\"twitter:card\" content=\"summary_large_image\" \/>\n<meta name=\"twitter:label1\" content=\"Dur\u00e9e de lecture estim\u00e9e\" \/>\n\t<meta name=\"twitter:data1\" content=\"2 minutes\" \/>\n<script type=\"application\/ld+json\" class=\"yoast-schema-graph\">{\"@context\":\"https:\\\/\\\/schema.org\",\"@graph\":[{\"@type\":\"WebPage\",\"@id\":\"https:\\\/\\\/www.athena-cbh.com\\\/fr\\\/activites-vacances\\\/vacances-cyclisme\\\/\",\"url\":\"https:\\\/\\\/www.athena-cbh.com\\\/fr\\\/activites-vacances\\\/vacances-cyclisme\\\/\",\"name\":\"Vacances \u00e0 v\u00e9lo - Athena Beach Hotel\",\"isPartOf\":{\"@id\":\"https:\\\/\\\/www.athena-cbh.com\\\/fr\\\/#website\"},\"primaryImageOfPage\":{\"@id\":\"https:\\\/\\\/www.athena-cbh.com\\\/fr\\\/activites-vacances\\\/vacances-cyclisme\\\/#primaryimage\"},\"image\":{\"@id\":\"https:\\\/\\\/www.athena-cbh.com\\\/fr\\\/activites-vacances\\\/vacances-cyclisme\\\/#primaryimage\"},\"thumbnailUrl\":\"https:\\\/\\\/www.athena-cbh.com\\\/app\\\/uploads\\\/sites\\\/20\\\/2022\\\/07\\\/86-ATHENA-BEACH-HOTEL-BIKE-ROOM-scaled.jpg\",\"datePublished\":\"2024-07-22T14:23:58+00:00\",\"dateModified\":\"2024-09-16T15:54:17+00:00\",\"description\":\"L'Athena Beach Hotel de Paphos propose des s\u00e9jours \u00e0 v\u00e9lo, ce qui permet aux clients de combiner leur passe-temps favori pendant leurs vacances.\",\"breadcrumb\":{\"@id\":\"https:\\\/\\\/www.athena-cbh.com\\\/fr\\\/activites-vacances\\\/vacances-cyclisme\\\/#breadcrumb\"},\"inLanguage\":\"fr-FR\",\"potentialAction\":[{\"@type\":\"ReadAction\",\"target\":[\"https:\\\/\\\/www.athena-cbh.com\\\/fr\\\/activites-vacances\\\/vacances-cyclisme\\\/\"]}]},{\"@type\":\"ImageObject\",\"inLanguage\":\"fr-FR\",\"@id\":\"https:\\\/\\\/www.athena-cbh.com\\\/fr\\\/activites-vacances\\\/vacances-cyclisme\\\/#primaryimage\",\"url\":\"https:\\\/\\\/www.athena-cbh.com\\\/app\\\/uploads\\\/sites\\\/20\\\/2022\\\/07\\\/86-ATHENA-BEACH-HOTEL-BIKE-ROOM-scaled.jpg\",\"contentUrl\":\"https:\\\/\\\/www.athena-cbh.com\\\/app\\\/uploads\\\/sites\\\/20\\\/2022\\\/07\\\/86-ATHENA-BEACH-HOTEL-BIKE-ROOM-scaled.jpg\",\"width\":2560,\"height\":1707},{\"@type\":\"BreadcrumbList\",\"@id\":\"https:\\\/\\\/www.athena-cbh.com\\\/fr\\\/activites-vacances\\\/vacances-cyclisme\\\/#breadcrumb\",\"itemListElement\":[{\"@type\":\"ListItem\",\"position\":1,\"name\":\"Home\",\"item\":\"https:\\\/\\\/www.athena-cbh.com\\\/fr\\\/\"},{\"@type\":\"ListItem\",\"position\":2,\"name\":\"Vacances actives\",\"item\":\"https:\\\/\\\/www.athena-cbh.com\\\/fr\\\/activites-vacances\\\/\"},{\"@type\":\"ListItem\",\"position\":3,\"name\":\"Vacances \u00e0 v\u00e9lo\"}]},{\"@type\":\"WebSite\",\"@id\":\"https:\\\/\\\/www.athena-cbh.com\\\/fr\\\/#website\",\"url\":\"https:\\\/\\\/www.athena-cbh.com\\\/fr\\\/\",\"name\":\"Athena Beach Hotel\",\"description\":\"Constantinou Bros Athena Beach Hotel, 4 star hotel in Paphos Cyprus\",\"potentialAction\":[{\"@type\":\"SearchAction\",\"target\":{\"@type\":\"EntryPoint\",\"urlTemplate\":\"https:\\\/\\\/www.athena-cbh.com\\\/fr\\\/?s={search_term_string}\"},\"query-input\":{\"@type\":\"PropertyValueSpecification\",\"valueRequired\":true,\"valueName\":\"search_term_string\"}}],\"inLanguage\":\"fr-FR\"}]}<\/script>\n<!-- \/ Yoast SEO plugin. -->","yoast_head_json":{"title":"Vacances \u00e0 v\u00e9lo - Athena Beach Hotel","description":"L'Athena Beach Hotel de Paphos propose des s\u00e9jours \u00e0 v\u00e9lo, ce qui permet aux clients de combiner leur passe-temps favori pendant leurs vacances.","robots":{"index":"index","follow":"follow","max-snippet":"max-snippet:-1","max-image-preview":"max-image-preview:large","max-video-preview":"max-video-preview:-1"},"canonical":"https:\/\/www.athena-cbh.com\/fr\/activites-vacances\/vacances-cyclisme\/","og_locale":"fr_FR","og_type":"article","og_title":"Vacances \u00e0 v\u00e9lo - Athena Beach Hotel","og_description":"L'Athena Beach Hotel de Paphos propose des s\u00e9jours \u00e0 v\u00e9lo, ce qui permet aux clients de combiner leur passe-temps favori pendant leurs vacances.","og_url":"https:\/\/www.athena-cbh.com\/fr\/activites-vacances\/vacances-cyclisme\/","og_site_name":"Athena Beach Hotel","article_modified_time":"2024-09-16T15:54:17+00:00","og_image":[{"width":2560,"height":1707,"url":"https:\/\/www.athena-cbh.com\/app\/uploads\/sites\/20\/2022\/07\/86-ATHENA-BEACH-HOTEL-BIKE-ROOM-scaled.jpg","type":"image\/jpeg"}],"twitter_card":"summary_large_image","twitter_misc":{"Dur\u00e9e de lecture estim\u00e9e":"2 minutes"},"schema":{"@context":"https:\/\/schema.org","@graph":[{"@type":"WebPage","@id":"https:\/\/www.athena-cbh.com\/fr\/activites-vacances\/vacances-cyclisme\/","url":"https:\/\/www.athena-cbh.com\/fr\/activites-vacances\/vacances-cyclisme\/","name":"Vacances \u00e0 v\u00e9lo - Athena Beach Hotel","isPartOf":{"@id":"https:\/\/www.athena-cbh.com\/fr\/#website"},"primaryImageOfPage":{"@id":"https:\/\/www.athena-cbh.com\/fr\/activites-vacances\/vacances-cyclisme\/#primaryimage"},"image":{"@id":"https:\/\/www.athena-cbh.com\/fr\/activites-vacances\/vacances-cyclisme\/#primaryimage"},"thumbnailUrl":"https:\/\/www.athena-cbh.com\/app\/uploads\/sites\/20\/2022\/07\/86-ATHENA-BEACH-HOTEL-BIKE-ROOM-scaled.jpg","datePublished":"2024-07-22T14:23:58+00:00","dateModified":"2024-09-16T15:54:17+00:00","description":"L'Athena Beach Hotel de Paphos propose des s\u00e9jours \u00e0 v\u00e9lo, ce qui permet aux clients de combiner leur passe-temps favori pendant leurs vacances.","breadcrumb":{"@id":"https:\/\/www.athena-cbh.com\/fr\/activites-vacances\/vacances-cyclisme\/#breadcrumb"},"inLanguage":"fr-FR","potentialAction":[{"@type":"ReadAction","target":["https:\/\/www.athena-cbh.com\/fr\/activites-vacances\/vacances-cyclisme\/"]}]},{"@type":"ImageObject","inLanguage":"fr-FR","@id":"https:\/\/www.athena-cbh.com\/fr\/activites-vacances\/vacances-cyclisme\/#primaryimage","url":"https:\/\/www.athena-cbh.com\/app\/uploads\/sites\/20\/2022\/07\/86-ATHENA-BEACH-HOTEL-BIKE-ROOM-scaled.jpg","contentUrl":"https:\/\/www.athena-cbh.com\/app\/uploads\/sites\/20\/2022\/07\/86-ATHENA-BEACH-HOTEL-BIKE-ROOM-scaled.jpg","width":2560,"height":1707},{"@type":"BreadcrumbList","@id":"https:\/\/www.athena-cbh.com\/fr\/activites-vacances\/vacances-cyclisme\/#breadcrumb","itemListElement":[{"@type":"ListItem","position":1,"name":"Home","item":"https:\/\/www.athena-cbh.com\/fr\/"},{"@type":"ListItem","position":2,"name":"Vacances actives","item":"https:\/\/www.athena-cbh.com\/fr\/activites-vacances\/"},{"@type":"ListItem","position":3,"name":"Vacances \u00e0 v\u00e9lo"}]},{"@type":"WebSite","@id":"https:\/\/www.athena-cbh.com\/fr\/#website","url":"https:\/\/www.athena-cbh.com\/fr\/","name":"Athena Beach Hotel","description":"Constantinou Bros Athena Beach Hotel, 4 star hotel in Paphos Cyprus","potentialAction":[{"@type":"SearchAction","target":{"@type":"EntryPoint","urlTemplate":"https:\/\/www.athena-cbh.com\/fr\/?s={search_term_string}"},"query-input":{"@type":"PropertyValueSpecification","valueRequired":true,"valueName":"search_term_string"}}],"inLanguage":"fr-FR"}]}},"_links":{"self":[{"href":"https:\/\/www.athena-cbh.com\/fr\/wp-json\/wp\/v2\/pages\/18502","targetHints":{"allow":["GET"]}}],"collection":[{"href":"https:\/\/www.athena-cbh.com\/fr\/wp-json\/wp\/v2\/pages"}],"about":[{"href":"https:\/\/www.athena-cbh.com\/fr\/wp-json\/wp\/v2\/types\/page"}],"author":[{"embeddable":true,"href":"https:\/\/www.athena-cbh.com\/fr\/wp-json\/wp\/v2\/users\/100"}],"replies":[{"embeddable":true,"href":"https:\/\/www.athena-cbh.com\/fr\/wp-json\/wp\/v2\/comments?post=18502"}],"version-history":[{"count":1,"href":"https:\/\/www.athena-cbh.com\/fr\/wp-json\/wp\/v2\/pages\/18502\/revisions"}],"predecessor-version":[{"id":18535,"href":"https:\/\/www.athena-cbh.com\/fr\/wp-json\/wp\/v2\/pages\/18502\/revisions\/18535"}],"up":[{"embeddable":true,"href":"https:\/\/www.athena-cbh.com\/fr\/wp-json\/wp\/v2\/pages\/18534"}],"wp:featuredmedia":[{"embeddable":true,"href":"https:\/\/www.athena-cbh.com\/fr\/wp-json\/wp\/v2\/media\/11306"}],"wp:attachment":[{"href":"https:\/\/www.athena-cbh.com\/fr\/wp-json\/wp\/v2\/media?parent=18502"}],"curies":[{"name":"wp","href":"https:\/\/api.w.org\/{rel}","templated":true}]}}