{"id":18059,"date":"2024-07-22T12:20:18","date_gmt":"2024-07-22T09:20:18","guid":{"rendered":"https:\/\/www.athena-cbh.com\/la-durabilite\/"},"modified":"2026-01-26T12:47:59","modified_gmt":"2026-01-26T09:47:59","slug":"la-durabilite","status":"publish","type":"page","link":"https:\/\/www.athena-cbh.com\/fr\/la-durabilite\/","title":{"rendered":"Durabilit\u00e9"},"content":{"rendered":"<p>L&rsquo;Athena Beach Hotel, qui fait partie des Constantinou Bros Hotels, est un h\u00f4tel durable prim\u00e9 de Paphos, situ\u00e9 directement sur la plage.<\/p>\n<p>L&rsquo;obtention de la certification Gold de Travelife souligne notre engagement en faveur de l&rsquo;excellence dans les domaines des droits de l&rsquo;homme, des normes de travail, de l&rsquo;engagement communautaire, de l&rsquo;impact environnemental et du d\u00e9veloppement durable.<\/p>\n<p>En outre, nous sommes fiers d&rsquo;avoir \u00e9t\u00e9 certifi\u00e9s par Synesgy, ce qui confirme notre engagement en faveur de pratiques durables et responsables.<\/p>\n<p>Ces distinctions nous tiennent \u00e0 c\u0153ur car elles sont le r\u00e9sultat de nombreux efforts pour trouver le juste \u00e9quilibre entre la meilleure exp\u00e9rience possible pour les h\u00f4tes et le respect de l&rsquo;environnement dans lequel nous op\u00e9rons.<\/p>\n<p>&nbsp;<\/p>\n<p><img loading=\"lazy\" decoding=\"async\" class=\"size-medium wp-image-16207 aligncenter\" src=\"https:\/\/www.athena-cbh.com\/app\/uploads\/sites\/20\/2023\/03\/Travelife-Gold-2-600x323.jpg\" alt=\"\" width=\"600\" height=\"323\" srcset=\"https:\/\/www.athena-cbh.com\/app\/uploads\/sites\/20\/2023\/03\/Travelife-Gold-2-600x323.jpg 600w, https:\/\/www.athena-cbh.com\/app\/uploads\/sites\/20\/2023\/03\/Travelife-Gold-2-768x413.jpg 768w, https:\/\/www.athena-cbh.com\/app\/uploads\/sites\/20\/2023\/03\/Travelife-Gold-2-1536x826.jpg 1536w, https:\/\/www.athena-cbh.com\/app\/uploads\/sites\/20\/2023\/03\/Travelife-Gold-2-1488x800.jpg 1488w, https:\/\/www.athena-cbh.com\/app\/uploads\/sites\/20\/2023\/03\/Travelife-Gold-2.jpg 1920w\" sizes=\"auto, (max-width: 600px) 100vw, 600px\" \/><\/p>\n<p>&nbsp;<\/p>\n<p>Nous sommes ravis que notre <i>h\u00f4tel durable<\/i> Athena Beach Hotel <i>Paphos<\/i> fasse partie du changement de culture global dans l&rsquo;h\u00f4tellerie qui dicte un mod\u00e8le de d\u00e9veloppement plus durable, dans toute une s\u00e9rie de secteurs.<\/p>\n<p>&nbsp;<\/p>\n<p><b>Nos pratiques en mati\u00e8re de d\u00e9veloppement durable en un coup d&rsquo;\u0153il :<\/b><b><\/b><\/p>\n<p>&nbsp;<\/p>\n<p>&nbsp;<\/p>\n<p><b>Politiques environnementales :<\/b><\/p>\n<p>Comprendre pleinement la performance environnementale de notre h\u00f4tel et prendre des mesures contre les effets n\u00e9gatifs gr\u00e2ce \u00e0 un syst\u00e8me d&rsquo;\u00e9conomie d&rsquo;\u00e9nergie qui prend en compte la r\u00e9duction et la gestion des d\u00e9chets ainsi que la pr\u00e9servation des ressources naturelles.<\/p>\n<p>&nbsp;<\/p>\n<p><b>S\u00e9curit\u00e9 F&amp;B :<\/b><\/p>\n<p>Outre l&rsquo;approvisionnement en mati\u00e8res premi\u00e8res de la plus haute qualit\u00e9, nous avons mis en place une proc\u00e9dure de gestion de la s\u00e9curit\u00e9 alimentaire qui comprend l&rsquo;identification, l&rsquo;\u00e9valuation et le contr\u00f4le de tous les risques li\u00e9s \u00e0 la s\u00e9curit\u00e9 alimentaire.<\/p>\n<p>&nbsp;<\/p>\n<p><b>Actions communautaires : <\/b><br \/>\nNous reconnaissons l&rsquo;importance que notre <i>h\u00f4tel durable de Paphos<\/i> accorde \u00e0 la communaut\u00e9 qui l&rsquo;entoure, en lui apportant notre soutien par le biais de contributions financi\u00e8res et sociales chaque fois que cela est possible.<\/p>\n<p>&nbsp;<\/p>\n<p><b>Ressources humaines :  <\/b><\/p>\n<p>Notre lieu de travail est ouvert \u00e0 tous et ne fait l&rsquo;objet d&rsquo;aucune discrimination fond\u00e9e sur l&rsquo;\u00e2ge, la race, le sexe, la nationalit\u00e9, le handicap ou la religion. Le processus de recrutement en place est \u00e9quitable et fond\u00e9 sur le m\u00e9rite, et nous offrons des possibilit\u00e9s de d\u00e9veloppement au personnel.<\/p>\n<p>&nbsp;<\/p>\n<p><b>Sant\u00e9 et s\u00e9curit\u00e9 au travail :  <\/b><b><br \/>\n<\/b>Nous nous engageons \u00e0 fournir un environnement de travail adapt\u00e9 et s\u00fbr, o\u00f9 chacun se sent partie int\u00e9grante d&rsquo;un tout et suffisamment confiant pour accomplir ses t\u00e2ches. Nous cultivons une culture bas\u00e9e sur la gentillesse et la s\u00e9curit\u00e9.<\/p>\n<p>&nbsp;<\/p>\n<p><b>Assurance qualit\u00e9 :  <\/b><\/p>\n<p>Nous nous engageons \u00e0 am\u00e9liorer continuellement nos services afin de maintenir le plus haut niveau de qualit\u00e9 requis, contribuant ainsi \u00e0 la satisfaction de nos h\u00f4tes et \u00e0 l&rsquo;am\u00e9lioration des performances et du d\u00e9veloppement de notre produit et de notre personnel.<\/p>\n<p>Consultez les d\u00e9tails de toutes les pratiques pertinentes concernant nos <a href=\"https:\/\/www.cbh-cyprus.com\/sustainability\/\">h\u00f4tels durables \u00e0 Chypre<\/a>.<\/p>\n","protected":false},"excerpt":{"rendered":"<p>L&rsquo;Athena Beach Hotel, qui fait partie des Constantinou Bros Hotels, est un h\u00f4tel durable prim\u00e9 de Paphos, situ\u00e9 directement sur la plage. L&rsquo;obtention de la certification Gold de Travelife souligne notre engagement en faveur de l&rsquo;excellence dans les domaines des droits de l&rsquo;homme, des normes de travail, de l&rsquo;engagement communautaire, de l&rsquo;impact environnemental et du<\/p>\n","protected":false},"author":367,"featured_media":0,"parent":0,"menu_order":0,"comment_status":"closed","ping_status":"closed","template":"","meta":{"_acf_changed":false,"footnotes":""},"class_list":["post-18059","page","type-page","status-publish","hentry"],"acf":[],"yoast_head":"<!-- This site is optimized with the Yoast SEO plugin v27.5 - https:\/\/yoast.com\/product\/yoast-seo-wordpress\/ -->\n<title>D\u00e9veloppement durable| Athena Beach Hotel<\/title>\n<meta name=\"description\" content=\"Nous sommes ravis que notre h\u00f4tel durable Athena Beach Hotel Paphos fasse partie du changement de culture global dans l&#039;h\u00f4tellerie qui dicte un mod\u00e8le de d\u00e9veloppement plus durable, dans toute une s\u00e9rie de secteurs.\" \/>\n<meta name=\"robots\" content=\"index, follow, max-snippet:-1, max-image-preview:large, max-video-preview:-1\" \/>\n<link rel=\"canonical\" href=\"https:\/\/www.athena-cbh.com\/fr\/la-durabilite\/\" \/>\n<meta property=\"og:locale\" content=\"fr_FR\" \/>\n<meta property=\"og:type\" content=\"article\" \/>\n<meta property=\"og:title\" content=\"D\u00e9veloppement durable| Athena Beach Hotel\" \/>\n<meta property=\"og:description\" content=\"Nous sommes ravis que notre h\u00f4tel durable Athena Beach Hotel Paphos fasse partie du changement de culture global dans l&#039;h\u00f4tellerie qui dicte un mod\u00e8le de d\u00e9veloppement plus durable, dans toute une s\u00e9rie de secteurs.\" \/>\n<meta property=\"og:url\" content=\"https:\/\/www.athena-cbh.com\/fr\/la-durabilite\/\" \/>\n<meta property=\"og:site_name\" content=\"Athena Beach Hotel\" \/>\n<meta property=\"article:modified_time\" content=\"2026-01-26T09:47:59+00:00\" \/>\n<meta property=\"og:image\" content=\"https:\/\/www.athena-cbh.com\/app\/uploads\/sites\/20\/2023\/03\/Travelife-Gold-2.jpg\" \/>\n\t<meta property=\"og:image:width\" content=\"1920\" \/>\n\t<meta property=\"og:image:height\" content=\"1032\" \/>\n\t<meta property=\"og:image:type\" content=\"image\/jpeg\" \/>\n<meta name=\"twitter:card\" content=\"summary_large_image\" \/>\n<meta name=\"twitter:label1\" content=\"Dur\u00e9e de lecture estim\u00e9e\" \/>\n\t<meta name=\"twitter:data1\" content=\"3 minutes\" \/>\n<script type=\"application\/ld+json\" class=\"yoast-schema-graph\">{\"@context\":\"https:\\\/\\\/schema.org\",\"@graph\":[{\"@type\":\"WebPage\",\"@id\":\"https:\\\/\\\/www.athena-cbh.com\\\/fr\\\/la-durabilite\\\/\",\"url\":\"https:\\\/\\\/www.athena-cbh.com\\\/fr\\\/la-durabilite\\\/\",\"name\":\"D\u00e9veloppement durable| Athena Beach Hotel\",\"isPartOf\":{\"@id\":\"https:\\\/\\\/www.athena-cbh.com\\\/fr\\\/#website\"},\"primaryImageOfPage\":{\"@id\":\"https:\\\/\\\/www.athena-cbh.com\\\/fr\\\/la-durabilite\\\/#primaryimage\"},\"image\":{\"@id\":\"https:\\\/\\\/www.athena-cbh.com\\\/fr\\\/la-durabilite\\\/#primaryimage\"},\"thumbnailUrl\":\"https:\\\/\\\/www.athena-cbh.com\\\/app\\\/uploads\\\/sites\\\/20\\\/2023\\\/03\\\/Travelife-Gold-2-600x323.jpg\",\"datePublished\":\"2024-07-22T09:20:18+00:00\",\"dateModified\":\"2026-01-26T09:47:59+00:00\",\"description\":\"Nous sommes ravis que notre h\u00f4tel durable Athena Beach Hotel Paphos fasse partie du changement de culture global dans l'h\u00f4tellerie qui dicte un mod\u00e8le de d\u00e9veloppement plus durable, dans toute une s\u00e9rie de secteurs.\",\"breadcrumb\":{\"@id\":\"https:\\\/\\\/www.athena-cbh.com\\\/fr\\\/la-durabilite\\\/#breadcrumb\"},\"inLanguage\":\"fr-FR\",\"potentialAction\":[{\"@type\":\"ReadAction\",\"target\":[\"https:\\\/\\\/www.athena-cbh.com\\\/fr\\\/la-durabilite\\\/\"]}]},{\"@type\":\"ImageObject\",\"inLanguage\":\"fr-FR\",\"@id\":\"https:\\\/\\\/www.athena-cbh.com\\\/fr\\\/la-durabilite\\\/#primaryimage\",\"url\":\"https:\\\/\\\/www.athena-cbh.com\\\/app\\\/uploads\\\/sites\\\/20\\\/2023\\\/03\\\/Travelife-Gold-2-600x323.jpg\",\"contentUrl\":\"https:\\\/\\\/www.athena-cbh.com\\\/app\\\/uploads\\\/sites\\\/20\\\/2023\\\/03\\\/Travelife-Gold-2-600x323.jpg\"},{\"@type\":\"BreadcrumbList\",\"@id\":\"https:\\\/\\\/www.athena-cbh.com\\\/fr\\\/la-durabilite\\\/#breadcrumb\",\"itemListElement\":[{\"@type\":\"ListItem\",\"position\":1,\"name\":\"Home\",\"item\":\"https:\\\/\\\/www.athena-cbh.com\\\/fr\\\/\"},{\"@type\":\"ListItem\",\"position\":2,\"name\":\"Durabilit\u00e9\"}]},{\"@type\":\"WebSite\",\"@id\":\"https:\\\/\\\/www.athena-cbh.com\\\/fr\\\/#website\",\"url\":\"https:\\\/\\\/www.athena-cbh.com\\\/fr\\\/\",\"name\":\"Athena Beach Hotel\",\"description\":\"Constantinou Bros Athena Beach Hotel, 4 star hotel in Paphos Cyprus\",\"potentialAction\":[{\"@type\":\"SearchAction\",\"target\":{\"@type\":\"EntryPoint\",\"urlTemplate\":\"https:\\\/\\\/www.athena-cbh.com\\\/fr\\\/?s={search_term_string}\"},\"query-input\":{\"@type\":\"PropertyValueSpecification\",\"valueRequired\":true,\"valueName\":\"search_term_string\"}}],\"inLanguage\":\"fr-FR\"}]}<\/script>\n<!-- \/ Yoast SEO plugin. -->","yoast_head_json":{"title":"D\u00e9veloppement durable| Athena Beach Hotel","description":"Nous sommes ravis que notre h\u00f4tel durable Athena Beach Hotel Paphos fasse partie du changement de culture global dans l'h\u00f4tellerie qui dicte un mod\u00e8le de d\u00e9veloppement plus durable, dans toute une s\u00e9rie de secteurs.","robots":{"index":"index","follow":"follow","max-snippet":"max-snippet:-1","max-image-preview":"max-image-preview:large","max-video-preview":"max-video-preview:-1"},"canonical":"https:\/\/www.athena-cbh.com\/fr\/la-durabilite\/","og_locale":"fr_FR","og_type":"article","og_title":"D\u00e9veloppement durable| Athena Beach Hotel","og_description":"Nous sommes ravis que notre h\u00f4tel durable Athena Beach Hotel Paphos fasse partie du changement de culture global dans l'h\u00f4tellerie qui dicte un mod\u00e8le de d\u00e9veloppement plus durable, dans toute une s\u00e9rie de secteurs.","og_url":"https:\/\/www.athena-cbh.com\/fr\/la-durabilite\/","og_site_name":"Athena Beach Hotel","article_modified_time":"2026-01-26T09:47:59+00:00","og_image":[{"width":1920,"height":1032,"url":"https:\/\/www.athena-cbh.com\/app\/uploads\/sites\/20\/2023\/03\/Travelife-Gold-2.jpg","type":"image\/jpeg"}],"twitter_card":"summary_large_image","twitter_misc":{"Dur\u00e9e de lecture estim\u00e9e":"3 minutes"},"schema":{"@context":"https:\/\/schema.org","@graph":[{"@type":"WebPage","@id":"https:\/\/www.athena-cbh.com\/fr\/la-durabilite\/","url":"https:\/\/www.athena-cbh.com\/fr\/la-durabilite\/","name":"D\u00e9veloppement durable| Athena Beach Hotel","isPartOf":{"@id":"https:\/\/www.athena-cbh.com\/fr\/#website"},"primaryImageOfPage":{"@id":"https:\/\/www.athena-cbh.com\/fr\/la-durabilite\/#primaryimage"},"image":{"@id":"https:\/\/www.athena-cbh.com\/fr\/la-durabilite\/#primaryimage"},"thumbnailUrl":"https:\/\/www.athena-cbh.com\/app\/uploads\/sites\/20\/2023\/03\/Travelife-Gold-2-600x323.jpg","datePublished":"2024-07-22T09:20:18+00:00","dateModified":"2026-01-26T09:47:59+00:00","description":"Nous sommes ravis que notre h\u00f4tel durable Athena Beach Hotel Paphos fasse partie du changement de culture global dans l'h\u00f4tellerie qui dicte un mod\u00e8le de d\u00e9veloppement plus durable, dans toute une s\u00e9rie de secteurs.","breadcrumb":{"@id":"https:\/\/www.athena-cbh.com\/fr\/la-durabilite\/#breadcrumb"},"inLanguage":"fr-FR","potentialAction":[{"@type":"ReadAction","target":["https:\/\/www.athena-cbh.com\/fr\/la-durabilite\/"]}]},{"@type":"ImageObject","inLanguage":"fr-FR","@id":"https:\/\/www.athena-cbh.com\/fr\/la-durabilite\/#primaryimage","url":"https:\/\/www.athena-cbh.com\/app\/uploads\/sites\/20\/2023\/03\/Travelife-Gold-2-600x323.jpg","contentUrl":"https:\/\/www.athena-cbh.com\/app\/uploads\/sites\/20\/2023\/03\/Travelife-Gold-2-600x323.jpg"},{"@type":"BreadcrumbList","@id":"https:\/\/www.athena-cbh.com\/fr\/la-durabilite\/#breadcrumb","itemListElement":[{"@type":"ListItem","position":1,"name":"Home","item":"https:\/\/www.athena-cbh.com\/fr\/"},{"@type":"ListItem","position":2,"name":"Durabilit\u00e9"}]},{"@type":"WebSite","@id":"https:\/\/www.athena-cbh.com\/fr\/#website","url":"https:\/\/www.athena-cbh.com\/fr\/","name":"Athena Beach Hotel","description":"Constantinou Bros Athena Beach Hotel, 4 star hotel in Paphos Cyprus","potentialAction":[{"@type":"SearchAction","target":{"@type":"EntryPoint","urlTemplate":"https:\/\/www.athena-cbh.com\/fr\/?s={search_term_string}"},"query-input":{"@type":"PropertyValueSpecification","valueRequired":true,"valueName":"search_term_string"}}],"inLanguage":"fr-FR"}]}},"_links":{"self":[{"href":"https:\/\/www.athena-cbh.com\/fr\/wp-json\/wp\/v2\/pages\/18059","targetHints":{"allow":["GET"]}}],"collection":[{"href":"https:\/\/www.athena-cbh.com\/fr\/wp-json\/wp\/v2\/pages"}],"about":[{"href":"https:\/\/www.athena-cbh.com\/fr\/wp-json\/wp\/v2\/types\/page"}],"author":[{"embeddable":true,"href":"https:\/\/www.athena-cbh.com\/fr\/wp-json\/wp\/v2\/users\/367"}],"replies":[{"embeddable":true,"href":"https:\/\/www.athena-cbh.com\/fr\/wp-json\/wp\/v2\/comments?post=18059"}],"version-history":[{"count":2,"href":"https:\/\/www.athena-cbh.com\/fr\/wp-json\/wp\/v2\/pages\/18059\/revisions"}],"predecessor-version":[{"id":22797,"href":"https:\/\/www.athena-cbh.com\/fr\/wp-json\/wp\/v2\/pages\/18059\/revisions\/22797"}],"wp:attachment":[{"href":"https:\/\/www.athena-cbh.com\/fr\/wp-json\/wp\/v2\/media?parent=18059"}],"curies":[{"name":"wp","href":"https:\/\/api.w.org\/{rel}","templated":true}]}}