{"id":17819,"date":"2022-07-04T12:58:34","date_gmt":"2022-07-04T09:58:34","guid":{"rendered":"https:\/\/www.athena-cbh.com\/bowls-holidays\/"},"modified":"2026-03-27T12:47:08","modified_gmt":"2026-03-27T09:47:08","slug":"bols-fetes-de-noel","status":"publish","type":"page","link":"https:\/\/www.athena-cbh.com\/fr\/activites-vacances\/bols-fetes-de-noel\/","title":{"rendered":"Vacances de la p\u00e9tanque"},"content":{"rendered":"<p>L&rsquo;un des choix les plus populaires pour des vacances de bowling sous un soleil sans fin, les h\u00f4tels Constantinou Bros jouissent d&rsquo;une r\u00e9putation exceptionnelle pour leurs greens impeccables, tout en ayant accueilli de prestigieux \u00e9v\u00e9nements internationaux de bowling &#8211; tels que le Premier League Bowls Tournament, les Atlantic Championships et le World Champion of Champions &#8211; accueillant avec fiert\u00e9 des invit\u00e9s et des groupes du monde entier. Les amateurs de boules, qu&rsquo;ils soient seuls ou en groupe, peuvent profiter au maximum des programmes passionnants propos\u00e9s par les coordinateurs r\u00e9sidents des h\u00f4tels Constantinou Bros, qui comprennent des drives, des knock outs, des boules amusantes et des s\u00e9ances d&rsquo;apprentissage de la p\u00e9tanque. Profitez de vacances splendides et de votre jeu favori en m\u00eame temps, en nous laissant le soin de tout organiser.  <\/p>\n<p>Si vous aimez les jeux de boules, Chypre et les h\u00f4tels Constantinou Bros \u00e0 Paphos sont la destination id\u00e9ale pour votre prochain s\u00e9jour.<\/p>\n<p>Chypre, et Paphos en particulier, b\u00e9n\u00e9ficie d&rsquo;un climat particuli\u00e8rement doux, d&rsquo;hivers chauds et d&rsquo;\u00e9t\u00e9s tr\u00e8s chauds, d&rsquo;une population aimable, d&rsquo;une grande vari\u00e9t\u00e9 de cuisines, de superbes sites historiques et arch\u00e9ologiques et de Bowling Greens d&rsquo;un niveau international \u00e9lev\u00e9.<\/p>\n<p>Les h\u00f4tels Constantinou Bros sont tous commod\u00e9ment situ\u00e9s directement sur la plage et disposent d&rsquo;une gamme \u00e9blouissante d&rsquo;installations et d&rsquo;\u00e9quipements ; nous avons r\u00e9cemment agrandi nos installations de bowling, ce qui en fait les plus grandes et les plus impressionnantes d&rsquo;Europe, en dehors du Royaume-Uni. Il y a 18 patinoires de taille normale et 12 autres patinoires int\u00e9rieures \u00e0 tapis court entre l&rsquo;Athena Beach Hotel et l&rsquo;Athena Beach Hotel. <\/p>\n<p>Profitez de vacances splendides et de votre jeu favori en m\u00eame temps, en nous laissant le soin d&rsquo;organiser tout cela et en vous laissant le plaisir de le faire !<\/p>\n<p>&nbsp;<\/p>\n<h5><strong>\u00c9V\u00c9NEMENTS \u00c0 VENIR<\/strong><\/h5>\n<p>&nbsp;<\/p>\n<p><strong>ATLANTIC SENIOR FOURS 2027<\/strong><\/p>\n<hr data-start=\"88\" data-end=\"91\">\n<p data-start=\"93\" data-end=\"246\">Bowls Cyprus, en partenariat avec <a href=\"http:\/\/www.cbh-cyprus.com\">Constantinou Bros Hotels<\/a>, est ravi d&rsquo;annoncer qu&rsquo;il accueillera \u00e0 nouveau l&rsquo;<a href=\"https:\/\/atlantic-senior-fours.com\/\">Atlantic Senior Fours en 2027<\/a>.<\/p>\n<p data-start=\"248\" data-end=\"513\">Apr\u00e8s le succ\u00e8s continu de l&rsquo;\u00e9v\u00e9nement de 2025, qui a accueilli des joueurs de bowling du monde entier \u00e0 Chypre pour ce prestigieux tournoi de bowling, les pr\u00e9paratifs sont d\u00e9j\u00e0 en cours pour organiser un autre tournoi exceptionnel.<\/p>\n<p data-start=\"515\" data-end=\"889\">L&rsquo;Atlantic Senior Fours s&rsquo;est fermement \u00e9tabli comme un \u00e9v\u00e9nement international cl\u00e9 du calendrier de la p\u00e9tanque, attirant un nombre croissant de nations, de comp\u00e9titeurs et de supporters. Sur la lanc\u00e9e des \u00e9ditions pr\u00e9c\u00e9dentes, l&rsquo;\u00e9dition 2027 devrait voir une participation mondiale encore plus importante et renforcer sa r\u00e9putation de comp\u00e9tition et d&rsquo;hospitalit\u00e9 de grande qualit\u00e9. <\/p>\n<p data-start=\"891\" data-end=\"1061\">Bowls Cyprus et Constantinou Bros Hotels se r\u00e9jouissent d&rsquo;accueillir \u00e0 Chypre, en 2027, les nations qui reviennent et les nouvelles, pour ce qui promet d&rsquo;\u00eatre un nouveau tournoi m\u00e9morable.<\/p>\n<p>&nbsp;<\/p>\n<h5><strong>\u00c9V\u00c9NEMENTS PASS\u00c9S  <\/strong><\/h5>\n<hr data-start=\"88\" data-end=\"91\">\n<p><strong>ATLANTIC SENIOR FOURS 2025<\/strong><\/p>\n<p data-start=\"55\" data-end=\"228\">Bowls Cyprus, en partenariat avec Constantinou Bros Hotels, a accueilli avec succ\u00e8s l&rsquo;\u00e9v\u00e9nement Atlantic Senior Fours du samedi 29 novembre au samedi 13 d\u00e9cembre 2025.<\/p>\n<p data-start=\"230\" data-end=\"705\">Apr\u00e8s le grand succ\u00e8s de la comp\u00e9tition Atlantic Senior Fours 2023, l&rsquo;\u00e9v\u00e9nement 2025 a b\u00e9n\u00e9fici\u00e9 d&rsquo;un int\u00e9r\u00eat international accru. L&rsquo;\u00e9dition 2023 avait vu la participation de 12 nations du monde entier &#8211; R\u00e9publique tch\u00e8que, Chypre, Angleterre, Guernesey, Jersey, \u00celes Norfolk, \u00c9cosse, Afrique du Sud, Suisse, \u00c9tats-Unis, Pays de Galles et Zimbabwe &#8211; avec plus de 130 concurrents et supporters, et l&rsquo;\u00e9v\u00e9nement 2025 s&rsquo;est appuy\u00e9 sur cette base solide. <\/p>\n<p data-start=\"707\" data-end=\"871\">Le tournoi a encore renforc\u00e9 sa r\u00e9putation de comp\u00e9tition internationale de bowling de premier plan, en attirant un nombre croissant de nations participantes et de comp\u00e9titeurs.<\/p>\n<hr>\n<p><strong>ATLANTIC SENIOR FOURS 2023<\/strong><\/p>\n<p>Bowls Cyprus, en partenariat avec Constantinou Bros Hotels, a le plaisir d&rsquo;annoncer que l&rsquo;\u00e9v\u00e9nement international tr\u00e8s attendu, \u00e0 savoir l&rsquo;Atlantic Senior Fours, se tiendra au Constantinou Bros Athena Beach Hotel en d\u00e9cembre 2023.<\/p>\n<p>Le concours se d\u00e9roulera du 1er au 12 d\u00e9cembre 2023. Pour plus d&rsquo;informations, veuillez cliquer sur le lien suivant : <a href=\"https:\/\/www.atlantic-senior-fours.com\/\" target=\"_blank\" rel=\"noopener\">Atlantic Senior Fours<\/a> <\/p>\n<p>** L&rsquo;h\u00f4tel Constantinou Bros Athena Beach a le plaisir d&rsquo;offrir un forfait aux spectateurs de l&rsquo;Atlantic Senior lors de s\u00e9jours entre le 1-12\/12\/2023. B\u00e9n\u00e9ficiez des avantages suivants en entrant le <strong>code de r\u00e9servation : 138ATLSPE<\/strong> lors de votre r\u00e9servation. <\/p>\n<p>Les tarifs comprennent :<\/p>\n<p>a) Droits d&rsquo;inscription pendant la p\u00e9riode de concours 01-12\/12\/2023.<\/p>\n<p>b) R\u00e9ception officielle avec boisson de bienvenue.<\/p>\n","protected":false},"excerpt":{"rendered":"<p>L&rsquo;un des choix les plus populaires pour des vacances de bowling sous un soleil sans fin, les h\u00f4tels Constantinou Bros jouissent d&rsquo;une r\u00e9putation exceptionnelle pour leurs greens impeccables, tout en ayant accueilli de prestigieux \u00e9v\u00e9nements internationaux de bowling &#8211; tels que le Premier League Bowls Tournament, les Atlantic Championships et le World Champion of Champions<\/p>\n","protected":false},"author":100,"featured_media":11302,"parent":18534,"menu_order":0,"comment_status":"closed","ping_status":"closed","template":"","meta":{"_acf_changed":false,"footnotes":""},"class_list":["post-17819","page","type-page","status-publish","has-post-thumbnail","hentry"],"acf":[],"yoast_head":"<!-- This site is optimized with the Yoast SEO plugin v27.5 - https:\/\/yoast.com\/product\/yoast-seo-wordpress\/ -->\n<title>Vacances de la p\u00e9tanque \u00e0 Paphos, Chypre || Athena Beach Hotel.<\/title>\n<meta name=\"description\" content=\"L&#039;Athena Beach Hotel de Paphos propose des s\u00e9jours de bowling, ce qui permet aux clients de combiner leur passe-temps favori pendant leurs vacances.\" \/>\n<meta name=\"robots\" content=\"index, follow, max-snippet:-1, max-image-preview:large, max-video-preview:-1\" \/>\n<link rel=\"canonical\" href=\"https:\/\/www.athena-cbh.com\/fr\/activites-vacances\/bols-fetes-de-noel\/\" \/>\n<meta property=\"og:locale\" content=\"fr_FR\" \/>\n<meta property=\"og:type\" content=\"article\" \/>\n<meta property=\"og:title\" content=\"Vacances de la p\u00e9tanque \u00e0 Paphos, Chypre || Athena Beach Hotel.\" \/>\n<meta property=\"og:description\" content=\"L&#039;Athena Beach Hotel de Paphos propose des s\u00e9jours de bowling, ce qui permet aux clients de combiner leur passe-temps favori pendant leurs vacances.\" \/>\n<meta property=\"og:url\" content=\"https:\/\/www.athena-cbh.com\/fr\/activites-vacances\/bols-fetes-de-noel\/\" \/>\n<meta property=\"og:site_name\" content=\"Athena Beach Hotel\" \/>\n<meta property=\"article:modified_time\" content=\"2026-03-27T09:47:08+00:00\" \/>\n<meta property=\"og:image\" content=\"https:\/\/www.athena-cbh.com\/app\/uploads\/sites\/20\/2022\/07\/83-ATHENA-BEACH-HOTEL-BOWLING-GREENS-scaled.jpg\" \/>\n\t<meta property=\"og:image:width\" content=\"2560\" \/>\n\t<meta property=\"og:image:height\" content=\"1700\" \/>\n\t<meta property=\"og:image:type\" content=\"image\/jpeg\" \/>\n<meta name=\"twitter:card\" content=\"summary_large_image\" \/>\n<meta name=\"twitter:label1\" content=\"Dur\u00e9e de lecture estim\u00e9e\" \/>\n\t<meta name=\"twitter:data1\" content=\"3 minutes\" \/>\n<script type=\"application\/ld+json\" class=\"yoast-schema-graph\">{\"@context\":\"https:\\\/\\\/schema.org\",\"@graph\":[{\"@type\":\"WebPage\",\"@id\":\"https:\\\/\\\/www.athena-cbh.com\\\/fr\\\/activites-vacances\\\/bols-fetes-de-noel\\\/\",\"url\":\"https:\\\/\\\/www.athena-cbh.com\\\/fr\\\/activites-vacances\\\/bols-fetes-de-noel\\\/\",\"name\":\"Vacances de la p\u00e9tanque \u00e0 Paphos, Chypre || Athena Beach Hotel.\",\"isPartOf\":{\"@id\":\"https:\\\/\\\/www.athena-cbh.com\\\/fr\\\/#website\"},\"primaryImageOfPage\":{\"@id\":\"https:\\\/\\\/www.athena-cbh.com\\\/fr\\\/activites-vacances\\\/bols-fetes-de-noel\\\/#primaryimage\"},\"image\":{\"@id\":\"https:\\\/\\\/www.athena-cbh.com\\\/fr\\\/activites-vacances\\\/bols-fetes-de-noel\\\/#primaryimage\"},\"thumbnailUrl\":\"https:\\\/\\\/www.athena-cbh.com\\\/app\\\/uploads\\\/sites\\\/20\\\/2022\\\/07\\\/83-ATHENA-BEACH-HOTEL-BOWLING-GREENS-scaled.jpg\",\"datePublished\":\"2022-07-04T09:58:34+00:00\",\"dateModified\":\"2026-03-27T09:47:08+00:00\",\"description\":\"L'Athena Beach Hotel de Paphos propose des s\u00e9jours de bowling, ce qui permet aux clients de combiner leur passe-temps favori pendant leurs vacances.\",\"breadcrumb\":{\"@id\":\"https:\\\/\\\/www.athena-cbh.com\\\/fr\\\/activites-vacances\\\/bols-fetes-de-noel\\\/#breadcrumb\"},\"inLanguage\":\"fr-FR\",\"potentialAction\":[{\"@type\":\"ReadAction\",\"target\":[\"https:\\\/\\\/www.athena-cbh.com\\\/fr\\\/activites-vacances\\\/bols-fetes-de-noel\\\/\"]}]},{\"@type\":\"ImageObject\",\"inLanguage\":\"fr-FR\",\"@id\":\"https:\\\/\\\/www.athena-cbh.com\\\/fr\\\/activites-vacances\\\/bols-fetes-de-noel\\\/#primaryimage\",\"url\":\"https:\\\/\\\/www.athena-cbh.com\\\/app\\\/uploads\\\/sites\\\/20\\\/2022\\\/07\\\/83-ATHENA-BEACH-HOTEL-BOWLING-GREENS-scaled.jpg\",\"contentUrl\":\"https:\\\/\\\/www.athena-cbh.com\\\/app\\\/uploads\\\/sites\\\/20\\\/2022\\\/07\\\/83-ATHENA-BEACH-HOTEL-BOWLING-GREENS-scaled.jpg\",\"width\":2560,\"height\":1700},{\"@type\":\"BreadcrumbList\",\"@id\":\"https:\\\/\\\/www.athena-cbh.com\\\/fr\\\/activites-vacances\\\/bols-fetes-de-noel\\\/#breadcrumb\",\"itemListElement\":[{\"@type\":\"ListItem\",\"position\":1,\"name\":\"Home\",\"item\":\"https:\\\/\\\/www.athena-cbh.com\\\/fr\\\/\"},{\"@type\":\"ListItem\",\"position\":2,\"name\":\"Vacances actives\",\"item\":\"https:\\\/\\\/www.athena-cbh.com\\\/fr\\\/activites-vacances\\\/\"},{\"@type\":\"ListItem\",\"position\":3,\"name\":\"Vacances de la p\u00e9tanque\"}]},{\"@type\":\"WebSite\",\"@id\":\"https:\\\/\\\/www.athena-cbh.com\\\/fr\\\/#website\",\"url\":\"https:\\\/\\\/www.athena-cbh.com\\\/fr\\\/\",\"name\":\"Athena Beach Hotel\",\"description\":\"Constantinou Bros Athena Beach Hotel, 4 star hotel in Paphos Cyprus\",\"potentialAction\":[{\"@type\":\"SearchAction\",\"target\":{\"@type\":\"EntryPoint\",\"urlTemplate\":\"https:\\\/\\\/www.athena-cbh.com\\\/fr\\\/?s={search_term_string}\"},\"query-input\":{\"@type\":\"PropertyValueSpecification\",\"valueRequired\":true,\"valueName\":\"search_term_string\"}}],\"inLanguage\":\"fr-FR\"}]}<\/script>\n<!-- \/ Yoast SEO plugin. -->","yoast_head_json":{"title":"Vacances de la p\u00e9tanque \u00e0 Paphos, Chypre || Athena Beach Hotel.","description":"L'Athena Beach Hotel de Paphos propose des s\u00e9jours de bowling, ce qui permet aux clients de combiner leur passe-temps favori pendant leurs vacances.","robots":{"index":"index","follow":"follow","max-snippet":"max-snippet:-1","max-image-preview":"max-image-preview:large","max-video-preview":"max-video-preview:-1"},"canonical":"https:\/\/www.athena-cbh.com\/fr\/activites-vacances\/bols-fetes-de-noel\/","og_locale":"fr_FR","og_type":"article","og_title":"Vacances de la p\u00e9tanque \u00e0 Paphos, Chypre || Athena Beach Hotel.","og_description":"L'Athena Beach Hotel de Paphos propose des s\u00e9jours de bowling, ce qui permet aux clients de combiner leur passe-temps favori pendant leurs vacances.","og_url":"https:\/\/www.athena-cbh.com\/fr\/activites-vacances\/bols-fetes-de-noel\/","og_site_name":"Athena Beach Hotel","article_modified_time":"2026-03-27T09:47:08+00:00","og_image":[{"width":2560,"height":1700,"url":"https:\/\/www.athena-cbh.com\/app\/uploads\/sites\/20\/2022\/07\/83-ATHENA-BEACH-HOTEL-BOWLING-GREENS-scaled.jpg","type":"image\/jpeg"}],"twitter_card":"summary_large_image","twitter_misc":{"Dur\u00e9e de lecture estim\u00e9e":"3 minutes"},"schema":{"@context":"https:\/\/schema.org","@graph":[{"@type":"WebPage","@id":"https:\/\/www.athena-cbh.com\/fr\/activites-vacances\/bols-fetes-de-noel\/","url":"https:\/\/www.athena-cbh.com\/fr\/activites-vacances\/bols-fetes-de-noel\/","name":"Vacances de la p\u00e9tanque \u00e0 Paphos, Chypre || Athena Beach Hotel.","isPartOf":{"@id":"https:\/\/www.athena-cbh.com\/fr\/#website"},"primaryImageOfPage":{"@id":"https:\/\/www.athena-cbh.com\/fr\/activites-vacances\/bols-fetes-de-noel\/#primaryimage"},"image":{"@id":"https:\/\/www.athena-cbh.com\/fr\/activites-vacances\/bols-fetes-de-noel\/#primaryimage"},"thumbnailUrl":"https:\/\/www.athena-cbh.com\/app\/uploads\/sites\/20\/2022\/07\/83-ATHENA-BEACH-HOTEL-BOWLING-GREENS-scaled.jpg","datePublished":"2022-07-04T09:58:34+00:00","dateModified":"2026-03-27T09:47:08+00:00","description":"L'Athena Beach Hotel de Paphos propose des s\u00e9jours de bowling, ce qui permet aux clients de combiner leur passe-temps favori pendant leurs vacances.","breadcrumb":{"@id":"https:\/\/www.athena-cbh.com\/fr\/activites-vacances\/bols-fetes-de-noel\/#breadcrumb"},"inLanguage":"fr-FR","potentialAction":[{"@type":"ReadAction","target":["https:\/\/www.athena-cbh.com\/fr\/activites-vacances\/bols-fetes-de-noel\/"]}]},{"@type":"ImageObject","inLanguage":"fr-FR","@id":"https:\/\/www.athena-cbh.com\/fr\/activites-vacances\/bols-fetes-de-noel\/#primaryimage","url":"https:\/\/www.athena-cbh.com\/app\/uploads\/sites\/20\/2022\/07\/83-ATHENA-BEACH-HOTEL-BOWLING-GREENS-scaled.jpg","contentUrl":"https:\/\/www.athena-cbh.com\/app\/uploads\/sites\/20\/2022\/07\/83-ATHENA-BEACH-HOTEL-BOWLING-GREENS-scaled.jpg","width":2560,"height":1700},{"@type":"BreadcrumbList","@id":"https:\/\/www.athena-cbh.com\/fr\/activites-vacances\/bols-fetes-de-noel\/#breadcrumb","itemListElement":[{"@type":"ListItem","position":1,"name":"Home","item":"https:\/\/www.athena-cbh.com\/fr\/"},{"@type":"ListItem","position":2,"name":"Vacances actives","item":"https:\/\/www.athena-cbh.com\/fr\/activites-vacances\/"},{"@type":"ListItem","position":3,"name":"Vacances de la p\u00e9tanque"}]},{"@type":"WebSite","@id":"https:\/\/www.athena-cbh.com\/fr\/#website","url":"https:\/\/www.athena-cbh.com\/fr\/","name":"Athena Beach Hotel","description":"Constantinou Bros Athena Beach Hotel, 4 star hotel in Paphos Cyprus","potentialAction":[{"@type":"SearchAction","target":{"@type":"EntryPoint","urlTemplate":"https:\/\/www.athena-cbh.com\/fr\/?s={search_term_string}"},"query-input":{"@type":"PropertyValueSpecification","valueRequired":true,"valueName":"search_term_string"}}],"inLanguage":"fr-FR"}]}},"_links":{"self":[{"href":"https:\/\/www.athena-cbh.com\/fr\/wp-json\/wp\/v2\/pages\/17819","targetHints":{"allow":["GET"]}}],"collection":[{"href":"https:\/\/www.athena-cbh.com\/fr\/wp-json\/wp\/v2\/pages"}],"about":[{"href":"https:\/\/www.athena-cbh.com\/fr\/wp-json\/wp\/v2\/types\/page"}],"author":[{"embeddable":true,"href":"https:\/\/www.athena-cbh.com\/fr\/wp-json\/wp\/v2\/users\/100"}],"replies":[{"embeddable":true,"href":"https:\/\/www.athena-cbh.com\/fr\/wp-json\/wp\/v2\/comments?post=17819"}],"version-history":[{"count":5,"href":"https:\/\/www.athena-cbh.com\/fr\/wp-json\/wp\/v2\/pages\/17819\/revisions"}],"predecessor-version":[{"id":23004,"href":"https:\/\/www.athena-cbh.com\/fr\/wp-json\/wp\/v2\/pages\/17819\/revisions\/23004"}],"up":[{"embeddable":true,"href":"https:\/\/www.athena-cbh.com\/fr\/wp-json\/wp\/v2\/pages\/18534"}],"wp:featuredmedia":[{"embeddable":true,"href":"https:\/\/www.athena-cbh.com\/fr\/wp-json\/wp\/v2\/media\/11302"}],"wp:attachment":[{"href":"https:\/\/www.athena-cbh.com\/fr\/wp-json\/wp\/v2\/media?parent=17819"}],"curies":[{"name":"wp","href":"https:\/\/api.w.org\/{rel}","templated":true}]}}