{"id":14907,"date":"2022-12-09T14:15:55","date_gmt":"2022-12-09T11:15:55","guid":{"rendered":"https:\/\/www.athena-cbh.com\/festive-days-athena-beach\/a-world-of-festivities-awaits\/"},"modified":"2024-09-16T18:52:33","modified_gmt":"2024-09-16T15:52:33","slug":"a-world-of-festivities-awaits","status":"publish","type":"page","link":"https:\/\/www.athena-cbh.com\/fr\/festive-days-athena-beach\/a-world-of-festivities-awaits\/","title":{"rendered":"Un monde de festivit\u00e9s vous attend"},"content":{"rendered":"<p>Ici, les jours de f\u00eate sont synonymes de joie et d&rsquo;excitation sans fin. Offrez-vous des s\u00e9ances de yoga et de pilates en plein air et des s\u00e9ances d&rsquo;aquagym dans notre piscine int\u00e9rieure chauff\u00e9e. Jouons \u00e0 quelques jeux qui vous font participer au moment pr\u00e9sent, comme le mini-golf, le tennis de table, la p\u00e9tanque, les jeux de palets. C\u00e9l\u00e9brons les joies de la saison en organisant diverses soir\u00e9es de musique live, des cocktails et beaucoup de danse.<\/p>\n","protected":false},"excerpt":{"rendered":"<p>Ici, les jours de f\u00eate sont synonymes de joie et d&rsquo;excitation sans fin. Offrez-vous des s\u00e9ances de yoga et de pilates en plein air et des s\u00e9ances d&rsquo;aquagym dans notre piscine int\u00e9rieure chauff\u00e9e. Jouons \u00e0 quelques jeux qui vous font participer au moment pr\u00e9sent, comme le mini-golf, le tennis de table, la p\u00e9tanque, les jeux<\/p>\n","protected":false},"author":367,"featured_media":14902,"parent":14689,"menu_order":0,"comment_status":"closed","ping_status":"closed","template":"","meta":{"_acf_changed":false,"footnotes":""},"class_list":["post-14907","page","type-page","status-publish","has-post-thumbnail","hentry"],"acf":[],"yoast_head":"<!-- This site is optimized with the Yoast SEO plugin v27.5 - https:\/\/yoast.com\/product\/yoast-seo-wordpress\/ -->\n<title>Un monde de festivit\u00e9s vous attend - Athena Beach Hotel<\/title>\n<meta name=\"robots\" content=\"index, follow, max-snippet:-1, max-image-preview:large, max-video-preview:-1\" \/>\n<link rel=\"canonical\" href=\"https:\/\/www.athena-cbh.com\/fr\/festive-days-athena-beach\/a-world-of-festivities-awaits\/\" \/>\n<meta property=\"og:locale\" content=\"fr_FR\" \/>\n<meta property=\"og:type\" content=\"article\" \/>\n<meta property=\"og:title\" content=\"Un monde de festivit\u00e9s vous attend - Athena Beach Hotel\" \/>\n<meta property=\"og:description\" content=\"Ici, les jours de f\u00eate sont synonymes de joie et d&rsquo;excitation sans fin. Offrez-vous des s\u00e9ances de yoga et de pilates en plein air et des s\u00e9ances d&rsquo;aquagym dans notre piscine int\u00e9rieure chauff\u00e9e. Jouons \u00e0 quelques jeux qui vous font participer au moment pr\u00e9sent, comme le mini-golf, le tennis de table, la p\u00e9tanque, les jeux\" \/>\n<meta property=\"og:url\" content=\"https:\/\/www.athena-cbh.com\/fr\/festive-days-athena-beach\/a-world-of-festivities-awaits\/\" \/>\n<meta property=\"og:site_name\" content=\"Athena Beach Hotel\" \/>\n<meta property=\"article:modified_time\" content=\"2024-09-16T15:52:33+00:00\" \/>\n<meta property=\"og:image\" content=\"https:\/\/www.athena-cbh.com\/app\/uploads\/sites\/20\/2022\/12\/133-1-scaled-e1671206646336.jpg\" \/>\n\t<meta property=\"og:image:width\" content=\"2560\" \/>\n\t<meta property=\"og:image:height\" content=\"1707\" \/>\n\t<meta property=\"og:image:type\" content=\"image\/jpeg\" \/>\n<meta name=\"twitter:card\" content=\"summary_large_image\" \/>\n<meta name=\"twitter:label1\" content=\"Dur\u00e9e de lecture estim\u00e9e\" \/>\n\t<meta name=\"twitter:data1\" content=\"1 minute\" \/>\n<script type=\"application\/ld+json\" class=\"yoast-schema-graph\">{\"@context\":\"https:\\\/\\\/schema.org\",\"@graph\":[{\"@type\":\"WebPage\",\"@id\":\"https:\\\/\\\/www.athena-cbh.com\\\/fr\\\/festive-days-athena-beach\\\/a-world-of-festivities-awaits\\\/\",\"url\":\"https:\\\/\\\/www.athena-cbh.com\\\/fr\\\/festive-days-athena-beach\\\/a-world-of-festivities-awaits\\\/\",\"name\":\"Un monde de festivit\u00e9s vous attend - Athena Beach Hotel\",\"isPartOf\":{\"@id\":\"https:\\\/\\\/www.athena-cbh.com\\\/fr\\\/#website\"},\"primaryImageOfPage\":{\"@id\":\"https:\\\/\\\/www.athena-cbh.com\\\/fr\\\/festive-days-athena-beach\\\/a-world-of-festivities-awaits\\\/#primaryimage\"},\"image\":{\"@id\":\"https:\\\/\\\/www.athena-cbh.com\\\/fr\\\/festive-days-athena-beach\\\/a-world-of-festivities-awaits\\\/#primaryimage\"},\"thumbnailUrl\":\"https:\\\/\\\/www.athena-cbh.com\\\/app\\\/uploads\\\/sites\\\/20\\\/2022\\\/12\\\/133-1-scaled-e1671206646336.jpg\",\"datePublished\":\"2022-12-09T11:15:55+00:00\",\"dateModified\":\"2024-09-16T15:52:33+00:00\",\"breadcrumb\":{\"@id\":\"https:\\\/\\\/www.athena-cbh.com\\\/fr\\\/festive-days-athena-beach\\\/a-world-of-festivities-awaits\\\/#breadcrumb\"},\"inLanguage\":\"fr-FR\",\"potentialAction\":[{\"@type\":\"ReadAction\",\"target\":[\"https:\\\/\\\/www.athena-cbh.com\\\/fr\\\/festive-days-athena-beach\\\/a-world-of-festivities-awaits\\\/\"]}]},{\"@type\":\"ImageObject\",\"inLanguage\":\"fr-FR\",\"@id\":\"https:\\\/\\\/www.athena-cbh.com\\\/fr\\\/festive-days-athena-beach\\\/a-world-of-festivities-awaits\\\/#primaryimage\",\"url\":\"https:\\\/\\\/www.athena-cbh.com\\\/app\\\/uploads\\\/sites\\\/20\\\/2022\\\/12\\\/133-1-scaled-e1671206646336.jpg\",\"contentUrl\":\"https:\\\/\\\/www.athena-cbh.com\\\/app\\\/uploads\\\/sites\\\/20\\\/2022\\\/12\\\/133-1-scaled-e1671206646336.jpg\",\"width\":2560,\"height\":1707},{\"@type\":\"BreadcrumbList\",\"@id\":\"https:\\\/\\\/www.athena-cbh.com\\\/fr\\\/festive-days-athena-beach\\\/a-world-of-festivities-awaits\\\/#breadcrumb\",\"itemListElement\":[{\"@type\":\"ListItem\",\"position\":1,\"name\":\"Home\",\"item\":\"https:\\\/\\\/www.athena-cbh.com\\\/fr\\\/\"},{\"@type\":\"ListItem\",\"position\":2,\"name\":\"Journ\u00e9es de f\u00eate 2024\",\"item\":\"https:\\\/\\\/www.athena-cbh.com\\\/fr\\\/festive-days-athena-beach\\\/\"},{\"@type\":\"ListItem\",\"position\":3,\"name\":\"Un monde de festivit\u00e9s vous attend\"}]},{\"@type\":\"WebSite\",\"@id\":\"https:\\\/\\\/www.athena-cbh.com\\\/fr\\\/#website\",\"url\":\"https:\\\/\\\/www.athena-cbh.com\\\/fr\\\/\",\"name\":\"Athena Beach Hotel\",\"description\":\"Constantinou Bros Athena Beach Hotel, 4 star hotel in Paphos Cyprus\",\"potentialAction\":[{\"@type\":\"SearchAction\",\"target\":{\"@type\":\"EntryPoint\",\"urlTemplate\":\"https:\\\/\\\/www.athena-cbh.com\\\/fr\\\/?s={search_term_string}\"},\"query-input\":{\"@type\":\"PropertyValueSpecification\",\"valueRequired\":true,\"valueName\":\"search_term_string\"}}],\"inLanguage\":\"fr-FR\"}]}<\/script>\n<!-- \/ Yoast SEO plugin. -->","yoast_head_json":{"title":"Un monde de festivit\u00e9s vous attend - Athena Beach Hotel","robots":{"index":"index","follow":"follow","max-snippet":"max-snippet:-1","max-image-preview":"max-image-preview:large","max-video-preview":"max-video-preview:-1"},"canonical":"https:\/\/www.athena-cbh.com\/fr\/festive-days-athena-beach\/a-world-of-festivities-awaits\/","og_locale":"fr_FR","og_type":"article","og_title":"Un monde de festivit\u00e9s vous attend - Athena Beach Hotel","og_description":"Ici, les jours de f\u00eate sont synonymes de joie et d&rsquo;excitation sans fin. Offrez-vous des s\u00e9ances de yoga et de pilates en plein air et des s\u00e9ances d&rsquo;aquagym dans notre piscine int\u00e9rieure chauff\u00e9e. Jouons \u00e0 quelques jeux qui vous font participer au moment pr\u00e9sent, comme le mini-golf, le tennis de table, la p\u00e9tanque, les jeux","og_url":"https:\/\/www.athena-cbh.com\/fr\/festive-days-athena-beach\/a-world-of-festivities-awaits\/","og_site_name":"Athena Beach Hotel","article_modified_time":"2024-09-16T15:52:33+00:00","og_image":[{"width":2560,"height":1707,"url":"https:\/\/www.athena-cbh.com\/app\/uploads\/sites\/20\/2022\/12\/133-1-scaled-e1671206646336.jpg","type":"image\/jpeg"}],"twitter_card":"summary_large_image","twitter_misc":{"Dur\u00e9e de lecture estim\u00e9e":"1 minute"},"schema":{"@context":"https:\/\/schema.org","@graph":[{"@type":"WebPage","@id":"https:\/\/www.athena-cbh.com\/fr\/festive-days-athena-beach\/a-world-of-festivities-awaits\/","url":"https:\/\/www.athena-cbh.com\/fr\/festive-days-athena-beach\/a-world-of-festivities-awaits\/","name":"Un monde de festivit\u00e9s vous attend - Athena Beach Hotel","isPartOf":{"@id":"https:\/\/www.athena-cbh.com\/fr\/#website"},"primaryImageOfPage":{"@id":"https:\/\/www.athena-cbh.com\/fr\/festive-days-athena-beach\/a-world-of-festivities-awaits\/#primaryimage"},"image":{"@id":"https:\/\/www.athena-cbh.com\/fr\/festive-days-athena-beach\/a-world-of-festivities-awaits\/#primaryimage"},"thumbnailUrl":"https:\/\/www.athena-cbh.com\/app\/uploads\/sites\/20\/2022\/12\/133-1-scaled-e1671206646336.jpg","datePublished":"2022-12-09T11:15:55+00:00","dateModified":"2024-09-16T15:52:33+00:00","breadcrumb":{"@id":"https:\/\/www.athena-cbh.com\/fr\/festive-days-athena-beach\/a-world-of-festivities-awaits\/#breadcrumb"},"inLanguage":"fr-FR","potentialAction":[{"@type":"ReadAction","target":["https:\/\/www.athena-cbh.com\/fr\/festive-days-athena-beach\/a-world-of-festivities-awaits\/"]}]},{"@type":"ImageObject","inLanguage":"fr-FR","@id":"https:\/\/www.athena-cbh.com\/fr\/festive-days-athena-beach\/a-world-of-festivities-awaits\/#primaryimage","url":"https:\/\/www.athena-cbh.com\/app\/uploads\/sites\/20\/2022\/12\/133-1-scaled-e1671206646336.jpg","contentUrl":"https:\/\/www.athena-cbh.com\/app\/uploads\/sites\/20\/2022\/12\/133-1-scaled-e1671206646336.jpg","width":2560,"height":1707},{"@type":"BreadcrumbList","@id":"https:\/\/www.athena-cbh.com\/fr\/festive-days-athena-beach\/a-world-of-festivities-awaits\/#breadcrumb","itemListElement":[{"@type":"ListItem","position":1,"name":"Home","item":"https:\/\/www.athena-cbh.com\/fr\/"},{"@type":"ListItem","position":2,"name":"Journ\u00e9es de f\u00eate 2024","item":"https:\/\/www.athena-cbh.com\/fr\/festive-days-athena-beach\/"},{"@type":"ListItem","position":3,"name":"Un monde de festivit\u00e9s vous attend"}]},{"@type":"WebSite","@id":"https:\/\/www.athena-cbh.com\/fr\/#website","url":"https:\/\/www.athena-cbh.com\/fr\/","name":"Athena Beach Hotel","description":"Constantinou Bros Athena Beach Hotel, 4 star hotel in Paphos Cyprus","potentialAction":[{"@type":"SearchAction","target":{"@type":"EntryPoint","urlTemplate":"https:\/\/www.athena-cbh.com\/fr\/?s={search_term_string}"},"query-input":{"@type":"PropertyValueSpecification","valueRequired":true,"valueName":"search_term_string"}}],"inLanguage":"fr-FR"}]}},"_links":{"self":[{"href":"https:\/\/www.athena-cbh.com\/fr\/wp-json\/wp\/v2\/pages\/14907","targetHints":{"allow":["GET"]}}],"collection":[{"href":"https:\/\/www.athena-cbh.com\/fr\/wp-json\/wp\/v2\/pages"}],"about":[{"href":"https:\/\/www.athena-cbh.com\/fr\/wp-json\/wp\/v2\/types\/page"}],"author":[{"embeddable":true,"href":"https:\/\/www.athena-cbh.com\/fr\/wp-json\/wp\/v2\/users\/367"}],"replies":[{"embeddable":true,"href":"https:\/\/www.athena-cbh.com\/fr\/wp-json\/wp\/v2\/comments?post=14907"}],"version-history":[{"count":4,"href":"https:\/\/www.athena-cbh.com\/fr\/wp-json\/wp\/v2\/pages\/14907\/revisions"}],"predecessor-version":[{"id":18586,"href":"https:\/\/www.athena-cbh.com\/fr\/wp-json\/wp\/v2\/pages\/14907\/revisions\/18586"}],"up":[{"embeddable":true,"href":"https:\/\/www.athena-cbh.com\/fr\/wp-json\/wp\/v2\/pages\/14689"}],"wp:featuredmedia":[{"embeddable":true,"href":"https:\/\/www.athena-cbh.com\/fr\/wp-json\/wp\/v2\/media\/14902"}],"wp:attachment":[{"href":"https:\/\/www.athena-cbh.com\/fr\/wp-json\/wp\/v2\/media?parent=14907"}],"curies":[{"name":"wp","href":"https:\/\/api.w.org\/{rel}","templated":true}]}}