{"id":14760,"date":"2022-12-09T14:16:14","date_gmt":"2022-12-09T11:16:14","guid":{"rendered":"https:\/\/www.athena-cbh.com\/festive-days-athena-beach\/new-years-eve-celebrations\/"},"modified":"2025-12-30T11:23:36","modified_gmt":"2025-12-30T08:23:36","slug":"new-years-eve-celebrations","status":"publish","type":"page","link":"https:\/\/www.athena-cbh.com\/fr\/festive-days-athena-beach\/new-years-eve-celebrations\/","title":{"rendered":"C\u00e9l\u00e9brations de la Saint-Sylvestre"},"content":{"rendered":"<p><img loading=\"lazy\" decoding=\"async\" class=\"size-medium wp-image-21236 aligncenter\" src=\"https:\/\/www.athena-cbh.com\/app\/uploads\/sites\/20\/2024\/12\/newsletter-banner-600x50.png\" alt=\"\" width=\"600\" height=\"50\" srcset=\"https:\/\/www.athena-cbh.com\/app\/uploads\/sites\/20\/2024\/12\/newsletter-banner-600x50.png 600w, https:\/\/www.athena-cbh.com\/app\/uploads\/sites\/20\/2024\/12\/newsletter-banner-768x64.png 768w, https:\/\/www.athena-cbh.com\/app\/uploads\/sites\/20\/2024\/12\/newsletter-banner.png 1200w\" sizes=\"auto, (max-width: 600px) 100vw, 600px\" \/><\/p>\n<p><strong><span style=\"color: #bba974;\">MERCREDI 31 D\u00c9CEMBRE 2025, VEILLE DU NOUVEL AN<\/span><\/strong><\/p>\n<ul>\n<li><span style=\"color: #003366;\"><strong>Buffet du r\u00e9veillon de la Saint-Sylvestre (r\u00e9servation obligatoire)<\/strong><\/span><\/li>\n<\/ul>\n<p><span style=\"color: #003366;\">Commencez votre soir\u00e9e par un d\u00e9licieux d\u00eener au restaurant Leda. Apr\u00e8s le repas, plongez dans l&rsquo;atmosph\u00e8re vibrante du Nectar Bar ou de l&rsquo;Athos Lounge, o\u00f9 de la musique live, un spectacle de danse captivant et une performance de DJ vous attendent pour agr\u00e9menter votre soir\u00e9e. <\/span><\/p>\n<ul>\n<li><span style=\"color: #003366;\"><strong>Buffet de gala pour le r\u00e9veillon du Nouvel An (r\u00e9servation \u00e0 l&rsquo;avance aupr\u00e8s de notre Ma\u00cetre D&rsquo;Hotel)  <\/strong><\/span><\/li>\n<\/ul>\n<p><span style=\"color: #003366;\">Dites adieu \u00e0 2025 et accueillez la nouvelle ann\u00e9e avec un buffet de gala festif au restaurant Atrium. Laissez-vous tenter par un \u00e9ventail de plats d\u00e9lectables, agr\u00e9ment\u00e9s de musique live et d&rsquo;un spectacle de danse captivant, pour une soir\u00e9e inoubliable. <\/span><\/p>\n<ul>\n<li><span style=\"color: #003366;\"><strong>Spectacle en direct et compte \u00e0 rebours de la Saint-Sylvestre  <\/strong><\/span><\/li>\n<\/ul>\n<p><span style=\"color: #003366;\">C\u00e9l\u00e9brez la nouvelle ann\u00e9e avec de la musique live, suivie d&rsquo;un l\u00e2cher de ballons festif et de la coupe traditionnelle de la Vasilopita, o\u00f9 une pi\u00e8ce de monnaie cach\u00e9e attend d&rsquo;apporter la bonne fortune.  <\/span><\/p>\n<ul>\n<li><span style=\"color: #003366;\"><strong>R\u00e9veillon du Nouvel An  <\/strong><\/span><\/li>\n<\/ul>\n<p><span style=\"color: #003366;\">Profitez de la musique en direct avec le fabuleux Azniv et son invit\u00e9 sp\u00e9cial, le chanteur Alex.  <\/span><\/p>\n<ul>\n<li><span style=\"color: #003366;\"><strong>Soir\u00e9e disco et divertissement pour le r\u00e9veillon du Nouvel An  <\/strong><\/span><\/li>\n<\/ul>\n<p><span style=\"color: #003366;\">Dansez jusqu&rsquo;au bout de la nuit dans la salle St. Raphael avec DJ Becky.  <\/span><\/p>\n<p>&nbsp;<\/p>\n<p><em><span style=\"color: #003366;\">Vous trouverez ci-dessous le programme complet des festivit\u00e9s.  <\/span><\/em><\/p>\n","protected":false},"excerpt":{"rendered":"<p>MERCREDI 31 D\u00c9CEMBRE 2025, VEILLE DU NOUVEL AN Buffet du r\u00e9veillon de la Saint-Sylvestre (r\u00e9servation obligatoire) Commencez votre soir\u00e9e par un d\u00e9licieux d\u00eener au restaurant Leda. Apr\u00e8s le repas, plongez dans l&rsquo;atmosph\u00e8re vibrante du Nectar Bar ou de l&rsquo;Athos Lounge, o\u00f9 de la musique live, un spectacle de danse captivant et une performance de DJ<\/p>\n","protected":false},"author":367,"featured_media":14741,"parent":14689,"menu_order":0,"comment_status":"closed","ping_status":"closed","template":"","meta":{"_acf_changed":false,"footnotes":""},"class_list":["post-14760","page","type-page","status-publish","has-post-thumbnail","hentry"],"acf":[],"yoast_head":"<!-- This site is optimized with the Yoast SEO plugin v27.5 - https:\/\/yoast.com\/product\/yoast-seo-wordpress\/ -->\n<title>C\u00e9l\u00e9brations de la Saint-Sylvestre - Athena Beach Hotel<\/title>\n<meta name=\"robots\" content=\"index, follow, max-snippet:-1, max-image-preview:large, max-video-preview:-1\" \/>\n<link rel=\"canonical\" href=\"https:\/\/www.athena-cbh.com\/fr\/festive-days-athena-beach\/new-years-eve-celebrations\/\" \/>\n<meta property=\"og:locale\" content=\"fr_FR\" \/>\n<meta property=\"og:type\" content=\"article\" \/>\n<meta property=\"og:title\" content=\"C\u00e9l\u00e9brations de la Saint-Sylvestre - Athena Beach Hotel\" \/>\n<meta property=\"og:description\" content=\"MERCREDI 31 D\u00c9CEMBRE 2025, VEILLE DU NOUVEL AN Buffet du r\u00e9veillon de la Saint-Sylvestre (r\u00e9servation obligatoire) Commencez votre soir\u00e9e par un d\u00e9licieux d\u00eener au restaurant Leda. Apr\u00e8s le repas, plongez dans l&rsquo;atmosph\u00e8re vibrante du Nectar Bar ou de l&rsquo;Athos Lounge, o\u00f9 de la musique live, un spectacle de danse captivant et une performance de DJ\" \/>\n<meta property=\"og:url\" content=\"https:\/\/www.athena-cbh.com\/fr\/festive-days-athena-beach\/new-years-eve-celebrations\/\" \/>\n<meta property=\"og:site_name\" content=\"Athena Beach Hotel\" \/>\n<meta property=\"article:modified_time\" content=\"2025-12-30T08:23:36+00:00\" \/>\n<meta property=\"og:image\" content=\"https:\/\/www.athena-cbh.com\/app\/uploads\/sites\/20\/2022\/12\/169-scaled-e1671205054972.jpg\" \/>\n\t<meta property=\"og:image:width\" content=\"2560\" \/>\n\t<meta property=\"og:image:height\" content=\"1707\" \/>\n\t<meta property=\"og:image:type\" content=\"image\/jpeg\" \/>\n<meta name=\"twitter:card\" content=\"summary_large_image\" \/>\n<meta name=\"twitter:label1\" content=\"Dur\u00e9e de lecture estim\u00e9e\" \/>\n\t<meta name=\"twitter:data1\" content=\"1 minute\" \/>\n<script type=\"application\/ld+json\" class=\"yoast-schema-graph\">{\"@context\":\"https:\\\/\\\/schema.org\",\"@graph\":[{\"@type\":\"WebPage\",\"@id\":\"https:\\\/\\\/www.athena-cbh.com\\\/fr\\\/festive-days-athena-beach\\\/new-years-eve-celebrations\\\/\",\"url\":\"https:\\\/\\\/www.athena-cbh.com\\\/fr\\\/festive-days-athena-beach\\\/new-years-eve-celebrations\\\/\",\"name\":\"C\u00e9l\u00e9brations de la Saint-Sylvestre - Athena Beach Hotel\",\"isPartOf\":{\"@id\":\"https:\\\/\\\/www.athena-cbh.com\\\/fr\\\/#website\"},\"primaryImageOfPage\":{\"@id\":\"https:\\\/\\\/www.athena-cbh.com\\\/fr\\\/festive-days-athena-beach\\\/new-years-eve-celebrations\\\/#primaryimage\"},\"image\":{\"@id\":\"https:\\\/\\\/www.athena-cbh.com\\\/fr\\\/festive-days-athena-beach\\\/new-years-eve-celebrations\\\/#primaryimage\"},\"thumbnailUrl\":\"https:\\\/\\\/www.athena-cbh.com\\\/app\\\/uploads\\\/sites\\\/20\\\/2022\\\/12\\\/169-scaled-e1671205054972.jpg\",\"datePublished\":\"2022-12-09T11:16:14+00:00\",\"dateModified\":\"2025-12-30T08:23:36+00:00\",\"breadcrumb\":{\"@id\":\"https:\\\/\\\/www.athena-cbh.com\\\/fr\\\/festive-days-athena-beach\\\/new-years-eve-celebrations\\\/#breadcrumb\"},\"inLanguage\":\"fr-FR\",\"potentialAction\":[{\"@type\":\"ReadAction\",\"target\":[\"https:\\\/\\\/www.athena-cbh.com\\\/fr\\\/festive-days-athena-beach\\\/new-years-eve-celebrations\\\/\"]}]},{\"@type\":\"ImageObject\",\"inLanguage\":\"fr-FR\",\"@id\":\"https:\\\/\\\/www.athena-cbh.com\\\/fr\\\/festive-days-athena-beach\\\/new-years-eve-celebrations\\\/#primaryimage\",\"url\":\"https:\\\/\\\/www.athena-cbh.com\\\/app\\\/uploads\\\/sites\\\/20\\\/2022\\\/12\\\/169-scaled-e1671205054972.jpg\",\"contentUrl\":\"https:\\\/\\\/www.athena-cbh.com\\\/app\\\/uploads\\\/sites\\\/20\\\/2022\\\/12\\\/169-scaled-e1671205054972.jpg\",\"width\":2560,\"height\":1707},{\"@type\":\"BreadcrumbList\",\"@id\":\"https:\\\/\\\/www.athena-cbh.com\\\/fr\\\/festive-days-athena-beach\\\/new-years-eve-celebrations\\\/#breadcrumb\",\"itemListElement\":[{\"@type\":\"ListItem\",\"position\":1,\"name\":\"Home\",\"item\":\"https:\\\/\\\/www.athena-cbh.com\\\/fr\\\/\"},{\"@type\":\"ListItem\",\"position\":2,\"name\":\"Journ\u00e9es de f\u00eate 2024\",\"item\":\"https:\\\/\\\/www.athena-cbh.com\\\/fr\\\/festive-days-athena-beach\\\/\"},{\"@type\":\"ListItem\",\"position\":3,\"name\":\"C\u00e9l\u00e9brations de la Saint-Sylvestre\"}]},{\"@type\":\"WebSite\",\"@id\":\"https:\\\/\\\/www.athena-cbh.com\\\/fr\\\/#website\",\"url\":\"https:\\\/\\\/www.athena-cbh.com\\\/fr\\\/\",\"name\":\"Athena Beach Hotel\",\"description\":\"Constantinou Bros Athena Beach Hotel, 4 star hotel in Paphos Cyprus\",\"potentialAction\":[{\"@type\":\"SearchAction\",\"target\":{\"@type\":\"EntryPoint\",\"urlTemplate\":\"https:\\\/\\\/www.athena-cbh.com\\\/fr\\\/?s={search_term_string}\"},\"query-input\":{\"@type\":\"PropertyValueSpecification\",\"valueRequired\":true,\"valueName\":\"search_term_string\"}}],\"inLanguage\":\"fr-FR\"}]}<\/script>\n<!-- \/ Yoast SEO plugin. -->","yoast_head_json":{"title":"C\u00e9l\u00e9brations de la Saint-Sylvestre - Athena Beach Hotel","robots":{"index":"index","follow":"follow","max-snippet":"max-snippet:-1","max-image-preview":"max-image-preview:large","max-video-preview":"max-video-preview:-1"},"canonical":"https:\/\/www.athena-cbh.com\/fr\/festive-days-athena-beach\/new-years-eve-celebrations\/","og_locale":"fr_FR","og_type":"article","og_title":"C\u00e9l\u00e9brations de la Saint-Sylvestre - Athena Beach Hotel","og_description":"MERCREDI 31 D\u00c9CEMBRE 2025, VEILLE DU NOUVEL AN Buffet du r\u00e9veillon de la Saint-Sylvestre (r\u00e9servation obligatoire) Commencez votre soir\u00e9e par un d\u00e9licieux d\u00eener au restaurant Leda. Apr\u00e8s le repas, plongez dans l&rsquo;atmosph\u00e8re vibrante du Nectar Bar ou de l&rsquo;Athos Lounge, o\u00f9 de la musique live, un spectacle de danse captivant et une performance de DJ","og_url":"https:\/\/www.athena-cbh.com\/fr\/festive-days-athena-beach\/new-years-eve-celebrations\/","og_site_name":"Athena Beach Hotel","article_modified_time":"2025-12-30T08:23:36+00:00","og_image":[{"width":2560,"height":1707,"url":"https:\/\/www.athena-cbh.com\/app\/uploads\/sites\/20\/2022\/12\/169-scaled-e1671205054972.jpg","type":"image\/jpeg"}],"twitter_card":"summary_large_image","twitter_misc":{"Dur\u00e9e de lecture estim\u00e9e":"1 minute"},"schema":{"@context":"https:\/\/schema.org","@graph":[{"@type":"WebPage","@id":"https:\/\/www.athena-cbh.com\/fr\/festive-days-athena-beach\/new-years-eve-celebrations\/","url":"https:\/\/www.athena-cbh.com\/fr\/festive-days-athena-beach\/new-years-eve-celebrations\/","name":"C\u00e9l\u00e9brations de la Saint-Sylvestre - Athena Beach Hotel","isPartOf":{"@id":"https:\/\/www.athena-cbh.com\/fr\/#website"},"primaryImageOfPage":{"@id":"https:\/\/www.athena-cbh.com\/fr\/festive-days-athena-beach\/new-years-eve-celebrations\/#primaryimage"},"image":{"@id":"https:\/\/www.athena-cbh.com\/fr\/festive-days-athena-beach\/new-years-eve-celebrations\/#primaryimage"},"thumbnailUrl":"https:\/\/www.athena-cbh.com\/app\/uploads\/sites\/20\/2022\/12\/169-scaled-e1671205054972.jpg","datePublished":"2022-12-09T11:16:14+00:00","dateModified":"2025-12-30T08:23:36+00:00","breadcrumb":{"@id":"https:\/\/www.athena-cbh.com\/fr\/festive-days-athena-beach\/new-years-eve-celebrations\/#breadcrumb"},"inLanguage":"fr-FR","potentialAction":[{"@type":"ReadAction","target":["https:\/\/www.athena-cbh.com\/fr\/festive-days-athena-beach\/new-years-eve-celebrations\/"]}]},{"@type":"ImageObject","inLanguage":"fr-FR","@id":"https:\/\/www.athena-cbh.com\/fr\/festive-days-athena-beach\/new-years-eve-celebrations\/#primaryimage","url":"https:\/\/www.athena-cbh.com\/app\/uploads\/sites\/20\/2022\/12\/169-scaled-e1671205054972.jpg","contentUrl":"https:\/\/www.athena-cbh.com\/app\/uploads\/sites\/20\/2022\/12\/169-scaled-e1671205054972.jpg","width":2560,"height":1707},{"@type":"BreadcrumbList","@id":"https:\/\/www.athena-cbh.com\/fr\/festive-days-athena-beach\/new-years-eve-celebrations\/#breadcrumb","itemListElement":[{"@type":"ListItem","position":1,"name":"Home","item":"https:\/\/www.athena-cbh.com\/fr\/"},{"@type":"ListItem","position":2,"name":"Journ\u00e9es de f\u00eate 2024","item":"https:\/\/www.athena-cbh.com\/fr\/festive-days-athena-beach\/"},{"@type":"ListItem","position":3,"name":"C\u00e9l\u00e9brations de la Saint-Sylvestre"}]},{"@type":"WebSite","@id":"https:\/\/www.athena-cbh.com\/fr\/#website","url":"https:\/\/www.athena-cbh.com\/fr\/","name":"Athena Beach Hotel","description":"Constantinou Bros Athena Beach Hotel, 4 star hotel in Paphos Cyprus","potentialAction":[{"@type":"SearchAction","target":{"@type":"EntryPoint","urlTemplate":"https:\/\/www.athena-cbh.com\/fr\/?s={search_term_string}"},"query-input":{"@type":"PropertyValueSpecification","valueRequired":true,"valueName":"search_term_string"}}],"inLanguage":"fr-FR"}]}},"_links":{"self":[{"href":"https:\/\/www.athena-cbh.com\/fr\/wp-json\/wp\/v2\/pages\/14760","targetHints":{"allow":["GET"]}}],"collection":[{"href":"https:\/\/www.athena-cbh.com\/fr\/wp-json\/wp\/v2\/pages"}],"about":[{"href":"https:\/\/www.athena-cbh.com\/fr\/wp-json\/wp\/v2\/types\/page"}],"author":[{"embeddable":true,"href":"https:\/\/www.athena-cbh.com\/fr\/wp-json\/wp\/v2\/users\/367"}],"replies":[{"embeddable":true,"href":"https:\/\/www.athena-cbh.com\/fr\/wp-json\/wp\/v2\/comments?post=14760"}],"version-history":[{"count":17,"href":"https:\/\/www.athena-cbh.com\/fr\/wp-json\/wp\/v2\/pages\/14760\/revisions"}],"predecessor-version":[{"id":22787,"href":"https:\/\/www.athena-cbh.com\/fr\/wp-json\/wp\/v2\/pages\/14760\/revisions\/22787"}],"up":[{"embeddable":true,"href":"https:\/\/www.athena-cbh.com\/fr\/wp-json\/wp\/v2\/pages\/14689"}],"wp:featuredmedia":[{"embeddable":true,"href":"https:\/\/www.athena-cbh.com\/fr\/wp-json\/wp\/v2\/media\/14741"}],"wp:attachment":[{"href":"https:\/\/www.athena-cbh.com\/fr\/wp-json\/wp\/v2\/media?parent=14760"}],"curies":[{"name":"wp","href":"https:\/\/api.w.org\/{rel}","templated":true}]}}