{"id":14727,"date":"2022-12-09T14:16:01","date_gmt":"2022-12-09T11:16:01","guid":{"rendered":"https:\/\/www.athena-cbh.com\/festive-days-athena-beach\/festive-activities-for-all\/"},"modified":"2024-12-19T10:50:21","modified_gmt":"2024-12-19T07:50:21","slug":"festive-activities-for-all","status":"publish","type":"page","link":"https:\/\/www.athena-cbh.com\/fr\/festive-days-athena-beach\/festive-activities-for-all\/","title":{"rendered":"Des activit\u00e9s festives pour tous"},"content":{"rendered":"<p><img loading=\"lazy\" decoding=\"async\" class=\"size-medium wp-image-21236 aligncenter\" src=\"https:\/\/www.athena-cbh.com\/app\/uploads\/sites\/20\/2024\/12\/newsletter-banner-600x50.png\" alt=\"\" width=\"600\" height=\"50\" srcset=\"https:\/\/www.athena-cbh.com\/app\/uploads\/sites\/20\/2024\/12\/newsletter-banner-600x50.png 600w, https:\/\/www.athena-cbh.com\/app\/uploads\/sites\/20\/2024\/12\/newsletter-banner-768x64.png 768w, https:\/\/www.athena-cbh.com\/app\/uploads\/sites\/20\/2024\/12\/newsletter-banner.png 1200w\" sizes=\"auto, (max-width: 600px) 100vw, 600px\" \/><\/p>\n<p><strong><span style=\"color: #bba974;\">MARDI 24 D\u00c9CEMBRE 2024<\/span><\/strong><\/p>\n<p><span style=\"color: #003366;\">Chants de No\u00ebl. Arbre de No\u00ebl de la chorale locale au Lobby Lounge. Rassemblez-vous autour de l&rsquo;arbre de No\u00ebl et appr\u00e9ciez ces merveilleux chants de No\u00ebl intemporels.<\/span><\/p>\n<p><strong><span style=\"color: #bba974;\">MERCREDI 25 D\u00c9CEMBRE 2024, JOUR DE NO\u00cbL<\/span><\/strong><\/p>\n<p><span style=\"color: #003366;\">Le P\u00e8re No\u00ebl se rendra \u00e0 l&rsquo;Athena Beach Hotel sur l&rsquo;\u00eele de la piscine, si le temps le permet, ou dans le hall d&rsquo;entr\u00e9e. Il a fait sa liste, il l&rsquo;a v\u00e9rifi\u00e9e deux fois et il vous attend tous avec des cadeaux.<\/span><br \/>\n<span style=\"color: #003366;\">Le jour de No\u00ebl, le th\u00e9 de l&rsquo;apr\u00e8s-midi sera servi par notre spectaculaire accord\u00e9oniste dans le salon du hall d&rsquo;entr\u00e9e de l&rsquo;h\u00f4tel. D\u00e9tendez-vous dans le hall et appr\u00e9ciez les m\u00e9lodies de No\u00ebl tout en sirotant votre th\u00e9 de l&rsquo;apr\u00e8s-midi, accompagn\u00e9 de d\u00e9licieuses sp\u00e9cialit\u00e9s de No\u00ebl pr\u00e9par\u00e9es par notre chef p\u00e2tissier.<\/span><\/p>\n<p><span style=\"color: #bba974;\"><strong>JEUDI 26 D\u00c9CEMBRE 2024<\/strong><\/span><\/p>\n<p><span style=\"color: #003366;\">Boxing Day Hot Chocolate Event accompagn\u00e9 par notre spectaculaire accord\u00e9oniste, buffet de chocolat, chocolat chaud, Gl\u00fchwein &amp; Eggnog au Lobby Lounge de l&rsquo;h\u00f4tel.<\/span><br \/>\n<span style=\"color: #003366;\">Rejoignez ANASTAZIO pour une performance de chant en direct au Nectar Bar.<\/span><\/p>\n<p><strong><span style=\"color: #bba974;\">VENDREDI 27 D\u00c9CEMBRE 2024<\/span><\/strong><\/p>\n<p><span style=\"color: #003366;\">Spectacle de danse traditionnelle grecque avec musique grecque en direct \u00e0 l&rsquo;Athos Lounge<\/span><\/p>\n<p><strong><span style=\"color: #bba974;\">MARDI 31 D\u00c9CEMBRE 2024, VEILLE DU NOUVEL AN<\/span><\/strong><\/p>\n<p><span style=\"color: #003366;\">Chasse au tr\u00e9sor en famille. Rendez-vous au restaurant Adonis<\/span><br \/>\n<span style=\"color: #003366;\">Fromage, vin et art. Rendez-vous \u00e0 l&rsquo;Athos Lounge. Venez nous rejoindre pour une d\u00e9gustation de vin et montrez-nous vos talents de peintre.<\/span><\/p>\n<p>&nbsp;<\/p>\n<p><span style=\"color: #003366;\"><em>Consultez le programme complet des festivit\u00e9s ci-dessous.<\/em><\/span><\/p>\n","protected":false},"excerpt":{"rendered":"<p>MARDI 24 D\u00c9CEMBRE 2024 Chants de No\u00ebl. Arbre de No\u00ebl de la chorale locale au Lobby Lounge. Rassemblez-vous autour de l&rsquo;arbre de No\u00ebl et appr\u00e9ciez ces merveilleux chants de No\u00ebl intemporels. MERCREDI 25 D\u00c9CEMBRE 2024, JOUR DE NO\u00cbL Le P\u00e8re No\u00ebl se rendra \u00e0 l&rsquo;Athena Beach Hotel sur l&rsquo;\u00eele de la piscine, si le temps<\/p>\n","protected":false},"author":367,"featured_media":22673,"parent":14689,"menu_order":0,"comment_status":"closed","ping_status":"closed","template":"","meta":{"_acf_changed":false,"footnotes":""},"class_list":["post-14727","page","type-page","status-publish","has-post-thumbnail","hentry"],"acf":[],"yoast_head":"<!-- This site is optimized with the Yoast SEO plugin v27.5 - https:\/\/yoast.com\/product\/yoast-seo-wordpress\/ -->\n<title>Des activit\u00e9s festives pour tous - Athena Beach Hotel<\/title>\n<meta name=\"robots\" content=\"index, follow, max-snippet:-1, max-image-preview:large, max-video-preview:-1\" \/>\n<link rel=\"canonical\" href=\"https:\/\/www.athena-cbh.com\/fr\/festive-days-athena-beach\/festive-activities-for-all\/\" \/>\n<meta property=\"og:locale\" content=\"fr_FR\" \/>\n<meta property=\"og:type\" content=\"article\" \/>\n<meta property=\"og:title\" content=\"Des activit\u00e9s festives pour tous - Athena Beach Hotel\" \/>\n<meta property=\"og:description\" content=\"MARDI 24 D\u00c9CEMBRE 2024 Chants de No\u00ebl. Arbre de No\u00ebl de la chorale locale au Lobby Lounge. Rassemblez-vous autour de l&rsquo;arbre de No\u00ebl et appr\u00e9ciez ces merveilleux chants de No\u00ebl intemporels. MERCREDI 25 D\u00c9CEMBRE 2024, JOUR DE NO\u00cbL Le P\u00e8re No\u00ebl se rendra \u00e0 l&rsquo;Athena Beach Hotel sur l&rsquo;\u00eele de la piscine, si le temps\" \/>\n<meta property=\"og:url\" content=\"https:\/\/www.athena-cbh.com\/fr\/festive-days-athena-beach\/festive-activities-for-all\/\" \/>\n<meta property=\"og:site_name\" content=\"Athena Beach Hotel\" \/>\n<meta property=\"article:modified_time\" content=\"2024-12-19T07:50:21+00:00\" \/>\n<meta property=\"og:image\" content=\"https:\/\/www.athena-cbh.com\/app\/uploads\/sites\/20\/2024\/12\/084-scaled.jpg\" \/>\n\t<meta property=\"og:image:width\" content=\"2560\" \/>\n\t<meta property=\"og:image:height\" content=\"1707\" \/>\n\t<meta property=\"og:image:type\" content=\"image\/jpeg\" \/>\n<meta name=\"twitter:card\" content=\"summary_large_image\" \/>\n<meta name=\"twitter:label1\" content=\"Dur\u00e9e de lecture estim\u00e9e\" \/>\n\t<meta name=\"twitter:data1\" content=\"2 minutes\" \/>\n<script type=\"application\/ld+json\" class=\"yoast-schema-graph\">{\"@context\":\"https:\\\/\\\/schema.org\",\"@graph\":[{\"@type\":\"WebPage\",\"@id\":\"https:\\\/\\\/www.athena-cbh.com\\\/fr\\\/festive-days-athena-beach\\\/festive-activities-for-all\\\/\",\"url\":\"https:\\\/\\\/www.athena-cbh.com\\\/fr\\\/festive-days-athena-beach\\\/festive-activities-for-all\\\/\",\"name\":\"Des activit\u00e9s festives pour tous - Athena Beach Hotel\",\"isPartOf\":{\"@id\":\"https:\\\/\\\/www.athena-cbh.com\\\/fr\\\/#website\"},\"primaryImageOfPage\":{\"@id\":\"https:\\\/\\\/www.athena-cbh.com\\\/fr\\\/festive-days-athena-beach\\\/festive-activities-for-all\\\/#primaryimage\"},\"image\":{\"@id\":\"https:\\\/\\\/www.athena-cbh.com\\\/fr\\\/festive-days-athena-beach\\\/festive-activities-for-all\\\/#primaryimage\"},\"thumbnailUrl\":\"https:\\\/\\\/www.athena-cbh.com\\\/app\\\/uploads\\\/sites\\\/20\\\/2025\\\/10\\\/161-1-scaled.jpg\",\"datePublished\":\"2022-12-09T11:16:01+00:00\",\"dateModified\":\"2024-12-19T07:50:21+00:00\",\"breadcrumb\":{\"@id\":\"https:\\\/\\\/www.athena-cbh.com\\\/fr\\\/festive-days-athena-beach\\\/festive-activities-for-all\\\/#breadcrumb\"},\"inLanguage\":\"fr-FR\",\"potentialAction\":[{\"@type\":\"ReadAction\",\"target\":[\"https:\\\/\\\/www.athena-cbh.com\\\/fr\\\/festive-days-athena-beach\\\/festive-activities-for-all\\\/\"]}]},{\"@type\":\"ImageObject\",\"inLanguage\":\"fr-FR\",\"@id\":\"https:\\\/\\\/www.athena-cbh.com\\\/fr\\\/festive-days-athena-beach\\\/festive-activities-for-all\\\/#primaryimage\",\"url\":\"https:\\\/\\\/www.athena-cbh.com\\\/app\\\/uploads\\\/sites\\\/20\\\/2025\\\/10\\\/161-1-scaled.jpg\",\"contentUrl\":\"https:\\\/\\\/www.athena-cbh.com\\\/app\\\/uploads\\\/sites\\\/20\\\/2025\\\/10\\\/161-1-scaled.jpg\",\"width\":2560,\"height\":1707},{\"@type\":\"BreadcrumbList\",\"@id\":\"https:\\\/\\\/www.athena-cbh.com\\\/fr\\\/festive-days-athena-beach\\\/festive-activities-for-all\\\/#breadcrumb\",\"itemListElement\":[{\"@type\":\"ListItem\",\"position\":1,\"name\":\"Home\",\"item\":\"https:\\\/\\\/www.athena-cbh.com\\\/fr\\\/\"},{\"@type\":\"ListItem\",\"position\":2,\"name\":\"Journ\u00e9es de f\u00eate 2024\",\"item\":\"https:\\\/\\\/www.athena-cbh.com\\\/fr\\\/festive-days-athena-beach\\\/\"},{\"@type\":\"ListItem\",\"position\":3,\"name\":\"Des activit\u00e9s festives pour tous\"}]},{\"@type\":\"WebSite\",\"@id\":\"https:\\\/\\\/www.athena-cbh.com\\\/fr\\\/#website\",\"url\":\"https:\\\/\\\/www.athena-cbh.com\\\/fr\\\/\",\"name\":\"Athena Beach Hotel\",\"description\":\"Constantinou Bros Athena Beach Hotel, 4 star hotel in Paphos Cyprus\",\"potentialAction\":[{\"@type\":\"SearchAction\",\"target\":{\"@type\":\"EntryPoint\",\"urlTemplate\":\"https:\\\/\\\/www.athena-cbh.com\\\/fr\\\/?s={search_term_string}\"},\"query-input\":{\"@type\":\"PropertyValueSpecification\",\"valueRequired\":true,\"valueName\":\"search_term_string\"}}],\"inLanguage\":\"fr-FR\"}]}<\/script>\n<!-- \/ Yoast SEO plugin. -->","yoast_head_json":{"title":"Des activit\u00e9s festives pour tous - Athena Beach Hotel","robots":{"index":"index","follow":"follow","max-snippet":"max-snippet:-1","max-image-preview":"max-image-preview:large","max-video-preview":"max-video-preview:-1"},"canonical":"https:\/\/www.athena-cbh.com\/fr\/festive-days-athena-beach\/festive-activities-for-all\/","og_locale":"fr_FR","og_type":"article","og_title":"Des activit\u00e9s festives pour tous - Athena Beach Hotel","og_description":"MARDI 24 D\u00c9CEMBRE 2024 Chants de No\u00ebl. Arbre de No\u00ebl de la chorale locale au Lobby Lounge. Rassemblez-vous autour de l&rsquo;arbre de No\u00ebl et appr\u00e9ciez ces merveilleux chants de No\u00ebl intemporels. MERCREDI 25 D\u00c9CEMBRE 2024, JOUR DE NO\u00cbL Le P\u00e8re No\u00ebl se rendra \u00e0 l&rsquo;Athena Beach Hotel sur l&rsquo;\u00eele de la piscine, si le temps","og_url":"https:\/\/www.athena-cbh.com\/fr\/festive-days-athena-beach\/festive-activities-for-all\/","og_site_name":"Athena Beach Hotel","article_modified_time":"2024-12-19T07:50:21+00:00","og_image":[{"width":2560,"height":1707,"url":"https:\/\/www.athena-cbh.com\/app\/uploads\/sites\/20\/2024\/12\/084-scaled.jpg","type":"image\/jpeg"}],"twitter_card":"summary_large_image","twitter_misc":{"Dur\u00e9e de lecture estim\u00e9e":"2 minutes"},"schema":{"@context":"https:\/\/schema.org","@graph":[{"@type":"WebPage","@id":"https:\/\/www.athena-cbh.com\/fr\/festive-days-athena-beach\/festive-activities-for-all\/","url":"https:\/\/www.athena-cbh.com\/fr\/festive-days-athena-beach\/festive-activities-for-all\/","name":"Des activit\u00e9s festives pour tous - Athena Beach Hotel","isPartOf":{"@id":"https:\/\/www.athena-cbh.com\/fr\/#website"},"primaryImageOfPage":{"@id":"https:\/\/www.athena-cbh.com\/fr\/festive-days-athena-beach\/festive-activities-for-all\/#primaryimage"},"image":{"@id":"https:\/\/www.athena-cbh.com\/fr\/festive-days-athena-beach\/festive-activities-for-all\/#primaryimage"},"thumbnailUrl":"https:\/\/www.athena-cbh.com\/app\/uploads\/sites\/20\/2025\/10\/161-1-scaled.jpg","datePublished":"2022-12-09T11:16:01+00:00","dateModified":"2024-12-19T07:50:21+00:00","breadcrumb":{"@id":"https:\/\/www.athena-cbh.com\/fr\/festive-days-athena-beach\/festive-activities-for-all\/#breadcrumb"},"inLanguage":"fr-FR","potentialAction":[{"@type":"ReadAction","target":["https:\/\/www.athena-cbh.com\/fr\/festive-days-athena-beach\/festive-activities-for-all\/"]}]},{"@type":"ImageObject","inLanguage":"fr-FR","@id":"https:\/\/www.athena-cbh.com\/fr\/festive-days-athena-beach\/festive-activities-for-all\/#primaryimage","url":"https:\/\/www.athena-cbh.com\/app\/uploads\/sites\/20\/2025\/10\/161-1-scaled.jpg","contentUrl":"https:\/\/www.athena-cbh.com\/app\/uploads\/sites\/20\/2025\/10\/161-1-scaled.jpg","width":2560,"height":1707},{"@type":"BreadcrumbList","@id":"https:\/\/www.athena-cbh.com\/fr\/festive-days-athena-beach\/festive-activities-for-all\/#breadcrumb","itemListElement":[{"@type":"ListItem","position":1,"name":"Home","item":"https:\/\/www.athena-cbh.com\/fr\/"},{"@type":"ListItem","position":2,"name":"Journ\u00e9es de f\u00eate 2024","item":"https:\/\/www.athena-cbh.com\/fr\/festive-days-athena-beach\/"},{"@type":"ListItem","position":3,"name":"Des activit\u00e9s festives pour tous"}]},{"@type":"WebSite","@id":"https:\/\/www.athena-cbh.com\/fr\/#website","url":"https:\/\/www.athena-cbh.com\/fr\/","name":"Athena Beach Hotel","description":"Constantinou Bros Athena Beach Hotel, 4 star hotel in Paphos Cyprus","potentialAction":[{"@type":"SearchAction","target":{"@type":"EntryPoint","urlTemplate":"https:\/\/www.athena-cbh.com\/fr\/?s={search_term_string}"},"query-input":{"@type":"PropertyValueSpecification","valueRequired":true,"valueName":"search_term_string"}}],"inLanguage":"fr-FR"}]}},"_links":{"self":[{"href":"https:\/\/www.athena-cbh.com\/fr\/wp-json\/wp\/v2\/pages\/14727","targetHints":{"allow":["GET"]}}],"collection":[{"href":"https:\/\/www.athena-cbh.com\/fr\/wp-json\/wp\/v2\/pages"}],"about":[{"href":"https:\/\/www.athena-cbh.com\/fr\/wp-json\/wp\/v2\/types\/page"}],"author":[{"embeddable":true,"href":"https:\/\/www.athena-cbh.com\/fr\/wp-json\/wp\/v2\/users\/367"}],"replies":[{"embeddable":true,"href":"https:\/\/www.athena-cbh.com\/fr\/wp-json\/wp\/v2\/comments?post=14727"}],"version-history":[{"count":19,"href":"https:\/\/www.athena-cbh.com\/fr\/wp-json\/wp\/v2\/pages\/14727\/revisions"}],"predecessor-version":[{"id":21510,"href":"https:\/\/www.athena-cbh.com\/fr\/wp-json\/wp\/v2\/pages\/14727\/revisions\/21510"}],"up":[{"embeddable":true,"href":"https:\/\/www.athena-cbh.com\/fr\/wp-json\/wp\/v2\/pages\/14689"}],"wp:featuredmedia":[{"embeddable":true,"href":"https:\/\/www.athena-cbh.com\/fr\/wp-json\/wp\/v2\/media\/22673"}],"wp:attachment":[{"href":"https:\/\/www.athena-cbh.com\/fr\/wp-json\/wp\/v2\/media?parent=14727"}],"curies":[{"name":"wp","href":"https:\/\/api.w.org\/{rel}","templated":true}]}}