{"id":14689,"date":"2022-12-09T14:11:09","date_gmt":"2022-12-09T11:11:09","guid":{"rendered":"https:\/\/www.athena-cbh.com\/festive-days-athena-beach\/"},"modified":"2024-12-23T12:20:51","modified_gmt":"2024-12-23T09:20:51","slug":"festive-days-athena-beach","status":"publish","type":"page","link":"https:\/\/www.athena-cbh.com\/fr\/festive-days-athena-beach\/","title":{"rendered":"Journ\u00e9es de f\u00eate 2024"},"content":{"rendered":"<p>Au Constantinou Bros Athena Beach Hotel, les jours de f\u00eate sont des jours pleins d&rsquo;amusement, de soleil, de joie, de plaisir et d&rsquo;\u00e9merveillement g\u00e9n\u00e9ral. Rejoignez-nous pour un No\u00ebl diff\u00e9rent sur la plage de Paphos \u00e0 Chypre et d\u00e9couvrez un programme attrayant d&rsquo;activit\u00e9s pour tous. Les f\u00eates de No\u00ebl et du Nouvel An dans notre h\u00f4tel situ\u00e9 sur le front de mer de Paphos promettent une saison de vacances pleine de moments ensoleill\u00e9s dans un cadre magnifique. Du 22 d\u00e9cembre au jour de l&rsquo;an, nous vous proposons une s\u00e9rie d&rsquo;activit\u00e9s et d&rsquo;\u00e9v\u00e9nements festifs.<\/p>\n<p>Nos d\u00e9licieux \u00e9v\u00e9nements gastronomiques, impr\u00e9gn\u00e9s de l&rsquo;esprit des f\u00eates, vous combleront de bonheur et feront de cette p\u00e9riode de f\u00eates un moment inoubliable. Notre programme \u00ab Festive Days \u00bb a \u00e9t\u00e9 con\u00e7u avec beaucoup d&rsquo;amour et d&rsquo;attention et est fait pour \u00eatre appr\u00e9ci\u00e9 par tous, que vous soyez seul, en couple, en famille ou en groupe d&rsquo;amis.<\/p>\n<p>Tout le monde est le bienvenu, car nous avons pris soin de chaque d\u00e9tail pour que chacun d&rsquo;entre vous puisse vivre une exp\u00e9rience de vacances sans faille et vraiment enrichissante, qui restera grav\u00e9e dans votre m\u00e9moire pendant des ann\u00e9es.<\/p>\n<p>Nous esp\u00e9rons vous voir au cours de cette p\u00e9riode festive sp\u00e9ciale ici, au Constantinou Bros Athena Beach Hotel, pour des moments remplis de joie et d&rsquo;esprit de vacances.<\/p>\n<p>&nbsp;<\/p>\n","protected":false},"excerpt":{"rendered":"<p>Au Constantinou Bros Athena Beach Hotel, les jours de f\u00eate sont des jours pleins d&rsquo;amusement, de soleil, de joie, de plaisir et d&rsquo;\u00e9merveillement g\u00e9n\u00e9ral. Rejoignez-nous pour un No\u00ebl diff\u00e9rent sur la plage de Paphos \u00e0 Chypre et d\u00e9couvrez un programme attrayant d&rsquo;activit\u00e9s pour tous. Les f\u00eates de No\u00ebl et du Nouvel An dans notre h\u00f4tel<\/p>\n","protected":false},"author":367,"featured_media":14603,"parent":0,"menu_order":0,"comment_status":"closed","ping_status":"closed","template":"page-templates\/simple-list.php","meta":{"_acf_changed":false,"footnotes":""},"class_list":["post-14689","page","type-page","status-publish","has-post-thumbnail","hentry"],"acf":[],"yoast_head":"<!-- This site is optimized with the Yoast SEO plugin v27.5 - https:\/\/yoast.com\/product\/yoast-seo-wordpress\/ -->\n<title>JOURS DE F\u00caTE - ATHENA BEACH (Constantinou Bros) \u00e0 Chypre | Athena Beach Hotel<\/title>\n<meta name=\"description\" content=\"L&#039;Athena Beach Hotel by Constantinou Bros est un fabuleux h\u00f4tel de bord de mer \u00e0 Paphos qui vous offre la possibilit\u00e9 de passer des vacances actives \u00e0 Chypre.\" \/>\n<meta name=\"robots\" content=\"index, follow, max-snippet:-1, max-image-preview:large, max-video-preview:-1\" \/>\n<link rel=\"canonical\" href=\"https:\/\/www.athena-cbh.com\/fr\/festive-days-athena-beach\/\" \/>\n<meta property=\"og:locale\" content=\"fr_FR\" \/>\n<meta property=\"og:type\" content=\"article\" \/>\n<meta property=\"og:title\" content=\"JOURS DE F\u00caTE - ATHENA BEACH (Constantinou Bros) \u00e0 Chypre | Athena Beach Hotel\" \/>\n<meta property=\"og:description\" content=\"L&#039;Athena Beach Hotel by Constantinou Bros est un fabuleux h\u00f4tel de bord de mer \u00e0 Paphos qui vous offre la possibilit\u00e9 de passer des vacances actives \u00e0 Chypre.\" \/>\n<meta property=\"og:url\" content=\"https:\/\/www.athena-cbh.com\/fr\/festive-days-athena-beach\/\" \/>\n<meta property=\"og:site_name\" content=\"Athena Beach Hotel\" \/>\n<meta property=\"article:modified_time\" content=\"2024-12-23T09:20:51+00:00\" \/>\n<meta property=\"og:image\" content=\"https:\/\/www.athena-cbh.com\/app\/uploads\/sites\/20\/2022\/12\/015-scaled.jpg\" \/>\n\t<meta property=\"og:image:width\" content=\"2560\" \/>\n\t<meta property=\"og:image:height\" content=\"1707\" \/>\n\t<meta property=\"og:image:type\" content=\"image\/jpeg\" \/>\n<meta name=\"twitter:card\" content=\"summary_large_image\" \/>\n<meta name=\"twitter:label1\" content=\"Dur\u00e9e de lecture estim\u00e9e\" \/>\n\t<meta name=\"twitter:data1\" content=\"1 minute\" \/>\n<script type=\"application\/ld+json\" class=\"yoast-schema-graph\">{\"@context\":\"https:\\\/\\\/schema.org\",\"@graph\":[{\"@type\":\"WebPage\",\"@id\":\"https:\\\/\\\/www.athena-cbh.com\\\/fr\\\/festive-days-athena-beach\\\/\",\"url\":\"https:\\\/\\\/www.athena-cbh.com\\\/fr\\\/festive-days-athena-beach\\\/\",\"name\":\"JOURS DE F\u00caTE - ATHENA BEACH (Constantinou Bros) \u00e0 Chypre | Athena Beach Hotel\",\"isPartOf\":{\"@id\":\"https:\\\/\\\/www.athena-cbh.com\\\/fr\\\/#website\"},\"primaryImageOfPage\":{\"@id\":\"https:\\\/\\\/www.athena-cbh.com\\\/fr\\\/festive-days-athena-beach\\\/#primaryimage\"},\"image\":{\"@id\":\"https:\\\/\\\/www.athena-cbh.com\\\/fr\\\/festive-days-athena-beach\\\/#primaryimage\"},\"thumbnailUrl\":\"https:\\\/\\\/www.athena-cbh.com\\\/app\\\/uploads\\\/sites\\\/20\\\/2022\\\/12\\\/015-scaled.jpg\",\"datePublished\":\"2022-12-09T11:11:09+00:00\",\"dateModified\":\"2024-12-23T09:20:51+00:00\",\"description\":\"L'Athena Beach Hotel by Constantinou Bros est un fabuleux h\u00f4tel de bord de mer \u00e0 Paphos qui vous offre la possibilit\u00e9 de passer des vacances actives \u00e0 Chypre.\",\"breadcrumb\":{\"@id\":\"https:\\\/\\\/www.athena-cbh.com\\\/fr\\\/festive-days-athena-beach\\\/#breadcrumb\"},\"inLanguage\":\"fr-FR\",\"potentialAction\":[{\"@type\":\"ReadAction\",\"target\":[\"https:\\\/\\\/www.athena-cbh.com\\\/fr\\\/festive-days-athena-beach\\\/\"]}]},{\"@type\":\"ImageObject\",\"inLanguage\":\"fr-FR\",\"@id\":\"https:\\\/\\\/www.athena-cbh.com\\\/fr\\\/festive-days-athena-beach\\\/#primaryimage\",\"url\":\"https:\\\/\\\/www.athena-cbh.com\\\/app\\\/uploads\\\/sites\\\/20\\\/2022\\\/12\\\/015-scaled.jpg\",\"contentUrl\":\"https:\\\/\\\/www.athena-cbh.com\\\/app\\\/uploads\\\/sites\\\/20\\\/2022\\\/12\\\/015-scaled.jpg\",\"width\":2560,\"height\":1707},{\"@type\":\"BreadcrumbList\",\"@id\":\"https:\\\/\\\/www.athena-cbh.com\\\/fr\\\/festive-days-athena-beach\\\/#breadcrumb\",\"itemListElement\":[{\"@type\":\"ListItem\",\"position\":1,\"name\":\"Home\",\"item\":\"https:\\\/\\\/www.athena-cbh.com\\\/fr\\\/\"},{\"@type\":\"ListItem\",\"position\":2,\"name\":\"Journ\u00e9es de f\u00eate 2024\"}]},{\"@type\":\"WebSite\",\"@id\":\"https:\\\/\\\/www.athena-cbh.com\\\/fr\\\/#website\",\"url\":\"https:\\\/\\\/www.athena-cbh.com\\\/fr\\\/\",\"name\":\"Athena Beach Hotel\",\"description\":\"Constantinou Bros Athena Beach Hotel, 4 star hotel in Paphos Cyprus\",\"potentialAction\":[{\"@type\":\"SearchAction\",\"target\":{\"@type\":\"EntryPoint\",\"urlTemplate\":\"https:\\\/\\\/www.athena-cbh.com\\\/fr\\\/?s={search_term_string}\"},\"query-input\":{\"@type\":\"PropertyValueSpecification\",\"valueRequired\":true,\"valueName\":\"search_term_string\"}}],\"inLanguage\":\"fr-FR\"}]}<\/script>\n<!-- \/ Yoast SEO plugin. -->","yoast_head_json":{"title":"JOURS DE F\u00caTE - ATHENA BEACH (Constantinou Bros) \u00e0 Chypre | Athena Beach Hotel","description":"L'Athena Beach Hotel by Constantinou Bros est un fabuleux h\u00f4tel de bord de mer \u00e0 Paphos qui vous offre la possibilit\u00e9 de passer des vacances actives \u00e0 Chypre.","robots":{"index":"index","follow":"follow","max-snippet":"max-snippet:-1","max-image-preview":"max-image-preview:large","max-video-preview":"max-video-preview:-1"},"canonical":"https:\/\/www.athena-cbh.com\/fr\/festive-days-athena-beach\/","og_locale":"fr_FR","og_type":"article","og_title":"JOURS DE F\u00caTE - ATHENA BEACH (Constantinou Bros) \u00e0 Chypre | Athena Beach Hotel","og_description":"L'Athena Beach Hotel by Constantinou Bros est un fabuleux h\u00f4tel de bord de mer \u00e0 Paphos qui vous offre la possibilit\u00e9 de passer des vacances actives \u00e0 Chypre.","og_url":"https:\/\/www.athena-cbh.com\/fr\/festive-days-athena-beach\/","og_site_name":"Athena Beach Hotel","article_modified_time":"2024-12-23T09:20:51+00:00","og_image":[{"width":2560,"height":1707,"url":"https:\/\/www.athena-cbh.com\/app\/uploads\/sites\/20\/2022\/12\/015-scaled.jpg","type":"image\/jpeg"}],"twitter_card":"summary_large_image","twitter_misc":{"Dur\u00e9e de lecture estim\u00e9e":"1 minute"},"schema":{"@context":"https:\/\/schema.org","@graph":[{"@type":"WebPage","@id":"https:\/\/www.athena-cbh.com\/fr\/festive-days-athena-beach\/","url":"https:\/\/www.athena-cbh.com\/fr\/festive-days-athena-beach\/","name":"JOURS DE F\u00caTE - ATHENA BEACH (Constantinou Bros) \u00e0 Chypre | Athena Beach Hotel","isPartOf":{"@id":"https:\/\/www.athena-cbh.com\/fr\/#website"},"primaryImageOfPage":{"@id":"https:\/\/www.athena-cbh.com\/fr\/festive-days-athena-beach\/#primaryimage"},"image":{"@id":"https:\/\/www.athena-cbh.com\/fr\/festive-days-athena-beach\/#primaryimage"},"thumbnailUrl":"https:\/\/www.athena-cbh.com\/app\/uploads\/sites\/20\/2022\/12\/015-scaled.jpg","datePublished":"2022-12-09T11:11:09+00:00","dateModified":"2024-12-23T09:20:51+00:00","description":"L'Athena Beach Hotel by Constantinou Bros est un fabuleux h\u00f4tel de bord de mer \u00e0 Paphos qui vous offre la possibilit\u00e9 de passer des vacances actives \u00e0 Chypre.","breadcrumb":{"@id":"https:\/\/www.athena-cbh.com\/fr\/festive-days-athena-beach\/#breadcrumb"},"inLanguage":"fr-FR","potentialAction":[{"@type":"ReadAction","target":["https:\/\/www.athena-cbh.com\/fr\/festive-days-athena-beach\/"]}]},{"@type":"ImageObject","inLanguage":"fr-FR","@id":"https:\/\/www.athena-cbh.com\/fr\/festive-days-athena-beach\/#primaryimage","url":"https:\/\/www.athena-cbh.com\/app\/uploads\/sites\/20\/2022\/12\/015-scaled.jpg","contentUrl":"https:\/\/www.athena-cbh.com\/app\/uploads\/sites\/20\/2022\/12\/015-scaled.jpg","width":2560,"height":1707},{"@type":"BreadcrumbList","@id":"https:\/\/www.athena-cbh.com\/fr\/festive-days-athena-beach\/#breadcrumb","itemListElement":[{"@type":"ListItem","position":1,"name":"Home","item":"https:\/\/www.athena-cbh.com\/fr\/"},{"@type":"ListItem","position":2,"name":"Journ\u00e9es de f\u00eate 2024"}]},{"@type":"WebSite","@id":"https:\/\/www.athena-cbh.com\/fr\/#website","url":"https:\/\/www.athena-cbh.com\/fr\/","name":"Athena Beach Hotel","description":"Constantinou Bros Athena Beach Hotel, 4 star hotel in Paphos Cyprus","potentialAction":[{"@type":"SearchAction","target":{"@type":"EntryPoint","urlTemplate":"https:\/\/www.athena-cbh.com\/fr\/?s={search_term_string}"},"query-input":{"@type":"PropertyValueSpecification","valueRequired":true,"valueName":"search_term_string"}}],"inLanguage":"fr-FR"}]}},"_links":{"self":[{"href":"https:\/\/www.athena-cbh.com\/fr\/wp-json\/wp\/v2\/pages\/14689","targetHints":{"allow":["GET"]}}],"collection":[{"href":"https:\/\/www.athena-cbh.com\/fr\/wp-json\/wp\/v2\/pages"}],"about":[{"href":"https:\/\/www.athena-cbh.com\/fr\/wp-json\/wp\/v2\/types\/page"}],"author":[{"embeddable":true,"href":"https:\/\/www.athena-cbh.com\/fr\/wp-json\/wp\/v2\/users\/367"}],"replies":[{"embeddable":true,"href":"https:\/\/www.athena-cbh.com\/fr\/wp-json\/wp\/v2\/comments?post=14689"}],"version-history":[{"count":19,"href":"https:\/\/www.athena-cbh.com\/fr\/wp-json\/wp\/v2\/pages\/14689\/revisions"}],"predecessor-version":[{"id":21569,"href":"https:\/\/www.athena-cbh.com\/fr\/wp-json\/wp\/v2\/pages\/14689\/revisions\/21569"}],"wp:featuredmedia":[{"embeddable":true,"href":"https:\/\/www.athena-cbh.com\/fr\/wp-json\/wp\/v2\/media\/14603"}],"wp:attachment":[{"href":"https:\/\/www.athena-cbh.com\/fr\/wp-json\/wp\/v2\/media?parent=14689"}],"curies":[{"name":"wp","href":"https:\/\/api.w.org\/{rel}","templated":true}]}}