{"id":12673,"date":"2022-07-04T09:46:15","date_gmt":"2022-07-04T06:46:15","guid":{"rendered":"https:\/\/www.athena-cbh.com\/golf-holidays\/"},"modified":"2024-09-16T18:54:23","modified_gmt":"2024-09-16T15:54:23","slug":"golf-holidays","status":"publish","type":"page","link":"https:\/\/www.athena-cbh.com\/fr\/activites-vacances\/golf-holidays\/","title":{"rendered":"Vacances de golf"},"content":{"rendered":"<p>Chacun des quatre terrains de golf se trouve \u00e0 proximit\u00e9 de tous les CONSTANTINOU BROS HOTELS. Bien que le golf \u00e0 Chypre soit encore relativement r\u00e9cent, le pays s&rsquo;av\u00e8re d\u00e9j\u00e0 \u00eatre une destination de premier plan. R\u00e9servez vos d\u00e9parts de golf directement \u00e0 l&rsquo;h\u00f4tel pour profiter de nos tarifs exclusifs pour les clients s\u00e9journant dans des chambres de classe Elite, ainsi que de nos r\u00e9ductions sp\u00e9ciales pour les r\u00e9sidents de l&rsquo;h\u00f4tel. Veuillez contacter notre Guest Services pour plus d&rsquo;informations. <strong>Minthis Hills<\/strong> Un parcours de golf magnifique et exigeant qui serpente le long d&rsquo;un monast\u00e8re du XIIe si\u00e8cle avec des vues \u00e0 couper le souffle sur les montagnes Troodos et au-del\u00e0, le golf \u00e0 Minthis est une exp\u00e9rience unique et pleine de caract\u00e8re. Con\u00e7u par le l\u00e9gendaire architecte de golf Donald Steel en 1994 et r\u00e9nov\u00e9 par les c\u00e9l\u00e8bres concepteurs de parcours Mackenzie &amp; Ebert, le parcours est situ\u00e9 \u00e0 env. 20 km de l&rsquo;h\u00f4tel. L&rsquo;<strong>Aphrodite Hills<\/strong> dispose d&rsquo;un magnifique parcours de golf de championnat, d&rsquo;un magnifique clubhouse et est entour\u00e9 d&rsquo;un paysage \u00e0 couper le souffle. Le parcours de golf prim\u00e9 a \u00e9t\u00e9 con\u00e7u par le c\u00e9l\u00e8bre architecte Cabell Robinson. L&rsquo;Aphrodite Hills Golf dispose en outre d&rsquo;une vaste zone d&rsquo;entra\u00eenement avec deux grands putting greens et une zone de jeu court. <strong>Secret Valley<\/strong> Le Secret Valley Golf Course est un parcours de golf tr\u00e8s prestigieux situ\u00e9 dans la r\u00e9gion renomm\u00e9e de Petra tou Romiou, lieu de naissance l\u00e9gendaire d&rsquo;Aphrodite, la d\u00e9esse de l&rsquo;amour. Comme son nom l&rsquo;indique, le parcours se fraye un chemin \u00e0 travers les magnifiques vall\u00e9es des montagnes environnantes et se trouve \u00e0 une distance facile \u00e0 parcourir en voiture de Paphos. Le terrain de golf est entour\u00e9 d&rsquo;une v\u00e9g\u00e9tation chypriote mature et de magnifiques formations rocheuses naturelles cr\u00e9ant une oasis de calme et de tranquillit\u00e9 avec des vues spectaculaires sur la mer M\u00e9diterran\u00e9e, le tout se combinant pour offrir aux clients une exp\u00e9rience de golf chypriote vraiment unique. <strong>Elea Golf<\/strong> Situ\u00e9 au c\u0153ur du prestigieux domaine prim\u00e9 d&rsquo;El\u00e9a \u00e0 Chypre, l&rsquo;El\u00e9a Golf Club propose un golf de classe mondiale dans un cadre magnifique. L&rsquo;El\u00e9a Estate Golf Club est situ\u00e9 pr\u00e8s de la ville de Paphos, dans le sud-ouest de Chypre, et est entour\u00e9 d&rsquo;un paysage m\u00e9diterran\u00e9en impressionnant. Le parcours de golf a \u00e9t\u00e9 cr\u00e9\u00e9 pour mettre au d\u00e9fi les golfeurs de tous niveaux, avec un trac\u00e9 difficile mais tr\u00e8s jouable, dans un \u00e9tat impeccable.<\/p>\n<table width=\"614\">\n<thead>\n<tr>\n<td><\/td>\n<td width=\"124\"><strong>Terrain de golf Aphrodite Hills<\/strong><\/td>\n<td width=\"113\"><strong>Vall\u00e9e secr\u00e8te <\/strong><\/td>\n<td width=\"113\"><strong>Minthis <\/strong><\/td>\n<td width=\"113\"><strong>Golf d&rsquo;El\u00e9a <\/strong><\/td>\n<\/tr>\n<tr>\n<td><strong>Trous :<\/strong><\/td>\n<td width=\"124\">18<\/td>\n<td width=\"113\">18<\/td>\n<td width=\"113\">18<\/td>\n<td width=\"113\">18<\/td>\n<\/tr>\n<\/thead>\n<tbody>\n<tr>\n<td><strong>Par :<\/strong><\/td>\n<td width=\"124\">71<\/td>\n<td width=\"113\">71<\/td>\n<td width=\"113\">72<\/td>\n<td width=\"113\">71<\/td>\n<\/tr>\n<tr>\n<td><strong>Longueur :<\/strong><\/td>\n<td width=\"124\">6289 m<\/td>\n<td width=\"113\">5989 m<\/td>\n<td width=\"113\">5879 m<\/td>\n<td width=\"113\">6194 m<\/td>\n<\/tr>\n<tr>\n<td><strong>Handicap hommes :<\/strong><\/td>\n<td width=\"124\">28<\/td>\n<td width=\"113\">28<\/td>\n<td width=\"113\">36<\/td>\n<td width=\"113\">28<\/td>\n<\/tr>\n<tr>\n<td><strong>Handicap pour les femmes :<\/strong><\/td>\n<td width=\"124\">36<\/td>\n<td width=\"113\">36<\/td>\n<td width=\"113\">36<\/td>\n<td width=\"113\">36<\/td>\n<\/tr>\n<tr>\n<td><strong>Distance des h\u00f4tels Constantinou Bros <\/strong><\/td>\n<td width=\"124\">Approx. 25 km<\/td>\n<td width=\"113\">Approx. 25 km<\/td>\n<td width=\"113\">Approx. 18 km<\/td>\n<td width=\"113\">Approx. 6 km<\/td>\n<\/tr>\n<\/tbody>\n<\/table>\n<p>&nbsp;<\/p>\n","protected":false},"excerpt":{"rendered":"<p>Chacun des quatre terrains de golf se trouve \u00e0 proximit\u00e9 de tous les CONSTANTINOU BROS HOTELS. Bien que le golf \u00e0 Chypre soit encore relativement r\u00e9cent, le pays s&rsquo;av\u00e8re d\u00e9j\u00e0 \u00eatre une destination de premier plan. R\u00e9servez vos d\u00e9parts de golf directement \u00e0 l&rsquo;h\u00f4tel pour profiter de nos tarifs exclusifs pour les clients s\u00e9journant dans<\/p>\n","protected":false},"author":100,"featured_media":11467,"parent":18534,"menu_order":0,"comment_status":"closed","ping_status":"closed","template":"","meta":{"_acf_changed":false,"footnotes":""},"class_list":["post-12673","page","type-page","status-publish","has-post-thumbnail","hentry"],"acf":[],"yoast_head":"<!-- This site is optimized with the Yoast SEO plugin v27.5 - https:\/\/yoast.com\/product\/yoast-seo-wordpress\/ -->\n<title>Vacances de golf - Athena Beach Hotel<\/title>\n<meta name=\"description\" content=\"L&#039;Athena Beach Hotel de Paphos propose des s\u00e9jours golfiques, ce qui permet aux clients de combiner leur passe-temps favori pendant leurs vacances.\" \/>\n<meta name=\"robots\" content=\"index, follow, max-snippet:-1, max-image-preview:large, max-video-preview:-1\" \/>\n<link rel=\"canonical\" href=\"https:\/\/www.athena-cbh.com\/fr\/activites-vacances\/golf-holidays\/\" \/>\n<meta property=\"og:locale\" content=\"fr_FR\" \/>\n<meta property=\"og:type\" content=\"article\" \/>\n<meta property=\"og:title\" content=\"Vacances de golf - Athena Beach Hotel\" \/>\n<meta property=\"og:description\" content=\"L&#039;Athena Beach Hotel de Paphos propose des s\u00e9jours golfiques, ce qui permet aux clients de combiner leur passe-temps favori pendant leurs vacances.\" \/>\n<meta property=\"og:url\" content=\"https:\/\/www.athena-cbh.com\/fr\/activites-vacances\/golf-holidays\/\" \/>\n<meta property=\"og:site_name\" content=\"Athena Beach Hotel\" \/>\n<meta property=\"article:modified_time\" content=\"2024-09-16T15:54:23+00:00\" \/>\n<meta property=\"og:image\" content=\"https:\/\/www.athena-cbh.com\/app\/uploads\/sites\/20\/2022\/07\/Minthis-new-greens-bunkers-scaled.jpg\" \/>\n\t<meta property=\"og:image:width\" content=\"2560\" \/>\n\t<meta property=\"og:image:height\" content=\"1482\" \/>\n\t<meta property=\"og:image:type\" content=\"image\/jpeg\" \/>\n<meta name=\"twitter:card\" content=\"summary_large_image\" \/>\n<meta name=\"twitter:label1\" content=\"Dur\u00e9e de lecture estim\u00e9e\" \/>\n\t<meta name=\"twitter:data1\" content=\"3 minutes\" \/>\n<script type=\"application\/ld+json\" class=\"yoast-schema-graph\">{\"@context\":\"https:\\\/\\\/schema.org\",\"@graph\":[{\"@type\":\"WebPage\",\"@id\":\"https:\\\/\\\/www.athena-cbh.com\\\/fr\\\/activites-vacances\\\/golf-holidays\\\/\",\"url\":\"https:\\\/\\\/www.athena-cbh.com\\\/fr\\\/activites-vacances\\\/golf-holidays\\\/\",\"name\":\"Vacances de golf - Athena Beach Hotel\",\"isPartOf\":{\"@id\":\"https:\\\/\\\/www.athena-cbh.com\\\/fr\\\/#website\"},\"primaryImageOfPage\":{\"@id\":\"https:\\\/\\\/www.athena-cbh.com\\\/fr\\\/activites-vacances\\\/golf-holidays\\\/#primaryimage\"},\"image\":{\"@id\":\"https:\\\/\\\/www.athena-cbh.com\\\/fr\\\/activites-vacances\\\/golf-holidays\\\/#primaryimage\"},\"thumbnailUrl\":\"https:\\\/\\\/www.athena-cbh.com\\\/app\\\/uploads\\\/sites\\\/20\\\/2022\\\/07\\\/Minthis-new-greens-bunkers-scaled.jpg\",\"datePublished\":\"2022-07-04T06:46:15+00:00\",\"dateModified\":\"2024-09-16T15:54:23+00:00\",\"description\":\"L'Athena Beach Hotel de Paphos propose des s\u00e9jours golfiques, ce qui permet aux clients de combiner leur passe-temps favori pendant leurs vacances.\",\"breadcrumb\":{\"@id\":\"https:\\\/\\\/www.athena-cbh.com\\\/fr\\\/activites-vacances\\\/golf-holidays\\\/#breadcrumb\"},\"inLanguage\":\"fr-FR\",\"potentialAction\":[{\"@type\":\"ReadAction\",\"target\":[\"https:\\\/\\\/www.athena-cbh.com\\\/fr\\\/activites-vacances\\\/golf-holidays\\\/\"]}]},{\"@type\":\"ImageObject\",\"inLanguage\":\"fr-FR\",\"@id\":\"https:\\\/\\\/www.athena-cbh.com\\\/fr\\\/activites-vacances\\\/golf-holidays\\\/#primaryimage\",\"url\":\"https:\\\/\\\/www.athena-cbh.com\\\/app\\\/uploads\\\/sites\\\/20\\\/2022\\\/07\\\/Minthis-new-greens-bunkers-scaled.jpg\",\"contentUrl\":\"https:\\\/\\\/www.athena-cbh.com\\\/app\\\/uploads\\\/sites\\\/20\\\/2022\\\/07\\\/Minthis-new-greens-bunkers-scaled.jpg\",\"width\":2560,\"height\":1482},{\"@type\":\"BreadcrumbList\",\"@id\":\"https:\\\/\\\/www.athena-cbh.com\\\/fr\\\/activites-vacances\\\/golf-holidays\\\/#breadcrumb\",\"itemListElement\":[{\"@type\":\"ListItem\",\"position\":1,\"name\":\"Home\",\"item\":\"https:\\\/\\\/www.athena-cbh.com\\\/fr\\\/\"},{\"@type\":\"ListItem\",\"position\":2,\"name\":\"Vacances actives\",\"item\":\"https:\\\/\\\/www.athena-cbh.com\\\/fr\\\/activites-vacances\\\/\"},{\"@type\":\"ListItem\",\"position\":3,\"name\":\"Vacances de golf\"}]},{\"@type\":\"WebSite\",\"@id\":\"https:\\\/\\\/www.athena-cbh.com\\\/fr\\\/#website\",\"url\":\"https:\\\/\\\/www.athena-cbh.com\\\/fr\\\/\",\"name\":\"Athena Beach Hotel\",\"description\":\"Constantinou Bros Athena Beach Hotel, 4 star hotel in Paphos Cyprus\",\"potentialAction\":[{\"@type\":\"SearchAction\",\"target\":{\"@type\":\"EntryPoint\",\"urlTemplate\":\"https:\\\/\\\/www.athena-cbh.com\\\/fr\\\/?s={search_term_string}\"},\"query-input\":{\"@type\":\"PropertyValueSpecification\",\"valueRequired\":true,\"valueName\":\"search_term_string\"}}],\"inLanguage\":\"fr-FR\"}]}<\/script>\n<!-- \/ Yoast SEO plugin. -->","yoast_head_json":{"title":"Vacances de golf - Athena Beach Hotel","description":"L'Athena Beach Hotel de Paphos propose des s\u00e9jours golfiques, ce qui permet aux clients de combiner leur passe-temps favori pendant leurs vacances.","robots":{"index":"index","follow":"follow","max-snippet":"max-snippet:-1","max-image-preview":"max-image-preview:large","max-video-preview":"max-video-preview:-1"},"canonical":"https:\/\/www.athena-cbh.com\/fr\/activites-vacances\/golf-holidays\/","og_locale":"fr_FR","og_type":"article","og_title":"Vacances de golf - Athena Beach Hotel","og_description":"L'Athena Beach Hotel de Paphos propose des s\u00e9jours golfiques, ce qui permet aux clients de combiner leur passe-temps favori pendant leurs vacances.","og_url":"https:\/\/www.athena-cbh.com\/fr\/activites-vacances\/golf-holidays\/","og_site_name":"Athena Beach Hotel","article_modified_time":"2024-09-16T15:54:23+00:00","og_image":[{"width":2560,"height":1482,"url":"https:\/\/www.athena-cbh.com\/app\/uploads\/sites\/20\/2022\/07\/Minthis-new-greens-bunkers-scaled.jpg","type":"image\/jpeg"}],"twitter_card":"summary_large_image","twitter_misc":{"Dur\u00e9e de lecture estim\u00e9e":"3 minutes"},"schema":{"@context":"https:\/\/schema.org","@graph":[{"@type":"WebPage","@id":"https:\/\/www.athena-cbh.com\/fr\/activites-vacances\/golf-holidays\/","url":"https:\/\/www.athena-cbh.com\/fr\/activites-vacances\/golf-holidays\/","name":"Vacances de golf - Athena Beach Hotel","isPartOf":{"@id":"https:\/\/www.athena-cbh.com\/fr\/#website"},"primaryImageOfPage":{"@id":"https:\/\/www.athena-cbh.com\/fr\/activites-vacances\/golf-holidays\/#primaryimage"},"image":{"@id":"https:\/\/www.athena-cbh.com\/fr\/activites-vacances\/golf-holidays\/#primaryimage"},"thumbnailUrl":"https:\/\/www.athena-cbh.com\/app\/uploads\/sites\/20\/2022\/07\/Minthis-new-greens-bunkers-scaled.jpg","datePublished":"2022-07-04T06:46:15+00:00","dateModified":"2024-09-16T15:54:23+00:00","description":"L'Athena Beach Hotel de Paphos propose des s\u00e9jours golfiques, ce qui permet aux clients de combiner leur passe-temps favori pendant leurs vacances.","breadcrumb":{"@id":"https:\/\/www.athena-cbh.com\/fr\/activites-vacances\/golf-holidays\/#breadcrumb"},"inLanguage":"fr-FR","potentialAction":[{"@type":"ReadAction","target":["https:\/\/www.athena-cbh.com\/fr\/activites-vacances\/golf-holidays\/"]}]},{"@type":"ImageObject","inLanguage":"fr-FR","@id":"https:\/\/www.athena-cbh.com\/fr\/activites-vacances\/golf-holidays\/#primaryimage","url":"https:\/\/www.athena-cbh.com\/app\/uploads\/sites\/20\/2022\/07\/Minthis-new-greens-bunkers-scaled.jpg","contentUrl":"https:\/\/www.athena-cbh.com\/app\/uploads\/sites\/20\/2022\/07\/Minthis-new-greens-bunkers-scaled.jpg","width":2560,"height":1482},{"@type":"BreadcrumbList","@id":"https:\/\/www.athena-cbh.com\/fr\/activites-vacances\/golf-holidays\/#breadcrumb","itemListElement":[{"@type":"ListItem","position":1,"name":"Home","item":"https:\/\/www.athena-cbh.com\/fr\/"},{"@type":"ListItem","position":2,"name":"Vacances actives","item":"https:\/\/www.athena-cbh.com\/fr\/activites-vacances\/"},{"@type":"ListItem","position":3,"name":"Vacances de golf"}]},{"@type":"WebSite","@id":"https:\/\/www.athena-cbh.com\/fr\/#website","url":"https:\/\/www.athena-cbh.com\/fr\/","name":"Athena Beach Hotel","description":"Constantinou Bros Athena Beach Hotel, 4 star hotel in Paphos Cyprus","potentialAction":[{"@type":"SearchAction","target":{"@type":"EntryPoint","urlTemplate":"https:\/\/www.athena-cbh.com\/fr\/?s={search_term_string}"},"query-input":{"@type":"PropertyValueSpecification","valueRequired":true,"valueName":"search_term_string"}}],"inLanguage":"fr-FR"}]}},"_links":{"self":[{"href":"https:\/\/www.athena-cbh.com\/fr\/wp-json\/wp\/v2\/pages\/12673","targetHints":{"allow":["GET"]}}],"collection":[{"href":"https:\/\/www.athena-cbh.com\/fr\/wp-json\/wp\/v2\/pages"}],"about":[{"href":"https:\/\/www.athena-cbh.com\/fr\/wp-json\/wp\/v2\/types\/page"}],"author":[{"embeddable":true,"href":"https:\/\/www.athena-cbh.com\/fr\/wp-json\/wp\/v2\/users\/100"}],"replies":[{"embeddable":true,"href":"https:\/\/www.athena-cbh.com\/fr\/wp-json\/wp\/v2\/comments?post=12673"}],"version-history":[{"count":6,"href":"https:\/\/www.athena-cbh.com\/fr\/wp-json\/wp\/v2\/pages\/12673\/revisions"}],"predecessor-version":[{"id":20559,"href":"https:\/\/www.athena-cbh.com\/fr\/wp-json\/wp\/v2\/pages\/12673\/revisions\/20559"}],"up":[{"embeddable":true,"href":"https:\/\/www.athena-cbh.com\/fr\/wp-json\/wp\/v2\/pages\/18534"}],"wp:featuredmedia":[{"embeddable":true,"href":"https:\/\/www.athena-cbh.com\/fr\/wp-json\/wp\/v2\/media\/11467"}],"wp:attachment":[{"href":"https:\/\/www.athena-cbh.com\/fr\/wp-json\/wp\/v2\/media?parent=12673"}],"curies":[{"name":"wp","href":"https:\/\/api.w.org\/{rel}","templated":true}]}}