{"id":10943,"date":"2022-03-22T12:18:52","date_gmt":"2022-03-22T09:18:52","guid":{"rendered":"https:\/\/www.athena-cbh.com\/rooms\/"},"modified":"2025-03-10T13:09:44","modified_gmt":"2025-03-10T10:09:44","slug":"rooms","status":"publish","type":"page","link":"https:\/\/www.athena-cbh.com\/fr\/rooms\/","title":{"rendered":"Chambres et suites"},"content":{"rendered":"<p>L&rsquo;Athena Beach Hotel propose <strong>520<\/strong> chambres et suites magnifiquement am\u00e9nag\u00e9es. Toutes les chambres et suites disposent d&rsquo;un balcon ou d&rsquo;une terrasse spacieuse offrant une vue sur la sereine mer M\u00e9diterran\u00e9e ou sur nos jardins color\u00e9s.<\/p>\n","protected":false},"excerpt":{"rendered":"<p>L&rsquo;Athena Beach Hotel propose 520 chambres et suites magnifiquement am\u00e9nag\u00e9es. Toutes les chambres et suites disposent d&rsquo;un balcon ou d&rsquo;une terrasse spacieuse offrant une vue sur la sereine mer M\u00e9diterran\u00e9e ou sur nos jardins color\u00e9s.<\/p>\n","protected":false},"author":2,"featured_media":10946,"parent":0,"menu_order":0,"comment_status":"closed","ping_status":"closed","template":"page-templates\/rooms.php","meta":{"_acf_changed":false,"footnotes":""},"class_list":["post-10943","page","type-page","status-publish","has-post-thumbnail","hentry"],"acf":[],"yoast_head":"<!-- This site is optimized with the Yoast SEO plugin v27.4 - https:\/\/yoast.com\/product\/yoast-seo-wordpress\/ -->\n<title>H\u00e9bergement \u00e0 Chypre sur la plage de Paphos || Athena Beach Hotel<\/title>\n<meta name=\"description\" content=\"\u00c0 l&#039;Athena Beach by Constantinou Bros Hotels, vous trouverez la meilleure s\u00e9lection d&#039;h\u00e9bergements chypriotes \u00e0 Paphos, le long de la plage, pour des vacances ensoleill\u00e9es.\" \/>\n<meta name=\"robots\" content=\"index, follow, max-snippet:-1, max-image-preview:large, max-video-preview:-1\" \/>\n<link rel=\"canonical\" href=\"https:\/\/www.athena-cbh.com\/fr\/rooms\/\" \/>\n<meta property=\"og:locale\" content=\"fr_FR\" \/>\n<meta property=\"og:type\" content=\"article\" \/>\n<meta property=\"og:title\" content=\"H\u00e9bergement \u00e0 Chypre sur la plage de Paphos || Athena Beach Hotel\" \/>\n<meta property=\"og:description\" content=\"\u00c0 l&#039;Athena Beach by Constantinou Bros Hotels, vous trouverez la meilleure s\u00e9lection d&#039;h\u00e9bergements chypriotes \u00e0 Paphos, le long de la plage, pour des vacances ensoleill\u00e9es.\" \/>\n<meta property=\"og:url\" content=\"https:\/\/www.athena-cbh.com\/fr\/rooms\/\" \/>\n<meta property=\"og:site_name\" content=\"Athena Beach Hotel\" \/>\n<meta property=\"article:modified_time\" content=\"2025-03-10T10:09:44+00:00\" \/>\n<meta property=\"og:image\" content=\"https:\/\/www.athena-cbh.com\/app\/uploads\/sites\/20\/2021\/08\/47-ATHENA-BEACH-HOTEL-SUPERIOR-DELUXE-ROOM-WITH-TERRACE-scaled.jpg\" \/>\n\t<meta property=\"og:image:width\" content=\"2560\" \/>\n\t<meta property=\"og:image:height\" content=\"1707\" \/>\n\t<meta property=\"og:image:type\" content=\"image\/jpeg\" \/>\n<meta name=\"twitter:card\" content=\"summary_large_image\" \/>\n<meta name=\"twitter:label1\" content=\"Dur\u00e9e de lecture estim\u00e9e\" \/>\n\t<meta name=\"twitter:data1\" content=\"1 minute\" \/>\n<script type=\"application\/ld+json\" class=\"yoast-schema-graph\">{\"@context\":\"https:\\\/\\\/schema.org\",\"@graph\":[{\"@type\":\"WebPage\",\"@id\":\"https:\\\/\\\/www.athena-cbh.com\\\/fr\\\/rooms\\\/\",\"url\":\"https:\\\/\\\/www.athena-cbh.com\\\/fr\\\/rooms\\\/\",\"name\":\"H\u00e9bergement \u00e0 Chypre sur la plage de Paphos || Athena Beach Hotel\",\"isPartOf\":{\"@id\":\"https:\\\/\\\/www.athena-cbh.com\\\/fr\\\/#website\"},\"primaryImageOfPage\":{\"@id\":\"https:\\\/\\\/www.athena-cbh.com\\\/fr\\\/rooms\\\/#primaryimage\"},\"image\":{\"@id\":\"https:\\\/\\\/www.athena-cbh.com\\\/fr\\\/rooms\\\/#primaryimage\"},\"thumbnailUrl\":\"https:\\\/\\\/www.athena-cbh.com\\\/app\\\/uploads\\\/sites\\\/20\\\/2021\\\/08\\\/47-ATHENA-BEACH-HOTEL-SUPERIOR-DELUXE-ROOM-WITH-TERRACE-scaled.jpg\",\"datePublished\":\"2022-03-22T09:18:52+00:00\",\"dateModified\":\"2025-03-10T10:09:44+00:00\",\"description\":\"\u00c0 l'Athena Beach by Constantinou Bros Hotels, vous trouverez la meilleure s\u00e9lection d'h\u00e9bergements chypriotes \u00e0 Paphos, le long de la plage, pour des vacances ensoleill\u00e9es.\",\"breadcrumb\":{\"@id\":\"https:\\\/\\\/www.athena-cbh.com\\\/fr\\\/rooms\\\/#breadcrumb\"},\"inLanguage\":\"fr-FR\",\"potentialAction\":[{\"@type\":\"ReadAction\",\"target\":[\"https:\\\/\\\/www.athena-cbh.com\\\/fr\\\/rooms\\\/\"]}]},{\"@type\":\"ImageObject\",\"inLanguage\":\"fr-FR\",\"@id\":\"https:\\\/\\\/www.athena-cbh.com\\\/fr\\\/rooms\\\/#primaryimage\",\"url\":\"https:\\\/\\\/www.athena-cbh.com\\\/app\\\/uploads\\\/sites\\\/20\\\/2021\\\/08\\\/47-ATHENA-BEACH-HOTEL-SUPERIOR-DELUXE-ROOM-WITH-TERRACE-scaled.jpg\",\"contentUrl\":\"https:\\\/\\\/www.athena-cbh.com\\\/app\\\/uploads\\\/sites\\\/20\\\/2021\\\/08\\\/47-ATHENA-BEACH-HOTEL-SUPERIOR-DELUXE-ROOM-WITH-TERRACE-scaled.jpg\",\"width\":2560,\"height\":1707},{\"@type\":\"BreadcrumbList\",\"@id\":\"https:\\\/\\\/www.athena-cbh.com\\\/fr\\\/rooms\\\/#breadcrumb\",\"itemListElement\":[{\"@type\":\"ListItem\",\"position\":1,\"name\":\"Home\",\"item\":\"https:\\\/\\\/www.athena-cbh.com\\\/fr\\\/\"},{\"@type\":\"ListItem\",\"position\":2,\"name\":\"Chambres et suites\"}]},{\"@type\":\"WebSite\",\"@id\":\"https:\\\/\\\/www.athena-cbh.com\\\/fr\\\/#website\",\"url\":\"https:\\\/\\\/www.athena-cbh.com\\\/fr\\\/\",\"name\":\"Athena Beach Hotel\",\"description\":\"Constantinou Bros Athena Beach Hotel, 4 star hotel in Paphos Cyprus\",\"potentialAction\":[{\"@type\":\"SearchAction\",\"target\":{\"@type\":\"EntryPoint\",\"urlTemplate\":\"https:\\\/\\\/www.athena-cbh.com\\\/fr\\\/?s={search_term_string}\"},\"query-input\":{\"@type\":\"PropertyValueSpecification\",\"valueRequired\":true,\"valueName\":\"search_term_string\"}}],\"inLanguage\":\"fr-FR\"}]}<\/script>\n<!-- \/ Yoast SEO plugin. -->","yoast_head_json":{"title":"H\u00e9bergement \u00e0 Chypre sur la plage de Paphos || Athena Beach Hotel","description":"\u00c0 l'Athena Beach by Constantinou Bros Hotels, vous trouverez la meilleure s\u00e9lection d'h\u00e9bergements chypriotes \u00e0 Paphos, le long de la plage, pour des vacances ensoleill\u00e9es.","robots":{"index":"index","follow":"follow","max-snippet":"max-snippet:-1","max-image-preview":"max-image-preview:large","max-video-preview":"max-video-preview:-1"},"canonical":"https:\/\/www.athena-cbh.com\/fr\/rooms\/","og_locale":"fr_FR","og_type":"article","og_title":"H\u00e9bergement \u00e0 Chypre sur la plage de Paphos || Athena Beach Hotel","og_description":"\u00c0 l'Athena Beach by Constantinou Bros Hotels, vous trouverez la meilleure s\u00e9lection d'h\u00e9bergements chypriotes \u00e0 Paphos, le long de la plage, pour des vacances ensoleill\u00e9es.","og_url":"https:\/\/www.athena-cbh.com\/fr\/rooms\/","og_site_name":"Athena Beach Hotel","article_modified_time":"2025-03-10T10:09:44+00:00","og_image":[{"width":2560,"height":1707,"url":"https:\/\/www.athena-cbh.com\/app\/uploads\/sites\/20\/2021\/08\/47-ATHENA-BEACH-HOTEL-SUPERIOR-DELUXE-ROOM-WITH-TERRACE-scaled.jpg","type":"image\/jpeg"}],"twitter_card":"summary_large_image","twitter_misc":{"Dur\u00e9e de lecture estim\u00e9e":"1 minute"},"schema":{"@context":"https:\/\/schema.org","@graph":[{"@type":"WebPage","@id":"https:\/\/www.athena-cbh.com\/fr\/rooms\/","url":"https:\/\/www.athena-cbh.com\/fr\/rooms\/","name":"H\u00e9bergement \u00e0 Chypre sur la plage de Paphos || Athena Beach Hotel","isPartOf":{"@id":"https:\/\/www.athena-cbh.com\/fr\/#website"},"primaryImageOfPage":{"@id":"https:\/\/www.athena-cbh.com\/fr\/rooms\/#primaryimage"},"image":{"@id":"https:\/\/www.athena-cbh.com\/fr\/rooms\/#primaryimage"},"thumbnailUrl":"https:\/\/www.athena-cbh.com\/app\/uploads\/sites\/20\/2021\/08\/47-ATHENA-BEACH-HOTEL-SUPERIOR-DELUXE-ROOM-WITH-TERRACE-scaled.jpg","datePublished":"2022-03-22T09:18:52+00:00","dateModified":"2025-03-10T10:09:44+00:00","description":"\u00c0 l'Athena Beach by Constantinou Bros Hotels, vous trouverez la meilleure s\u00e9lection d'h\u00e9bergements chypriotes \u00e0 Paphos, le long de la plage, pour des vacances ensoleill\u00e9es.","breadcrumb":{"@id":"https:\/\/www.athena-cbh.com\/fr\/rooms\/#breadcrumb"},"inLanguage":"fr-FR","potentialAction":[{"@type":"ReadAction","target":["https:\/\/www.athena-cbh.com\/fr\/rooms\/"]}]},{"@type":"ImageObject","inLanguage":"fr-FR","@id":"https:\/\/www.athena-cbh.com\/fr\/rooms\/#primaryimage","url":"https:\/\/www.athena-cbh.com\/app\/uploads\/sites\/20\/2021\/08\/47-ATHENA-BEACH-HOTEL-SUPERIOR-DELUXE-ROOM-WITH-TERRACE-scaled.jpg","contentUrl":"https:\/\/www.athena-cbh.com\/app\/uploads\/sites\/20\/2021\/08\/47-ATHENA-BEACH-HOTEL-SUPERIOR-DELUXE-ROOM-WITH-TERRACE-scaled.jpg","width":2560,"height":1707},{"@type":"BreadcrumbList","@id":"https:\/\/www.athena-cbh.com\/fr\/rooms\/#breadcrumb","itemListElement":[{"@type":"ListItem","position":1,"name":"Home","item":"https:\/\/www.athena-cbh.com\/fr\/"},{"@type":"ListItem","position":2,"name":"Chambres et suites"}]},{"@type":"WebSite","@id":"https:\/\/www.athena-cbh.com\/fr\/#website","url":"https:\/\/www.athena-cbh.com\/fr\/","name":"Athena Beach Hotel","description":"Constantinou Bros Athena Beach Hotel, 4 star hotel in Paphos Cyprus","potentialAction":[{"@type":"SearchAction","target":{"@type":"EntryPoint","urlTemplate":"https:\/\/www.athena-cbh.com\/fr\/?s={search_term_string}"},"query-input":{"@type":"PropertyValueSpecification","valueRequired":true,"valueName":"search_term_string"}}],"inLanguage":"fr-FR"}]}},"_links":{"self":[{"href":"https:\/\/www.athena-cbh.com\/fr\/wp-json\/wp\/v2\/pages\/10943","targetHints":{"allow":["GET"]}}],"collection":[{"href":"https:\/\/www.athena-cbh.com\/fr\/wp-json\/wp\/v2\/pages"}],"about":[{"href":"https:\/\/www.athena-cbh.com\/fr\/wp-json\/wp\/v2\/types\/page"}],"author":[{"embeddable":true,"href":"https:\/\/www.athena-cbh.com\/fr\/wp-json\/wp\/v2\/users\/2"}],"replies":[{"embeddable":true,"href":"https:\/\/www.athena-cbh.com\/fr\/wp-json\/wp\/v2\/comments?post=10943"}],"version-history":[{"count":4,"href":"https:\/\/www.athena-cbh.com\/fr\/wp-json\/wp\/v2\/pages\/10943\/revisions"}],"predecessor-version":[{"id":21876,"href":"https:\/\/www.athena-cbh.com\/fr\/wp-json\/wp\/v2\/pages\/10943\/revisions\/21876"}],"wp:featuredmedia":[{"embeddable":true,"href":"https:\/\/www.athena-cbh.com\/fr\/wp-json\/wp\/v2\/media\/10946"}],"wp:attachment":[{"href":"https:\/\/www.athena-cbh.com\/fr\/wp-json\/wp\/v2\/media?parent=10943"}],"curies":[{"name":"wp","href":"https:\/\/api.w.org\/{rel}","templated":true}]}}